{"id":38076,"date":"2024-03-08T16:42:40","date_gmt":"2024-03-08T16:42:40","guid":{"rendered":"https:\/\/www.benchmarkemail.com\/es\/?page_id=38076"},"modified":"2026-01-29T09:57:52","modified_gmt":"2026-01-29T09:57:52","slug":"smart-design","status":"publish","type":"page","link":"https:\/\/www.benchmarkemail.com\/es\/features\/smart-design\/","title":{"rendered":"Smart Design"},"content":{"rendered":"\n<h1>\n\t\t\tDise\u00f1a tu email sin esfuerzo gracias a la IA\t<\/h1>\n<h2>\n\t\t\tSmart Design es tu atajo para desarrollar campa\u00f1as de email personalizadas y con tu marca. Reg\u00edstrate gratis para generar tu email.\t<\/h2>\n\t\t\t<a href=\"https:\/\/app.benchmarkemail.io\/register?language=es\"  target=\"_self\">\n\t\t\t\t\t\t\tCREA TU PRIMER EMAIL\n\t\t\t\t\t<\/a>\n<figure itemscope itemtype=\"https:\/\/schema.org\/ImageObject\">\n\t\t\t\t<img decoding=\"async\" src=\"https:\/\/www.benchmarkemail.com\/wp-content\/uploads\/2024\/02\/Hero-Image.png\" alt=\"como hacer un mailing paso a paso\" title=\"como hacer un mailing paso a paso\" onerror=\"this.style.display='none'\" loading=\"lazy\" \/>\n\t<\/figure>\n<figure itemscope itemtype=\"https:\/\/schema.org\/ImageObject\">\n\t\t\t\t<img decoding=\"async\" src=\"https:\/\/www.benchmarkemail.com\/wp-content\/uploads\/2024\/02\/Email-Creation-Easy.png\" alt=\"Email-Creation-Easy\" height=\"1010\" width=\"1118\" title=\"Email-Creation-Easy\" onerror=\"this.style.display='none'\" loading=\"lazy\" \/>\n\t<\/figure>\n<h2>\n\t\t\tLa creaci\u00f3n de emails ahora es m\u00e1s f\u00e1cil.\t<\/h2>\n<h2>\n\t\t\tTanto si eres un experimentado email marketer como si eres nuevo en el mundo de las campa\u00f1as de email, Smart Design te permite crear emails de calidad profesional sin esfuerzo.\t<\/h2>\n\t\t\t<a href=\"https:\/\/app.benchmarkemail.io\/register?language=es\"  target=\"_self\">\n\t\t\t\t\t\t\tCREA TU PRIMER EMAIL\n\t\t\t\t\t<\/a>\n<h2>\n\t\t\tEmails dise\u00f1ados para alcanzar tus objetivos.\t<\/h2>\n<h2>\n\t\t\tDa la bienvenida a nuevos suscriptores, env\u00eda actualizaciones rutinarias o muestra tus \u00faltimos productos con facilidad. Selecciona tu objetivo y deja que Smart Design haga el resto.\t<\/h2>\n\t\t\t<a href=\"https:\/\/app.benchmarkemail.io\/register?language=es\"  target=\"_self\">\n\t\t\t\t\t\t\tCREA TU PRIMER EMAIL\n\t\t\t\t\t<\/a>\n<figure itemscope itemtype=\"https:\/\/schema.org\/ImageObject\">\n\t\t\t\t<img decoding=\"async\" src=\"https:\/\/www.benchmarkemail.com\/wp-content\/uploads\/2024\/02\/Email-Designed-To-Reach-Goals.png\" alt=\"Email-Designed-To-Reach-Goals\" height=\"971\" width=\"648\" title=\"Email-Designed-To-Reach-Goals\" onerror=\"this.style.display='none'\" loading=\"lazy\" \/>\n\t<\/figure>\n<figure itemscope itemtype=\"https:\/\/schema.org\/ImageObject\">\n\t\t\t\t<img decoding=\"async\" src=\"https:\/\/www.benchmarkemail.com\/wp-content\/uploads\/2024\/02\/Your-Brand-Your-Way.png\" alt=\"Your-Brand-Your-Way\" height=\"884\" width=\"1216\" title=\"Your-Brand-Your-Way\" onerror=\"this.style.display='none'\" loading=\"lazy\" \/>\n\t<\/figure>\n<h2>\n\t\t\tTu marca, a tu manera.\t<\/h2>\n\t<p>Se acabaron las plantillas predise\u00f1adas. Smart Design <a href=\"https:\/\/www.benchmarkemail.com\/es\/features\/brand-kit\/\">+ Kit de marca <\/a>extrae tu logo, colores de marca e im\u00e1genes de tu p\u00e1gina web para crear tus emails. Deja una impresi\u00f3n duradera con un dise\u00f1o profesional adaptado a tu marca.<\/p>\n\t\t\t<a href=\"https:\/\/app.benchmarkemail.io\/register?language=es\"  target=\"_self\">\n\t\t\t\t\t\t\tCREA TU PRIMER EMAIL\n\t\t\t\t\t<\/a>\n<h2>\n\t\t\tEmails que se escriben solos.\t<\/h2>\n<h2>\n\t\t\tCrear el copy de un email nunca ha sido tan sencillo. Smart Design te proporciona contenido de email personalizado que se alinea con tu negocio e impulsa la acci\u00f3n.\t<\/h2>\n\t\t\t<a href=\"https:\/\/app.benchmarkemail.io\/register?language=es\"  target=\"_self\">\n\t\t\t\t\t\t\tCREA TU PRIMER EMAIL\n\t\t\t\t\t<\/a>\n<figure itemscope itemtype=\"https:\/\/schema.org\/ImageObject\">\n\t\t\t\t<img decoding=\"async\" src=\"https:\/\/www.benchmarkemail.com\/wp-content\/uploads\/2024\/02\/Emails-That-Write-Themselves.png\" alt=\"Emails-That-Write-Themselves\" height=\"825\" width=\"1072\" title=\"Emails-That-Write-Themselves\" onerror=\"this.style.display='none'\" loading=\"lazy\" \/>\n\t<\/figure>\n<figure itemscope itemtype=\"https:\/\/schema.org\/ImageObject\">\n\t\t\t\t<img decoding=\"async\" src=\"https:\/\/www.benchmarkemail.com\/wp-content\/uploads\/2024\/02\/Sparkles-AI.svg\" alt=\"Sparkles-AI\" height=\"42\" width=\"43\" title=\"Sparkles-AI\" onerror=\"this.style.display='none'\" loading=\"lazy\" \/>\n\t<\/figure>\n<h2>\n\t\t\tTrabaja mejor, no m\u00e1s\t<\/h2>\n\t<p>Reg\u00edstrate para obtener una cuenta gratuita y crear tu primer email con Smart Design.<\/p>\n\t\t\t<a href=\"https:\/\/app.benchmarkemail.io\/register?language=es\"  target=\"_self\">\n\t\t\t\t\t\t\tCREA TU PRIMER EMAIL\n\t\t\t\t\t<\/a>\n\n","protected":false},"excerpt":{"rendered":"<p>Dise\u00f1a tu email sin esfuerzo gracias a la IA Smart Design es tu atajo para desarrollar campa\u00f1as de email personalizadas y con tu marca. Reg\u00edstrate gratis para generar tu email. CREA TU PRIMER EMAIL La creaci\u00f3n de emails ahora es m\u00e1s f\u00e1cil. Tanto si eres un experimentado email marketer como si eres nuevo en el&hellip;<\/p>\n","protected":false},"author":7,"featured_media":0,"parent":48485,"menu_order":0,"comment_status":"closed","ping_status":"closed","template":"","meta":{"inline_featured_image":false,"footnotes":""},"class_list":["post-38076","page","type-page","status-publish","hentry"],"yoast_head":"<!-- This site is optimized with the Yoast SEO plugin v27.5 - https:\/\/yoast.com\/product\/yoast-seo-wordpress\/ -->\n<title>Smart Design: IA para dise\u00f1ar tus emails<\/title>\n<meta name=\"description\" content=\"Dise\u00f1a plantillas adaptadas a tu marca en segundos con la IA para email marketing de Benchmark Email. \u00a1Ahorra tiempo y destaca tu identidad visual! \ud83c\udfa8\u2728\" \/>\n<meta name=\"robots\" content=\"index, follow, max-snippet:-1, max-image-preview:large, max-video-preview:-1\" \/>\n<link rel=\"canonical\" href=\"https:\/\/www.benchmarkemail.com\/es\/features\/smart-design\/\" \/>\n<meta property=\"og:locale\" content=\"en_US\" \/>\n<meta property=\"og:type\" content=\"article\" \/>\n<meta property=\"og:title\" content=\"Smart Design: IA para dise\u00f1ar tus emails\" \/>\n<meta property=\"og:description\" content=\"Dise\u00f1a plantillas adaptadas a tu marca en segundos con la IA para email marketing de Benchmark Email. \u00a1Ahorra tiempo y destaca tu identidad visual! \ud83c\udfa8\u2728\" \/>\n<meta property=\"og:url\" content=\"https:\/\/www.benchmarkemail.com\/es\/features\/smart-design\/\" \/>\n<meta property=\"og:site_name\" content=\"Benchmark Email - Herramienta de Email Marketing\" \/>\n<meta property=\"article:publisher\" content=\"https:\/\/www.facebook.com\/benchmarkemailes\" \/>\n<meta property=\"article:modified_time\" content=\"2026-01-29T09:57:52+00:00\" \/>\n<meta property=\"og:image\" content=\"https:\/\/www.benchmarkemail.com\/wp-content\/uploads\/2024\/02\/Hero-Image.png\" \/>\n<meta name=\"twitter:card\" content=\"summary_large_image\" \/>\n<meta name=\"twitter:site\" content=\"@benchmarkesp\" \/>\n<meta name=\"twitter:label1\" content=\"Est. reading time\" \/>\n\t<meta name=\"twitter:data1\" content=\"3 minutes\" \/>\n<script type=\"application\/ld+json\" class=\"yoast-schema-graph\">{\"@context\":\"https:\\\/\\\/schema.org\",\"@graph\":[{\"@type\":\"WebPage\",\"@id\":\"https:\\\/\\\/www.benchmarkemail.com\\\/es\\\/features\\\/smart-design\\\/\",\"url\":\"https:\\\/\\\/www.benchmarkemail.com\\\/es\\\/features\\\/smart-design\\\/\",\"name\":\"Smart Design: IA para dise\u00f1ar tus emails\",\"isPartOf\":{\"@id\":\"https:\\\/\\\/www.benchmarkemail.com\\\/es\\\/#website\"},\"primaryImageOfPage\":{\"@id\":\"https:\\\/\\\/www.benchmarkemail.com\\\/es\\\/features\\\/smart-design\\\/#primaryimage\"},\"image\":{\"@id\":\"https:\\\/\\\/www.benchmarkemail.com\\\/es\\\/features\\\/smart-design\\\/#primaryimage\"},\"thumbnailUrl\":\"https:\\\/\\\/www.benchmarkemail.com\\\/wp-content\\\/uploads\\\/2024\\\/02\\\/Hero-Image.png\",\"datePublished\":\"2024-03-08T16:42:40+00:00\",\"dateModified\":\"2026-01-29T09:57:52+00:00\",\"description\":\"Dise\u00f1a plantillas adaptadas a tu marca en segundos con la IA para email marketing de Benchmark Email. \u00a1Ahorra tiempo y destaca tu identidad visual! \ud83c\udfa8\u2728\",\"breadcrumb\":{\"@id\":\"https:\\\/\\\/www.benchmarkemail.com\\\/es\\\/features\\\/smart-design\\\/#breadcrumb\"},\"inLanguage\":\"en-US\",\"potentialAction\":[{\"@type\":\"ReadAction\",\"target\":[\"https:\\\/\\\/www.benchmarkemail.com\\\/es\\\/features\\\/smart-design\\\/\"]}]},{\"@type\":\"ImageObject\",\"inLanguage\":\"en-US\",\"@id\":\"https:\\\/\\\/www.benchmarkemail.com\\\/es\\\/features\\\/smart-design\\\/#primaryimage\",\"url\":\"https:\\\/\\\/www.benchmarkemail.com\\\/wp-content\\\/uploads\\\/2024\\\/02\\\/Hero-Image.png\",\"contentUrl\":\"https:\\\/\\\/www.benchmarkemail.com\\\/wp-content\\\/uploads\\\/2024\\\/02\\\/Hero-Image.png\"},{\"@type\":\"BreadcrumbList\",\"@id\":\"https:\\\/\\\/www.benchmarkemail.com\\\/es\\\/features\\\/smart-design\\\/#breadcrumb\",\"itemListElement\":[{\"@type\":\"ListItem\",\"position\":1,\"name\":\"Home\",\"item\":\"https:\\\/\\\/www.benchmarkemail.com\\\/es\\\/\"},{\"@type\":\"ListItem\",\"position\":2,\"name\":\"Features\",\"item\":\"https:\\\/\\\/www.benchmarkemail.com\\\/es\\\/features\\\/\"},{\"@type\":\"ListItem\",\"position\":3,\"name\":\"Smart Design\"}]},{\"@type\":\"WebSite\",\"@id\":\"https:\\\/\\\/www.benchmarkemail.com\\\/es\\\/#website\",\"url\":\"https:\\\/\\\/www.benchmarkemail.com\\\/es\\\/\",\"name\":\"Benchmark Email - Herramienta de Email Marketing\",\"description\":\"Dise\u00f1a, env\u00eda, mide y optimiza tus campa\u00f1as de email y comun\u00edcate con tus clientes a trav\u00e9s del correo electr\u00f3nico.\",\"publisher\":{\"@id\":\"https:\\\/\\\/www.benchmarkemail.com\\\/es\\\/#organization\"},\"potentialAction\":[{\"@type\":\"SearchAction\",\"target\":{\"@type\":\"EntryPoint\",\"urlTemplate\":\"https:\\\/\\\/www.benchmarkemail.com\\\/es\\\/?s={search_term_string}\"},\"query-input\":{\"@type\":\"PropertyValueSpecification\",\"valueRequired\":true,\"valueName\":\"search_term_string\"}}],\"inLanguage\":\"en-US\"},{\"@type\":\"Organization\",\"@id\":\"https:\\\/\\\/www.benchmarkemail.com\\\/es\\\/#organization\",\"name\":\"Benchmark Email\",\"url\":\"https:\\\/\\\/www.benchmarkemail.com\\\/es\\\/\",\"logo\":{\"@type\":\"ImageObject\",\"inLanguage\":\"en-US\",\"@id\":\"https:\\\/\\\/www.benchmarkemail.com\\\/es\\\/#\\\/schema\\\/logo\\\/image\\\/\",\"url\":\"https:\\\/\\\/www.benchmarkemail.com\\\/es\\\/wp-content\\\/uploads\\\/sites\\\/4\\\/2019\\\/09\\\/benchmark-logo.svg\",\"contentUrl\":\"https:\\\/\\\/www.benchmarkemail.com\\\/es\\\/wp-content\\\/uploads\\\/sites\\\/4\\\/2019\\\/09\\\/benchmark-logo.svg\",\"width\":1,\"height\":1,\"caption\":\"Benchmark Email\"},\"image\":{\"@id\":\"https:\\\/\\\/www.benchmarkemail.com\\\/es\\\/#\\\/schema\\\/logo\\\/image\\\/\"},\"sameAs\":[\"https:\\\/\\\/www.facebook.com\\\/benchmarkemailes\",\"https:\\\/\\\/x.com\\\/benchmarkesp\",\"https:\\\/\\\/twitter.com\\\/benchmarkesp\",\"https:\\\/\\\/www.youtube.com\\\/user\\\/BenchmarkEmailESP\",\"https:\\\/\\\/www.tiktok.com\\\/@benchmarkespanol\"]}]}<\/script>\n<!-- \/ Yoast SEO plugin. -->","yoast_head_json":{"title":"Smart Design: IA para dise\u00f1ar tus emails","description":"Dise\u00f1a plantillas adaptadas a tu marca en segundos con la IA para email marketing de Benchmark Email. \u00a1Ahorra tiempo y destaca tu identidad visual! \ud83c\udfa8\u2728","robots":{"index":"index","follow":"follow","max-snippet":"max-snippet:-1","max-image-preview":"max-image-preview:large","max-video-preview":"max-video-preview:-1"},"canonical":"https:\/\/www.benchmarkemail.com\/es\/features\/smart-design\/","og_locale":"en_US","og_type":"article","og_title":"Smart Design: IA para dise\u00f1ar tus emails","og_description":"Dise\u00f1a plantillas adaptadas a tu marca en segundos con la IA para email marketing de Benchmark Email. \u00a1Ahorra tiempo y destaca tu identidad visual! \ud83c\udfa8\u2728","og_url":"https:\/\/www.benchmarkemail.com\/es\/features\/smart-design\/","og_site_name":"Benchmark Email - Herramienta de Email Marketing","article_publisher":"https:\/\/www.facebook.com\/benchmarkemailes","article_modified_time":"2026-01-29T09:57:52+00:00","og_image":[{"url":"https:\/\/www.benchmarkemail.com\/wp-content\/uploads\/2024\/02\/Hero-Image.png","type":"","width":"","height":""}],"twitter_card":"summary_large_image","twitter_site":"@benchmarkesp","twitter_misc":{"Est. reading time":"3 minutes"},"schema":{"@context":"https:\/\/schema.org","@graph":[{"@type":"WebPage","@id":"https:\/\/www.benchmarkemail.com\/es\/features\/smart-design\/","url":"https:\/\/www.benchmarkemail.com\/es\/features\/smart-design\/","name":"Smart Design: IA para dise\u00f1ar tus emails","isPartOf":{"@id":"https:\/\/www.benchmarkemail.com\/es\/#website"},"primaryImageOfPage":{"@id":"https:\/\/www.benchmarkemail.com\/es\/features\/smart-design\/#primaryimage"},"image":{"@id":"https:\/\/www.benchmarkemail.com\/es\/features\/smart-design\/#primaryimage"},"thumbnailUrl":"https:\/\/www.benchmarkemail.com\/wp-content\/uploads\/2024\/02\/Hero-Image.png","datePublished":"2024-03-08T16:42:40+00:00","dateModified":"2026-01-29T09:57:52+00:00","description":"Dise\u00f1a plantillas adaptadas a tu marca en segundos con la IA para email marketing de Benchmark Email. \u00a1Ahorra tiempo y destaca tu identidad visual! \ud83c\udfa8\u2728","breadcrumb":{"@id":"https:\/\/www.benchmarkemail.com\/es\/features\/smart-design\/#breadcrumb"},"inLanguage":"en-US","potentialAction":[{"@type":"ReadAction","target":["https:\/\/www.benchmarkemail.com\/es\/features\/smart-design\/"]}]},{"@type":"ImageObject","inLanguage":"en-US","@id":"https:\/\/www.benchmarkemail.com\/es\/features\/smart-design\/#primaryimage","url":"https:\/\/www.benchmarkemail.com\/wp-content\/uploads\/2024\/02\/Hero-Image.png","contentUrl":"https:\/\/www.benchmarkemail.com\/wp-content\/uploads\/2024\/02\/Hero-Image.png"},{"@type":"BreadcrumbList","@id":"https:\/\/www.benchmarkemail.com\/es\/features\/smart-design\/#breadcrumb","itemListElement":[{"@type":"ListItem","position":1,"name":"Home","item":"https:\/\/www.benchmarkemail.com\/es\/"},{"@type":"ListItem","position":2,"name":"Features","item":"https:\/\/www.benchmarkemail.com\/es\/features\/"},{"@type":"ListItem","position":3,"name":"Smart Design"}]},{"@type":"WebSite","@id":"https:\/\/www.benchmarkemail.com\/es\/#website","url":"https:\/\/www.benchmarkemail.com\/es\/","name":"Benchmark Email - Herramienta de Email Marketing","description":"Dise\u00f1a, env\u00eda, mide y optimiza tus campa\u00f1as de email y comun\u00edcate con tus clientes a trav\u00e9s del correo electr\u00f3nico.","publisher":{"@id":"https:\/\/www.benchmarkemail.com\/es\/#organization"},"potentialAction":[{"@type":"SearchAction","target":{"@type":"EntryPoint","urlTemplate":"https:\/\/www.benchmarkemail.com\/es\/?s={search_term_string}"},"query-input":{"@type":"PropertyValueSpecification","valueRequired":true,"valueName":"search_term_string"}}],"inLanguage":"en-US"},{"@type":"Organization","@id":"https:\/\/www.benchmarkemail.com\/es\/#organization","name":"Benchmark Email","url":"https:\/\/www.benchmarkemail.com\/es\/","logo":{"@type":"ImageObject","inLanguage":"en-US","@id":"https:\/\/www.benchmarkemail.com\/es\/#\/schema\/logo\/image\/","url":"https:\/\/www.benchmarkemail.com\/es\/wp-content\/uploads\/sites\/4\/2019\/09\/benchmark-logo.svg","contentUrl":"https:\/\/www.benchmarkemail.com\/es\/wp-content\/uploads\/sites\/4\/2019\/09\/benchmark-logo.svg","width":1,"height":1,"caption":"Benchmark Email"},"image":{"@id":"https:\/\/www.benchmarkemail.com\/es\/#\/schema\/logo\/image\/"},"sameAs":["https:\/\/www.facebook.com\/benchmarkemailes","https:\/\/x.com\/benchmarkesp","https:\/\/twitter.com\/benchmarkesp","https:\/\/www.youtube.com\/user\/BenchmarkEmailESP","https:\/\/www.tiktok.com\/@benchmarkespanol"]}]}},"_links":{"self":[{"href":"https:\/\/www.benchmarkemail.com\/es\/wp-json\/wp\/v2\/pages\/38076","targetHints":{"allow":["GET"]}}],"collection":[{"href":"https:\/\/www.benchmarkemail.com\/es\/wp-json\/wp\/v2\/pages"}],"about":[{"href":"https:\/\/www.benchmarkemail.com\/es\/wp-json\/wp\/v2\/types\/page"}],"author":[{"embeddable":true,"href":"https:\/\/www.benchmarkemail.com\/es\/wp-json\/wp\/v2\/users\/7"}],"replies":[{"embeddable":true,"href":"https:\/\/www.benchmarkemail.com\/es\/wp-json\/wp\/v2\/comments?post=38076"}],"version-history":[{"count":0,"href":"https:\/\/www.benchmarkemail.com\/es\/wp-json\/wp\/v2\/pages\/38076\/revisions"}],"up":[{"embeddable":true,"href":"https:\/\/www.benchmarkemail.com\/es\/wp-json\/wp\/v2\/pages\/48485"}],"wp:attachment":[{"href":"https:\/\/www.benchmarkemail.com\/es\/wp-json\/wp\/v2\/media?parent=38076"}],"curies":[{"name":"wp","href":"https:\/\/api.w.org\/{rel}","templated":true}]}}