{"id":38305,"date":"2024-04-01T14:29:40","date_gmt":"2024-04-01T14:29:40","guid":{"rendered":"https:\/\/www.benchmarkemail.com\/es\/?page_id=38305"},"modified":"2026-02-06T15:51:31","modified_gmt":"2026-02-06T15:51:31","slug":"free-email-verification-latam","status":"publish","type":"page","link":"https:\/\/www.benchmarkemail.com\/es\/free-email-verification-latam\/","title":{"rendered":"Free Email List Verification"},"content":{"rendered":"\n<h1>\n\t\t\tElimina gratis las direcciones peligrosas que puedes tener en tus listas\t<\/h1>\n<h2>\n\t\t\tVerificaci\u00f3n gratuita de tus listas de suscriptores al recomendar Benchmark Email\t<\/h2>\n\t<strong>\u00a1DATE PRISA! ACABA EL 30 DE ABRIL<br \/>\n<\/strong>\n<figure itemscope itemtype=\"https:\/\/schema.org\/ImageObject\">\n\t\t\t\t<img decoding=\"async\" src=\"https:\/\/www.benchmarkemail.com\/wp-content\/uploads\/2024\/03\/Group-46.png\" alt=\"benchmark email verification promo\" height=\"960\" width=\"902\" title=\"benchmark email verification promo\" onerror=\"this.style.display='none'\" loading=\"lazy\" \/>\n\t<\/figure>\n<h1>\n\t\t\tSigue estos 3 pasos \t<\/h1>\n<h5>\n\t\t\t1. Copia el texto para compartirlo en tu red social favorita:\t<\/h5>\n\t<p>Estoy utilizando @BenchmarkEmail para crecer con email marketing. Empieza gratis <a href=\"https:\/\/www.benchmarkemail.com\/\">https:\/\/www.benchmarkemail.com\/es\/<\/a>\u00a0\u00a0<\/p>\n<h5>\n\t\t\t2. Comp\u00e1rtelo en tu red social favorita haciendo clic en el icono:\t<\/h5>\n<h5>\n\t\t\t3. Comparte tu publicaci\u00f3n con nosotros para obtener tu oferta: \t<\/h5>\n\t<style>\n   form input,form textarea{\n        margin-top:30px;\n    }\n    form button{\n    background:#3C247F !important;\n    color: #fff;\n    border: 1px solid #3C247F !important;\n    padding-top: 9px;\n    padding-right: 23px;\n    padding-bottom: 9px;\n    padding-left: 23px;\n    text-decoration: none;\n    border-radius:30px !important;\n    }\n<\/style>\n<form action=\"https:\/\/app.hatchbuck.com\/onlineForm\/submit.php\" method=\"post\" name=\"form_93633623467\" accept-charset=\"utf-8\">\n    <input type=\"hidden\" name=\"formID\" value=\"93633623467\"\/><input type=\"hidden\" id=\"topRedirect\" name=\"topRedirect\" value=\"true\"\/><input type=\"hidden\" name=\"enableServerValidation\" value=\"1\"\/><input type=\"hidden\" name=\"enable303Redirect\" value=\"0\"\/><input type=\"text\" id=\"input_1\" name=\"q1_nombre\" size=\"54\" placeholder=\"Nombre*\"required=\"required\"\/>  <input type=\"email\" id=\"input_4\" name=\"q4_tuCuenta\" size=\"54\" placeholder=\" Tu cuenta de Benchmark Email (El email con el que inicias sesi\u00f3n)*\"required=\"required\"\/> <textarea name=\"q5_enlaceA\" cols=\"50\" rows=\"6\" placeholder=\"Enlace a tu post en redes*\"required=\"required\"><\/textarea>  <button type=\"submit\">Send<\/button> <li>Should be Empty: <input type=\"hidden\" name=\"website\" value=\"\"\/><\/li><input type=\"hidden\" id=\"simple_spc\" name=\"simple_spc\" value=\"93633623467-93633623467\"\/><\/form>\n\t<strong>Detalles de la promoci\u00f3n:<br \/>\n<\/strong>\n<ul>\n<li>Esta promoci\u00f3n est\u00e1 disponible hasta el 30 de abril.<\/li>\n<li>Disponible para los planes gratuitos y de pago activos de Benchmark Email.<\/li>\n<li>Si sigues los tres pasos, puedes obtener una verificaci\u00f3n de listas puntual con un l\u00edmite de 1000 direcciones de correo para mejorar tu entregabilidad y mantener una buena reputaci\u00f3n de remitente.<\/li>\n<li>M\u00e1s informaci\u00f3n sobre la verificaci\u00f3n de listas<a href=\"https:\/\/kb.benchmarkemail.com\/en\/what-is-list-verification\/\"> aqu\u00ed.<\/a><\/li>\n\n<\/ul>\n<ul>\n\n<\/ul>\n<ul>\n\n<\/ul>\n<ul>\n\n<\/ul>\n<p>&nbsp;<\/p>\n<h3>\n\t\t\t\u00bfQu\u00e9 es la verificaci\u00f3n de listas?\t<\/h3>\n\t<p>La verificaci\u00f3n de listas es el proceso de eliminar de tu lista los emails peligrosos o a los que no se puede enviar. Sin la verificaci\u00f3n de listas, podr\u00edas poner en peligro tu reputaci\u00f3n de env\u00edo.<\/p>\n<p>Cuando cargues tu lista en nuestro sistema, pasar\u00e1 por nuestro proceso de muestreo de listas, en el que nuestro sistema comprueba si hay emails que no se pueden entregar.<\/p>\n<p>En funci\u00f3n de los resultados, la lista se rechaza o se aprueba. Puedes enviar con confianza sabiendo que los emails de tu lista est\u00e1n libres de emails no entregables y trampas de spam.<\/p>\n\t\t\t<a href=\"https:\/\/kb.benchmarkemail.com\/en\/what-is-list-verification\/\"  target=\"_self\">\n\t\t\t\t\t\t\tAprende m\u00e1s aqu\u00ed\n\t\t\t\t\t<\/a>\n\n","protected":false},"excerpt":{"rendered":"<p>Elimina gratis las direcciones peligrosas que puedes tener en tus listas Verificaci\u00f3n gratuita de tus listas de suscriptores al recomendar Benchmark Email \u00a1DATE PRISA! ACABA EL 30 DE ABRIL Sigue estos 3 pasos 1. Copia el texto para compartirlo en tu red social favorita: Estoy utilizando @BenchmarkEmail para crecer con email marketing. Empieza gratis https:\/\/www.benchmarkemail.com\/es\/\u00a0\u00a0&hellip;<\/p>\n","protected":false},"author":7,"featured_media":0,"parent":0,"menu_order":0,"comment_status":"closed","ping_status":"closed","template":"","meta":{"inline_featured_image":false,"footnotes":""},"class_list":["post-38305","page","type-page","status-publish","hentry"],"yoast_head":"<!-- This site is optimized with the Yoast SEO plugin v27.4 - https:\/\/yoast.com\/product\/yoast-seo-wordpress\/ -->\n<title>Free Email List Verification - Benchmark Email<\/title>\n<meta name=\"robots\" content=\"index, follow, max-snippet:-1, max-image-preview:large, max-video-preview:-1\" \/>\n<link rel=\"canonical\" href=\"https:\/\/www.benchmarkemail.com\/es\/free-email-verification-latam\/\" \/>\n<meta property=\"og:locale\" content=\"en_US\" \/>\n<meta property=\"og:type\" content=\"article\" \/>\n<meta property=\"og:title\" content=\"Free Email List Verification - Benchmark Email\" \/>\n<meta property=\"og:description\" content=\"Elimina gratis las direcciones peligrosas que puedes tener en tus listas Verificaci\u00f3n gratuita de tus listas de suscriptores al recomendar Benchmark Email \u00a1DATE PRISA! ACABA EL 30 DE ABRIL Sigue estos 3 pasos 1. Copia el texto para compartirlo en tu red social favorita: Estoy utilizando @BenchmarkEmail para crecer con email marketing. Empieza gratis https:\/\/www.benchmarkemail.com\/es\/\u00a0\u00a0&hellip;\" \/>\n<meta property=\"og:url\" content=\"https:\/\/www.benchmarkemail.com\/es\/free-email-verification-latam\/\" \/>\n<meta property=\"og:site_name\" content=\"Benchmark Email - Herramienta de Email Marketing\" \/>\n<meta property=\"article:publisher\" content=\"https:\/\/www.facebook.com\/benchmarkemailes\" \/>\n<meta property=\"article:modified_time\" content=\"2026-02-06T15:51:31+00:00\" \/>\n<meta property=\"og:image\" content=\"https:\/\/www.benchmarkemail.com\/wp-content\/uploads\/2024\/03\/Group-46.png\" \/>\n<meta name=\"twitter:card\" content=\"summary_large_image\" \/>\n<meta name=\"twitter:site\" content=\"@benchmarkesp\" \/>\n<meta name=\"twitter:label1\" content=\"Est. reading time\" \/>\n\t<meta name=\"twitter:data1\" content=\"2 minutes\" \/>\n<script type=\"application\/ld+json\" class=\"yoast-schema-graph\">{\"@context\":\"https:\\\/\\\/schema.org\",\"@graph\":[{\"@type\":\"WebPage\",\"@id\":\"https:\\\/\\\/www.benchmarkemail.com\\\/es\\\/free-email-verification-latam\\\/\",\"url\":\"https:\\\/\\\/www.benchmarkemail.com\\\/es\\\/free-email-verification-latam\\\/\",\"name\":\"Free Email List Verification - Benchmark Email\",\"isPartOf\":{\"@id\":\"https:\\\/\\\/www.benchmarkemail.com\\\/es\\\/#website\"},\"primaryImageOfPage\":{\"@id\":\"https:\\\/\\\/www.benchmarkemail.com\\\/es\\\/free-email-verification-latam\\\/#primaryimage\"},\"image\":{\"@id\":\"https:\\\/\\\/www.benchmarkemail.com\\\/es\\\/free-email-verification-latam\\\/#primaryimage\"},\"thumbnailUrl\":\"https:\\\/\\\/www.benchmarkemail.com\\\/wp-content\\\/uploads\\\/2024\\\/03\\\/Group-46.png\",\"datePublished\":\"2024-04-01T14:29:40+00:00\",\"dateModified\":\"2026-02-06T15:51:31+00:00\",\"breadcrumb\":{\"@id\":\"https:\\\/\\\/www.benchmarkemail.com\\\/es\\\/free-email-verification-latam\\\/#breadcrumb\"},\"inLanguage\":\"en-US\",\"potentialAction\":[{\"@type\":\"ReadAction\",\"target\":[\"https:\\\/\\\/www.benchmarkemail.com\\\/es\\\/free-email-verification-latam\\\/\"]}]},{\"@type\":\"ImageObject\",\"inLanguage\":\"en-US\",\"@id\":\"https:\\\/\\\/www.benchmarkemail.com\\\/es\\\/free-email-verification-latam\\\/#primaryimage\",\"url\":\"https:\\\/\\\/www.benchmarkemail.com\\\/wp-content\\\/uploads\\\/2024\\\/03\\\/Group-46.png\",\"contentUrl\":\"https:\\\/\\\/www.benchmarkemail.com\\\/wp-content\\\/uploads\\\/2024\\\/03\\\/Group-46.png\"},{\"@type\":\"BreadcrumbList\",\"@id\":\"https:\\\/\\\/www.benchmarkemail.com\\\/es\\\/free-email-verification-latam\\\/#breadcrumb\",\"itemListElement\":[{\"@type\":\"ListItem\",\"position\":1,\"name\":\"Home\",\"item\":\"https:\\\/\\\/www.benchmarkemail.com\\\/es\\\/\"},{\"@type\":\"ListItem\",\"position\":2,\"name\":\"Free Email List Verification\"}]},{\"@type\":\"WebSite\",\"@id\":\"https:\\\/\\\/www.benchmarkemail.com\\\/es\\\/#website\",\"url\":\"https:\\\/\\\/www.benchmarkemail.com\\\/es\\\/\",\"name\":\"Benchmark Email - Herramienta de Email Marketing\",\"description\":\"Dise\u00f1a, env\u00eda, mide y optimiza tus campa\u00f1as de email y comun\u00edcate con tus clientes a trav\u00e9s del correo electr\u00f3nico.\",\"publisher\":{\"@id\":\"https:\\\/\\\/www.benchmarkemail.com\\\/es\\\/#organization\"},\"potentialAction\":[{\"@type\":\"SearchAction\",\"target\":{\"@type\":\"EntryPoint\",\"urlTemplate\":\"https:\\\/\\\/www.benchmarkemail.com\\\/es\\\/?s={search_term_string}\"},\"query-input\":{\"@type\":\"PropertyValueSpecification\",\"valueRequired\":true,\"valueName\":\"search_term_string\"}}],\"inLanguage\":\"en-US\"},{\"@type\":\"Organization\",\"@id\":\"https:\\\/\\\/www.benchmarkemail.com\\\/es\\\/#organization\",\"name\":\"Benchmark Email\",\"url\":\"https:\\\/\\\/www.benchmarkemail.com\\\/es\\\/\",\"logo\":{\"@type\":\"ImageObject\",\"inLanguage\":\"en-US\",\"@id\":\"https:\\\/\\\/www.benchmarkemail.com\\\/es\\\/#\\\/schema\\\/logo\\\/image\\\/\",\"url\":\"https:\\\/\\\/www.benchmarkemail.com\\\/es\\\/wp-content\\\/uploads\\\/sites\\\/4\\\/2019\\\/09\\\/benchmark-logo.svg\",\"contentUrl\":\"https:\\\/\\\/www.benchmarkemail.com\\\/es\\\/wp-content\\\/uploads\\\/sites\\\/4\\\/2019\\\/09\\\/benchmark-logo.svg\",\"width\":1,\"height\":1,\"caption\":\"Benchmark Email\"},\"image\":{\"@id\":\"https:\\\/\\\/www.benchmarkemail.com\\\/es\\\/#\\\/schema\\\/logo\\\/image\\\/\"},\"sameAs\":[\"https:\\\/\\\/www.facebook.com\\\/benchmarkemailes\",\"https:\\\/\\\/x.com\\\/benchmarkesp\",\"https:\\\/\\\/twitter.com\\\/benchmarkesp\",\"https:\\\/\\\/www.youtube.com\\\/user\\\/BenchmarkEmailESP\",\"https:\\\/\\\/www.tiktok.com\\\/@benchmarkespanol\"]}]}<\/script>\n<!-- \/ Yoast SEO plugin. -->","yoast_head_json":{"title":"Free Email List Verification - Benchmark Email","robots":{"index":"index","follow":"follow","max-snippet":"max-snippet:-1","max-image-preview":"max-image-preview:large","max-video-preview":"max-video-preview:-1"},"canonical":"https:\/\/www.benchmarkemail.com\/es\/free-email-verification-latam\/","og_locale":"en_US","og_type":"article","og_title":"Free Email List Verification - Benchmark Email","og_description":"Elimina gratis las direcciones peligrosas que puedes tener en tus listas Verificaci\u00f3n gratuita de tus listas de suscriptores al recomendar Benchmark Email \u00a1DATE PRISA! ACABA EL 30 DE ABRIL Sigue estos 3 pasos 1. Copia el texto para compartirlo en tu red social favorita: Estoy utilizando @BenchmarkEmail para crecer con email marketing. Empieza gratis https:\/\/www.benchmarkemail.com\/es\/\u00a0\u00a0&hellip;","og_url":"https:\/\/www.benchmarkemail.com\/es\/free-email-verification-latam\/","og_site_name":"Benchmark Email - Herramienta de Email Marketing","article_publisher":"https:\/\/www.facebook.com\/benchmarkemailes","article_modified_time":"2026-02-06T15:51:31+00:00","og_image":[{"url":"https:\/\/www.benchmarkemail.com\/wp-content\/uploads\/2024\/03\/Group-46.png","type":"","width":"","height":""}],"twitter_card":"summary_large_image","twitter_site":"@benchmarkesp","twitter_misc":{"Est. reading time":"2 minutes"},"schema":{"@context":"https:\/\/schema.org","@graph":[{"@type":"WebPage","@id":"https:\/\/www.benchmarkemail.com\/es\/free-email-verification-latam\/","url":"https:\/\/www.benchmarkemail.com\/es\/free-email-verification-latam\/","name":"Free Email List Verification - Benchmark Email","isPartOf":{"@id":"https:\/\/www.benchmarkemail.com\/es\/#website"},"primaryImageOfPage":{"@id":"https:\/\/www.benchmarkemail.com\/es\/free-email-verification-latam\/#primaryimage"},"image":{"@id":"https:\/\/www.benchmarkemail.com\/es\/free-email-verification-latam\/#primaryimage"},"thumbnailUrl":"https:\/\/www.benchmarkemail.com\/wp-content\/uploads\/2024\/03\/Group-46.png","datePublished":"2024-04-01T14:29:40+00:00","dateModified":"2026-02-06T15:51:31+00:00","breadcrumb":{"@id":"https:\/\/www.benchmarkemail.com\/es\/free-email-verification-latam\/#breadcrumb"},"inLanguage":"en-US","potentialAction":[{"@type":"ReadAction","target":["https:\/\/www.benchmarkemail.com\/es\/free-email-verification-latam\/"]}]},{"@type":"ImageObject","inLanguage":"en-US","@id":"https:\/\/www.benchmarkemail.com\/es\/free-email-verification-latam\/#primaryimage","url":"https:\/\/www.benchmarkemail.com\/wp-content\/uploads\/2024\/03\/Group-46.png","contentUrl":"https:\/\/www.benchmarkemail.com\/wp-content\/uploads\/2024\/03\/Group-46.png"},{"@type":"BreadcrumbList","@id":"https:\/\/www.benchmarkemail.com\/es\/free-email-verification-latam\/#breadcrumb","itemListElement":[{"@type":"ListItem","position":1,"name":"Home","item":"https:\/\/www.benchmarkemail.com\/es\/"},{"@type":"ListItem","position":2,"name":"Free Email List Verification"}]},{"@type":"WebSite","@id":"https:\/\/www.benchmarkemail.com\/es\/#website","url":"https:\/\/www.benchmarkemail.com\/es\/","name":"Benchmark Email - Herramienta de Email Marketing","description":"Dise\u00f1a, env\u00eda, mide y optimiza tus campa\u00f1as de email y comun\u00edcate con tus clientes a trav\u00e9s del correo electr\u00f3nico.","publisher":{"@id":"https:\/\/www.benchmarkemail.com\/es\/#organization"},"potentialAction":[{"@type":"SearchAction","target":{"@type":"EntryPoint","urlTemplate":"https:\/\/www.benchmarkemail.com\/es\/?s={search_term_string}"},"query-input":{"@type":"PropertyValueSpecification","valueRequired":true,"valueName":"search_term_string"}}],"inLanguage":"en-US"},{"@type":"Organization","@id":"https:\/\/www.benchmarkemail.com\/es\/#organization","name":"Benchmark Email","url":"https:\/\/www.benchmarkemail.com\/es\/","logo":{"@type":"ImageObject","inLanguage":"en-US","@id":"https:\/\/www.benchmarkemail.com\/es\/#\/schema\/logo\/image\/","url":"https:\/\/www.benchmarkemail.com\/es\/wp-content\/uploads\/sites\/4\/2019\/09\/benchmark-logo.svg","contentUrl":"https:\/\/www.benchmarkemail.com\/es\/wp-content\/uploads\/sites\/4\/2019\/09\/benchmark-logo.svg","width":1,"height":1,"caption":"Benchmark Email"},"image":{"@id":"https:\/\/www.benchmarkemail.com\/es\/#\/schema\/logo\/image\/"},"sameAs":["https:\/\/www.facebook.com\/benchmarkemailes","https:\/\/x.com\/benchmarkesp","https:\/\/twitter.com\/benchmarkesp","https:\/\/www.youtube.com\/user\/BenchmarkEmailESP","https:\/\/www.tiktok.com\/@benchmarkespanol"]}]}},"_links":{"self":[{"href":"https:\/\/www.benchmarkemail.com\/es\/wp-json\/wp\/v2\/pages\/38305","targetHints":{"allow":["GET"]}}],"collection":[{"href":"https:\/\/www.benchmarkemail.com\/es\/wp-json\/wp\/v2\/pages"}],"about":[{"href":"https:\/\/www.benchmarkemail.com\/es\/wp-json\/wp\/v2\/types\/page"}],"author":[{"embeddable":true,"href":"https:\/\/www.benchmarkemail.com\/es\/wp-json\/wp\/v2\/users\/7"}],"replies":[{"embeddable":true,"href":"https:\/\/www.benchmarkemail.com\/es\/wp-json\/wp\/v2\/comments?post=38305"}],"version-history":[{"count":0,"href":"https:\/\/www.benchmarkemail.com\/es\/wp-json\/wp\/v2\/pages\/38305\/revisions"}],"wp:attachment":[{"href":"https:\/\/www.benchmarkemail.com\/es\/wp-json\/wp\/v2\/media?parent=38305"}],"curies":[{"name":"wp","href":"https:\/\/api.w.org\/{rel}","templated":true}]}}