{"id":39332,"date":"2024-07-24T08:44:29","date_gmt":"2024-07-24T08:44:29","guid":{"rendered":"https:\/\/www.benchmarkemail.com\/es\/?page_id=39332"},"modified":"2026-01-29T17:28:33","modified_gmt":"2026-01-29T17:28:33","slug":"canva-emails-benchmark","status":"publish","type":"page","link":"https:\/\/www.benchmarkemail.com\/es\/canva-emails-benchmark\/","title":{"rendered":"Dise\u00f1a emails atractivos con Canva y env\u00edalos con Benchmark Email"},"content":{"rendered":"\n<h2>\n\t\t\tDise\u00f1a emails incre\u00edbles con Canva\t<\/h2>\n\t<p>Env\u00eda f\u00e1cilmente tus dise\u00f1os de Canva por email con Benchmark Email<\/p>\n<figure itemscope itemtype=\"https:\/\/schema.org\/ImageObject\">\n\t\t\t\t<img decoding=\"async\" src=\"https:\/\/www.benchmarkemail.com\/es\/wp-content\/uploads\/sites\/4\/2024\/04\/Group-3055-1-300x101-1.png\" alt=\"Group-3055-1-300x101\" height=\"101\" width=\"300\" title=\"Group-3055-1-300x101\" onerror=\"this.style.display='none'\" loading=\"lazy\" \/>\n\t<\/figure>\n\t\t\t<a href=\"https:\/\/app.benchmarkemail.io\/register?language=es\"  target=\"_blank\" rel=\"noopener\"    rel=\"noopener\">\n\t\t\t\t\t\t\tCREA TU CUENTA GRATIS AHORA\n\t\t\t\t\t<\/a>\n\t<p>Convertir dise\u00f1os de Canva en plantillas de email ahora es m\u00e1s f\u00e1cil. <\/p>\n\t<p>Publica tus dise\u00f1os de Canva en tu galer\u00eda de im\u00e1genes de Benchmark Email con un solo clic. Despu\u00e9s, a\u00f1ade f\u00e1cilmente tus dise\u00f1os de Canva como im\u00e1genes a tus plantillas de email. Crear emails \u00fanicos que obtengan buenos resultados es muy f\u00e1cil.<\/p>\n\t\t\t<a href=\"https:\/\/app.benchmarkemail.io\/register?language=es\"  target=\"_blank\" rel=\"noopener\"    rel=\"noopener\">\n\t\t\t\t\t\t\tCOMENZAR GRATIS\n\t\t\t\t\t<\/a>\n<figure itemscope itemtype=\"https:\/\/schema.org\/ImageObject\">\n\t\t\t\t<img decoding=\"async\" src=\"https:\/\/www.benchmarkemail.com\/es\/wp-content\/uploads\/sites\/4\/2024\/04\/Adding-Images.png\" alt=\"Adding-Images\" height=\"870\" width=\"1160\" title=\"Adding-Images\" onerror=\"this.style.display='none'\" loading=\"lazy\" \/>\n\t<\/figure>\n<figure itemscope itemtype=\"https:\/\/schema.org\/ImageObject\">\n\t\t\t\t<img decoding=\"async\" src=\"https:\/\/www.benchmarkemail.com\/es\/wp-content\/uploads\/sites\/4\/2024\/04\/Drag-and-drop-Benchmark-Email-Canva.png\" alt=\"Drag-and-drop-Benchmark-Email-Canva\" height=\"857\" width=\"1175\" title=\"Drag-and-drop-Benchmark-Email-Canva\" onerror=\"this.style.display='none'\" loading=\"lazy\" \/>\n\t<\/figure>\n\t<p>\u00bfNo eres dise\u00f1ador?\u00a1No hay problema!<\/p>\n\t<p>Canva ofrece cientos de plantillas ideales para el email marketing:<\/p>\n\t<p><img decoding=\"async\" src=\"https:\/\/www.benchmarkemail.com\/es\/wp-content\/uploads\/sites\/4\/2024\/04\/email.png\" \/> Encabezados de email<\/p>\n\t<p><img decoding=\"async\" src=\"https:\/\/www.benchmarkemail.com\/es\/wp-content\/uploads\/sites\/4\/2024\/04\/photo.png\" \/>Im\u00e1genes<\/p>\n\t<p><img decoding=\"async\" src=\"https:\/\/www.benchmarkemail.com\/es\/wp-content\/uploads\/sites\/4\/2024\/04\/em_sig.png\" \/>Firmas de email<\/p>\n\t<p><a href=\"https:\/\/app.benchmarkemail.io\/register?language=es\">Comenzar &gt; <\/a><\/p>\n\t<p>\u00bfQu\u00e9 vas a dise\u00f1ar hoy? <\/p>\n\t<p>Las mejores herramientas, f\u00e1ciles de usar, que te ayudan a dar rienda suelta a tu creatividad. Con la integraci\u00f3n de Canva en Benchmark Email, el email marketing es ahora la parte m\u00e1s f\u00e1cil -y nos atrever\u00edamos a decir, m\u00e1s divertida- de tu d\u00eda.<\/p>\n\t\t\t<a href=\"https:\/\/app.benchmarkemail.io\/register?language=es\"  target=\"_blank\" rel=\"noopener\"    rel=\"noopener\">\n\t\t\t\t\t\t\tComenzar\n\t\t\t\t\t<\/a>\n<figure itemscope itemtype=\"https:\/\/schema.org\/ImageObject\">\n\t\t\t\t<img decoding=\"async\" src=\"https:\/\/www.benchmarkemail.com\/es\/wp-content\/uploads\/sites\/4\/2024\/04\/Group-3063.png\" alt=\"Group 3063\" height=\"1102\" width=\"1131\" title=\"Group 3063\" onerror=\"this.style.display='none'\" loading=\"lazy\" \/>\n\t<\/figure>\n\t<h2>Empieza a hacer email marketing gratis con Benchmark Email<br \/>\n<\/h2>\n<p>No necesitas tarjeta de cr\u00e9dito<\/p>\n\t<style>\n.signup-form-wrap input.form-text-field {\n    box-shadow: none;\n    height: auto;\n    border: 1px solid \n#e6e6e8;\nborder-radius: 3px;\nfont-size: 1rem;\n-webkit-box-shadow: 0 0 0 1000px\n    #fff inset;\n    color: #666872;\n    height: 42px;\n}\n.signup-form-wrap #frm_submit_new {\n    font-size: .8rem;\n    font-weight: 600;\n    text-transform: uppercase;\n    background-color: \n#4e5ff9;\nletter-spacing: 1px;\ncolor: #4e5ff9;\ncolor:\n    #fff;\n    border: none;\n    height: 42px;\n}\n<\/style>\n            <input type=\"text\" placeholder=\"Nombre\" id=\"frm_first_name\"\/>\n            <input type=\"text\" placeholder=\"Apellido\" id=\"frm_last_name\"\/>\n            <input type=\"text\" placeholder=\"Direcci\u00f3n de email\" id=\"frm_email_new\"\/>\n            <input type=\"button\" value=\"Plan Gratis\" id=\"frm_submit_new\"\/>\n\n","protected":false},"excerpt":{"rendered":"<p>Dise\u00f1a emails incre\u00edbles con Canva Env\u00eda f\u00e1cilmente tus dise\u00f1os de Canva por email con Benchmark Email CREA TU CUENTA GRATIS AHORA Convertir dise\u00f1os de Canva en plantillas de email ahora es m\u00e1s f\u00e1cil. Publica tus dise\u00f1os de Canva en tu galer\u00eda de im\u00e1genes de Benchmark Email con un solo clic. Despu\u00e9s, a\u00f1ade f\u00e1cilmente tus dise\u00f1os&hellip;<\/p>\n","protected":false},"author":370,"featured_media":0,"parent":0,"menu_order":0,"comment_status":"closed","ping_status":"closed","template":"","meta":{"inline_featured_image":false,"footnotes":""},"class_list":["post-39332","page","type-page","status-publish","hentry"],"yoast_head":"<!-- This site is optimized with the Yoast SEO plugin v27.4 - https:\/\/yoast.com\/product\/yoast-seo-wordpress\/ -->\n<title>Dise\u00f1a emails atractivos con Canva y env\u00edalos con Benchmark Email - Benchmark Email<\/title>\n<meta name=\"description\" content=\"Env\u00eda f\u00e1cilmente tus dise\u00f1os de Canva por email\" \/>\n<meta name=\"robots\" content=\"index, follow, max-snippet:-1, max-image-preview:large, max-video-preview:-1\" \/>\n<link rel=\"canonical\" href=\"https:\/\/www.benchmarkemail.com\/es\/canva-emails-benchmark\/\" \/>\n<meta property=\"og:locale\" content=\"en_US\" \/>\n<meta property=\"og:type\" content=\"article\" \/>\n<meta property=\"og:title\" content=\"Dise\u00f1a emails atractivos con Canva y env\u00edalos con Benchmark Email - Benchmark Email\" \/>\n<meta property=\"og:description\" content=\"Env\u00eda f\u00e1cilmente tus dise\u00f1os de Canva por email\" \/>\n<meta property=\"og:url\" content=\"https:\/\/www.benchmarkemail.com\/es\/canva-emails-benchmark\/\" \/>\n<meta property=\"og:site_name\" content=\"Benchmark Email - Herramienta de Email Marketing\" \/>\n<meta property=\"article:publisher\" content=\"https:\/\/www.facebook.com\/benchmarkemailes\" \/>\n<meta property=\"article:modified_time\" content=\"2026-01-29T17:28:33+00:00\" \/>\n<meta property=\"og:image\" content=\"https:\/\/www.benchmarkemail.com\/es\/wp-content\/uploads\/sites\/4\/2024\/04\/Group-3055-1-300x101-1.png\" \/>\n<meta name=\"twitter:card\" content=\"summary_large_image\" \/>\n<meta name=\"twitter:site\" content=\"@benchmarkesp\" \/>\n<meta name=\"twitter:label1\" content=\"Est. reading time\" \/>\n\t<meta name=\"twitter:data1\" content=\"3 minutes\" \/>\n<script type=\"application\/ld+json\" class=\"yoast-schema-graph\">{\"@context\":\"https:\\\/\\\/schema.org\",\"@graph\":[{\"@type\":\"WebPage\",\"@id\":\"https:\\\/\\\/www.benchmarkemail.com\\\/es\\\/canva-emails-benchmark\\\/\",\"url\":\"https:\\\/\\\/www.benchmarkemail.com\\\/es\\\/canva-emails-benchmark\\\/\",\"name\":\"Dise\u00f1a emails atractivos con Canva y env\u00edalos con Benchmark Email - Benchmark Email\",\"isPartOf\":{\"@id\":\"https:\\\/\\\/www.benchmarkemail.com\\\/es\\\/#website\"},\"primaryImageOfPage\":{\"@id\":\"https:\\\/\\\/www.benchmarkemail.com\\\/es\\\/canva-emails-benchmark\\\/#primaryimage\"},\"image\":{\"@id\":\"https:\\\/\\\/www.benchmarkemail.com\\\/es\\\/canva-emails-benchmark\\\/#primaryimage\"},\"thumbnailUrl\":\"https:\\\/\\\/www.benchmarkemail.com\\\/es\\\/wp-content\\\/uploads\\\/sites\\\/4\\\/2024\\\/04\\\/Group-3055-1-300x101-1.png\",\"datePublished\":\"2024-07-24T08:44:29+00:00\",\"dateModified\":\"2026-01-29T17:28:33+00:00\",\"description\":\"Env\u00eda f\u00e1cilmente tus dise\u00f1os de Canva por email\",\"breadcrumb\":{\"@id\":\"https:\\\/\\\/www.benchmarkemail.com\\\/es\\\/canva-emails-benchmark\\\/#breadcrumb\"},\"inLanguage\":\"en-US\",\"potentialAction\":[{\"@type\":\"ReadAction\",\"target\":[\"https:\\\/\\\/www.benchmarkemail.com\\\/es\\\/canva-emails-benchmark\\\/\"]}]},{\"@type\":\"ImageObject\",\"inLanguage\":\"en-US\",\"@id\":\"https:\\\/\\\/www.benchmarkemail.com\\\/es\\\/canva-emails-benchmark\\\/#primaryimage\",\"url\":\"https:\\\/\\\/www.benchmarkemail.com\\\/es\\\/wp-content\\\/uploads\\\/sites\\\/4\\\/2024\\\/04\\\/Group-3055-1-300x101-1.png\",\"contentUrl\":\"https:\\\/\\\/www.benchmarkemail.com\\\/es\\\/wp-content\\\/uploads\\\/sites\\\/4\\\/2024\\\/04\\\/Group-3055-1-300x101-1.png\",\"width\":300,\"height\":101},{\"@type\":\"BreadcrumbList\",\"@id\":\"https:\\\/\\\/www.benchmarkemail.com\\\/es\\\/canva-emails-benchmark\\\/#breadcrumb\",\"itemListElement\":[{\"@type\":\"ListItem\",\"position\":1,\"name\":\"Home\",\"item\":\"https:\\\/\\\/www.benchmarkemail.com\\\/es\\\/\"},{\"@type\":\"ListItem\",\"position\":2,\"name\":\"Dise\u00f1a emails atractivos con Canva y env\u00edalos con Benchmark Email\"}]},{\"@type\":\"WebSite\",\"@id\":\"https:\\\/\\\/www.benchmarkemail.com\\\/es\\\/#website\",\"url\":\"https:\\\/\\\/www.benchmarkemail.com\\\/es\\\/\",\"name\":\"Benchmark Email - Herramienta de Email Marketing\",\"description\":\"Dise\u00f1a, env\u00eda, mide y optimiza tus campa\u00f1as de email y comun\u00edcate con tus clientes a trav\u00e9s del correo electr\u00f3nico.\",\"publisher\":{\"@id\":\"https:\\\/\\\/www.benchmarkemail.com\\\/es\\\/#organization\"},\"potentialAction\":[{\"@type\":\"SearchAction\",\"target\":{\"@type\":\"EntryPoint\",\"urlTemplate\":\"https:\\\/\\\/www.benchmarkemail.com\\\/es\\\/?s={search_term_string}\"},\"query-input\":{\"@type\":\"PropertyValueSpecification\",\"valueRequired\":true,\"valueName\":\"search_term_string\"}}],\"inLanguage\":\"en-US\"},{\"@type\":\"Organization\",\"@id\":\"https:\\\/\\\/www.benchmarkemail.com\\\/es\\\/#organization\",\"name\":\"Benchmark Email\",\"url\":\"https:\\\/\\\/www.benchmarkemail.com\\\/es\\\/\",\"logo\":{\"@type\":\"ImageObject\",\"inLanguage\":\"en-US\",\"@id\":\"https:\\\/\\\/www.benchmarkemail.com\\\/es\\\/#\\\/schema\\\/logo\\\/image\\\/\",\"url\":\"https:\\\/\\\/www.benchmarkemail.com\\\/es\\\/wp-content\\\/uploads\\\/sites\\\/4\\\/2019\\\/09\\\/benchmark-logo.svg\",\"contentUrl\":\"https:\\\/\\\/www.benchmarkemail.com\\\/es\\\/wp-content\\\/uploads\\\/sites\\\/4\\\/2019\\\/09\\\/benchmark-logo.svg\",\"width\":1,\"height\":1,\"caption\":\"Benchmark Email\"},\"image\":{\"@id\":\"https:\\\/\\\/www.benchmarkemail.com\\\/es\\\/#\\\/schema\\\/logo\\\/image\\\/\"},\"sameAs\":[\"https:\\\/\\\/www.facebook.com\\\/benchmarkemailes\",\"https:\\\/\\\/x.com\\\/benchmarkesp\",\"https:\\\/\\\/twitter.com\\\/benchmarkesp\",\"https:\\\/\\\/www.youtube.com\\\/user\\\/BenchmarkEmailESP\",\"https:\\\/\\\/www.tiktok.com\\\/@benchmarkespanol\"]}]}<\/script>\n<!-- \/ Yoast SEO plugin. -->","yoast_head_json":{"title":"Dise\u00f1a emails atractivos con Canva y env\u00edalos con Benchmark Email - Benchmark Email","description":"Env\u00eda f\u00e1cilmente tus dise\u00f1os de Canva por email","robots":{"index":"index","follow":"follow","max-snippet":"max-snippet:-1","max-image-preview":"max-image-preview:large","max-video-preview":"max-video-preview:-1"},"canonical":"https:\/\/www.benchmarkemail.com\/es\/canva-emails-benchmark\/","og_locale":"en_US","og_type":"article","og_title":"Dise\u00f1a emails atractivos con Canva y env\u00edalos con Benchmark Email - Benchmark Email","og_description":"Env\u00eda f\u00e1cilmente tus dise\u00f1os de Canva por email","og_url":"https:\/\/www.benchmarkemail.com\/es\/canva-emails-benchmark\/","og_site_name":"Benchmark Email - Herramienta de Email Marketing","article_publisher":"https:\/\/www.facebook.com\/benchmarkemailes","article_modified_time":"2026-01-29T17:28:33+00:00","og_image":[{"url":"https:\/\/www.benchmarkemail.com\/es\/wp-content\/uploads\/sites\/4\/2024\/04\/Group-3055-1-300x101-1.png","type":"","width":"","height":""}],"twitter_card":"summary_large_image","twitter_site":"@benchmarkesp","twitter_misc":{"Est. reading time":"3 minutes"},"schema":{"@context":"https:\/\/schema.org","@graph":[{"@type":"WebPage","@id":"https:\/\/www.benchmarkemail.com\/es\/canva-emails-benchmark\/","url":"https:\/\/www.benchmarkemail.com\/es\/canva-emails-benchmark\/","name":"Dise\u00f1a emails atractivos con Canva y env\u00edalos con Benchmark Email - Benchmark Email","isPartOf":{"@id":"https:\/\/www.benchmarkemail.com\/es\/#website"},"primaryImageOfPage":{"@id":"https:\/\/www.benchmarkemail.com\/es\/canva-emails-benchmark\/#primaryimage"},"image":{"@id":"https:\/\/www.benchmarkemail.com\/es\/canva-emails-benchmark\/#primaryimage"},"thumbnailUrl":"https:\/\/www.benchmarkemail.com\/es\/wp-content\/uploads\/sites\/4\/2024\/04\/Group-3055-1-300x101-1.png","datePublished":"2024-07-24T08:44:29+00:00","dateModified":"2026-01-29T17:28:33+00:00","description":"Env\u00eda f\u00e1cilmente tus dise\u00f1os de Canva por email","breadcrumb":{"@id":"https:\/\/www.benchmarkemail.com\/es\/canva-emails-benchmark\/#breadcrumb"},"inLanguage":"en-US","potentialAction":[{"@type":"ReadAction","target":["https:\/\/www.benchmarkemail.com\/es\/canva-emails-benchmark\/"]}]},{"@type":"ImageObject","inLanguage":"en-US","@id":"https:\/\/www.benchmarkemail.com\/es\/canva-emails-benchmark\/#primaryimage","url":"https:\/\/www.benchmarkemail.com\/es\/wp-content\/uploads\/sites\/4\/2024\/04\/Group-3055-1-300x101-1.png","contentUrl":"https:\/\/www.benchmarkemail.com\/es\/wp-content\/uploads\/sites\/4\/2024\/04\/Group-3055-1-300x101-1.png","width":300,"height":101},{"@type":"BreadcrumbList","@id":"https:\/\/www.benchmarkemail.com\/es\/canva-emails-benchmark\/#breadcrumb","itemListElement":[{"@type":"ListItem","position":1,"name":"Home","item":"https:\/\/www.benchmarkemail.com\/es\/"},{"@type":"ListItem","position":2,"name":"Dise\u00f1a emails atractivos con Canva y env\u00edalos con Benchmark Email"}]},{"@type":"WebSite","@id":"https:\/\/www.benchmarkemail.com\/es\/#website","url":"https:\/\/www.benchmarkemail.com\/es\/","name":"Benchmark Email - Herramienta de Email Marketing","description":"Dise\u00f1a, env\u00eda, mide y optimiza tus campa\u00f1as de email y comun\u00edcate con tus clientes a trav\u00e9s del correo electr\u00f3nico.","publisher":{"@id":"https:\/\/www.benchmarkemail.com\/es\/#organization"},"potentialAction":[{"@type":"SearchAction","target":{"@type":"EntryPoint","urlTemplate":"https:\/\/www.benchmarkemail.com\/es\/?s={search_term_string}"},"query-input":{"@type":"PropertyValueSpecification","valueRequired":true,"valueName":"search_term_string"}}],"inLanguage":"en-US"},{"@type":"Organization","@id":"https:\/\/www.benchmarkemail.com\/es\/#organization","name":"Benchmark Email","url":"https:\/\/www.benchmarkemail.com\/es\/","logo":{"@type":"ImageObject","inLanguage":"en-US","@id":"https:\/\/www.benchmarkemail.com\/es\/#\/schema\/logo\/image\/","url":"https:\/\/www.benchmarkemail.com\/es\/wp-content\/uploads\/sites\/4\/2019\/09\/benchmark-logo.svg","contentUrl":"https:\/\/www.benchmarkemail.com\/es\/wp-content\/uploads\/sites\/4\/2019\/09\/benchmark-logo.svg","width":1,"height":1,"caption":"Benchmark Email"},"image":{"@id":"https:\/\/www.benchmarkemail.com\/es\/#\/schema\/logo\/image\/"},"sameAs":["https:\/\/www.facebook.com\/benchmarkemailes","https:\/\/x.com\/benchmarkesp","https:\/\/twitter.com\/benchmarkesp","https:\/\/www.youtube.com\/user\/BenchmarkEmailESP","https:\/\/www.tiktok.com\/@benchmarkespanol"]}]}},"_links":{"self":[{"href":"https:\/\/www.benchmarkemail.com\/es\/wp-json\/wp\/v2\/pages\/39332","targetHints":{"allow":["GET"]}}],"collection":[{"href":"https:\/\/www.benchmarkemail.com\/es\/wp-json\/wp\/v2\/pages"}],"about":[{"href":"https:\/\/www.benchmarkemail.com\/es\/wp-json\/wp\/v2\/types\/page"}],"author":[{"embeddable":true,"href":"https:\/\/www.benchmarkemail.com\/es\/wp-json\/wp\/v2\/users\/370"}],"replies":[{"embeddable":true,"href":"https:\/\/www.benchmarkemail.com\/es\/wp-json\/wp\/v2\/comments?post=39332"}],"version-history":[{"count":0,"href":"https:\/\/www.benchmarkemail.com\/es\/wp-json\/wp\/v2\/pages\/39332\/revisions"}],"wp:attachment":[{"href":"https:\/\/www.benchmarkemail.com\/es\/wp-json\/wp\/v2\/media?parent=39332"}],"curies":[{"name":"wp","href":"https:\/\/api.w.org\/{rel}","templated":true}]}}