{"id":39454,"date":"2024-09-09T09:21:51","date_gmt":"2024-09-09T09:21:51","guid":{"rendered":"https:\/\/www.benchmarkemail.com\/es\/?page_id=39454"},"modified":"2026-01-29T17:23:33","modified_gmt":"2026-01-29T17:23:33","slug":"email-subject-line-generator","status":"publish","type":"page","link":"https:\/\/www.benchmarkemail.com\/es\/email-subject-line-generator\/","title":{"rendered":"Free Email Subject Line Generator (AI-powered)"},"content":{"rendered":"\n\n\t\t\t<a href=\"\"  target=\"_self\">\n\t\t\t\t\t\t\t<img decoding=\"async\" role=\"img\" draggable=\"false\" src=\"https:\/\/s.w.org\/images\/core\/emoji\/15.0.3\/svg\/2728.svg\" alt=\"\u2728\" \/> Generador gratuito de l\u00edneas de asunto de email\n\t\t\t\t\t<\/a>\n<h1>\n\t\t\tC\u00f3mo conseguir que abran tus emails\t<\/h1>\n\t<p>Crea r\u00e1pidamente l\u00edneas de asunto personalizadas que llamen la atenci\u00f3n. Copia y pega el copy de tu email en el generador de l\u00edneas de asunto. A continuaci\u00f3n, haz clic en generar l\u00edneas de asunto para conseguir una lista de l\u00edneas de asunto que te ayuden a dar el pistoletazo de salida a tu email.<\/p>\n\t<div class='mwai-chatbot-container' data-params='{&quot;aiName&quot;:&quot;Subject Lines:&quot;,&quot;userName&quot;:&quot;User: &quot;,&quot;guestName&quot;:&quot;You:&quot;,&quot;textSend&quot;:&quot;Generar l\\u00edneas de asunto&quot;,&quot;textClear&quot;:&quot;Clear&quot;,&quot;imageUpload&quot;:false,&quot;fileUpload&quot;:false,&quot;multiUpload&quot;:false,&quot;maxUploads&quot;:1,&quot;fileUploads&quot;:0,&quot;mode&quot;:&quot;chat&quot;,&quot;textInputPlaceholder&quot;:&quot;Introduce aqu\\u00ed el texto de tu email, ideas o palabras clave...&quot;,&quot;textInputMaxLength&quot;:512,&quot;textCompliance&quot;:&quot;&quot;,&quot;startSentence&quot;:&quot;&quot;,&quot;localMemory&quot;:true,&quot;themeId&quot;:&quot;chatgpt&quot;,&quot;window&quot;:false,&quot;icon&quot;:&quot;&quot;,&quot;iconText&quot;:&quot;&quot;,&quot;iconTextDelay&quot;:1,&quot;iconAlt&quot;:&quot;AI Engine Chatbot&quot;,&quot;iconPosition&quot;:&quot;bottom-right&quot;,&quot;centerOpen&quot;:false,&quot;width&quot;:&quot;&quot;,&quot;openDelay&quot;:&quot;&quot;,&quot;iconBubble&quot;:false,&quot;windowAnimation&quot;:&quot;zoom&quot;,&quot;fullscreen&quot;:false,&quot;copyButton&quot;:false,&quot;pdfButton&quot;:true,&quot;headerSubtitle&quot;:&quot;Discuss with&quot;,&quot;containerType&quot;:&quot;standard&quot;,&quot;headerType&quot;:&quot;standard&quot;,&quot;messagesType&quot;:&quot;standard&quot;,&quot;inputType&quot;:&quot;standard&quot;,&quot;footerType&quot;:&quot;standard&quot;}' data-system='{&quot;botId&quot;:&quot;subject-line-generator-es&quot;,&quot;customId&quot;:null,&quot;userData&quot;:null,&quot;sessionId&quot;:&quot;69f58fac14911&quot;,&quot;restNonce&quot;:null,&quot;contextId&quot;:null,&quot;pluginUrl&quot;:&quot;https:\\\/\\\/www.benchmarkemail.com\\\/es\\\/wp-content\\\/plugins\\\/ai-engine&quot;,&quot;restUrl&quot;:&quot;https:\\\/\\\/www.benchmarkemail.com\\\/es\\\/wp-json&quot;,&quot;stream&quot;:false,&quot;debugMode&quot;:false,&quot;eventLogs&quot;:false,&quot;speech_recognition&quot;:false,&quot;speech_synthesis&quot;:false,&quot;typewriter&quot;:false,&quot;crossSite&quot;:false,&quot;actions&quot;:[],&quot;blocks&quot;:[],&quot;shortcuts&quot;:[]}' data-theme='{&quot;type&quot;:&quot;internal&quot;,&quot;name&quot;:&quot;ChatGPT&quot;,&quot;themeId&quot;:&quot;chatgpt&quot;,&quot;settings&quot;:[],&quot;style&quot;:&quot;&quot;,&quot;cssUrl&quot;:&quot;https:\\\/\\\/www.benchmarkemail.com\\\/es\\\/wp-content\\\/plugins\\\/ai-engine\\\/themes\\\/chatgpt.css&quot;}'><\/div>\n\t<p><a href=\"#data_a\" target=\"_blank\" rel=\"noopener\">M\u00e1s informaci\u00f3n<\/a><\/p>\n<h1>\n\t\t\tC\u00f3mo escribir l\u00edneas de asunto que funcionen\t<\/h1>\n\t<p><a href=\"https:\/\/www.benchmarkemail.com\/es\/blog\/top-10-de-ventas-por-email-y-lineas-de-asunto-para-incrementar-la-tasa-de-aperturas\/\">El asunto de tu email es <\/a> la puerta de entrada a tu <a href=\"https:\/\/www.benchmarkemail.com\/es\/blog\/gestionar-campanas-de-email\/\">campa\u00f1a de email marketing<\/a>. Es lo primero que ven tus destinatarios, lo que determina si dar\u00e1n el siguiente paso o si dejar\u00e1n tu email abandonado en la bandeja de entrada. De hecho, los estudios indican que el <a href=\"https:\/\/www.zippia.com\/advice\/email-subject-line-statistics\/\">47% de los destinatarios de correo electr\u00f3nico deciden<\/a> si abrir\u00e1n o no un email bas\u00e1ndose \u00fanicamente en el asunto. Eso es mucha presi\u00f3n para unas pocas palabras.<\/p>\n<p>Dise\u00f1ar el asunto de email perfecto es un arte y una ciencia. Requiere un profundo <a href=\"https:\/\/www.benchmarkemail.com\/blog\/tips-for-discovering-your-target-audience\/\">entendimiento de tu audiencia<\/a>, un don para la creatividad y la capacidad de transmitir un mensaje convincente con un espacio limitado. Por un lado, tu asunto debe llamar la atenci\u00f3n y ser lo bastante interesante como para destacar en una bandeja de entrada abarrotada. Por otro lado, tambi\u00e9n debe ser relevante, transparente y reflejar el <a href=\"https:\/\/www.benchmarkemail.com\/blog\/email-campaigns-using-benchmark-emails-smart-content\/\">contenido del email.<\/a><\/p>\n<p>Pero aqu\u00ed est\u00e1 el truco: lo que funciona para un p\u00fablico puede no funcionar para otro. Las tendencias, las normas del sector e incluso la hora del d\u00eda en que env\u00edas el email pueden influir en el \u00e9xito de una l\u00ednea de asunto. Adem\u00e1s, est\u00e1 el reto de evitar los filtros de spam. No es de extra\u00f1ar que as\u00ed muchos profesionales consideren la creaci\u00f3n de l\u00edneas de asunto uno de los aspectos m\u00e1s dif\u00edciles del email marketing.<\/p>\n<p>Ah\u00ed es donde entra en juego nuestro generador de l\u00edneas de asunto para email. Est\u00e1 dise\u00f1ado para eliminar las intuiciones a la hora de dise\u00f1ar l\u00edneas de asunto, proporcionando sugerencias personalizadas basadas en tus necesidades y objetivos espec\u00edficos. Tanto si buscas creatividad, urgencia o claridad, nuestro generador te ayudar\u00e1 a encontrar las palabras perfectas para que tus emails sean imposibles de ignorar.<\/p>\n<h1>\n\t\t\tAccede a m\u00e1s herramientas inteligentes para crear\t<\/h1>\n<h1>\n\t\t\temails y l\u00edneas de asunto\t<\/h1>\n\t<p>Crea una cuenta gratuita de Benchmark Email<\/p>\n\t\t\t<a href=\"https:\/\/app.benchmarkemail.io\/register?language=es\"  target=\"_blank\" rel=\"noopener\"    rel=\"noopener\">\n\t\t\t\t\t\t\tComenzar ahora\n\t\t\t\t\t<\/a>\n\t<p><strong>Recent Posts<\/strong>:<\/p>\n\n","protected":false},"excerpt":{"rendered":"<p>Generador gratuito de l\u00edneas de asunto de email C\u00f3mo conseguir que abran tus emails Crea r\u00e1pidamente l\u00edneas de asunto personalizadas que llamen la atenci\u00f3n. Copia y pega el copy de tu email en el generador de l\u00edneas de asunto. A continuaci\u00f3n, haz clic en generar l\u00edneas de asunto para conseguir una lista de l\u00edneas de&hellip;<\/p>\n","protected":false},"author":7,"featured_media":0,"parent":0,"menu_order":0,"comment_status":"closed","ping_status":"closed","template":"","meta":{"inline_featured_image":false,"footnotes":""},"class_list":["post-39454","page","type-page","status-publish","hentry"],"yoast_head":"<!-- This site is optimized with the Yoast SEO plugin v27.5 - https:\/\/yoast.com\/product\/yoast-seo-wordpress\/ -->\n<title>Free Email Subject Line Generator (AI-powered) - Benchmark Email<\/title>\n<meta name=\"description\" content=\"Our free email subject line generator takes the stress out of crafting headlines that shine in the inbox to drive better email open rates.\" \/>\n<meta name=\"robots\" content=\"index, follow, max-snippet:-1, max-image-preview:large, max-video-preview:-1\" \/>\n<link rel=\"canonical\" href=\"https:\/\/www.benchmarkemail.com\/es\/email-subject-line-generator\/\" \/>\n<meta property=\"og:locale\" content=\"en_US\" \/>\n<meta property=\"og:type\" content=\"article\" \/>\n<meta property=\"og:title\" content=\"Free Email Subject Line Generator (AI-powered) - Benchmark Email\" \/>\n<meta property=\"og:description\" content=\"Our free email subject line generator takes the stress out of crafting headlines that shine in the inbox to drive better email open rates.\" \/>\n<meta property=\"og:url\" content=\"https:\/\/www.benchmarkemail.com\/es\/email-subject-line-generator\/\" \/>\n<meta property=\"og:site_name\" content=\"Benchmark Email - Herramienta de Email Marketing\" \/>\n<meta property=\"article:publisher\" content=\"https:\/\/www.facebook.com\/benchmarkemailes\" \/>\n<meta property=\"article:modified_time\" content=\"2026-01-29T17:23:33+00:00\" \/>\n<meta property=\"og:image\" content=\"https:\/\/s.w.org\/images\/core\/emoji\/15.0.3\/svg\/2728.svg\" \/>\n<meta name=\"twitter:card\" content=\"summary_large_image\" \/>\n<meta name=\"twitter:site\" content=\"@benchmarkesp\" \/>\n<script type=\"application\/ld+json\" class=\"yoast-schema-graph\">{\"@context\":\"https:\\\/\\\/schema.org\",\"@graph\":[{\"@type\":\"WebPage\",\"@id\":\"https:\\\/\\\/www.benchmarkemail.com\\\/es\\\/email-subject-line-generator\\\/\",\"url\":\"https:\\\/\\\/www.benchmarkemail.com\\\/es\\\/email-subject-line-generator\\\/\",\"name\":\"Free Email Subject Line Generator (AI-powered) - Benchmark Email\",\"isPartOf\":{\"@id\":\"https:\\\/\\\/www.benchmarkemail.com\\\/es\\\/#website\"},\"primaryImageOfPage\":{\"@id\":\"https:\\\/\\\/www.benchmarkemail.com\\\/es\\\/email-subject-line-generator\\\/#primaryimage\"},\"image\":{\"@id\":\"https:\\\/\\\/www.benchmarkemail.com\\\/es\\\/email-subject-line-generator\\\/#primaryimage\"},\"thumbnailUrl\":\"https:\\\/\\\/s.w.org\\\/images\\\/core\\\/emoji\\\/15.0.3\\\/svg\\\/2728.svg\",\"datePublished\":\"2024-09-09T09:21:51+00:00\",\"dateModified\":\"2026-01-29T17:23:33+00:00\",\"description\":\"Our free email subject line generator takes the stress out of crafting headlines that shine in the inbox to drive better email open rates.\",\"breadcrumb\":{\"@id\":\"https:\\\/\\\/www.benchmarkemail.com\\\/es\\\/email-subject-line-generator\\\/#breadcrumb\"},\"inLanguage\":\"en-US\",\"potentialAction\":[{\"@type\":\"ReadAction\",\"target\":[\"https:\\\/\\\/www.benchmarkemail.com\\\/es\\\/email-subject-line-generator\\\/\"]}]},{\"@type\":\"ImageObject\",\"inLanguage\":\"en-US\",\"@id\":\"https:\\\/\\\/www.benchmarkemail.com\\\/es\\\/email-subject-line-generator\\\/#primaryimage\",\"url\":\"https:\\\/\\\/s.w.org\\\/images\\\/core\\\/emoji\\\/15.0.3\\\/svg\\\/2728.svg\",\"contentUrl\":\"https:\\\/\\\/s.w.org\\\/images\\\/core\\\/emoji\\\/15.0.3\\\/svg\\\/2728.svg\"},{\"@type\":\"BreadcrumbList\",\"@id\":\"https:\\\/\\\/www.benchmarkemail.com\\\/es\\\/email-subject-line-generator\\\/#breadcrumb\",\"itemListElement\":[{\"@type\":\"ListItem\",\"position\":1,\"name\":\"Home\",\"item\":\"https:\\\/\\\/www.benchmarkemail.com\\\/es\\\/\"},{\"@type\":\"ListItem\",\"position\":2,\"name\":\"Free Email Subject Line Generator (AI-powered)\"}]},{\"@type\":\"WebSite\",\"@id\":\"https:\\\/\\\/www.benchmarkemail.com\\\/es\\\/#website\",\"url\":\"https:\\\/\\\/www.benchmarkemail.com\\\/es\\\/\",\"name\":\"Benchmark Email - Herramienta de Email Marketing\",\"description\":\"Dise\u00f1a, env\u00eda, mide y optimiza tus campa\u00f1as de email y comun\u00edcate con tus clientes a trav\u00e9s del correo electr\u00f3nico.\",\"publisher\":{\"@id\":\"https:\\\/\\\/www.benchmarkemail.com\\\/es\\\/#organization\"},\"potentialAction\":[{\"@type\":\"SearchAction\",\"target\":{\"@type\":\"EntryPoint\",\"urlTemplate\":\"https:\\\/\\\/www.benchmarkemail.com\\\/es\\\/?s={search_term_string}\"},\"query-input\":{\"@type\":\"PropertyValueSpecification\",\"valueRequired\":true,\"valueName\":\"search_term_string\"}}],\"inLanguage\":\"en-US\"},{\"@type\":\"Organization\",\"@id\":\"https:\\\/\\\/www.benchmarkemail.com\\\/es\\\/#organization\",\"name\":\"Benchmark Email\",\"url\":\"https:\\\/\\\/www.benchmarkemail.com\\\/es\\\/\",\"logo\":{\"@type\":\"ImageObject\",\"inLanguage\":\"en-US\",\"@id\":\"https:\\\/\\\/www.benchmarkemail.com\\\/es\\\/#\\\/schema\\\/logo\\\/image\\\/\",\"url\":\"https:\\\/\\\/www.benchmarkemail.com\\\/es\\\/wp-content\\\/uploads\\\/sites\\\/4\\\/2019\\\/09\\\/benchmark-logo.svg\",\"contentUrl\":\"https:\\\/\\\/www.benchmarkemail.com\\\/es\\\/wp-content\\\/uploads\\\/sites\\\/4\\\/2019\\\/09\\\/benchmark-logo.svg\",\"width\":1,\"height\":1,\"caption\":\"Benchmark Email\"},\"image\":{\"@id\":\"https:\\\/\\\/www.benchmarkemail.com\\\/es\\\/#\\\/schema\\\/logo\\\/image\\\/\"},\"sameAs\":[\"https:\\\/\\\/www.facebook.com\\\/benchmarkemailes\",\"https:\\\/\\\/x.com\\\/benchmarkesp\",\"https:\\\/\\\/twitter.com\\\/benchmarkesp\",\"https:\\\/\\\/www.youtube.com\\\/user\\\/BenchmarkEmailESP\",\"https:\\\/\\\/www.tiktok.com\\\/@benchmarkespanol\"]}]}<\/script>\n<!-- \/ Yoast SEO plugin. -->","yoast_head_json":{"title":"Free Email Subject Line Generator (AI-powered) - Benchmark Email","description":"Our free email subject line generator takes the stress out of crafting headlines that shine in the inbox to drive better email open rates.","robots":{"index":"index","follow":"follow","max-snippet":"max-snippet:-1","max-image-preview":"max-image-preview:large","max-video-preview":"max-video-preview:-1"},"canonical":"https:\/\/www.benchmarkemail.com\/es\/email-subject-line-generator\/","og_locale":"en_US","og_type":"article","og_title":"Free Email Subject Line Generator (AI-powered) - Benchmark Email","og_description":"Our free email subject line generator takes the stress out of crafting headlines that shine in the inbox to drive better email open rates.","og_url":"https:\/\/www.benchmarkemail.com\/es\/email-subject-line-generator\/","og_site_name":"Benchmark Email - Herramienta de Email Marketing","article_publisher":"https:\/\/www.facebook.com\/benchmarkemailes","article_modified_time":"2026-01-29T17:23:33+00:00","og_image":[{"url":"https:\/\/s.w.org\/images\/core\/emoji\/15.0.3\/svg\/2728.svg","type":"","width":"","height":""}],"twitter_card":"summary_large_image","twitter_site":"@benchmarkesp","schema":{"@context":"https:\/\/schema.org","@graph":[{"@type":"WebPage","@id":"https:\/\/www.benchmarkemail.com\/es\/email-subject-line-generator\/","url":"https:\/\/www.benchmarkemail.com\/es\/email-subject-line-generator\/","name":"Free Email Subject Line Generator (AI-powered) - Benchmark Email","isPartOf":{"@id":"https:\/\/www.benchmarkemail.com\/es\/#website"},"primaryImageOfPage":{"@id":"https:\/\/www.benchmarkemail.com\/es\/email-subject-line-generator\/#primaryimage"},"image":{"@id":"https:\/\/www.benchmarkemail.com\/es\/email-subject-line-generator\/#primaryimage"},"thumbnailUrl":"https:\/\/s.w.org\/images\/core\/emoji\/15.0.3\/svg\/2728.svg","datePublished":"2024-09-09T09:21:51+00:00","dateModified":"2026-01-29T17:23:33+00:00","description":"Our free email subject line generator takes the stress out of crafting headlines that shine in the inbox to drive better email open rates.","breadcrumb":{"@id":"https:\/\/www.benchmarkemail.com\/es\/email-subject-line-generator\/#breadcrumb"},"inLanguage":"en-US","potentialAction":[{"@type":"ReadAction","target":["https:\/\/www.benchmarkemail.com\/es\/email-subject-line-generator\/"]}]},{"@type":"ImageObject","inLanguage":"en-US","@id":"https:\/\/www.benchmarkemail.com\/es\/email-subject-line-generator\/#primaryimage","url":"https:\/\/s.w.org\/images\/core\/emoji\/15.0.3\/svg\/2728.svg","contentUrl":"https:\/\/s.w.org\/images\/core\/emoji\/15.0.3\/svg\/2728.svg"},{"@type":"BreadcrumbList","@id":"https:\/\/www.benchmarkemail.com\/es\/email-subject-line-generator\/#breadcrumb","itemListElement":[{"@type":"ListItem","position":1,"name":"Home","item":"https:\/\/www.benchmarkemail.com\/es\/"},{"@type":"ListItem","position":2,"name":"Free Email Subject Line Generator (AI-powered)"}]},{"@type":"WebSite","@id":"https:\/\/www.benchmarkemail.com\/es\/#website","url":"https:\/\/www.benchmarkemail.com\/es\/","name":"Benchmark Email - Herramienta de Email Marketing","description":"Dise\u00f1a, env\u00eda, mide y optimiza tus campa\u00f1as de email y comun\u00edcate con tus clientes a trav\u00e9s del correo electr\u00f3nico.","publisher":{"@id":"https:\/\/www.benchmarkemail.com\/es\/#organization"},"potentialAction":[{"@type":"SearchAction","target":{"@type":"EntryPoint","urlTemplate":"https:\/\/www.benchmarkemail.com\/es\/?s={search_term_string}"},"query-input":{"@type":"PropertyValueSpecification","valueRequired":true,"valueName":"search_term_string"}}],"inLanguage":"en-US"},{"@type":"Organization","@id":"https:\/\/www.benchmarkemail.com\/es\/#organization","name":"Benchmark Email","url":"https:\/\/www.benchmarkemail.com\/es\/","logo":{"@type":"ImageObject","inLanguage":"en-US","@id":"https:\/\/www.benchmarkemail.com\/es\/#\/schema\/logo\/image\/","url":"https:\/\/www.benchmarkemail.com\/es\/wp-content\/uploads\/sites\/4\/2019\/09\/benchmark-logo.svg","contentUrl":"https:\/\/www.benchmarkemail.com\/es\/wp-content\/uploads\/sites\/4\/2019\/09\/benchmark-logo.svg","width":1,"height":1,"caption":"Benchmark Email"},"image":{"@id":"https:\/\/www.benchmarkemail.com\/es\/#\/schema\/logo\/image\/"},"sameAs":["https:\/\/www.facebook.com\/benchmarkemailes","https:\/\/x.com\/benchmarkesp","https:\/\/twitter.com\/benchmarkesp","https:\/\/www.youtube.com\/user\/BenchmarkEmailESP","https:\/\/www.tiktok.com\/@benchmarkespanol"]}]}},"_links":{"self":[{"href":"https:\/\/www.benchmarkemail.com\/es\/wp-json\/wp\/v2\/pages\/39454","targetHints":{"allow":["GET"]}}],"collection":[{"href":"https:\/\/www.benchmarkemail.com\/es\/wp-json\/wp\/v2\/pages"}],"about":[{"href":"https:\/\/www.benchmarkemail.com\/es\/wp-json\/wp\/v2\/types\/page"}],"author":[{"embeddable":true,"href":"https:\/\/www.benchmarkemail.com\/es\/wp-json\/wp\/v2\/users\/7"}],"replies":[{"embeddable":true,"href":"https:\/\/www.benchmarkemail.com\/es\/wp-json\/wp\/v2\/comments?post=39454"}],"version-history":[{"count":0,"href":"https:\/\/www.benchmarkemail.com\/es\/wp-json\/wp\/v2\/pages\/39454\/revisions"}],"wp:attachment":[{"href":"https:\/\/www.benchmarkemail.com\/es\/wp-json\/wp\/v2\/media?parent=39454"}],"curies":[{"name":"wp","href":"https:\/\/api.w.org\/{rel}","templated":true}]}}