{"id":450,"date":"2019-10-08T21:31:47","date_gmt":"2019-10-08T21:31:47","guid":{"rendered":"http:\/\/bme2.flywheelsites.com\/?page_id=450"},"modified":"2026-02-04T18:02:52","modified_gmt":"2026-02-04T18:02:52","slug":"integrations","status":"publish","type":"page","link":"https:\/\/www.benchmarkemail.com\/es\/partners\/integrations\/","title":{"rendered":"Integration Partners"},"content":{"rendered":"\n<h1>\n\t\t\tInt\u00e9grate con Benchmark\t<\/h1>\n<figure itemscope itemtype=\"https:\/\/schema.org\/ImageObject\">\n\t\t\t\t<img decoding=\"async\" src=\"https:\/\/www.benchmarkemail.com\/wp-content\/uploads\/2019\/10\/reports.svg\" alt=\"reports\" height=\"\" width=\"\" title=\"reports\" onerror=\"this.style.display='none'\" loading=\"lazy\" \/>\n\t<\/figure>\n\t<p>Integrarse con Benchmark significa mucho m\u00e1s que una simple colaboraci\u00f3n. Significa asociarse con una empresa con grandes valores&#8230; que es l\u00edder mundial en herramientas de marketing online: email marketing, automatizaci\u00f3n del marketing, landing pages. Adem\u00e1s, ganar\u00e1s exposici\u00f3n para los cientos y miles de clientes que ya utilizan Benchmark para su negocio a nivel mundial.<\/p>\n<p>Hemos desarrollado una API sencilla y robusta que nos permite integrarnos de forma muy f\u00e1cil, con la supervisi\u00f3n de nuestro impresionante equipo de expertos, si fuese necesario.<\/p>\n<p><a href=\"https:\/\/developer.benchmarkemail.wpengine.com\/\">RESTful API<\/a><\/p>\n<h2>\n\t\t\tInt\u00e9grate con Benchmark hoy mismo\t<\/h2>\n\t<h4>Entra en contacto con nuestro equipo experto en integraciones<\/h4>\n<p>Nuestros socios en integraciones disfrutan de varias oportunidades para enriquecer la experiencia de sus clientes y llegar a un nuevo p\u00fablico:<\/p>\n<ul>\n<li>Soporte exclusivo para desarrolladores.<\/li>\n<li>Promoci\u00f3n de tus servicios en nuestra newsletter y en nuestra p\u00e1gina web.<\/li>\n<li>Exposici\u00f3n de tu marca a trav\u00e9s de Benchmark in-app.<\/li>\n<li>Oportunidades de marketing, como seminarios web de marca compartida, publicaciones en el blog e informes.<\/li>\n<\/ul>\n\t<h5>Hazte socio<\/h5>\n    <form accept-charset=\"utf-8\" action=\"https:\/\/app.hatchbuck.com\/onlineForm\/submit.php\" id=\"form_93633619739\" method=\"post\" name=\"form_93633619739\">\n    \t<input name=\"formID\" type=\"hidden\" value=\"93633619739\"\/>\n    \t<input name=\"enableServerValidation\" type=\"hidden\" value=\"1\"\/>\n    \t<input name=\"enable303Redirect\" type=\"hidden\" value=\"0\"\/> \n                    <input id=\"input_1\" name=\"q1_firstName1\" placeholder=\"Nombre\" type=\"text\"\/>\n    \t\t\t    <input id=\"input_3\" name=\"q3_lastName3\" placeholder=\"Apellido\" type=\"text\"\/>\n            <input id=\"input_4\" name=\"q4_email\" placeholder=\"Direcci\u00f3n de correo electr\u00f3nico\" type=\"email\"\/>\n                    <input id=\"input_5_area\" placeholder=\"Prefijo telef\u00f3nico internacional\" maxlength=\"3\" name=\"q5_phoneNumber5[area]\" type=\"text\"\/>\n                    <input id=\"input_5_phone\" placeholder=\"N\u00famero de tel\u00e9fono\" name=\"q5_phoneNumber5[phone]\" type=\"text\"\/>\n            <input id=\"input_6\" name=\"q6_company6\" placeholder=\"Nombre de empresa\" type=\"text\"\/>\n            <textarea cols=\"41\" placeholder=\"Tu mensaje\" name=\"q7_customTextarea7\" rows=\"6\"><\/textarea>\n            <button type=\"submit\">CONTACTA CON NOSOTROS<\/button>\n        <ul>\n        \t<li><input id=\"input_8\" name=\"q8_customTextbox8\" value=\"ES Website\" type=\"text\"\/><\/li>\n    \t    <li>Should be Empty: <input name=\"website\" type=\"hidden\" value=\"\"\/><\/li>\n    \t\t<li><input id=\"simple_spc\" name=\"simple_spc\" type=\"hidden\" value=\"93633619739-93633619739\"\/><\/li>\n\t    <\/ul>\n    <\/form>\n\n","protected":false},"excerpt":{"rendered":"<p>Int\u00e9grate con Benchmark Integrarse con Benchmark significa mucho m\u00e1s que una simple colaboraci\u00f3n. Significa asociarse con una empresa con grandes valores&#8230; que es l\u00edder mundial en herramientas de marketing online: email marketing, automatizaci\u00f3n del marketing, landing pages. Adem\u00e1s, ganar\u00e1s exposici\u00f3n para los cientos y miles de clientes que ya utilizan Benchmark para su negocio a&hellip;<\/p>\n","protected":false},"author":3,"featured_media":0,"parent":68,"menu_order":0,"comment_status":"closed","ping_status":"closed","template":"","meta":{"inline_featured_image":false,"footnotes":""},"class_list":["post-450","page","type-page","status-publish","hentry"],"yoast_head":"<!-- This site is optimized with the Yoast SEO plugin v27.3 - https:\/\/yoast.com\/product\/yoast-seo-wordpress\/ -->\n<title>Int\u00e9grate con Benchmark - Benchmark Email<\/title>\n<meta name=\"robots\" content=\"index, follow, max-snippet:-1, max-image-preview:large, max-video-preview:-1\" \/>\n<link rel=\"canonical\" href=\"https:\/\/www.benchmarkemail.com\/es\/partners\/integrations\/\" \/>\n<meta property=\"og:locale\" content=\"en_US\" \/>\n<meta property=\"og:type\" content=\"article\" \/>\n<meta property=\"og:title\" content=\"Int\u00e9grate con Benchmark - Benchmark Email\" \/>\n<meta property=\"og:description\" content=\"Int\u00e9grate con Benchmark Integrarse con Benchmark significa mucho m\u00e1s que una simple colaboraci\u00f3n. Significa asociarse con una empresa con grandes valores&#8230; que es l\u00edder mundial en herramientas de marketing online: email marketing, automatizaci\u00f3n del marketing, landing pages. Adem\u00e1s, ganar\u00e1s exposici\u00f3n para los cientos y miles de clientes que ya utilizan Benchmark para su negocio a&hellip;\" \/>\n<meta property=\"og:url\" content=\"https:\/\/www.benchmarkemail.com\/es\/partners\/integrations\/\" \/>\n<meta property=\"og:site_name\" content=\"Benchmark Email - Herramienta de Email Marketing\" \/>\n<meta property=\"article:publisher\" content=\"https:\/\/www.facebook.com\/benchmarkemailes\" \/>\n<meta property=\"article:modified_time\" content=\"2026-02-04T18:02:52+00:00\" \/>\n<meta property=\"og:image\" content=\"https:\/\/www.benchmarkemail.com\/wp-content\/uploads\/2019\/10\/reports.svg\" \/>\n<meta name=\"twitter:card\" content=\"summary_large_image\" \/>\n<meta name=\"twitter:site\" content=\"@benchmarkesp\" \/>\n<meta name=\"twitter:label1\" content=\"Est. reading time\" \/>\n\t<meta name=\"twitter:data1\" content=\"1 minute\" \/>\n<script type=\"application\/ld+json\" class=\"yoast-schema-graph\">{\"@context\":\"https:\\\/\\\/schema.org\",\"@graph\":[{\"@type\":\"WebPage\",\"@id\":\"https:\\\/\\\/www.benchmarkemail.com\\\/es\\\/partners\\\/integrations\\\/\",\"url\":\"https:\\\/\\\/www.benchmarkemail.com\\\/es\\\/partners\\\/integrations\\\/\",\"name\":\"Int\u00e9grate con Benchmark - Benchmark Email\",\"isPartOf\":{\"@id\":\"https:\\\/\\\/www.benchmarkemail.com\\\/es\\\/#website\"},\"primaryImageOfPage\":{\"@id\":\"https:\\\/\\\/www.benchmarkemail.com\\\/es\\\/partners\\\/integrations\\\/#primaryimage\"},\"image\":{\"@id\":\"https:\\\/\\\/www.benchmarkemail.com\\\/es\\\/partners\\\/integrations\\\/#primaryimage\"},\"thumbnailUrl\":\"https:\\\/\\\/www.benchmarkemail.com\\\/wp-content\\\/uploads\\\/2019\\\/10\\\/reports.svg\",\"datePublished\":\"2019-10-08T21:31:47+00:00\",\"dateModified\":\"2026-02-04T18:02:52+00:00\",\"breadcrumb\":{\"@id\":\"https:\\\/\\\/www.benchmarkemail.com\\\/es\\\/partners\\\/integrations\\\/#breadcrumb\"},\"inLanguage\":\"en-US\",\"potentialAction\":[{\"@type\":\"ReadAction\",\"target\":[\"https:\\\/\\\/www.benchmarkemail.com\\\/es\\\/partners\\\/integrations\\\/\"]}]},{\"@type\":\"ImageObject\",\"inLanguage\":\"en-US\",\"@id\":\"https:\\\/\\\/www.benchmarkemail.com\\\/es\\\/partners\\\/integrations\\\/#primaryimage\",\"url\":\"https:\\\/\\\/www.benchmarkemail.com\\\/wp-content\\\/uploads\\\/2019\\\/10\\\/reports.svg\",\"contentUrl\":\"https:\\\/\\\/www.benchmarkemail.com\\\/wp-content\\\/uploads\\\/2019\\\/10\\\/reports.svg\"},{\"@type\":\"BreadcrumbList\",\"@id\":\"https:\\\/\\\/www.benchmarkemail.com\\\/es\\\/partners\\\/integrations\\\/#breadcrumb\",\"itemListElement\":[{\"@type\":\"ListItem\",\"position\":1,\"name\":\"Home\",\"item\":\"https:\\\/\\\/www.benchmarkemail.com\\\/es\\\/\"},{\"@type\":\"ListItem\",\"position\":2,\"name\":\"Partners\",\"item\":\"https:\\\/\\\/www.benchmarkemail.com\\\/es\\\/partners\\\/\"},{\"@type\":\"ListItem\",\"position\":3,\"name\":\"Integration Partners\"}]},{\"@type\":\"WebSite\",\"@id\":\"https:\\\/\\\/www.benchmarkemail.com\\\/es\\\/#website\",\"url\":\"https:\\\/\\\/www.benchmarkemail.com\\\/es\\\/\",\"name\":\"Benchmark Email - Herramienta de Email Marketing\",\"description\":\"Dise\u00f1a, env\u00eda, mide y optimiza tus campa\u00f1as de email y comun\u00edcate con tus clientes a trav\u00e9s del correo electr\u00f3nico.\",\"publisher\":{\"@id\":\"https:\\\/\\\/www.benchmarkemail.com\\\/es\\\/#organization\"},\"potentialAction\":[{\"@type\":\"SearchAction\",\"target\":{\"@type\":\"EntryPoint\",\"urlTemplate\":\"https:\\\/\\\/www.benchmarkemail.com\\\/es\\\/?s={search_term_string}\"},\"query-input\":{\"@type\":\"PropertyValueSpecification\",\"valueRequired\":true,\"valueName\":\"search_term_string\"}}],\"inLanguage\":\"en-US\"},{\"@type\":\"Organization\",\"@id\":\"https:\\\/\\\/www.benchmarkemail.com\\\/es\\\/#organization\",\"name\":\"Benchmark Email\",\"url\":\"https:\\\/\\\/www.benchmarkemail.com\\\/es\\\/\",\"logo\":{\"@type\":\"ImageObject\",\"inLanguage\":\"en-US\",\"@id\":\"https:\\\/\\\/www.benchmarkemail.com\\\/es\\\/#\\\/schema\\\/logo\\\/image\\\/\",\"url\":\"https:\\\/\\\/www.benchmarkemail.com\\\/es\\\/wp-content\\\/uploads\\\/sites\\\/4\\\/2019\\\/09\\\/benchmark-logo.svg\",\"contentUrl\":\"https:\\\/\\\/www.benchmarkemail.com\\\/es\\\/wp-content\\\/uploads\\\/sites\\\/4\\\/2019\\\/09\\\/benchmark-logo.svg\",\"width\":1,\"height\":1,\"caption\":\"Benchmark Email\"},\"image\":{\"@id\":\"https:\\\/\\\/www.benchmarkemail.com\\\/es\\\/#\\\/schema\\\/logo\\\/image\\\/\"},\"sameAs\":[\"https:\\\/\\\/www.facebook.com\\\/benchmarkemailes\",\"https:\\\/\\\/x.com\\\/benchmarkesp\",\"https:\\\/\\\/twitter.com\\\/benchmarkesp\",\"https:\\\/\\\/www.youtube.com\\\/user\\\/BenchmarkEmailESP\",\"https:\\\/\\\/www.tiktok.com\\\/@benchmarkespanol\"]}]}<\/script>\n<!-- \/ Yoast SEO plugin. -->","yoast_head_json":{"title":"Int\u00e9grate con Benchmark - Benchmark Email","robots":{"index":"index","follow":"follow","max-snippet":"max-snippet:-1","max-image-preview":"max-image-preview:large","max-video-preview":"max-video-preview:-1"},"canonical":"https:\/\/www.benchmarkemail.com\/es\/partners\/integrations\/","og_locale":"en_US","og_type":"article","og_title":"Int\u00e9grate con Benchmark - Benchmark Email","og_description":"Int\u00e9grate con Benchmark Integrarse con Benchmark significa mucho m\u00e1s que una simple colaboraci\u00f3n. Significa asociarse con una empresa con grandes valores&#8230; que es l\u00edder mundial en herramientas de marketing online: email marketing, automatizaci\u00f3n del marketing, landing pages. Adem\u00e1s, ganar\u00e1s exposici\u00f3n para los cientos y miles de clientes que ya utilizan Benchmark para su negocio a&hellip;","og_url":"https:\/\/www.benchmarkemail.com\/es\/partners\/integrations\/","og_site_name":"Benchmark Email - Herramienta de Email Marketing","article_publisher":"https:\/\/www.facebook.com\/benchmarkemailes","article_modified_time":"2026-02-04T18:02:52+00:00","og_image":[{"url":"https:\/\/www.benchmarkemail.com\/wp-content\/uploads\/2019\/10\/reports.svg","type":"","width":"","height":""}],"twitter_card":"summary_large_image","twitter_site":"@benchmarkesp","twitter_misc":{"Est. reading time":"1 minute"},"schema":{"@context":"https:\/\/schema.org","@graph":[{"@type":"WebPage","@id":"https:\/\/www.benchmarkemail.com\/es\/partners\/integrations\/","url":"https:\/\/www.benchmarkemail.com\/es\/partners\/integrations\/","name":"Int\u00e9grate con Benchmark - Benchmark Email","isPartOf":{"@id":"https:\/\/www.benchmarkemail.com\/es\/#website"},"primaryImageOfPage":{"@id":"https:\/\/www.benchmarkemail.com\/es\/partners\/integrations\/#primaryimage"},"image":{"@id":"https:\/\/www.benchmarkemail.com\/es\/partners\/integrations\/#primaryimage"},"thumbnailUrl":"https:\/\/www.benchmarkemail.com\/wp-content\/uploads\/2019\/10\/reports.svg","datePublished":"2019-10-08T21:31:47+00:00","dateModified":"2026-02-04T18:02:52+00:00","breadcrumb":{"@id":"https:\/\/www.benchmarkemail.com\/es\/partners\/integrations\/#breadcrumb"},"inLanguage":"en-US","potentialAction":[{"@type":"ReadAction","target":["https:\/\/www.benchmarkemail.com\/es\/partners\/integrations\/"]}]},{"@type":"ImageObject","inLanguage":"en-US","@id":"https:\/\/www.benchmarkemail.com\/es\/partners\/integrations\/#primaryimage","url":"https:\/\/www.benchmarkemail.com\/wp-content\/uploads\/2019\/10\/reports.svg","contentUrl":"https:\/\/www.benchmarkemail.com\/wp-content\/uploads\/2019\/10\/reports.svg"},{"@type":"BreadcrumbList","@id":"https:\/\/www.benchmarkemail.com\/es\/partners\/integrations\/#breadcrumb","itemListElement":[{"@type":"ListItem","position":1,"name":"Home","item":"https:\/\/www.benchmarkemail.com\/es\/"},{"@type":"ListItem","position":2,"name":"Partners","item":"https:\/\/www.benchmarkemail.com\/es\/partners\/"},{"@type":"ListItem","position":3,"name":"Integration Partners"}]},{"@type":"WebSite","@id":"https:\/\/www.benchmarkemail.com\/es\/#website","url":"https:\/\/www.benchmarkemail.com\/es\/","name":"Benchmark Email - Herramienta de Email Marketing","description":"Dise\u00f1a, env\u00eda, mide y optimiza tus campa\u00f1as de email y comun\u00edcate con tus clientes a trav\u00e9s del correo electr\u00f3nico.","publisher":{"@id":"https:\/\/www.benchmarkemail.com\/es\/#organization"},"potentialAction":[{"@type":"SearchAction","target":{"@type":"EntryPoint","urlTemplate":"https:\/\/www.benchmarkemail.com\/es\/?s={search_term_string}"},"query-input":{"@type":"PropertyValueSpecification","valueRequired":true,"valueName":"search_term_string"}}],"inLanguage":"en-US"},{"@type":"Organization","@id":"https:\/\/www.benchmarkemail.com\/es\/#organization","name":"Benchmark Email","url":"https:\/\/www.benchmarkemail.com\/es\/","logo":{"@type":"ImageObject","inLanguage":"en-US","@id":"https:\/\/www.benchmarkemail.com\/es\/#\/schema\/logo\/image\/","url":"https:\/\/www.benchmarkemail.com\/es\/wp-content\/uploads\/sites\/4\/2019\/09\/benchmark-logo.svg","contentUrl":"https:\/\/www.benchmarkemail.com\/es\/wp-content\/uploads\/sites\/4\/2019\/09\/benchmark-logo.svg","width":1,"height":1,"caption":"Benchmark Email"},"image":{"@id":"https:\/\/www.benchmarkemail.com\/es\/#\/schema\/logo\/image\/"},"sameAs":["https:\/\/www.facebook.com\/benchmarkemailes","https:\/\/x.com\/benchmarkesp","https:\/\/twitter.com\/benchmarkesp","https:\/\/www.youtube.com\/user\/BenchmarkEmailESP","https:\/\/www.tiktok.com\/@benchmarkespanol"]}]}},"_links":{"self":[{"href":"https:\/\/www.benchmarkemail.com\/es\/wp-json\/wp\/v2\/pages\/450","targetHints":{"allow":["GET"]}}],"collection":[{"href":"https:\/\/www.benchmarkemail.com\/es\/wp-json\/wp\/v2\/pages"}],"about":[{"href":"https:\/\/www.benchmarkemail.com\/es\/wp-json\/wp\/v2\/types\/page"}],"author":[{"embeddable":true,"href":"https:\/\/www.benchmarkemail.com\/es\/wp-json\/wp\/v2\/users\/3"}],"replies":[{"embeddable":true,"href":"https:\/\/www.benchmarkemail.com\/es\/wp-json\/wp\/v2\/comments?post=450"}],"version-history":[{"count":0,"href":"https:\/\/www.benchmarkemail.com\/es\/wp-json\/wp\/v2\/pages\/450\/revisions"}],"up":[{"embeddable":true,"href":"https:\/\/www.benchmarkemail.com\/es\/wp-json\/wp\/v2\/pages\/68"}],"wp:attachment":[{"href":"https:\/\/www.benchmarkemail.com\/es\/wp-json\/wp\/v2\/media?parent=450"}],"curies":[{"name":"wp","href":"https:\/\/api.w.org\/{rel}","templated":true}]}}