{"id":48406,"date":"2025-11-18T12:26:20","date_gmt":"2025-11-18T12:26:20","guid":{"rendered":"https:\/\/www.benchmarkemail.com\/es\/?page_id=48406"},"modified":"2026-02-16T10:10:50","modified_gmt":"2026-02-16T10:10:50","slug":"nxg-home","status":"publish","type":"page","link":"https:\/\/www.benchmarkemail.com\/es\/","title":{"rendered":"HOME"},"content":{"rendered":"\n<h1>\n\t\t\tEmail marketing f\u00e1cil. Como debe ser.\t<\/h1>\n\t<p>Crea y env\u00eda tus campa\u00f1as de <a href=\"\/es\/email-marketing-software\">email marketing<\/a> en menos tiempo. Benchmark es una plataforma moderna que te ayuda a obtener resultados, respaldada por un equipo de expertos que s\u00ed est\u00e1 para ayudarte.<\/p>\n\t\t\t<a href=\"https:\/\/app.benchmarkemail.io\/register?language=es\"  target=\"_blank\" rel=\"noopener\"    rel=\"noopener\">\n\t\t\t\t\t\t\tPru\u00e9balo gratis\n\t\t\t\t\t<\/a>\n\t<p><img decoding=\"async\" src=\"https:\/\/www.benchmarkemail.com\/wp-content\/uploads\/2025\/03\/card.svg\" alt=\"No credit card required.\" \/> No necesitas tarjeta de cr\u00e9dito.<\/p>\n<figure itemscope itemtype=\"https:\/\/schema.org\/ImageObject\">\n\t\t\t\t<img decoding=\"async\" src=\"https:\/\/www.benchmarkemail.com\/images\/nxg\/nxg-home\/spring-2025-grid-leader.webp\" alt=\"spring-2025-grid-leader.webp\" title=\"spring-2025-grid-leader.webp\" onerror=\"this.style.display='none'\" loading=\"lazy\" \/>\n\t<\/figure>\n<figure itemscope itemtype=\"https:\/\/schema.org\/ImageObject\">\n\t\t\t\t<img decoding=\"async\" src=\"https:\/\/www.benchmarkemail.com\/images\/nxg\/nxg-home\/nxg-rating.svg\" alt=\"nxg-rating.svg\" title=\"nxg-rating.svg\" onerror=\"this.style.display='none'\" loading=\"lazy\" \/>\n\t<\/figure>\n\t<video autoplay muted loop playsinline id=\"heroVideo\"\n  poster=\"https:\/\/www.benchmarkemail.com\/es\/wp-content\/uploads\/sites\/4\/2026\/01\/thumbnail_1_0.0s.webp\">\n  <source src=\"https:\/\/www.benchmarkemail.com\/es\/wp-content\/uploads\/sites\/4\/2026\/01\/Hero-Video-ES-compressed.mp4\" type=\"video\/mp4\"\/>\n  Your browser does not support the video tag.\n<\/video>\n\t\n<h2>\n\t\t\tTienes cosas m\u00e1s importantes que hacer que pelearte con una herramienta\t<\/h2>\n\t<p>Solo quieres enviar emails&#8230;pero los procesos largos y los tutoriales complicados te frenan.<\/p>\n\t<p>Cuando surge un problema, conseguir soporte real es una odisea.<\/p>\n\t<p>Y los planes de precios confusos hacen que elegir una plataforma te lleve m\u00e1s tiempo del que deber\u00eda.<\/p>\n<h2>\n\t\t\t\u00bfPor qu\u00e9 Benchmark?<br \/> Eliminamos el caos del email marketing.\t<\/h2>\n\t<p>Env\u00eda emails m\u00e1s r\u00e1pido, sin complicarte la vida.<\/p>\n<figure itemscope itemtype=\"https:\/\/schema.org\/ImageObject\">\n\t\t\t\t<img decoding=\"async\" src=\"https:\/\/www.benchmarkemail.com\/images\/nxg\/nxg-home\/email-marketing.webp\" alt=\"email-marketing.webp\" title=\"email-marketing.webp\" onerror=\"this.style.display='none'\" loading=\"lazy\" \/>\n\t<\/figure>\n<h3>\n\t\t\tEmail marketing dise\u00f1ado para marketers ocupados.\t<\/h3>\n\t<p>Dedica menos tiempo a pelear con el software y m\u00e1s a crear buenos emails. Nuestra interfaz intuitiva quita todo lo innecesario para que puedas centrarte en lo que importa: escribir, dise\u00f1ar y conectar con tu audiencia.<\/p>\n<figure itemscope itemtype=\"https:\/\/schema.org\/ImageObject\">\n\t\t\t\t<img decoding=\"async\" src=\"https:\/\/www.benchmarkemail.com\/es\/wp-content\/uploads\/sites\/4\/2026\/01\/value-nodistractions.webp\" alt=\"value-nodistractions\" height=\"774\" width=\"1094\" title=\"value-nodistractions\" onerror=\"this.style.display='none'\" loading=\"lazy\" \/>\n\t<\/figure>\n<figure itemscope itemtype=\"https:\/\/schema.org\/ImageObject\">\n\t\t\t\t<img decoding=\"async\" src=\"https:\/\/www.benchmarkemail.com\/es\/wp-content\/uploads\/sites\/4\/2026\/01\/real-support.webp\" alt=\"real-support\" height=\"891\" width=\"770\" title=\"real-support\" onerror=\"this.style.display='none'\" loading=\"lazy\" \/>\n\t<\/figure>\n<h3>\n\t\t\tSoporte real de personas que s\u00ed quieren ayudarte.\t<\/h3>\n\t<p>Sin chatbots. Sin colas interminables. Solo personas amables y expertas listas para ayudarte cuando lo necesites. Tus campa\u00f1as no deber\u00edan fallar por falta de soporte.<\/p>\n<h3>\n\t\t\tQu\u00e9 dicen los marketers sobre Benchmark\t<\/h3>\n\t<p>&#8220;Muchas plataformas presumen de ser f\u00e1ciles&#8230; mientras ocultan una complejidad enorme. En Benchmark lo que m\u00e1s me gusta es lo sencillo que es crear y enviar un email. Puedo construir el dise\u00f1o que quiero sin sentirme limitada por plantillas, y los reportes son claros e intuitivos.&#8221;<\/p>\n<figure itemscope itemtype=\"https:\/\/schema.org\/ImageObject\">\n\t\t\t\t<img decoding=\"async\" src=\"https:\/\/www.benchmarkemail.com\/wp-content\/uploads\/2025\/09\/val-lynn-booth-loKation-Mortgage-150x150.jpg\" alt=\"val lynn booth loKation Mortgage\" height=\"150\" width=\"150\" title=\"val lynn booth loKation Mortgage\" onerror=\"this.style.display='none'\" loading=\"lazy\" \/>\n\t<\/figure>\n\t<strong>Val Lynn Booth<\/strong><br \/>\n<em>LoKation Mortgage<\/em>\n<h2>\n\t\t\tPreguntas frecuentes\t<\/h2>\n\t<p>Estas son las preguntas m\u00e1s frecuentes sobre Benchmark Email. \u00bfNo encuentras lo que buscas? <a href=\"\/es\/contact\/\">\u00a1Chatea con nuestro equipo!<\/a><\/p>\n\t\t\t\t\t<a role=\"heading\" aria-level=\"2\" tabindex=\"-1\"  id=\"fl-accordion--label-0\">\u00bfCu\u00e1l es la plataforma de email marketing m\u00e1s f\u00e1cil para peque\u00f1as y medianas empresas?<\/a>\n\t\t\t\t\t\t\t\t\t\t\t<button type=\"button\" id=\"fl-accordion--icon-0\" aria-expanded=\"false\" aria-controls=\"fl-accordion--panel-0\"><i>Expand<\/i><\/button>\n\t\t\t\t\t<p>Benchmark Email est\u00e1 hecha para marketers ocupados que no tienen tiempo que perder con un software complicado. Hemos eliminado las funcionalidades innecesarias y nos quedamos con lo que importa: crear emails profesionales de forma r\u00e1pida. Nuestro editor intuitivo te permite dise\u00f1ar, enviar y medir en solo unos clics. Sin curva de aprendizaje. Sin funciones innecesarias. Solo email marketing f\u00e1cil que funciona.<\/p>\n\t\t\t\t\t<a role=\"heading\" aria-level=\"2\" tabindex=\"-1\"  id=\"fl-accordion--label-1\">\u00bfPara qui\u00e9n es Benchmark Email?<\/a>\n\t\t\t\t\t\t\t\t\t\t\t<button type=\"button\" id=\"fl-accordion--icon-1\" aria-expanded=\"false\" aria-controls=\"fl-accordion--panel-1\"><i>Expand<\/i><\/button>\n\t\t\t\t\t<p>Para marketers ocupados o equipos peque\u00f1os de PYMES que necesitan una plataforma simple e intuitiva, con segmentaci\u00f3n y personalizaci\u00f3n b\u00e1sicas. Nuestros mejores clientes env\u00edan newsletters y promociones semanales, y valoran la rapidez y la facilidad por encima de flujos ultracomplejos.<\/p>\n\t\t\t\t\t<a role=\"heading\" aria-level=\"2\" tabindex=\"-1\"  id=\"fl-accordion--label-2\">\u00bfCu\u00e1nto cuesta Benchmark Email en comparaci\u00f3n con otras plataformas?<\/a>\n\t\t\t\t\t\t\t\t\t\t\t<button type=\"button\" id=\"fl-accordion--icon-2\" aria-expanded=\"false\" aria-controls=\"fl-accordion--panel-2\"><i>Expand<\/i><\/button>\n\t\t\t\t\t<p>A diferencia de las suites &#8220;todo en uno&#8221; sobrecargadas que cobran por funciones que no usas, en Benchmark mantenemos todo simple y accesible. Tenemos precios claros que escalan con tu lista y tu equipo. Sin tarifas ocultas. Sin sorpresas. Nuestros planes empiezan en 37$\/mes por 500 contactos. Los planes est\u00e1n disponibles en tu moneda local. <a href=\"\/es\/pricing\/\">Consulta nuestra p\u00e1gina de precios<\/a> para elegir el que mejor se adapte a ti.<\/p>\n\t\t\t\t\t<a role=\"heading\" aria-level=\"2\" tabindex=\"-1\"  id=\"fl-accordion--label-3\">\u00bfPuedo crear emails profesionales sin experiencia en dise\u00f1o?<\/a>\n\t\t\t\t\t\t\t\t\t\t\t<button type=\"button\" id=\"fl-accordion--icon-3\" aria-expanded=\"false\" aria-controls=\"fl-accordion--panel-3\"><i>Expand<\/i><\/button>\n\t\t\t\t\t<p>Claro que s\u00ed. El editor arrastrar y soltar de Benchmark hace que crear newsletters y campa\u00f1as promocionales sea rid\u00edculamente f\u00e1cil, incluso si nunca has dise\u00f1ado nada. Elige una plantilla, personal\u00edzala en minutos y listo para enviar. Sin c\u00f3digo. Sin estr\u00e9s. Y con resultados profesionales.<\/p>\n\t\t\t\t\t<a role=\"heading\" aria-level=\"2\" tabindex=\"-1\"  id=\"fl-accordion--label-4\">\u00bfBenchmark Email tiene buena entregabilidad?<\/a>\n\t\t\t\t\t\t\t\t\t\t\t<button type=\"button\" id=\"fl-accordion--icon-4\" aria-expanded=\"false\" aria-controls=\"fl-accordion--panel-4\"><i>Expand<\/i><\/button>\n\t\t\t\t\t<p>S\u00ed. Nuestra tecnolog\u00eda trabaja en segundo plano para que tus emails lleguen a bandeja de entrada, no a spam. Nos encargamos de la parte t\u00e9cnica para que t\u00fa puedas centrarte en tu mensaje. Y si tienes dudas, nuestro equipo humano (no bots) est\u00e1 aqu\u00ed para ayudarte.<\/p>\n\t\t\t\t\t<a role=\"heading\" aria-level=\"2\" tabindex=\"-1\"  id=\"fl-accordion--label-5\">\u00bfCu\u00e1nto tardo en enviar una campa\u00f1a con Benchmark Email?<\/a>\n\t\t\t\t\t\t\t\t\t\t\t<button type=\"button\" id=\"fl-accordion--icon-5\" aria-expanded=\"false\" aria-controls=\"fl-accordion--panel-5\"><i>Expand<\/i><\/button>\n\t\t\t\t\t<p>Muy poco. Hemos eliminado los pasos innecesarios y los flujos complicados que te hacen perder tiempo en otras plataformas. Elige una plantilla, a\u00f1ade tu contenido, importa tus contactos y env\u00eda. La mayor\u00eda de marketers lanzan sus campa\u00f1as en menos de 30 minutos. Perfecto para marketers todoterreno que manejan mil tareas y necesitan enviar emails profesionales r\u00e1pido.<\/p>\n\t\t\t\t\t<a role=\"heading\" aria-level=\"2\" tabindex=\"-1\"  id=\"fl-accordion--label-6\">\u00bfQu\u00e9 tipo de soporte ofrece Benchmark Email?<\/a>\n\t\t\t\t\t\t\t\t\t\t\t<button type=\"button\" id=\"fl-accordion--icon-6\" aria-expanded=\"false\" aria-controls=\"fl-accordion--panel-6\"><i>Expand<\/i><\/button>\n\t\t\t\t\t<p>Soporte real de personas reales. Nada de chatbots que bloquean tu acceso. Estamos aqu\u00ed para ayudarte tanto si est\u00e1s enviando tu primera newsletter como tu campa\u00f1a n\u00famero mil. Responder, guiar y ayudarte a lograr mejores resultados es parte de nuestra forma de trabajar.<\/p>\n<figure itemscope itemtype=\"https:\/\/schema.org\/ImageObject\">\n\t\t\t\t<img decoding=\"async\" src=\"https:\/\/www.benchmarkemail.com\/images\/nxg\/nxg-about-us\/media-contact.svg\" alt=\"media-contact.svg\" title=\"media-contact.svg\" onerror=\"this.style.display='none'\" loading=\"lazy\" \/>\n\t<\/figure>\n<h2>\n\t\t\tPreguntas frecuentes\t<\/h2>\n\t<p>Habla con nuestro equipo de soporte &#8211; estamos a un mensaje de distancia.<\/p>\n\t\t\t<a href=\"\/es\/contact\/\"  target=\"_self\">\n\t\t\t\t\t\t\tHablemos\n\t\t\t\t\t<\/a>\n<h2>\n\t\t\tEmail marketing f\u00e1cil. Como debe ser.\t<\/h2>\n\t<p>Env\u00eda mejor, sin complicaciones. Haz que el email marketing sea la parte m\u00e1s simple de tu d\u00eda con Benchmark.<\/p>\n\t\t\t<a href=\"https:\/\/app.benchmarkemail.io\/register?language=es\"  target=\"_blank\" rel=\"noopener\"    rel=\"noopener\">\n\t\t\t\t\t\t\tEmpieza gratis\n\t\t\t\t\t<\/a>\n<figure itemscope itemtype=\"https:\/\/schema.org\/ImageObject\">\n\t\t\t\t<img decoding=\"async\" src=\"https:\/\/www.benchmarkemail.com\/es\/wp-content\/uploads\/sites\/4\/2026\/01\/effortless-email-marketing.webp\" alt=\"effortless-email-marketing\" height=\"974\" width=\"1375\" title=\"effortless-email-marketing\" onerror=\"this.style.display='none'\" loading=\"lazy\" \/>\n\t<\/figure>\n\n","protected":false},"excerpt":{"rendered":"<p>Email marketing f\u00e1cil. Como debe ser. Crea y env\u00eda tus campa\u00f1as de email marketing en menos tiempo. Benchmark es una plataforma moderna que te ayuda a obtener resultados, respaldada por un equipo de expertos que s\u00ed est\u00e1 para ayudarte. Pru\u00e9balo gratis No necesitas tarjeta de cr\u00e9dito. Your browser does not support the video tag. Tienes&hellip;<\/p>\n","protected":false},"author":7,"featured_media":49063,"parent":0,"menu_order":0,"comment_status":"closed","ping_status":"closed","template":"page-nxg.php","meta":{"inline_featured_image":false,"footnotes":""},"class_list":["post-48406","page","type-page","status-publish","has-post-thumbnail","hentry"],"yoast_head":"<!-- This site is optimized with the Yoast SEO plugin v27.4 - https:\/\/yoast.com\/product\/yoast-seo-wordpress\/ -->\n<title>Software de email marketing gratis en espa\u00f1ol - Benchmark Email<\/title>\n<meta name=\"description\" content=\"El software de email marketing f\u00e1cil, r\u00e1pido y en espa\u00f1ol. Con Benchmark Email puedes crear y dise\u00f1ar enviar email incre\u00edbles. Pru\u00e9balo\" \/>\n<meta name=\"robots\" content=\"index, follow, max-snippet:-1, max-image-preview:large, max-video-preview:-1\" \/>\n<link rel=\"canonical\" href=\"https:\/\/www.benchmarkemail.com\/es\/\" \/>\n<meta property=\"og:locale\" content=\"en_US\" \/>\n<meta property=\"og:type\" content=\"article\" \/>\n<meta property=\"og:title\" content=\"Software de email marketing gratis en espa\u00f1ol - Benchmark Email\" \/>\n<meta property=\"og:description\" content=\"El software de email marketing f\u00e1cil, r\u00e1pido y en espa\u00f1ol. Con Benchmark Email puedes crear y dise\u00f1ar enviar email incre\u00edbles. Pru\u00e9balo\" \/>\n<meta property=\"og:url\" content=\"https:\/\/www.benchmarkemail.com\/es\/\" \/>\n<meta property=\"og:site_name\" content=\"Benchmark Email - Herramienta de Email Marketing\" \/>\n<meta property=\"article:publisher\" content=\"https:\/\/www.facebook.com\/benchmarkemailes\" \/>\n<meta property=\"article:modified_time\" content=\"2026-02-16T10:10:50+00:00\" \/>\n<meta property=\"og:image\" content=\"https:\/\/www.benchmarkemail.com\/es\/wp-content\/uploads\/sites\/4\/2026\/02\/elegir-colores-newsletter.png\" \/>\n\t<meta property=\"og:image:width\" content=\"1200\" \/>\n\t<meta property=\"og:image:height\" content=\"530\" \/>\n\t<meta property=\"og:image:type\" content=\"image\/png\" \/>\n<meta name=\"twitter:card\" content=\"summary_large_image\" \/>\n<meta name=\"twitter:site\" content=\"@benchmarkesp\" \/>\n<meta name=\"twitter:label1\" content=\"Est. reading time\" \/>\n\t<meta name=\"twitter:data1\" content=\"12 minutes\" \/>\n<script type=\"application\/ld+json\" class=\"yoast-schema-graph\">{\"@context\":\"https:\\\/\\\/schema.org\",\"@graph\":[{\"@type\":\"WebPage\",\"@id\":\"https:\\\/\\\/www.benchmarkemail.com\\\/es\\\/\",\"url\":\"https:\\\/\\\/www.benchmarkemail.com\\\/es\\\/\",\"name\":\"Software de email marketing gratis en espa\u00f1ol - Benchmark Email\",\"isPartOf\":{\"@id\":\"https:\\\/\\\/www.benchmarkemail.com\\\/es\\\/#website\"},\"primaryImageOfPage\":{\"@id\":\"https:\\\/\\\/www.benchmarkemail.com\\\/es\\\/#primaryimage\"},\"image\":{\"@id\":\"https:\\\/\\\/www.benchmarkemail.com\\\/es\\\/#primaryimage\"},\"thumbnailUrl\":\"https:\\\/\\\/www.benchmarkemail.com\\\/es\\\/wp-content\\\/uploads\\\/sites\\\/4\\\/2026\\\/01\\\/email-editor.webp\",\"datePublished\":\"2025-11-18T12:26:20+00:00\",\"dateModified\":\"2026-02-16T10:10:50+00:00\",\"description\":\"El software de email marketing f\u00e1cil, r\u00e1pido y en espa\u00f1ol. Con Benchmark Email puedes crear y dise\u00f1ar enviar email incre\u00edbles. Pru\u00e9balo\",\"breadcrumb\":{\"@id\":\"https:\\\/\\\/www.benchmarkemail.com\\\/es\\\/#breadcrumb\"},\"inLanguage\":\"en-US\",\"potentialAction\":[{\"@type\":\"ReadAction\",\"target\":[\"https:\\\/\\\/www.benchmarkemail.com\\\/es\\\/\"]}]},{\"@type\":\"ImageObject\",\"inLanguage\":\"en-US\",\"@id\":\"https:\\\/\\\/www.benchmarkemail.com\\\/es\\\/#primaryimage\",\"url\":\"https:\\\/\\\/www.benchmarkemail.com\\\/es\\\/wp-content\\\/uploads\\\/sites\\\/4\\\/2026\\\/01\\\/email-editor.webp\",\"contentUrl\":\"https:\\\/\\\/www.benchmarkemail.com\\\/es\\\/wp-content\\\/uploads\\\/sites\\\/4\\\/2026\\\/01\\\/email-editor.webp\",\"width\":726,\"height\":502},{\"@type\":\"BreadcrumbList\",\"@id\":\"https:\\\/\\\/www.benchmarkemail.com\\\/es\\\/#breadcrumb\",\"itemListElement\":[{\"@type\":\"ListItem\",\"position\":1,\"name\":\"Home\",\"item\":\"https:\\\/\\\/www.benchmarkemail.com\\\/es\\\/\"},{\"@type\":\"ListItem\",\"position\":2,\"name\":\"HOME\"}]},{\"@type\":\"WebSite\",\"@id\":\"https:\\\/\\\/www.benchmarkemail.com\\\/es\\\/#website\",\"url\":\"https:\\\/\\\/www.benchmarkemail.com\\\/es\\\/\",\"name\":\"Benchmark Email - Herramienta de Email Marketing\",\"description\":\"Dise\u00f1a, env\u00eda, mide y optimiza tus campa\u00f1as de email y comun\u00edcate con tus clientes a trav\u00e9s del correo electr\u00f3nico.\",\"publisher\":{\"@id\":\"https:\\\/\\\/www.benchmarkemail.com\\\/es\\\/#organization\"},\"potentialAction\":[{\"@type\":\"SearchAction\",\"target\":{\"@type\":\"EntryPoint\",\"urlTemplate\":\"https:\\\/\\\/www.benchmarkemail.com\\\/es\\\/?s={search_term_string}\"},\"query-input\":{\"@type\":\"PropertyValueSpecification\",\"valueRequired\":true,\"valueName\":\"search_term_string\"}}],\"inLanguage\":\"en-US\"},{\"@type\":\"Organization\",\"@id\":\"https:\\\/\\\/www.benchmarkemail.com\\\/es\\\/#organization\",\"name\":\"Benchmark Email\",\"url\":\"https:\\\/\\\/www.benchmarkemail.com\\\/es\\\/\",\"logo\":{\"@type\":\"ImageObject\",\"inLanguage\":\"en-US\",\"@id\":\"https:\\\/\\\/www.benchmarkemail.com\\\/es\\\/#\\\/schema\\\/logo\\\/image\\\/\",\"url\":\"https:\\\/\\\/www.benchmarkemail.com\\\/es\\\/wp-content\\\/uploads\\\/sites\\\/4\\\/2019\\\/09\\\/benchmark-logo.svg\",\"contentUrl\":\"https:\\\/\\\/www.benchmarkemail.com\\\/es\\\/wp-content\\\/uploads\\\/sites\\\/4\\\/2019\\\/09\\\/benchmark-logo.svg\",\"width\":1,\"height\":1,\"caption\":\"Benchmark Email\"},\"image\":{\"@id\":\"https:\\\/\\\/www.benchmarkemail.com\\\/es\\\/#\\\/schema\\\/logo\\\/image\\\/\"},\"sameAs\":[\"https:\\\/\\\/www.facebook.com\\\/benchmarkemailes\",\"https:\\\/\\\/x.com\\\/benchmarkesp\",\"https:\\\/\\\/twitter.com\\\/benchmarkesp\",\"https:\\\/\\\/www.youtube.com\\\/user\\\/BenchmarkEmailESP\",\"https:\\\/\\\/www.tiktok.com\\\/@benchmarkespanol\"]}]}<\/script>\n<!-- \/ Yoast SEO plugin. -->","yoast_head_json":{"title":"Software de email marketing gratis en espa\u00f1ol - Benchmark Email","description":"El software de email marketing f\u00e1cil, r\u00e1pido y en espa\u00f1ol. Con Benchmark Email puedes crear y dise\u00f1ar enviar email incre\u00edbles. Pru\u00e9balo","robots":{"index":"index","follow":"follow","max-snippet":"max-snippet:-1","max-image-preview":"max-image-preview:large","max-video-preview":"max-video-preview:-1"},"canonical":"https:\/\/www.benchmarkemail.com\/es\/","og_locale":"en_US","og_type":"article","og_title":"Software de email marketing gratis en espa\u00f1ol - Benchmark Email","og_description":"El software de email marketing f\u00e1cil, r\u00e1pido y en espa\u00f1ol. Con Benchmark Email puedes crear y dise\u00f1ar enviar email incre\u00edbles. Pru\u00e9balo","og_url":"https:\/\/www.benchmarkemail.com\/es\/","og_site_name":"Benchmark Email - Herramienta de Email Marketing","article_publisher":"https:\/\/www.facebook.com\/benchmarkemailes","article_modified_time":"2026-02-16T10:10:50+00:00","og_image":[{"width":1200,"height":530,"url":"https:\/\/www.benchmarkemail.com\/es\/wp-content\/uploads\/sites\/4\/2026\/02\/elegir-colores-newsletter.png","type":"image\/png"}],"twitter_card":"summary_large_image","twitter_site":"@benchmarkesp","twitter_misc":{"Est. reading time":"12 minutes"},"schema":{"@context":"https:\/\/schema.org","@graph":[{"@type":"WebPage","@id":"https:\/\/www.benchmarkemail.com\/es\/","url":"https:\/\/www.benchmarkemail.com\/es\/","name":"Software de email marketing gratis en espa\u00f1ol - Benchmark Email","isPartOf":{"@id":"https:\/\/www.benchmarkemail.com\/es\/#website"},"primaryImageOfPage":{"@id":"https:\/\/www.benchmarkemail.com\/es\/#primaryimage"},"image":{"@id":"https:\/\/www.benchmarkemail.com\/es\/#primaryimage"},"thumbnailUrl":"https:\/\/www.benchmarkemail.com\/es\/wp-content\/uploads\/sites\/4\/2026\/01\/email-editor.webp","datePublished":"2025-11-18T12:26:20+00:00","dateModified":"2026-02-16T10:10:50+00:00","description":"El software de email marketing f\u00e1cil, r\u00e1pido y en espa\u00f1ol. Con Benchmark Email puedes crear y dise\u00f1ar enviar email incre\u00edbles. Pru\u00e9balo","breadcrumb":{"@id":"https:\/\/www.benchmarkemail.com\/es\/#breadcrumb"},"inLanguage":"en-US","potentialAction":[{"@type":"ReadAction","target":["https:\/\/www.benchmarkemail.com\/es\/"]}]},{"@type":"ImageObject","inLanguage":"en-US","@id":"https:\/\/www.benchmarkemail.com\/es\/#primaryimage","url":"https:\/\/www.benchmarkemail.com\/es\/wp-content\/uploads\/sites\/4\/2026\/01\/email-editor.webp","contentUrl":"https:\/\/www.benchmarkemail.com\/es\/wp-content\/uploads\/sites\/4\/2026\/01\/email-editor.webp","width":726,"height":502},{"@type":"BreadcrumbList","@id":"https:\/\/www.benchmarkemail.com\/es\/#breadcrumb","itemListElement":[{"@type":"ListItem","position":1,"name":"Home","item":"https:\/\/www.benchmarkemail.com\/es\/"},{"@type":"ListItem","position":2,"name":"HOME"}]},{"@type":"WebSite","@id":"https:\/\/www.benchmarkemail.com\/es\/#website","url":"https:\/\/www.benchmarkemail.com\/es\/","name":"Benchmark Email - Herramienta de Email Marketing","description":"Dise\u00f1a, env\u00eda, mide y optimiza tus campa\u00f1as de email y comun\u00edcate con tus clientes a trav\u00e9s del correo electr\u00f3nico.","publisher":{"@id":"https:\/\/www.benchmarkemail.com\/es\/#organization"},"potentialAction":[{"@type":"SearchAction","target":{"@type":"EntryPoint","urlTemplate":"https:\/\/www.benchmarkemail.com\/es\/?s={search_term_string}"},"query-input":{"@type":"PropertyValueSpecification","valueRequired":true,"valueName":"search_term_string"}}],"inLanguage":"en-US"},{"@type":"Organization","@id":"https:\/\/www.benchmarkemail.com\/es\/#organization","name":"Benchmark Email","url":"https:\/\/www.benchmarkemail.com\/es\/","logo":{"@type":"ImageObject","inLanguage":"en-US","@id":"https:\/\/www.benchmarkemail.com\/es\/#\/schema\/logo\/image\/","url":"https:\/\/www.benchmarkemail.com\/es\/wp-content\/uploads\/sites\/4\/2019\/09\/benchmark-logo.svg","contentUrl":"https:\/\/www.benchmarkemail.com\/es\/wp-content\/uploads\/sites\/4\/2019\/09\/benchmark-logo.svg","width":1,"height":1,"caption":"Benchmark Email"},"image":{"@id":"https:\/\/www.benchmarkemail.com\/es\/#\/schema\/logo\/image\/"},"sameAs":["https:\/\/www.facebook.com\/benchmarkemailes","https:\/\/x.com\/benchmarkesp","https:\/\/twitter.com\/benchmarkesp","https:\/\/www.youtube.com\/user\/BenchmarkEmailESP","https:\/\/www.tiktok.com\/@benchmarkespanol"]}]}},"_links":{"self":[{"href":"https:\/\/www.benchmarkemail.com\/es\/wp-json\/wp\/v2\/pages\/48406","targetHints":{"allow":["GET"]}}],"collection":[{"href":"https:\/\/www.benchmarkemail.com\/es\/wp-json\/wp\/v2\/pages"}],"about":[{"href":"https:\/\/www.benchmarkemail.com\/es\/wp-json\/wp\/v2\/types\/page"}],"author":[{"embeddable":true,"href":"https:\/\/www.benchmarkemail.com\/es\/wp-json\/wp\/v2\/users\/7"}],"replies":[{"embeddable":true,"href":"https:\/\/www.benchmarkemail.com\/es\/wp-json\/wp\/v2\/comments?post=48406"}],"version-history":[{"count":0,"href":"https:\/\/www.benchmarkemail.com\/es\/wp-json\/wp\/v2\/pages\/48406\/revisions"}],"wp:featuredmedia":[{"embeddable":true,"href":"https:\/\/www.benchmarkemail.com\/es\/wp-json\/wp\/v2\/media\/49063"}],"wp:attachment":[{"href":"https:\/\/www.benchmarkemail.com\/es\/wp-json\/wp\/v2\/media?parent=48406"}],"curies":[{"name":"wp","href":"https:\/\/api.w.org\/{rel}","templated":true}]}}