{"id":48483,"date":"2025-11-19T13:15:58","date_gmt":"2025-11-19T13:15:58","guid":{"rendered":"https:\/\/www.benchmarkemail.com\/es\/?page_id=48483"},"modified":"2026-04-09T09:19:22","modified_gmt":"2026-04-09T09:19:22","slug":"reporting","status":"publish","type":"page","link":"https:\/\/www.benchmarkemail.com\/es\/features\/reporting\/","title":{"rendered":"Reporting"},"content":{"rendered":"\n<h1>\n\t\t\tDatos claros para optimizar cada campa\u00f1a de email\t<\/h1>\n\t<p>Descubre qu\u00e9 funciona. Corrige lo que no.<\/p>\n\t<p>Las anal\u00edticas de Benchmark Email te muestran resultados en tiempo real para ayudarte afinar tu estrategia, aumentar el engagement y mejorar tus conversiones.<\/p>\n\t\t\t<a href=\"https:\/\/app.benchmarkemail.io\/register?language=es\"  target=\"_blank\" rel=\"noopener\"    rel=\"noopener\">\n\t\t\t\t\t\t\tPru\u00e9balo gratis\n\t\t\t\t\t<\/a>\n<figure itemscope itemtype=\"https:\/\/schema.org\/ImageObject\">\n\t\t\t\t<img decoding=\"async\" src=\"\/wp-content\/themes\/bb-theme-child\/nxg\/img\/nxg-reporting\/Email-campaign.webp\" alt=\"Email-campaign.webp\" title=\"Email-campaign.webp\" onerror=\"this.style.display='none'\" loading=\"lazy\" \/>\n\t<\/figure>\n\t<p>Actividad<\/p>\n<h2>\n\t\t\tVe tus resultados al instante. Sin esperas.\t<\/h2>\n\t<p>\u00bfPor qu\u00e9 esperar horas o d\u00edas para tomar decisiones?<\/p>\n<figure itemscope itemtype=\"https:\/\/schema.org\/ImageObject\">\n\t\t\t\t<img decoding=\"async\" src=\"https:\/\/www.benchmarkemail.com\/es\/wp-content\/uploads\/sites\/4\/2026\/01\/Activity-contact.webp\" alt=\"Activity contact\" height=\"1003\" width=\"1766\" title=\"Activity contact\" onerror=\"this.style.display='none'\" loading=\"lazy\" \/>\n\t<\/figure>\n\t<p>Con el feed de actividad en tiempo real de Benchmark Email puedes ver qui\u00e9n abre, hace clic o se da de baja en el momento en que ocurre. Mantente al tanto de las tendencias de engagement y toma decisiones basadas en datos al instante.<\/p>\n\t<p>Funcionalidades<\/p>\n<h2>\n\t\t\tInformaci\u00f3n accionable en tiempo real\t<\/h2>\n<h3>\n\t\t\tM\u00e9tricas de engagement de un vistazo\t<\/h3>\n\t<p>Consulta alcance, env\u00edos, aperturas y clics en un solo panel.<\/p>\n\t\t\t<a href=\"https:\/\/app.benchmarkemail.io\/register?language=es\"  target=\"_blank\" rel=\"noopener\"    rel=\"noopener\">\n\t\t\t\t\t\t\tPru\u00e9balo gratis\n\t\t\t\t\t<\/a>\n<figure itemscope itemtype=\"https:\/\/schema.org\/ImageObject\">\n\t\t\t\t<img decoding=\"async\" src=\"https:\/\/www.benchmarkemail.com\/es\/wp-content\/uploads\/sites\/4\/2026\/01\/engagement-metrics.webp\" alt=\"engagement-metrics\" height=\"882\" width=\"1024\" title=\"engagement-metrics\" onerror=\"this.style.display='none'\" loading=\"lazy\" \/>\n\t<\/figure>\n<figure itemscope itemtype=\"https:\/\/schema.org\/ImageObject\">\n\t\t\t\t<img decoding=\"async\" src=\"https:\/\/www.benchmarkemail.com\/es\/wp-content\/uploads\/sites\/4\/2026\/01\/performance-tracking.webp\" alt=\"performance tracking\" height=\"752\" width=\"1202\" title=\"performance tracking\" onerror=\"this.style.display='none'\" loading=\"lazy\" \/>\n\t<\/figure>\n<h3>\n\t\t\tSeguimiento del rendimiento\t<\/h3>\n\t<p>Compara resultados a lo largo del tiempo para medir el \u00e9xito de tus campa\u00f1as y mejorar tu estrategia.<\/p>\n\t\t\t<a href=\"https:\/\/app.benchmarkemail.io\/register?language=es\"  target=\"_blank\" rel=\"noopener\"    rel=\"noopener\">\n\t\t\t\t\t\t\tPru\u00e9balo gratis\n\t\t\t\t\t<\/a>\n<h3>\n\t\t\tSeguimiento de clics en enlaces\t<\/h3>\n\t<p>Descubre exactamente d\u00f3nde interact\u00faa tu audiencia dentro de tus emails para optimizar dise\u00f1o y llamados a la acci\u00f3n.<\/p>\n\t\t\t<a href=\"https:\/\/app.benchmarkemail.io\/register?language=es\"  target=\"_blank\" rel=\"noopener\"    rel=\"noopener\">\n\t\t\t\t\t\t\tPru\u00e9balo gratis\n\t\t\t\t\t<\/a>\n<figure itemscope itemtype=\"https:\/\/schema.org\/ImageObject\">\n\t\t\t\t<img decoding=\"async\" src=\"https:\/\/www.benchmarkemail.com\/es\/wp-content\/uploads\/sites\/4\/2026\/01\/link-click-tracking.webp\" alt=\"link-click-tracking\" height=\"758\" width=\"1178\" title=\"link-click-tracking\" onerror=\"this.style.display='none'\" loading=\"lazy\" \/>\n\t<\/figure>\n<figure itemscope itemtype=\"https:\/\/schema.org\/ImageObject\">\n\t\t\t\t<img decoding=\"async\" src=\"https:\/\/www.benchmarkemail.com\/es\/wp-content\/uploads\/sites\/4\/2026\/01\/engagement-timeline.webp\" alt=\"engagement-timeline\" height=\"850\" width=\"928\" title=\"engagement-timeline\" onerror=\"this.style.display='none'\" loading=\"lazy\" \/>\n\t<\/figure>\n<h3>\n\t\t\tL\u00ednea de tiempo de engagement\t<\/h3>\n\t<p>Identifica los momentos de mayor actividad y optimiza tus horarios de env\u00edo para obtener mejores resultados.<\/p>\n\t\t\t<a href=\"https:\/\/app.benchmarkemail.io\/register?language=es\"  target=\"_self\">\n\t\t\t\t\t\t\tPru\u00e9balo gratis\n\t\t\t\t\t<\/a>\n<h3>\n\t\t\tInsights por lista y por contacto\t<\/h3>\n\t<p>Profundiza en los reportes individuales para ver qui\u00e9n interactu\u00f3 y c\u00f3mo<\/p>\n\t\t\t<a href=\"https:\/\/app.benchmarkemail.io\/register?language=es\"  target=\"_blank\" rel=\"noopener\"    rel=\"noopener\">\n\t\t\t\t\t\t\tPru\u00e9balo gratis\n\t\t\t\t\t<\/a>\n<figure itemscope itemtype=\"https:\/\/schema.org\/ImageObject\">\n\t\t\t\t<img decoding=\"async\" src=\"https:\/\/www.benchmarkemail.com\/es\/wp-content\/uploads\/sites\/4\/2026\/01\/contact-level-insights.webp\" alt=\"contact-level-insights\" height=\"879\" width=\"1163\" title=\"contact-level-insights\" onerror=\"this.style.display='none'\" loading=\"lazy\" \/>\n\t<\/figure>\n\t<p>\u00bfPor qu\u00e9 Benchmark Email?<\/p>\n<h2>\n\t\t\tReportes claros y accionables para obtener mejores resultados\t<\/h2>\n<figure itemscope itemtype=\"https:\/\/schema.org\/ImageObject\">\n\t\t\t\t<img decoding=\"async\" src=\"https:\/\/www.benchmarkemail.com\/es\/wp-content\/uploads\/sites\/4\/2026\/01\/Reports-Results.webp\" alt=\"Reports-Results\" height=\"1388\" width=\"2488\" title=\"Reports-Results\" onerror=\"this.style.display='none'\" loading=\"lazy\" \/>\n\t<\/figure>\n<figure itemscope itemtype=\"https:\/\/schema.org\/ImageObject\">\n\t\t\t\t<img decoding=\"async\" src=\"\/wp-content\/themes\/bb-theme-child\/nxg\/img\/nxg-reporting\/ClearActionableData.svg\" alt=\"ClearActionableData.svg\" title=\"ClearActionableData.svg\" onerror=\"this.style.display='none'\" loading=\"lazy\" \/>\n\t<\/figure>\n<h2>\n\t\t\tDatos claros y listos para usar\t<\/h2>\n\t<p>Nada de hojas de c\u00e1lculo complicadas. Reportes f\u00e1ciles de leer que te ayudan a tomar mejores decisiones.<\/p>\n<figure itemscope itemtype=\"https:\/\/schema.org\/ImageObject\">\n\t\t\t\t<img decoding=\"async\" src=\"\/wp-content\/themes\/bb-theme-child\/nxg\/img\/nxg-reporting\/VisualizedTrends.svg\" alt=\"VisualizedTrends.svg\" title=\"VisualizedTrends.svg\" onerror=\"this.style.display='none'\" loading=\"lazy\" \/>\n\t<\/figure>\n<h2>\n\t\t\tTendencias visuales\t<\/h2>\n\t<p>Detecta patrones de engagement con gr\u00e1ficos e informes intuitivos.<\/p>\n<figure itemscope itemtype=\"https:\/\/schema.org\/ImageObject\">\n\t\t\t\t<img decoding=\"async\" src=\"\/wp-content\/themes\/bb-theme-child\/nxg\/img\/nxg-reporting\/ConversionOptimization.svg\" alt=\"ConversionOptimization.svg\" title=\"ConversionOptimization.svg\" onerror=\"this.style.display='none'\" loading=\"lazy\" \/>\n\t<\/figure>\n<h2>\n\t\t\tOptimizaci\u00f3n para conversiones\t<\/h2>\n\t<p>Usa los insights para ajustar asuntos, contenido y horarios de env\u00edo y as\u00ed mejorar tu engagement.<\/p>\n\n","protected":false},"excerpt":{"rendered":"<p>Datos claros para optimizar cada campa\u00f1a de email Descubre qu\u00e9 funciona. Corrige lo que no. Las anal\u00edticas de Benchmark Email te muestran resultados en tiempo real para ayudarte afinar tu estrategia, aumentar el engagement y mejorar tus conversiones. Pru\u00e9balo gratis Actividad Ve tus resultados al instante. Sin esperas. \u00bfPor qu\u00e9 esperar horas o d\u00edas para&hellip;<\/p>\n","protected":false},"author":7,"featured_media":49128,"parent":48485,"menu_order":0,"comment_status":"closed","ping_status":"closed","template":"page-nxg.php","meta":{"inline_featured_image":false,"footnotes":""},"class_list":["post-48483","page","type-page","status-publish","has-post-thumbnail","hentry"],"yoast_head":"<!-- This site is optimized with the Yoast SEO plugin v27.3 - https:\/\/yoast.com\/product\/yoast-seo-wordpress\/ -->\n<title>Reportes y resultados de email marketing - Benchmark Email<\/title>\n<meta name=\"description\" content=\"Mejora el rendimiento de tus campa\u00f1as llevando un seguimiento de los resultados de tus acciones de email marketing con reportes completos.\" \/>\n<meta name=\"robots\" content=\"index, follow, max-snippet:-1, max-image-preview:large, max-video-preview:-1\" \/>\n<link rel=\"canonical\" href=\"https:\/\/www.benchmarkemail.com\/es\/features\/reporting\/\" \/>\n<meta property=\"og:locale\" content=\"en_US\" \/>\n<meta property=\"og:type\" content=\"article\" \/>\n<meta property=\"og:title\" content=\"Reportes y resultados de email marketing - Benchmark Email\" \/>\n<meta property=\"og:description\" content=\"Mejora el rendimiento de tus campa\u00f1as llevando un seguimiento de los resultados de tus acciones de email marketing con reportes completos.\" \/>\n<meta property=\"og:url\" content=\"https:\/\/www.benchmarkemail.com\/es\/features\/reporting\/\" \/>\n<meta property=\"og:site_name\" content=\"Benchmark Email - Herramienta de Email Marketing\" \/>\n<meta property=\"article:publisher\" content=\"https:\/\/www.facebook.com\/benchmarkemailes\" \/>\n<meta property=\"article:modified_time\" content=\"2026-04-09T09:19:22+00:00\" \/>\n<meta property=\"og:image\" content=\"https:\/\/www.benchmarkemail.com\/es\/wp-content\/uploads\/sites\/4\/2026\/01\/reports.png\" \/>\n\t<meta property=\"og:image:width\" content=\"1978\" \/>\n\t<meta property=\"og:image:height\" content=\"1193\" \/>\n\t<meta property=\"og:image:type\" content=\"image\/png\" \/>\n<meta name=\"twitter:card\" content=\"summary_large_image\" \/>\n<meta name=\"twitter:site\" content=\"@benchmarkesp\" \/>\n<meta name=\"twitter:label1\" content=\"Est. reading time\" \/>\n\t<meta name=\"twitter:data1\" content=\"4 minutes\" \/>\n<script type=\"application\/ld+json\" class=\"yoast-schema-graph\">{\"@context\":\"https:\\\/\\\/schema.org\",\"@graph\":[{\"@type\":\"WebPage\",\"@id\":\"https:\\\/\\\/www.benchmarkemail.com\\\/es\\\/features\\\/reporting\\\/\",\"url\":\"https:\\\/\\\/www.benchmarkemail.com\\\/es\\\/features\\\/reporting\\\/\",\"name\":\"Reportes y resultados de email marketing - Benchmark Email\",\"isPartOf\":{\"@id\":\"https:\\\/\\\/www.benchmarkemail.com\\\/es\\\/#website\"},\"primaryImageOfPage\":{\"@id\":\"https:\\\/\\\/www.benchmarkemail.com\\\/es\\\/features\\\/reporting\\\/#primaryimage\"},\"image\":{\"@id\":\"https:\\\/\\\/www.benchmarkemail.com\\\/es\\\/features\\\/reporting\\\/#primaryimage\"},\"thumbnailUrl\":\"https:\\\/\\\/www.benchmarkemail.com\\\/es\\\/wp-content\\\/uploads\\\/sites\\\/4\\\/2026\\\/01\\\/reports.png\",\"datePublished\":\"2025-11-19T13:15:58+00:00\",\"dateModified\":\"2026-04-09T09:19:22+00:00\",\"description\":\"Mejora el rendimiento de tus campa\u00f1as llevando un seguimiento de los resultados de tus acciones de email marketing con reportes completos.\",\"breadcrumb\":{\"@id\":\"https:\\\/\\\/www.benchmarkemail.com\\\/es\\\/features\\\/reporting\\\/#breadcrumb\"},\"inLanguage\":\"en-US\",\"potentialAction\":[{\"@type\":\"ReadAction\",\"target\":[\"https:\\\/\\\/www.benchmarkemail.com\\\/es\\\/features\\\/reporting\\\/\"]}]},{\"@type\":\"ImageObject\",\"inLanguage\":\"en-US\",\"@id\":\"https:\\\/\\\/www.benchmarkemail.com\\\/es\\\/features\\\/reporting\\\/#primaryimage\",\"url\":\"https:\\\/\\\/www.benchmarkemail.com\\\/es\\\/wp-content\\\/uploads\\\/sites\\\/4\\\/2026\\\/01\\\/reports.png\",\"contentUrl\":\"https:\\\/\\\/www.benchmarkemail.com\\\/es\\\/wp-content\\\/uploads\\\/sites\\\/4\\\/2026\\\/01\\\/reports.png\",\"width\":1978,\"height\":1193},{\"@type\":\"BreadcrumbList\",\"@id\":\"https:\\\/\\\/www.benchmarkemail.com\\\/es\\\/features\\\/reporting\\\/#breadcrumb\",\"itemListElement\":[{\"@type\":\"ListItem\",\"position\":1,\"name\":\"Home\",\"item\":\"https:\\\/\\\/www.benchmarkemail.com\\\/es\\\/\"},{\"@type\":\"ListItem\",\"position\":2,\"name\":\"Features\",\"item\":\"https:\\\/\\\/www.benchmarkemail.com\\\/es\\\/features\\\/\"},{\"@type\":\"ListItem\",\"position\":3,\"name\":\"Reporting\"}]},{\"@type\":\"WebSite\",\"@id\":\"https:\\\/\\\/www.benchmarkemail.com\\\/es\\\/#website\",\"url\":\"https:\\\/\\\/www.benchmarkemail.com\\\/es\\\/\",\"name\":\"Benchmark Email - Herramienta de Email Marketing\",\"description\":\"Dise\u00f1a, env\u00eda, mide y optimiza tus campa\u00f1as de email y comun\u00edcate con tus clientes a trav\u00e9s del correo electr\u00f3nico.\",\"publisher\":{\"@id\":\"https:\\\/\\\/www.benchmarkemail.com\\\/es\\\/#organization\"},\"potentialAction\":[{\"@type\":\"SearchAction\",\"target\":{\"@type\":\"EntryPoint\",\"urlTemplate\":\"https:\\\/\\\/www.benchmarkemail.com\\\/es\\\/?s={search_term_string}\"},\"query-input\":{\"@type\":\"PropertyValueSpecification\",\"valueRequired\":true,\"valueName\":\"search_term_string\"}}],\"inLanguage\":\"en-US\"},{\"@type\":\"Organization\",\"@id\":\"https:\\\/\\\/www.benchmarkemail.com\\\/es\\\/#organization\",\"name\":\"Benchmark Email\",\"url\":\"https:\\\/\\\/www.benchmarkemail.com\\\/es\\\/\",\"logo\":{\"@type\":\"ImageObject\",\"inLanguage\":\"en-US\",\"@id\":\"https:\\\/\\\/www.benchmarkemail.com\\\/es\\\/#\\\/schema\\\/logo\\\/image\\\/\",\"url\":\"https:\\\/\\\/www.benchmarkemail.com\\\/es\\\/wp-content\\\/uploads\\\/sites\\\/4\\\/2019\\\/09\\\/benchmark-logo.svg\",\"contentUrl\":\"https:\\\/\\\/www.benchmarkemail.com\\\/es\\\/wp-content\\\/uploads\\\/sites\\\/4\\\/2019\\\/09\\\/benchmark-logo.svg\",\"width\":1,\"height\":1,\"caption\":\"Benchmark Email\"},\"image\":{\"@id\":\"https:\\\/\\\/www.benchmarkemail.com\\\/es\\\/#\\\/schema\\\/logo\\\/image\\\/\"},\"sameAs\":[\"https:\\\/\\\/www.facebook.com\\\/benchmarkemailes\",\"https:\\\/\\\/x.com\\\/benchmarkesp\",\"https:\\\/\\\/twitter.com\\\/benchmarkesp\",\"https:\\\/\\\/www.youtube.com\\\/user\\\/BenchmarkEmailESP\",\"https:\\\/\\\/www.tiktok.com\\\/@benchmarkespanol\"]}]}<\/script>\n<!-- \/ Yoast SEO plugin. -->","yoast_head_json":{"title":"Reportes y resultados de email marketing - Benchmark Email","description":"Mejora el rendimiento de tus campa\u00f1as llevando un seguimiento de los resultados de tus acciones de email marketing con reportes completos.","robots":{"index":"index","follow":"follow","max-snippet":"max-snippet:-1","max-image-preview":"max-image-preview:large","max-video-preview":"max-video-preview:-1"},"canonical":"https:\/\/www.benchmarkemail.com\/es\/features\/reporting\/","og_locale":"en_US","og_type":"article","og_title":"Reportes y resultados de email marketing - Benchmark Email","og_description":"Mejora el rendimiento de tus campa\u00f1as llevando un seguimiento de los resultados de tus acciones de email marketing con reportes completos.","og_url":"https:\/\/www.benchmarkemail.com\/es\/features\/reporting\/","og_site_name":"Benchmark Email - Herramienta de Email Marketing","article_publisher":"https:\/\/www.facebook.com\/benchmarkemailes","article_modified_time":"2026-04-09T09:19:22+00:00","og_image":[{"width":1978,"height":1193,"url":"https:\/\/www.benchmarkemail.com\/es\/wp-content\/uploads\/sites\/4\/2026\/01\/reports.png","type":"image\/png"}],"twitter_card":"summary_large_image","twitter_site":"@benchmarkesp","twitter_misc":{"Est. reading time":"4 minutes"},"schema":{"@context":"https:\/\/schema.org","@graph":[{"@type":"WebPage","@id":"https:\/\/www.benchmarkemail.com\/es\/features\/reporting\/","url":"https:\/\/www.benchmarkemail.com\/es\/features\/reporting\/","name":"Reportes y resultados de email marketing - Benchmark Email","isPartOf":{"@id":"https:\/\/www.benchmarkemail.com\/es\/#website"},"primaryImageOfPage":{"@id":"https:\/\/www.benchmarkemail.com\/es\/features\/reporting\/#primaryimage"},"image":{"@id":"https:\/\/www.benchmarkemail.com\/es\/features\/reporting\/#primaryimage"},"thumbnailUrl":"https:\/\/www.benchmarkemail.com\/es\/wp-content\/uploads\/sites\/4\/2026\/01\/reports.png","datePublished":"2025-11-19T13:15:58+00:00","dateModified":"2026-04-09T09:19:22+00:00","description":"Mejora el rendimiento de tus campa\u00f1as llevando un seguimiento de los resultados de tus acciones de email marketing con reportes completos.","breadcrumb":{"@id":"https:\/\/www.benchmarkemail.com\/es\/features\/reporting\/#breadcrumb"},"inLanguage":"en-US","potentialAction":[{"@type":"ReadAction","target":["https:\/\/www.benchmarkemail.com\/es\/features\/reporting\/"]}]},{"@type":"ImageObject","inLanguage":"en-US","@id":"https:\/\/www.benchmarkemail.com\/es\/features\/reporting\/#primaryimage","url":"https:\/\/www.benchmarkemail.com\/es\/wp-content\/uploads\/sites\/4\/2026\/01\/reports.png","contentUrl":"https:\/\/www.benchmarkemail.com\/es\/wp-content\/uploads\/sites\/4\/2026\/01\/reports.png","width":1978,"height":1193},{"@type":"BreadcrumbList","@id":"https:\/\/www.benchmarkemail.com\/es\/features\/reporting\/#breadcrumb","itemListElement":[{"@type":"ListItem","position":1,"name":"Home","item":"https:\/\/www.benchmarkemail.com\/es\/"},{"@type":"ListItem","position":2,"name":"Features","item":"https:\/\/www.benchmarkemail.com\/es\/features\/"},{"@type":"ListItem","position":3,"name":"Reporting"}]},{"@type":"WebSite","@id":"https:\/\/www.benchmarkemail.com\/es\/#website","url":"https:\/\/www.benchmarkemail.com\/es\/","name":"Benchmark Email - Herramienta de Email Marketing","description":"Dise\u00f1a, env\u00eda, mide y optimiza tus campa\u00f1as de email y comun\u00edcate con tus clientes a trav\u00e9s del correo electr\u00f3nico.","publisher":{"@id":"https:\/\/www.benchmarkemail.com\/es\/#organization"},"potentialAction":[{"@type":"SearchAction","target":{"@type":"EntryPoint","urlTemplate":"https:\/\/www.benchmarkemail.com\/es\/?s={search_term_string}"},"query-input":{"@type":"PropertyValueSpecification","valueRequired":true,"valueName":"search_term_string"}}],"inLanguage":"en-US"},{"@type":"Organization","@id":"https:\/\/www.benchmarkemail.com\/es\/#organization","name":"Benchmark Email","url":"https:\/\/www.benchmarkemail.com\/es\/","logo":{"@type":"ImageObject","inLanguage":"en-US","@id":"https:\/\/www.benchmarkemail.com\/es\/#\/schema\/logo\/image\/","url":"https:\/\/www.benchmarkemail.com\/es\/wp-content\/uploads\/sites\/4\/2019\/09\/benchmark-logo.svg","contentUrl":"https:\/\/www.benchmarkemail.com\/es\/wp-content\/uploads\/sites\/4\/2019\/09\/benchmark-logo.svg","width":1,"height":1,"caption":"Benchmark Email"},"image":{"@id":"https:\/\/www.benchmarkemail.com\/es\/#\/schema\/logo\/image\/"},"sameAs":["https:\/\/www.facebook.com\/benchmarkemailes","https:\/\/x.com\/benchmarkesp","https:\/\/twitter.com\/benchmarkesp","https:\/\/www.youtube.com\/user\/BenchmarkEmailESP","https:\/\/www.tiktok.com\/@benchmarkespanol"]}]}},"_links":{"self":[{"href":"https:\/\/www.benchmarkemail.com\/es\/wp-json\/wp\/v2\/pages\/48483","targetHints":{"allow":["GET"]}}],"collection":[{"href":"https:\/\/www.benchmarkemail.com\/es\/wp-json\/wp\/v2\/pages"}],"about":[{"href":"https:\/\/www.benchmarkemail.com\/es\/wp-json\/wp\/v2\/types\/page"}],"author":[{"embeddable":true,"href":"https:\/\/www.benchmarkemail.com\/es\/wp-json\/wp\/v2\/users\/7"}],"replies":[{"embeddable":true,"href":"https:\/\/www.benchmarkemail.com\/es\/wp-json\/wp\/v2\/comments?post=48483"}],"version-history":[{"count":0,"href":"https:\/\/www.benchmarkemail.com\/es\/wp-json\/wp\/v2\/pages\/48483\/revisions"}],"up":[{"embeddable":true,"href":"https:\/\/www.benchmarkemail.com\/es\/wp-json\/wp\/v2\/pages\/48485"}],"wp:featuredmedia":[{"embeddable":true,"href":"https:\/\/www.benchmarkemail.com\/es\/wp-json\/wp\/v2\/media\/49128"}],"wp:attachment":[{"href":"https:\/\/www.benchmarkemail.com\/es\/wp-json\/wp\/v2\/media?parent=48483"}],"curies":[{"name":"wp","href":"https:\/\/api.w.org\/{rel}","templated":true}]}}