{"id":48488,"date":"2025-11-19T13:21:03","date_gmt":"2025-11-19T13:21:03","guid":{"rendered":"https:\/\/www.benchmarkemail.com\/es\/?page_id=48488"},"modified":"2026-04-09T09:25:32","modified_gmt":"2026-04-09T09:25:32","slug":"email-builder","status":"publish","type":"page","link":"https:\/\/www.benchmarkemail.com\/es\/features\/email-builder\/","title":{"rendered":"Email Editor"},"content":{"rendered":"\n<h1>\n\t\t\tCrea emails sin esfuerzo con nuestro editor intuitivo de arrastrar y soltar\t<\/h1>\n\t\t\t<a href=\"https:\/\/app.benchmarkemail.io\/register?language=es\"  target=\"_self\">\n\t\t\t\t\t\t\tPru\u00e9balo gratis\n\t\t\t\t\t<\/a>\n\t<p>Casos de uso<\/p>\n<h2>\n\t\t\tCrea cualquier tipo de email en cuesti\u00f3n de minutos\t<\/h2>\n\t<p>El editor de arrastrar y soltar de Benchmark Email hace que crear emails atractivos y adaptados a tus necesidades sea r\u00e1pido y sencillo. Ya sea para promocionar un evento o enviar un mensaje de bienvenida, nuestro editor te acompa\u00f1a en cada env\u00edo.<\/p>\n\t<figure itemscope itemtype=\"https:\/\/schema.org\/ImageObject\">\n\t\t\t\t<img decoding=\"async\" src=\"https:\/\/www.benchmarkemail.com\/wp-content\/uploads\/2025\/09\/wlcome-emails.svg\" alt=\"\" onerror=\"this.style.display='none'\" loading=\"lazy\" \/>\n\t<\/figure>\n\t\t<h3>Emails de bienvenida<\/h3><p>Aumenta la actividad y la interacci\u00f3n con una introducci\u00f3n personalizada.<\/p>\n\t<figure itemscope itemtype=\"https:\/\/schema.org\/ImageObject\">\n\t\t\t\t<img decoding=\"async\" src=\"https:\/\/www.benchmarkemail.com\/wp-content\/uploads\/2025\/09\/product-promotion.svg\" alt=\"\" onerror=\"this.style.display='none'\" loading=\"lazy\" \/>\n\t<\/figure>\n\t\t<h3>Promoci\u00f3n de productos<\/h3><p>Destaca nuevos lanzamientos, ofertas especiales y promociones exclusivas para impulsar las ventas.<\/p>\n\t<figure itemscope itemtype=\"https:\/\/schema.org\/ImageObject\">\n\t\t\t\t<img decoding=\"async\" src=\"https:\/\/www.benchmarkemail.com\/wp-content\/uploads\/2025\/09\/events.svg\" alt=\"\" onerror=\"this.style.display='none'\" loading=\"lazy\" \/>\n\t<\/figure>\n\t\t<h3>Eventos<\/h3><p>Dise\u00f1a invitaciones y recordatorios atractivos que aumentan la asistencia.<\/p>\n\t<figure itemscope itemtype=\"https:\/\/schema.org\/ImageObject\">\n\t\t\t\t<img decoding=\"async\" src=\"https:\/\/www.benchmarkemail.com\/wp-content\/uploads\/2025\/09\/newsletter.svg\" alt=\"\" onerror=\"this.style.display='none'\" loading=\"lazy\" \/>\n\t<\/figure>\n\t\t<h3>Newsletters<\/h3><p>Mant\u00e9n a tu audiencia conectada con actualizaciones cuidadosamente seleccionadas.<\/p>\n\t<p>Funcionalidades<\/p>\n<h2>\n\t\t\tAhorra tiempo, conecta m\u00e1s y convierte m\u00e1s r\u00e1pido\t<\/h2>\n<h3>\n\t\t\tEditor de arrastrar y soltar\t<\/h3>\n\t<p>Mueve elementos, ajusta dise\u00f1os y da formato al texto f\u00e1cilmente con nuestro editor de emails sin c\u00f3digo.<\/p>\n\t\t\t<a href=\"https:\/\/app.benchmarkemail.io\/register?language=es\"  target=\"_self\">\n\t\t\t\t\t\t\tEmpieza a dise\u00f1ar gratis\n\t\t\t\t\t<\/a>\n<figure itemscope itemtype=\"https:\/\/schema.org\/ImageObject\">\n\t\t\t\t<img decoding=\"async\" src=\"https:\/\/www.benchmarkemail.com\/es\/wp-content\/uploads\/sites\/4\/2026\/01\/Drag-and-Drop-Simplicity.webp\" alt=\"Drag-and-Drop Simplicity\" height=\"788\" width=\"1034\" title=\"Drag-and-Drop Simplicity\" onerror=\"this.style.display='none'\" loading=\"lazy\" \/>\n\t<\/figure>\n<figure itemscope itemtype=\"https:\/\/schema.org\/ImageObject\">\n\t\t\t\t<img decoding=\"async\" src=\"https:\/\/www.benchmarkemail.com\/es\/wp-content\/uploads\/sites\/4\/2026\/01\/AI-Powered-Image-Generation-1.webp\" alt=\"AI-Powered Image Generation-1\" height=\"822\" width=\"846\" title=\"AI-Powered Image Generation-1\" onerror=\"this.style.display='none'\" loading=\"lazy\" \/>\n\t<\/figure>\n<h3>\n\t\t\tGeneraci\u00f3n de im\u00e1genes con IA\t<\/h3>\n\t<p>Describe lo que necesitas y nuestra IA crear\u00e1 im\u00e1genes atractivas para ti, en segundos.<\/p>\n\t\t\t<a href=\"https:\/\/app.benchmarkemail.io\/register?language=es\"  target=\"_self\">\n\t\t\t\t\t\t\tCrea im\u00e1genes gratis\n\t\t\t\t\t<\/a>\n<h3>\n\t\t\tBiblioteca de im\u00e1genes de stock\t<\/h3>\n\t<p>Accede a millones de im\u00e1genes gratuitas y de alta calidad desde Unsplash, Pexels y Pixabay.<\/p>\n\t\t\t<a href=\"https:\/\/app.benchmarkemail.io\/register?language=es\"  target=\"_self\">\n\t\t\t\t\t\t\tExplora im\u00e1genes gratis\n\t\t\t\t\t<\/a>\n<figure itemscope itemtype=\"https:\/\/schema.org\/ImageObject\">\n\t\t\t\t<img decoding=\"async\" src=\"https:\/\/www.benchmarkemail.com\/es\/wp-content\/uploads\/sites\/4\/2026\/01\/Stock-Photo-Library.webp\" alt=\"Stock Photo Library\" height=\"778\" width=\"1224\" title=\"Stock Photo Library\" onerror=\"this.style.display='none'\" loading=\"lazy\" \/>\n\t<\/figure>\n<figure itemscope itemtype=\"https:\/\/schema.org\/ImageObject\">\n\t\t\t\t<img decoding=\"async\" src=\"https:\/\/www.benchmarkemail.com\/es\/wp-content\/uploads\/sites\/4\/2026\/01\/Smart-Text-Enhancements.webp\" alt=\"Smart Text Enhancements\" height=\"906\" width=\"1006\" title=\"Smart Text Enhancements\" onerror=\"this.style.display='none'\" loading=\"lazy\" \/>\n\t<\/figure>\n<h3>\n\t\t\tTexto inteligente\t<\/h3>\n\t<p>Corrige ortograf\u00eda, ampl\u00eda contenido, reformula textos o ajusta el tono con herramientas de texto impulsadas por IA.<\/p>\n\t\t\t<a href=\"https:\/\/app.benchmarkemail.io\/register?language=es\"  target=\"_blank\" rel=\"noopener\"    rel=\"noopener\">\n\t\t\t\t\t\t\tMejora tus textos gratis\n\t\t\t\t\t<\/a>\n<h3>\n\t\t\tDise\u00f1o optimizado para m\u00f3viles\t<\/h3>\n\t<p>Previsualiza y ajusta tus emails para lograr dise\u00f1os responsive perfectos tanto en escritorio como en m\u00f3vil.<\/p>\n\t\t\t<a href=\"https:\/\/app.benchmarkemail.io\/register?language=es\"  target=\"_blank\" rel=\"noopener\"    rel=\"noopener\">\n\t\t\t\t\t\t\tOptimiza tus emails gratis\n\t\t\t\t\t<\/a>\n<figure itemscope itemtype=\"https:\/\/schema.org\/ImageObject\">\n\t\t\t\t<img decoding=\"async\" src=\"https:\/\/www.benchmarkemail.com\/es\/wp-content\/uploads\/sites\/4\/2026\/01\/Group-3921.webp\" alt=\"Group 3921\" height=\"851\" width=\"1034\" title=\"Group 3921\" onerror=\"this.style.display='none'\" loading=\"lazy\" \/>\n\t<\/figure>\n<figure itemscope itemtype=\"https:\/\/schema.org\/ImageObject\">\n\t\t\t\t<img decoding=\"async\" src=\"https:\/\/www.benchmarkemail.com\/es\/wp-content\/uploads\/sites\/4\/2026\/01\/Built-in-Quality-Control-1.webp\" alt=\"Built-in Quality Control-1\" height=\"906\" width=\"866\" title=\"Built-in Quality Control-1\" onerror=\"this.style.display='none'\" loading=\"lazy\" \/>\n\t<\/figure>\n<h3>\n\t\t\tControl de calidad integrado\t<\/h3>\n\t<p>Qu\u00e9 no se te escape nada: auditor\u00edas autom\u00e1ticas revisan tus emails para que est\u00e9n pulidos, accesibles y sin errores.<\/p>\n\t\t\t<a href=\"https:\/\/app.benchmarkemail.io\/register?language=es\"  target=\"_blank\" rel=\"noopener\"    rel=\"noopener\">\n\t\t\t\t\t\t\tRevisa tus emails gratis\n\t\t\t\t\t<\/a>\n\t<p>Visualizaci\u00f3n<\/p>\n<h2>\n\t\t\tEmails que se ven perfectos en cualquier dispositivo\t<\/h2>\n\t<p>Con Benchmark Email, tus emails siempre se ven bien, sin importar d\u00f3nde se abran. Nuestro editor garantiza una visualizaci\u00f3n consistente en los principales buzones de correo y dispositivos.<\/p>\n<figure itemscope itemtype=\"https:\/\/schema.org\/ImageObject\">\n\t\t\t\t<img decoding=\"async\" src=\"https:\/\/www.benchmarkemail.com\/es\/wp-content\/uploads\/sites\/4\/2026\/01\/Works-Seamlessly-with-Every-Inbox.webp\" alt=\"Works Seamlessly with Every Inbox\" height=\"840\" width=\"1300\" title=\"Works Seamlessly with Every Inbox\" onerror=\"this.style.display='none'\" loading=\"lazy\" \/>\n\t<\/figure>\n<h3>\n\t\t\tFunciona sin problemas en cualquier buz\u00f3n de correo\t<\/h3>\n\t<p>Tanto si tus suscriptores usan Gmail, Outlook, Apple Mail u otras plataformas, tus emails se mostrar\u00e1n tal como los dise\u00f1aste, sin sorpresas.<\/p>\n\t\t\t<a href=\"https:\/\/app.benchmarkemail.io\/register?language=es\"  target=\"_self\">\n\t\t\t\t\t\t\tEmpieza gratis\n\t\t\t\t\t<\/a>\n<h3>\n\t\t\tOptimizado para m\u00f3viles y m\u00e1xima interacci\u00f3n\t<\/h3>\n\t<p>Pensados para una audiencia en movimiento, tus emails se adaptan autom\u00e1ticamente para verse y leerse bien en escritorio, tablet y m\u00f3vil, sin esfuerzo adicional.<\/p>\n\t\t\t<a href=\"https:\/\/app.benchmarkemail.io\/register?language=es\"  target=\"_blank\" rel=\"noopener\"    rel=\"noopener\">\n\t\t\t\t\t\t\tOptimiza tus emails gratis\n\t\t\t\t\t<\/a>\n<figure itemscope itemtype=\"https:\/\/schema.org\/ImageObject\">\n\t\t\t\t<img decoding=\"async\" src=\"https:\/\/www.benchmarkemail.com\/es\/wp-content\/uploads\/sites\/4\/2026\/01\/Mobile-Optimized-for-Maximum-Engagement.webp\" alt=\"Mobile-Optimized for Maximum Engagement\" height=\"840\" width=\"1300\" title=\"Mobile-Optimized for Maximum Engagement\" onerror=\"this.style.display='none'\" loading=\"lazy\" \/>\n\t<\/figure>\n<h2>\n\t\t\t\u00bfPor qu\u00e9 Benchmark Email?\t<\/h2>\n\t<figure itemscope itemtype=\"https:\/\/schema.org\/ImageObject\">\n\t\t\t\t<img decoding=\"async\" src=\"https:\/\/www.benchmarkemail.com\/wp-content\/uploads\/2025\/09\/pen-to-square-regular.svg\" alt=\"\" onerror=\"this.style.display='none'\" loading=\"lazy\" \/>\n\t<\/figure>\n\t\t<h3>Sin curva de aprendizaje<\/h3><p>Empieza a enviar emails atractivos desde el primer d\u00eda.<\/p>\n\t<figure itemscope itemtype=\"https:\/\/schema.org\/ImageObject\">\n\t\t\t\t<img decoding=\"async\" src=\"https:\/\/www.benchmarkemail.com\/wp-content\/uploads\/2025\/09\/Recursosvg.svg\" alt=\"\" onerror=\"this.style.display='none'\" loading=\"lazy\" \/>\n\t<\/figure>\n\t\t<h3>Opciones de dise\u00f1o flexibles<\/h3><p>Usa dise\u00f1os en blanco, plantillas personalizables o comienza desde cero.<\/p>\n\t<figure itemscope itemtype=\"https:\/\/schema.org\/ImageObject\">\n\t\t\t\t<img decoding=\"async\" src=\"https:\/\/www.benchmarkemail.com\/wp-content\/uploads\/2025\/09\/AI-powered.svg\" alt=\"\" onerror=\"this.style.display='none'\" loading=\"lazy\" \/>\n\t<\/figure>\n\t\t<h3>Asistencia con IA<\/h3><p>Sugerencias inteligentes para im\u00e1genes, texto y botones que facilitan a\u00fan m\u00e1s el dise\u00f1o de tus emails.<\/p>\n<h2>\n\t\t\tPrueba nuestro editor de emails\t<\/h2>\n\t\t\t<a href=\"https:\/\/app.benchmarkemail.io\/register?language=es\"  target=\"_blank\" rel=\"noopener\"    rel=\"noopener\">\n\t\t\t\t\t\t\tEmpieza gratis\n\t\t\t\t\t<\/a>\n<figure itemscope itemtype=\"https:\/\/schema.org\/ImageObject\">\n\t\t\t\t<img decoding=\"async\" src=\"https:\/\/www.benchmarkemail.com\/images\/nxg\/nxg-email-editor\/marketer.webp\" alt=\"marketer.webp\" title=\"marketer.webp\" onerror=\"this.style.display='none'\" loading=\"lazy\" \/>\n\t<\/figure>\n<h2>\n\t\t\tExplora m\u00e1s funcionalidades\t<\/h2>\n\t<p>Benchmark est\u00e1 pensado para trabajar r\u00e1pido, pero hay mucho m\u00e1s detr\u00e1s. Descubre las herramientas clave que te ayudan a crear, enviar y medir tus emails sin complicaciones.<\/p>\n<figure itemscope itemtype=\"https:\/\/schema.org\/ImageObject\">\n\t\t\t\t<img decoding=\"async\" src=\"https:\/\/www.benchmarkemail.com\/es\/wp-content\/uploads\/sites\/4\/2026\/01\/Contact-Management-1.webp\" alt=\"Contact Management-1\" height=\"640\" width=\"970\" title=\"Contact Management-1\" onerror=\"this.style.display='none'\" loading=\"lazy\" \/>\n\t<\/figure>\n<h3>\n\t\t\tGesti\u00f3n de contactos\t<\/h3>\n\t<p>Organiza, etiqueta y segmenta tus contactos para llegar f\u00e1cilmente a la audiencia adecuada, incluso a gran escala.<\/p>\n\t<p><a href=\"\/es\/nxg-features\/nxg-contact-management\/\">Explora la gesti\u00f3n de contactos &gt;<\/a><\/p>\n<figure itemscope itemtype=\"https:\/\/schema.org\/ImageObject\">\n\t\t\t\t<img decoding=\"async\" src=\"https:\/\/www.benchmarkemail.com\/es\/wp-content\/uploads\/sites\/4\/2026\/01\/Reporting.webp\" alt=\"Reporting\" height=\"640\" width=\"970\" title=\"Reporting\" onerror=\"this.style.display='none'\" loading=\"lazy\" \/>\n\t<\/figure>\n<h3>\n\t\t\tInformes\t<\/h3>\n\t<p>Entiende qu\u00e9 est\u00e1 funcionando y mejora lo que no con informes claros y \u00fatiles.<\/p>\n\t<p><a href=\"\/es\/nxg-features\/nxg-reporting\/\">Descubre los informes &gt;\u00a0<\/a><\/p>\n\n","protected":false},"excerpt":{"rendered":"<p>Crea emails sin esfuerzo con nuestro editor intuitivo de arrastrar y soltar Pru\u00e9balo gratis Casos de uso Crea cualquier tipo de email en cuesti\u00f3n de minutos El editor de arrastrar y soltar de Benchmark Email hace que crear emails atractivos y adaptados a tus necesidades sea r\u00e1pido y sencillo. Ya sea para promocionar un evento&hellip;<\/p>\n","protected":false},"author":7,"featured_media":49088,"parent":48485,"menu_order":0,"comment_status":"closed","ping_status":"closed","template":"page-nxg.php","meta":{"inline_featured_image":false,"footnotes":""},"class_list":["post-48488","page","type-page","status-publish","has-post-thumbnail","hentry"],"yoast_head":"<!-- This site is optimized with the Yoast SEO plugin v27.5 - https:\/\/yoast.com\/product\/yoast-seo-wordpress\/ -->\n<title>Email template builder - Crea facilmente tus plantillas de email<\/title>\n<meta name=\"description\" content=\"Dise\u00f1a y env\u00eda tus campa\u00f1as de email marketing f\u00e1cilmente con el email template builder de Benchmark. Incluye plantillas personalizables.\" \/>\n<meta name=\"robots\" content=\"index, follow, max-snippet:-1, max-image-preview:large, max-video-preview:-1\" \/>\n<link rel=\"canonical\" href=\"https:\/\/www.benchmarkemail.com\/es\/features\/email-builder\/\" \/>\n<meta property=\"og:locale\" content=\"en_US\" \/>\n<meta property=\"og:type\" content=\"article\" \/>\n<meta property=\"og:title\" content=\"Email template builder - Crea facilmente tus plantillas de email\" \/>\n<meta property=\"og:description\" content=\"Dise\u00f1a y env\u00eda tus campa\u00f1as de email marketing f\u00e1cilmente con el email template builder de Benchmark. Incluye plantillas personalizables.\" \/>\n<meta property=\"og:url\" content=\"https:\/\/www.benchmarkemail.com\/es\/features\/email-builder\/\" \/>\n<meta property=\"og:site_name\" content=\"Benchmark Email - Herramienta de Email Marketing\" \/>\n<meta property=\"article:publisher\" content=\"https:\/\/www.facebook.com\/benchmarkemailes\" \/>\n<meta property=\"article:modified_time\" content=\"2026-04-09T09:25:32+00:00\" \/>\n<meta property=\"og:image\" content=\"https:\/\/www.benchmarkemail.com\/es\/wp-content\/uploads\/sites\/4\/2026\/01\/email-builder.webp\" \/>\n\t<meta property=\"og:image:width\" content=\"732\" \/>\n\t<meta property=\"og:image:height\" content=\"543\" \/>\n\t<meta property=\"og:image:type\" content=\"image\/webp\" \/>\n<meta name=\"twitter:card\" content=\"summary_large_image\" \/>\n<meta name=\"twitter:site\" content=\"@benchmarkesp\" \/>\n<meta name=\"twitter:label1\" content=\"Est. reading time\" \/>\n\t<meta name=\"twitter:data1\" content=\"6 minutes\" \/>\n<script type=\"application\/ld+json\" class=\"yoast-schema-graph\">{\"@context\":\"https:\\\/\\\/schema.org\",\"@graph\":[{\"@type\":\"WebPage\",\"@id\":\"https:\\\/\\\/www.benchmarkemail.com\\\/es\\\/features\\\/email-builder\\\/\",\"url\":\"https:\\\/\\\/www.benchmarkemail.com\\\/es\\\/features\\\/email-builder\\\/\",\"name\":\"Email template builder - Crea facilmente tus plantillas de email\",\"isPartOf\":{\"@id\":\"https:\\\/\\\/www.benchmarkemail.com\\\/es\\\/#website\"},\"primaryImageOfPage\":{\"@id\":\"https:\\\/\\\/www.benchmarkemail.com\\\/es\\\/features\\\/email-builder\\\/#primaryimage\"},\"image\":{\"@id\":\"https:\\\/\\\/www.benchmarkemail.com\\\/es\\\/features\\\/email-builder\\\/#primaryimage\"},\"thumbnailUrl\":\"https:\\\/\\\/www.benchmarkemail.com\\\/es\\\/wp-content\\\/uploads\\\/sites\\\/4\\\/2026\\\/01\\\/email-builder.webp\",\"datePublished\":\"2025-11-19T13:21:03+00:00\",\"dateModified\":\"2026-04-09T09:25:32+00:00\",\"description\":\"Dise\u00f1a y env\u00eda tus campa\u00f1as de email marketing f\u00e1cilmente con el email template builder de Benchmark. Incluye plantillas personalizables.\",\"breadcrumb\":{\"@id\":\"https:\\\/\\\/www.benchmarkemail.com\\\/es\\\/features\\\/email-builder\\\/#breadcrumb\"},\"inLanguage\":\"en-US\",\"potentialAction\":[{\"@type\":\"ReadAction\",\"target\":[\"https:\\\/\\\/www.benchmarkemail.com\\\/es\\\/features\\\/email-builder\\\/\"]}]},{\"@type\":\"ImageObject\",\"inLanguage\":\"en-US\",\"@id\":\"https:\\\/\\\/www.benchmarkemail.com\\\/es\\\/features\\\/email-builder\\\/#primaryimage\",\"url\":\"https:\\\/\\\/www.benchmarkemail.com\\\/es\\\/wp-content\\\/uploads\\\/sites\\\/4\\\/2026\\\/01\\\/email-builder.webp\",\"contentUrl\":\"https:\\\/\\\/www.benchmarkemail.com\\\/es\\\/wp-content\\\/uploads\\\/sites\\\/4\\\/2026\\\/01\\\/email-builder.webp\",\"width\":732,\"height\":543},{\"@type\":\"BreadcrumbList\",\"@id\":\"https:\\\/\\\/www.benchmarkemail.com\\\/es\\\/features\\\/email-builder\\\/#breadcrumb\",\"itemListElement\":[{\"@type\":\"ListItem\",\"position\":1,\"name\":\"Home\",\"item\":\"https:\\\/\\\/www.benchmarkemail.com\\\/es\\\/\"},{\"@type\":\"ListItem\",\"position\":2,\"name\":\"Features\",\"item\":\"https:\\\/\\\/www.benchmarkemail.com\\\/es\\\/features\\\/\"},{\"@type\":\"ListItem\",\"position\":3,\"name\":\"Email Editor\"}]},{\"@type\":\"WebSite\",\"@id\":\"https:\\\/\\\/www.benchmarkemail.com\\\/es\\\/#website\",\"url\":\"https:\\\/\\\/www.benchmarkemail.com\\\/es\\\/\",\"name\":\"Benchmark Email - Herramienta de Email Marketing\",\"description\":\"Dise\u00f1a, env\u00eda, mide y optimiza tus campa\u00f1as de email y comun\u00edcate con tus clientes a trav\u00e9s del correo electr\u00f3nico.\",\"publisher\":{\"@id\":\"https:\\\/\\\/www.benchmarkemail.com\\\/es\\\/#organization\"},\"potentialAction\":[{\"@type\":\"SearchAction\",\"target\":{\"@type\":\"EntryPoint\",\"urlTemplate\":\"https:\\\/\\\/www.benchmarkemail.com\\\/es\\\/?s={search_term_string}\"},\"query-input\":{\"@type\":\"PropertyValueSpecification\",\"valueRequired\":true,\"valueName\":\"search_term_string\"}}],\"inLanguage\":\"en-US\"},{\"@type\":\"Organization\",\"@id\":\"https:\\\/\\\/www.benchmarkemail.com\\\/es\\\/#organization\",\"name\":\"Benchmark Email\",\"url\":\"https:\\\/\\\/www.benchmarkemail.com\\\/es\\\/\",\"logo\":{\"@type\":\"ImageObject\",\"inLanguage\":\"en-US\",\"@id\":\"https:\\\/\\\/www.benchmarkemail.com\\\/es\\\/#\\\/schema\\\/logo\\\/image\\\/\",\"url\":\"https:\\\/\\\/www.benchmarkemail.com\\\/es\\\/wp-content\\\/uploads\\\/sites\\\/4\\\/2019\\\/09\\\/benchmark-logo.svg\",\"contentUrl\":\"https:\\\/\\\/www.benchmarkemail.com\\\/es\\\/wp-content\\\/uploads\\\/sites\\\/4\\\/2019\\\/09\\\/benchmark-logo.svg\",\"width\":1,\"height\":1,\"caption\":\"Benchmark Email\"},\"image\":{\"@id\":\"https:\\\/\\\/www.benchmarkemail.com\\\/es\\\/#\\\/schema\\\/logo\\\/image\\\/\"},\"sameAs\":[\"https:\\\/\\\/www.facebook.com\\\/benchmarkemailes\",\"https:\\\/\\\/x.com\\\/benchmarkesp\",\"https:\\\/\\\/twitter.com\\\/benchmarkesp\",\"https:\\\/\\\/www.youtube.com\\\/user\\\/BenchmarkEmailESP\",\"https:\\\/\\\/www.tiktok.com\\\/@benchmarkespanol\"]}]}<\/script>\n<!-- \/ Yoast SEO plugin. -->","yoast_head_json":{"title":"Email template builder - Crea facilmente tus plantillas de email","description":"Dise\u00f1a y env\u00eda tus campa\u00f1as de email marketing f\u00e1cilmente con el email template builder de Benchmark. Incluye plantillas personalizables.","robots":{"index":"index","follow":"follow","max-snippet":"max-snippet:-1","max-image-preview":"max-image-preview:large","max-video-preview":"max-video-preview:-1"},"canonical":"https:\/\/www.benchmarkemail.com\/es\/features\/email-builder\/","og_locale":"en_US","og_type":"article","og_title":"Email template builder - Crea facilmente tus plantillas de email","og_description":"Dise\u00f1a y env\u00eda tus campa\u00f1as de email marketing f\u00e1cilmente con el email template builder de Benchmark. Incluye plantillas personalizables.","og_url":"https:\/\/www.benchmarkemail.com\/es\/features\/email-builder\/","og_site_name":"Benchmark Email - Herramienta de Email Marketing","article_publisher":"https:\/\/www.facebook.com\/benchmarkemailes","article_modified_time":"2026-04-09T09:25:32+00:00","og_image":[{"width":732,"height":543,"url":"https:\/\/www.benchmarkemail.com\/es\/wp-content\/uploads\/sites\/4\/2026\/01\/email-builder.webp","type":"image\/webp"}],"twitter_card":"summary_large_image","twitter_site":"@benchmarkesp","twitter_misc":{"Est. reading time":"6 minutes"},"schema":{"@context":"https:\/\/schema.org","@graph":[{"@type":"WebPage","@id":"https:\/\/www.benchmarkemail.com\/es\/features\/email-builder\/","url":"https:\/\/www.benchmarkemail.com\/es\/features\/email-builder\/","name":"Email template builder - Crea facilmente tus plantillas de email","isPartOf":{"@id":"https:\/\/www.benchmarkemail.com\/es\/#website"},"primaryImageOfPage":{"@id":"https:\/\/www.benchmarkemail.com\/es\/features\/email-builder\/#primaryimage"},"image":{"@id":"https:\/\/www.benchmarkemail.com\/es\/features\/email-builder\/#primaryimage"},"thumbnailUrl":"https:\/\/www.benchmarkemail.com\/es\/wp-content\/uploads\/sites\/4\/2026\/01\/email-builder.webp","datePublished":"2025-11-19T13:21:03+00:00","dateModified":"2026-04-09T09:25:32+00:00","description":"Dise\u00f1a y env\u00eda tus campa\u00f1as de email marketing f\u00e1cilmente con el email template builder de Benchmark. Incluye plantillas personalizables.","breadcrumb":{"@id":"https:\/\/www.benchmarkemail.com\/es\/features\/email-builder\/#breadcrumb"},"inLanguage":"en-US","potentialAction":[{"@type":"ReadAction","target":["https:\/\/www.benchmarkemail.com\/es\/features\/email-builder\/"]}]},{"@type":"ImageObject","inLanguage":"en-US","@id":"https:\/\/www.benchmarkemail.com\/es\/features\/email-builder\/#primaryimage","url":"https:\/\/www.benchmarkemail.com\/es\/wp-content\/uploads\/sites\/4\/2026\/01\/email-builder.webp","contentUrl":"https:\/\/www.benchmarkemail.com\/es\/wp-content\/uploads\/sites\/4\/2026\/01\/email-builder.webp","width":732,"height":543},{"@type":"BreadcrumbList","@id":"https:\/\/www.benchmarkemail.com\/es\/features\/email-builder\/#breadcrumb","itemListElement":[{"@type":"ListItem","position":1,"name":"Home","item":"https:\/\/www.benchmarkemail.com\/es\/"},{"@type":"ListItem","position":2,"name":"Features","item":"https:\/\/www.benchmarkemail.com\/es\/features\/"},{"@type":"ListItem","position":3,"name":"Email Editor"}]},{"@type":"WebSite","@id":"https:\/\/www.benchmarkemail.com\/es\/#website","url":"https:\/\/www.benchmarkemail.com\/es\/","name":"Benchmark Email - Herramienta de Email Marketing","description":"Dise\u00f1a, env\u00eda, mide y optimiza tus campa\u00f1as de email y comun\u00edcate con tus clientes a trav\u00e9s del correo electr\u00f3nico.","publisher":{"@id":"https:\/\/www.benchmarkemail.com\/es\/#organization"},"potentialAction":[{"@type":"SearchAction","target":{"@type":"EntryPoint","urlTemplate":"https:\/\/www.benchmarkemail.com\/es\/?s={search_term_string}"},"query-input":{"@type":"PropertyValueSpecification","valueRequired":true,"valueName":"search_term_string"}}],"inLanguage":"en-US"},{"@type":"Organization","@id":"https:\/\/www.benchmarkemail.com\/es\/#organization","name":"Benchmark Email","url":"https:\/\/www.benchmarkemail.com\/es\/","logo":{"@type":"ImageObject","inLanguage":"en-US","@id":"https:\/\/www.benchmarkemail.com\/es\/#\/schema\/logo\/image\/","url":"https:\/\/www.benchmarkemail.com\/es\/wp-content\/uploads\/sites\/4\/2019\/09\/benchmark-logo.svg","contentUrl":"https:\/\/www.benchmarkemail.com\/es\/wp-content\/uploads\/sites\/4\/2019\/09\/benchmark-logo.svg","width":1,"height":1,"caption":"Benchmark Email"},"image":{"@id":"https:\/\/www.benchmarkemail.com\/es\/#\/schema\/logo\/image\/"},"sameAs":["https:\/\/www.facebook.com\/benchmarkemailes","https:\/\/x.com\/benchmarkesp","https:\/\/twitter.com\/benchmarkesp","https:\/\/www.youtube.com\/user\/BenchmarkEmailESP","https:\/\/www.tiktok.com\/@benchmarkespanol"]}]}},"_links":{"self":[{"href":"https:\/\/www.benchmarkemail.com\/es\/wp-json\/wp\/v2\/pages\/48488","targetHints":{"allow":["GET"]}}],"collection":[{"href":"https:\/\/www.benchmarkemail.com\/es\/wp-json\/wp\/v2\/pages"}],"about":[{"href":"https:\/\/www.benchmarkemail.com\/es\/wp-json\/wp\/v2\/types\/page"}],"author":[{"embeddable":true,"href":"https:\/\/www.benchmarkemail.com\/es\/wp-json\/wp\/v2\/users\/7"}],"replies":[{"embeddable":true,"href":"https:\/\/www.benchmarkemail.com\/es\/wp-json\/wp\/v2\/comments?post=48488"}],"version-history":[{"count":0,"href":"https:\/\/www.benchmarkemail.com\/es\/wp-json\/wp\/v2\/pages\/48488\/revisions"}],"up":[{"embeddable":true,"href":"https:\/\/www.benchmarkemail.com\/es\/wp-json\/wp\/v2\/pages\/48485"}],"wp:featuredmedia":[{"embeddable":true,"href":"https:\/\/www.benchmarkemail.com\/es\/wp-json\/wp\/v2\/media\/49088"}],"wp:attachment":[{"href":"https:\/\/www.benchmarkemail.com\/es\/wp-json\/wp\/v2\/media?parent=48488"}],"curies":[{"name":"wp","href":"https:\/\/api.w.org\/{rel}","templated":true}]}}