{"id":48490,"date":"2025-11-19T13:33:23","date_gmt":"2025-11-19T13:33:23","guid":{"rendered":"https:\/\/www.benchmarkemail.com\/es\/?page_id=48490"},"modified":"2026-02-16T10:29:34","modified_gmt":"2026-02-16T10:29:34","slug":"contact-management","status":"publish","type":"page","link":"https:\/\/www.benchmarkemail.com\/es\/features\/contact-management\/","title":{"rendered":"Gesti\u00f3n de contactos"},"content":{"rendered":"\n<h1>\n\t\t\tGesti\u00f3n de contactos simple e inteligente para segmentar mejor.\t<\/h1>\n\t<p>Llega a las personas adecuadas, siempre<\/p>\n\t<p>El env\u00edo de correos electr\u00f3nicos personalizados no deber\u00eda ralentizarte. Con las <strong>potentes herramientas de segmentaci\u00f3n<\/strong> de Benchmark Email, puedes dirigirte al p\u00fablico adecuado sin esfuerzo, lo que mejora el compromiso, las conversiones y los resultados.<\/p>\n\t\t\t<a href=\"https:\/\/app.benchmarkemail.io\/register?language=es\"  target=\"_blank\" rel=\"noopener\"    rel=\"noopener\">\n\t\t\t\t\t\t\tPru\u00e9balo gratis\n\t\t\t\t\t<\/a>\n<figure itemscope itemtype=\"https:\/\/schema.org\/ImageObject\">\n\t\t\t\t<img decoding=\"async\" src=\"https:\/\/www.benchmarkemail.com\/es\/wp-content\/uploads\/sites\/4\/2026\/01\/Contact-Management-hero-img-1.webp\" alt=\"Contact-Management-hero-img-1\" height=\"1212\" width=\"1405\" title=\"Contact-Management-hero-img-1\" onerror=\"this.style.display='none'\" loading=\"lazy\" \/>\n\t<\/figure>\n\t<p>Funcionalidades<\/p>\n<h2>\n\t\t\tSegmentaci\u00f3n sencilla. Resultados inmediatos\t<\/h2>\n<figure itemscope itemtype=\"https:\/\/schema.org\/ImageObject\">\n\t\t\t\t<img decoding=\"async\" src=\"https:\/\/www.benchmarkemail.com\/es\/wp-content\/uploads\/sites\/4\/2026\/01\/Easy-tagging.webp\" alt=\"Easy-tagging\" height=\"840\" width=\"1300\" title=\"Easy-tagging\" onerror=\"this.style.display='none'\" loading=\"lazy\" \/>\n\t<\/figure>\n<h3>\n\t\t\tEtiquetado f\u00e1cil\t<\/h3>\n\t<p>Agrupa los contactos por intereses, acciones o preferencias para una mejor segmentaci\u00f3n.<\/p>\n\t\t\t<a href=\"https:\/\/app.benchmarkemail.io\/register?language=es\"  target=\"_self\">\n\t\t\t\t\t\t\tEmpieza gratis ahora\n\t\t\t\t\t<\/a>\n<h3>\n\t\t\tSeguimiento del engagement\t<\/h3>\n\t<p>Segmenta por aperturas, clics, rebotes y bajas para definir tu alcance.<\/p>\n\t\t\t<a href=\"https:\/\/app.benchmarkemail.io\/register?language=es\"  target=\"_blank\" rel=\"noopener\"    rel=\"noopener\">\n\t\t\t\t\t\t\tEmpieza gratis ahora\n\t\t\t\t\t<\/a>\n<figure itemscope itemtype=\"https:\/\/schema.org\/ImageObject\">\n\t\t\t\t<img decoding=\"async\" src=\"https:\/\/www.benchmarkemail.com\/es\/wp-content\/uploads\/sites\/4\/2026\/01\/Engagement-Tracking.webp\" alt=\"Engagement-Tracking\" height=\"840\" width=\"1300\" title=\"Engagement-Tracking\" onerror=\"this.style.display='none'\" loading=\"lazy\" \/>\n\t<\/figure>\n<figure itemscope itemtype=\"https:\/\/schema.org\/ImageObject\">\n\t\t\t\t<img decoding=\"async\" src=\"https:\/\/www.benchmarkemail.com\/es\/wp-content\/uploads\/sites\/4\/2026\/01\/Flexible-Custom-Fields.webp\" alt=\"Flexible Custom Fields\" height=\"840\" width=\"1300\" title=\"Flexible Custom Fields\" onerror=\"this.style.display='none'\" loading=\"lazy\" \/>\n\t<\/figure>\n<h3>\n\t\t\tCampos personalizados flexibles\t<\/h3>\n\t<p>Guarda los datos que necesitas para personalizar tus campa\u00f1as.<\/p>\n\t\t\t<a href=\"https:\/\/app.benchmarkemail.io\/register?language=es\"  target=\"_blank\" rel=\"noopener\"    rel=\"noopener\">\n\t\t\t\t\t\t\tEmpieza gratis ahora\n\t\t\t\t\t<\/a>\n<h3>\n\t\t\tFiltros avanzados\t<\/h3>\n\t<p>Encuentra contactos al instante con filtros que afinan tu segmentaci\u00f3n.<\/p>\n\t\t\t<a href=\"https:\/\/app.benchmarkemail.io\/register?language=es\"  target=\"_blank\" rel=\"noopener\"    rel=\"noopener\">\n\t\t\t\t\t\t\tEmpieza gratis ahora\n\t\t\t\t\t<\/a>\n<figure itemscope itemtype=\"https:\/\/schema.org\/ImageObject\">\n\t\t\t\t<img decoding=\"async\" src=\"https:\/\/www.benchmarkemail.com\/es\/wp-content\/uploads\/sites\/4\/2026\/01\/Advanced-Filtering.webp\" alt=\"Advanced-Filtering\" height=\"840\" width=\"1300\" title=\"Advanced-Filtering\" onerror=\"this.style.display='none'\" loading=\"lazy\" \/>\n\t<\/figure>\n<figure itemscope itemtype=\"https:\/\/schema.org\/ImageObject\">\n\t\t\t\t<img decoding=\"async\" src=\"https:\/\/www.benchmarkemail.com\/es\/wp-content\/uploads\/sites\/4\/2026\/01\/Smartly-Segmented-Lists.webp\" alt=\"Smartly Segmented Lists\" height=\"840\" width=\"1300\" title=\"Smartly Segmented Lists\" onerror=\"this.style.display='none'\" loading=\"lazy\" \/>\n\t<\/figure>\n<h3>\n\t\t\tListas segmentadas de forma inteligente\t<\/h3>\n\t<p>Agrupa contactos autom\u00e1ticamente y crea listas segmentadas seg\u00fan su comportamiento, etiquetas o datos.<\/p>\n\t\t\t<a href=\"https:\/\/app.benchmarkemail.io\/register?language=es\"  target=\"_blank\" rel=\"noopener\"    rel=\"noopener\">\n\t\t\t\t\t\t\tEmpieza gratis ahora\n\t\t\t\t\t<\/a>\n\t<p>Gesti\u00f3n de contactos<\/p>\n<h2>\n\t\t\tTodo en un solo lugar\t<\/h2>\n\t<p>Haz seguimiento y gestiona tu audiencia con total facilidad.<\/p>\n<figure itemscope itemtype=\"https:\/\/schema.org\/ImageObject\">\n\t\t\t\t<img decoding=\"async\" src=\"https:\/\/www.benchmarkemail.com\/es\/wp-content\/uploads\/sites\/4\/2026\/01\/Real-Time-Activity-Feed.webp\" alt=\"Real-Time Activity Feed\" height=\"840\" width=\"1300\" title=\"Real-Time Activity Feed\" onerror=\"this.style.display='none'\" loading=\"lazy\" \/>\n\t<\/figure>\n<h3>\n\t\t\tActividad en tiempo real\t<\/h3>\n\t<p>Consulta el engagement al instante, sin esperar informes.<\/p>\n\t\t\t<a href=\"https:\/\/app.benchmarkemail.io\/register?language=es\"  target=\"_blank\" rel=\"noopener\"    rel=\"noopener\">\n\t\t\t\t\t\t\tEmpieza gratis ahora\n\t\t\t\t\t<\/a>\n<h3>\n\t\t\tOrganizaci\u00f3n sin esfuerzo\t<\/h3>\n\t<p>Ten todos tus contactos en un solo lugar, ordenados y listos para filtrar.<\/p>\n\t\t\t<a href=\"https:\/\/app.benchmarkemail.io\/register?language=es\"  target=\"_blank\" rel=\"noopener\"    rel=\"noopener\">\n\t\t\t\t\t\t\tEmpieza gratis ahora\n\t\t\t\t\t<\/a>\n<figure itemscope itemtype=\"https:\/\/schema.org\/ImageObject\">\n\t\t\t\t<img decoding=\"async\" src=\"https:\/\/www.benchmarkemail.com\/es\/wp-content\/uploads\/sites\/4\/2026\/01\/Effortless-Organization.webp\" alt=\"Effortless Organization\" height=\"840\" width=\"1300\" title=\"Effortless Organization\" onerror=\"this.style.display='none'\" loading=\"lazy\" \/>\n\t<\/figure>\n<figure itemscope itemtype=\"https:\/\/schema.org\/ImageObject\">\n\t\t\t\t<img decoding=\"async\" src=\"https:\/\/www.benchmarkemail.com\/es\/wp-content\/uploads\/sites\/4\/2026\/01\/Faster-Insights-1.webp\" alt=\"Faster Insights-1\" height=\"840\" width=\"1300\" title=\"Faster Insights-1\" onerror=\"this.style.display='none'\" loading=\"lazy\" \/>\n\t<\/figure>\n<h3>\n\t\t\tInformaci\u00f3n m\u00e1s r\u00e1pida\t<\/h3>\n\t<p>Accede a los datos clave al instante, sin buscar ni adivinar.<\/p>\n\t\t\t<a href=\"https:\/\/app.benchmarkemail.io\/register?language=es\"  target=\"_blank\" rel=\"noopener\"    rel=\"noopener\">\n\t\t\t\t\t\t\tEmpieza gratis ahora\n\t\t\t\t\t<\/a>\n\t<p>Entregabilidad<\/p>\n<h2>\n\t\t\tGesti\u00f3n de contactos que protege tu reputaci\u00f3n como remitente.\t<\/h2>\n\t<p>Haz seguimiento y gestiona tu audiencia con total facilidad.<\/p>\n<h3>\n\t\t\tSupresi\u00f3n con un solo clic\t<\/h3>\n\t<p>Excluye contactos inactivos o dados de baja con un clic para mantener listas m\u00e1s limpias.<\/p>\n\t\t\t<a href=\"https:\/\/app.benchmarkemail.io\/register?language=es\"  target=\"_blank\" rel=\"noopener\"    rel=\"noopener\">\n\t\t\t\t\t\t\tEmpieza gratis ahora\n\t\t\t\t\t<\/a>\n<figure itemscope itemtype=\"https:\/\/schema.org\/ImageObject\">\n\t\t\t\t<img decoding=\"async\" src=\"https:\/\/www.benchmarkemail.com\/es\/wp-content\/uploads\/sites\/4\/2026\/01\/One-Click-Suppression.webp\" alt=\"One-Click Suppression\" height=\"603\" width=\"1002\" title=\"One-Click Suppression\" onerror=\"this.style.display='none'\" loading=\"lazy\" \/>\n\t<\/figure>\n<h3>\n\t\t\tGarant\u00edas de entregabilidad\t<\/h3>\n\t<p>Protege tu reputaci\u00f3n como remitente gestionando rebotes y listas de supresi\u00f3n.<\/p>\n\t\t\t<a href=\"https:\/\/app.benchmarkemail.io\/register?language=es\"  target=\"_blank\" rel=\"noopener\"    rel=\"noopener\">\n\t\t\t\t\t\t\tEmpieza gratis ahora\n\t\t\t\t\t<\/a>\n<figure itemscope itemtype=\"https:\/\/schema.org\/ImageObject\">\n\t\t\t\t<img decoding=\"async\" src=\"https:\/\/www.benchmarkemail.com\/es\/wp-content\/uploads\/sites\/4\/2026\/01\/Deliverability-Safeguards.webp\" alt=\"Deliverability Safeguards\" height=\"598\" width=\"838\" title=\"Deliverability Safeguards\" onerror=\"this.style.display='none'\" loading=\"lazy\" \/>\n\t<\/figure>\n<h2>\n\t\t\t\u00bfPor qu\u00e9 Benchmark Email?\t<\/h2>\n\t<p>En Benchmark Email, la gesti\u00f3n de contactos es sencilla y sin complicaciones. Segmenta tu audiencia con claridad, env\u00eda emails m\u00e1s relevantes y aumenta el engagement sin pasos extra. Menos tiempo organizando, m\u00e1s tiempo enviando emails que convierten.<\/p>\n\t<figure itemscope itemtype=\"https:\/\/schema.org\/ImageObject\">\n\t\t\t\t<img decoding=\"async\" src=\"https:\/\/www.benchmarkemail.com\/wp-content\/uploads\/2025\/09\/precision-targeting.svg\" alt=\"\" onerror=\"this.style.display='none'\" loading=\"lazy\" \/>\n\t<\/figure>\n\t\t<h3>Segmentaci\u00f3n precisa<\/h3><p>Env\u00eda el mensaje adecuado a la audiencia correcta en el momento perfecto.<\/p>\n\t<figure itemscope itemtype=\"https:\/\/schema.org\/ImageObject\">\n\t\t\t\t<img decoding=\"async\" src=\"https:\/\/www.benchmarkemail.com\/wp-content\/uploads\/2025\/09\/Live-Activity-Feed.svg\" alt=\"\" onerror=\"this.style.display='none'\" loading=\"lazy\" \/>\n\t<\/figure>\n\t\t<h3>Actividad en tiempo real<\/h3><p>Mantente al tanto con informaci\u00f3n en tiempo real.<\/p>\n\t<figure itemscope itemtype=\"https:\/\/schema.org\/ImageObject\">\n\t\t\t\t<img decoding=\"async\" src=\"https:\/\/www.benchmarkemail.com\/wp-content\/uploads\/2025\/09\/Effortless-List-Management.svg\" alt=\"\" onerror=\"this.style.display='none'\" loading=\"lazy\" \/>\n\t<\/figure>\n\t\t<h3>Gesti\u00f3n de listas sin complicaciones<\/h3><p>Gestiona y organiza tus listas sin esfuerzo, con herramientas que simplifican cada paso.<\/p>\n\t\t\t<a href=\"https:\/\/app.benchmarkemail.io\/register?language=es\"  target=\"_blank\" rel=\"noopener\"    rel=\"noopener\">\n\t\t\t\t\t\t\tEmpieza gratis ahora\n\t\t\t\t\t<\/a>\n<figure itemscope itemtype=\"https:\/\/schema.org\/ImageObject\">\n\t\t\t\t<img decoding=\"async\" src=\"https:\/\/www.benchmarkemail.com\/images\/nxg\/nxg-contact-management\/why-benchmark.webp\" alt=\"why-benchmark.webp\" title=\"why-benchmark.webp\" onerror=\"this.style.display='none'\" loading=\"lazy\" \/>\n\t<\/figure>\n\n","protected":false},"excerpt":{"rendered":"<p>Gesti\u00f3n de contactos simple e inteligente para segmentar mejor. Llega a las personas adecuadas, siempre El env\u00edo de correos electr\u00f3nicos personalizados no deber\u00eda ralentizarte. Con las potentes herramientas de segmentaci\u00f3n de Benchmark Email, puedes dirigirte al p\u00fablico adecuado sin esfuerzo, lo que mejora el compromiso, las conversiones y los resultados. Pru\u00e9balo gratis Funcionalidades Segmentaci\u00f3n sencilla.&hellip;<\/p>\n","protected":false},"author":7,"featured_media":49080,"parent":48485,"menu_order":0,"comment_status":"closed","ping_status":"closed","template":"page-nxg.php","meta":{"inline_featured_image":false,"footnotes":""},"class_list":["post-48490","page","type-page","status-publish","has-post-thumbnail","hentry"],"yoast_head":"<!-- This site is optimized with the Yoast SEO plugin v27.3 - https:\/\/yoast.com\/product\/yoast-seo-wordpress\/ -->\n<title>Gesti\u00f3n de contactos con etiquetas y listas - Benchmark Email<\/title>\n<meta name=\"description\" content=\"Mejora tu email marketing gestionando tus contactos con etiquetas y listas din\u00e1micas. La forma m\u00e1s sencilla de segmentar para enviar mejor.\" \/>\n<meta name=\"robots\" content=\"index, follow, max-snippet:-1, max-image-preview:large, max-video-preview:-1\" \/>\n<link rel=\"canonical\" href=\"https:\/\/www.benchmarkemail.com\/es\/features\/contact-management\/\" \/>\n<meta property=\"og:locale\" content=\"en_US\" \/>\n<meta property=\"og:type\" content=\"article\" \/>\n<meta property=\"og:title\" content=\"Gesti\u00f3n de contactos con etiquetas y listas - Benchmark Email\" \/>\n<meta property=\"og:description\" content=\"Mejora tu email marketing gestionando tus contactos con etiquetas y listas din\u00e1micas. La forma m\u00e1s sencilla de segmentar para enviar mejor.\" \/>\n<meta property=\"og:url\" content=\"https:\/\/www.benchmarkemail.com\/es\/features\/contact-management\/\" \/>\n<meta property=\"og:site_name\" content=\"Benchmark Email - Herramienta de Email Marketing\" \/>\n<meta property=\"article:publisher\" content=\"https:\/\/www.facebook.com\/benchmarkemailes\" \/>\n<meta property=\"article:modified_time\" content=\"2026-02-16T10:29:34+00:00\" \/>\n<meta property=\"og:image\" content=\"https:\/\/www.benchmarkemail.com\/es\/wp-content\/uploads\/sites\/4\/2026\/01\/Contact-Management-1.webp\" \/>\n\t<meta property=\"og:image:width\" content=\"970\" \/>\n\t<meta property=\"og:image:height\" content=\"640\" \/>\n\t<meta property=\"og:image:type\" content=\"image\/webp\" \/>\n<meta name=\"twitter:card\" content=\"summary_large_image\" \/>\n<meta name=\"twitter:site\" content=\"@benchmarkesp\" \/>\n<meta name=\"twitter:label1\" content=\"Est. reading time\" \/>\n\t<meta name=\"twitter:data1\" content=\"5 minutes\" \/>\n<script type=\"application\/ld+json\" class=\"yoast-schema-graph\">{\"@context\":\"https:\\\/\\\/schema.org\",\"@graph\":[{\"@type\":\"WebPage\",\"@id\":\"https:\\\/\\\/www.benchmarkemail.com\\\/es\\\/features\\\/contact-management\\\/\",\"url\":\"https:\\\/\\\/www.benchmarkemail.com\\\/es\\\/features\\\/contact-management\\\/\",\"name\":\"Gesti\u00f3n de contactos con etiquetas y listas - Benchmark Email\",\"isPartOf\":{\"@id\":\"https:\\\/\\\/www.benchmarkemail.com\\\/es\\\/#website\"},\"primaryImageOfPage\":{\"@id\":\"https:\\\/\\\/www.benchmarkemail.com\\\/es\\\/features\\\/contact-management\\\/#primaryimage\"},\"image\":{\"@id\":\"https:\\\/\\\/www.benchmarkemail.com\\\/es\\\/features\\\/contact-management\\\/#primaryimage\"},\"thumbnailUrl\":\"https:\\\/\\\/www.benchmarkemail.com\\\/es\\\/wp-content\\\/uploads\\\/sites\\\/4\\\/2026\\\/01\\\/Contact-Management-1.webp\",\"datePublished\":\"2025-11-19T13:33:23+00:00\",\"dateModified\":\"2026-02-16T10:29:34+00:00\",\"description\":\"Mejora tu email marketing gestionando tus contactos con etiquetas y listas din\u00e1micas. La forma m\u00e1s sencilla de segmentar para enviar mejor.\",\"breadcrumb\":{\"@id\":\"https:\\\/\\\/www.benchmarkemail.com\\\/es\\\/features\\\/contact-management\\\/#breadcrumb\"},\"inLanguage\":\"en-US\",\"potentialAction\":[{\"@type\":\"ReadAction\",\"target\":[\"https:\\\/\\\/www.benchmarkemail.com\\\/es\\\/features\\\/contact-management\\\/\"]}]},{\"@type\":\"ImageObject\",\"inLanguage\":\"en-US\",\"@id\":\"https:\\\/\\\/www.benchmarkemail.com\\\/es\\\/features\\\/contact-management\\\/#primaryimage\",\"url\":\"https:\\\/\\\/www.benchmarkemail.com\\\/es\\\/wp-content\\\/uploads\\\/sites\\\/4\\\/2026\\\/01\\\/Contact-Management-1.webp\",\"contentUrl\":\"https:\\\/\\\/www.benchmarkemail.com\\\/es\\\/wp-content\\\/uploads\\\/sites\\\/4\\\/2026\\\/01\\\/Contact-Management-1.webp\",\"width\":970,\"height\":640},{\"@type\":\"BreadcrumbList\",\"@id\":\"https:\\\/\\\/www.benchmarkemail.com\\\/es\\\/features\\\/contact-management\\\/#breadcrumb\",\"itemListElement\":[{\"@type\":\"ListItem\",\"position\":1,\"name\":\"Home\",\"item\":\"https:\\\/\\\/www.benchmarkemail.com\\\/es\\\/\"},{\"@type\":\"ListItem\",\"position\":2,\"name\":\"Features\",\"item\":\"https:\\\/\\\/www.benchmarkemail.com\\\/es\\\/features\\\/\"},{\"@type\":\"ListItem\",\"position\":3,\"name\":\"Gesti\u00f3n de contactos\"}]},{\"@type\":\"WebSite\",\"@id\":\"https:\\\/\\\/www.benchmarkemail.com\\\/es\\\/#website\",\"url\":\"https:\\\/\\\/www.benchmarkemail.com\\\/es\\\/\",\"name\":\"Benchmark Email - Herramienta de Email Marketing\",\"description\":\"Dise\u00f1a, env\u00eda, mide y optimiza tus campa\u00f1as de email y comun\u00edcate con tus clientes a trav\u00e9s del correo electr\u00f3nico.\",\"publisher\":{\"@id\":\"https:\\\/\\\/www.benchmarkemail.com\\\/es\\\/#organization\"},\"potentialAction\":[{\"@type\":\"SearchAction\",\"target\":{\"@type\":\"EntryPoint\",\"urlTemplate\":\"https:\\\/\\\/www.benchmarkemail.com\\\/es\\\/?s={search_term_string}\"},\"query-input\":{\"@type\":\"PropertyValueSpecification\",\"valueRequired\":true,\"valueName\":\"search_term_string\"}}],\"inLanguage\":\"en-US\"},{\"@type\":\"Organization\",\"@id\":\"https:\\\/\\\/www.benchmarkemail.com\\\/es\\\/#organization\",\"name\":\"Benchmark Email\",\"url\":\"https:\\\/\\\/www.benchmarkemail.com\\\/es\\\/\",\"logo\":{\"@type\":\"ImageObject\",\"inLanguage\":\"en-US\",\"@id\":\"https:\\\/\\\/www.benchmarkemail.com\\\/es\\\/#\\\/schema\\\/logo\\\/image\\\/\",\"url\":\"https:\\\/\\\/www.benchmarkemail.com\\\/es\\\/wp-content\\\/uploads\\\/sites\\\/4\\\/2019\\\/09\\\/benchmark-logo.svg\",\"contentUrl\":\"https:\\\/\\\/www.benchmarkemail.com\\\/es\\\/wp-content\\\/uploads\\\/sites\\\/4\\\/2019\\\/09\\\/benchmark-logo.svg\",\"width\":1,\"height\":1,\"caption\":\"Benchmark Email\"},\"image\":{\"@id\":\"https:\\\/\\\/www.benchmarkemail.com\\\/es\\\/#\\\/schema\\\/logo\\\/image\\\/\"},\"sameAs\":[\"https:\\\/\\\/www.facebook.com\\\/benchmarkemailes\",\"https:\\\/\\\/x.com\\\/benchmarkesp\",\"https:\\\/\\\/twitter.com\\\/benchmarkesp\",\"https:\\\/\\\/www.youtube.com\\\/user\\\/BenchmarkEmailESP\",\"https:\\\/\\\/www.tiktok.com\\\/@benchmarkespanol\"]}]}<\/script>\n<!-- \/ Yoast SEO plugin. -->","yoast_head_json":{"title":"Gesti\u00f3n de contactos con etiquetas y listas - Benchmark Email","description":"Mejora tu email marketing gestionando tus contactos con etiquetas y listas din\u00e1micas. La forma m\u00e1s sencilla de segmentar para enviar mejor.","robots":{"index":"index","follow":"follow","max-snippet":"max-snippet:-1","max-image-preview":"max-image-preview:large","max-video-preview":"max-video-preview:-1"},"canonical":"https:\/\/www.benchmarkemail.com\/es\/features\/contact-management\/","og_locale":"en_US","og_type":"article","og_title":"Gesti\u00f3n de contactos con etiquetas y listas - Benchmark Email","og_description":"Mejora tu email marketing gestionando tus contactos con etiquetas y listas din\u00e1micas. La forma m\u00e1s sencilla de segmentar para enviar mejor.","og_url":"https:\/\/www.benchmarkemail.com\/es\/features\/contact-management\/","og_site_name":"Benchmark Email - Herramienta de Email Marketing","article_publisher":"https:\/\/www.facebook.com\/benchmarkemailes","article_modified_time":"2026-02-16T10:29:34+00:00","og_image":[{"width":970,"height":640,"url":"https:\/\/www.benchmarkemail.com\/es\/wp-content\/uploads\/sites\/4\/2026\/01\/Contact-Management-1.webp","type":"image\/webp"}],"twitter_card":"summary_large_image","twitter_site":"@benchmarkesp","twitter_misc":{"Est. reading time":"5 minutes"},"schema":{"@context":"https:\/\/schema.org","@graph":[{"@type":"WebPage","@id":"https:\/\/www.benchmarkemail.com\/es\/features\/contact-management\/","url":"https:\/\/www.benchmarkemail.com\/es\/features\/contact-management\/","name":"Gesti\u00f3n de contactos con etiquetas y listas - Benchmark Email","isPartOf":{"@id":"https:\/\/www.benchmarkemail.com\/es\/#website"},"primaryImageOfPage":{"@id":"https:\/\/www.benchmarkemail.com\/es\/features\/contact-management\/#primaryimage"},"image":{"@id":"https:\/\/www.benchmarkemail.com\/es\/features\/contact-management\/#primaryimage"},"thumbnailUrl":"https:\/\/www.benchmarkemail.com\/es\/wp-content\/uploads\/sites\/4\/2026\/01\/Contact-Management-1.webp","datePublished":"2025-11-19T13:33:23+00:00","dateModified":"2026-02-16T10:29:34+00:00","description":"Mejora tu email marketing gestionando tus contactos con etiquetas y listas din\u00e1micas. La forma m\u00e1s sencilla de segmentar para enviar mejor.","breadcrumb":{"@id":"https:\/\/www.benchmarkemail.com\/es\/features\/contact-management\/#breadcrumb"},"inLanguage":"en-US","potentialAction":[{"@type":"ReadAction","target":["https:\/\/www.benchmarkemail.com\/es\/features\/contact-management\/"]}]},{"@type":"ImageObject","inLanguage":"en-US","@id":"https:\/\/www.benchmarkemail.com\/es\/features\/contact-management\/#primaryimage","url":"https:\/\/www.benchmarkemail.com\/es\/wp-content\/uploads\/sites\/4\/2026\/01\/Contact-Management-1.webp","contentUrl":"https:\/\/www.benchmarkemail.com\/es\/wp-content\/uploads\/sites\/4\/2026\/01\/Contact-Management-1.webp","width":970,"height":640},{"@type":"BreadcrumbList","@id":"https:\/\/www.benchmarkemail.com\/es\/features\/contact-management\/#breadcrumb","itemListElement":[{"@type":"ListItem","position":1,"name":"Home","item":"https:\/\/www.benchmarkemail.com\/es\/"},{"@type":"ListItem","position":2,"name":"Features","item":"https:\/\/www.benchmarkemail.com\/es\/features\/"},{"@type":"ListItem","position":3,"name":"Gesti\u00f3n de contactos"}]},{"@type":"WebSite","@id":"https:\/\/www.benchmarkemail.com\/es\/#website","url":"https:\/\/www.benchmarkemail.com\/es\/","name":"Benchmark Email - Herramienta de Email Marketing","description":"Dise\u00f1a, env\u00eda, mide y optimiza tus campa\u00f1as de email y comun\u00edcate con tus clientes a trav\u00e9s del correo electr\u00f3nico.","publisher":{"@id":"https:\/\/www.benchmarkemail.com\/es\/#organization"},"potentialAction":[{"@type":"SearchAction","target":{"@type":"EntryPoint","urlTemplate":"https:\/\/www.benchmarkemail.com\/es\/?s={search_term_string}"},"query-input":{"@type":"PropertyValueSpecification","valueRequired":true,"valueName":"search_term_string"}}],"inLanguage":"en-US"},{"@type":"Organization","@id":"https:\/\/www.benchmarkemail.com\/es\/#organization","name":"Benchmark Email","url":"https:\/\/www.benchmarkemail.com\/es\/","logo":{"@type":"ImageObject","inLanguage":"en-US","@id":"https:\/\/www.benchmarkemail.com\/es\/#\/schema\/logo\/image\/","url":"https:\/\/www.benchmarkemail.com\/es\/wp-content\/uploads\/sites\/4\/2019\/09\/benchmark-logo.svg","contentUrl":"https:\/\/www.benchmarkemail.com\/es\/wp-content\/uploads\/sites\/4\/2019\/09\/benchmark-logo.svg","width":1,"height":1,"caption":"Benchmark Email"},"image":{"@id":"https:\/\/www.benchmarkemail.com\/es\/#\/schema\/logo\/image\/"},"sameAs":["https:\/\/www.facebook.com\/benchmarkemailes","https:\/\/x.com\/benchmarkesp","https:\/\/twitter.com\/benchmarkesp","https:\/\/www.youtube.com\/user\/BenchmarkEmailESP","https:\/\/www.tiktok.com\/@benchmarkespanol"]}]}},"_links":{"self":[{"href":"https:\/\/www.benchmarkemail.com\/es\/wp-json\/wp\/v2\/pages\/48490","targetHints":{"allow":["GET"]}}],"collection":[{"href":"https:\/\/www.benchmarkemail.com\/es\/wp-json\/wp\/v2\/pages"}],"about":[{"href":"https:\/\/www.benchmarkemail.com\/es\/wp-json\/wp\/v2\/types\/page"}],"author":[{"embeddable":true,"href":"https:\/\/www.benchmarkemail.com\/es\/wp-json\/wp\/v2\/users\/7"}],"replies":[{"embeddable":true,"href":"https:\/\/www.benchmarkemail.com\/es\/wp-json\/wp\/v2\/comments?post=48490"}],"version-history":[{"count":0,"href":"https:\/\/www.benchmarkemail.com\/es\/wp-json\/wp\/v2\/pages\/48490\/revisions"}],"up":[{"embeddable":true,"href":"https:\/\/www.benchmarkemail.com\/es\/wp-json\/wp\/v2\/pages\/48485"}],"wp:featuredmedia":[{"embeddable":true,"href":"https:\/\/www.benchmarkemail.com\/es\/wp-json\/wp\/v2\/media\/49080"}],"wp:attachment":[{"href":"https:\/\/www.benchmarkemail.com\/es\/wp-json\/wp\/v2\/media?parent=48490"}],"curies":[{"name":"wp","href":"https:\/\/api.w.org\/{rel}","templated":true}]}}