{"id":48517,"date":"2025-11-20T10:37:01","date_gmt":"2025-11-20T10:37:01","guid":{"rendered":"https:\/\/www.benchmarkemail.com\/es\/?page_id=48517"},"modified":"2026-01-27T18:22:21","modified_gmt":"2026-01-27T18:22:21","slug":"12-days-of-benchmark","status":"publish","type":"page","link":"https:\/\/www.benchmarkemail.com\/es\/12-days-of-benchmark\/","title":{"rendered":"12 d\u00edas de regalos navide\u00f1os &#8211; Benchmark Email"},"content":{"rendered":"\r\n<figure itemscope itemtype=\"https:\/\/schema.org\/ImageObject\">\r\n\t\t\t\t<img decoding=\"async\" src=\"https:\/\/www.benchmarkemail.com\/images\/nxg\/12-days-of-benchmark\/Benchmark-Logo-Full-Color-RGB.svg\" alt=\"Benchmark-Logo-Full-Color-RGB.svg\" title=\"Benchmark-Logo-Full-Color-RGB.svg\" onerror=\"this.style.display='none'\" loading=\"lazy\" \/>\r\n\t<\/figure>\r\n<h1>\r\n\t\t\t12 d\u00edas de regalos navide\u00f1os &#8211; Benchmark Email\t<\/h1>\r\n\t<p>Del 1 al 12 de diciembre, abre cada d\u00eda un nuevo regalo por correo electr\u00f3nico, repleto de consejos, plantillas y trucos navide\u00f1os para que tus campa\u00f1as brillen con luz propia.<\/p>\r\n\t\t\t<button type=\"button\">\r\n\t\t\t\t\t\t\tConseguir mis regalos\r\n\t\t\t\t\t<\/button>\r\n    <img decoding=\"async\" src=\"https:\/\/www.benchmarkemail.com\/images\/nxg\/12-days-of-benchmark\/sparkle.svg\" alt=\"sparkle\"\/>\r\n    No se incluyen guirnaldas ni luces navide\u00f1as. Pero s\u00ed la magia navide\u00f1a en tu bandeja de entrada.\r\n\r\n<form action=\"https:\/\/app.hatchbuck.com\/onlineForm\/submit.php\" method=\"post\" name=\"form_53230940193\" accept-charset=\"utf-8\"><input type=\"hidden\" name=\"formID\" value=\"53230940193\"\/><input type=\"hidden\" id=\"topRedirect\" name=\"topRedirect\" value=\"true\"\/><input type=\"hidden\" name=\"enableServerValidation\" value=\"1\"\/><input type=\"hidden\" name=\"enable303Redirect\" value=\"0\"\/><label for=\"input_1\"> Nombre <\/label> <input type=\"text\" id=\"input_1\" name=\"q1_firstName1\" size=\"51\" placeholder=\"Escribe tu nombre\" required=\"required\"\/> <label for=\"input_3\"> Apellido <\/label> <input type=\"text\" id=\"input_3\" name=\"q3_lastName3\" size=\"51\"   placeholder=\"Escribe tu apellido\"\/> <label for=\"input_4\"> Email <\/label> <input type=\"email\" id=\"input_4\" name=\"q4_email\" size=\"51\" placeholder=\"Introduce tu email\" required=\"required\"\/> <button type=\"submit\">Conseguir mis regalos<\/button> <li>Should be Empty: <input type=\"hidden\" name=\"website\" value=\"\"\/><\/li><input type=\"hidden\" id=\"simple_spc\" name=\"simple_spc\" value=\"53230940193-53230940193\"\/><\/form>\r\n<!-- Hidden success block -->\r\n<!---->\r\n<!--  <img decoding=\"async\" src=\"https:\/\/www.benchmarkemail.com\/images\/nxg\/12-days-of-benchmark\/sparkle.svg\" alt=\"sparkle\"\/>-->\r\n<!--  <h2>You're in!<\/h2>-->\r\n<!--  <p>Thanks for signing up-your Holiday Resource<br \/>List is on its way to your inbox.<\/p>-->\r\n<!--  <button>Thank you!<\/button>-->\r\n<!---->\r\n<figure itemscope itemtype=\"https:\/\/schema.org\/ImageObject\">\r\n\t\t\t\t<img decoding=\"async\" src=\"https:\/\/www.benchmarkemail.com\/images\/nxg\/12-days-of-benchmark\/holidays.svg\" alt=\"holidays.svg\" title=\"holidays.svg\" onerror=\"this.style.display='none'\" loading=\"lazy\" \/>\r\n\t<\/figure>\r\n<h2>\r\n\t\t\tLas Navidades ya son bastante ajetreadas, tu email marketing no deber\u00eda serlo.\t<\/h2>\r\n\t<p>Por eso Benchmark te ofrece 12 d\u00edas de regalos listos para usar directamente en tu bandeja de entrada. Piensa en ello como tu calendario de adviento de marketers:<\/p>\r\n\t<ul>\r\n    <li>\r\n<b>D\u00eda 1: <\/b>Asuntos que brillan\r\n    <\/li>\r\n        <li>\r\n<b>D\u00eda 2: <\/b>Paletas de colores navide\u00f1os (sin jerseys feos incluidos)\r\n    <\/li>\r\n<li>\r\n<b>D\u00eda 3<\/b> :Una plantilla navide\u00f1a lista para usar\r\n<\/li>\r\n<li>\r\n &#8230;&#8230; y 9 sorpresas diarias m\u00e1s para que tus campa\u00f1as sean alegres y brillantes.<\/li>\r\n<\/ul>\r\n\t<p>Sin florituras, sin complicaciones -simplemente peque\u00f1os regalos que realmente puedes utilizar para llegar a tu p\u00fablico durante la temporada m\u00e1s ajetreada del a\u00f1o.<\/p>\r\n<figure itemscope itemtype=\"https:\/\/schema.org\/ImageObject\">\r\n\t\t\t\t<img decoding=\"async\" src=\"https:\/\/www.benchmarkemail.com\/images\/nxg\/12-days-of-benchmark\/sparkle.svg\" alt=\"sparkle.svg\" title=\"sparkle.svg\" onerror=\"this.style.display='none'\" loading=\"lazy\" \/>\r\n\t<\/figure>\r\n<h3>\r\n\t\t\tReg\u00edstrate ahora para empezar a desenvolver <br \/>tus regalos por email el 1 de diciembre.\t<\/h3>\r\n\t<p>No se incluyen guirnaldas ni luces navide\u00f1as. Pero s\u00ed la magia navide\u00f1a en tu bandeja de entrada.<\/p>\r\n\t<form action=\"https:\/\/app.hatchbuck.com\/onlineForm\/submit.php\" method=\"post\" name=\"form_53230940193\" accept-charset=\"utf-8\"><input type=\"hidden\" name=\"formID\" value=\"53230940193\"\/><input type=\"hidden\" id=\"topRedirect\" name=\"topRedirect\" value=\"true\"\/><input type=\"hidden\" name=\"enableServerValidation\" value=\"1\"\/><input type=\"hidden\" name=\"enable303Redirect\" value=\"0\"\/>\r\n<input type=\"email\" id=\"input_4\" name=\"q4_email\" placeholder=\"Introduce tu email\" required\/> \r\n<button type=\"submit\">Empieza gratis ahora<\/button> <li>Should be Empty: <input type=\"hidden\" name=\"website\" value=\"\"\/><\/li><input type=\"hidden\" id=\"simple_spc\" name=\"simple_spc\" value=\"53230940193-53230940193\"\/><\/form>\r\n\r\n","protected":false},"excerpt":{"rendered":"<p>12 d\u00edas de regalos navide\u00f1os &#8211; Benchmark Email Del 1 al 12 de diciembre, abre cada d\u00eda un nuevo regalo por correo electr\u00f3nico, repleto de consejos, plantillas y trucos navide\u00f1os para que tus campa\u00f1as brillen con luz propia. Conseguir mis regalos No se incluyen guirnaldas ni luces navide\u00f1as. Pero s\u00ed la magia navide\u00f1a en tu&hellip;<\/p>\n","protected":false},"author":7,"featured_media":0,"parent":0,"menu_order":0,"comment_status":"closed","ping_status":"closed","template":"page-nxg.php","meta":{"inline_featured_image":false,"footnotes":""},"class_list":["post-48517","page","type-page","status-publish","hentry"],"yoast_head":"<!-- This site is optimized with the Yoast SEO plugin v27.4 - https:\/\/yoast.com\/product\/yoast-seo-wordpress\/ -->\n<title>12 d\u00edas de regalos navide\u00f1os - Benchmark Email - Benchmark Email<\/title>\n<meta name=\"description\" content=\"Del 1 al 12 de diciembre, abre cada d\u00eda un nuevo regalo por email repleto de consejos, plantillas y trucos festivos para que tus campa\u00f1as brillen con luz propia.\" \/>\n<meta name=\"robots\" content=\"index, follow, max-snippet:-1, max-image-preview:large, max-video-preview:-1\" \/>\n<link rel=\"canonical\" href=\"https:\/\/www.benchmarkemail.com\/es\/12-days-of-benchmark\/\" \/>\n<meta property=\"og:locale\" content=\"en_US\" \/>\n<meta property=\"og:type\" content=\"article\" \/>\n<meta property=\"og:title\" content=\"12 d\u00edas de regalos navide\u00f1os - Benchmark Email - Benchmark Email\" \/>\n<meta property=\"og:description\" content=\"Del 1 al 12 de diciembre, abre cada d\u00eda un nuevo regalo por email repleto de consejos, plantillas y trucos festivos para que tus campa\u00f1as brillen con luz propia.\" \/>\n<meta property=\"og:url\" content=\"https:\/\/www.benchmarkemail.com\/es\/12-days-of-benchmark\/\" \/>\n<meta property=\"og:site_name\" content=\"Benchmark Email - Herramienta de Email Marketing\" \/>\n<meta property=\"article:publisher\" content=\"https:\/\/www.facebook.com\/benchmarkemailes\" \/>\n<meta property=\"article:modified_time\" content=\"2026-01-27T18:22:21+00:00\" \/>\n<meta property=\"og:image\" content=\"https:\/\/www.benchmarkemail.com\/images\/nxg\/12-days-of-benchmark\/Benchmark-Logo-Full-Color-RGB.svg\" \/>\n<meta name=\"twitter:card\" content=\"summary_large_image\" \/>\n<meta name=\"twitter:site\" content=\"@benchmarkesp\" \/>\n<meta name=\"twitter:label1\" content=\"Est. reading time\" \/>\n\t<meta name=\"twitter:data1\" content=\"2 minutes\" \/>\n<script type=\"application\/ld+json\" class=\"yoast-schema-graph\">{\"@context\":\"https:\\\/\\\/schema.org\",\"@graph\":[{\"@type\":\"WebPage\",\"@id\":\"https:\\\/\\\/www.benchmarkemail.com\\\/es\\\/12-days-of-benchmark\\\/\",\"url\":\"https:\\\/\\\/www.benchmarkemail.com\\\/es\\\/12-days-of-benchmark\\\/\",\"name\":\"12 d\u00edas de regalos navide\u00f1os - Benchmark Email - Benchmark Email\",\"isPartOf\":{\"@id\":\"https:\\\/\\\/www.benchmarkemail.com\\\/es\\\/#website\"},\"primaryImageOfPage\":{\"@id\":\"https:\\\/\\\/www.benchmarkemail.com\\\/es\\\/12-days-of-benchmark\\\/#primaryimage\"},\"image\":{\"@id\":\"https:\\\/\\\/www.benchmarkemail.com\\\/es\\\/12-days-of-benchmark\\\/#primaryimage\"},\"thumbnailUrl\":\"https:\\\/\\\/www.benchmarkemail.com\\\/images\\\/nxg\\\/12-days-of-benchmark\\\/Benchmark-Logo-Full-Color-RGB.svg\",\"datePublished\":\"2025-11-20T10:37:01+00:00\",\"dateModified\":\"2026-01-27T18:22:21+00:00\",\"description\":\"Del 1 al 12 de diciembre, abre cada d\u00eda un nuevo regalo por email repleto de consejos, plantillas y trucos festivos para que tus campa\u00f1as brillen con luz propia.\",\"breadcrumb\":{\"@id\":\"https:\\\/\\\/www.benchmarkemail.com\\\/es\\\/12-days-of-benchmark\\\/#breadcrumb\"},\"inLanguage\":\"en-US\",\"potentialAction\":[{\"@type\":\"ReadAction\",\"target\":[\"https:\\\/\\\/www.benchmarkemail.com\\\/es\\\/12-days-of-benchmark\\\/\"]}]},{\"@type\":\"ImageObject\",\"inLanguage\":\"en-US\",\"@id\":\"https:\\\/\\\/www.benchmarkemail.com\\\/es\\\/12-days-of-benchmark\\\/#primaryimage\",\"url\":\"https:\\\/\\\/www.benchmarkemail.com\\\/images\\\/nxg\\\/12-days-of-benchmark\\\/Benchmark-Logo-Full-Color-RGB.svg\",\"contentUrl\":\"https:\\\/\\\/www.benchmarkemail.com\\\/images\\\/nxg\\\/12-days-of-benchmark\\\/Benchmark-Logo-Full-Color-RGB.svg\"},{\"@type\":\"BreadcrumbList\",\"@id\":\"https:\\\/\\\/www.benchmarkemail.com\\\/es\\\/12-days-of-benchmark\\\/#breadcrumb\",\"itemListElement\":[{\"@type\":\"ListItem\",\"position\":1,\"name\":\"Home\",\"item\":\"https:\\\/\\\/www.benchmarkemail.com\\\/es\\\/\"},{\"@type\":\"ListItem\",\"position\":2,\"name\":\"12 d\u00edas de regalos navide\u00f1os &#8211; Benchmark Email\"}]},{\"@type\":\"WebSite\",\"@id\":\"https:\\\/\\\/www.benchmarkemail.com\\\/es\\\/#website\",\"url\":\"https:\\\/\\\/www.benchmarkemail.com\\\/es\\\/\",\"name\":\"Benchmark Email - Herramienta de Email Marketing\",\"description\":\"Dise\u00f1a, env\u00eda, mide y optimiza tus campa\u00f1as de email y comun\u00edcate con tus clientes a trav\u00e9s del correo electr\u00f3nico.\",\"publisher\":{\"@id\":\"https:\\\/\\\/www.benchmarkemail.com\\\/es\\\/#organization\"},\"potentialAction\":[{\"@type\":\"SearchAction\",\"target\":{\"@type\":\"EntryPoint\",\"urlTemplate\":\"https:\\\/\\\/www.benchmarkemail.com\\\/es\\\/?s={search_term_string}\"},\"query-input\":{\"@type\":\"PropertyValueSpecification\",\"valueRequired\":true,\"valueName\":\"search_term_string\"}}],\"inLanguage\":\"en-US\"},{\"@type\":\"Organization\",\"@id\":\"https:\\\/\\\/www.benchmarkemail.com\\\/es\\\/#organization\",\"name\":\"Benchmark Email\",\"url\":\"https:\\\/\\\/www.benchmarkemail.com\\\/es\\\/\",\"logo\":{\"@type\":\"ImageObject\",\"inLanguage\":\"en-US\",\"@id\":\"https:\\\/\\\/www.benchmarkemail.com\\\/es\\\/#\\\/schema\\\/logo\\\/image\\\/\",\"url\":\"https:\\\/\\\/www.benchmarkemail.com\\\/es\\\/wp-content\\\/uploads\\\/sites\\\/4\\\/2019\\\/09\\\/benchmark-logo.svg\",\"contentUrl\":\"https:\\\/\\\/www.benchmarkemail.com\\\/es\\\/wp-content\\\/uploads\\\/sites\\\/4\\\/2019\\\/09\\\/benchmark-logo.svg\",\"width\":1,\"height\":1,\"caption\":\"Benchmark Email\"},\"image\":{\"@id\":\"https:\\\/\\\/www.benchmarkemail.com\\\/es\\\/#\\\/schema\\\/logo\\\/image\\\/\"},\"sameAs\":[\"https:\\\/\\\/www.facebook.com\\\/benchmarkemailes\",\"https:\\\/\\\/x.com\\\/benchmarkesp\",\"https:\\\/\\\/twitter.com\\\/benchmarkesp\",\"https:\\\/\\\/www.youtube.com\\\/user\\\/BenchmarkEmailESP\",\"https:\\\/\\\/www.tiktok.com\\\/@benchmarkespanol\"]}]}<\/script>\n<!-- \/ Yoast SEO plugin. -->","yoast_head_json":{"title":"12 d\u00edas de regalos navide\u00f1os - Benchmark Email - Benchmark Email","description":"Del 1 al 12 de diciembre, abre cada d\u00eda un nuevo regalo por email repleto de consejos, plantillas y trucos festivos para que tus campa\u00f1as brillen con luz propia.","robots":{"index":"index","follow":"follow","max-snippet":"max-snippet:-1","max-image-preview":"max-image-preview:large","max-video-preview":"max-video-preview:-1"},"canonical":"https:\/\/www.benchmarkemail.com\/es\/12-days-of-benchmark\/","og_locale":"en_US","og_type":"article","og_title":"12 d\u00edas de regalos navide\u00f1os - Benchmark Email - Benchmark Email","og_description":"Del 1 al 12 de diciembre, abre cada d\u00eda un nuevo regalo por email repleto de consejos, plantillas y trucos festivos para que tus campa\u00f1as brillen con luz propia.","og_url":"https:\/\/www.benchmarkemail.com\/es\/12-days-of-benchmark\/","og_site_name":"Benchmark Email - Herramienta de Email Marketing","article_publisher":"https:\/\/www.facebook.com\/benchmarkemailes","article_modified_time":"2026-01-27T18:22:21+00:00","og_image":[{"url":"https:\/\/www.benchmarkemail.com\/images\/nxg\/12-days-of-benchmark\/Benchmark-Logo-Full-Color-RGB.svg","type":"","width":"","height":""}],"twitter_card":"summary_large_image","twitter_site":"@benchmarkesp","twitter_misc":{"Est. reading time":"2 minutes"},"schema":{"@context":"https:\/\/schema.org","@graph":[{"@type":"WebPage","@id":"https:\/\/www.benchmarkemail.com\/es\/12-days-of-benchmark\/","url":"https:\/\/www.benchmarkemail.com\/es\/12-days-of-benchmark\/","name":"12 d\u00edas de regalos navide\u00f1os - Benchmark Email - Benchmark Email","isPartOf":{"@id":"https:\/\/www.benchmarkemail.com\/es\/#website"},"primaryImageOfPage":{"@id":"https:\/\/www.benchmarkemail.com\/es\/12-days-of-benchmark\/#primaryimage"},"image":{"@id":"https:\/\/www.benchmarkemail.com\/es\/12-days-of-benchmark\/#primaryimage"},"thumbnailUrl":"https:\/\/www.benchmarkemail.com\/images\/nxg\/12-days-of-benchmark\/Benchmark-Logo-Full-Color-RGB.svg","datePublished":"2025-11-20T10:37:01+00:00","dateModified":"2026-01-27T18:22:21+00:00","description":"Del 1 al 12 de diciembre, abre cada d\u00eda un nuevo regalo por email repleto de consejos, plantillas y trucos festivos para que tus campa\u00f1as brillen con luz propia.","breadcrumb":{"@id":"https:\/\/www.benchmarkemail.com\/es\/12-days-of-benchmark\/#breadcrumb"},"inLanguage":"en-US","potentialAction":[{"@type":"ReadAction","target":["https:\/\/www.benchmarkemail.com\/es\/12-days-of-benchmark\/"]}]},{"@type":"ImageObject","inLanguage":"en-US","@id":"https:\/\/www.benchmarkemail.com\/es\/12-days-of-benchmark\/#primaryimage","url":"https:\/\/www.benchmarkemail.com\/images\/nxg\/12-days-of-benchmark\/Benchmark-Logo-Full-Color-RGB.svg","contentUrl":"https:\/\/www.benchmarkemail.com\/images\/nxg\/12-days-of-benchmark\/Benchmark-Logo-Full-Color-RGB.svg"},{"@type":"BreadcrumbList","@id":"https:\/\/www.benchmarkemail.com\/es\/12-days-of-benchmark\/#breadcrumb","itemListElement":[{"@type":"ListItem","position":1,"name":"Home","item":"https:\/\/www.benchmarkemail.com\/es\/"},{"@type":"ListItem","position":2,"name":"12 d\u00edas de regalos navide\u00f1os &#8211; Benchmark Email"}]},{"@type":"WebSite","@id":"https:\/\/www.benchmarkemail.com\/es\/#website","url":"https:\/\/www.benchmarkemail.com\/es\/","name":"Benchmark Email - Herramienta de Email Marketing","description":"Dise\u00f1a, env\u00eda, mide y optimiza tus campa\u00f1as de email y comun\u00edcate con tus clientes a trav\u00e9s del correo electr\u00f3nico.","publisher":{"@id":"https:\/\/www.benchmarkemail.com\/es\/#organization"},"potentialAction":[{"@type":"SearchAction","target":{"@type":"EntryPoint","urlTemplate":"https:\/\/www.benchmarkemail.com\/es\/?s={search_term_string}"},"query-input":{"@type":"PropertyValueSpecification","valueRequired":true,"valueName":"search_term_string"}}],"inLanguage":"en-US"},{"@type":"Organization","@id":"https:\/\/www.benchmarkemail.com\/es\/#organization","name":"Benchmark Email","url":"https:\/\/www.benchmarkemail.com\/es\/","logo":{"@type":"ImageObject","inLanguage":"en-US","@id":"https:\/\/www.benchmarkemail.com\/es\/#\/schema\/logo\/image\/","url":"https:\/\/www.benchmarkemail.com\/es\/wp-content\/uploads\/sites\/4\/2019\/09\/benchmark-logo.svg","contentUrl":"https:\/\/www.benchmarkemail.com\/es\/wp-content\/uploads\/sites\/4\/2019\/09\/benchmark-logo.svg","width":1,"height":1,"caption":"Benchmark Email"},"image":{"@id":"https:\/\/www.benchmarkemail.com\/es\/#\/schema\/logo\/image\/"},"sameAs":["https:\/\/www.facebook.com\/benchmarkemailes","https:\/\/x.com\/benchmarkesp","https:\/\/twitter.com\/benchmarkesp","https:\/\/www.youtube.com\/user\/BenchmarkEmailESP","https:\/\/www.tiktok.com\/@benchmarkespanol"]}]}},"_links":{"self":[{"href":"https:\/\/www.benchmarkemail.com\/es\/wp-json\/wp\/v2\/pages\/48517","targetHints":{"allow":["GET"]}}],"collection":[{"href":"https:\/\/www.benchmarkemail.com\/es\/wp-json\/wp\/v2\/pages"}],"about":[{"href":"https:\/\/www.benchmarkemail.com\/es\/wp-json\/wp\/v2\/types\/page"}],"author":[{"embeddable":true,"href":"https:\/\/www.benchmarkemail.com\/es\/wp-json\/wp\/v2\/users\/7"}],"replies":[{"embeddable":true,"href":"https:\/\/www.benchmarkemail.com\/es\/wp-json\/wp\/v2\/comments?post=48517"}],"version-history":[{"count":0,"href":"https:\/\/www.benchmarkemail.com\/es\/wp-json\/wp\/v2\/pages\/48517\/revisions"}],"wp:attachment":[{"href":"https:\/\/www.benchmarkemail.com\/es\/wp-json\/wp\/v2\/media?parent=48517"}],"curies":[{"name":"wp","href":"https:\/\/api.w.org\/{rel}","templated":true}]}}