{"id":48584,"date":"2025-11-20T11:11:22","date_gmt":"2025-11-20T11:11:22","guid":{"rendered":"https:\/\/www.benchmarkemail.com\/es\/?page_id=48584"},"modified":"2026-04-09T16:06:45","modified_gmt":"2026-04-09T16:06:45","slug":"12-days-of-benchmark-resources","status":"publish","type":"page","link":"https:\/\/www.benchmarkemail.com\/es\/12-days-of-benchmark-resources\/","title":{"rendered":"12 recursos listos para que los abras en cualquier momento &#8211; Benchmark Email"},"content":{"rendered":"\n<h1>\n\t\t\t12 d\u00edas de regalos navide\u00f1os de Benchmark:\t<\/h1>\n\t<p>\u00bfTe has perdido alg\u00fan regalo? No te preocupes. Aqu\u00ed encontrar\u00e1s los 12 recursos, listos para que los abras cuando quieras.<\/p>\n\t<p>Las fiestas pasan volando, y tambi\u00e9n los correos electr\u00f3nicos. Por eso hemos creado 12 d\u00edas de consejos, plantillas y herramientas breves para que tu email marketing sea alegre y manejable.<\/p>\n<p>Desde l\u00edneas de asunto que brillan hasta plantillas que te ahorran horas, todos los regalos aqu\u00ed est\u00e1n dise\u00f1ados para ayudarte a enviar de forma m\u00e1s inteligente, no m\u00e1s dif\u00edcil, exactamente cuando m\u00e1s lo necesitas.<\/p>\n\t\t\t<a href=\"#list\"  target=\"_self\">\n\t\t\t\t\t\t\tIr a mis regalos\n\t\t\t\t\t<\/a>\n<figure itemscope itemtype=\"https:\/\/schema.org\/ImageObject\">\n\t\t\t\t<img decoding=\"async\" src=\"https:\/\/www.benchmarkemail.com\/images\/nxg\/12-days-of-benchmark\/holidays.svg\" alt=\"holidays.svg\" title=\"holidays.svg\" onerror=\"this.style.display='none'\" loading=\"lazy\" \/>\n\t<\/figure>\n<h2>\n\t\t\tLista de recursos\t<\/h2>\n\t\t\t\t\t<a role=\"heading\" aria-level=\"2\" tabindex=\"-1\"  id=\"fl-accordion--label-0\">D\u00eda 1: 10 l\u00edneas de asunto navide\u00f1as listas para usar<\/a>\n\t\t\t\t\t\t\t\t\t\t\t<button type=\"button\" id=\"fl-accordion--icon-0\" aria-expanded=\"false\" aria-controls=\"fl-accordion--panel-0\"><i>Expand<\/i><\/button>\n\t\t\t\t\t<p>Utiliza estas l\u00edneas festivas para mejorar las aperturas en segundos.<\/p>\n<a href=\"\/es\/12-days-of-benchmark\/holiday-email-subject-lines\/\">Abrir recurso<\/a>\n\t\t\t\t\t<a role=\"heading\" aria-level=\"2\" tabindex=\"-1\"  id=\"fl-accordion--label-1\">D\u00eda 2: Inspiraci\u00f3n para la paleta de colores navide\u00f1os (con c\u00f3digos HEX)<\/a>\n\t\t\t\t\t\t\t\t\t\t\t<button type=\"button\" id=\"fl-accordion--icon-1\" aria-expanded=\"false\" aria-controls=\"fl-accordion--panel-1\"><i>Expand<\/i><\/button>\n\t\t\t\t\t<p>Paletas frescas y originales que puedes incorporar directamente a tus dise\u00f1os.<\/p>\n<a href=\"\/es\/12-days-of-benchmark\/holiday-color-palette\/\">Abrir recurso<\/a>\n\t\t\t\t\t<a role=\"heading\" aria-level=\"2\" tabindex=\"-1\"  id=\"fl-accordion--label-2\">D\u00eda 3: Plantilla navide\u00f1a exclusiva lista para usar<\/a>\n\t\t\t\t\t\t\t\t\t\t\t<button type=\"button\" id=\"fl-accordion--icon-2\" aria-expanded=\"false\" aria-controls=\"fl-accordion--panel-2\"><i>Expand<\/i><\/button>\n\t\t\t\t\t<p>Incorp\u00f3rala a Benchmark, a\u00f1ade tu mensaje y listo.<\/p>\n<a href=\"\/es\/12-days-of-benchmark\/holiday-email-template\/\">Abrir recurso<\/a>\n\t\t\t\t\t<a role=\"heading\" aria-level=\"2\" tabindex=\"-1\"  id=\"fl-accordion--label-3\">D\u00eda 4: Segmentaci\u00f3n simplificada<\/a>\n\t\t\t\t\t\t\t\t\t\t\t<button type=\"button\" id=\"fl-accordion--icon-3\" aria-expanded=\"false\" aria-controls=\"fl-accordion--panel-3\"><i>Expand<\/i><\/button>\n\t\t\t\t\t<p>Consejos r\u00e1pidos sobre a qui\u00e9n dirigirte para conseguir la m\u00e1xima interacci\u00f3n esta temporada.<\/p>\n<a href=\"\/es\/12-days-of-benchmark\/segmentation-made-simple\/\">Abrir recurso<\/a>\n\t\t\t\t\t<a role=\"heading\" aria-level=\"2\" tabindex=\"-1\"  id=\"fl-accordion--label-4\">D\u00eda 5: Checklist de dise\u00f1o optimizado para m\u00f3viles (edici\u00f3n navide\u00f1a)<\/a>\n\t\t\t\t\t\t\t\t\t\t\t<button type=\"button\" id=\"fl-accordion--icon-4\" aria-expanded=\"false\" aria-controls=\"fl-accordion--panel-4\"><i>Expand<\/i><\/button>\n\t\t\t\t\t<p>Mant\u00e9n tus emails desplazables, clicables y atractivos en todos los dispositivos.<\/p>\n<a href=\"\/es\/12-days-of-benchmark\/mobile-checklist\/\">Abrir recurso<\/a>\n\t\t\t\t\t<a role=\"heading\" aria-level=\"2\" tabindex=\"-1\"  id=\"fl-accordion--label-5\">D\u00eda 6: Consejos r\u00e1pidos para la elaboraci\u00f3n de informes en diciembre<\/a>\n\t\t\t\t\t\t\t\t\t\t\t<button type=\"button\" id=\"fl-accordion--icon-5\" aria-expanded=\"false\" aria-controls=\"fl-accordion--panel-5\"><i>Expand<\/i><\/button>\n\t\t\t\t\t<p>Tres cosas que debes seguir para terminar el a\u00f1o con claridad.<\/p>\n<a href=\"\/es\/12-days-of-benchmark\/reporting-tips\/\">Abrir recurso<\/a>\n\t\t\t\t\t<a role=\"heading\" aria-level=\"2\" tabindex=\"-1\"  id=\"fl-accordion--label-6\">D\u00eda 7: 5 prompts de im\u00e1genes navide\u00f1as con IA<\/a>\n\t\t\t\t\t\t\t\t\t\t\t<button type=\"button\" id=\"fl-accordion--icon-6\" aria-expanded=\"false\" aria-controls=\"fl-accordion--panel-6\"><i>Expand<\/i><\/button>\n\t\t\t\t\t<p>Genera im\u00e1genes de temporada en segundos, sin necesidad de dise\u00f1adores .<\/p>\n<a href=\"\/es\/12-days-of-benchmark\/image-prompts\/\">Abrir recurso<\/a>\n\t\t\t\t\t<a role=\"heading\" aria-level=\"2\" tabindex=\"-1\"  id=\"fl-accordion--label-7\">D\u00eda 8: Mejores pr\u00e1cticas para programar los env\u00edos navide\u00f1os<\/a>\n\t\t\t\t\t\t\t\t\t\t\t<button type=\"button\" id=\"fl-accordion--icon-7\" aria-expanded=\"false\" aria-controls=\"fl-accordion--panel-7\"><i>Expand<\/i><\/button>\n\t\t\t\t\t<p>Env\u00eda tus campa\u00f1as cuando los buzones de correo est\u00e9n m\u00e1s abiertos.<\/p>\n<a href=\"\/es\/12-days-of-benchmark\/timing-email-sends\/\">Abrir recurso<\/a>\n\t\t\t\t\t<a role=\"heading\" aria-level=\"2\" tabindex=\"-1\"  id=\"fl-accordion--label-8\">D\u00eda 9: Consejo de redacci\u00f3n: urgencia sin agresividad<\/a>\n\t\t\t\t\t\t\t\t\t\t\t<button type=\"button\" id=\"fl-accordion--icon-8\" aria-expanded=\"false\" aria-controls=\"fl-accordion--panel-8\"><i>Expand<\/i><\/button>\n\t\t\t\t\t<p>Tres cosas que debes tener en cuenta para terminar el a\u00f1o con claridad.<\/p>\n<a href=\"\/es\/12-days-of-benchmark\/copywriting-tips\/\">Abrir recurso<\/a>\n\t\t\t\t\t<a role=\"heading\" aria-level=\"2\" tabindex=\"-1\"  id=\"fl-accordion--label-9\">D\u00eda 10: Plantilla exclusiva: campa\u00f1a de A\u00f1o Nuevo<\/a>\n\t\t\t\t\t\t\t\t\t\t\t<button type=\"button\" id=\"fl-accordion--icon-9\" aria-expanded=\"false\" aria-controls=\"fl-accordion--panel-9\"><i>Expand<\/i><\/button>\n\t\t\t\t\t<p>Tres cosas que debes tener en cuenta para terminar el a\u00f1o con claridad.<\/p>\n<a href=\"\/es\/12-days-of-benchmark\/new-years-email-template\/\">Abrir recurso<\/a>\n\t\t\t\t\t<a role=\"heading\" aria-level=\"2\" tabindex=\"-1\"  id=\"fl-accordion--label-10\">D\u00eda 11: Lista de verificaci\u00f3n de entregabilidad para env\u00edos de gran volumen<\/a>\n\t\t\t\t\t\t\t\t\t\t\t<button type=\"button\" id=\"fl-accordion--icon-10\" aria-expanded=\"false\" aria-controls=\"fl-accordion--panel-10\"><i>Expand<\/i><\/button>\n\t\t\t\t\t<p>Tres cosas que debes tener en cuenta para terminar el a\u00f1o con claridad.<\/p>\n<a href=\"\/es\/12-days-of-benchmark\/deliverability-checklist\/\">Abrir recurso<\/a>\n\t\t\t\t\t<a role=\"heading\" aria-level=\"2\" tabindex=\"-1\"  id=\"fl-accordion--label-11\">D\u00eda 12: Resumen de las fiestas de Benchmark + recurso adicional<\/a>\n\t\t\t\t\t\t\t\t\t\t\t<button type=\"button\" id=\"fl-accordion--icon-11\" aria-expanded=\"false\" aria-controls=\"fl-accordion--panel-11\"><i>Expand<\/i><\/button>\n\t\t\t\t\t<p>Tres cosas que debes tener en cuenta para terminar el a\u00f1o con claridad.<\/p>\n<a href=\"\/es\/12-days-of-benchmark\/holiday-wrap-up\/\">Abrir recurso<\/a>\n\n","protected":false},"excerpt":{"rendered":"<p>12 d\u00edas de regalos navide\u00f1os de Benchmark: \u00bfTe has perdido alg\u00fan regalo? No te preocupes. Aqu\u00ed encontrar\u00e1s los 12 recursos, listos para que los abras cuando quieras. Las fiestas pasan volando, y tambi\u00e9n los correos electr\u00f3nicos. Por eso hemos creado 12 d\u00edas de consejos, plantillas y herramientas breves para que tu email marketing sea alegre&hellip;<\/p>\n","protected":false},"author":7,"featured_media":0,"parent":0,"menu_order":0,"comment_status":"closed","ping_status":"closed","template":"page-nxg.php","meta":{"inline_featured_image":false,"footnotes":""},"class_list":["post-48584","page","type-page","status-publish","hentry"],"yoast_head":"<!-- This site is optimized with the Yoast SEO plugin v27.5 - https:\/\/yoast.com\/product\/yoast-seo-wordpress\/ -->\n<title>12 recursos listos para que los abras en cualquier momento - Benchmark Email - Benchmark Email<\/title>\n<meta name=\"description\" content=\"12 d\u00edas de Benchmark: \u00bfTe has perdido alg\u00fan regalo? No te preocupes. Aqu\u00ed encontrar\u00e1s los 12 recursos listos para que los abras en cualquier momento. Las fiestas pasan volando, y tambi\u00e9n los correos electr\u00f3nicos.\" \/>\n<meta name=\"robots\" content=\"index, follow, max-snippet:-1, max-image-preview:large, max-video-preview:-1\" \/>\n<link rel=\"canonical\" href=\"https:\/\/www.benchmarkemail.com\/es\/12-days-of-benchmark-resources\/\" \/>\n<meta property=\"og:locale\" content=\"en_US\" \/>\n<meta property=\"og:type\" content=\"article\" \/>\n<meta property=\"og:title\" content=\"12 recursos listos para que los abras en cualquier momento - Benchmark Email - Benchmark Email\" \/>\n<meta property=\"og:description\" content=\"12 d\u00edas de Benchmark: \u00bfTe has perdido alg\u00fan regalo? No te preocupes. Aqu\u00ed encontrar\u00e1s los 12 recursos listos para que los abras en cualquier momento. Las fiestas pasan volando, y tambi\u00e9n los correos electr\u00f3nicos.\" \/>\n<meta property=\"og:url\" content=\"https:\/\/www.benchmarkemail.com\/es\/12-days-of-benchmark-resources\/\" \/>\n<meta property=\"og:site_name\" content=\"Benchmark Email - Herramienta de Email Marketing\" \/>\n<meta property=\"article:publisher\" content=\"https:\/\/www.facebook.com\/benchmarkemailes\" \/>\n<meta property=\"article:modified_time\" content=\"2026-04-09T16:06:45+00:00\" \/>\n<meta property=\"og:image\" content=\"https:\/\/www.benchmarkemail.com\/images\/nxg\/12-days-of-benchmark\/holidays.svg\" \/>\n<meta name=\"twitter:card\" content=\"summary_large_image\" \/>\n<meta name=\"twitter:site\" content=\"@benchmarkesp\" \/>\n<meta name=\"twitter:label1\" content=\"Est. reading time\" \/>\n\t<meta name=\"twitter:data1\" content=\"2 minutes\" \/>\n<script type=\"application\/ld+json\" class=\"yoast-schema-graph\">{\"@context\":\"https:\\\/\\\/schema.org\",\"@graph\":[{\"@type\":\"WebPage\",\"@id\":\"https:\\\/\\\/www.benchmarkemail.com\\\/es\\\/12-days-of-benchmark-resources\\\/\",\"url\":\"https:\\\/\\\/www.benchmarkemail.com\\\/es\\\/12-days-of-benchmark-resources\\\/\",\"name\":\"12 recursos listos para que los abras en cualquier momento - Benchmark Email - Benchmark Email\",\"isPartOf\":{\"@id\":\"https:\\\/\\\/www.benchmarkemail.com\\\/es\\\/#website\"},\"primaryImageOfPage\":{\"@id\":\"https:\\\/\\\/www.benchmarkemail.com\\\/es\\\/12-days-of-benchmark-resources\\\/#primaryimage\"},\"image\":{\"@id\":\"https:\\\/\\\/www.benchmarkemail.com\\\/es\\\/12-days-of-benchmark-resources\\\/#primaryimage\"},\"thumbnailUrl\":\"https:\\\/\\\/www.benchmarkemail.com\\\/images\\\/nxg\\\/12-days-of-benchmark\\\/holidays.svg\",\"datePublished\":\"2025-11-20T11:11:22+00:00\",\"dateModified\":\"2026-04-09T16:06:45+00:00\",\"description\":\"12 d\u00edas de Benchmark: \u00bfTe has perdido alg\u00fan regalo? No te preocupes. Aqu\u00ed encontrar\u00e1s los 12 recursos listos para que los abras en cualquier momento. Las fiestas pasan volando, y tambi\u00e9n los correos electr\u00f3nicos.\",\"breadcrumb\":{\"@id\":\"https:\\\/\\\/www.benchmarkemail.com\\\/es\\\/12-days-of-benchmark-resources\\\/#breadcrumb\"},\"inLanguage\":\"en-US\",\"potentialAction\":[{\"@type\":\"ReadAction\",\"target\":[\"https:\\\/\\\/www.benchmarkemail.com\\\/es\\\/12-days-of-benchmark-resources\\\/\"]}]},{\"@type\":\"ImageObject\",\"inLanguage\":\"en-US\",\"@id\":\"https:\\\/\\\/www.benchmarkemail.com\\\/es\\\/12-days-of-benchmark-resources\\\/#primaryimage\",\"url\":\"https:\\\/\\\/www.benchmarkemail.com\\\/images\\\/nxg\\\/12-days-of-benchmark\\\/holidays.svg\",\"contentUrl\":\"https:\\\/\\\/www.benchmarkemail.com\\\/images\\\/nxg\\\/12-days-of-benchmark\\\/holidays.svg\"},{\"@type\":\"BreadcrumbList\",\"@id\":\"https:\\\/\\\/www.benchmarkemail.com\\\/es\\\/12-days-of-benchmark-resources\\\/#breadcrumb\",\"itemListElement\":[{\"@type\":\"ListItem\",\"position\":1,\"name\":\"Home\",\"item\":\"https:\\\/\\\/www.benchmarkemail.com\\\/es\\\/\"},{\"@type\":\"ListItem\",\"position\":2,\"name\":\"12 recursos listos para que los abras en cualquier momento &#8211; Benchmark Email\"}]},{\"@type\":\"WebSite\",\"@id\":\"https:\\\/\\\/www.benchmarkemail.com\\\/es\\\/#website\",\"url\":\"https:\\\/\\\/www.benchmarkemail.com\\\/es\\\/\",\"name\":\"Benchmark Email - Herramienta de Email Marketing\",\"description\":\"Dise\u00f1a, env\u00eda, mide y optimiza tus campa\u00f1as de email y comun\u00edcate con tus clientes a trav\u00e9s del correo electr\u00f3nico.\",\"publisher\":{\"@id\":\"https:\\\/\\\/www.benchmarkemail.com\\\/es\\\/#organization\"},\"potentialAction\":[{\"@type\":\"SearchAction\",\"target\":{\"@type\":\"EntryPoint\",\"urlTemplate\":\"https:\\\/\\\/www.benchmarkemail.com\\\/es\\\/?s={search_term_string}\"},\"query-input\":{\"@type\":\"PropertyValueSpecification\",\"valueRequired\":true,\"valueName\":\"search_term_string\"}}],\"inLanguage\":\"en-US\"},{\"@type\":\"Organization\",\"@id\":\"https:\\\/\\\/www.benchmarkemail.com\\\/es\\\/#organization\",\"name\":\"Benchmark Email\",\"url\":\"https:\\\/\\\/www.benchmarkemail.com\\\/es\\\/\",\"logo\":{\"@type\":\"ImageObject\",\"inLanguage\":\"en-US\",\"@id\":\"https:\\\/\\\/www.benchmarkemail.com\\\/es\\\/#\\\/schema\\\/logo\\\/image\\\/\",\"url\":\"https:\\\/\\\/www.benchmarkemail.com\\\/es\\\/wp-content\\\/uploads\\\/sites\\\/4\\\/2019\\\/09\\\/benchmark-logo.svg\",\"contentUrl\":\"https:\\\/\\\/www.benchmarkemail.com\\\/es\\\/wp-content\\\/uploads\\\/sites\\\/4\\\/2019\\\/09\\\/benchmark-logo.svg\",\"width\":1,\"height\":1,\"caption\":\"Benchmark Email\"},\"image\":{\"@id\":\"https:\\\/\\\/www.benchmarkemail.com\\\/es\\\/#\\\/schema\\\/logo\\\/image\\\/\"},\"sameAs\":[\"https:\\\/\\\/www.facebook.com\\\/benchmarkemailes\",\"https:\\\/\\\/x.com\\\/benchmarkesp\",\"https:\\\/\\\/twitter.com\\\/benchmarkesp\",\"https:\\\/\\\/www.youtube.com\\\/user\\\/BenchmarkEmailESP\",\"https:\\\/\\\/www.tiktok.com\\\/@benchmarkespanol\"]}]}<\/script>\n<!-- \/ Yoast SEO plugin. -->","yoast_head_json":{"title":"12 recursos listos para que los abras en cualquier momento - Benchmark Email - Benchmark Email","description":"12 d\u00edas de Benchmark: \u00bfTe has perdido alg\u00fan regalo? No te preocupes. Aqu\u00ed encontrar\u00e1s los 12 recursos listos para que los abras en cualquier momento. Las fiestas pasan volando, y tambi\u00e9n los correos electr\u00f3nicos.","robots":{"index":"index","follow":"follow","max-snippet":"max-snippet:-1","max-image-preview":"max-image-preview:large","max-video-preview":"max-video-preview:-1"},"canonical":"https:\/\/www.benchmarkemail.com\/es\/12-days-of-benchmark-resources\/","og_locale":"en_US","og_type":"article","og_title":"12 recursos listos para que los abras en cualquier momento - Benchmark Email - Benchmark Email","og_description":"12 d\u00edas de Benchmark: \u00bfTe has perdido alg\u00fan regalo? No te preocupes. Aqu\u00ed encontrar\u00e1s los 12 recursos listos para que los abras en cualquier momento. Las fiestas pasan volando, y tambi\u00e9n los correos electr\u00f3nicos.","og_url":"https:\/\/www.benchmarkemail.com\/es\/12-days-of-benchmark-resources\/","og_site_name":"Benchmark Email - Herramienta de Email Marketing","article_publisher":"https:\/\/www.facebook.com\/benchmarkemailes","article_modified_time":"2026-04-09T16:06:45+00:00","og_image":[{"url":"https:\/\/www.benchmarkemail.com\/images\/nxg\/12-days-of-benchmark\/holidays.svg","type":"","width":"","height":""}],"twitter_card":"summary_large_image","twitter_site":"@benchmarkesp","twitter_misc":{"Est. reading time":"2 minutes"},"schema":{"@context":"https:\/\/schema.org","@graph":[{"@type":"WebPage","@id":"https:\/\/www.benchmarkemail.com\/es\/12-days-of-benchmark-resources\/","url":"https:\/\/www.benchmarkemail.com\/es\/12-days-of-benchmark-resources\/","name":"12 recursos listos para que los abras en cualquier momento - Benchmark Email - Benchmark Email","isPartOf":{"@id":"https:\/\/www.benchmarkemail.com\/es\/#website"},"primaryImageOfPage":{"@id":"https:\/\/www.benchmarkemail.com\/es\/12-days-of-benchmark-resources\/#primaryimage"},"image":{"@id":"https:\/\/www.benchmarkemail.com\/es\/12-days-of-benchmark-resources\/#primaryimage"},"thumbnailUrl":"https:\/\/www.benchmarkemail.com\/images\/nxg\/12-days-of-benchmark\/holidays.svg","datePublished":"2025-11-20T11:11:22+00:00","dateModified":"2026-04-09T16:06:45+00:00","description":"12 d\u00edas de Benchmark: \u00bfTe has perdido alg\u00fan regalo? No te preocupes. Aqu\u00ed encontrar\u00e1s los 12 recursos listos para que los abras en cualquier momento. Las fiestas pasan volando, y tambi\u00e9n los correos electr\u00f3nicos.","breadcrumb":{"@id":"https:\/\/www.benchmarkemail.com\/es\/12-days-of-benchmark-resources\/#breadcrumb"},"inLanguage":"en-US","potentialAction":[{"@type":"ReadAction","target":["https:\/\/www.benchmarkemail.com\/es\/12-days-of-benchmark-resources\/"]}]},{"@type":"ImageObject","inLanguage":"en-US","@id":"https:\/\/www.benchmarkemail.com\/es\/12-days-of-benchmark-resources\/#primaryimage","url":"https:\/\/www.benchmarkemail.com\/images\/nxg\/12-days-of-benchmark\/holidays.svg","contentUrl":"https:\/\/www.benchmarkemail.com\/images\/nxg\/12-days-of-benchmark\/holidays.svg"},{"@type":"BreadcrumbList","@id":"https:\/\/www.benchmarkemail.com\/es\/12-days-of-benchmark-resources\/#breadcrumb","itemListElement":[{"@type":"ListItem","position":1,"name":"Home","item":"https:\/\/www.benchmarkemail.com\/es\/"},{"@type":"ListItem","position":2,"name":"12 recursos listos para que los abras en cualquier momento &#8211; Benchmark Email"}]},{"@type":"WebSite","@id":"https:\/\/www.benchmarkemail.com\/es\/#website","url":"https:\/\/www.benchmarkemail.com\/es\/","name":"Benchmark Email - Herramienta de Email Marketing","description":"Dise\u00f1a, env\u00eda, mide y optimiza tus campa\u00f1as de email y comun\u00edcate con tus clientes a trav\u00e9s del correo electr\u00f3nico.","publisher":{"@id":"https:\/\/www.benchmarkemail.com\/es\/#organization"},"potentialAction":[{"@type":"SearchAction","target":{"@type":"EntryPoint","urlTemplate":"https:\/\/www.benchmarkemail.com\/es\/?s={search_term_string}"},"query-input":{"@type":"PropertyValueSpecification","valueRequired":true,"valueName":"search_term_string"}}],"inLanguage":"en-US"},{"@type":"Organization","@id":"https:\/\/www.benchmarkemail.com\/es\/#organization","name":"Benchmark Email","url":"https:\/\/www.benchmarkemail.com\/es\/","logo":{"@type":"ImageObject","inLanguage":"en-US","@id":"https:\/\/www.benchmarkemail.com\/es\/#\/schema\/logo\/image\/","url":"https:\/\/www.benchmarkemail.com\/es\/wp-content\/uploads\/sites\/4\/2019\/09\/benchmark-logo.svg","contentUrl":"https:\/\/www.benchmarkemail.com\/es\/wp-content\/uploads\/sites\/4\/2019\/09\/benchmark-logo.svg","width":1,"height":1,"caption":"Benchmark Email"},"image":{"@id":"https:\/\/www.benchmarkemail.com\/es\/#\/schema\/logo\/image\/"},"sameAs":["https:\/\/www.facebook.com\/benchmarkemailes","https:\/\/x.com\/benchmarkesp","https:\/\/twitter.com\/benchmarkesp","https:\/\/www.youtube.com\/user\/BenchmarkEmailESP","https:\/\/www.tiktok.com\/@benchmarkespanol"]}]}},"_links":{"self":[{"href":"https:\/\/www.benchmarkemail.com\/es\/wp-json\/wp\/v2\/pages\/48584","targetHints":{"allow":["GET"]}}],"collection":[{"href":"https:\/\/www.benchmarkemail.com\/es\/wp-json\/wp\/v2\/pages"}],"about":[{"href":"https:\/\/www.benchmarkemail.com\/es\/wp-json\/wp\/v2\/types\/page"}],"author":[{"embeddable":true,"href":"https:\/\/www.benchmarkemail.com\/es\/wp-json\/wp\/v2\/users\/7"}],"replies":[{"embeddable":true,"href":"https:\/\/www.benchmarkemail.com\/es\/wp-json\/wp\/v2\/comments?post=48584"}],"version-history":[{"count":0,"href":"https:\/\/www.benchmarkemail.com\/es\/wp-json\/wp\/v2\/pages\/48584\/revisions"}],"wp:attachment":[{"href":"https:\/\/www.benchmarkemail.com\/es\/wp-json\/wp\/v2\/media?parent=48584"}],"curies":[{"name":"wp","href":"https:\/\/api.w.org\/{rel}","templated":true}]}}