{"id":48590,"date":"2025-11-20T11:12:32","date_gmt":"2025-11-20T11:12:32","guid":{"rendered":"https:\/\/www.benchmarkemail.com\/es\/?page_id=48590"},"modified":"2026-01-27T18:44:17","modified_gmt":"2026-01-27T18:44:17","slug":"12-days-of-benchmark-thank-you","status":"publish","type":"page","link":"https:\/\/www.benchmarkemail.com\/es\/12-days-of-benchmark-thank-you\/","title":{"rendered":"P\u00e1gina de agradecimiento de los 12 d\u00edas de Benchmark &#8211; Benchmark Email"},"content":{"rendered":"\r\n\r\n\t\t\t\t<img decoding=\"async\" src=\"https:\/\/www.benchmarkemail.com\/images\/nxg\/12-days-of-benchmark\/sparkle.svg\" alt=\"sparkle.svg\" itemprop=\"image\" title=\"sparkle.svg\" onerror=\"this.style.display='none'\" loading=\"lazy\" \/>\r\n<h1>\r\n\t\t\t\u00a1Gracias!\t<\/h1>\r\n\t<p>\u00a1Por registrarte en los 12 d\u00edas de regalos de Navidad de Benchmark! \u00a1Estate atento a tu primer regalo, que llegar\u00e1 pronto a tu bandeja de entrada!<\/p>\r\n\r\n","protected":false},"excerpt":{"rendered":"<p>\u00a1Gracias! \u00a1Por registrarte en los 12 d\u00edas de regalos de Navidad de Benchmark! \u00a1Estate atento a tu primer regalo, que llegar\u00e1 pronto a tu bandeja de entrada!<\/p>\n","protected":false},"author":7,"featured_media":0,"parent":0,"menu_order":0,"comment_status":"closed","ping_status":"closed","template":"page-nxg.php","meta":{"inline_featured_image":false,"footnotes":""},"class_list":["post-48590","page","type-page","status-publish","hentry"],"yoast_head":"<!-- This site is optimized with the Yoast SEO plugin v27.4 - https:\/\/yoast.com\/product\/yoast-seo-wordpress\/ -->\n<title>P\u00e1gina de agradecimiento de los 12 d\u00edas de Benchmark - Benchmark Email - Benchmark Email<\/title>\n<meta name=\"description\" content=\"\u00a1Gracias! \u00a1Por registrarte en los 12 d\u00edas de Benchmark! \u00a1Estate atento a tu primer regalo, que llegar\u00e1 pronto a tu bandeja de entrada!\" \/>\n<meta name=\"robots\" content=\"index, follow, max-snippet:-1, max-image-preview:large, max-video-preview:-1\" \/>\n<link rel=\"canonical\" href=\"https:\/\/www.benchmarkemail.com\/es\/12-days-of-benchmark-thank-you\/\" \/>\n<meta property=\"og:locale\" content=\"en_US\" \/>\n<meta property=\"og:type\" content=\"article\" \/>\n<meta property=\"og:title\" content=\"P\u00e1gina de agradecimiento de los 12 d\u00edas de Benchmark - Benchmark Email - Benchmark Email\" \/>\n<meta property=\"og:description\" content=\"\u00a1Gracias! \u00a1Por registrarte en los 12 d\u00edas de Benchmark! \u00a1Estate atento a tu primer regalo, que llegar\u00e1 pronto a tu bandeja de entrada!\" \/>\n<meta property=\"og:url\" content=\"https:\/\/www.benchmarkemail.com\/es\/12-days-of-benchmark-thank-you\/\" \/>\n<meta property=\"og:site_name\" content=\"Benchmark Email - Herramienta de Email Marketing\" \/>\n<meta property=\"article:publisher\" content=\"https:\/\/www.facebook.com\/benchmarkemailes\" \/>\n<meta property=\"article:modified_time\" content=\"2026-01-27T18:44:17+00:00\" \/>\n<meta property=\"og:image\" content=\"https:\/\/www.benchmarkemail.com\/images\/nxg\/12-days-of-benchmark\/sparkle.svg\" \/>\n<meta name=\"twitter:card\" content=\"summary_large_image\" \/>\n<meta name=\"twitter:site\" content=\"@benchmarkesp\" \/>\n<meta name=\"twitter:label1\" content=\"Est. reading time\" \/>\n\t<meta name=\"twitter:data1\" content=\"1 minute\" \/>\n<script type=\"application\/ld+json\" class=\"yoast-schema-graph\">{\"@context\":\"https:\\\/\\\/schema.org\",\"@graph\":[{\"@type\":\"WebPage\",\"@id\":\"https:\\\/\\\/www.benchmarkemail.com\\\/es\\\/12-days-of-benchmark-thank-you\\\/\",\"url\":\"https:\\\/\\\/www.benchmarkemail.com\\\/es\\\/12-days-of-benchmark-thank-you\\\/\",\"name\":\"P\u00e1gina de agradecimiento de los 12 d\u00edas de Benchmark - Benchmark Email - Benchmark Email\",\"isPartOf\":{\"@id\":\"https:\\\/\\\/www.benchmarkemail.com\\\/es\\\/#website\"},\"primaryImageOfPage\":{\"@id\":\"https:\\\/\\\/www.benchmarkemail.com\\\/es\\\/12-days-of-benchmark-thank-you\\\/#primaryimage\"},\"image\":{\"@id\":\"https:\\\/\\\/www.benchmarkemail.com\\\/es\\\/12-days-of-benchmark-thank-you\\\/#primaryimage\"},\"thumbnailUrl\":\"https:\\\/\\\/www.benchmarkemail.com\\\/images\\\/nxg\\\/12-days-of-benchmark\\\/sparkle.svg\",\"datePublished\":\"2025-11-20T11:12:32+00:00\",\"dateModified\":\"2026-01-27T18:44:17+00:00\",\"description\":\"\u00a1Gracias! \u00a1Por registrarte en los 12 d\u00edas de Benchmark! \u00a1Estate atento a tu primer regalo, que llegar\u00e1 pronto a tu bandeja de entrada!\",\"breadcrumb\":{\"@id\":\"https:\\\/\\\/www.benchmarkemail.com\\\/es\\\/12-days-of-benchmark-thank-you\\\/#breadcrumb\"},\"inLanguage\":\"en-US\",\"potentialAction\":[{\"@type\":\"ReadAction\",\"target\":[\"https:\\\/\\\/www.benchmarkemail.com\\\/es\\\/12-days-of-benchmark-thank-you\\\/\"]}]},{\"@type\":\"ImageObject\",\"inLanguage\":\"en-US\",\"@id\":\"https:\\\/\\\/www.benchmarkemail.com\\\/es\\\/12-days-of-benchmark-thank-you\\\/#primaryimage\",\"url\":\"https:\\\/\\\/www.benchmarkemail.com\\\/images\\\/nxg\\\/12-days-of-benchmark\\\/sparkle.svg\",\"contentUrl\":\"https:\\\/\\\/www.benchmarkemail.com\\\/images\\\/nxg\\\/12-days-of-benchmark\\\/sparkle.svg\"},{\"@type\":\"BreadcrumbList\",\"@id\":\"https:\\\/\\\/www.benchmarkemail.com\\\/es\\\/12-days-of-benchmark-thank-you\\\/#breadcrumb\",\"itemListElement\":[{\"@type\":\"ListItem\",\"position\":1,\"name\":\"Home\",\"item\":\"https:\\\/\\\/www.benchmarkemail.com\\\/es\\\/\"},{\"@type\":\"ListItem\",\"position\":2,\"name\":\"P\u00e1gina de agradecimiento de los 12 d\u00edas de Benchmark &#8211; Benchmark Email\"}]},{\"@type\":\"WebSite\",\"@id\":\"https:\\\/\\\/www.benchmarkemail.com\\\/es\\\/#website\",\"url\":\"https:\\\/\\\/www.benchmarkemail.com\\\/es\\\/\",\"name\":\"Benchmark Email - Herramienta de Email Marketing\",\"description\":\"Dise\u00f1a, env\u00eda, mide y optimiza tus campa\u00f1as de email y comun\u00edcate con tus clientes a trav\u00e9s del correo electr\u00f3nico.\",\"publisher\":{\"@id\":\"https:\\\/\\\/www.benchmarkemail.com\\\/es\\\/#organization\"},\"potentialAction\":[{\"@type\":\"SearchAction\",\"target\":{\"@type\":\"EntryPoint\",\"urlTemplate\":\"https:\\\/\\\/www.benchmarkemail.com\\\/es\\\/?s={search_term_string}\"},\"query-input\":{\"@type\":\"PropertyValueSpecification\",\"valueRequired\":true,\"valueName\":\"search_term_string\"}}],\"inLanguage\":\"en-US\"},{\"@type\":\"Organization\",\"@id\":\"https:\\\/\\\/www.benchmarkemail.com\\\/es\\\/#organization\",\"name\":\"Benchmark Email\",\"url\":\"https:\\\/\\\/www.benchmarkemail.com\\\/es\\\/\",\"logo\":{\"@type\":\"ImageObject\",\"inLanguage\":\"en-US\",\"@id\":\"https:\\\/\\\/www.benchmarkemail.com\\\/es\\\/#\\\/schema\\\/logo\\\/image\\\/\",\"url\":\"https:\\\/\\\/www.benchmarkemail.com\\\/es\\\/wp-content\\\/uploads\\\/sites\\\/4\\\/2019\\\/09\\\/benchmark-logo.svg\",\"contentUrl\":\"https:\\\/\\\/www.benchmarkemail.com\\\/es\\\/wp-content\\\/uploads\\\/sites\\\/4\\\/2019\\\/09\\\/benchmark-logo.svg\",\"width\":1,\"height\":1,\"caption\":\"Benchmark Email\"},\"image\":{\"@id\":\"https:\\\/\\\/www.benchmarkemail.com\\\/es\\\/#\\\/schema\\\/logo\\\/image\\\/\"},\"sameAs\":[\"https:\\\/\\\/www.facebook.com\\\/benchmarkemailes\",\"https:\\\/\\\/x.com\\\/benchmarkesp\",\"https:\\\/\\\/twitter.com\\\/benchmarkesp\",\"https:\\\/\\\/www.youtube.com\\\/user\\\/BenchmarkEmailESP\",\"https:\\\/\\\/www.tiktok.com\\\/@benchmarkespanol\"]}]}<\/script>\n<!-- \/ Yoast SEO plugin. -->","yoast_head_json":{"title":"P\u00e1gina de agradecimiento de los 12 d\u00edas de Benchmark - Benchmark Email - Benchmark Email","description":"\u00a1Gracias! \u00a1Por registrarte en los 12 d\u00edas de Benchmark! \u00a1Estate atento a tu primer regalo, que llegar\u00e1 pronto a tu bandeja de entrada!","robots":{"index":"index","follow":"follow","max-snippet":"max-snippet:-1","max-image-preview":"max-image-preview:large","max-video-preview":"max-video-preview:-1"},"canonical":"https:\/\/www.benchmarkemail.com\/es\/12-days-of-benchmark-thank-you\/","og_locale":"en_US","og_type":"article","og_title":"P\u00e1gina de agradecimiento de los 12 d\u00edas de Benchmark - Benchmark Email - Benchmark Email","og_description":"\u00a1Gracias! \u00a1Por registrarte en los 12 d\u00edas de Benchmark! \u00a1Estate atento a tu primer regalo, que llegar\u00e1 pronto a tu bandeja de entrada!","og_url":"https:\/\/www.benchmarkemail.com\/es\/12-days-of-benchmark-thank-you\/","og_site_name":"Benchmark Email - Herramienta de Email Marketing","article_publisher":"https:\/\/www.facebook.com\/benchmarkemailes","article_modified_time":"2026-01-27T18:44:17+00:00","og_image":[{"url":"https:\/\/www.benchmarkemail.com\/images\/nxg\/12-days-of-benchmark\/sparkle.svg","type":"","width":"","height":""}],"twitter_card":"summary_large_image","twitter_site":"@benchmarkesp","twitter_misc":{"Est. reading time":"1 minute"},"schema":{"@context":"https:\/\/schema.org","@graph":[{"@type":"WebPage","@id":"https:\/\/www.benchmarkemail.com\/es\/12-days-of-benchmark-thank-you\/","url":"https:\/\/www.benchmarkemail.com\/es\/12-days-of-benchmark-thank-you\/","name":"P\u00e1gina de agradecimiento de los 12 d\u00edas de Benchmark - Benchmark Email - Benchmark Email","isPartOf":{"@id":"https:\/\/www.benchmarkemail.com\/es\/#website"},"primaryImageOfPage":{"@id":"https:\/\/www.benchmarkemail.com\/es\/12-days-of-benchmark-thank-you\/#primaryimage"},"image":{"@id":"https:\/\/www.benchmarkemail.com\/es\/12-days-of-benchmark-thank-you\/#primaryimage"},"thumbnailUrl":"https:\/\/www.benchmarkemail.com\/images\/nxg\/12-days-of-benchmark\/sparkle.svg","datePublished":"2025-11-20T11:12:32+00:00","dateModified":"2026-01-27T18:44:17+00:00","description":"\u00a1Gracias! \u00a1Por registrarte en los 12 d\u00edas de Benchmark! \u00a1Estate atento a tu primer regalo, que llegar\u00e1 pronto a tu bandeja de entrada!","breadcrumb":{"@id":"https:\/\/www.benchmarkemail.com\/es\/12-days-of-benchmark-thank-you\/#breadcrumb"},"inLanguage":"en-US","potentialAction":[{"@type":"ReadAction","target":["https:\/\/www.benchmarkemail.com\/es\/12-days-of-benchmark-thank-you\/"]}]},{"@type":"ImageObject","inLanguage":"en-US","@id":"https:\/\/www.benchmarkemail.com\/es\/12-days-of-benchmark-thank-you\/#primaryimage","url":"https:\/\/www.benchmarkemail.com\/images\/nxg\/12-days-of-benchmark\/sparkle.svg","contentUrl":"https:\/\/www.benchmarkemail.com\/images\/nxg\/12-days-of-benchmark\/sparkle.svg"},{"@type":"BreadcrumbList","@id":"https:\/\/www.benchmarkemail.com\/es\/12-days-of-benchmark-thank-you\/#breadcrumb","itemListElement":[{"@type":"ListItem","position":1,"name":"Home","item":"https:\/\/www.benchmarkemail.com\/es\/"},{"@type":"ListItem","position":2,"name":"P\u00e1gina de agradecimiento de los 12 d\u00edas de Benchmark &#8211; Benchmark Email"}]},{"@type":"WebSite","@id":"https:\/\/www.benchmarkemail.com\/es\/#website","url":"https:\/\/www.benchmarkemail.com\/es\/","name":"Benchmark Email - Herramienta de Email Marketing","description":"Dise\u00f1a, env\u00eda, mide y optimiza tus campa\u00f1as de email y comun\u00edcate con tus clientes a trav\u00e9s del correo electr\u00f3nico.","publisher":{"@id":"https:\/\/www.benchmarkemail.com\/es\/#organization"},"potentialAction":[{"@type":"SearchAction","target":{"@type":"EntryPoint","urlTemplate":"https:\/\/www.benchmarkemail.com\/es\/?s={search_term_string}"},"query-input":{"@type":"PropertyValueSpecification","valueRequired":true,"valueName":"search_term_string"}}],"inLanguage":"en-US"},{"@type":"Organization","@id":"https:\/\/www.benchmarkemail.com\/es\/#organization","name":"Benchmark Email","url":"https:\/\/www.benchmarkemail.com\/es\/","logo":{"@type":"ImageObject","inLanguage":"en-US","@id":"https:\/\/www.benchmarkemail.com\/es\/#\/schema\/logo\/image\/","url":"https:\/\/www.benchmarkemail.com\/es\/wp-content\/uploads\/sites\/4\/2019\/09\/benchmark-logo.svg","contentUrl":"https:\/\/www.benchmarkemail.com\/es\/wp-content\/uploads\/sites\/4\/2019\/09\/benchmark-logo.svg","width":1,"height":1,"caption":"Benchmark Email"},"image":{"@id":"https:\/\/www.benchmarkemail.com\/es\/#\/schema\/logo\/image\/"},"sameAs":["https:\/\/www.facebook.com\/benchmarkemailes","https:\/\/x.com\/benchmarkesp","https:\/\/twitter.com\/benchmarkesp","https:\/\/www.youtube.com\/user\/BenchmarkEmailESP","https:\/\/www.tiktok.com\/@benchmarkespanol"]}]}},"_links":{"self":[{"href":"https:\/\/www.benchmarkemail.com\/es\/wp-json\/wp\/v2\/pages\/48590","targetHints":{"allow":["GET"]}}],"collection":[{"href":"https:\/\/www.benchmarkemail.com\/es\/wp-json\/wp\/v2\/pages"}],"about":[{"href":"https:\/\/www.benchmarkemail.com\/es\/wp-json\/wp\/v2\/types\/page"}],"author":[{"embeddable":true,"href":"https:\/\/www.benchmarkemail.com\/es\/wp-json\/wp\/v2\/users\/7"}],"replies":[{"embeddable":true,"href":"https:\/\/www.benchmarkemail.com\/es\/wp-json\/wp\/v2\/comments?post=48590"}],"version-history":[{"count":0,"href":"https:\/\/www.benchmarkemail.com\/es\/wp-json\/wp\/v2\/pages\/48590\/revisions"}],"wp:attachment":[{"href":"https:\/\/www.benchmarkemail.com\/es\/wp-json\/wp\/v2\/media?parent=48590"}],"curies":[{"name":"wp","href":"https:\/\/api.w.org\/{rel}","templated":true}]}}