{"id":48620,"date":"2025-11-25T11:21:12","date_gmt":"2025-11-25T11:21:12","guid":{"rendered":"https:\/\/www.benchmarkemail.com\/es\/?page_id=48620"},"modified":"2026-04-09T16:14:42","modified_gmt":"2026-04-09T16:14:42","slug":"image-prompts","status":"publish","type":"page","link":"https:\/\/www.benchmarkemail.com\/es\/12-days-of-benchmark\/image-prompts\/","title":{"rendered":"5 prompts de im\u00e1genes navide\u00f1as generadas con la IA para tus emails de Navidad"},"content":{"rendered":"\n<h1>\n\t\t\t5 prompts de im\u00e1genes navide\u00f1as generadas con la IA para tus emails de Navidad\t<\/h1>\n\t<p>Encontrar la imagen navide\u00f1a adecuada puede llevar una eternidad. Las fotos de stock parecen cutres y el tiempo de dise\u00f1o es limitado. Por eso, el regalo de hoy es un conjunto de prompts listos para usar que puedes introducir directamente en el generador de im\u00e1genes con IA de Benchmark. Im\u00e1genes frescas y festivas-no se requieren conocimientos de dise\u00f1o. \ud83c\udf84\u2728<\/p>\n<p>&nbsp;<\/p>\n<h2>\n\t\t\tLos prompts\t<\/h2>\n\t<section id=\"metrics\">\n    <!--box-->\n             1. Ambiente navide\u00f1o acogedor\n     Una c\u00e1lida escena navide\u00f1a con luces centelleantes, una taza humeante de chocolate caliente y mantas suaves, con un estilo fotogr\u00e1fico moderno y plano.\n<!--box end-->\n<!-- 2 -->\n       2. Ventas Navide\u00f1as\n       Una colorida bolsa de compras navide\u00f1a llena de regalos envueltos, fondo minimalista y moderno, llamativo y brillante.\n    <!-- 3 -->\n        3. Brillo de A\u00f1o Nuevo\n       Elegantes copas de champ\u00e1n con confeti dorado, fondo negro, est\u00e9tica moderna y lujosa.\n     <!-- 4 -->\n       4. Minimalista invernal\n        Un patr\u00f3n de copos de nieve limpio y sencillo sobre un fondo pastel suave, estilo ilustraci\u00f3n vectorial.\n      <!-- 4 -->\n      5. Mesa navide\u00f1a\n       Una mesa festiva con velas, flores y adornos, iluminaci\u00f3n c\u00e1lida, con estilo fotogr\u00e1fico lifestyle.\n<\/section> \n      <!-- SVG bulb -->\n <ul>\n     \n     Consejos profesionales:\n      \n  <li>Ajusta el estilo (foto, vector, dise\u00f1o plano) para que coincida con tu marca.<\/li>\n  <li>Utiliza tu paleta de colores navide\u00f1os (\u00a1del regalo n.\u00ba 2!) para mantener la coherencia.<\/li>\n  <li>Siempre previsualiza antes de enviar para asegurarte de que la imagen se ve bien en todos los dispositivos.<\/li>\n<\/ul>\n\t<p>Con estas indicaciones, dedicar\u00e1s menos tiempo a buscar fotos de stock y m\u00e1s tiempo a lanzar campa\u00f1as.<\/p>\n\n","protected":false},"excerpt":{"rendered":"<p>5 prompts de im\u00e1genes navide\u00f1as generadas con la IA para tus emails de Navidad Encontrar la imagen navide\u00f1a adecuada puede llevar una eternidad. Las fotos de stock parecen cutres y el tiempo de dise\u00f1o es limitado. Por eso, el regalo de hoy es un conjunto de prompts listos para usar que puedes introducir directamente en&hellip;<\/p>\n","protected":false},"author":7,"featured_media":0,"parent":48517,"menu_order":0,"comment_status":"closed","ping_status":"closed","template":"page-nxg.php","meta":{"inline_featured_image":false,"footnotes":""},"class_list":["post-48620","page","type-page","status-publish","hentry"],"yoast_head":"<!-- This site is optimized with the Yoast SEO plugin v27.4 - https:\/\/yoast.com\/product\/yoast-seo-wordpress\/ -->\n<title>5 prompts de im\u00e1genes navide\u00f1as generadas con la IA para tus emails de Navidad - Benchmark Email<\/title>\n<meta name=\"description\" content=\"\u00bfNecesitas ayuda para crear im\u00e1genes navide\u00f1as para tus campa\u00f1as? Prueba estos cinco prompts para generar im\u00e1genes eficaces con la IA.\" \/>\n<meta name=\"robots\" content=\"index, follow, max-snippet:-1, max-image-preview:large, max-video-preview:-1\" \/>\n<link rel=\"canonical\" href=\"https:\/\/www.benchmarkemail.com\/es\/12-days-of-benchmark\/image-prompts\/\" \/>\n<meta property=\"og:locale\" content=\"en_US\" \/>\n<meta property=\"og:type\" content=\"article\" \/>\n<meta property=\"og:title\" content=\"5 prompts de im\u00e1genes navide\u00f1as generadas con la IA para tus emails de Navidad - Benchmark Email\" \/>\n<meta property=\"og:description\" content=\"\u00bfNecesitas ayuda para crear im\u00e1genes navide\u00f1as para tus campa\u00f1as? Prueba estos cinco prompts para generar im\u00e1genes eficaces con la IA.\" \/>\n<meta property=\"og:url\" content=\"https:\/\/www.benchmarkemail.com\/es\/12-days-of-benchmark\/image-prompts\/\" \/>\n<meta property=\"og:site_name\" content=\"Benchmark Email - Herramienta de Email Marketing\" \/>\n<meta property=\"article:publisher\" content=\"https:\/\/www.facebook.com\/benchmarkemailes\" \/>\n<meta property=\"article:modified_time\" content=\"2026-04-09T16:14:42+00:00\" \/>\n<meta name=\"twitter:card\" content=\"summary_large_image\" \/>\n<meta name=\"twitter:site\" content=\"@benchmarkesp\" \/>\n<meta name=\"twitter:label1\" content=\"Est. reading time\" \/>\n\t<meta name=\"twitter:data1\" content=\"2 minutes\" \/>\n<script type=\"application\/ld+json\" class=\"yoast-schema-graph\">{\"@context\":\"https:\\\/\\\/schema.org\",\"@graph\":[{\"@type\":\"WebPage\",\"@id\":\"https:\\\/\\\/www.benchmarkemail.com\\\/es\\\/12-days-of-benchmark\\\/image-prompts\\\/\",\"url\":\"https:\\\/\\\/www.benchmarkemail.com\\\/es\\\/12-days-of-benchmark\\\/image-prompts\\\/\",\"name\":\"5 prompts de im\u00e1genes navide\u00f1as generadas con la IA para tus emails de Navidad - Benchmark Email\",\"isPartOf\":{\"@id\":\"https:\\\/\\\/www.benchmarkemail.com\\\/es\\\/#website\"},\"datePublished\":\"2025-11-25T11:21:12+00:00\",\"dateModified\":\"2026-04-09T16:14:42+00:00\",\"description\":\"\u00bfNecesitas ayuda para crear im\u00e1genes navide\u00f1as para tus campa\u00f1as? Prueba estos cinco prompts para generar im\u00e1genes eficaces con la IA.\",\"breadcrumb\":{\"@id\":\"https:\\\/\\\/www.benchmarkemail.com\\\/es\\\/12-days-of-benchmark\\\/image-prompts\\\/#breadcrumb\"},\"inLanguage\":\"en-US\",\"potentialAction\":[{\"@type\":\"ReadAction\",\"target\":[\"https:\\\/\\\/www.benchmarkemail.com\\\/es\\\/12-days-of-benchmark\\\/image-prompts\\\/\"]}]},{\"@type\":\"BreadcrumbList\",\"@id\":\"https:\\\/\\\/www.benchmarkemail.com\\\/es\\\/12-days-of-benchmark\\\/image-prompts\\\/#breadcrumb\",\"itemListElement\":[{\"@type\":\"ListItem\",\"position\":1,\"name\":\"Home\",\"item\":\"https:\\\/\\\/www.benchmarkemail.com\\\/es\\\/\"},{\"@type\":\"ListItem\",\"position\":2,\"name\":\"12 d\u00edas de regalos navide\u00f1os &#8211; Benchmark Email\",\"item\":\"https:\\\/\\\/www.benchmarkemail.com\\\/es\\\/12-days-of-benchmark\\\/\"},{\"@type\":\"ListItem\",\"position\":3,\"name\":\"5 prompts de im\u00e1genes navide\u00f1as generadas con la IA para tus emails de Navidad\"}]},{\"@type\":\"WebSite\",\"@id\":\"https:\\\/\\\/www.benchmarkemail.com\\\/es\\\/#website\",\"url\":\"https:\\\/\\\/www.benchmarkemail.com\\\/es\\\/\",\"name\":\"Benchmark Email - Herramienta de Email Marketing\",\"description\":\"Dise\u00f1a, env\u00eda, mide y optimiza tus campa\u00f1as de email y comun\u00edcate con tus clientes a trav\u00e9s del correo electr\u00f3nico.\",\"publisher\":{\"@id\":\"https:\\\/\\\/www.benchmarkemail.com\\\/es\\\/#organization\"},\"potentialAction\":[{\"@type\":\"SearchAction\",\"target\":{\"@type\":\"EntryPoint\",\"urlTemplate\":\"https:\\\/\\\/www.benchmarkemail.com\\\/es\\\/?s={search_term_string}\"},\"query-input\":{\"@type\":\"PropertyValueSpecification\",\"valueRequired\":true,\"valueName\":\"search_term_string\"}}],\"inLanguage\":\"en-US\"},{\"@type\":\"Organization\",\"@id\":\"https:\\\/\\\/www.benchmarkemail.com\\\/es\\\/#organization\",\"name\":\"Benchmark Email\",\"url\":\"https:\\\/\\\/www.benchmarkemail.com\\\/es\\\/\",\"logo\":{\"@type\":\"ImageObject\",\"inLanguage\":\"en-US\",\"@id\":\"https:\\\/\\\/www.benchmarkemail.com\\\/es\\\/#\\\/schema\\\/logo\\\/image\\\/\",\"url\":\"https:\\\/\\\/www.benchmarkemail.com\\\/es\\\/wp-content\\\/uploads\\\/sites\\\/4\\\/2019\\\/09\\\/benchmark-logo.svg\",\"contentUrl\":\"https:\\\/\\\/www.benchmarkemail.com\\\/es\\\/wp-content\\\/uploads\\\/sites\\\/4\\\/2019\\\/09\\\/benchmark-logo.svg\",\"width\":1,\"height\":1,\"caption\":\"Benchmark Email\"},\"image\":{\"@id\":\"https:\\\/\\\/www.benchmarkemail.com\\\/es\\\/#\\\/schema\\\/logo\\\/image\\\/\"},\"sameAs\":[\"https:\\\/\\\/www.facebook.com\\\/benchmarkemailes\",\"https:\\\/\\\/x.com\\\/benchmarkesp\",\"https:\\\/\\\/twitter.com\\\/benchmarkesp\",\"https:\\\/\\\/www.youtube.com\\\/user\\\/BenchmarkEmailESP\",\"https:\\\/\\\/www.tiktok.com\\\/@benchmarkespanol\"]}]}<\/script>\n<!-- \/ Yoast SEO plugin. -->","yoast_head_json":{"title":"5 prompts de im\u00e1genes navide\u00f1as generadas con la IA para tus emails de Navidad - Benchmark Email","description":"\u00bfNecesitas ayuda para crear im\u00e1genes navide\u00f1as para tus campa\u00f1as? Prueba estos cinco prompts para generar im\u00e1genes eficaces con la IA.","robots":{"index":"index","follow":"follow","max-snippet":"max-snippet:-1","max-image-preview":"max-image-preview:large","max-video-preview":"max-video-preview:-1"},"canonical":"https:\/\/www.benchmarkemail.com\/es\/12-days-of-benchmark\/image-prompts\/","og_locale":"en_US","og_type":"article","og_title":"5 prompts de im\u00e1genes navide\u00f1as generadas con la IA para tus emails de Navidad - Benchmark Email","og_description":"\u00bfNecesitas ayuda para crear im\u00e1genes navide\u00f1as para tus campa\u00f1as? Prueba estos cinco prompts para generar im\u00e1genes eficaces con la IA.","og_url":"https:\/\/www.benchmarkemail.com\/es\/12-days-of-benchmark\/image-prompts\/","og_site_name":"Benchmark Email - Herramienta de Email Marketing","article_publisher":"https:\/\/www.facebook.com\/benchmarkemailes","article_modified_time":"2026-04-09T16:14:42+00:00","twitter_card":"summary_large_image","twitter_site":"@benchmarkesp","twitter_misc":{"Est. reading time":"2 minutes"},"schema":{"@context":"https:\/\/schema.org","@graph":[{"@type":"WebPage","@id":"https:\/\/www.benchmarkemail.com\/es\/12-days-of-benchmark\/image-prompts\/","url":"https:\/\/www.benchmarkemail.com\/es\/12-days-of-benchmark\/image-prompts\/","name":"5 prompts de im\u00e1genes navide\u00f1as generadas con la IA para tus emails de Navidad - Benchmark Email","isPartOf":{"@id":"https:\/\/www.benchmarkemail.com\/es\/#website"},"datePublished":"2025-11-25T11:21:12+00:00","dateModified":"2026-04-09T16:14:42+00:00","description":"\u00bfNecesitas ayuda para crear im\u00e1genes navide\u00f1as para tus campa\u00f1as? Prueba estos cinco prompts para generar im\u00e1genes eficaces con la IA.","breadcrumb":{"@id":"https:\/\/www.benchmarkemail.com\/es\/12-days-of-benchmark\/image-prompts\/#breadcrumb"},"inLanguage":"en-US","potentialAction":[{"@type":"ReadAction","target":["https:\/\/www.benchmarkemail.com\/es\/12-days-of-benchmark\/image-prompts\/"]}]},{"@type":"BreadcrumbList","@id":"https:\/\/www.benchmarkemail.com\/es\/12-days-of-benchmark\/image-prompts\/#breadcrumb","itemListElement":[{"@type":"ListItem","position":1,"name":"Home","item":"https:\/\/www.benchmarkemail.com\/es\/"},{"@type":"ListItem","position":2,"name":"12 d\u00edas de regalos navide\u00f1os &#8211; Benchmark Email","item":"https:\/\/www.benchmarkemail.com\/es\/12-days-of-benchmark\/"},{"@type":"ListItem","position":3,"name":"5 prompts de im\u00e1genes navide\u00f1as generadas con la IA para tus emails de Navidad"}]},{"@type":"WebSite","@id":"https:\/\/www.benchmarkemail.com\/es\/#website","url":"https:\/\/www.benchmarkemail.com\/es\/","name":"Benchmark Email - Herramienta de Email Marketing","description":"Dise\u00f1a, env\u00eda, mide y optimiza tus campa\u00f1as de email y comun\u00edcate con tus clientes a trav\u00e9s del correo electr\u00f3nico.","publisher":{"@id":"https:\/\/www.benchmarkemail.com\/es\/#organization"},"potentialAction":[{"@type":"SearchAction","target":{"@type":"EntryPoint","urlTemplate":"https:\/\/www.benchmarkemail.com\/es\/?s={search_term_string}"},"query-input":{"@type":"PropertyValueSpecification","valueRequired":true,"valueName":"search_term_string"}}],"inLanguage":"en-US"},{"@type":"Organization","@id":"https:\/\/www.benchmarkemail.com\/es\/#organization","name":"Benchmark Email","url":"https:\/\/www.benchmarkemail.com\/es\/","logo":{"@type":"ImageObject","inLanguage":"en-US","@id":"https:\/\/www.benchmarkemail.com\/es\/#\/schema\/logo\/image\/","url":"https:\/\/www.benchmarkemail.com\/es\/wp-content\/uploads\/sites\/4\/2019\/09\/benchmark-logo.svg","contentUrl":"https:\/\/www.benchmarkemail.com\/es\/wp-content\/uploads\/sites\/4\/2019\/09\/benchmark-logo.svg","width":1,"height":1,"caption":"Benchmark Email"},"image":{"@id":"https:\/\/www.benchmarkemail.com\/es\/#\/schema\/logo\/image\/"},"sameAs":["https:\/\/www.facebook.com\/benchmarkemailes","https:\/\/x.com\/benchmarkesp","https:\/\/twitter.com\/benchmarkesp","https:\/\/www.youtube.com\/user\/BenchmarkEmailESP","https:\/\/www.tiktok.com\/@benchmarkespanol"]}]}},"_links":{"self":[{"href":"https:\/\/www.benchmarkemail.com\/es\/wp-json\/wp\/v2\/pages\/48620","targetHints":{"allow":["GET"]}}],"collection":[{"href":"https:\/\/www.benchmarkemail.com\/es\/wp-json\/wp\/v2\/pages"}],"about":[{"href":"https:\/\/www.benchmarkemail.com\/es\/wp-json\/wp\/v2\/types\/page"}],"author":[{"embeddable":true,"href":"https:\/\/www.benchmarkemail.com\/es\/wp-json\/wp\/v2\/users\/7"}],"replies":[{"embeddable":true,"href":"https:\/\/www.benchmarkemail.com\/es\/wp-json\/wp\/v2\/comments?post=48620"}],"version-history":[{"count":0,"href":"https:\/\/www.benchmarkemail.com\/es\/wp-json\/wp\/v2\/pages\/48620\/revisions"}],"up":[{"embeddable":true,"href":"https:\/\/www.benchmarkemail.com\/es\/wp-json\/wp\/v2\/pages\/48517"}],"wp:attachment":[{"href":"https:\/\/www.benchmarkemail.com\/es\/wp-json\/wp\/v2\/media?parent=48620"}],"curies":[{"name":"wp","href":"https:\/\/api.w.org\/{rel}","templated":true}]}}