{"id":48675,"date":"2025-11-28T14:04:37","date_gmt":"2025-11-28T14:04:37","guid":{"rendered":"https:\/\/www.benchmarkemail.com\/es\/?page_id=48675"},"modified":"2026-04-09T16:19:42","modified_gmt":"2026-04-09T16:19:42","slug":"holiday-wrap-up","status":"publish","type":"page","link":"https:\/\/www.benchmarkemail.com\/es\/12-days-of-benchmark\/holiday-wrap-up\/","title":{"rendered":"Cierre de las fiestas: tu kit de supervivencia para los 12 d\u00edas de Benchmark"},"content":{"rendered":"\n<h1>\n\t\t\tResumen de las fiestas: tu kit de supervivencia para los 12 d\u00edas de Benchmark Email\t<\/h1>\n\t<p>\u00a1Lo has conseguido! Durante los \u00faltimos 12 d\u00edas, has descubierto asuntos, plantillas, consejos y trucos para que tus emails navide\u00f1os sean alegres y f\u00e1ciles de gestionar.<\/p>\n\t<p>El regalo final de hoy lo resume todo: nuestras principales conclusiones de los 12 d\u00edas de Benchmark, adem\u00e1s de un \u00faltimo extra para ayudarte a enviar correos de forma m\u00e1s inteligente en 2026.<\/p>\n\t<section id=\"metrics\">\n    <!-- box -->\n           \ud83d\udce6 Lo m\u00e1s destacado del resumen\n            <ul>\n                <li><strong>Asuntos que brillan<\/strong> \u2192 KQue sean breves, festivos y concisos.<\/li>\n                <li><strong>Dise\u00f1os que llaman la atenci\u00f3n<\/strong> \u2192 Utiliza paletas de colores frescas, plantillas y dise\u00f1os adaptados a dispositivos m\u00f3viles.<\/li>\n                <li><strong>Env\u00edo Inteligente<\/strong> \u2192 Segmenta con inteligencia, elige el momento adecuado y observa c\u00f3mo aumenta la interacci\u00f3n.<\/li>\n                <li><strong>La entregabilidad gana<\/strong> \u2192  Autentifica, equilibra el contenido y supervisa la interacci\u00f3n.<\/li>\n                <li><strong>A\u00f1o nuevo, nuevo comienzo<\/strong> \u2192 Aprovecha tu plantilla exclusiva para la campa\u00f1a de 2026 para mantenerte a la vanguardia.<\/li>\n            <\/ul>\n    <!-- box end -->\n    <!-- box 2 -->\n            \ud83c\udf81 Recurso extra\n            Accede a tu kit de supervivencia para correos electr\u00f3nicos navide\u00f1os, una gu\u00eda \u00fanica que puedes marcar como favorita y que contiene los 12 regalos en un solo lugar. Perfecta para consultar r\u00e1pidamente ahora y planificar con antelaci\u00f3n.\n            <a href=\"https:\/\/www.benchmarkemail.com\/es\/12-days-of-benchmark-resources\/\">Accede al kit de supervivencia<\/a>\n<\/section>\n<figure itemscope itemtype=\"https:\/\/schema.org\/ImageObject\">\n\t\t\t\t<img decoding=\"async\" src=\"https:\/\/www.benchmarkemail.com\/wp-content\/uploads\/2025\/11\/Group.svg\" alt=\"Group.svg\" title=\"Group.svg\" onerror=\"this.style.display='none'\" loading=\"lazy\" \/>\n\t<\/figure>\n\t\u00a1Gracias por celebrar los 12 d\u00edas de Benchmark con nosotros!<br \/>\n\u00bfListo para seguir enviando de forma m\u00e1s inteligente, y no m\u00e1s dif\u00edcil, en 2026? Empieza hoy mismo con Benchmark de forma gratuita.\n\t\t\t<a href=\"https:\/\/app.benchmarkemail.io\/register?language=es\"  target=\"_blank\" rel=\"noopener\"    rel=\"noopener\">\n\t\t\t\t\t\t\tReg\u00edstrate gratis\n\t\t\t\t\t<\/a>\n\n","protected":false},"excerpt":{"rendered":"<p>Resumen de las fiestas: tu kit de supervivencia para los 12 d\u00edas de Benchmark Email \u00a1Lo has conseguido! Durante los \u00faltimos 12 d\u00edas, has descubierto asuntos, plantillas, consejos y trucos para que tus emails navide\u00f1os sean alegres y f\u00e1ciles de gestionar. El regalo final de hoy lo resume todo: nuestras principales conclusiones de los 12&hellip;<\/p>\n","protected":false},"author":7,"featured_media":0,"parent":48517,"menu_order":0,"comment_status":"closed","ping_status":"closed","template":"page-nxg.php","meta":{"inline_featured_image":false,"footnotes":""},"class_list":["post-48675","page","type-page","status-publish","hentry"],"yoast_head":"<!-- This site is optimized with the Yoast SEO plugin v27.4 - https:\/\/yoast.com\/product\/yoast-seo-wordpress\/ -->\n<title>Cierre de las fiestas: tu kit de supervivencia para los 12 d\u00edas de Benchmark - Benchmark Email<\/title>\n<meta name=\"description\" content=\"Aqu\u00ed tienes nuestro resumen de las fiestas con las conclusiones de los 12 d\u00edas de Benchmark, adem\u00e1s de un \u00faltimo extra para ayudarte a enviar mensajes de forma m\u00e1s inteligente en 2026.\" \/>\n<meta name=\"robots\" content=\"index, follow, max-snippet:-1, max-image-preview:large, max-video-preview:-1\" \/>\n<link rel=\"canonical\" href=\"https:\/\/www.benchmarkemail.com\/es\/12-days-of-benchmark\/holiday-wrap-up\/\" \/>\n<meta property=\"og:locale\" content=\"en_US\" \/>\n<meta property=\"og:type\" content=\"article\" \/>\n<meta property=\"og:title\" content=\"Cierre de las fiestas: tu kit de supervivencia para los 12 d\u00edas de Benchmark - Benchmark Email\" \/>\n<meta property=\"og:description\" content=\"Aqu\u00ed tienes nuestro resumen de las fiestas con las conclusiones de los 12 d\u00edas de Benchmark, adem\u00e1s de un \u00faltimo extra para ayudarte a enviar mensajes de forma m\u00e1s inteligente en 2026.\" \/>\n<meta property=\"og:url\" content=\"https:\/\/www.benchmarkemail.com\/es\/12-days-of-benchmark\/holiday-wrap-up\/\" \/>\n<meta property=\"og:site_name\" content=\"Benchmark Email - Herramienta de Email Marketing\" \/>\n<meta property=\"article:publisher\" content=\"https:\/\/www.facebook.com\/benchmarkemailes\" \/>\n<meta property=\"article:modified_time\" content=\"2026-04-09T16:19:42+00:00\" \/>\n<meta property=\"og:image\" content=\"https:\/\/www.benchmarkemail.com\/wp-content\/uploads\/2025\/11\/Group.svg\" \/>\n<meta name=\"twitter:card\" content=\"summary_large_image\" \/>\n<meta name=\"twitter:site\" content=\"@benchmarkesp\" \/>\n<meta name=\"twitter:label1\" content=\"Est. reading time\" \/>\n\t<meta name=\"twitter:data1\" content=\"2 minutes\" \/>\n<script type=\"application\/ld+json\" class=\"yoast-schema-graph\">{\"@context\":\"https:\\\/\\\/schema.org\",\"@graph\":[{\"@type\":\"WebPage\",\"@id\":\"https:\\\/\\\/www.benchmarkemail.com\\\/es\\\/12-days-of-benchmark\\\/holiday-wrap-up\\\/\",\"url\":\"https:\\\/\\\/www.benchmarkemail.com\\\/es\\\/12-days-of-benchmark\\\/holiday-wrap-up\\\/\",\"name\":\"Cierre de las fiestas: tu kit de supervivencia para los 12 d\u00edas de Benchmark - Benchmark Email\",\"isPartOf\":{\"@id\":\"https:\\\/\\\/www.benchmarkemail.com\\\/es\\\/#website\"},\"primaryImageOfPage\":{\"@id\":\"https:\\\/\\\/www.benchmarkemail.com\\\/es\\\/12-days-of-benchmark\\\/holiday-wrap-up\\\/#primaryimage\"},\"image\":{\"@id\":\"https:\\\/\\\/www.benchmarkemail.com\\\/es\\\/12-days-of-benchmark\\\/holiday-wrap-up\\\/#primaryimage\"},\"thumbnailUrl\":\"https:\\\/\\\/www.benchmarkemail.com\\\/wp-content\\\/uploads\\\/2025\\\/11\\\/Group.svg\",\"datePublished\":\"2025-11-28T14:04:37+00:00\",\"dateModified\":\"2026-04-09T16:19:42+00:00\",\"description\":\"Aqu\u00ed tienes nuestro resumen de las fiestas con las conclusiones de los 12 d\u00edas de Benchmark, adem\u00e1s de un \u00faltimo extra para ayudarte a enviar mensajes de forma m\u00e1s inteligente en 2026.\",\"breadcrumb\":{\"@id\":\"https:\\\/\\\/www.benchmarkemail.com\\\/es\\\/12-days-of-benchmark\\\/holiday-wrap-up\\\/#breadcrumb\"},\"inLanguage\":\"en-US\",\"potentialAction\":[{\"@type\":\"ReadAction\",\"target\":[\"https:\\\/\\\/www.benchmarkemail.com\\\/es\\\/12-days-of-benchmark\\\/holiday-wrap-up\\\/\"]}]},{\"@type\":\"ImageObject\",\"inLanguage\":\"en-US\",\"@id\":\"https:\\\/\\\/www.benchmarkemail.com\\\/es\\\/12-days-of-benchmark\\\/holiday-wrap-up\\\/#primaryimage\",\"url\":\"https:\\\/\\\/www.benchmarkemail.com\\\/wp-content\\\/uploads\\\/2025\\\/11\\\/Group.svg\",\"contentUrl\":\"https:\\\/\\\/www.benchmarkemail.com\\\/wp-content\\\/uploads\\\/2025\\\/11\\\/Group.svg\"},{\"@type\":\"BreadcrumbList\",\"@id\":\"https:\\\/\\\/www.benchmarkemail.com\\\/es\\\/12-days-of-benchmark\\\/holiday-wrap-up\\\/#breadcrumb\",\"itemListElement\":[{\"@type\":\"ListItem\",\"position\":1,\"name\":\"Home\",\"item\":\"https:\\\/\\\/www.benchmarkemail.com\\\/es\\\/\"},{\"@type\":\"ListItem\",\"position\":2,\"name\":\"12 d\u00edas de regalos navide\u00f1os &#8211; Benchmark Email\",\"item\":\"https:\\\/\\\/www.benchmarkemail.com\\\/es\\\/12-days-of-benchmark\\\/\"},{\"@type\":\"ListItem\",\"position\":3,\"name\":\"Cierre de las fiestas: tu kit de supervivencia para los 12 d\u00edas de Benchmark\"}]},{\"@type\":\"WebSite\",\"@id\":\"https:\\\/\\\/www.benchmarkemail.com\\\/es\\\/#website\",\"url\":\"https:\\\/\\\/www.benchmarkemail.com\\\/es\\\/\",\"name\":\"Benchmark Email - Herramienta de Email Marketing\",\"description\":\"Dise\u00f1a, env\u00eda, mide y optimiza tus campa\u00f1as de email y comun\u00edcate con tus clientes a trav\u00e9s del correo electr\u00f3nico.\",\"publisher\":{\"@id\":\"https:\\\/\\\/www.benchmarkemail.com\\\/es\\\/#organization\"},\"potentialAction\":[{\"@type\":\"SearchAction\",\"target\":{\"@type\":\"EntryPoint\",\"urlTemplate\":\"https:\\\/\\\/www.benchmarkemail.com\\\/es\\\/?s={search_term_string}\"},\"query-input\":{\"@type\":\"PropertyValueSpecification\",\"valueRequired\":true,\"valueName\":\"search_term_string\"}}],\"inLanguage\":\"en-US\"},{\"@type\":\"Organization\",\"@id\":\"https:\\\/\\\/www.benchmarkemail.com\\\/es\\\/#organization\",\"name\":\"Benchmark Email\",\"url\":\"https:\\\/\\\/www.benchmarkemail.com\\\/es\\\/\",\"logo\":{\"@type\":\"ImageObject\",\"inLanguage\":\"en-US\",\"@id\":\"https:\\\/\\\/www.benchmarkemail.com\\\/es\\\/#\\\/schema\\\/logo\\\/image\\\/\",\"url\":\"https:\\\/\\\/www.benchmarkemail.com\\\/es\\\/wp-content\\\/uploads\\\/sites\\\/4\\\/2019\\\/09\\\/benchmark-logo.svg\",\"contentUrl\":\"https:\\\/\\\/www.benchmarkemail.com\\\/es\\\/wp-content\\\/uploads\\\/sites\\\/4\\\/2019\\\/09\\\/benchmark-logo.svg\",\"width\":1,\"height\":1,\"caption\":\"Benchmark Email\"},\"image\":{\"@id\":\"https:\\\/\\\/www.benchmarkemail.com\\\/es\\\/#\\\/schema\\\/logo\\\/image\\\/\"},\"sameAs\":[\"https:\\\/\\\/www.facebook.com\\\/benchmarkemailes\",\"https:\\\/\\\/x.com\\\/benchmarkesp\",\"https:\\\/\\\/twitter.com\\\/benchmarkesp\",\"https:\\\/\\\/www.youtube.com\\\/user\\\/BenchmarkEmailESP\",\"https:\\\/\\\/www.tiktok.com\\\/@benchmarkespanol\"]}]}<\/script>\n<!-- \/ Yoast SEO plugin. -->","yoast_head_json":{"title":"Cierre de las fiestas: tu kit de supervivencia para los 12 d\u00edas de Benchmark - Benchmark Email","description":"Aqu\u00ed tienes nuestro resumen de las fiestas con las conclusiones de los 12 d\u00edas de Benchmark, adem\u00e1s de un \u00faltimo extra para ayudarte a enviar mensajes de forma m\u00e1s inteligente en 2026.","robots":{"index":"index","follow":"follow","max-snippet":"max-snippet:-1","max-image-preview":"max-image-preview:large","max-video-preview":"max-video-preview:-1"},"canonical":"https:\/\/www.benchmarkemail.com\/es\/12-days-of-benchmark\/holiday-wrap-up\/","og_locale":"en_US","og_type":"article","og_title":"Cierre de las fiestas: tu kit de supervivencia para los 12 d\u00edas de Benchmark - Benchmark Email","og_description":"Aqu\u00ed tienes nuestro resumen de las fiestas con las conclusiones de los 12 d\u00edas de Benchmark, adem\u00e1s de un \u00faltimo extra para ayudarte a enviar mensajes de forma m\u00e1s inteligente en 2026.","og_url":"https:\/\/www.benchmarkemail.com\/es\/12-days-of-benchmark\/holiday-wrap-up\/","og_site_name":"Benchmark Email - Herramienta de Email Marketing","article_publisher":"https:\/\/www.facebook.com\/benchmarkemailes","article_modified_time":"2026-04-09T16:19:42+00:00","og_image":[{"url":"https:\/\/www.benchmarkemail.com\/wp-content\/uploads\/2025\/11\/Group.svg","type":"","width":"","height":""}],"twitter_card":"summary_large_image","twitter_site":"@benchmarkesp","twitter_misc":{"Est. reading time":"2 minutes"},"schema":{"@context":"https:\/\/schema.org","@graph":[{"@type":"WebPage","@id":"https:\/\/www.benchmarkemail.com\/es\/12-days-of-benchmark\/holiday-wrap-up\/","url":"https:\/\/www.benchmarkemail.com\/es\/12-days-of-benchmark\/holiday-wrap-up\/","name":"Cierre de las fiestas: tu kit de supervivencia para los 12 d\u00edas de Benchmark - Benchmark Email","isPartOf":{"@id":"https:\/\/www.benchmarkemail.com\/es\/#website"},"primaryImageOfPage":{"@id":"https:\/\/www.benchmarkemail.com\/es\/12-days-of-benchmark\/holiday-wrap-up\/#primaryimage"},"image":{"@id":"https:\/\/www.benchmarkemail.com\/es\/12-days-of-benchmark\/holiday-wrap-up\/#primaryimage"},"thumbnailUrl":"https:\/\/www.benchmarkemail.com\/wp-content\/uploads\/2025\/11\/Group.svg","datePublished":"2025-11-28T14:04:37+00:00","dateModified":"2026-04-09T16:19:42+00:00","description":"Aqu\u00ed tienes nuestro resumen de las fiestas con las conclusiones de los 12 d\u00edas de Benchmark, adem\u00e1s de un \u00faltimo extra para ayudarte a enviar mensajes de forma m\u00e1s inteligente en 2026.","breadcrumb":{"@id":"https:\/\/www.benchmarkemail.com\/es\/12-days-of-benchmark\/holiday-wrap-up\/#breadcrumb"},"inLanguage":"en-US","potentialAction":[{"@type":"ReadAction","target":["https:\/\/www.benchmarkemail.com\/es\/12-days-of-benchmark\/holiday-wrap-up\/"]}]},{"@type":"ImageObject","inLanguage":"en-US","@id":"https:\/\/www.benchmarkemail.com\/es\/12-days-of-benchmark\/holiday-wrap-up\/#primaryimage","url":"https:\/\/www.benchmarkemail.com\/wp-content\/uploads\/2025\/11\/Group.svg","contentUrl":"https:\/\/www.benchmarkemail.com\/wp-content\/uploads\/2025\/11\/Group.svg"},{"@type":"BreadcrumbList","@id":"https:\/\/www.benchmarkemail.com\/es\/12-days-of-benchmark\/holiday-wrap-up\/#breadcrumb","itemListElement":[{"@type":"ListItem","position":1,"name":"Home","item":"https:\/\/www.benchmarkemail.com\/es\/"},{"@type":"ListItem","position":2,"name":"12 d\u00edas de regalos navide\u00f1os &#8211; Benchmark Email","item":"https:\/\/www.benchmarkemail.com\/es\/12-days-of-benchmark\/"},{"@type":"ListItem","position":3,"name":"Cierre de las fiestas: tu kit de supervivencia para los 12 d\u00edas de Benchmark"}]},{"@type":"WebSite","@id":"https:\/\/www.benchmarkemail.com\/es\/#website","url":"https:\/\/www.benchmarkemail.com\/es\/","name":"Benchmark Email - Herramienta de Email Marketing","description":"Dise\u00f1a, env\u00eda, mide y optimiza tus campa\u00f1as de email y comun\u00edcate con tus clientes a trav\u00e9s del correo electr\u00f3nico.","publisher":{"@id":"https:\/\/www.benchmarkemail.com\/es\/#organization"},"potentialAction":[{"@type":"SearchAction","target":{"@type":"EntryPoint","urlTemplate":"https:\/\/www.benchmarkemail.com\/es\/?s={search_term_string}"},"query-input":{"@type":"PropertyValueSpecification","valueRequired":true,"valueName":"search_term_string"}}],"inLanguage":"en-US"},{"@type":"Organization","@id":"https:\/\/www.benchmarkemail.com\/es\/#organization","name":"Benchmark Email","url":"https:\/\/www.benchmarkemail.com\/es\/","logo":{"@type":"ImageObject","inLanguage":"en-US","@id":"https:\/\/www.benchmarkemail.com\/es\/#\/schema\/logo\/image\/","url":"https:\/\/www.benchmarkemail.com\/es\/wp-content\/uploads\/sites\/4\/2019\/09\/benchmark-logo.svg","contentUrl":"https:\/\/www.benchmarkemail.com\/es\/wp-content\/uploads\/sites\/4\/2019\/09\/benchmark-logo.svg","width":1,"height":1,"caption":"Benchmark Email"},"image":{"@id":"https:\/\/www.benchmarkemail.com\/es\/#\/schema\/logo\/image\/"},"sameAs":["https:\/\/www.facebook.com\/benchmarkemailes","https:\/\/x.com\/benchmarkesp","https:\/\/twitter.com\/benchmarkesp","https:\/\/www.youtube.com\/user\/BenchmarkEmailESP","https:\/\/www.tiktok.com\/@benchmarkespanol"]}]}},"_links":{"self":[{"href":"https:\/\/www.benchmarkemail.com\/es\/wp-json\/wp\/v2\/pages\/48675","targetHints":{"allow":["GET"]}}],"collection":[{"href":"https:\/\/www.benchmarkemail.com\/es\/wp-json\/wp\/v2\/pages"}],"about":[{"href":"https:\/\/www.benchmarkemail.com\/es\/wp-json\/wp\/v2\/types\/page"}],"author":[{"embeddable":true,"href":"https:\/\/www.benchmarkemail.com\/es\/wp-json\/wp\/v2\/users\/7"}],"replies":[{"embeddable":true,"href":"https:\/\/www.benchmarkemail.com\/es\/wp-json\/wp\/v2\/comments?post=48675"}],"version-history":[{"count":0,"href":"https:\/\/www.benchmarkemail.com\/es\/wp-json\/wp\/v2\/pages\/48675\/revisions"}],"up":[{"embeddable":true,"href":"https:\/\/www.benchmarkemail.com\/es\/wp-json\/wp\/v2\/pages\/48517"}],"wp:attachment":[{"href":"https:\/\/www.benchmarkemail.com\/es\/wp-json\/wp\/v2\/media?parent=48675"}],"curies":[{"name":"wp","href":"https:\/\/api.w.org\/{rel}","templated":true}]}}