{"id":48821,"date":"2025-12-15T10:59:43","date_gmt":"2025-12-15T10:59:43","guid":{"rendered":"https:\/\/www.benchmarkemail.com\/es\/?page_id=48821"},"modified":"2026-01-30T10:09:23","modified_gmt":"2026-01-30T10:09:23","slug":"talk-to-sales","status":"publish","type":"page","link":"https:\/\/www.benchmarkemail.com\/es\/talk-to-sales\/","title":{"rendered":"Talk to sales"},"content":{"rendered":"\r\n<h1>Conecta con un experto en email marketing<\/h1>\r\n<p>Habla con nuestro equipo de ventas para solicitar una demo, pedir un presupuesto o adaptar un plan de email marketing a tus necesidades.<\/p>\r\n<p>Completa el formulario y nos pondremos en contacto contigo en breve.<\/p>\r\n<h3>Con la confianza de<\/h3>\r\n<p><img decoding=\"async\" title=\"logos.svg\" src=\"https:\/\/www.benchmarkemail.com\/images\/nxg\/talk-to-sales-us-ca\/logos.svg\" alt=\"logos.svg\" \/> <img decoding=\"async\" title=\"Daniela-Cano.webp\" src=\"https:\/\/www.benchmarkemail.com\/images\/nxg\/talk-to-sales-us-ca\/Daniela-Cano.webp\" alt=\"Daniela-Cano.webp\" \/> <style>\r\n\t.form-group {\r\n    position: relative;\r\n}\r\n.form-main{\r\n    margin: 20px;\r\n    position: relative;\r\n    background: #FFFFFF;\r\n    border: 1px solid #E6E6E8;\r\n    box-shadow: 0px 10px 15px rgba(0, 0, 0, 0.1);\r\n    border-radius: 0px 0px 3px 3px;\r\n}\r\n\r\n.hatchbuckForm .form-group{\r\n    margin: 12px 38px 42px 38px;\r\n}\r\n.half-half {\r\n  width: 50%;\r\n}\r\n.inline-feilds {\r\n  display: flex;\r\n  gap:20px;\r\n}\r\n.hatchbuckForm .progress-bar {\r\n  height: 10px;\r\n  box-shadow: 0px 1px 3px rgba(0, 0, 0, 0.1);\r\n  position: relative;\r\n}\r\n\r\nbody .hatchbuckForm label{\r\n    font-weight: 400;\r\n    font-size: 14px;\r\n    line-height: 29px;\r\n    color: #3C3549;\r\n    margin-top: 20px;\r\n\tfont-family: Poppins, sans-serif;\r\n}\r\n\r\n\r\nbody .hatchbuckForm input{\r\n    background: #FFFFFF;\r\n    border: 1px solid #E6E6E8;\r\n    border-radius: 3px;\r\n    height: 43px;\r\n    margin-top: -10px;\r\n}\r\nbody .hatchbuckForm  textarea{\r\n    background: #FFFFFF;\r\n    border: 1px solid #E6E6E8;\r\n    border-radius: 3px;\r\n    height: 43px;\r\n    margin-top: -10px;\r\n    resize: none;\r\n    \r\n}\r\nform #input_6_area {\r\n    position: relative;\r\n    background: url('\/wp-content\/uploads\/2023\/05\/us-flag.png') !important;\r\n    background-repeat: no-repeat !important;\r\n    background-size: 25px 15px !important;\r\n  background-position: 10px !important;\r\n  padding-left: 40px!important;\r\n}\r\n\r\n.phone-place ::placeholder{\r\n    font-weight: 400;\r\n    font-size: 16px;\r\n    line-height: 29px;\r\n    color: #666872!important;\r\n    position: relative;\r\n    text-align: center;\r\n\r\n}\r\n.num-place ::placeholder{\r\n    font-weight: 400;\r\n    font-size: 16px;\r\n    line-height: 29px;\r\n    color: #E6E6E8;\r\n    padding-left: 7px;\r\n}\r\n.second-step input{\r\n   padding: 5px!important;\r\n}\r\n\r\nbody .hatchbuckForm .btn-continue,\r\nbody .hatchbuckForm .btn-talk {\r\n    text-align: center;\r\n    text-transform: uppercase;\r\n    color: #FFFFFF;\r\n    width: 100%;\r\n    margin-top: 30px;\r\n    line-height:normal !important;\r\n    padding: 13.5px 24px;\r\n    background-color: #3C247F;\r\n    border-radius: 30px;\r\n    border: none;\r\n    color: white;\r\n    font-size: 15px;\r\n    font-family: \"Poppins\", sans-serif;\r\n    font-weight: 500;\r\n    font-style: normal;\r\n    cursor: pointer;\r\n}\r\n\r\nbody .hatchbuckForm .btn-continue:hover,\r\nbody .hatchbuckForm .btn-talk:hover {\r\n    background-color: #321F65;\r\n    box-shadow: 0px 4px 4px 0px rgba(50, 31, 101, 0.2);\r\n    -webkit-box-shadow: 0px 4px 4px 0px rgba(50, 31, 101, 0.2);\r\n    -moz-box-shadow: 0px 4px 4px 0px rgba(50, 31, 101, 0.2);\r\n    color: #fff !important;\r\n}\r\n<\/style>\r\n<form class=\"hatchbuckForm\" action=\"https:\/\/app.hatchbuck.com\/onlineForm\/submit.php\" method=\"post\" name=\"form_93633624141\" accept-charset=\"utf-8\" novalidate=\"true\">\r\n<input type=\"hidden\" name=\"formID\" value=\"93633624141\">\r\n<input type=\"hidden\" id=\"topRedirect\" name=\"topRedirect\" value=\"true\">\r\n<input type=\"hidden\" name=\"enableServerValidation\" value=\"1\"><input type=\"hidden\" name=\"enable303Redirect\" value=\"0\">\r\n\r\n\t<div class=\"onlineForm-step1\">\r\n\t\t<div class=\"form-group\">\t\t\r\n\t<label for=\"input_1\"> Nombre <\/label>\r\n\t<input type=\"text\" id=\"input_1\" name=\"q1_firstName1\" size=\"51\"> \r\n\t\r\n\t<label for=\"input_3\"> Apellido <\/label>\r\n\t<input type=\"text\" id=\"input_3\" name=\"q3_lastName3\" size=\"51\"> \r\n\t\r\n\t<label for=\"input_4\"> Direcci\u00f3n de correo<span>*<\/span> <\/label> \r\n\t<input type=\"email\" id=\"input_4\" name=\"q4_email\" size=\"51\">\r\n\t\r\n\t<label for=\"input_5\"> Empresa<span>*<\/span> <\/label> \r\n\t<input type=\"text\" id=\"input_5\" name=\"q5_company5\" size=\"51\">\r\n\t\t <button class=\"btn-continue\" type=\"button\">Continuar<\/button>\r\n\t\t\t<\/div>\r\n\t<\/div>\r\n\t<!-- step 2 -->\r\n\t<div class=\"onlineForm-step2\" style=\"display:none\">\r\n\t\t\r\n\t\t<div class=\"form-group\">\r\n\t\t\t<div class=\"inline-feilds\">\r\n\t\t\t\t\t<div class=\"half-half\">\r\n\t\t\t\t\t<label for=\"input_6\"> N\u00famero de tel\u00e9fono <\/label>\r\n\t\t\t\t\t<span><input type=\"tel\" name=\"q6_phoneNumber[area]\" id=\"input_6_area\" size=\"4\" placeholder=\"+1 8032668521\"><\/span>\r\n\t\t\t\t\t<\/div>\r\n\t\t\t\t\t<div class=\"half-half\">\r\n\t\t\t\t\t  <label for=\"name\">\u00bfCu\u00e1ntos contactos tienes?<\/label>\r\n\t\t\t\t\t\t  <input id=\"input_9\" name=\"q9_estimatedNumber\" size=\"51\" type=\"text\" placeholder=\"0\">\r\n\t\t\t\t\t<\/div>\r\n\t\t\t<\/div>\r\n\t\t\t<label for=\"input_9\">\u00bfQuieres comentarnos algo m\u00e1s? <\/label> <textarea style=\"font-family: inherit; font-size: inherit;\" name=\"q9_customTextarea9\" cols=\"41\" rows=\"6\"><\/textarea> \r\n\t\r\n\t<label for=\"input_10\"  style=\"display:none\"> Country from Web IP <\/label> <input type=\"hidden\" value=\"Region\" id=\"input_10\" name=\"q10_customTextbox10\" size=\"51\"> \r\n\t\r\n\t<div><button class=\"btn-talk\" type=\"submit\" >HABLAR con un experto<\/button><\/div> \r\n\t<li style=\"display:none\">Should be Empty: <input type=\"hidden\" name=\"website\" value=\"\"><\/li>\r\n\t<input type=\"hidden\" id=\"simple_spc\" name=\"simple_spc\" value=\"93633624141-93633624141\">\r\n\t\t<\/div>\r\n\t\t<\/div>\r\n\t\t<\/form>\r\n<script>\r\ndocument.addEventListener('DOMContentLoaded', function () {\r\n    fetch('\/wp-content\/get-country.php')\r\n        .then(response => {\r\n            if (!response.ok) {\r\n                throw new Error('Network response was not ok');\r\n            }\r\n            return response.json();\r\n        })\r\n        .then(data => {\r\n            console.log('Country data:', data); \/\/ Debugging log\r\n            const userCountry = data.country_name;\r\n            const regionField = document.getElementById('input_10');\r\n            \r\n            if (userCountry && regionField) {\r\n                regionField.value = userCountry;\r\n            }\r\n        })\r\n        .catch(error => console.error('Error fetching country:', error));\r\n});\r\ndocument.querySelector(\".btn-continue\").addEventListener(\"click\", function() {\r\n    let emailInput = document.querySelector(\"#input_4\");\r\n    let textInput = document.querySelector(\"#input_5\");\r\n    \r\n    let email = emailInput.value.trim();\r\n    let text = textInput.value.trim();\r\n\r\n    \/\/ Reset previous border styles\r\n    emailInput.style.border = \"\";\r\n    textInput.style.border = \"\";\r\n\r\n    if (email !== \"\" && text !== \"\") {\r\n        document.querySelector(\".onlineForm-step1\").style.display = \"none\";\r\n        document.querySelector(\".onlineForm-step2\").style.display = \"block\";\r\n    } else {\r\n        if (email === \"\") emailInput.style.border = \"2px solid red\";\r\n        if (text === \"\") textInput.style.border = \"2px solid red\";\r\n    }\r\n});\r\n\r\n\r\n<\/script><\/p>\r\n","protected":false},"excerpt":{"rendered":"<p>Conecta con un experto en email marketing Habla con nuestro equipo de ventas para solicitar una demo, pedir un presupuesto o adaptar un plan de email marketing a tus necesidades. Completa el formulario y nos pondremos en contacto contigo en breve. Con la confianza de<\/p>\n","protected":false},"author":7,"featured_media":49028,"parent":0,"menu_order":0,"comment_status":"closed","ping_status":"closed","template":"page-nxg.php","meta":{"inline_featured_image":false,"footnotes":""},"class_list":["post-48821","page","type-page","status-publish","has-post-thumbnail","hentry"],"yoast_head":"<!-- This site is optimized with the Yoast SEO plugin v27.4 - https:\/\/yoast.com\/product\/yoast-seo-wordpress\/ -->\n<title>Habla con el equipo de ventas de Benchmark Email<\/title>\n<meta name=\"description\" content=\"\u00bfQuieres m\u00e1s informaci\u00f3n sobre nuestra herramienta de email marketing? Contacta con nuestro equipo de ventas.\" \/>\n<meta name=\"robots\" content=\"index, follow, max-snippet:-1, max-image-preview:large, max-video-preview:-1\" \/>\n<link rel=\"canonical\" href=\"https:\/\/www.benchmarkemail.com\/es\/talk-to-sales\/\" \/>\n<meta property=\"og:locale\" content=\"en_US\" \/>\n<meta property=\"og:type\" content=\"article\" \/>\n<meta property=\"og:title\" content=\"Habla con el equipo de ventas de Benchmark Email\" \/>\n<meta property=\"og:description\" content=\"\u00bfQuieres m\u00e1s informaci\u00f3n sobre nuestra herramienta de email marketing? Contacta con nuestro equipo de ventas.\" \/>\n<meta property=\"og:url\" content=\"https:\/\/www.benchmarkemail.com\/es\/talk-to-sales\/\" \/>\n<meta property=\"og:site_name\" content=\"Benchmark Email - Herramienta de Email Marketing\" \/>\n<meta property=\"article:publisher\" content=\"https:\/\/www.facebook.com\/benchmarkemailes\" \/>\n<meta property=\"article:modified_time\" content=\"2026-01-30T10:09:23+00:00\" \/>\n<meta property=\"og:image\" content=\"https:\/\/www.benchmarkemail.com\/es\/wp-content\/uploads\/sites\/4\/2026\/01\/real-support.webp\" \/>\n\t<meta property=\"og:image:width\" content=\"770\" \/>\n\t<meta property=\"og:image:height\" content=\"891\" \/>\n\t<meta property=\"og:image:type\" content=\"image\/webp\" \/>\n<meta name=\"twitter:card\" content=\"summary_large_image\" \/>\n<meta name=\"twitter:site\" content=\"@benchmarkesp\" \/>\n<meta name=\"twitter:label1\" content=\"Est. reading time\" \/>\n\t<meta name=\"twitter:data1\" content=\"1 minute\" \/>\n<script type=\"application\/ld+json\" class=\"yoast-schema-graph\">{\"@context\":\"https:\\\/\\\/schema.org\",\"@graph\":[{\"@type\":\"WebPage\",\"@id\":\"https:\\\/\\\/www.benchmarkemail.com\\\/es\\\/talk-to-sales\\\/\",\"url\":\"https:\\\/\\\/www.benchmarkemail.com\\\/es\\\/talk-to-sales\\\/\",\"name\":\"Habla con el equipo de ventas de Benchmark Email\",\"isPartOf\":{\"@id\":\"https:\\\/\\\/www.benchmarkemail.com\\\/es\\\/#website\"},\"primaryImageOfPage\":{\"@id\":\"https:\\\/\\\/www.benchmarkemail.com\\\/es\\\/talk-to-sales\\\/#primaryimage\"},\"image\":{\"@id\":\"https:\\\/\\\/www.benchmarkemail.com\\\/es\\\/talk-to-sales\\\/#primaryimage\"},\"thumbnailUrl\":\"https:\\\/\\\/www.benchmarkemail.com\\\/es\\\/wp-content\\\/uploads\\\/sites\\\/4\\\/2026\\\/01\\\/real-support.webp\",\"datePublished\":\"2025-12-15T10:59:43+00:00\",\"dateModified\":\"2026-01-30T10:09:23+00:00\",\"description\":\"\u00bfQuieres m\u00e1s informaci\u00f3n sobre nuestra herramienta de email marketing? Contacta con nuestro equipo de ventas.\",\"breadcrumb\":{\"@id\":\"https:\\\/\\\/www.benchmarkemail.com\\\/es\\\/talk-to-sales\\\/#breadcrumb\"},\"inLanguage\":\"en-US\",\"potentialAction\":[{\"@type\":\"ReadAction\",\"target\":[\"https:\\\/\\\/www.benchmarkemail.com\\\/es\\\/talk-to-sales\\\/\"]}]},{\"@type\":\"ImageObject\",\"inLanguage\":\"en-US\",\"@id\":\"https:\\\/\\\/www.benchmarkemail.com\\\/es\\\/talk-to-sales\\\/#primaryimage\",\"url\":\"https:\\\/\\\/www.benchmarkemail.com\\\/es\\\/wp-content\\\/uploads\\\/sites\\\/4\\\/2026\\\/01\\\/real-support.webp\",\"contentUrl\":\"https:\\\/\\\/www.benchmarkemail.com\\\/es\\\/wp-content\\\/uploads\\\/sites\\\/4\\\/2026\\\/01\\\/real-support.webp\",\"width\":770,\"height\":891},{\"@type\":\"BreadcrumbList\",\"@id\":\"https:\\\/\\\/www.benchmarkemail.com\\\/es\\\/talk-to-sales\\\/#breadcrumb\",\"itemListElement\":[{\"@type\":\"ListItem\",\"position\":1,\"name\":\"Home\",\"item\":\"https:\\\/\\\/www.benchmarkemail.com\\\/es\\\/\"},{\"@type\":\"ListItem\",\"position\":2,\"name\":\"Talk to sales\"}]},{\"@type\":\"WebSite\",\"@id\":\"https:\\\/\\\/www.benchmarkemail.com\\\/es\\\/#website\",\"url\":\"https:\\\/\\\/www.benchmarkemail.com\\\/es\\\/\",\"name\":\"Benchmark Email - Herramienta de Email Marketing\",\"description\":\"Dise\u00f1a, env\u00eda, mide y optimiza tus campa\u00f1as de email y comun\u00edcate con tus clientes a trav\u00e9s del correo electr\u00f3nico.\",\"publisher\":{\"@id\":\"https:\\\/\\\/www.benchmarkemail.com\\\/es\\\/#organization\"},\"potentialAction\":[{\"@type\":\"SearchAction\",\"target\":{\"@type\":\"EntryPoint\",\"urlTemplate\":\"https:\\\/\\\/www.benchmarkemail.com\\\/es\\\/?s={search_term_string}\"},\"query-input\":{\"@type\":\"PropertyValueSpecification\",\"valueRequired\":true,\"valueName\":\"search_term_string\"}}],\"inLanguage\":\"en-US\"},{\"@type\":\"Organization\",\"@id\":\"https:\\\/\\\/www.benchmarkemail.com\\\/es\\\/#organization\",\"name\":\"Benchmark Email\",\"url\":\"https:\\\/\\\/www.benchmarkemail.com\\\/es\\\/\",\"logo\":{\"@type\":\"ImageObject\",\"inLanguage\":\"en-US\",\"@id\":\"https:\\\/\\\/www.benchmarkemail.com\\\/es\\\/#\\\/schema\\\/logo\\\/image\\\/\",\"url\":\"https:\\\/\\\/www.benchmarkemail.com\\\/es\\\/wp-content\\\/uploads\\\/sites\\\/4\\\/2019\\\/09\\\/benchmark-logo.svg\",\"contentUrl\":\"https:\\\/\\\/www.benchmarkemail.com\\\/es\\\/wp-content\\\/uploads\\\/sites\\\/4\\\/2019\\\/09\\\/benchmark-logo.svg\",\"width\":1,\"height\":1,\"caption\":\"Benchmark Email\"},\"image\":{\"@id\":\"https:\\\/\\\/www.benchmarkemail.com\\\/es\\\/#\\\/schema\\\/logo\\\/image\\\/\"},\"sameAs\":[\"https:\\\/\\\/www.facebook.com\\\/benchmarkemailes\",\"https:\\\/\\\/x.com\\\/benchmarkesp\",\"https:\\\/\\\/twitter.com\\\/benchmarkesp\",\"https:\\\/\\\/www.youtube.com\\\/user\\\/BenchmarkEmailESP\",\"https:\\\/\\\/www.tiktok.com\\\/@benchmarkespanol\"]}]}<\/script>\n<!-- \/ Yoast SEO plugin. -->","yoast_head_json":{"title":"Habla con el equipo de ventas de Benchmark Email","description":"\u00bfQuieres m\u00e1s informaci\u00f3n sobre nuestra herramienta de email marketing? Contacta con nuestro equipo de ventas.","robots":{"index":"index","follow":"follow","max-snippet":"max-snippet:-1","max-image-preview":"max-image-preview:large","max-video-preview":"max-video-preview:-1"},"canonical":"https:\/\/www.benchmarkemail.com\/es\/talk-to-sales\/","og_locale":"en_US","og_type":"article","og_title":"Habla con el equipo de ventas de Benchmark Email","og_description":"\u00bfQuieres m\u00e1s informaci\u00f3n sobre nuestra herramienta de email marketing? Contacta con nuestro equipo de ventas.","og_url":"https:\/\/www.benchmarkemail.com\/es\/talk-to-sales\/","og_site_name":"Benchmark Email - Herramienta de Email Marketing","article_publisher":"https:\/\/www.facebook.com\/benchmarkemailes","article_modified_time":"2026-01-30T10:09:23+00:00","og_image":[{"width":770,"height":891,"url":"https:\/\/www.benchmarkemail.com\/es\/wp-content\/uploads\/sites\/4\/2026\/01\/real-support.webp","type":"image\/webp"}],"twitter_card":"summary_large_image","twitter_site":"@benchmarkesp","twitter_misc":{"Est. reading time":"1 minute"},"schema":{"@context":"https:\/\/schema.org","@graph":[{"@type":"WebPage","@id":"https:\/\/www.benchmarkemail.com\/es\/talk-to-sales\/","url":"https:\/\/www.benchmarkemail.com\/es\/talk-to-sales\/","name":"Habla con el equipo de ventas de Benchmark Email","isPartOf":{"@id":"https:\/\/www.benchmarkemail.com\/es\/#website"},"primaryImageOfPage":{"@id":"https:\/\/www.benchmarkemail.com\/es\/talk-to-sales\/#primaryimage"},"image":{"@id":"https:\/\/www.benchmarkemail.com\/es\/talk-to-sales\/#primaryimage"},"thumbnailUrl":"https:\/\/www.benchmarkemail.com\/es\/wp-content\/uploads\/sites\/4\/2026\/01\/real-support.webp","datePublished":"2025-12-15T10:59:43+00:00","dateModified":"2026-01-30T10:09:23+00:00","description":"\u00bfQuieres m\u00e1s informaci\u00f3n sobre nuestra herramienta de email marketing? Contacta con nuestro equipo de ventas.","breadcrumb":{"@id":"https:\/\/www.benchmarkemail.com\/es\/talk-to-sales\/#breadcrumb"},"inLanguage":"en-US","potentialAction":[{"@type":"ReadAction","target":["https:\/\/www.benchmarkemail.com\/es\/talk-to-sales\/"]}]},{"@type":"ImageObject","inLanguage":"en-US","@id":"https:\/\/www.benchmarkemail.com\/es\/talk-to-sales\/#primaryimage","url":"https:\/\/www.benchmarkemail.com\/es\/wp-content\/uploads\/sites\/4\/2026\/01\/real-support.webp","contentUrl":"https:\/\/www.benchmarkemail.com\/es\/wp-content\/uploads\/sites\/4\/2026\/01\/real-support.webp","width":770,"height":891},{"@type":"BreadcrumbList","@id":"https:\/\/www.benchmarkemail.com\/es\/talk-to-sales\/#breadcrumb","itemListElement":[{"@type":"ListItem","position":1,"name":"Home","item":"https:\/\/www.benchmarkemail.com\/es\/"},{"@type":"ListItem","position":2,"name":"Talk to sales"}]},{"@type":"WebSite","@id":"https:\/\/www.benchmarkemail.com\/es\/#website","url":"https:\/\/www.benchmarkemail.com\/es\/","name":"Benchmark Email - Herramienta de Email Marketing","description":"Dise\u00f1a, env\u00eda, mide y optimiza tus campa\u00f1as de email y comun\u00edcate con tus clientes a trav\u00e9s del correo electr\u00f3nico.","publisher":{"@id":"https:\/\/www.benchmarkemail.com\/es\/#organization"},"potentialAction":[{"@type":"SearchAction","target":{"@type":"EntryPoint","urlTemplate":"https:\/\/www.benchmarkemail.com\/es\/?s={search_term_string}"},"query-input":{"@type":"PropertyValueSpecification","valueRequired":true,"valueName":"search_term_string"}}],"inLanguage":"en-US"},{"@type":"Organization","@id":"https:\/\/www.benchmarkemail.com\/es\/#organization","name":"Benchmark Email","url":"https:\/\/www.benchmarkemail.com\/es\/","logo":{"@type":"ImageObject","inLanguage":"en-US","@id":"https:\/\/www.benchmarkemail.com\/es\/#\/schema\/logo\/image\/","url":"https:\/\/www.benchmarkemail.com\/es\/wp-content\/uploads\/sites\/4\/2019\/09\/benchmark-logo.svg","contentUrl":"https:\/\/www.benchmarkemail.com\/es\/wp-content\/uploads\/sites\/4\/2019\/09\/benchmark-logo.svg","width":1,"height":1,"caption":"Benchmark Email"},"image":{"@id":"https:\/\/www.benchmarkemail.com\/es\/#\/schema\/logo\/image\/"},"sameAs":["https:\/\/www.facebook.com\/benchmarkemailes","https:\/\/x.com\/benchmarkesp","https:\/\/twitter.com\/benchmarkesp","https:\/\/www.youtube.com\/user\/BenchmarkEmailESP","https:\/\/www.tiktok.com\/@benchmarkespanol"]}]}},"_links":{"self":[{"href":"https:\/\/www.benchmarkemail.com\/es\/wp-json\/wp\/v2\/pages\/48821","targetHints":{"allow":["GET"]}}],"collection":[{"href":"https:\/\/www.benchmarkemail.com\/es\/wp-json\/wp\/v2\/pages"}],"about":[{"href":"https:\/\/www.benchmarkemail.com\/es\/wp-json\/wp\/v2\/types\/page"}],"author":[{"embeddable":true,"href":"https:\/\/www.benchmarkemail.com\/es\/wp-json\/wp\/v2\/users\/7"}],"replies":[{"embeddable":true,"href":"https:\/\/www.benchmarkemail.com\/es\/wp-json\/wp\/v2\/comments?post=48821"}],"version-history":[{"count":0,"href":"https:\/\/www.benchmarkemail.com\/es\/wp-json\/wp\/v2\/pages\/48821\/revisions"}],"wp:featuredmedia":[{"embeddable":true,"href":"https:\/\/www.benchmarkemail.com\/es\/wp-json\/wp\/v2\/media\/49028"}],"wp:attachment":[{"href":"https:\/\/www.benchmarkemail.com\/es\/wp-json\/wp\/v2\/media?parent=48821"}],"curies":[{"name":"wp","href":"https:\/\/api.w.org\/{rel}","templated":true}]}}