{"id":49546,"date":"2026-02-03T10:09:33","date_gmt":"2026-02-03T10:09:33","guid":{"rendered":"https:\/\/www.benchmarkemail.com\/es\/?page_id=49546"},"modified":"2026-02-16T16:50:10","modified_gmt":"2026-02-16T16:50:10","slug":"nonprofits","status":"publish","type":"page","link":"https:\/\/www.benchmarkemail.com\/es\/nonprofits\/","title":{"rendered":"Benchmark Email for Nonprofits &#8211; Benchmark Email"},"content":{"rendered":"\n<h1>\n\t\t\tEnv\u00eda emails. Genera impacto. Repite.\t<\/h1>\n\t<p>Las organizaciones sin fines de lucro conf\u00edan en la plataforma de email marketing f\u00e1cil de usar de Benchmark para crear comunidad en torno a su causa.<\/p>\n\t\t\t<a href=\"https:\/\/app.benchmarkemail.io\/register?language=es\"  target=\"_self\">\n\t\t\t\t\t\t\tEmpieza gratis\n\t\t\t\t\t<\/a>\n<figure itemscope itemtype=\"https:\/\/schema.org\/ImageObject\">\n\t\t\t\t<img decoding=\"async\" src=\"https:\/\/www.benchmarkemail.com\/wp-content\/uploads\/2025\/10\/benchmark-non-profit-hero.png\" alt=\"benchmark-non-profit-hero\" height=\"600\" width=\"600\" title=\"benchmark-non-profit-hero\" onerror=\"this.style.display='none'\" loading=\"lazy\" \/>\n\t<\/figure>\n<figure itemscope itemtype=\"https:\/\/schema.org\/ImageObject\">\n\t\t\t\t<img decoding=\"async\" src=\"https:\/\/www.benchmarkemail.com\/wp-content\/uploads\/2024\/08\/EmailDeliverability_BestMeetsRequirements_Small-Business_MeetsRequirements.webp\" alt=\"EmailDeliverability_BestMeetsRequirements_Small-Business_MeetsRequirements\" height=\"1000\" width=\"770\" title=\"EmailDeliverability_BestMeetsRequirements_Small-Business_MeetsRequirements\" onerror=\"this.style.display='none'\" loading=\"lazy\" \/>\n\t<\/figure>\n<figure itemscope itemtype=\"https:\/\/schema.org\/ImageObject\">\n\t\t\t\t<img decoding=\"async\" src=\"https:\/\/www.benchmarkemail.com\/wp-content\/uploads\/2024\/08\/EmailDeliverability_Leader_Small-Business_Leader.webp\" alt=\"EmailDeliverability_Leader_Small-Business_Leader\" height=\"1000\" width=\"770\" title=\"EmailDeliverability_Leader_Small-Business_Leader\" onerror=\"this.style.display='none'\" loading=\"lazy\" \/>\n\t<\/figure>\n<figure itemscope itemtype=\"https:\/\/schema.org\/ImageObject\">\n\t\t\t\t<img decoding=\"async\" src=\"https:\/\/www.benchmarkemail.com\/wp-content\/uploads\/2024\/08\/EmailMarketing_Leader_Leader.webp\" alt=\"EmailMarketing_Leader_Leader\" height=\"1000\" width=\"770\" title=\"EmailMarketing_Leader_Leader\" onerror=\"this.style.display='none'\" loading=\"lazy\" \/>\n\t<\/figure>\n<figure itemscope itemtype=\"https:\/\/schema.org\/ImageObject\">\n\t\t\t\t<img decoding=\"async\" src=\"https:\/\/www.benchmarkemail.com\/wp-content\/uploads\/2024\/08\/EmailDeliverability_HighPerformer_Americas_HighPerformer.webp\" alt=\"EmailDeliverability_HighPerformer_Americas_HighPerformer\" height=\"1000\" width=\"895\" title=\"EmailDeliverability_HighPerformer_Americas_HighPerformer\" onerror=\"this.style.display='none'\" loading=\"lazy\" \/>\n\t<\/figure>\n<h2>\n\t\t\tCrea emails m\u00e1s r\u00e1pido\t<\/h2>\n\t<p>Cuando apoyas una causa, no tienes tiempo que perder con herramientas complicadas. Crea emails m\u00e1s r\u00e1pido con el editor intuitivo y sin c\u00f3digo de Benchmark.<\/p>\n\t\t\t<a href=\"https:\/\/app.benchmarkemail.io\/register?language=es\"  target=\"_self\">\n\t\t\t\t\t\t\tPru\u00e9balo gratis\n\t\t\t\t\t<\/a>\n<figure itemscope itemtype=\"https:\/\/schema.org\/ImageObject\">\n\t\t\t\t<img decoding=\"async\" src=\"https:\/\/www.benchmarkemail.com\/es\/wp-content\/uploads\/sites\/4\/2026\/02\/smart_content.png\" alt=\"smart_content\" height=\"1246\" width=\"1572\" title=\"smart_content\" onerror=\"this.style.display='none'\" loading=\"lazy\" \/>\n\t<\/figure>\n<figure itemscope itemtype=\"https:\/\/schema.org\/ImageObject\">\n\t\t\t\t<img decoding=\"async\" src=\"https:\/\/www.benchmarkemail.com\/es\/wp-content\/uploads\/sites\/4\/2026\/02\/activity_contact.png\" alt=\"activity_contact\" height=\"1246\" width=\"1572\" title=\"activity_contact\" onerror=\"this.style.display='none'\" loading=\"lazy\" \/>\n\t<\/figure>\n<h2>\n\t\t\tMide el pulso de tus campa\u00f1as\t<\/h2>\n\t<p>Observa la interacci\u00f3n en cuanto haces clic en &#8220;Enviar&#8221;. La actividad reciente de Benchmark te muestra el estado y el ritmo de tu campa\u00f1a en tiempo real.<\/p>\n\t\t\t<a href=\"https:\/\/app.benchmarkemail.io\/register?language=es\"  target=\"_self\">\n\t\t\t\t\t\t\tEmpieza gratis\n\t\t\t\t\t<\/a>\n<h2>\n\t\t\tClientes satisfechos usan Benchmark para impulsar su causa\t<\/h2>\n\t\t<ul>\n\t\t\t\t<li>\n\t\t\t\t<h2>&#8220;\u00a1Fant\u00e1stico software!&#8221;<\/h2><p><img loading=\"lazy\" decoding=\"async\" title=\"Asset 6\" src=\"https:\/\/www.benchmarkemail.com\/wp-content\/uploads\/2022\/03\/Asset-6.png\" alt=\"Asset 6\" width=\"201\" height=\"35\" \/><\/p>\n<p>Con Benchmark puedo comunicarme con todos mis clientes, informarles sobre nuevas ofertas y promocionar mi organizaci\u00f3n de forma efectiva. Adem\u00e1s, Benchmark nos ofrece estad\u00edsticas muy valiosas sobre el rendimiento de nuestros emails.<\/p>\n<p>El software es muy ordenado y f\u00e1cil de usar. Puedo gestionar mis newsletters sin problemas y comunicar todo desde un solo lugar.<\/p>\n<p><strong>Laura D.<\/strong><\/p>\n<p>Propietaria \u00b7 Sector educaci\u00f3n<\/p>\n<p><a href=\"https:\/\/www.capterra.com\/vp\/reviews\/47748494\">Ver rese\u00f1a completa<\/a><\/p>\n\t\t<\/li>\n\t\t\t<li>\n\t\t\t\t<h2>&#8220;Fant\u00e1sticoo&#8221;<\/h2><p><img loading=\"lazy\" decoding=\"async\" title=\"Asset 6\" src=\"https:\/\/www.benchmarkemail.com\/wp-content\/uploads\/2022\/03\/Asset-6.png\" alt=\"Asset 6\" width=\"201\" height=\"35\" \/><\/p>\n<p>Es muy f\u00e1cil navegar por todo el proceso, desde el registro hasta el env\u00edo del email final.<\/p>\n<p><strong>Micheal J.<\/strong><\/p>\n<p>Organizaci\u00f3n pol\u00edtica<\/p>\n<p><a href=\"https:\/\/www.capterra.com\/vp\/reviews\/70804711\/\">Ver rese\u00f1a completa<\/a><\/p>\n\t\t<\/li>\n\t\t\t<li>\n\t\t\t\t<h2>&#8220;Nuevo usuario satisfecho&#8221;<\/h2><p><img loading=\"lazy\" decoding=\"async\" title=\"Asset 6\" src=\"https:\/\/www.benchmarkemail.com\/wp-content\/uploads\/2022\/03\/Asset-6.png\" alt=\"Asset 6\" width=\"201\" height=\"35\" \/><\/p>\n<p>Me permite duplicar mis emails para reutilizar el dise\u00f1o y el formato en env\u00edos diarios.<\/p>\n<p><strong>Cynthia P.<\/strong><\/p>\n<p>Editora \u00b7 Instituciones religiosas<\/p>\n<p><a href=\"https:\/\/www.capterra.com\/vp\/reviews\/69314135\">Ver rese\u00f1a completa<\/a><\/p>\n\t\t<\/li>\n\t\t\t<li>\n\t\t\t\t<h2>&#8220;Crear campa\u00f1as es f\u00e1cil y r\u00e1pido&#8221;<\/h2><p><img loading=\"lazy\" decoding=\"async\" title=\"Asset 6\" src=\"https:\/\/www.benchmarkemail.com\/wp-content\/uploads\/2022\/03\/Asset-6.png\" alt=\"Asset 6\" width=\"201\" height=\"35\" \/><\/p>\n<p>Muy intuitivo, incluso para usuarios con poca experiencia en email marketing. Pude crear y editar una campa\u00f1a atractiva pocas horas despu\u00e9s de contratar el plan.<\/p>\n<p>La transferencia de la lista de suscriptores fue muy sencilla y las pruebas con mi equipo tambi\u00e9n. Me encantan los informes y las m\u00e9tricas, que son f\u00e1ciles de entender.<\/p>\n<p>Adem\u00e1s, recib\u00ed una llamada de mi gestor de cuenta el primer d\u00eda, lo que marc\u00f3 la diferencia en la configuraci\u00f3n inicial. Tarifas razonables y un gran descuento para organizaciones sin fines de lucro.<\/p>\n<p><strong>Vincent L.<\/strong><\/p>\n<p>Director de Comunicaci\u00f3n \u00b7 Sector sin fines de lucro<\/p>\n<p><a href=\"https:\/\/www.capterra.com\/vp\/reviews\/39985962\">Ver rese\u00f1a completa<\/a><\/p>\n\t\t<\/li>\n\t\t<\/ul>\n<h2>\n\t\t\tConecta de forma m\u00e1s personal\t<\/h2>\n\t<p>Las etiquetas y la segmentaci\u00f3n ayudan a las organizaciones sin fines de lucro a mantener comunicaciones relevantes. Convierte m\u00e1s suscriptores en donantes, voluntarios y aliados comprometidos con mensajes adaptados a cada audiencia.<\/p>\n\t\t\t<a href=\"https:\/\/app.benchmarkemail.io\/register?language=es\"  target=\"_self\">\n\t\t\t\t\t\t\tReg\u00edstrate gratis\n\t\t\t\t\t<\/a>\n<figure itemscope itemtype=\"https:\/\/schema.org\/ImageObject\">\n\t\t\t\t<img decoding=\"async\" src=\"https:\/\/www.benchmarkemail.com\/es\/wp-content\/uploads\/sites\/4\/2026\/02\/Tags.png\" alt=\"Tags\" height=\"1246\" width=\"1572\" title=\"Tags\" onerror=\"this.style.display='none'\" loading=\"lazy\" \/>\n\t<\/figure>\n<h3>\n\t\t\tMenos suposiciones\t<\/h3>\n\t<p>Mant\u00e9n el control de tu email marketing.<\/p>\n\t<p>Con informes claros que muestran el rendimiento completo, cualquiera puede entender qu\u00e9 est\u00e1 funcionando de un vistazo.<\/p>\n\t\t\t<a href=\"https:\/\/app.benchmarkemail.io\/register?language=es\"  target=\"_self\">\n\t\t\t\t\t\t\tDesc\u00fabrelo por ti mismo\n\t\t\t\t\t<\/a>\n<figure itemscope itemtype=\"https:\/\/schema.org\/ImageObject\">\n\t\t\t\t<img decoding=\"async\" src=\"https:\/\/www.benchmarkemail.com\/es\/wp-content\/uploads\/sites\/4\/2026\/02\/Reports.png\" alt=\"Reports\" height=\"1388\" width=\"2488\" title=\"Reports\" onerror=\"this.style.display='none'\" loading=\"lazy\" \/>\n\t<\/figure>\n\t  <a onmouseover=\"this.style.textDecoration='underline';\" onmouseout=\"this.style.textDecoration='none';\" href=\"https:\/\/app.benchmarkemail.io\/register?language=es\"> Descubrelo por ti mismo <\/a>   \n<h3>\n\t\t\tM\u00e1s organizaciones sin fines de lucro conf\u00edan en Benchmark Email en G2 \ud83e\udef6\t<\/h3>\n\t\t\t<a href=\"https:\/\/app.benchmarkemail.io\/register?language=es\"  target=\"_self\">\n\t\t\t\t\t\t\tEmpieza gratis\n\t\t\t\t\t<\/a>\n<figure itemscope itemtype=\"https:\/\/schema.org\/ImageObject\">\n\t\t\t\t<a href=\"https:\/\/www.benchmarkemail.com\/es\/blog\/herramientas-crecimiento-ong\"  target=\"_self\" itemprop=\"url\">\n\t\t\t\t<img decoding=\"async\" src=\"https:\/\/www.benchmarkemail.com\/es\/wp-content\/uploads\/sites\/4\/2026\/02\/ong-herramientas.png\" alt=\"ong-herramientas.png\" title=\"ong-herramientas.png\" onerror=\"this.style.display='none'\" loading=\"lazy\" \/>\n\t\t\t\t<\/a>\n\t<\/figure>\n<h3>\n\t\t\tImpulsando a las organizaciones sin fines de lucro: 24 herramientas para su crecimiento\t<\/h3>\n\t<p>En el entorno actual, din\u00e1mico y altamente competitivo, las organizaciones sin fines de lucro se enfrentan a retos \u00fanicos.<\/p>\n\t\t\t<a href=\"https:\/\/www.benchmarkemail.com\/es\/blog\/herramientas-crecimiento-ong\"  target=\"_self\">\n\t\t\t\t\t\t\tIr\n\t\t\t\t\t<\/a>\n<figure itemscope itemtype=\"https:\/\/schema.org\/ImageObject\">\n\t\t\t\t<a href=\"https:\/\/www.benchmarkemail.com\/es\/blog\/futuro-recaudacion-fondos-ong\"  target=\"_self\" itemprop=\"url\">\n\t\t\t\t<img decoding=\"async\" src=\"https:\/\/www.benchmarkemail.com\/es\/wp-content\/uploads\/sites\/4\/2026\/02\/ong-herramientas.png\" alt=\"ong-herramientas.png\" title=\"ong-herramientas.png\" onerror=\"this.style.display='none'\" loading=\"lazy\" \/>\n\t\t\t\t<\/a>\n\t<\/figure>\n<h3>\n\t\t\tEl futuro de la recaudaci\u00f3n de fondos para las organizaciones sin fines de lucro\t<\/h3>\n\t<p>Puede que no pienses inmediatamente en la tecnolog\u00eda cuando hablas del sector de las organizaciones sin fines de lucro.<\/p>\n\t\t\t<a href=\"https:\/\/www.benchmarkemail.com\/es\/blog\/futuro-recaudacion-fondos-ong\"  target=\"_self\">\n\t\t\t\t\t\t\tIr\n\t\t\t\t\t<\/a>\n<figure itemscope itemtype=\"https:\/\/schema.org\/ImageObject\">\n\t\t\t\t<a href=\"https:\/\/www.benchmarkemail.https:\/\/www.benchmarkemail.com\/es\/blog\/papel-tecnologia-trabajo-ong\/\"  target=\"_self\" itemprop=\"url\">\n\t\t\t\t<img decoding=\"async\" src=\"https:\/\/www.benchmarkemail.com\/es\/wp-content\/uploads\/sites\/4\/2026\/02\/ong-herramientas.png\" alt=\"ong-herramientas.png\" title=\"ong-herramientas.png\" onerror=\"this.style.display='none'\" loading=\"lazy\" \/>\n\t\t\t\t<\/a>\n\t<\/figure>\n<h3>\n\t\t\tEl papel de la tecnolog\u00eda en el trabajo de las organizaciones sin fines de lucro\t<\/h3>\n\t<p>Puede que no pienses inmediatamente en la tecnolog\u00eda al hablar del sector sin fines de lucro, pero su papel es clave en el futuro de estas organizaciones.<\/p>\n\t\t\t<a href=\"https:\/\/www.benchmarkemail.com\/es\/blog\/papel-tecnologia-trabajo-ong\/\"  target=\"_self\">\n\t\t\t\t\t\t\tIr\n\t\t\t\t\t<\/a>\n\n","protected":false},"excerpt":{"rendered":"<p>Env\u00eda emails. Genera impacto. Repite. Las organizaciones sin fines de lucro conf\u00edan en la plataforma de email marketing f\u00e1cil de usar de Benchmark para crear comunidad en torno a su causa. Empieza gratis Crea emails m\u00e1s r\u00e1pido Cuando apoyas una causa, no tienes tiempo que perder con herramientas complicadas. Crea emails m\u00e1s r\u00e1pido con el&hellip;<\/p>\n","protected":false},"author":7,"featured_media":0,"parent":0,"menu_order":0,"comment_status":"closed","ping_status":"closed","template":"","meta":{"inline_featured_image":false,"footnotes":""},"class_list":["post-49546","page","type-page","status-publish","hentry"],"yoast_head":"<!-- This site is optimized with the Yoast SEO plugin v27.5 - https:\/\/yoast.com\/product\/yoast-seo-wordpress\/ -->\n<title>Benchmark Email for Nonprofits - Benchmark Email - Benchmark Email<\/title>\n<meta name=\"robots\" content=\"index, follow, max-snippet:-1, max-image-preview:large, max-video-preview:-1\" \/>\n<link rel=\"canonical\" href=\"https:\/\/www.benchmarkemail.com\/es\/nonprofits\/\" \/>\n<meta property=\"og:locale\" content=\"en_US\" \/>\n<meta property=\"og:type\" content=\"article\" \/>\n<meta property=\"og:title\" content=\"Benchmark Email for Nonprofits - Benchmark Email - Benchmark Email\" \/>\n<meta property=\"og:description\" content=\"Env\u00eda emails. Genera impacto. Repite. Las organizaciones sin fines de lucro conf\u00edan en la plataforma de email marketing f\u00e1cil de usar de Benchmark para crear comunidad en torno a su causa. Empieza gratis Crea emails m\u00e1s r\u00e1pido Cuando apoyas una causa, no tienes tiempo que perder con herramientas complicadas. Crea emails m\u00e1s r\u00e1pido con el&hellip;\" \/>\n<meta property=\"og:url\" content=\"https:\/\/www.benchmarkemail.com\/es\/nonprofits\/\" \/>\n<meta property=\"og:site_name\" content=\"Benchmark Email - Herramienta de Email Marketing\" \/>\n<meta property=\"article:publisher\" content=\"https:\/\/www.facebook.com\/benchmarkemailes\" \/>\n<meta property=\"article:modified_time\" content=\"2026-02-16T16:50:10+00:00\" \/>\n<meta property=\"og:image\" content=\"https:\/\/www.benchmarkemail.com\/wp-content\/uploads\/2025\/10\/benchmark-non-profit-hero.png\" \/>\n<meta name=\"twitter:card\" content=\"summary_large_image\" \/>\n<meta name=\"twitter:site\" content=\"@benchmarkesp\" \/>\n<script type=\"application\/ld+json\" class=\"yoast-schema-graph\">{\"@context\":\"https:\\\/\\\/schema.org\",\"@graph\":[{\"@type\":\"WebPage\",\"@id\":\"https:\\\/\\\/www.benchmarkemail.com\\\/es\\\/nonprofits\\\/\",\"url\":\"https:\\\/\\\/www.benchmarkemail.com\\\/es\\\/nonprofits\\\/\",\"name\":\"Benchmark Email for Nonprofits - Benchmark Email - Benchmark Email\",\"isPartOf\":{\"@id\":\"https:\\\/\\\/www.benchmarkemail.com\\\/es\\\/#website\"},\"primaryImageOfPage\":{\"@id\":\"https:\\\/\\\/www.benchmarkemail.com\\\/es\\\/nonprofits\\\/#primaryimage\"},\"image\":{\"@id\":\"https:\\\/\\\/www.benchmarkemail.com\\\/es\\\/nonprofits\\\/#primaryimage\"},\"thumbnailUrl\":\"https:\\\/\\\/www.benchmarkemail.com\\\/wp-content\\\/uploads\\\/2025\\\/10\\\/benchmark-non-profit-hero.png\",\"datePublished\":\"2026-02-03T10:09:33+00:00\",\"dateModified\":\"2026-02-16T16:50:10+00:00\",\"breadcrumb\":{\"@id\":\"https:\\\/\\\/www.benchmarkemail.com\\\/es\\\/nonprofits\\\/#breadcrumb\"},\"inLanguage\":\"en-US\",\"potentialAction\":[{\"@type\":\"ReadAction\",\"target\":[\"https:\\\/\\\/www.benchmarkemail.com\\\/es\\\/nonprofits\\\/\"]}]},{\"@type\":\"ImageObject\",\"inLanguage\":\"en-US\",\"@id\":\"https:\\\/\\\/www.benchmarkemail.com\\\/es\\\/nonprofits\\\/#primaryimage\",\"url\":\"https:\\\/\\\/www.benchmarkemail.com\\\/wp-content\\\/uploads\\\/2025\\\/10\\\/benchmark-non-profit-hero.png\",\"contentUrl\":\"https:\\\/\\\/www.benchmarkemail.com\\\/wp-content\\\/uploads\\\/2025\\\/10\\\/benchmark-non-profit-hero.png\"},{\"@type\":\"BreadcrumbList\",\"@id\":\"https:\\\/\\\/www.benchmarkemail.com\\\/es\\\/nonprofits\\\/#breadcrumb\",\"itemListElement\":[{\"@type\":\"ListItem\",\"position\":1,\"name\":\"Home\",\"item\":\"https:\\\/\\\/www.benchmarkemail.com\\\/es\\\/\"},{\"@type\":\"ListItem\",\"position\":2,\"name\":\"Benchmark Email for Nonprofits &#8211; Benchmark Email\"}]},{\"@type\":\"WebSite\",\"@id\":\"https:\\\/\\\/www.benchmarkemail.com\\\/es\\\/#website\",\"url\":\"https:\\\/\\\/www.benchmarkemail.com\\\/es\\\/\",\"name\":\"Benchmark Email - Herramienta de Email Marketing\",\"description\":\"Dise\u00f1a, env\u00eda, mide y optimiza tus campa\u00f1as de email y comun\u00edcate con tus clientes a trav\u00e9s del correo electr\u00f3nico.\",\"publisher\":{\"@id\":\"https:\\\/\\\/www.benchmarkemail.com\\\/es\\\/#organization\"},\"potentialAction\":[{\"@type\":\"SearchAction\",\"target\":{\"@type\":\"EntryPoint\",\"urlTemplate\":\"https:\\\/\\\/www.benchmarkemail.com\\\/es\\\/?s={search_term_string}\"},\"query-input\":{\"@type\":\"PropertyValueSpecification\",\"valueRequired\":true,\"valueName\":\"search_term_string\"}}],\"inLanguage\":\"en-US\"},{\"@type\":\"Organization\",\"@id\":\"https:\\\/\\\/www.benchmarkemail.com\\\/es\\\/#organization\",\"name\":\"Benchmark Email\",\"url\":\"https:\\\/\\\/www.benchmarkemail.com\\\/es\\\/\",\"logo\":{\"@type\":\"ImageObject\",\"inLanguage\":\"en-US\",\"@id\":\"https:\\\/\\\/www.benchmarkemail.com\\\/es\\\/#\\\/schema\\\/logo\\\/image\\\/\",\"url\":\"https:\\\/\\\/www.benchmarkemail.com\\\/es\\\/wp-content\\\/uploads\\\/sites\\\/4\\\/2019\\\/09\\\/benchmark-logo.svg\",\"contentUrl\":\"https:\\\/\\\/www.benchmarkemail.com\\\/es\\\/wp-content\\\/uploads\\\/sites\\\/4\\\/2019\\\/09\\\/benchmark-logo.svg\",\"width\":1,\"height\":1,\"caption\":\"Benchmark Email\"},\"image\":{\"@id\":\"https:\\\/\\\/www.benchmarkemail.com\\\/es\\\/#\\\/schema\\\/logo\\\/image\\\/\"},\"sameAs\":[\"https:\\\/\\\/www.facebook.com\\\/benchmarkemailes\",\"https:\\\/\\\/x.com\\\/benchmarkesp\",\"https:\\\/\\\/twitter.com\\\/benchmarkesp\",\"https:\\\/\\\/www.youtube.com\\\/user\\\/BenchmarkEmailESP\",\"https:\\\/\\\/www.tiktok.com\\\/@benchmarkespanol\"]}]}<\/script>\n<!-- \/ Yoast SEO plugin. -->","yoast_head_json":{"title":"Benchmark Email for Nonprofits - Benchmark Email - Benchmark Email","robots":{"index":"index","follow":"follow","max-snippet":"max-snippet:-1","max-image-preview":"max-image-preview:large","max-video-preview":"max-video-preview:-1"},"canonical":"https:\/\/www.benchmarkemail.com\/es\/nonprofits\/","og_locale":"en_US","og_type":"article","og_title":"Benchmark Email for Nonprofits - Benchmark Email - Benchmark Email","og_description":"Env\u00eda emails. Genera impacto. Repite. Las organizaciones sin fines de lucro conf\u00edan en la plataforma de email marketing f\u00e1cil de usar de Benchmark para crear comunidad en torno a su causa. Empieza gratis Crea emails m\u00e1s r\u00e1pido Cuando apoyas una causa, no tienes tiempo que perder con herramientas complicadas. Crea emails m\u00e1s r\u00e1pido con el&hellip;","og_url":"https:\/\/www.benchmarkemail.com\/es\/nonprofits\/","og_site_name":"Benchmark Email - Herramienta de Email Marketing","article_publisher":"https:\/\/www.facebook.com\/benchmarkemailes","article_modified_time":"2026-02-16T16:50:10+00:00","og_image":[{"url":"https:\/\/www.benchmarkemail.com\/wp-content\/uploads\/2025\/10\/benchmark-non-profit-hero.png","type":"","width":"","height":""}],"twitter_card":"summary_large_image","twitter_site":"@benchmarkesp","schema":{"@context":"https:\/\/schema.org","@graph":[{"@type":"WebPage","@id":"https:\/\/www.benchmarkemail.com\/es\/nonprofits\/","url":"https:\/\/www.benchmarkemail.com\/es\/nonprofits\/","name":"Benchmark Email for Nonprofits - Benchmark Email - Benchmark Email","isPartOf":{"@id":"https:\/\/www.benchmarkemail.com\/es\/#website"},"primaryImageOfPage":{"@id":"https:\/\/www.benchmarkemail.com\/es\/nonprofits\/#primaryimage"},"image":{"@id":"https:\/\/www.benchmarkemail.com\/es\/nonprofits\/#primaryimage"},"thumbnailUrl":"https:\/\/www.benchmarkemail.com\/wp-content\/uploads\/2025\/10\/benchmark-non-profit-hero.png","datePublished":"2026-02-03T10:09:33+00:00","dateModified":"2026-02-16T16:50:10+00:00","breadcrumb":{"@id":"https:\/\/www.benchmarkemail.com\/es\/nonprofits\/#breadcrumb"},"inLanguage":"en-US","potentialAction":[{"@type":"ReadAction","target":["https:\/\/www.benchmarkemail.com\/es\/nonprofits\/"]}]},{"@type":"ImageObject","inLanguage":"en-US","@id":"https:\/\/www.benchmarkemail.com\/es\/nonprofits\/#primaryimage","url":"https:\/\/www.benchmarkemail.com\/wp-content\/uploads\/2025\/10\/benchmark-non-profit-hero.png","contentUrl":"https:\/\/www.benchmarkemail.com\/wp-content\/uploads\/2025\/10\/benchmark-non-profit-hero.png"},{"@type":"BreadcrumbList","@id":"https:\/\/www.benchmarkemail.com\/es\/nonprofits\/#breadcrumb","itemListElement":[{"@type":"ListItem","position":1,"name":"Home","item":"https:\/\/www.benchmarkemail.com\/es\/"},{"@type":"ListItem","position":2,"name":"Benchmark Email for Nonprofits &#8211; Benchmark Email"}]},{"@type":"WebSite","@id":"https:\/\/www.benchmarkemail.com\/es\/#website","url":"https:\/\/www.benchmarkemail.com\/es\/","name":"Benchmark Email - Herramienta de Email Marketing","description":"Dise\u00f1a, env\u00eda, mide y optimiza tus campa\u00f1as de email y comun\u00edcate con tus clientes a trav\u00e9s del correo electr\u00f3nico.","publisher":{"@id":"https:\/\/www.benchmarkemail.com\/es\/#organization"},"potentialAction":[{"@type":"SearchAction","target":{"@type":"EntryPoint","urlTemplate":"https:\/\/www.benchmarkemail.com\/es\/?s={search_term_string}"},"query-input":{"@type":"PropertyValueSpecification","valueRequired":true,"valueName":"search_term_string"}}],"inLanguage":"en-US"},{"@type":"Organization","@id":"https:\/\/www.benchmarkemail.com\/es\/#organization","name":"Benchmark Email","url":"https:\/\/www.benchmarkemail.com\/es\/","logo":{"@type":"ImageObject","inLanguage":"en-US","@id":"https:\/\/www.benchmarkemail.com\/es\/#\/schema\/logo\/image\/","url":"https:\/\/www.benchmarkemail.com\/es\/wp-content\/uploads\/sites\/4\/2019\/09\/benchmark-logo.svg","contentUrl":"https:\/\/www.benchmarkemail.com\/es\/wp-content\/uploads\/sites\/4\/2019\/09\/benchmark-logo.svg","width":1,"height":1,"caption":"Benchmark Email"},"image":{"@id":"https:\/\/www.benchmarkemail.com\/es\/#\/schema\/logo\/image\/"},"sameAs":["https:\/\/www.facebook.com\/benchmarkemailes","https:\/\/x.com\/benchmarkesp","https:\/\/twitter.com\/benchmarkesp","https:\/\/www.youtube.com\/user\/BenchmarkEmailESP","https:\/\/www.tiktok.com\/@benchmarkespanol"]}]}},"_links":{"self":[{"href":"https:\/\/www.benchmarkemail.com\/es\/wp-json\/wp\/v2\/pages\/49546","targetHints":{"allow":["GET"]}}],"collection":[{"href":"https:\/\/www.benchmarkemail.com\/es\/wp-json\/wp\/v2\/pages"}],"about":[{"href":"https:\/\/www.benchmarkemail.com\/es\/wp-json\/wp\/v2\/types\/page"}],"author":[{"embeddable":true,"href":"https:\/\/www.benchmarkemail.com\/es\/wp-json\/wp\/v2\/users\/7"}],"replies":[{"embeddable":true,"href":"https:\/\/www.benchmarkemail.com\/es\/wp-json\/wp\/v2\/comments?post=49546"}],"version-history":[{"count":0,"href":"https:\/\/www.benchmarkemail.com\/es\/wp-json\/wp\/v2\/pages\/49546\/revisions"}],"wp:attachment":[{"href":"https:\/\/www.benchmarkemail.com\/es\/wp-json\/wp\/v2\/media?parent=49546"}],"curies":[{"name":"wp","href":"https:\/\/api.w.org\/{rel}","templated":true}]}}