{"id":8063,"date":"2019-11-21T20:56:53","date_gmt":"2019-11-21T20:56:53","guid":{"rendered":"http:\/\/bme2.flywheelsites.com\/?page_id=8063"},"modified":"2026-02-06T15:25:32","modified_gmt":"2026-02-06T15:25:32","slug":"smartsheet","status":"publish","type":"page","link":"https:\/\/www.benchmarkemail.com\/es\/features\/integrations\/smartsheet\/","title":{"rendered":"Smartsheet"},"content":{"rendered":"\n<h1>\n\t\t\tIntegraci\u00f3n con Smartsheet\t<\/h1>\n\t<h2>A\u00f1ade tus contactos de Smartsheet a tu cuenta de Benchmark<\/h2>\n<p>Con esta integraci\u00f3n podr\u00e1s a\u00f1adir los contactos y colaboradores de Smartsheet autom\u00e1ticamente a tus listas dentro de Benchmark. Mantente en contacto con ellos automatizando tus env\u00edos. Esta integraci\u00f3n est\u00e1 disponible en todas las cuentas de Benchmark.<\/p>\n<h3>Requisitos:<\/h3>\n<ul>\n<li>Cuenta de Benchmark Email (<a href=\"https:\/\/app.benchmarkemail.io\/register?language=es\">funciona con la cuenta gratis<\/a>)<\/li>\n<li><a href=\"https:\/\/www.smartsheet.com\/\" target=\"_blank\" rel=\"noopener\">Cuenta de Smartsheet<\/a><\/li>\n<\/ul>\n<h3>Integraci\u00f3n f\u00e1cil y r\u00e1pida:<\/h3>\n<ul>\n<li>No necesita descarga<\/li>\n<li>A\u00f1ade autom\u00e1ticamente clientes potenciales a tu lista de Benchmark Email<\/li>\n<li>Conecta con los contactos a trav\u00e9s de Automatizaciones PRO<\/li>\n<\/ul>\n<figure itemscope itemtype=\"https:\/\/schema.org\/ImageObject\">\n\t\t\t\t<img decoding=\"async\" src=\"https:\/\/www.benchmarkemail.com\/es\/wp-content\/uploads\/sites\/4\/2023\/05\/smartsheet.png\" alt=\"smartsheet\" height=\"65\" width=\"110\" title=\"smartsheet\" onerror=\"this.style.display='none'\" loading=\"lazy\" \/>\n\t<\/figure>\n\t\t\t<a href=\"https:\/\/kb.benchmarkemail.com\/es\/how-do-i-integrate-benchmark-with-smartsheet\/\"  target=\"_self\">\n\t\t\t\t\t\t\tRealiza la integraci\u00f3n\n\t\t\t\t\t<\/a>\n\n","protected":false},"excerpt":{"rendered":"<p>Integraci\u00f3n con Smartsheet A\u00f1ade tus contactos de Smartsheet a tu cuenta de Benchmark Con esta integraci\u00f3n podr\u00e1s a\u00f1adir los contactos y colaboradores de Smartsheet autom\u00e1ticamente a tus listas dentro de Benchmark. Mantente en contacto con ellos automatizando tus env\u00edos. Esta integraci\u00f3n est\u00e1 disponible en todas las cuentas de Benchmark. Requisitos: Cuenta de Benchmark Email (funciona&hellip;<\/p>\n","protected":false},"author":3,"featured_media":0,"parent":28,"menu_order":0,"comment_status":"closed","ping_status":"closed","template":"","meta":{"inline_featured_image":false,"footnotes":""},"class_list":["post-8063","page","type-page","status-publish","hentry"],"yoast_head":"<!-- This site is optimized with the Yoast SEO plugin v27.3 - https:\/\/yoast.com\/product\/yoast-seo-wordpress\/ -->\n<title>Smartsheet - Integraci\u00f3n Smartsheet con Benchmark Email<\/title>\n<meta name=\"description\" content=\"Benchmark Email ahora te permite agregar tus contactos de Smartsheet a tu lista de suscriptores.\" \/>\n<meta name=\"robots\" content=\"index, follow, max-snippet:-1, max-image-preview:large, max-video-preview:-1\" \/>\n<link rel=\"canonical\" href=\"https:\/\/www.benchmarkemail.com\/es\/features\/integrations\/smartsheet\/\" \/>\n<meta property=\"og:locale\" content=\"en_US\" \/>\n<meta property=\"og:type\" content=\"article\" \/>\n<meta property=\"og:title\" content=\"Smartsheet - Integraci\u00f3n Smartsheet con Benchmark Email\" \/>\n<meta property=\"og:description\" content=\"Benchmark Email ahora te permite agregar tus contactos de Smartsheet a tu lista de suscriptores.\" \/>\n<meta property=\"og:url\" content=\"https:\/\/www.benchmarkemail.com\/es\/features\/integrations\/smartsheet\/\" \/>\n<meta property=\"og:site_name\" content=\"Benchmark Email - Herramienta de Email Marketing\" \/>\n<meta property=\"article:publisher\" content=\"https:\/\/www.facebook.com\/benchmarkemailes\" \/>\n<meta property=\"article:modified_time\" content=\"2026-02-06T15:25:32+00:00\" \/>\n<meta property=\"og:image\" content=\"https:\/\/www.benchmarkemail.com\/es\/wp-content\/uploads\/sites\/4\/2023\/05\/smartsheet.png\" \/>\n<meta name=\"twitter:card\" content=\"summary_large_image\" \/>\n<meta name=\"twitter:site\" content=\"@benchmarkesp\" \/>\n<meta name=\"twitter:label1\" content=\"Est. reading time\" \/>\n\t<meta name=\"twitter:data1\" content=\"1 minute\" \/>\n<script type=\"application\/ld+json\" class=\"yoast-schema-graph\">{\"@context\":\"https:\\\/\\\/schema.org\",\"@graph\":[{\"@type\":\"WebPage\",\"@id\":\"https:\\\/\\\/www.benchmarkemail.com\\\/es\\\/features\\\/integrations\\\/smartsheet\\\/\",\"url\":\"https:\\\/\\\/www.benchmarkemail.com\\\/es\\\/features\\\/integrations\\\/smartsheet\\\/\",\"name\":\"Smartsheet - Integraci\u00f3n Smartsheet con Benchmark Email\",\"isPartOf\":{\"@id\":\"https:\\\/\\\/www.benchmarkemail.com\\\/es\\\/#website\"},\"primaryImageOfPage\":{\"@id\":\"https:\\\/\\\/www.benchmarkemail.com\\\/es\\\/features\\\/integrations\\\/smartsheet\\\/#primaryimage\"},\"image\":{\"@id\":\"https:\\\/\\\/www.benchmarkemail.com\\\/es\\\/features\\\/integrations\\\/smartsheet\\\/#primaryimage\"},\"thumbnailUrl\":\"https:\\\/\\\/www.benchmarkemail.com\\\/es\\\/wp-content\\\/uploads\\\/sites\\\/4\\\/2023\\\/05\\\/smartsheet.png\",\"datePublished\":\"2019-11-21T20:56:53+00:00\",\"dateModified\":\"2026-02-06T15:25:32+00:00\",\"description\":\"Benchmark Email ahora te permite agregar tus contactos de Smartsheet a tu lista de suscriptores.\",\"breadcrumb\":{\"@id\":\"https:\\\/\\\/www.benchmarkemail.com\\\/es\\\/features\\\/integrations\\\/smartsheet\\\/#breadcrumb\"},\"inLanguage\":\"en-US\",\"potentialAction\":[{\"@type\":\"ReadAction\",\"target\":[\"https:\\\/\\\/www.benchmarkemail.com\\\/es\\\/features\\\/integrations\\\/smartsheet\\\/\"]}]},{\"@type\":\"ImageObject\",\"inLanguage\":\"en-US\",\"@id\":\"https:\\\/\\\/www.benchmarkemail.com\\\/es\\\/features\\\/integrations\\\/smartsheet\\\/#primaryimage\",\"url\":\"https:\\\/\\\/www.benchmarkemail.com\\\/es\\\/wp-content\\\/uploads\\\/sites\\\/4\\\/2023\\\/05\\\/smartsheet.png\",\"contentUrl\":\"https:\\\/\\\/www.benchmarkemail.com\\\/es\\\/wp-content\\\/uploads\\\/sites\\\/4\\\/2023\\\/05\\\/smartsheet.png\",\"width\":110,\"height\":65},{\"@type\":\"BreadcrumbList\",\"@id\":\"https:\\\/\\\/www.benchmarkemail.com\\\/es\\\/features\\\/integrations\\\/smartsheet\\\/#breadcrumb\",\"itemListElement\":[{\"@type\":\"ListItem\",\"position\":1,\"name\":\"Home\",\"item\":\"https:\\\/\\\/www.benchmarkemail.com\\\/es\\\/\"},{\"@type\":\"ListItem\",\"position\":2,\"name\":\"Features\",\"item\":\"https:\\\/\\\/www.benchmarkemail.com\\\/es\\\/features\\\/\"},{\"@type\":\"ListItem\",\"position\":3,\"name\":\"Integrations\",\"item\":\"https:\\\/\\\/www.benchmarkemail.com\\\/es\\\/features\\\/integrations\\\/\"},{\"@type\":\"ListItem\",\"position\":4,\"name\":\"Smartsheet\"}]},{\"@type\":\"WebSite\",\"@id\":\"https:\\\/\\\/www.benchmarkemail.com\\\/es\\\/#website\",\"url\":\"https:\\\/\\\/www.benchmarkemail.com\\\/es\\\/\",\"name\":\"Benchmark Email - Herramienta de Email Marketing\",\"description\":\"Dise\u00f1a, env\u00eda, mide y optimiza tus campa\u00f1as de email y comun\u00edcate con tus clientes a trav\u00e9s del correo electr\u00f3nico.\",\"publisher\":{\"@id\":\"https:\\\/\\\/www.benchmarkemail.com\\\/es\\\/#organization\"},\"potentialAction\":[{\"@type\":\"SearchAction\",\"target\":{\"@type\":\"EntryPoint\",\"urlTemplate\":\"https:\\\/\\\/www.benchmarkemail.com\\\/es\\\/?s={search_term_string}\"},\"query-input\":{\"@type\":\"PropertyValueSpecification\",\"valueRequired\":true,\"valueName\":\"search_term_string\"}}],\"inLanguage\":\"en-US\"},{\"@type\":\"Organization\",\"@id\":\"https:\\\/\\\/www.benchmarkemail.com\\\/es\\\/#organization\",\"name\":\"Benchmark Email\",\"url\":\"https:\\\/\\\/www.benchmarkemail.com\\\/es\\\/\",\"logo\":{\"@type\":\"ImageObject\",\"inLanguage\":\"en-US\",\"@id\":\"https:\\\/\\\/www.benchmarkemail.com\\\/es\\\/#\\\/schema\\\/logo\\\/image\\\/\",\"url\":\"https:\\\/\\\/www.benchmarkemail.com\\\/es\\\/wp-content\\\/uploads\\\/sites\\\/4\\\/2019\\\/09\\\/benchmark-logo.svg\",\"contentUrl\":\"https:\\\/\\\/www.benchmarkemail.com\\\/es\\\/wp-content\\\/uploads\\\/sites\\\/4\\\/2019\\\/09\\\/benchmark-logo.svg\",\"width\":1,\"height\":1,\"caption\":\"Benchmark Email\"},\"image\":{\"@id\":\"https:\\\/\\\/www.benchmarkemail.com\\\/es\\\/#\\\/schema\\\/logo\\\/image\\\/\"},\"sameAs\":[\"https:\\\/\\\/www.facebook.com\\\/benchmarkemailes\",\"https:\\\/\\\/x.com\\\/benchmarkesp\",\"https:\\\/\\\/twitter.com\\\/benchmarkesp\",\"https:\\\/\\\/www.youtube.com\\\/user\\\/BenchmarkEmailESP\",\"https:\\\/\\\/www.tiktok.com\\\/@benchmarkespanol\"]}]}<\/script>\n<!-- \/ Yoast SEO plugin. -->","yoast_head_json":{"title":"Smartsheet - Integraci\u00f3n Smartsheet con Benchmark Email","description":"Benchmark Email ahora te permite agregar tus contactos de Smartsheet a tu lista de suscriptores.","robots":{"index":"index","follow":"follow","max-snippet":"max-snippet:-1","max-image-preview":"max-image-preview:large","max-video-preview":"max-video-preview:-1"},"canonical":"https:\/\/www.benchmarkemail.com\/es\/features\/integrations\/smartsheet\/","og_locale":"en_US","og_type":"article","og_title":"Smartsheet - Integraci\u00f3n Smartsheet con Benchmark Email","og_description":"Benchmark Email ahora te permite agregar tus contactos de Smartsheet a tu lista de suscriptores.","og_url":"https:\/\/www.benchmarkemail.com\/es\/features\/integrations\/smartsheet\/","og_site_name":"Benchmark Email - Herramienta de Email Marketing","article_publisher":"https:\/\/www.facebook.com\/benchmarkemailes","article_modified_time":"2026-02-06T15:25:32+00:00","og_image":[{"url":"https:\/\/www.benchmarkemail.com\/es\/wp-content\/uploads\/sites\/4\/2023\/05\/smartsheet.png","type":"","width":"","height":""}],"twitter_card":"summary_large_image","twitter_site":"@benchmarkesp","twitter_misc":{"Est. reading time":"1 minute"},"schema":{"@context":"https:\/\/schema.org","@graph":[{"@type":"WebPage","@id":"https:\/\/www.benchmarkemail.com\/es\/features\/integrations\/smartsheet\/","url":"https:\/\/www.benchmarkemail.com\/es\/features\/integrations\/smartsheet\/","name":"Smartsheet - Integraci\u00f3n Smartsheet con Benchmark Email","isPartOf":{"@id":"https:\/\/www.benchmarkemail.com\/es\/#website"},"primaryImageOfPage":{"@id":"https:\/\/www.benchmarkemail.com\/es\/features\/integrations\/smartsheet\/#primaryimage"},"image":{"@id":"https:\/\/www.benchmarkemail.com\/es\/features\/integrations\/smartsheet\/#primaryimage"},"thumbnailUrl":"https:\/\/www.benchmarkemail.com\/es\/wp-content\/uploads\/sites\/4\/2023\/05\/smartsheet.png","datePublished":"2019-11-21T20:56:53+00:00","dateModified":"2026-02-06T15:25:32+00:00","description":"Benchmark Email ahora te permite agregar tus contactos de Smartsheet a tu lista de suscriptores.","breadcrumb":{"@id":"https:\/\/www.benchmarkemail.com\/es\/features\/integrations\/smartsheet\/#breadcrumb"},"inLanguage":"en-US","potentialAction":[{"@type":"ReadAction","target":["https:\/\/www.benchmarkemail.com\/es\/features\/integrations\/smartsheet\/"]}]},{"@type":"ImageObject","inLanguage":"en-US","@id":"https:\/\/www.benchmarkemail.com\/es\/features\/integrations\/smartsheet\/#primaryimage","url":"https:\/\/www.benchmarkemail.com\/es\/wp-content\/uploads\/sites\/4\/2023\/05\/smartsheet.png","contentUrl":"https:\/\/www.benchmarkemail.com\/es\/wp-content\/uploads\/sites\/4\/2023\/05\/smartsheet.png","width":110,"height":65},{"@type":"BreadcrumbList","@id":"https:\/\/www.benchmarkemail.com\/es\/features\/integrations\/smartsheet\/#breadcrumb","itemListElement":[{"@type":"ListItem","position":1,"name":"Home","item":"https:\/\/www.benchmarkemail.com\/es\/"},{"@type":"ListItem","position":2,"name":"Features","item":"https:\/\/www.benchmarkemail.com\/es\/features\/"},{"@type":"ListItem","position":3,"name":"Integrations","item":"https:\/\/www.benchmarkemail.com\/es\/features\/integrations\/"},{"@type":"ListItem","position":4,"name":"Smartsheet"}]},{"@type":"WebSite","@id":"https:\/\/www.benchmarkemail.com\/es\/#website","url":"https:\/\/www.benchmarkemail.com\/es\/","name":"Benchmark Email - Herramienta de Email Marketing","description":"Dise\u00f1a, env\u00eda, mide y optimiza tus campa\u00f1as de email y comun\u00edcate con tus clientes a trav\u00e9s del correo electr\u00f3nico.","publisher":{"@id":"https:\/\/www.benchmarkemail.com\/es\/#organization"},"potentialAction":[{"@type":"SearchAction","target":{"@type":"EntryPoint","urlTemplate":"https:\/\/www.benchmarkemail.com\/es\/?s={search_term_string}"},"query-input":{"@type":"PropertyValueSpecification","valueRequired":true,"valueName":"search_term_string"}}],"inLanguage":"en-US"},{"@type":"Organization","@id":"https:\/\/www.benchmarkemail.com\/es\/#organization","name":"Benchmark Email","url":"https:\/\/www.benchmarkemail.com\/es\/","logo":{"@type":"ImageObject","inLanguage":"en-US","@id":"https:\/\/www.benchmarkemail.com\/es\/#\/schema\/logo\/image\/","url":"https:\/\/www.benchmarkemail.com\/es\/wp-content\/uploads\/sites\/4\/2019\/09\/benchmark-logo.svg","contentUrl":"https:\/\/www.benchmarkemail.com\/es\/wp-content\/uploads\/sites\/4\/2019\/09\/benchmark-logo.svg","width":1,"height":1,"caption":"Benchmark Email"},"image":{"@id":"https:\/\/www.benchmarkemail.com\/es\/#\/schema\/logo\/image\/"},"sameAs":["https:\/\/www.facebook.com\/benchmarkemailes","https:\/\/x.com\/benchmarkesp","https:\/\/twitter.com\/benchmarkesp","https:\/\/www.youtube.com\/user\/BenchmarkEmailESP","https:\/\/www.tiktok.com\/@benchmarkespanol"]}]}},"_links":{"self":[{"href":"https:\/\/www.benchmarkemail.com\/es\/wp-json\/wp\/v2\/pages\/8063","targetHints":{"allow":["GET"]}}],"collection":[{"href":"https:\/\/www.benchmarkemail.com\/es\/wp-json\/wp\/v2\/pages"}],"about":[{"href":"https:\/\/www.benchmarkemail.com\/es\/wp-json\/wp\/v2\/types\/page"}],"author":[{"embeddable":true,"href":"https:\/\/www.benchmarkemail.com\/es\/wp-json\/wp\/v2\/users\/3"}],"replies":[{"embeddable":true,"href":"https:\/\/www.benchmarkemail.com\/es\/wp-json\/wp\/v2\/comments?post=8063"}],"version-history":[{"count":0,"href":"https:\/\/www.benchmarkemail.com\/es\/wp-json\/wp\/v2\/pages\/8063\/revisions"}],"up":[{"embeddable":true,"href":"https:\/\/www.benchmarkemail.com\/es\/wp-json\/wp\/v2\/pages\/28"}],"wp:attachment":[{"href":"https:\/\/www.benchmarkemail.com\/es\/wp-json\/wp\/v2\/media?parent=8063"}],"curies":[{"name":"wp","href":"https:\/\/api.w.org\/{rel}","templated":true}]}}