{"id":8436,"date":"2019-12-19T11:08:59","date_gmt":"2019-12-19T11:08:59","guid":{"rendered":"http:\/\/bme2.flywheelsites.com\/?page_id=8436"},"modified":"2026-04-03T11:18:10","modified_gmt":"2026-04-03T11:18:10","slug":"user-pledge","status":"publish","type":"page","link":"https:\/\/www.benchmarkemail.com\/es\/user-pledge\/","title":{"rendered":"User Pledge"},"content":{"rendered":"\n<h2>\n\t\t\tT\u00e9rminos del Sitio\t<\/h2>\n\t<ul>\n<li><a href=\"https:\/\/www.benchmarkemail.com\/es\/privacy-policy\/\">Pol\u00edtica de Privacidad<\/a><\/li>\n<li><a href=\"https:\/\/www.benchmarkemail.com\/es\/cookie-policy\/\">Pol\u00edtica de cookies<\/a><\/li>\n<li><a href=\"https:\/\/www.benchmarkemail.com\/es\/anti-spam-policy\/\">Pol\u00edtica Anti-Spam<\/a><\/li>\n<li><a href=\"https:\/\/www.benchmarkemail.com\/es\/terms-of-use\/\">Terms Of Use<\/a><\/li>\n<li><a href=\"https:\/\/www.benchmarkemail.com\/es\/spam-free-zone\/\">Zona Libre de Spam<\/a><\/li>\n<li><a href=\"https:\/\/www.benchmarkemail.com\/es\/user-pledge\/\">Juramentacion del Usuario<\/a><\/li>\n<li><a href=\"\/es\/data-processing-addendum\/\">Anexo sobre el tratamiento de datos<\/a><\/li>\n<li><a href=\"\/es\/affiliate-terms\/\">Afiliados de T\u00e9rminos<\/a><\/li>\n<\/ul>\n\t<h1>Compromiso del Usuario<\/h1>\n<h2>Tu compromiso con las buenas pr\u00e1cticas del email marketing<\/h2>\n<h3>Emails comerciales no solicitados<\/h3>\n<ul>\n<li>Un email comercial no solicitado no debe ser enviado.<\/li>\n<\/ul>\n<h3>Email Comercial<\/h3>\n<ul>\n<li>Un email comercial no debe ser enviado a menos que se d\u00e9 una de las dos situaciones siguientes:<\/li>\n<\/ul>\n<ol>\n<li>Se tiene el consentimiento de la persona que va a recibir los emails, seg\u00fan lo definido por la ley CAN SPAM de 2003, o<\/li>\n<li>que el consentimiento previo se ha obtenido tal como se define por la Ley de Privacidad de la Comisi\u00f3n Europea y la Directiva de Comunicaciones Electronicas.<\/li>\n<\/ol>\n<h3>Contenido de Email Comercial<\/h3>\n<ul>\n<li>Cada email comercial debe incluir la opci\u00f3n para que el destinatario pueda darse de baja de recibir los correos electr\u00f3nicos en el futuro. Estas solicitudes para darse de baja debe ser procesado con prontitud y el receptor debe ser informado del tiempo requerido para su procesamiento.<\/li>\n<li>El correo electr\u00f3nico comercial no debe incluir direcciones de email, l\u00edneas del asunto y textos que sean falsos, enga\u00f1osos o mentiras. Las l\u00edneas de asunto no deben de inducir al error en cuanto al contenido y prop\u00f3sito del mensaje.<\/li>\n<\/ul>\n<h3>Obtenci\u00f3n de direcciones de email<\/h3>\n<ul>\n<li>Las direcciones de correo no deben ser obtenidas a trav\u00e9s de m\u00e9todos clandestinos (por ejemplo, yendo de p\u00e1gina web en p\u00e1gina web y copiando las direcciones o utilizando programas de b\u00fasqueda y recopilaci\u00f3n autom\u00e1tica).<\/li>\n<\/ul>\n<h3>Definiciones<\/h3>\n<p><strong>Consentimiento Afirmativo<\/strong> definido por la Ley los EE.UU. CAN SPAM de 2003): El destinatario expresa su consentimiento de recibir los emails, ya sea en respuesta a una petici\u00f3n clara y visible de tal consentimiento, o por iniciativa propia del destinatario; y, si el email es de otro remitente diferente al que el destinatario comunic\u00f3 su consentimiento, el destinatario recibir\u00e1 un aviso claro y visible en el momento en que el consentimiento fuese comunicado a la direcci\u00f3n del destinatario y pueda ser transferido al remitente para comenzar a enviar emails comerciales.<\/p>\n<p><strong>Consentimiento\u00a0<\/strong>(tal y como se define por la Ley de Privacidad de la Comisi\u00f3n Europea y la Directiva de Comunicaciones Electr\u00f3nicas): En el contexto de una relaci\u00f3n existente con el cliente (cuando una persona f\u00edsica o jur\u00eddica obtenga de sus clientes la direcci\u00f3n de email para la venta de un producto o un servicio), es razonable admitir el uso de los datos de contacto electr\u00f3nicos para la oferta de productos o servicios similares, pero s\u00f3lo por la misma empresa que haya obtenido el contacto, de conformidad con la Directiva 95\/46\/CE *. Cuando los datos de contacto electr\u00f3nicos sean obtenidos, el cliente debe ser informado sobre su uso para acciones de marketing directo de una manera clara y distintiva, y darle la oportunidad de rechazar su uso. Esta oportunidad debe seguir siendo ofrecida con cada mensaje posterior de marketing directo, sin cargo alguno, salvo los posibles costes de transmisi\u00f3n de esta negativa.<\/p>\n<p>*Desde la Directiva 95\/46\/CE: El consentimiento significar\u00e1 la libertad para dar una indicaci\u00f3n espec\u00edfica e informada de los deseos por los cuales la persona interesada da su consentimiento a que los datos relacionados con el, sean tratados.<\/p>\n<p><strong>Email Comercial:<\/strong> mensajes de correo electr\u00f3nico, enviados en volumen, con la finalidad principal de proporcionar publicidad comercial o promocionar un producto o servicio.<\/p>\n<p><strong>Darse de baja::<\/strong>mecanismo mediante el cual una persona puede pedir que ya no quiere recibir el correo electr\u00f3nico comercial.<\/p>\n<p><strong>Mensajes comerciales no solicitados:<\/strong>email comercial enviado sin el consentimiento previo.<\/p>\n\n","protected":false},"excerpt":{"rendered":"<p>T\u00e9rminos del Sitio Pol\u00edtica de Privacidad Pol\u00edtica de cookies Pol\u00edtica Anti-Spam Terms Of Use Zona Libre de Spam Juramentacion del Usuario Anexo sobre el tratamiento de datos Afiliados de T\u00e9rminos Compromiso del Usuario Tu compromiso con las buenas pr\u00e1cticas del email marketing Emails comerciales no solicitados Un email comercial no solicitado no debe ser enviado.&hellip;<\/p>\n","protected":false},"author":7,"featured_media":0,"parent":0,"menu_order":0,"comment_status":"closed","ping_status":"closed","template":"","meta":{"inline_featured_image":false,"footnotes":""},"class_list":["post-8436","page","type-page","status-publish","hentry"],"yoast_head":"<!-- This site is optimized with the Yoast SEO plugin v27.3 - https:\/\/yoast.com\/product\/yoast-seo-wordpress\/ -->\n<title>User Pledge - Benchmark Email<\/title>\n<meta name=\"robots\" content=\"index, follow, max-snippet:-1, max-image-preview:large, max-video-preview:-1\" \/>\n<link rel=\"canonical\" href=\"https:\/\/www.benchmarkemail.com\/es\/user-pledge\/\" \/>\n<meta property=\"og:locale\" content=\"en_US\" \/>\n<meta property=\"og:type\" content=\"article\" \/>\n<meta property=\"og:title\" content=\"User Pledge - Benchmark Email\" \/>\n<meta property=\"og:description\" content=\"T\u00e9rminos del Sitio Pol\u00edtica de Privacidad Pol\u00edtica de cookies Pol\u00edtica Anti-Spam Terms Of Use Zona Libre de Spam Juramentacion del Usuario Anexo sobre el tratamiento de datos Afiliados de T\u00e9rminos Compromiso del Usuario Tu compromiso con las buenas pr\u00e1cticas del email marketing Emails comerciales no solicitados Un email comercial no solicitado no debe ser enviado.&hellip;\" \/>\n<meta property=\"og:url\" content=\"https:\/\/www.benchmarkemail.com\/es\/user-pledge\/\" \/>\n<meta property=\"og:site_name\" content=\"Benchmark Email - Herramienta de Email Marketing\" \/>\n<meta property=\"article:publisher\" content=\"https:\/\/www.facebook.com\/benchmarkemailes\" \/>\n<meta property=\"article:modified_time\" content=\"2026-04-03T11:18:10+00:00\" \/>\n<meta name=\"twitter:card\" content=\"summary_large_image\" \/>\n<meta name=\"twitter:site\" content=\"@benchmarkesp\" \/>\n<meta name=\"twitter:label1\" content=\"Est. reading time\" \/>\n\t<meta name=\"twitter:data1\" content=\"3 minutes\" \/>\n<script type=\"application\/ld+json\" class=\"yoast-schema-graph\">{\"@context\":\"https:\\\/\\\/schema.org\",\"@graph\":[{\"@type\":\"WebPage\",\"@id\":\"https:\\\/\\\/www.benchmarkemail.com\\\/es\\\/user-pledge\\\/\",\"url\":\"https:\\\/\\\/www.benchmarkemail.com\\\/es\\\/user-pledge\\\/\",\"name\":\"User Pledge - Benchmark Email\",\"isPartOf\":{\"@id\":\"https:\\\/\\\/www.benchmarkemail.com\\\/es\\\/#website\"},\"datePublished\":\"2019-12-19T11:08:59+00:00\",\"dateModified\":\"2026-04-03T11:18:10+00:00\",\"breadcrumb\":{\"@id\":\"https:\\\/\\\/www.benchmarkemail.com\\\/es\\\/user-pledge\\\/#breadcrumb\"},\"inLanguage\":\"en-US\",\"potentialAction\":[{\"@type\":\"ReadAction\",\"target\":[\"https:\\\/\\\/www.benchmarkemail.com\\\/es\\\/user-pledge\\\/\"]}]},{\"@type\":\"BreadcrumbList\",\"@id\":\"https:\\\/\\\/www.benchmarkemail.com\\\/es\\\/user-pledge\\\/#breadcrumb\",\"itemListElement\":[{\"@type\":\"ListItem\",\"position\":1,\"name\":\"Home\",\"item\":\"https:\\\/\\\/www.benchmarkemail.com\\\/es\\\/\"},{\"@type\":\"ListItem\",\"position\":2,\"name\":\"User Pledge\"}]},{\"@type\":\"WebSite\",\"@id\":\"https:\\\/\\\/www.benchmarkemail.com\\\/es\\\/#website\",\"url\":\"https:\\\/\\\/www.benchmarkemail.com\\\/es\\\/\",\"name\":\"Benchmark Email - Herramienta de Email Marketing\",\"description\":\"Dise\u00f1a, env\u00eda, mide y optimiza tus campa\u00f1as de email y comun\u00edcate con tus clientes a trav\u00e9s del correo electr\u00f3nico.\",\"publisher\":{\"@id\":\"https:\\\/\\\/www.benchmarkemail.com\\\/es\\\/#organization\"},\"potentialAction\":[{\"@type\":\"SearchAction\",\"target\":{\"@type\":\"EntryPoint\",\"urlTemplate\":\"https:\\\/\\\/www.benchmarkemail.com\\\/es\\\/?s={search_term_string}\"},\"query-input\":{\"@type\":\"PropertyValueSpecification\",\"valueRequired\":true,\"valueName\":\"search_term_string\"}}],\"inLanguage\":\"en-US\"},{\"@type\":\"Organization\",\"@id\":\"https:\\\/\\\/www.benchmarkemail.com\\\/es\\\/#organization\",\"name\":\"Benchmark Email\",\"url\":\"https:\\\/\\\/www.benchmarkemail.com\\\/es\\\/\",\"logo\":{\"@type\":\"ImageObject\",\"inLanguage\":\"en-US\",\"@id\":\"https:\\\/\\\/www.benchmarkemail.com\\\/es\\\/#\\\/schema\\\/logo\\\/image\\\/\",\"url\":\"https:\\\/\\\/www.benchmarkemail.com\\\/es\\\/wp-content\\\/uploads\\\/sites\\\/4\\\/2019\\\/09\\\/benchmark-logo.svg\",\"contentUrl\":\"https:\\\/\\\/www.benchmarkemail.com\\\/es\\\/wp-content\\\/uploads\\\/sites\\\/4\\\/2019\\\/09\\\/benchmark-logo.svg\",\"width\":1,\"height\":1,\"caption\":\"Benchmark Email\"},\"image\":{\"@id\":\"https:\\\/\\\/www.benchmarkemail.com\\\/es\\\/#\\\/schema\\\/logo\\\/image\\\/\"},\"sameAs\":[\"https:\\\/\\\/www.facebook.com\\\/benchmarkemailes\",\"https:\\\/\\\/x.com\\\/benchmarkesp\",\"https:\\\/\\\/twitter.com\\\/benchmarkesp\",\"https:\\\/\\\/www.youtube.com\\\/user\\\/BenchmarkEmailESP\",\"https:\\\/\\\/www.tiktok.com\\\/@benchmarkespanol\"]}]}<\/script>\n<!-- \/ Yoast SEO plugin. -->","yoast_head_json":{"title":"User Pledge - Benchmark Email","robots":{"index":"index","follow":"follow","max-snippet":"max-snippet:-1","max-image-preview":"max-image-preview:large","max-video-preview":"max-video-preview:-1"},"canonical":"https:\/\/www.benchmarkemail.com\/es\/user-pledge\/","og_locale":"en_US","og_type":"article","og_title":"User Pledge - Benchmark Email","og_description":"T\u00e9rminos del Sitio Pol\u00edtica de Privacidad Pol\u00edtica de cookies Pol\u00edtica Anti-Spam Terms Of Use Zona Libre de Spam Juramentacion del Usuario Anexo sobre el tratamiento de datos Afiliados de T\u00e9rminos Compromiso del Usuario Tu compromiso con las buenas pr\u00e1cticas del email marketing Emails comerciales no solicitados Un email comercial no solicitado no debe ser enviado.&hellip;","og_url":"https:\/\/www.benchmarkemail.com\/es\/user-pledge\/","og_site_name":"Benchmark Email - Herramienta de Email Marketing","article_publisher":"https:\/\/www.facebook.com\/benchmarkemailes","article_modified_time":"2026-04-03T11:18:10+00:00","twitter_card":"summary_large_image","twitter_site":"@benchmarkesp","twitter_misc":{"Est. reading time":"3 minutes"},"schema":{"@context":"https:\/\/schema.org","@graph":[{"@type":"WebPage","@id":"https:\/\/www.benchmarkemail.com\/es\/user-pledge\/","url":"https:\/\/www.benchmarkemail.com\/es\/user-pledge\/","name":"User Pledge - Benchmark Email","isPartOf":{"@id":"https:\/\/www.benchmarkemail.com\/es\/#website"},"datePublished":"2019-12-19T11:08:59+00:00","dateModified":"2026-04-03T11:18:10+00:00","breadcrumb":{"@id":"https:\/\/www.benchmarkemail.com\/es\/user-pledge\/#breadcrumb"},"inLanguage":"en-US","potentialAction":[{"@type":"ReadAction","target":["https:\/\/www.benchmarkemail.com\/es\/user-pledge\/"]}]},{"@type":"BreadcrumbList","@id":"https:\/\/www.benchmarkemail.com\/es\/user-pledge\/#breadcrumb","itemListElement":[{"@type":"ListItem","position":1,"name":"Home","item":"https:\/\/www.benchmarkemail.com\/es\/"},{"@type":"ListItem","position":2,"name":"User Pledge"}]},{"@type":"WebSite","@id":"https:\/\/www.benchmarkemail.com\/es\/#website","url":"https:\/\/www.benchmarkemail.com\/es\/","name":"Benchmark Email - Herramienta de Email Marketing","description":"Dise\u00f1a, env\u00eda, mide y optimiza tus campa\u00f1as de email y comun\u00edcate con tus clientes a trav\u00e9s del correo electr\u00f3nico.","publisher":{"@id":"https:\/\/www.benchmarkemail.com\/es\/#organization"},"potentialAction":[{"@type":"SearchAction","target":{"@type":"EntryPoint","urlTemplate":"https:\/\/www.benchmarkemail.com\/es\/?s={search_term_string}"},"query-input":{"@type":"PropertyValueSpecification","valueRequired":true,"valueName":"search_term_string"}}],"inLanguage":"en-US"},{"@type":"Organization","@id":"https:\/\/www.benchmarkemail.com\/es\/#organization","name":"Benchmark Email","url":"https:\/\/www.benchmarkemail.com\/es\/","logo":{"@type":"ImageObject","inLanguage":"en-US","@id":"https:\/\/www.benchmarkemail.com\/es\/#\/schema\/logo\/image\/","url":"https:\/\/www.benchmarkemail.com\/es\/wp-content\/uploads\/sites\/4\/2019\/09\/benchmark-logo.svg","contentUrl":"https:\/\/www.benchmarkemail.com\/es\/wp-content\/uploads\/sites\/4\/2019\/09\/benchmark-logo.svg","width":1,"height":1,"caption":"Benchmark Email"},"image":{"@id":"https:\/\/www.benchmarkemail.com\/es\/#\/schema\/logo\/image\/"},"sameAs":["https:\/\/www.facebook.com\/benchmarkemailes","https:\/\/x.com\/benchmarkesp","https:\/\/twitter.com\/benchmarkesp","https:\/\/www.youtube.com\/user\/BenchmarkEmailESP","https:\/\/www.tiktok.com\/@benchmarkespanol"]}]}},"_links":{"self":[{"href":"https:\/\/www.benchmarkemail.com\/es\/wp-json\/wp\/v2\/pages\/8436","targetHints":{"allow":["GET"]}}],"collection":[{"href":"https:\/\/www.benchmarkemail.com\/es\/wp-json\/wp\/v2\/pages"}],"about":[{"href":"https:\/\/www.benchmarkemail.com\/es\/wp-json\/wp\/v2\/types\/page"}],"author":[{"embeddable":true,"href":"https:\/\/www.benchmarkemail.com\/es\/wp-json\/wp\/v2\/users\/7"}],"replies":[{"embeddable":true,"href":"https:\/\/www.benchmarkemail.com\/es\/wp-json\/wp\/v2\/comments?post=8436"}],"version-history":[{"count":0,"href":"https:\/\/www.benchmarkemail.com\/es\/wp-json\/wp\/v2\/pages\/8436\/revisions"}],"wp:attachment":[{"href":"https:\/\/www.benchmarkemail.com\/es\/wp-json\/wp\/v2\/media?parent=8436"}],"curies":[{"name":"wp","href":"https:\/\/api.w.org\/{rel}","templated":true}]}}