{"id":8518,"date":"2019-12-23T11:36:58","date_gmt":"2019-12-23T11:36:58","guid":{"rendered":"http:\/\/bme2.flywheelsites.com\/?page_id=8518"},"modified":"2026-02-10T11:37:44","modified_gmt":"2026-02-10T11:37:44","slug":"sender-pricing","status":"publish","type":"page","link":"https:\/\/www.benchmarkemail.com\/es\/sender-pricing\/","title":{"rendered":"Sender Pricing"},"content":{"rendered":"\n<h2>\n\t\t\tPlanes para grandes vol\u00famenes de env\u00edos\t<\/h2>\n<h2>\n\t\t\tEnv\u00eda de forma segura y confiable a grandes vol\u00famenes\t<\/h2>\n        <!-- table -->\n          <table cellspacing=\"0\"> \n            <thead>\n              <tr>\n                <th>Plan<\/th>\n                <th>Env\u00edos\/Mes<\/th>\n                <th colspan=\"2\">Precio \/ Precio por exceso de email <\/th>\n              <\/tr>\n            <\/thead>\n            <tbody id=\"pricesinrowA\">\n               <tr>               \n                <td>10,000<\/td>\n                <td>10,000<\/td>\n                <td>$40<br \/>$ 0.004<\/td>\n                <td><a href=\"\/es\/contact\/\">Contactar con un agente de ventas<\/a><\/td>\n              <\/tr>\n              <tr>\n                <td>50,000<\/td>\n                <td>50,000<\/td>\n                <td>$150<br \/>$ 0.003<\/td>\n                <td><a href=\"\/es\/contact\/\">Contactar con un agente de ventas<\/a><\/td>\n              <\/tr>\n              <tr>\n                <td>100,000<\/td>\n                <td>100,000<\/td>\n                <td>$250<br \/>$ 0.0025<\/td>\n                <td><a href=\"\/es\/contact\/\">Contactar con un agente de ventas<\/a><\/td>\n              <\/tr>\n              <tr>\n                <td>250,000<\/td>\n                <td>250,000<\/td>\n                <td>$450<br \/>$ 0.0018<\/td>\n                <td><a href=\"\/es\/contact\/\">Contactar con un agente de ventas<\/a><\/td>\n              <\/tr>\n              <tr>               \n                <td>500,000<\/td>\n                <td>500,000<\/td>\n                <td>$799<br \/>$ 0.0016<\/td>\n                <td><a href=\"\/es\/contact\/\">Contactar con un agente de ventas<\/a><\/td>\n              <\/tr>\n              <tr>\n                <td>1M<\/td>\n                <td>1,000,000<\/td>\n                <td>$1,299<br \/>$ 0.0013<\/td>\n                <td><a href=\"\/es\/contact\/\">Contactar con un agente de ventas<\/a><\/td>\n              <\/tr>\n              <tr>\n                <td>2.5M<\/td>\n                <td>2,500,000<\/td>\n                <td>$2,499<br \/>$ 0.001<\/td>\n                <td><a href=\"\/es\/contact\/\">Contactar con un agente de ventas<\/a><\/td>\n              <\/tr>\n              <tr>\n                <td>5M<\/td>\n                <td>5,000,000<\/td>\n                <td>$4,499<br \/>$ 0.0009<\/td>\n                <td><a href=\"\/es\/contact\/\">Contactar con un agente de ventas<\/a><\/td>\n              <\/tr>\n               <tr>\n                <td>10M <\/td>\n                <td>10,000,000<\/td>\n                <td>$7,999<br \/>$ 0.0008<\/td>\n                <td><a href=\"\/es\/contact\/\">Contactar con un agente de ventas<\/a><\/td>\n              <\/tr>\n              <tr>\n                <td>15M<\/td>\n                <td>15,000,000<\/td>\n                <td>$10,000<br \/>$ 0.00067<\/td>\n                <td><a href=\"\/es\/contact\/\">Contactar con un agente de ventas<\/a><\/td>\n              <\/tr>\n            <\/tbody>\n          <\/table>\n\t<h2><strong>Complementos<\/strong><\/h2>\n\t<h4>Verificaci\u00f3n de Listas<br \/>\n<\/h4>\n\t<p>Asegura conseguir una buena entregabilidad desde el inicio verificando tus listas.<\/p>\n\t\t\t<a href=\"https:\/\/kb.benchmarkemail.com\/es\/que-es-la-verificacion-de-listas\/\"  target=\"_blank\" rel=\"noopener\"    rel=\"noopener\">\n\t\t\t\t\t\t\tSaber M\u00e1s\n\t\t\t<\/a>\n\t<h3>$3<\/h3>\n\t<p><small>POR CADA 1,000 CONTACTOS<\/small><\/p>\n\t<h4>Almacenamiento de Im\u00e1genes<\/h4>\n\t<p>Si eliminas im\u00e1genes de tu galer\u00eda, que has utilizado en campa\u00f1as enviadas, se eliminar\u00e1n de tus campa\u00f1as. No corras ese riesgo. Adquiere almacenamiento ilimitado de im\u00e1genes.<\/p>\n\t\t\t<a href=\"https:\/\/kb.benchmarkemail.com\/es\/galeria-imagenes\/\"  target=\"_blank\" rel=\"noopener\"    rel=\"noopener\">\n\t\t\t\t\t\t\tSaber M\u00e1s\n\t\t\t<\/a>\n\t<h3>$5\/Mes<\/h3>\n\t<p><small>ALMACENAMIENTO ILIMITADO<\/small><\/p>\n\t<h4>IP Dedicada<\/h4>\n\t<p>No dependas de los dem\u00e1s y crea tu propia reputaci\u00f3n y controla la entregabilidad de tus env\u00edos.<\/p>\n\t\t\t<a href=\"https:\/\/kb.benchmarkemail.com\/es\/que-es-una-ip-dedicada\/\"  target=\"_blank\" rel=\"noopener\"    rel=\"noopener\">\n\t\t\t\t\t\t\tSaber M\u00e1s\n\t\t\t<\/a>\n\t<h3>$28.95\/Mes<\/h3>\n\t<p><\/p>\n\t<h4>Prueba del Verificador de Buz\u00f3n<\/h4>\n\t<p>Haz pruebas a tus campa\u00f1as y visualiza como se ver\u00e1n en los diferentes navegadores, buzones, dispositivos y tabletas.<\/p>\n\t\t\t<a href=\"https:\/\/kb.benchmarkemail.com\/es\/verificador-buzon\/\"  target=\"_blank\" rel=\"noopener\"    rel=\"noopener\">\n\t\t\t\t\t\t\tSaber M\u00e1s\n\t\t\t<\/a>\n\t<h3>$14.00<\/h3>\n\t<p><small>POR 100 PRUEBAS<\/small><\/p>\n<p>&nbsp;<\/p>\n\t<h2>Comienza a enviar hoy<\/h2>\n\t\u00bfQuieres hacer un env\u00edo a una lista grande de contactos? Con los planes de env\u00edo de Benchmark es sencillo. Habla con un agente de ventas para ayudarte a seleccionar el mejor plan y comienza ahora.<br \/>\n\n\t\t\t<a href=\"\/es\/contact\"  target=\"_self\">\n\t\t\t\t\t\t\tContactar con un agente de ventas\n\t\t\t\t\t<\/a>\n\n","protected":false},"excerpt":{"rendered":"<p>Planes para grandes vol\u00famenes de env\u00edos Env\u00eda de forma segura y confiable a grandes vol\u00famenes Plan Env\u00edos\/Mes Precio \/ Precio por exceso de email 10,000 10,000 $40$ 0.004 Contactar con un agente de ventas 50,000 50,000 $150$ 0.003 Contactar con un agente de ventas 100,000 100,000 $250$ 0.0025 Contactar con un agente de ventas 250,000&hellip;<\/p>\n","protected":false},"author":7,"featured_media":30129,"parent":0,"menu_order":0,"comment_status":"closed","ping_status":"closed","template":"","meta":{"inline_featured_image":false,"footnotes":""},"class_list":["post-8518","page","type-page","status-publish","has-post-thumbnail","hentry"],"yoast_head":"<!-- This site is optimized with the Yoast SEO plugin v27.5 - https:\/\/yoast.com\/product\/yoast-seo-wordpress\/ -->\n<title>Planes para grandes vol\u00famenes de env\u00edos - Benchmark Email<\/title>\n<meta name=\"description\" content=\"Consulta los precios de Benchmark Email para los env\u00edos masivos de email marketing, siempre adaptados a tus necesidades.\" \/>\n<meta name=\"robots\" content=\"index, follow, max-snippet:-1, max-image-preview:large, max-video-preview:-1\" \/>\n<link rel=\"canonical\" href=\"https:\/\/www.benchmarkemail.com\/es\/sender-pricing\/\" \/>\n<meta property=\"og:locale\" content=\"en_US\" \/>\n<meta property=\"og:type\" content=\"article\" \/>\n<meta property=\"og:title\" content=\"Planes para grandes vol\u00famenes de env\u00edos - Benchmark Email\" \/>\n<meta property=\"og:description\" content=\"Consulta los precios de Benchmark Email para los env\u00edos masivos de email marketing, siempre adaptados a tus necesidades.\" \/>\n<meta property=\"og:url\" content=\"https:\/\/www.benchmarkemail.com\/es\/sender-pricing\/\" \/>\n<meta property=\"og:site_name\" content=\"Benchmark Email - Herramienta de Email Marketing\" \/>\n<meta property=\"article:publisher\" content=\"https:\/\/www.facebook.com\/benchmarkemailes\" \/>\n<meta property=\"article:modified_time\" content=\"2026-02-10T11:37:44+00:00\" \/>\n<meta property=\"og:image\" content=\"https:\/\/www.benchmarkemail.com\/es\/wp-content\/uploads\/sites\/4\/2022\/11\/Bulk-Email-Marketing.png\" \/>\n\t<meta property=\"og:image:width\" content=\"1400\" \/>\n\t<meta property=\"og:image:height\" content=\"730\" \/>\n\t<meta property=\"og:image:type\" content=\"image\/png\" \/>\n<meta name=\"twitter:card\" content=\"summary_large_image\" \/>\n<meta name=\"twitter:site\" content=\"@benchmarkesp\" \/>\n<meta name=\"twitter:label1\" content=\"Est. reading time\" \/>\n\t<meta name=\"twitter:data1\" content=\"2 minutes\" \/>\n<script type=\"application\/ld+json\" class=\"yoast-schema-graph\">{\"@context\":\"https:\\\/\\\/schema.org\",\"@graph\":[{\"@type\":\"WebPage\",\"@id\":\"https:\\\/\\\/www.benchmarkemail.com\\\/es\\\/sender-pricing\\\/\",\"url\":\"https:\\\/\\\/www.benchmarkemail.com\\\/es\\\/sender-pricing\\\/\",\"name\":\"Planes para grandes vol\u00famenes de env\u00edos - Benchmark Email\",\"isPartOf\":{\"@id\":\"https:\\\/\\\/www.benchmarkemail.com\\\/es\\\/#website\"},\"primaryImageOfPage\":{\"@id\":\"https:\\\/\\\/www.benchmarkemail.com\\\/es\\\/sender-pricing\\\/#primaryimage\"},\"image\":{\"@id\":\"https:\\\/\\\/www.benchmarkemail.com\\\/es\\\/sender-pricing\\\/#primaryimage\"},\"thumbnailUrl\":\"https:\\\/\\\/www.benchmarkemail.com\\\/es\\\/wp-content\\\/uploads\\\/sites\\\/4\\\/2022\\\/11\\\/Bulk-Email-Marketing.png\",\"datePublished\":\"2019-12-23T11:36:58+00:00\",\"dateModified\":\"2026-02-10T11:37:44+00:00\",\"description\":\"Consulta los precios de Benchmark Email para los env\u00edos masivos de email marketing, siempre adaptados a tus necesidades.\",\"breadcrumb\":{\"@id\":\"https:\\\/\\\/www.benchmarkemail.com\\\/es\\\/sender-pricing\\\/#breadcrumb\"},\"inLanguage\":\"en-US\",\"potentialAction\":[{\"@type\":\"ReadAction\",\"target\":[\"https:\\\/\\\/www.benchmarkemail.com\\\/es\\\/sender-pricing\\\/\"]}]},{\"@type\":\"ImageObject\",\"inLanguage\":\"en-US\",\"@id\":\"https:\\\/\\\/www.benchmarkemail.com\\\/es\\\/sender-pricing\\\/#primaryimage\",\"url\":\"https:\\\/\\\/www.benchmarkemail.com\\\/es\\\/wp-content\\\/uploads\\\/sites\\\/4\\\/2022\\\/11\\\/Bulk-Email-Marketing.png\",\"contentUrl\":\"https:\\\/\\\/www.benchmarkemail.com\\\/es\\\/wp-content\\\/uploads\\\/sites\\\/4\\\/2022\\\/11\\\/Bulk-Email-Marketing.png\",\"width\":1400,\"height\":730},{\"@type\":\"BreadcrumbList\",\"@id\":\"https:\\\/\\\/www.benchmarkemail.com\\\/es\\\/sender-pricing\\\/#breadcrumb\",\"itemListElement\":[{\"@type\":\"ListItem\",\"position\":1,\"name\":\"Home\",\"item\":\"https:\\\/\\\/www.benchmarkemail.com\\\/es\\\/\"},{\"@type\":\"ListItem\",\"position\":2,\"name\":\"Sender Pricing\"}]},{\"@type\":\"WebSite\",\"@id\":\"https:\\\/\\\/www.benchmarkemail.com\\\/es\\\/#website\",\"url\":\"https:\\\/\\\/www.benchmarkemail.com\\\/es\\\/\",\"name\":\"Benchmark Email - Herramienta de Email Marketing\",\"description\":\"Dise\u00f1a, env\u00eda, mide y optimiza tus campa\u00f1as de email y comun\u00edcate con tus clientes a trav\u00e9s del correo electr\u00f3nico.\",\"publisher\":{\"@id\":\"https:\\\/\\\/www.benchmarkemail.com\\\/es\\\/#organization\"},\"potentialAction\":[{\"@type\":\"SearchAction\",\"target\":{\"@type\":\"EntryPoint\",\"urlTemplate\":\"https:\\\/\\\/www.benchmarkemail.com\\\/es\\\/?s={search_term_string}\"},\"query-input\":{\"@type\":\"PropertyValueSpecification\",\"valueRequired\":true,\"valueName\":\"search_term_string\"}}],\"inLanguage\":\"en-US\"},{\"@type\":\"Organization\",\"@id\":\"https:\\\/\\\/www.benchmarkemail.com\\\/es\\\/#organization\",\"name\":\"Benchmark Email\",\"url\":\"https:\\\/\\\/www.benchmarkemail.com\\\/es\\\/\",\"logo\":{\"@type\":\"ImageObject\",\"inLanguage\":\"en-US\",\"@id\":\"https:\\\/\\\/www.benchmarkemail.com\\\/es\\\/#\\\/schema\\\/logo\\\/image\\\/\",\"url\":\"https:\\\/\\\/www.benchmarkemail.com\\\/es\\\/wp-content\\\/uploads\\\/sites\\\/4\\\/2019\\\/09\\\/benchmark-logo.svg\",\"contentUrl\":\"https:\\\/\\\/www.benchmarkemail.com\\\/es\\\/wp-content\\\/uploads\\\/sites\\\/4\\\/2019\\\/09\\\/benchmark-logo.svg\",\"width\":1,\"height\":1,\"caption\":\"Benchmark Email\"},\"image\":{\"@id\":\"https:\\\/\\\/www.benchmarkemail.com\\\/es\\\/#\\\/schema\\\/logo\\\/image\\\/\"},\"sameAs\":[\"https:\\\/\\\/www.facebook.com\\\/benchmarkemailes\",\"https:\\\/\\\/x.com\\\/benchmarkesp\",\"https:\\\/\\\/twitter.com\\\/benchmarkesp\",\"https:\\\/\\\/www.youtube.com\\\/user\\\/BenchmarkEmailESP\",\"https:\\\/\\\/www.tiktok.com\\\/@benchmarkespanol\"]}]}<\/script>\n<!-- \/ Yoast SEO plugin. -->","yoast_head_json":{"title":"Planes para grandes vol\u00famenes de env\u00edos - Benchmark Email","description":"Consulta los precios de Benchmark Email para los env\u00edos masivos de email marketing, siempre adaptados a tus necesidades.","robots":{"index":"index","follow":"follow","max-snippet":"max-snippet:-1","max-image-preview":"max-image-preview:large","max-video-preview":"max-video-preview:-1"},"canonical":"https:\/\/www.benchmarkemail.com\/es\/sender-pricing\/","og_locale":"en_US","og_type":"article","og_title":"Planes para grandes vol\u00famenes de env\u00edos - Benchmark Email","og_description":"Consulta los precios de Benchmark Email para los env\u00edos masivos de email marketing, siempre adaptados a tus necesidades.","og_url":"https:\/\/www.benchmarkemail.com\/es\/sender-pricing\/","og_site_name":"Benchmark Email - Herramienta de Email Marketing","article_publisher":"https:\/\/www.facebook.com\/benchmarkemailes","article_modified_time":"2026-02-10T11:37:44+00:00","og_image":[{"width":1400,"height":730,"url":"https:\/\/www.benchmarkemail.com\/es\/wp-content\/uploads\/sites\/4\/2022\/11\/Bulk-Email-Marketing.png","type":"image\/png"}],"twitter_card":"summary_large_image","twitter_site":"@benchmarkesp","twitter_misc":{"Est. reading time":"2 minutes"},"schema":{"@context":"https:\/\/schema.org","@graph":[{"@type":"WebPage","@id":"https:\/\/www.benchmarkemail.com\/es\/sender-pricing\/","url":"https:\/\/www.benchmarkemail.com\/es\/sender-pricing\/","name":"Planes para grandes vol\u00famenes de env\u00edos - Benchmark Email","isPartOf":{"@id":"https:\/\/www.benchmarkemail.com\/es\/#website"},"primaryImageOfPage":{"@id":"https:\/\/www.benchmarkemail.com\/es\/sender-pricing\/#primaryimage"},"image":{"@id":"https:\/\/www.benchmarkemail.com\/es\/sender-pricing\/#primaryimage"},"thumbnailUrl":"https:\/\/www.benchmarkemail.com\/es\/wp-content\/uploads\/sites\/4\/2022\/11\/Bulk-Email-Marketing.png","datePublished":"2019-12-23T11:36:58+00:00","dateModified":"2026-02-10T11:37:44+00:00","description":"Consulta los precios de Benchmark Email para los env\u00edos masivos de email marketing, siempre adaptados a tus necesidades.","breadcrumb":{"@id":"https:\/\/www.benchmarkemail.com\/es\/sender-pricing\/#breadcrumb"},"inLanguage":"en-US","potentialAction":[{"@type":"ReadAction","target":["https:\/\/www.benchmarkemail.com\/es\/sender-pricing\/"]}]},{"@type":"ImageObject","inLanguage":"en-US","@id":"https:\/\/www.benchmarkemail.com\/es\/sender-pricing\/#primaryimage","url":"https:\/\/www.benchmarkemail.com\/es\/wp-content\/uploads\/sites\/4\/2022\/11\/Bulk-Email-Marketing.png","contentUrl":"https:\/\/www.benchmarkemail.com\/es\/wp-content\/uploads\/sites\/4\/2022\/11\/Bulk-Email-Marketing.png","width":1400,"height":730},{"@type":"BreadcrumbList","@id":"https:\/\/www.benchmarkemail.com\/es\/sender-pricing\/#breadcrumb","itemListElement":[{"@type":"ListItem","position":1,"name":"Home","item":"https:\/\/www.benchmarkemail.com\/es\/"},{"@type":"ListItem","position":2,"name":"Sender Pricing"}]},{"@type":"WebSite","@id":"https:\/\/www.benchmarkemail.com\/es\/#website","url":"https:\/\/www.benchmarkemail.com\/es\/","name":"Benchmark Email - Herramienta de Email Marketing","description":"Dise\u00f1a, env\u00eda, mide y optimiza tus campa\u00f1as de email y comun\u00edcate con tus clientes a trav\u00e9s del correo electr\u00f3nico.","publisher":{"@id":"https:\/\/www.benchmarkemail.com\/es\/#organization"},"potentialAction":[{"@type":"SearchAction","target":{"@type":"EntryPoint","urlTemplate":"https:\/\/www.benchmarkemail.com\/es\/?s={search_term_string}"},"query-input":{"@type":"PropertyValueSpecification","valueRequired":true,"valueName":"search_term_string"}}],"inLanguage":"en-US"},{"@type":"Organization","@id":"https:\/\/www.benchmarkemail.com\/es\/#organization","name":"Benchmark Email","url":"https:\/\/www.benchmarkemail.com\/es\/","logo":{"@type":"ImageObject","inLanguage":"en-US","@id":"https:\/\/www.benchmarkemail.com\/es\/#\/schema\/logo\/image\/","url":"https:\/\/www.benchmarkemail.com\/es\/wp-content\/uploads\/sites\/4\/2019\/09\/benchmark-logo.svg","contentUrl":"https:\/\/www.benchmarkemail.com\/es\/wp-content\/uploads\/sites\/4\/2019\/09\/benchmark-logo.svg","width":1,"height":1,"caption":"Benchmark Email"},"image":{"@id":"https:\/\/www.benchmarkemail.com\/es\/#\/schema\/logo\/image\/"},"sameAs":["https:\/\/www.facebook.com\/benchmarkemailes","https:\/\/x.com\/benchmarkesp","https:\/\/twitter.com\/benchmarkesp","https:\/\/www.youtube.com\/user\/BenchmarkEmailESP","https:\/\/www.tiktok.com\/@benchmarkespanol"]}]}},"_links":{"self":[{"href":"https:\/\/www.benchmarkemail.com\/es\/wp-json\/wp\/v2\/pages\/8518","targetHints":{"allow":["GET"]}}],"collection":[{"href":"https:\/\/www.benchmarkemail.com\/es\/wp-json\/wp\/v2\/pages"}],"about":[{"href":"https:\/\/www.benchmarkemail.com\/es\/wp-json\/wp\/v2\/types\/page"}],"author":[{"embeddable":true,"href":"https:\/\/www.benchmarkemail.com\/es\/wp-json\/wp\/v2\/users\/7"}],"replies":[{"embeddable":true,"href":"https:\/\/www.benchmarkemail.com\/es\/wp-json\/wp\/v2\/comments?post=8518"}],"version-history":[{"count":0,"href":"https:\/\/www.benchmarkemail.com\/es\/wp-json\/wp\/v2\/pages\/8518\/revisions"}],"wp:featuredmedia":[{"embeddable":true,"href":"https:\/\/www.benchmarkemail.com\/es\/wp-json\/wp\/v2\/media\/30129"}],"wp:attachment":[{"href":"https:\/\/www.benchmarkemail.com\/es\/wp-json\/wp\/v2\/media?parent=8518"}],"curies":[{"name":"wp","href":"https:\/\/api.w.org\/{rel}","templated":true}]}}