{"id":8663,"date":"2020-01-06T13:37:37","date_gmt":"2020-01-06T13:37:37","guid":{"rendered":"http:\/\/bme2.flywheelsites.com\/?page_id=8663"},"modified":"2026-04-03T11:17:33","modified_gmt":"2026-04-03T11:17:33","slug":"cookie-policy","status":"publish","type":"page","link":"https:\/\/www.benchmarkemail.com\/es\/cookie-policy\/","title":{"rendered":"Cookie Policy"},"content":{"rendered":"\n<h2>\n\t\t\tT\u00e9rminos del Sitio\t<\/h2>\n\t<ul>\n<li><a href=\"https:\/\/www.benchmarkemail.com\/es\/privacy-policy\/\">Pol\u00edtica de Privacidad<\/a><\/li>\n<li><a href=\"https:\/\/www.benchmarkemail.com\/es\/cookie-policy\/\">Pol\u00edtica de cookies<\/a><\/li>\n<li><a href=\"https:\/\/www.benchmarkemail.com\/es\/anti-spam-policy\/\">Pol\u00edtica Anti-Spam<\/a><\/li>\n<li><a href=\"https:\/\/www.benchmarkemail.com\/es\/terms-of-use\/\">Terms Of Use<\/a><\/li>\n<li><a href=\"https:\/\/www.benchmarkemail.com\/es\/spam-free-zone\/\">Zona Libre de Spam<\/a><\/li>\n<li><a href=\"https:\/\/www.benchmarkemail.com\/es\/user-pledge\/\">Juramentacion del Usuario<\/a><\/li>\n<li><a href=\"\/es\/data-processing-addendum\/\">Anexo sobre el tratamiento de datos<\/a><\/li>\n<li><a href=\"\/es\/affiliate-terms\/\">Afiliados de T\u00e9rminos<\/a><\/li>\n<\/ul>\n<h1>\n\t\t\tPol\u00edtica de cookies\t<\/h1>\n<h6>\n\t\t\tEsta pol\u00edtica de cookies solamente aplica a los usuarios de Europa que puedan verse afectados bajo el RGPD\t<\/h6>\n\t<p>Benchmark Email es propiedad y est\u00e1 gestionada por Benchmark Internet Group (en adelante, &#8220;Benchmark, puede ser referida como &#8220;nosotros&#8221; o &#8220;nuestra&#8221;). Esta es nuestra pol\u00edtica de cookies que detalla c\u00f3mo usamos las cookies para el funcionamiento de nuestra empresa y tambi\u00e9n para cuando los suscriptores de nuestros usuarios visiten las p\u00e1ginas webs o tiendas en l\u00ednea propiedad de nuestros usuarios o abran e interact\u00faen con las campa\u00f1as de correo electr\u00f3nico enviadas a trav\u00e9s de nuestras herramientas. En esta declaraci\u00f3n, explicaremos qu\u00e9 son las cookies y por qu\u00e9 Benchmark las usa. Adem\u00e1s, te informamos de tus derechos con respecto a controlar nuestro uso en cada uno de los sitios mencionados. Nuestra Pol\u00edtica de cookies formar\u00e1 parte de nuestros\u00a0<a href=\"https:\/\/www-new.benchmarkemail.wpengine.com\/es\/TermsOfUse\">T\u00e9rminos de uso<\/a>. Los t\u00e9rminos utilizados en la pol\u00edtica de cookies no definidos aqu\u00ed se han descrito en nuestra<a href=\"https:\/\/www-new.benchmarkemail.wpengine.com\/es\/email-marketing\/privacy-policy\">Pol\u00edtica de privacidad<\/a>. Benchmark puede utilizar cookies para recopilar informaci\u00f3n personal, o que para luego se convierte en informaci\u00f3n personal cuando es combinada con informaci\u00f3n adicional. Para obtener m\u00e1s detalles de c\u00f3mo Benchmark procesa tu informaci\u00f3n personal, puedes visitar nuestra\u00a0<a href=\"https:\/\/www-new.benchmarkemail.wpengine.com\/es\/email-marketing\/privacy-policy\">Pol\u00edtica de privacidad<\/a>\u00a0y\u00a0<a href=\"https:\/\/www-new.benchmarkemail.wpengine.com\/es\/cookie-policy#cookiesettings\">Configuraci\u00f3n de cookies<\/a>.<\/p>\n<h4>\u00bfQu\u00e9 es una cookie?<\/h4>\n<p>Una cookie es una peque\u00f1a pieza que contiene informaci\u00f3n que se almacena en tu navegador cuando visitas una p\u00e1gina web. Utilizar cookies es una pr\u00e1ctica est\u00e1ndar en la web por parte de empresas SaaS como la nuestra, con el prop\u00f3sito (por ejemplo) de hacer que un sitio tenga mejor servicio o funcionamiento y para proveer datos de informes.<\/p>\n<p>Las cookies que coloca el propietario de la p\u00e1gina o proveedor de servicios (como Benchmark) se conocen como &#8220;cookies de origen&#8221;. Las cookies que colocan los propietarios de p\u00e1ginas con las que tenemos alianzas se conocen como &#8220;cookies de terceros&#8221;. Por ejemplo, las cookies de terceros permiten a un socio de integraci\u00f3n tener acceso a los datos necesarios para que las caracter\u00edsticas funcionen correctamente. Estas empresas externas pueden identificar tu ordenador o dispositivo m\u00f3vil cuando visitas la p\u00e1gina o el servicio donde se coloc\u00f3 la cookie, as\u00ed como otros sitios y servicios.<\/p>\n<h4>\u00bfPor qu\u00e9 Benchmark utiliza cookies?<\/h4>\n<p>Existen varias razones por las que utilizamos cookies. Algunas son necesarias para que nuestra p\u00e1gina y nuestras herramientas funcionen correctamente. Estas se conocen como cookies Esenciales o Estrictamente Necesarias. Algunas cookies se colocan para que ayuden a Benchmark y a terceros poder enviar mensajes m\u00e1s relevantes, y a estas se le llaman cookies de Rendimiento o Funcionalidad. Por ejemplo, utilizamos este tipo de cookies para optimizar la experiencia de usuario y proporcionar comentarios sobre las herramientas que utilizas para que puedan ser \u00fatiles. Adem\u00e1s, algunas cookies se usan para permitir que Benchmark y sus usuarios rastreen suscriptores. Por \u00faltimo, hay algunas cookies de terceros que ayudan con la publicidad, informes de datos y m\u00e1s. Puedes encontrar m\u00e1s informaci\u00f3n sobre el uso espec\u00edfico de cookies a continuaci\u00f3n.<\/p>\n<h4>Cookies prove\u00eddas por Benchmark<\/h4>\n<p>Aqu\u00ed te damos informaci\u00f3n adicional sobre el tipo de cookies que utilizamos en Benchmark:<\/p>\n<p>Cookies estrictamente necesarias<\/p>\n<p>Estas cookies son necesarias para que el sitio web funcione y no se pueden desactivar en nuestros sistemas. Por lo general, solo se configuran en respuesta a sus acciones realizadas al solicitar servicios, como establecer sus preferencias de privacidad, iniciar sesi\u00f3n o completar formularios. Puede configurar su navegador para bloquear o alertar sobre estas cookies, pero algunas \u00e1reas del sitio no funcionar\u00e1n. Estas cookies no almacenan ninguna informaci\u00f3n de identificaci\u00f3n personal.<\/p>\n<p>Cookies<\/p>\n<p>Categor\u00edas<\/p>\n<p>Benchmark<\/p>\n<p>Cookies estrictamente necesarias generadas por Benchmark. Son cookies de sesi\u00f3n de plataforma de uso general.<\/p>\n<ul>\n<li>PHPSESSID<\/li>\n<li>ASP.NET_SessionId<\/li>\n<\/ul>\n<p>OneTrust<\/p>\n<p>Esta cookie viene establecida por OneTrust que es la herramienta que utilizamos para el cumplimiento de la Pol\u00edtica de Cookies.<\/p>\n<ul>\n<li>OptanonConsent<\/li>\n<li>OptanonAlertBoxClosed<\/li>\n<\/ul>\n<p>WordPress<\/p>\n<p>Cookies establecidas por WordPress para las funcionalidades de la plataforma.<\/p>\n<ul>\n<li>pll_language<\/li>\n<li>wordpress_test_cookie<\/li>\n<\/ul>\n<p>Cookies de rendimiento<\/p>\n<p>Estas cookies nos permiten contar las visitas y fuentes de tr\u00e1fico para poder evaluar el rendimiento de nuestro sitio y mejorarlo. Nos ayudan a saber qu\u00e9 p\u00e1ginas son las m\u00e1s o las menos visitadas, y c\u00f3mo los visitantes navegan por el sitio. Toda la informaci\u00f3n que recogen estas cookies es agregada y, por lo tanto, es an\u00f3nima. Si no permite utilizar estas cookies, no sabremos cu\u00e1ndo visit\u00f3 nuestro sitio y no podremos evaluar si funcion\u00f3 correctamente.<\/p>\n<p>Cookies<\/p>\n<p>Categor\u00edas<\/p>\n<p>Google Analytics<\/p>\n<p>Se utilizan para distinguir usuarios, calcular datos de visitantes, sesiones y campa\u00f1as para los informes anal\u00edticos de las p\u00e1ginas web.<\/p>\n<ul>\n<li>_gat_UA-nnnnnnn-nn<\/li>\n<li>_ga<\/li>\n<li>__utmz<\/li>\n<li>__utma<\/li>\n<li>_gid<\/li>\n<li>__utmt<\/li>\n<li>_gat<\/li>\n<li>ubvt<\/li>\n<li>__utmv<\/li>\n<li>__utmb<\/li>\n<li>__utmc<\/li>\n<li>_gat_UA-43979731-4<\/li>\n<\/ul>\n<p>Cookies funcionales<\/p>\n<p>Estas cookies permiten que el sitio web proporcione una mejor funcionalidad y personalizaci\u00f3n. Pueden ser establecidas por nuestra empresa o por proveedores externos cuyos servicios hemos agregado a nuestras p\u00e1ginas. Si no permite utilizar estas cookies, es posible que algunos de estos servicios no funcionen correctamente.<\/p>\n<p>Cookies<\/p>\n<p>Categor\u00edas<\/p>\n<p>LiveChat<\/p>\n<p>Establece un ID \u00fanico para que LiveChat pueda identificar las visitas.<\/p>\n<ul>\n<li>__lc.visitor_id.nnnnnnn<\/li>\n<li>__atuvc<\/li>\n<li>lc_window_state<\/li>\n<li>__atuvs<\/li>\n<li>__lc_vv<\/li>\n<li>main_window_timestamp_9<\/li>\n<li>notification[personal_invitation]<\/li>\n<li>__livechat_lastvisit<\/li>\n<li>main_window_timestamp_2<\/li>\n<li>main_window_timestamp_8<\/li>\n<li>recent_window<\/li>\n<li>main_window_timestamp_10<\/li>\n<li>__livechat<\/li>\n<li>main_window_timestamp_12<\/li>\n<li>message_text<\/li>\n<li>main_window_timestamp<\/li>\n<li>main_window_timestamp_6<\/li>\n<li>notification[status_ping]<\/li>\n<li>main_window_timestamp_13<\/li>\n<li>main_window_timestamp_5<\/li>\n<li>3rdparty<\/li>\n<li>main_window_timestamp_1<\/li>\n<\/ul>\n<p>Chat Plus<\/p>\n<p>Software de chat para la p\u00e1gina en japon\u00e9s. Realiza un seguimiento de la identificaci\u00f3n \u00fanica del visitante.<\/p>\n<ul>\n<li>jp_chatplus_vtoken<\/li>\n<\/ul>\n<p>Twitter<\/p>\n<p>Estas cookies ayudan a Twitter a mejorar y entender c\u00f3mo los usuarios utilizan sus servicios, incluidos los botones y widgets, y Twitter Ads.<\/p>\n<ul>\n<li>auth_token<\/li>\n<li>twll<\/li>\n<li>__utmz<\/li>\n<li>secure_session<\/li>\n<li>guest_id<\/li>\n<li>__utma<\/li>\n<li>personalization_id<\/li>\n<li>remember_checked<\/li>\n<li>remember_checked_on<\/li>\n<\/ul>\n<p>Intercom<\/p>\n<p>Establece una identificaci\u00f3n de cookie \u00fanica que asocia con el visitante.<\/p>\n<ul>\n<li>intercom-id-ilz8qnxk<\/li>\n<\/ul>\n<p>Cookies dirigidas<\/p>\n<p>Estas cookies pueden ser establecidas a trav\u00e9s de nuestro sitio por nuestros socios publicitarios. Pueden ser utilizadas por esas empresas para crear un perfil de sus intereses y mostrarle anuncios relevantes en otros sitios. No almacenan directamente informaci\u00f3n personal, sino que se basan en la identificaci\u00f3n \u00fanica de su navegador y dispositivo de Internet. Si no permite utilizar estas cookies, ver\u00e1 menos publicidad dirigida.<\/p>\n<p>Cookies<\/p>\n<p>Categor\u00edas<\/p>\n<p>Bing<\/p>\n<p>Estas cookies son utilizadas para la publicidad en Microsoft y poder identificar an\u00f3nimamente las sesiones de los usuarios para ayudarnos a medir la efectividad de nuestras campa\u00f1as de marketing.<\/p>\n<ul>\n<li>MUID<\/li>\n<\/ul>\n<p>Disqus<\/p>\n<ul>\n<li>__utmb<\/li>\n<li>__utma<\/li>\n<li>__jid<\/li>\n<li>__utmz<\/li>\n<li>__utmc<\/li>\n<li>__utmt<\/li>\n<li>G_ENABLED_IDPS<\/li>\n<li>disqus_unique<\/li>\n<\/ul>\n<p>DoubleClick<\/p>\n<p>Esta cookie est\u00e1 asociada con el servicio de publicidad de DoubleClick de Google. Ayuda a rastrear los ratios de conversi\u00f3n de los anuncios.<\/p>\n<ul>\n<li>id<\/li>\n<\/ul>\n<p>Pinterest<\/p>\n<ul>\n<li>__utmz<\/li>\n<li>__utma<\/li>\n<li>_pinterest_sess<\/li>\n<li>__utmv<\/li>\n<\/ul>\n<p>Facebook<\/p>\n<ul>\n<li>datr<\/li>\n<li>fr<\/li>\n<\/ul>\n<p>LinkedIn<\/p>\n<ul>\n<li>leo_auth_token<\/li>\n<li>lidc<\/li>\n<li>bcookie<\/li>\n<li>__utma<\/li>\n<li>__utmv<\/li>\n<li>__utmz<\/li>\n<li>bscookie<\/li>\n<li>__qca<\/li>\n<li>visit<\/li>\n<li>JSESSIONID<\/li>\n<\/ul>\n<p>Yahoo<\/p>\n<ul>\n<li>B<\/li>\n<\/ul>\n<p>Google Maps<\/p>\n<ul>\n<li>APISID<\/li>\n<li>SSID<\/li>\n<li>NID<\/li>\n<li>SID<\/li>\n<li>SAPISID<\/li>\n<li>HSID<\/li>\n<\/ul>\n<p>SoundCloud<\/p>\n<ul>\n<li>__utma<\/li>\n<li>__utmz<\/li>\n<li>__utmb<\/li>\n<li>__utmt<\/li>\n<li>__utmc<\/li>\n<\/ul>\n<p>Cookies de redes sociales<\/p>\n<p>Estas cookies est\u00e1n establecidas por una gama de servicios de redes sociales que hemos agregado al sitio para permitirle compartir nuestro contenido con sus amigos y redes. Pueden monitorear su navegador a trav\u00e9s de otros sitios y elaborar un perfil de sus intereses. Esto puede afectar el contenido y los mensajes que ve en otros sitios web que visita. Si no permite estas cookies, es posible que no pueda usar o ver estas herramientas para compartir.<\/p>\n<p>Cookies<\/p>\n<p>Categor\u00edas<\/p>\n<p>AddThis<\/p>\n<ul>\n<li>loc<\/li>\n<li>mus<\/li>\n<li>uid<\/li>\n<li>uvc<\/li>\n<\/ul>\n\t<h4>Otras tecnolog\u00edas de seguimiento<\/h4>\n<p>Benchmark y sus socios de integraci\u00f3n de terceros, en ocasiones pueden emplear tecnolog\u00edas comparables a las cookies. Estas incluyen p\u00edxeles, web beacons o tecnolog\u00edas de seguimiento similares. Esto nos permite rastrear el compromiso de la p\u00e1gina web y del correo electr\u00f3nico, para el mejor uso de nuestras herramientas. Tambi\u00e9n nos ayuda a obtener la mejor experiencia de usuario posible, por ejemplo, para rastrear a un visitante desde un anuncio, a trav\u00e9s de nuestra p\u00e1gina web, para proporcionar mejor comunicaci\u00f3n y mensajes correctos en funci\u00f3n de los intereses del visitante. Estas tecnolog\u00edas de seguimiento pueden tener o no la capacidad de rechazarlas o deshabilitarlas directamente y pueden depender de las cookies de correcto funcionamiento. Como tal, la eliminaci\u00f3n de cookies afectar\u00e1 negativamente las funciones de estas tecnolog\u00edas.<\/p>\n<h4>Publicidad en l\u00ednea enfocada\/dirigida<\/h4>\n<p>Benchmark utiliza al menos una plataforma de terceros para rastrear y analizar el comportamiento y los datos del usuario. Tambi\u00e9n empleamos al menos una plataforma de terceros para administrar y mostrar anuncios en otros sitios.<\/p>\n<p>Las plataformas de terceros usan cookies y otras tecnolog\u00edas de seguimiento para crear informaci\u00f3n sobre sus actividades en l\u00ednea, tanto en nuestro sitio como en otros, y en aplicaciones m\u00f3viles, para entregar anuncios orientados que sean relevantes para sus intereses o necesidades. Para obtener m\u00e1s informaci\u00f3n sobre este tipo de anuncios, puedes visitar la siguiente p\u00e1gina:<a href=\"http:\/\/www.aboutads.info\/choices\/\" target=\"_blank\" rel=\"noopener\">\u00a0http:\/\/www.aboutads.info\/choices\/<\/a>.<\/p>\n<p>Para monitorear la efectividad de este tipo de anuncios, los proveedores de servicios externos pueden usar cookies o tecnolog\u00edas similares para recopilar datos sobre sus visitas a nuestros sitios y\/u otros sitios de terceros. Esta informaci\u00f3n no incluye informaci\u00f3n personal que pueda identificarte por nombre o direcci\u00f3n de correo electr\u00f3nico.<\/p>\n<h4>Cookies prove\u00eddas a trav\u00e9s de las herramientas de Benchmark<\/h4>\n<h4>Campa\u00f1as de correo de usuario<\/h4>\n<p>Hay un peque\u00f1o p\u00edxel que se coloca autom\u00e1ticamente en cada correo electr\u00f3nico enviado con Benchmark. Esto es lo que ayuda a identificar si tus correos electr\u00f3nicos fueron abiertos o si se hizo clic en alguno de los enlaces. Este p\u00edxel registrar\u00e1 las direcciones de correo electr\u00f3nico del suscriptor, la IP, la fecha y hora de cada apertura y de cada correo determinado. Esto es imprescindible para el correcto funcionamiento de nuestras herramientas de informes.<\/p>\n<h4>\u00bfC\u00f3mo puedo controlar las cookies?<\/h4>\n<p>Es tu derecho determinar si deseas aceptar o rechazar las cookies.<\/p>\n<p><strong>Centro de preferencia de cookies<\/strong>: T\u00fa puedes administrar qu\u00e9 cookies deseas permitir o aceptar desde la p\u00e1gina web de Benchmark, haciendo clic a continuaci\u00f3n:<\/p>\n<p>&nbsp;<\/p>\n<p><strong>Controles de navegador<\/strong>: En las preferencias o control de tu navegador, puedes optar por aceptar o rechazar las cookies. El rechazo de las cookies todav\u00eda te dar\u00e1 acceso a nuestra p\u00e1gina web, pero algunas funciones pueden ser limitadas. Cabe se\u00f1alar que la aceptaci\u00f3n y el rechazo de las cookies en tu navegador web var\u00eda de un navegador a otro y deben gestionarse individualmente. Puedes consultar el men\u00fa de ayuda de tu navegador web para obtener orientaci\u00f3n adicional.<\/p>\n<p><strong>Publicidad basada en internet<\/strong>: Muchas plataformas de anuncios te permiten inhabilitar o rechazar sus anuncios. Puedes obtener m\u00e1s informaci\u00f3n en\u00a0<a href=\"http:\/\/www.aboutads.info\/choices\/\" target=\"_blank\" rel=\"noopener\">http:\/\/www.aboutads.info\/choices\/<\/a>\u00a0o<a href=\"http:\/\/www.youronlinechoices.com\/\" target=\"_blank\" rel=\"noopener\">\u00a0http:\/\/www.youronlinechoices.com<\/a>.<\/p>\n<p><strong>Publicidad en dispositivos m\u00f3viles<\/strong>: Puedes inhabilitar los rastreadores de anuncios m\u00f3viles a trav\u00e9s de la configuraci\u00f3n en tu dispositivo Apple o Android y seguir sus instrucciones. Si no aceptas estos anuncios, tus datos ser\u00e1n eliminados y no se recopilar\u00e1n datos adicionales ni se realizar\u00e1 ning\u00fan seguimiento. La identificaci\u00f3n previamente designada por ti (o por un tercero) ser\u00e1 eliminada, lo que significa que si luego aceptas, ser\u00e1s identificado como un nuevo usuario.<\/p>\n<p><strong>No rastrear<\/strong>: Muchos navegadores, como Firefox, Safari o Internet Explorer, te brindan la posibilidad de transmitir se\u00f1ales de no rastrear (DNT). Como no existe un est\u00e1ndar establecido para las se\u00f1ales DNT, actualmente no procesamos ni respondemos a estas se\u00f1ales. Benchmark mantiene su privacidad en nuestra m\u00e1xima importancia y supervisar\u00e1 la tecnolog\u00eda DNT en los navegadores en el futuro. Puedes obtener m\u00e1s informaci\u00f3n sobre DNT si visitas la p\u00e1gina\u00a0<a href=\"https:\/\/allaboutdnt.com\/\" target=\"_blank\" rel=\"noopener\">Todo sobre se\u00f1ales de no rastreo<\/a>.<\/p>\n<h4>\u00bfCon qu\u00e9 frecuencia Benchmark actualizar\u00e1 esta declaraci\u00f3n de cookies?<\/h4>\n<p>Actualizaremos la Pol\u00edtica de Cookies seg\u00fan sea necesario, con respecto a cambios en las leyes o regulaciones. Es de tu inter\u00e9s revisar nuestra Pol\u00edtica de cookies regularmente para mantenerte informado sobre la \u00faltima informaci\u00f3n disponible que tenemos para ti.<\/p>\n<p>La fecha en nuestra Pol\u00edtica de cookies refleja la actualizaci\u00f3n m\u00e1s reciente.<\/p>\n\n","protected":false},"excerpt":{"rendered":"<p>T\u00e9rminos del Sitio Pol\u00edtica de Privacidad Pol\u00edtica de cookies Pol\u00edtica Anti-Spam Terms Of Use Zona Libre de Spam Juramentacion del Usuario Anexo sobre el tratamiento de datos Afiliados de T\u00e9rminos Pol\u00edtica de cookies Esta pol\u00edtica de cookies solamente aplica a los usuarios de Europa que puedan verse afectados bajo el RGPD Benchmark Email es propiedad&hellip;<\/p>\n","protected":false},"author":7,"featured_media":0,"parent":0,"menu_order":0,"comment_status":"closed","ping_status":"closed","template":"","meta":{"inline_featured_image":false,"footnotes":""},"class_list":["post-8663","page","type-page","status-publish","hentry"],"yoast_head":"<!-- This site is optimized with the Yoast SEO plugin v27.4 - https:\/\/yoast.com\/product\/yoast-seo-wordpress\/ -->\n<title>Pol\u00edtica de cookies - Benchmark Email<\/title>\n<meta name=\"robots\" content=\"index, follow, max-snippet:-1, max-image-preview:large, max-video-preview:-1\" \/>\n<link rel=\"canonical\" href=\"https:\/\/www.benchmarkemail.com\/es\/cookie-policy\/\" \/>\n<meta property=\"og:locale\" content=\"en_US\" \/>\n<meta property=\"og:type\" content=\"article\" \/>\n<meta property=\"og:title\" content=\"Pol\u00edtica de cookies - Benchmark Email\" \/>\n<meta property=\"og:description\" content=\"T\u00e9rminos del Sitio Pol\u00edtica de Privacidad Pol\u00edtica de cookies Pol\u00edtica Anti-Spam Terms Of Use Zona Libre de Spam Juramentacion del Usuario Anexo sobre el tratamiento de datos Afiliados de T\u00e9rminos Pol\u00edtica de cookies Esta pol\u00edtica de cookies solamente aplica a los usuarios de Europa que puedan verse afectados bajo el RGPD Benchmark Email es propiedad&hellip;\" \/>\n<meta property=\"og:url\" content=\"https:\/\/www.benchmarkemail.com\/es\/cookie-policy\/\" \/>\n<meta property=\"og:site_name\" content=\"Benchmark Email - Herramienta de Email Marketing\" \/>\n<meta property=\"article:publisher\" content=\"https:\/\/www.facebook.com\/benchmarkemailes\" \/>\n<meta property=\"article:modified_time\" content=\"2026-04-03T11:17:33+00:00\" \/>\n<meta name=\"twitter:card\" content=\"summary_large_image\" \/>\n<meta name=\"twitter:site\" content=\"@benchmarkesp\" \/>\n<meta name=\"twitter:label1\" content=\"Est. reading time\" \/>\n\t<meta name=\"twitter:data1\" content=\"11 minutes\" \/>\n<script type=\"application\/ld+json\" class=\"yoast-schema-graph\">{\"@context\":\"https:\\\/\\\/schema.org\",\"@graph\":[{\"@type\":\"WebPage\",\"@id\":\"https:\\\/\\\/www.benchmarkemail.com\\\/es\\\/cookie-policy\\\/\",\"url\":\"https:\\\/\\\/www.benchmarkemail.com\\\/es\\\/cookie-policy\\\/\",\"name\":\"Pol\u00edtica de cookies - Benchmark Email\",\"isPartOf\":{\"@id\":\"https:\\\/\\\/www.benchmarkemail.com\\\/es\\\/#website\"},\"datePublished\":\"2020-01-06T13:37:37+00:00\",\"dateModified\":\"2026-04-03T11:17:33+00:00\",\"breadcrumb\":{\"@id\":\"https:\\\/\\\/www.benchmarkemail.com\\\/es\\\/cookie-policy\\\/#breadcrumb\"},\"inLanguage\":\"en-US\",\"potentialAction\":[{\"@type\":\"ReadAction\",\"target\":[\"https:\\\/\\\/www.benchmarkemail.com\\\/es\\\/cookie-policy\\\/\"]}]},{\"@type\":\"BreadcrumbList\",\"@id\":\"https:\\\/\\\/www.benchmarkemail.com\\\/es\\\/cookie-policy\\\/#breadcrumb\",\"itemListElement\":[{\"@type\":\"ListItem\",\"position\":1,\"name\":\"Home\",\"item\":\"https:\\\/\\\/www.benchmarkemail.com\\\/es\\\/\"},{\"@type\":\"ListItem\",\"position\":2,\"name\":\"Cookie Policy\"}]},{\"@type\":\"WebSite\",\"@id\":\"https:\\\/\\\/www.benchmarkemail.com\\\/es\\\/#website\",\"url\":\"https:\\\/\\\/www.benchmarkemail.com\\\/es\\\/\",\"name\":\"Benchmark Email - Herramienta de Email Marketing\",\"description\":\"Dise\u00f1a, env\u00eda, mide y optimiza tus campa\u00f1as de email y comun\u00edcate con tus clientes a trav\u00e9s del correo electr\u00f3nico.\",\"publisher\":{\"@id\":\"https:\\\/\\\/www.benchmarkemail.com\\\/es\\\/#organization\"},\"potentialAction\":[{\"@type\":\"SearchAction\",\"target\":{\"@type\":\"EntryPoint\",\"urlTemplate\":\"https:\\\/\\\/www.benchmarkemail.com\\\/es\\\/?s={search_term_string}\"},\"query-input\":{\"@type\":\"PropertyValueSpecification\",\"valueRequired\":true,\"valueName\":\"search_term_string\"}}],\"inLanguage\":\"en-US\"},{\"@type\":\"Organization\",\"@id\":\"https:\\\/\\\/www.benchmarkemail.com\\\/es\\\/#organization\",\"name\":\"Benchmark Email\",\"url\":\"https:\\\/\\\/www.benchmarkemail.com\\\/es\\\/\",\"logo\":{\"@type\":\"ImageObject\",\"inLanguage\":\"en-US\",\"@id\":\"https:\\\/\\\/www.benchmarkemail.com\\\/es\\\/#\\\/schema\\\/logo\\\/image\\\/\",\"url\":\"https:\\\/\\\/www.benchmarkemail.com\\\/es\\\/wp-content\\\/uploads\\\/sites\\\/4\\\/2019\\\/09\\\/benchmark-logo.svg\",\"contentUrl\":\"https:\\\/\\\/www.benchmarkemail.com\\\/es\\\/wp-content\\\/uploads\\\/sites\\\/4\\\/2019\\\/09\\\/benchmark-logo.svg\",\"width\":1,\"height\":1,\"caption\":\"Benchmark Email\"},\"image\":{\"@id\":\"https:\\\/\\\/www.benchmarkemail.com\\\/es\\\/#\\\/schema\\\/logo\\\/image\\\/\"},\"sameAs\":[\"https:\\\/\\\/www.facebook.com\\\/benchmarkemailes\",\"https:\\\/\\\/x.com\\\/benchmarkesp\",\"https:\\\/\\\/twitter.com\\\/benchmarkesp\",\"https:\\\/\\\/www.youtube.com\\\/user\\\/BenchmarkEmailESP\",\"https:\\\/\\\/www.tiktok.com\\\/@benchmarkespanol\"]}]}<\/script>\n<!-- \/ Yoast SEO plugin. -->","yoast_head_json":{"title":"Pol\u00edtica de cookies - Benchmark Email","robots":{"index":"index","follow":"follow","max-snippet":"max-snippet:-1","max-image-preview":"max-image-preview:large","max-video-preview":"max-video-preview:-1"},"canonical":"https:\/\/www.benchmarkemail.com\/es\/cookie-policy\/","og_locale":"en_US","og_type":"article","og_title":"Pol\u00edtica de cookies - Benchmark Email","og_description":"T\u00e9rminos del Sitio Pol\u00edtica de Privacidad Pol\u00edtica de cookies Pol\u00edtica Anti-Spam Terms Of Use Zona Libre de Spam Juramentacion del Usuario Anexo sobre el tratamiento de datos Afiliados de T\u00e9rminos Pol\u00edtica de cookies Esta pol\u00edtica de cookies solamente aplica a los usuarios de Europa que puedan verse afectados bajo el RGPD Benchmark Email es propiedad&hellip;","og_url":"https:\/\/www.benchmarkemail.com\/es\/cookie-policy\/","og_site_name":"Benchmark Email - Herramienta de Email Marketing","article_publisher":"https:\/\/www.facebook.com\/benchmarkemailes","article_modified_time":"2026-04-03T11:17:33+00:00","twitter_card":"summary_large_image","twitter_site":"@benchmarkesp","twitter_misc":{"Est. reading time":"11 minutes"},"schema":{"@context":"https:\/\/schema.org","@graph":[{"@type":"WebPage","@id":"https:\/\/www.benchmarkemail.com\/es\/cookie-policy\/","url":"https:\/\/www.benchmarkemail.com\/es\/cookie-policy\/","name":"Pol\u00edtica de cookies - Benchmark Email","isPartOf":{"@id":"https:\/\/www.benchmarkemail.com\/es\/#website"},"datePublished":"2020-01-06T13:37:37+00:00","dateModified":"2026-04-03T11:17:33+00:00","breadcrumb":{"@id":"https:\/\/www.benchmarkemail.com\/es\/cookie-policy\/#breadcrumb"},"inLanguage":"en-US","potentialAction":[{"@type":"ReadAction","target":["https:\/\/www.benchmarkemail.com\/es\/cookie-policy\/"]}]},{"@type":"BreadcrumbList","@id":"https:\/\/www.benchmarkemail.com\/es\/cookie-policy\/#breadcrumb","itemListElement":[{"@type":"ListItem","position":1,"name":"Home","item":"https:\/\/www.benchmarkemail.com\/es\/"},{"@type":"ListItem","position":2,"name":"Cookie Policy"}]},{"@type":"WebSite","@id":"https:\/\/www.benchmarkemail.com\/es\/#website","url":"https:\/\/www.benchmarkemail.com\/es\/","name":"Benchmark Email - Herramienta de Email Marketing","description":"Dise\u00f1a, env\u00eda, mide y optimiza tus campa\u00f1as de email y comun\u00edcate con tus clientes a trav\u00e9s del correo electr\u00f3nico.","publisher":{"@id":"https:\/\/www.benchmarkemail.com\/es\/#organization"},"potentialAction":[{"@type":"SearchAction","target":{"@type":"EntryPoint","urlTemplate":"https:\/\/www.benchmarkemail.com\/es\/?s={search_term_string}"},"query-input":{"@type":"PropertyValueSpecification","valueRequired":true,"valueName":"search_term_string"}}],"inLanguage":"en-US"},{"@type":"Organization","@id":"https:\/\/www.benchmarkemail.com\/es\/#organization","name":"Benchmark Email","url":"https:\/\/www.benchmarkemail.com\/es\/","logo":{"@type":"ImageObject","inLanguage":"en-US","@id":"https:\/\/www.benchmarkemail.com\/es\/#\/schema\/logo\/image\/","url":"https:\/\/www.benchmarkemail.com\/es\/wp-content\/uploads\/sites\/4\/2019\/09\/benchmark-logo.svg","contentUrl":"https:\/\/www.benchmarkemail.com\/es\/wp-content\/uploads\/sites\/4\/2019\/09\/benchmark-logo.svg","width":1,"height":1,"caption":"Benchmark Email"},"image":{"@id":"https:\/\/www.benchmarkemail.com\/es\/#\/schema\/logo\/image\/"},"sameAs":["https:\/\/www.facebook.com\/benchmarkemailes","https:\/\/x.com\/benchmarkesp","https:\/\/twitter.com\/benchmarkesp","https:\/\/www.youtube.com\/user\/BenchmarkEmailESP","https:\/\/www.tiktok.com\/@benchmarkespanol"]}]}},"_links":{"self":[{"href":"https:\/\/www.benchmarkemail.com\/es\/wp-json\/wp\/v2\/pages\/8663","targetHints":{"allow":["GET"]}}],"collection":[{"href":"https:\/\/www.benchmarkemail.com\/es\/wp-json\/wp\/v2\/pages"}],"about":[{"href":"https:\/\/www.benchmarkemail.com\/es\/wp-json\/wp\/v2\/types\/page"}],"author":[{"embeddable":true,"href":"https:\/\/www.benchmarkemail.com\/es\/wp-json\/wp\/v2\/users\/7"}],"replies":[{"embeddable":true,"href":"https:\/\/www.benchmarkemail.com\/es\/wp-json\/wp\/v2\/comments?post=8663"}],"version-history":[{"count":0,"href":"https:\/\/www.benchmarkemail.com\/es\/wp-json\/wp\/v2\/pages\/8663\/revisions"}],"wp:attachment":[{"href":"https:\/\/www.benchmarkemail.com\/es\/wp-json\/wp\/v2\/media?parent=8663"}],"curies":[{"name":"wp","href":"https:\/\/api.w.org\/{rel}","templated":true}]}}