{"id":9049,"date":"2020-01-14T15:52:51","date_gmt":"2020-01-14T15:52:51","guid":{"rendered":"http:\/\/bme2.flywheelsites.com\/?page_id=9049"},"modified":"2021-06-10T18:32:19","modified_gmt":"2021-06-10T18:32:19","slug":"help-phone","status":"publish","type":"page","link":"https:\/\/www.benchmarkemail.com\/es\/help-phone\/","title":{"rendered":"Help phone"},"content":{"rendered":"<h1>\n\t\tLl\u00e1manos\n\t<\/h1>\n\t<table>\n                <thead>\n                    <tr>\n                        <th><\/th>\n                        <th>Contacto<\/th>\n                        <th>Internacional<\/th>\n                        <th>D\u00edas de Oficina\t<\/th>\n                        <th>Horas<\/th>\n                        <th>Zona Horaria<\/th>\n                    <\/tr>\n                <\/thead>\n                <tbody>\n                    <tr>\n                        <td>\n                            <img decoding=\"async\" title=\"USA\" alt=\"USA\" src=\"https:\/\/www.benchmarkemail.com\/wp-content\/uploads\/2020\/01\/ns-flag-sprite.png\">\n                        <\/td>\n                        <td>800.430.4095<\/td>\n                        <td>213.493.6558<\/td>\n                        <td>L-V<\/td>\n                        <td>6:00AM-5:00PM<\/td>\n                        <td>PST<\/td>\n                    <\/tr>\n                    <tr>\n                        <td>\n                            <img decoding=\"async\" title=\"Mexico\" alt=\"Mexico\" src=\"https:\/\/www.benchmarkemail.com\/wp-content\/uploads\/2020\/01\/ns-flag-sprite.png\">\n                        <\/td>\n                        <td>52.55.3300.5177<\/td>\n                        <td><\/td>\n                        <td>L-V<\/td>\n                        <td>9:00AM-6:00PM<\/td>\n                        <td>UTC- 6 Horas<\/td>\n                    <\/tr>\n                    <tr>\n                        <td>\n                            <img decoding=\"async\" title=\"Spain\" alt=\"Spain\" src=\"https:\/\/www.benchmarkemail.com\/wp-content\/uploads\/2020\/01\/ns-flag-sprite.png\">\n                        <\/td>\n                        <td>(+34) 912 558 876<\/td>\n                        <td><\/td>\n                        <td>L-V<\/td>\n                        <td>9:00AM-6:00PM<\/td>\n                        <td>CEST<\/td>\n                    <\/tr>\n                    <tr>\n                        <td>\n                            <img decoding=\"async\" title=\"Colombia\" alt=\"Colombia\" src=\"https:\/\/www.benchmarkemail.com\/wp-content\/uploads\/2020\/01\/ns-flag-sprite.png\">\n                        <\/td>\n                        <td>(57) 3213109122<\/td>\n                        <td><\/td>\n                        <td>L-V<\/td>\n                        <td>8:00AM-5:00PM<\/td>\n                        <td>UTC -5 Horas<\/td>\n                    <\/tr>\n                    <tr>\n                        <td>\n                            <img decoding=\"async\" title=\"Guatemala\" alt=\"Guatemala\" src=\"https:\/\/www.benchmarkemail.com\/wp-content\/uploads\/2020\/01\/ns-flag-sprite.png\">\n                        <\/td>\n                        <td>502.6626-5959<\/td>\n                        <td><\/td>\n                        <td>L-V<\/td>\n                        <td>7:00AM-5:00PM<\/td>\n                        <td>UTC -6 Horas<\/td>\n                    <\/tr>\n                    <tr>\n                        <td>\n                            <img decoding=\"async\" title=\"Brasil\" alt=\"Brasil\" src=\"https:\/\/www.benchmarkemail.com\/wp-content\/uploads\/2020\/01\/ns-flag-sprite.png\">\n                        <\/td>\n                        <td>Atendimento Telef\u00f4nico Indispon\u00edvel\t<\/td>\n                        <td><\/td>\n                        <td>L-V<\/td>\n                        <td>9:00AM-6:00PM<\/td>\n                        <td>UTC -3 Horas<\/td>\n                    <\/tr>\n                    <tr>\n                        <td>\n                            <img decoding=\"async\" title=\"Portugal\" alt=\"Portugal\" src=\"https:\/\/www.benchmarkemail.com\/wp-content\/uploads\/2020\/01\/ns-flag-sprite.png\">\n                        <\/td>\n                        <td>Atendimento Telef\u00f4nico Indispon\u00edvel\t<\/td>\n                        <td><\/td>\n                        <td>L-V<\/td>\n                        <td>9:00AM-6:00PM<\/td>\n                        <td>UTC &#8211; 3 Horas<\/td>\n                    <\/tr>\n                    <tr>\n                        <td>\n                            <img decoding=\"async\" title=\"Germany\" alt=\"Germany\" src=\"https:\/\/www.benchmarkemail.com\/wp-content\/uploads\/2020\/01\/ns-flag-sprite.png\">\n                        <\/td>\n                        <td>(+49) 8341 9753 002<\/td>\n                        <td><\/td>\n                        <td>L-V<\/td>\n                        <td>9:00AM-6:00PM<\/td>\n                        <td>CET<\/td>\n                    <\/tr>\n                    <tr>\n                        <td>\n                            <img decoding=\"async\" title=\"France\" alt=\"France\" src=\"https:\/\/www.benchmarkemail.com\/wp-content\/uploads\/2020\/01\/ns-flag-sprite.png\">\n                        <\/td>\n                        <td>(+33) 01 86 26 09 53<\/td>\n                        <td><\/td>\n                        <td>L-V<\/td>\n                        <td>9:00AM-6:00PM<\/td>\n                        <td>CEST<\/td>\n                    <\/tr>\n                    <tr>\n                        <td>\n                            <img decoding=\"async\" title=\"Switzerland\" alt=\"Switzerland\" src=\"https:\/\/www.benchmarkemail.com\/wp-content\/uploads\/2020\/01\/ns-flag-sprite.png\">\n                        <\/td>\n                        <td>(+41) 43 508 4676<\/td>\n                        <td><\/td>\n                        <td>L-V<\/td>\n                        <td>9:00AM-6:00PM<\/td>\n                        <td>CET<\/td>\n                    <\/tr>\n                    <tr>\n                        <td>\n                            <img decoding=\"async\" title=\"Italy\" alt=\"Italy\" src=\"https:\/\/www.benchmarkemail.com\/wp-content\/uploads\/2020\/01\/ns-flag-sprite.png\">\n                        <\/td>\n                        <td>0039 06 94806705<\/td>\n                        <td><\/td>\n                        <td>L-V<\/td>\n                        <td>9:00AM-6:00PM<\/td>\n                        <td>CEST<\/td>\n                    <\/tr>\n                    <tr>\n                        <td>\n                            <img decoding=\"async\" title=\"Taiwan\" alt=\"Taiwan\" src=\"https:\/\/www.benchmarkemail.com\/wp-content\/uploads\/2020\/01\/ns-flag-sprite.png\">\n                        <\/td>\n                        <td>886-2-2258-5981<\/td>\n                        <td><\/td>\n                        <td>L-V<\/td>\n                        <td>8:30 AM-5:30PM<\/td>\n                        <td>GMT+8<\/td>\n                    <\/tr>\n                    <tr>\n                        <td>\n                            <img decoding=\"async\" title=\"China\" alt=\"China\" src=\"https:\/\/www.benchmarkemail.com\/wp-content\/uploads\/2020\/01\/ns-flag-sprite.png\">\n                        <\/td>\n                        <td>+86 020 8981 0899<\/td>\n                        <td><\/td>\n                        <td>L-V<\/td>\n                        <td>8:30AM-6:00PM<\/td>\n                        <td>GMT+8<\/td>\n                    <\/tr>\n                    <tr>\n                        <td>\n                            <img decoding=\"async\" title=\"UK\" alt=\"UK\" src=\"https:\/\/www.benchmarkemail.com\/wp-content\/uploads\/2020\/01\/ns-flag-sprite.png\">\n                        <\/td>\n                        <td>(+44) 20 3695 2266<\/td>\n                        <td><\/td>\n                        <td>L-V<\/td>\n                        <td>8:00AM-5:00PM<\/td>\n                        <td>GMT<\/td>\n                    <\/tr>\n                    <tr>\n                        <td>\n                            <img decoding=\"async\" title=\"Japan\" alt=\"Japan\" src=\"https:\/\/www.benchmarkemail.com\/wp-content\/uploads\/2020\/01\/ns-flag-sprite.png\">\n                        <\/td>\n                        <td>\u30c1\u30e3\u30c3\u30c8\u30fb\u30e1\u30fc\u30eb\u306e\u307f\u5bfe\u5fdc<\/td>\n                        <td><\/td>\n                        <td>L-V<\/td>\n                        <td>10:00AM-12:00PM 1:00PM-5:00PM<\/td>\n                        <td>GMT+9<\/td>\n                    <\/tr>\n                    <tr>\n                        <td>\n                            <img decoding=\"async\" title=\"India\" alt=\"India\" src=\"https:\/\/www.benchmarkemail.com\/wp-content\/uploads\/2020\/01\/ns-flag-sprite.png\">\n                        <\/td>\n                        <td>0124 &#8211; 419 2601 \/02\/03\/04\/05<\/td>\n                        <td><\/td>\n                        <td>L-D 24\/7<\/td>\n                        <td>Lunes 5:00 AM &#8211; Domingo 5:00 AM<\/td>\n                        <td>GMT+05:30<\/td>\n                    <\/tr>\n                <\/tbody>\n            <\/table>\n","protected":false},"excerpt":{"rendered":"<p>Ll\u00e1manos Contacto Internacional D\u00edas de Oficina Horas Zona Horaria 800.430.4095 213.493.6558 L-V 6:00AM-5:00PM PST 52.55.3300.5177 L-V 9:00AM-6:00PM UTC- 6 Horas (+34) 912 558 876 L-V 9:00AM-6:00PM CEST (57) 3213109122 L-V 8:00AM-5:00PM UTC -5 Horas 502.6626-5959 L-V 7:00AM-5:00PM UTC -6 Horas Atendimento Telef\u00f4nico Indispon\u00edvel L-V 9:00AM-6:00PM UTC -3 Horas Atendimento Telef\u00f4nico Indispon\u00edvel L-V 9:00AM-6:00PM UTC &#8211;&hellip;<\/p>\n","protected":false},"author":7,"featured_media":0,"parent":0,"menu_order":0,"comment_status":"closed","ping_status":"closed","template":"","meta":{"inline_featured_image":false,"footnotes":""},"class_list":["post-9049","page","type-page","status-publish","hentry"],"yoast_head":"<!-- This site is optimized with the Yoast SEO plugin v27.3 - https:\/\/yoast.com\/product\/yoast-seo-wordpress\/ -->\n<title>Tel\u00e9fono de servicio al cliente - Benchmark Email<\/title>\n<meta name=\"robots\" content=\"index, follow, max-snippet:-1, max-image-preview:large, max-video-preview:-1\" \/>\n<link rel=\"canonical\" href=\"https:\/\/www.benchmarkemail.com\/es\/help-phone\/\" \/>\n<meta property=\"og:locale\" content=\"en_US\" \/>\n<meta property=\"og:type\" content=\"article\" \/>\n<meta property=\"og:title\" content=\"Tel\u00e9fono de servicio al cliente - Benchmark Email\" \/>\n<meta property=\"og:description\" content=\"Ll\u00e1manos Contacto Internacional D\u00edas de Oficina Horas Zona Horaria 800.430.4095 213.493.6558 L-V 6:00AM-5:00PM PST 52.55.3300.5177 L-V 9:00AM-6:00PM UTC- 6 Horas (+34) 912 558 876 L-V 9:00AM-6:00PM CEST (57) 3213109122 L-V 8:00AM-5:00PM UTC -5 Horas 502.6626-5959 L-V 7:00AM-5:00PM UTC -6 Horas Atendimento Telef\u00f4nico Indispon\u00edvel L-V 9:00AM-6:00PM UTC -3 Horas Atendimento Telef\u00f4nico Indispon\u00edvel L-V 9:00AM-6:00PM UTC &#8211;&hellip;\" \/>\n<meta property=\"og:url\" content=\"https:\/\/www.benchmarkemail.com\/es\/help-phone\/\" \/>\n<meta property=\"og:site_name\" content=\"Benchmark Email - Herramienta de Email Marketing\" \/>\n<meta property=\"article:publisher\" content=\"https:\/\/www.facebook.com\/benchmarkemailes\" \/>\n<meta property=\"article:modified_time\" content=\"2021-06-10T18:32:19+00:00\" \/>\n<meta property=\"og:image\" content=\"https:\/\/www.benchmarkemail.com\/wp-content\/uploads\/2020\/01\/ns-flag-sprite.png\" \/>\n<meta name=\"twitter:card\" content=\"summary_large_image\" \/>\n<meta name=\"twitter:site\" content=\"@benchmarkesp\" \/>\n<meta name=\"twitter:label1\" content=\"Est. reading time\" \/>\n\t<meta name=\"twitter:data1\" content=\"1 minute\" \/>\n<script type=\"application\/ld+json\" class=\"yoast-schema-graph\">{\"@context\":\"https:\\\/\\\/schema.org\",\"@graph\":[{\"@type\":\"WebPage\",\"@id\":\"https:\\\/\\\/www.benchmarkemail.com\\\/es\\\/help-phone\\\/\",\"url\":\"https:\\\/\\\/www.benchmarkemail.com\\\/es\\\/help-phone\\\/\",\"name\":\"Tel\u00e9fono de servicio al cliente - Benchmark Email\",\"isPartOf\":{\"@id\":\"https:\\\/\\\/www.benchmarkemail.com\\\/es\\\/#website\"},\"primaryImageOfPage\":{\"@id\":\"https:\\\/\\\/www.benchmarkemail.com\\\/es\\\/help-phone\\\/#primaryimage\"},\"image\":{\"@id\":\"https:\\\/\\\/www.benchmarkemail.com\\\/es\\\/help-phone\\\/#primaryimage\"},\"thumbnailUrl\":\"https:\\\/\\\/www.benchmarkemail.com\\\/wp-content\\\/uploads\\\/2020\\\/01\\\/ns-flag-sprite.png\",\"datePublished\":\"2020-01-14T15:52:51+00:00\",\"dateModified\":\"2021-06-10T18:32:19+00:00\",\"breadcrumb\":{\"@id\":\"https:\\\/\\\/www.benchmarkemail.com\\\/es\\\/help-phone\\\/#breadcrumb\"},\"inLanguage\":\"en-US\",\"potentialAction\":[{\"@type\":\"ReadAction\",\"target\":[\"https:\\\/\\\/www.benchmarkemail.com\\\/es\\\/help-phone\\\/\"]}]},{\"@type\":\"ImageObject\",\"inLanguage\":\"en-US\",\"@id\":\"https:\\\/\\\/www.benchmarkemail.com\\\/es\\\/help-phone\\\/#primaryimage\",\"url\":\"https:\\\/\\\/www.benchmarkemail.com\\\/wp-content\\\/uploads\\\/2020\\\/01\\\/ns-flag-sprite.png\",\"contentUrl\":\"https:\\\/\\\/www.benchmarkemail.com\\\/wp-content\\\/uploads\\\/2020\\\/01\\\/ns-flag-sprite.png\"},{\"@type\":\"BreadcrumbList\",\"@id\":\"https:\\\/\\\/www.benchmarkemail.com\\\/es\\\/help-phone\\\/#breadcrumb\",\"itemListElement\":[{\"@type\":\"ListItem\",\"position\":1,\"name\":\"Home\",\"item\":\"https:\\\/\\\/www.benchmarkemail.com\\\/es\\\/\"},{\"@type\":\"ListItem\",\"position\":2,\"name\":\"Help phone\"}]},{\"@type\":\"WebSite\",\"@id\":\"https:\\\/\\\/www.benchmarkemail.com\\\/es\\\/#website\",\"url\":\"https:\\\/\\\/www.benchmarkemail.com\\\/es\\\/\",\"name\":\"Benchmark Email - Herramienta de Email Marketing\",\"description\":\"Dise\u00f1a, env\u00eda, mide y optimiza tus campa\u00f1as de email y comun\u00edcate con tus clientes a trav\u00e9s del correo electr\u00f3nico.\",\"publisher\":{\"@id\":\"https:\\\/\\\/www.benchmarkemail.com\\\/es\\\/#organization\"},\"potentialAction\":[{\"@type\":\"SearchAction\",\"target\":{\"@type\":\"EntryPoint\",\"urlTemplate\":\"https:\\\/\\\/www.benchmarkemail.com\\\/es\\\/?s={search_term_string}\"},\"query-input\":{\"@type\":\"PropertyValueSpecification\",\"valueRequired\":true,\"valueName\":\"search_term_string\"}}],\"inLanguage\":\"en-US\"},{\"@type\":\"Organization\",\"@id\":\"https:\\\/\\\/www.benchmarkemail.com\\\/es\\\/#organization\",\"name\":\"Benchmark Email\",\"url\":\"https:\\\/\\\/www.benchmarkemail.com\\\/es\\\/\",\"logo\":{\"@type\":\"ImageObject\",\"inLanguage\":\"en-US\",\"@id\":\"https:\\\/\\\/www.benchmarkemail.com\\\/es\\\/#\\\/schema\\\/logo\\\/image\\\/\",\"url\":\"https:\\\/\\\/www.benchmarkemail.com\\\/es\\\/wp-content\\\/uploads\\\/sites\\\/4\\\/2019\\\/09\\\/benchmark-logo.svg\",\"contentUrl\":\"https:\\\/\\\/www.benchmarkemail.com\\\/es\\\/wp-content\\\/uploads\\\/sites\\\/4\\\/2019\\\/09\\\/benchmark-logo.svg\",\"width\":1,\"height\":1,\"caption\":\"Benchmark Email\"},\"image\":{\"@id\":\"https:\\\/\\\/www.benchmarkemail.com\\\/es\\\/#\\\/schema\\\/logo\\\/image\\\/\"},\"sameAs\":[\"https:\\\/\\\/www.facebook.com\\\/benchmarkemailes\",\"https:\\\/\\\/x.com\\\/benchmarkesp\",\"https:\\\/\\\/twitter.com\\\/benchmarkesp\",\"https:\\\/\\\/www.youtube.com\\\/user\\\/BenchmarkEmailESP\",\"https:\\\/\\\/www.tiktok.com\\\/@benchmarkespanol\"]}]}<\/script>\n<!-- \/ Yoast SEO plugin. -->","yoast_head_json":{"title":"Tel\u00e9fono de servicio al cliente - Benchmark Email","robots":{"index":"index","follow":"follow","max-snippet":"max-snippet:-1","max-image-preview":"max-image-preview:large","max-video-preview":"max-video-preview:-1"},"canonical":"https:\/\/www.benchmarkemail.com\/es\/help-phone\/","og_locale":"en_US","og_type":"article","og_title":"Tel\u00e9fono de servicio al cliente - Benchmark Email","og_description":"Ll\u00e1manos Contacto Internacional D\u00edas de Oficina Horas Zona Horaria 800.430.4095 213.493.6558 L-V 6:00AM-5:00PM PST 52.55.3300.5177 L-V 9:00AM-6:00PM UTC- 6 Horas (+34) 912 558 876 L-V 9:00AM-6:00PM CEST (57) 3213109122 L-V 8:00AM-5:00PM UTC -5 Horas 502.6626-5959 L-V 7:00AM-5:00PM UTC -6 Horas Atendimento Telef\u00f4nico Indispon\u00edvel L-V 9:00AM-6:00PM UTC -3 Horas Atendimento Telef\u00f4nico Indispon\u00edvel L-V 9:00AM-6:00PM UTC &#8211;&hellip;","og_url":"https:\/\/www.benchmarkemail.com\/es\/help-phone\/","og_site_name":"Benchmark Email - Herramienta de Email Marketing","article_publisher":"https:\/\/www.facebook.com\/benchmarkemailes","article_modified_time":"2021-06-10T18:32:19+00:00","og_image":[{"url":"https:\/\/www.benchmarkemail.com\/wp-content\/uploads\/2020\/01\/ns-flag-sprite.png","type":"","width":"","height":""}],"twitter_card":"summary_large_image","twitter_site":"@benchmarkesp","twitter_misc":{"Est. reading time":"1 minute"},"schema":{"@context":"https:\/\/schema.org","@graph":[{"@type":"WebPage","@id":"https:\/\/www.benchmarkemail.com\/es\/help-phone\/","url":"https:\/\/www.benchmarkemail.com\/es\/help-phone\/","name":"Tel\u00e9fono de servicio al cliente - Benchmark Email","isPartOf":{"@id":"https:\/\/www.benchmarkemail.com\/es\/#website"},"primaryImageOfPage":{"@id":"https:\/\/www.benchmarkemail.com\/es\/help-phone\/#primaryimage"},"image":{"@id":"https:\/\/www.benchmarkemail.com\/es\/help-phone\/#primaryimage"},"thumbnailUrl":"https:\/\/www.benchmarkemail.com\/wp-content\/uploads\/2020\/01\/ns-flag-sprite.png","datePublished":"2020-01-14T15:52:51+00:00","dateModified":"2021-06-10T18:32:19+00:00","breadcrumb":{"@id":"https:\/\/www.benchmarkemail.com\/es\/help-phone\/#breadcrumb"},"inLanguage":"en-US","potentialAction":[{"@type":"ReadAction","target":["https:\/\/www.benchmarkemail.com\/es\/help-phone\/"]}]},{"@type":"ImageObject","inLanguage":"en-US","@id":"https:\/\/www.benchmarkemail.com\/es\/help-phone\/#primaryimage","url":"https:\/\/www.benchmarkemail.com\/wp-content\/uploads\/2020\/01\/ns-flag-sprite.png","contentUrl":"https:\/\/www.benchmarkemail.com\/wp-content\/uploads\/2020\/01\/ns-flag-sprite.png"},{"@type":"BreadcrumbList","@id":"https:\/\/www.benchmarkemail.com\/es\/help-phone\/#breadcrumb","itemListElement":[{"@type":"ListItem","position":1,"name":"Home","item":"https:\/\/www.benchmarkemail.com\/es\/"},{"@type":"ListItem","position":2,"name":"Help phone"}]},{"@type":"WebSite","@id":"https:\/\/www.benchmarkemail.com\/es\/#website","url":"https:\/\/www.benchmarkemail.com\/es\/","name":"Benchmark Email - Herramienta de Email Marketing","description":"Dise\u00f1a, env\u00eda, mide y optimiza tus campa\u00f1as de email y comun\u00edcate con tus clientes a trav\u00e9s del correo electr\u00f3nico.","publisher":{"@id":"https:\/\/www.benchmarkemail.com\/es\/#organization"},"potentialAction":[{"@type":"SearchAction","target":{"@type":"EntryPoint","urlTemplate":"https:\/\/www.benchmarkemail.com\/es\/?s={search_term_string}"},"query-input":{"@type":"PropertyValueSpecification","valueRequired":true,"valueName":"search_term_string"}}],"inLanguage":"en-US"},{"@type":"Organization","@id":"https:\/\/www.benchmarkemail.com\/es\/#organization","name":"Benchmark Email","url":"https:\/\/www.benchmarkemail.com\/es\/","logo":{"@type":"ImageObject","inLanguage":"en-US","@id":"https:\/\/www.benchmarkemail.com\/es\/#\/schema\/logo\/image\/","url":"https:\/\/www.benchmarkemail.com\/es\/wp-content\/uploads\/sites\/4\/2019\/09\/benchmark-logo.svg","contentUrl":"https:\/\/www.benchmarkemail.com\/es\/wp-content\/uploads\/sites\/4\/2019\/09\/benchmark-logo.svg","width":1,"height":1,"caption":"Benchmark Email"},"image":{"@id":"https:\/\/www.benchmarkemail.com\/es\/#\/schema\/logo\/image\/"},"sameAs":["https:\/\/www.facebook.com\/benchmarkemailes","https:\/\/x.com\/benchmarkesp","https:\/\/twitter.com\/benchmarkesp","https:\/\/www.youtube.com\/user\/BenchmarkEmailESP","https:\/\/www.tiktok.com\/@benchmarkespanol"]}]}},"_links":{"self":[{"href":"https:\/\/www.benchmarkemail.com\/es\/wp-json\/wp\/v2\/pages\/9049","targetHints":{"allow":["GET"]}}],"collection":[{"href":"https:\/\/www.benchmarkemail.com\/es\/wp-json\/wp\/v2\/pages"}],"about":[{"href":"https:\/\/www.benchmarkemail.com\/es\/wp-json\/wp\/v2\/types\/page"}],"author":[{"embeddable":true,"href":"https:\/\/www.benchmarkemail.com\/es\/wp-json\/wp\/v2\/users\/7"}],"replies":[{"embeddable":true,"href":"https:\/\/www.benchmarkemail.com\/es\/wp-json\/wp\/v2\/comments?post=9049"}],"version-history":[{"count":0,"href":"https:\/\/www.benchmarkemail.com\/es\/wp-json\/wp\/v2\/pages\/9049\/revisions"}],"wp:attachment":[{"href":"https:\/\/www.benchmarkemail.com\/es\/wp-json\/wp\/v2\/media?parent=9049"}],"curies":[{"name":"wp","href":"https:\/\/api.w.org\/{rel}","templated":true}]}}