{"id":18377,"date":"2020-04-10T16:41:53","date_gmt":"2020-04-10T16:41:53","guid":{"rendered":"https:\/\/benchmarkemail.wpengine.com\/fr\/?page_id=18377"},"modified":"2024-09-16T16:40:51","modified_gmt":"2024-09-16T16:40:51","slug":"wistia","status":"publish","type":"page","link":"https:\/\/www.benchmarkemail.com\/fr\/features\/integrations\/wistia\/","title":{"rendered":"Wistia"},"content":{"rendered":"\n\n\t<h1>Integration Wistia avec Benchmark Email<\/h1>\n\t<h2>Ajoutez vos contacts Wistia \u00e0 vos listes de contacts Benchmark<\/h2>\n<p>Utilisez Automatisation Pro avec les abonn\u00e9s \u00e0 vos videos sur Wistia. En effet, vous pouvez automatiquement ajouter ces contacts \u00e0 vos listes de contacts Benchmark Email.<\/p>\n<h3>Configuration requise<\/h3>\n<ul>\n<li>Compte Benchmark Email (gratuit ou Pro)<\/li>\n<li>Compte Wistia actif<\/li>\n<\/ul>\n<h3>L&#8217;int\u00e9gration est simple et rapide.<\/h3>\n<ul>\n<li>Aucun t\u00e9l\u00e9chargement requis.<\/li>\n<li>Ajout automatique de vos leads \u00e0 vos listes de contacts Benchmark Email.<\/li>\n<li>L&#8217;email marketing au service de votre engagement client.<\/li>\n<\/ul>\n\t\t\t\t<img decoding=\"async\" src=\"https:\/\/www.benchmarkemail.com\/images\/ext\/wistia.png\" alt=\"wistia.png\" itemprop=\"image\" title=\"wistia.png\" onerror=\"this.style.display='none'\"  \/>\n\t\t\t<a href=\"\" target=\"_self\" rel=\"noopener\">\n\t\t\t\t\t\t\tConnectez-vous maintenant\n\t\t\t\t\t<\/a>\n\n","protected":false},"excerpt":{"rendered":"<p>Integration Wistia avec Benchmark Email Ajoutez vos contacts Wistia \u00e0 vos listes de contacts Benchmark Utilisez Automatisation Pro avec les abonn\u00e9s \u00e0 vos videos sur Wistia. En effet, vous pouvez automatiquement ajouter ces contacts \u00e0 vos listes de contacts Benchmark Email. Configuration requise Compte Benchmark Email (gratuit ou Pro) Compte Wistia actif L&#8217;int\u00e9gration est simple&hellip;<\/p>\n","protected":false},"author":7,"featured_media":0,"parent":28,"menu_order":0,"comment_status":"closed","ping_status":"closed","template":"","meta":{"inline_featured_image":false,"footnotes":""},"class_list":["post-18377","page","type-page","status-publish","hentry"],"yoast_head":"<!-- This site is optimized with the Yoast SEO plugin v27.4 - https:\/\/yoast.com\/product\/yoast-seo-wordpress\/ -->\n<title>Wistia - Benchmark Email<\/title>\n<meta name=\"robots\" content=\"index, follow, max-snippet:-1, max-image-preview:large, max-video-preview:-1\" \/>\n<link rel=\"canonical\" href=\"https:\/\/www.benchmarkemail.com\/fr\/features\/integrations\/wistia\/\" \/>\n<meta property=\"og:locale\" content=\"en_US\" \/>\n<meta property=\"og:type\" content=\"article\" \/>\n<meta property=\"og:title\" content=\"Wistia - Benchmark Email\" \/>\n<meta property=\"og:description\" content=\"Integration Wistia avec Benchmark Email Ajoutez vos contacts Wistia \u00e0 vos listes de contacts Benchmark Utilisez Automatisation Pro avec les abonn\u00e9s \u00e0 vos videos sur Wistia. En effet, vous pouvez automatiquement ajouter ces contacts \u00e0 vos listes de contacts Benchmark Email. Configuration requise Compte Benchmark Email (gratuit ou Pro) Compte Wistia actif L&#8217;int\u00e9gration est simple&hellip;\" \/>\n<meta property=\"og:url\" content=\"https:\/\/www.benchmarkemail.com\/fr\/features\/integrations\/wistia\/\" \/>\n<meta property=\"og:site_name\" content=\"Benchmark Email en fran\u00e7ais\" \/>\n<meta property=\"article:publisher\" content=\"https:\/\/www.facebook.com\/BenchmarkEmail\" \/>\n<meta property=\"article:modified_time\" content=\"2024-09-16T16:40:51+00:00\" \/>\n<meta property=\"og:image\" content=\"https:\/\/www.benchmarkemail.com\/images\/ext\/wistia.png\" \/>\n<meta name=\"twitter:card\" content=\"summary_large_image\" \/>\n<meta name=\"twitter:site\" content=\"@benchmarkemail\" \/>\n<script type=\"application\/ld+json\" class=\"yoast-schema-graph\">{\"@context\":\"https:\\\/\\\/schema.org\",\"@graph\":[{\"@type\":\"WebPage\",\"@id\":\"https:\\\/\\\/www.benchmarkemail.com\\\/fr\\\/features\\\/integrations\\\/wistia\\\/\",\"url\":\"https:\\\/\\\/www.benchmarkemail.com\\\/fr\\\/features\\\/integrations\\\/wistia\\\/\",\"name\":\"Wistia - Benchmark Email\",\"isPartOf\":{\"@id\":\"https:\\\/\\\/www.benchmarkemail.com\\\/fr\\\/#website\"},\"primaryImageOfPage\":{\"@id\":\"https:\\\/\\\/www.benchmarkemail.com\\\/fr\\\/features\\\/integrations\\\/wistia\\\/#primaryimage\"},\"image\":{\"@id\":\"https:\\\/\\\/www.benchmarkemail.com\\\/fr\\\/features\\\/integrations\\\/wistia\\\/#primaryimage\"},\"thumbnailUrl\":\"https:\\\/\\\/www.benchmarkemail.com\\\/images\\\/ext\\\/wistia.png\",\"datePublished\":\"2020-04-10T16:41:53+00:00\",\"dateModified\":\"2024-09-16T16:40:51+00:00\",\"breadcrumb\":{\"@id\":\"https:\\\/\\\/www.benchmarkemail.com\\\/fr\\\/features\\\/integrations\\\/wistia\\\/#breadcrumb\"},\"inLanguage\":\"en-US\",\"potentialAction\":[{\"@type\":\"ReadAction\",\"target\":[\"https:\\\/\\\/www.benchmarkemail.com\\\/fr\\\/features\\\/integrations\\\/wistia\\\/\"]}]},{\"@type\":\"ImageObject\",\"inLanguage\":\"en-US\",\"@id\":\"https:\\\/\\\/www.benchmarkemail.com\\\/fr\\\/features\\\/integrations\\\/wistia\\\/#primaryimage\",\"url\":\"https:\\\/\\\/www.benchmarkemail.com\\\/images\\\/ext\\\/wistia.png\",\"contentUrl\":\"https:\\\/\\\/www.benchmarkemail.com\\\/images\\\/ext\\\/wistia.png\"},{\"@type\":\"BreadcrumbList\",\"@id\":\"https:\\\/\\\/www.benchmarkemail.com\\\/fr\\\/features\\\/integrations\\\/wistia\\\/#breadcrumb\",\"itemListElement\":[{\"@type\":\"ListItem\",\"position\":1,\"name\":\"Home\",\"item\":\"https:\\\/\\\/www.benchmarkemail.com\\\/fr\\\/\"},{\"@type\":\"ListItem\",\"position\":2,\"name\":\"Features\",\"item\":\"https:\\\/\\\/www.benchmarkemail.com\\\/fr\\\/features\\\/\"},{\"@type\":\"ListItem\",\"position\":3,\"name\":\"Integrations\",\"item\":\"https:\\\/\\\/www.benchmarkemail.com\\\/fr\\\/features\\\/integrations\\\/\"},{\"@type\":\"ListItem\",\"position\":4,\"name\":\"Wistia\"}]},{\"@type\":\"WebSite\",\"@id\":\"https:\\\/\\\/www.benchmarkemail.com\\\/fr\\\/#website\",\"url\":\"https:\\\/\\\/www.benchmarkemail.com\\\/fr\\\/\",\"name\":\"Benchmark Email en fran\u00e7ais\",\"description\":\"Outil de marketing digital. D\u00e9couvrez ou approfondissez vos connaissances en email marketing, automatisations, captation de prospects... et bien plus encore !\",\"publisher\":{\"@id\":\"https:\\\/\\\/www.benchmarkemail.com\\\/fr\\\/#organization\"},\"potentialAction\":[{\"@type\":\"SearchAction\",\"target\":{\"@type\":\"EntryPoint\",\"urlTemplate\":\"https:\\\/\\\/www.benchmarkemail.com\\\/fr\\\/?s={search_term_string}\"},\"query-input\":{\"@type\":\"PropertyValueSpecification\",\"valueRequired\":true,\"valueName\":\"search_term_string\"}}],\"inLanguage\":\"en-US\"},{\"@type\":\"Organization\",\"@id\":\"https:\\\/\\\/www.benchmarkemail.com\\\/fr\\\/#organization\",\"name\":\"Benchmark Internet Group, LLC\",\"url\":\"https:\\\/\\\/www.benchmarkemail.com\\\/fr\\\/\",\"logo\":{\"@type\":\"ImageObject\",\"inLanguage\":\"en-US\",\"@id\":\"https:\\\/\\\/www.benchmarkemail.com\\\/fr\\\/#\\\/schema\\\/logo\\\/image\\\/\",\"url\":\"https:\\\/\\\/www.benchmarkemail.com\\\/fr\\\/wp-content\\\/uploads\\\/sites\\\/3\\\/2019\\\/09\\\/benchmark-logo.svg\",\"contentUrl\":\"https:\\\/\\\/www.benchmarkemail.com\\\/fr\\\/wp-content\\\/uploads\\\/sites\\\/3\\\/2019\\\/09\\\/benchmark-logo.svg\",\"width\":1,\"height\":1,\"caption\":\"Benchmark Internet Group, LLC\"},\"image\":{\"@id\":\"https:\\\/\\\/www.benchmarkemail.com\\\/fr\\\/#\\\/schema\\\/logo\\\/image\\\/\"},\"sameAs\":[\"https:\\\/\\\/www.facebook.com\\\/BenchmarkEmail\",\"https:\\\/\\\/x.com\\\/benchmarkemail\",\"https:\\\/\\\/www.instagram.com\\\/benchmarkemail\\\/\",\"https:\\\/\\\/www.linkedin.com\\\/company\\\/benchmark-email\\\/\",\"https:\\\/\\\/www.youtube.com\\\/channel\\\/UCEQOJxM8HtdJpjkE1HO6L6Q\"]}]}<\/script>\n<!-- \/ Yoast SEO plugin. -->","yoast_head_json":{"title":"Wistia - Benchmark Email","robots":{"index":"index","follow":"follow","max-snippet":"max-snippet:-1","max-image-preview":"max-image-preview:large","max-video-preview":"max-video-preview:-1"},"canonical":"https:\/\/www.benchmarkemail.com\/fr\/features\/integrations\/wistia\/","og_locale":"en_US","og_type":"article","og_title":"Wistia - Benchmark Email","og_description":"Integration Wistia avec Benchmark Email Ajoutez vos contacts Wistia \u00e0 vos listes de contacts Benchmark Utilisez Automatisation Pro avec les abonn\u00e9s \u00e0 vos videos sur Wistia. En effet, vous pouvez automatiquement ajouter ces contacts \u00e0 vos listes de contacts Benchmark Email. Configuration requise Compte Benchmark Email (gratuit ou Pro) Compte Wistia actif L&#8217;int\u00e9gration est simple&hellip;","og_url":"https:\/\/www.benchmarkemail.com\/fr\/features\/integrations\/wistia\/","og_site_name":"Benchmark Email en fran\u00e7ais","article_publisher":"https:\/\/www.facebook.com\/BenchmarkEmail","article_modified_time":"2024-09-16T16:40:51+00:00","og_image":[{"url":"https:\/\/www.benchmarkemail.com\/images\/ext\/wistia.png","type":"","width":"","height":""}],"twitter_card":"summary_large_image","twitter_site":"@benchmarkemail","schema":{"@context":"https:\/\/schema.org","@graph":[{"@type":"WebPage","@id":"https:\/\/www.benchmarkemail.com\/fr\/features\/integrations\/wistia\/","url":"https:\/\/www.benchmarkemail.com\/fr\/features\/integrations\/wistia\/","name":"Wistia - Benchmark Email","isPartOf":{"@id":"https:\/\/www.benchmarkemail.com\/fr\/#website"},"primaryImageOfPage":{"@id":"https:\/\/www.benchmarkemail.com\/fr\/features\/integrations\/wistia\/#primaryimage"},"image":{"@id":"https:\/\/www.benchmarkemail.com\/fr\/features\/integrations\/wistia\/#primaryimage"},"thumbnailUrl":"https:\/\/www.benchmarkemail.com\/images\/ext\/wistia.png","datePublished":"2020-04-10T16:41:53+00:00","dateModified":"2024-09-16T16:40:51+00:00","breadcrumb":{"@id":"https:\/\/www.benchmarkemail.com\/fr\/features\/integrations\/wistia\/#breadcrumb"},"inLanguage":"en-US","potentialAction":[{"@type":"ReadAction","target":["https:\/\/www.benchmarkemail.com\/fr\/features\/integrations\/wistia\/"]}]},{"@type":"ImageObject","inLanguage":"en-US","@id":"https:\/\/www.benchmarkemail.com\/fr\/features\/integrations\/wistia\/#primaryimage","url":"https:\/\/www.benchmarkemail.com\/images\/ext\/wistia.png","contentUrl":"https:\/\/www.benchmarkemail.com\/images\/ext\/wistia.png"},{"@type":"BreadcrumbList","@id":"https:\/\/www.benchmarkemail.com\/fr\/features\/integrations\/wistia\/#breadcrumb","itemListElement":[{"@type":"ListItem","position":1,"name":"Home","item":"https:\/\/www.benchmarkemail.com\/fr\/"},{"@type":"ListItem","position":2,"name":"Features","item":"https:\/\/www.benchmarkemail.com\/fr\/features\/"},{"@type":"ListItem","position":3,"name":"Integrations","item":"https:\/\/www.benchmarkemail.com\/fr\/features\/integrations\/"},{"@type":"ListItem","position":4,"name":"Wistia"}]},{"@type":"WebSite","@id":"https:\/\/www.benchmarkemail.com\/fr\/#website","url":"https:\/\/www.benchmarkemail.com\/fr\/","name":"Benchmark Email en fran\u00e7ais","description":"Outil de marketing digital. D\u00e9couvrez ou approfondissez vos connaissances en email marketing, automatisations, captation de prospects... et bien plus encore !","publisher":{"@id":"https:\/\/www.benchmarkemail.com\/fr\/#organization"},"potentialAction":[{"@type":"SearchAction","target":{"@type":"EntryPoint","urlTemplate":"https:\/\/www.benchmarkemail.com\/fr\/?s={search_term_string}"},"query-input":{"@type":"PropertyValueSpecification","valueRequired":true,"valueName":"search_term_string"}}],"inLanguage":"en-US"},{"@type":"Organization","@id":"https:\/\/www.benchmarkemail.com\/fr\/#organization","name":"Benchmark Internet Group, LLC","url":"https:\/\/www.benchmarkemail.com\/fr\/","logo":{"@type":"ImageObject","inLanguage":"en-US","@id":"https:\/\/www.benchmarkemail.com\/fr\/#\/schema\/logo\/image\/","url":"https:\/\/www.benchmarkemail.com\/fr\/wp-content\/uploads\/sites\/3\/2019\/09\/benchmark-logo.svg","contentUrl":"https:\/\/www.benchmarkemail.com\/fr\/wp-content\/uploads\/sites\/3\/2019\/09\/benchmark-logo.svg","width":1,"height":1,"caption":"Benchmark Internet Group, LLC"},"image":{"@id":"https:\/\/www.benchmarkemail.com\/fr\/#\/schema\/logo\/image\/"},"sameAs":["https:\/\/www.facebook.com\/BenchmarkEmail","https:\/\/x.com\/benchmarkemail","https:\/\/www.instagram.com\/benchmarkemail\/","https:\/\/www.linkedin.com\/company\/benchmark-email\/","https:\/\/www.youtube.com\/channel\/UCEQOJxM8HtdJpjkE1HO6L6Q"]}]}},"_links":{"self":[{"href":"https:\/\/www.benchmarkemail.com\/fr\/wp-json\/wp\/v2\/pages\/18377","targetHints":{"allow":["GET"]}}],"collection":[{"href":"https:\/\/www.benchmarkemail.com\/fr\/wp-json\/wp\/v2\/pages"}],"about":[{"href":"https:\/\/www.benchmarkemail.com\/fr\/wp-json\/wp\/v2\/types\/page"}],"author":[{"embeddable":true,"href":"https:\/\/www.benchmarkemail.com\/fr\/wp-json\/wp\/v2\/users\/7"}],"replies":[{"embeddable":true,"href":"https:\/\/www.benchmarkemail.com\/fr\/wp-json\/wp\/v2\/comments?post=18377"}],"version-history":[{"count":0,"href":"https:\/\/www.benchmarkemail.com\/fr\/wp-json\/wp\/v2\/pages\/18377\/revisions"}],"up":[{"embeddable":true,"href":"https:\/\/www.benchmarkemail.com\/fr\/wp-json\/wp\/v2\/pages\/28"}],"wp:attachment":[{"href":"https:\/\/www.benchmarkemail.com\/fr\/wp-json\/wp\/v2\/media?parent=18377"}],"curies":[{"name":"wp","href":"https:\/\/api.w.org\/{rel}","templated":true}]}}