{"id":18552,"date":"2020-04-14T16:50:21","date_gmt":"2020-04-14T16:50:21","guid":{"rendered":"https:\/\/benchmarkemail.wpengine.com\/fr\/?page_id=18552"},"modified":"2022-03-14T12:18:33","modified_gmt":"2022-03-14T12:18:33","slug":"upgrade","status":"publish","type":"page","link":"https:\/\/www.benchmarkemail.com\/fr\/pricing-july-old\/upgrade\/","title":{"rendered":"Upgrade"},"content":{"rendered":"\r\n\t\t\t<a href=\"\" target=\"_self\" role=\"button\" rel=\"noopener\">\r\n\t\t\t\t\t\t\t\u00c0 PARTIR DE 15$\r\n\t\t\t\t\t<\/a>\r\n<h1>\r\n\t\tDevenez Benchmark PREMIUM et atteignez vos objectifs\r\n\t<\/h1>\r\n<h4>\r\n\t\tToute votre strat\u00e9gie d&#8217;email marketing sera automatis\u00e9e en un seul endroit, faisant fleurir votre entreprise \u00e0 moindre co\u00fbt.\r\n\t<\/h4>\r\n\t\t\t<a href=\"https:\/\/ui.benchmarkemail.wpengine.com\/Process\/UpgradeEmail\" target=\"_self\" role=\"button\" rel=\"noopener\">\r\n\t\t\t\t\t\t\tPASSEZ \u00c0 PREMIUM D\u00c8S MAINTENANT\r\n\t\t\t\t\t<\/a>\r\n                    A\/B<br>TESTING\r\n                   AUTOMATISATION MARKETING\r\n                    FORMULAIRES<br>ILLIMIT\u00c9S\r\n                    COMPTE PRINCIPAL ET SOUS-COMPTES\r\n                ASSISTANCE EN \r\n                D\u00c9LIVRABILIT\u00c9\r\n                    CAMPAGNE D&#8217;EMAIL CIBL\u00c9E\r\n                   PROTECTION DE LISTE<br>SOUS CODE PIN\r\n                    RETRAIT DU LOGO BENCHMARK\r\n<h2>\r\n\t\tSupport client\u00e8le de qualit\u00e9 gr\u00e2ce \u00e0 une \u00e9quipe de sp\u00e9cialistes\r\n\t<\/h2>\r\n\t<p><video loop=\"\" autoplay=\"autoplay\" muted=\"\"><source src=\"\/images\/upgrade\/fr\/chat-fr.m4v\" type=\"video\/mp4\">Your browser does not support HTML5 video.<\/video><\/p>\r\n<h2>\r\n\t\tUn support technique d\u00e9vou\u00e9\r\n\t<\/h2>\r\n<h6>\r\n\t\tVotre Sp\u00e9cialiste en Email Marketing sera l\u00e0 pour&#8230;\r\n\t<\/h6>\r\n\t<ul>\r\n<li>Vous aider \u00e0 \u00e9tablir un plan d&#8217;action pour vos campagnes<\/li>\r\n<p><\/p>\r\n<li>Vous conseiller sur le nettoyage de vos listes<\/li>\r\n<p><\/p>\r\n<li>Vous offrir des strat\u00e9gies et des astuces dans l&#8217;automatisation de vos emails<\/li>\r\n<\/ul>\r\n<h2>\r\n\t\tAssistance en D\u00e9livrabilit\u00e9\r\n\t<\/h2>\r\n<h6>\r\n\t\tUne Assistance en D\u00e9livrabilit\u00e9 est offerte pour vous aider \u00e0:\r\n\t<\/h6>\r\n\t<ul>\r\n<li>Param\u00e8trer les Registres SPF &amp; CNAME<\/li>\r\n<p><\/p>\r\n<li>Cr\u00e9er une strat\u00e9gie pour de bonnes pratiques d&#8217;envois<\/li>\r\n<p><\/p>\r\n<li>Comprendre vos options quand \u00e0 la V\u00e9rification de Liste<\/li>\r\n<\/ul>\r\n\t\t\t<a href=\"https:\/\/secure.livechatinc.com\/licence\/1067033\/v2\/open_chat.cgi?groups=1\" target=\"_self\" role=\"button\" rel=\"noopener\">\r\n\t\t\t\t\t\t\tPARLER \u00c0 UN SP\u00c9CIALISTE\r\n\t\t\t\t\t<\/a>\r\n<h2>\r\n\t\tFormulaires d&#8217;inscription sans restrictions\r\n\t<\/h2>\r\n\t\r\n                Les bulletins d&#8217;inscriptions sous le plan gratuit de Benchmark, n&#8217;autorisent que 75 enregistrements par jour. Ne mettez pas de limites \u00e0 vos d\u00e9cisions commerciales et \u00e9tablissez toutes les strat\u00e9gies possibles gr\u00e2ce \u00e0 un compte professionnel. \r\n<h2>\r\n\t\tRetrait du Logo Benchmark\r\n\t<\/h2>\r\n\t\r\n                Gr\u00e2ce au Plan Premium vous serez en mesure d&#8217;enlever le Logo Benchmark de vos emails.\r\n            \r\n<h2>\r\n\t\tAutomatisation Pro\r\n\t<\/h2>\r\n<h4>\r\n\t\tNe perdez pas de temps et am\u00e9liorez votre \u00e9ffacit\u00e9 d&#8217;email marketer pour booster vos ventes.\r\n\t<\/h4>\r\n\t\t\t\t<img decoding=\"async\" src=\"https:\/\/www.benchmarkemail.com\/images\/upgrade\/fr\/Img2.png\" alt=\"Img2.png\" itemprop=\"image\" title=\"Img2.png\" onerror=\"this.style.display='none'\"  \/>\r\n\t<ul>\r\n<li>Automatisez le suivi de vos contacts bas\u00e9 sur les ouvertures et clics \u00e9ffect\u00e9s lors de vos campagnes.<\/li>\r\n<li>D\u00e9placez automatiquement des contacts vers les listes ad\u00e9quates et bas\u00e9es sur des caract\u00e9ristiques sp\u00e9cifiques, cela permet l&#8217;envoi de contenus appropri\u00e9s \u00e0 vos contacts.<\/li>\r\n<li>Envoyez des informations suppl\u00e9mentaires aux abonn\u00e9s qui auraient visit\u00e9 plusieurs fois les pages de votre site web.<\/li>\r\n<\/ul>\r\n\t<ul>\r\n<li>Cr\u00e9ez des automatisations compl\u00e8tes qui transforment vos clients potentiels, en r\u00e9els abonn\u00e9s puis en conversion jusqu&#8217;\u00e0 la fid\u00e9lisation.<\/li>\r\n<li>Ne manquez aucune occasion de ventes gr\u00e2ce \u00e0 nos emails automatis\u00e9s sp\u00e9cialement fait pour les paniers d&#8217;achat abandonn\u00e9s. Faites usage de r\u00e9compenses, comme une r\u00e9duction ou des frais de livraison gratuit pour que vos cliens finalisent l&#8217;achat!<\/li>\r\n<\/ul>\r\n<h2>\r\n\t\tCe qu&#8217;inclut votre compte premium Benchmark et sans frais suppl\u00e9mentaires\r\n\t<\/h2>\r\n\t\t\t<a href=\"https:\/\/ui.benchmarkemail.wpengine.com\/Process\/UpgradeEmail\" target=\"_self\" role=\"button\" rel=\"noopener\">\r\n\t\t\t\t\t\t\tPASSER \u00c0 PREMIUM MAINTENANT\r\n\t\t\t\t\t<\/a>\r\n<h2>\r\n\t\tDes outils plus performants\r\n\t<\/h2>\r\n<h2>\r\n\t\tTEST A\/B\r\n\t<\/h2>\r\n<h5>\r\n\t\tFaites des tests sur l&#8217;\u00e9fficacit\u00e9 de vos lignes d&#8217;objet!\r\n\t<\/h5>\r\n\t<ul>\r\n<li>Comparez les performances de 3 campagnes \u00e0 la fois.<\/li>\r\n<li>Sachez quelles sont les meilleures dates et heures pour envoyer vos campagnes<\/li>\r\n<li>Envoyez automatiquement l&#8217;email ayant eu les meilleurs r\u00e9sultats, au reste de vos contacts<\/li>\r\n<li>Analysez le succ\u00e8s de vos envois avec nos rapports Tests A\/B complets<\/li>\r\n<\/ul>\r\n\t\t\t\t<img decoding=\"async\" src=\"https:\/\/www.benchmarkemail.com\/images\/upgrade\/fr\/Imgsvg.png\" alt=\"Imgsvg.png\" itemprop=\"image\" title=\"Imgsvg.png\" onerror=\"this.style.display='none'\"  \/>\r\n\t\t\t\t<img decoding=\"async\" src=\"https:\/\/www.benchmarkemail.com\/\/images\/upgrade\/fr\/Img6.png\" alt=\"Img6.png\" itemprop=\"image\" title=\"Img6.png\" onerror=\"this.style.display='none'\"  \/>\r\n<h2>\r\n\t\tEmailing cibl\u00e9\r\n\t<\/h2>\r\n<h5>\r\n\t\tD\u00e9couvrez de mani\u00e8re simple comment segmenter vos opportunit\u00e9s de ventes.\r\n\t<\/h5>\r\n\t<ul>\r\n<li>Cr\u00e9ez une liste des clients qui s&#8217;engagent par rapport \u00e0 vos emails, afin de leur envoyer des promotions, des demandes d&#8217;avis ou pour lancer un programme de fid\u00e9lisation .<\/li>\r\n<li>Cr\u00e9er une liste vous permettant d&#8217;\u00eatre vigilant face aux clients inattentifs ou inactifs face \u00e0 vos emails afin d&#8217;envoyer des campagnes de relance pour attirer leur attention\r\n                <\/li>\r\n<\/ul>\r\n<h2>\r\n\t\tMeilleure gestion de comptes pour les <br>\u00c9quipes laborales ou Agences\r\n\t<\/h2>\r\n<h4>\r\n\t\tSi vous \u00eates responsable de l&#8217;email marketing de vos clients, \u00e9quipes ou d\u00e9partements, <br> vous saurez avoir une bonne gestion des comptes gr\u00e2ce \u00e0 des outils additionnels se trouvant sous les comptes premium.\r\n\t<\/h4>\r\n\t\t\t\t<img decoding=\"async\" src=\"https:\/\/www.benchmarkemail.com\/images\/upgrade\/fr\/Img5.png\" alt=\"Img5.png\" itemprop=\"image\" title=\"Img5.png\" onerror=\"this.style.display='none'\"  \/>\r\n<h2>\r\n\t\tSous-comptes\r\n\t<\/h2>\r\n\t<ul>\r\n<li>G\u00e9rer plusieurs comptes depuis un compte principal<\/li>\r\n<li>Partagez des mod\u00e8les de campagne avec vos sous-comptes pour plus de consistance quant \u00e0 votre marque<\/li>\r\n<li>Envoyez des listes de contacts vers vos sous-comptes<\/li>\r\n<li>G\u00e9n\u00e9rez vos factures depuis le compte principal!<\/li>\r\n<\/ul>\r\n<h2>\r\n\t\tS\u00e9curit\u00e9 par code PIN\r\n\t<\/h2>\r\n\t<p>Si plusieurs membres de votre \u00e9quipe ou des particuliers travaillent sur vos comptes, vous pouvez utiliser un code PIN s\u00e9curis\u00e9 pour charger et t\u00e9l\u00e9charger vos listes de contacts.<\/p>\r\n\t\t\t<a href=\"https:\/\/ui.benchmarkemail.wpengine.com\/Process\/UpgradeEmail\" target=\"_self\" role=\"button\" rel=\"noopener\">\r\n\t\t\t\t\t\t\tPASSEZ \u00c0 PREMIUM D\u00c8S MAINTENANT\r\n\t\t\t\t\t<\/a>\r\n<h2>\r\n\t\tDes milliers d&#8217;entreprises \u00e0 travers le monde font confiance \u00e0 Benchmark\r\n\t<\/h2>\r\n<h6>\r\n\t\tCommencez \u00e0 profitez des bienfaits de l&#8217;email marketing d\u00e8s aujourd&#8217;hui\r\n\t<\/h6>\r\n\t<ul>\r\n\t<li>\r\n\t<\/li>\r\n\t<li>\r\n\t<\/li>\r\n\t<li>\r\n\t<\/li>\r\n\t<li>\r\n\t<\/li>\r\n\t<br \/>\r\n<\/ul>\r\n<br \/>\r\n<ul>\r\n\t<li>\r\n\t<\/li>\r\n\t<li>\r\n\t<\/li>\r\n\t<li>\r\n\t<\/li>\r\n\t<li>\r\n\t<\/li>\r\n\t<br \/>\r\n<\/ul>\r\n\t\t\t<a href=\"https:\/\/ui.benchmarkemail.wpengine.com\/Process\/UpgradeEmail\" target=\"_self\" role=\"button\" rel=\"noopener\">\r\n\t\t\t\t\t\t\tPASSER \u00c0 PREMIUM\r\n\t\t\t\t\t<\/a>\r\n\t<h2>Essayez notre programme gratuit<br \/>\r\n<\/h2>\r\n<p>Carte de paiement non requise<\/p>\r\n<p><\/p>\r\n\t<style>\r\n.signup-form-wrap input.form-text-field {\r\n    box-shadow: none;\r\n    height: auto;\r\n    border: 1px solid \r\n#e6e6e8;\r\nborder-radius: 3px;\r\nfont-size: 1rem;\r\n-webkit-box-shadow: 0 0 0 1000px\r\n    #fff inset;\r\n    color: #666872;\r\n    height: 42px;\r\n}\r\n.signup-form-wrap #frm_submit_new {\r\n    font-size: .8rem;\r\n    font-weight: 600;\r\n    text-transform: uppercase;\r\n    background-color: \r\n#4e5ff9;\r\nletter-spacing: 1px;\r\ncolor: #4e5ff9;\r\ncolor:\r\n    #fff;\r\n    border: none;\r\n    height: 42px;\r\n}\r\n<\/style>\r\n            <input type=\"text\" placeholder=\"Pr\u00e9nom\" id=\"frm_first_name\">\r\n            <input type=\"text\" placeholder=\"Nom\" id=\"frm_last_name\">\r\n            <input type=\"text\" placeholder=\"Adresse email\" id=\"frm_email_new\">\r\n            <input type=\"button\" value=\"Programme gratuit\" id=\"frm_submit_new\">\r\n","protected":false},"excerpt":{"rendered":"<p>\u00c0 PARTIR DE 15$ Devenez Benchmark PREMIUM et atteignez vos objectifs Toute votre strat\u00e9gie d&#8217;email marketing sera automatis\u00e9e en un seul endroit, faisant fleurir votre entreprise \u00e0 moindre co\u00fbt. PASSEZ \u00c0 PREMIUM D\u00c8S MAINTENANT A\/BTESTING AUTOMATISATION MARKETING FORMULAIRESILLIMIT\u00c9S COMPTE PRINCIPAL ET SOUS-COMPTES ASSISTANCE EN D\u00c9LIVRABILIT\u00c9 CAMPAGNE D&#8217;EMAIL CIBL\u00c9E PROTECTION DE LISTESOUS CODE PIN RETRAIT DU&hellip;<\/p>\n","protected":false},"author":7,"featured_media":0,"parent":25954,"menu_order":0,"comment_status":"closed","ping_status":"closed","template":"","meta":{"inline_featured_image":false,"footnotes":""},"class_list":["post-18552","page","type-page","status-publish","hentry"],"yoast_head":"<!-- This site is optimized with the Yoast SEO plugin v27.5 - https:\/\/yoast.com\/product\/yoast-seo-wordpress\/ -->\n<title>PASSEZ \u00c0 PREMIUM D\u00c8S MAINTENANT - | Benchmark Email Marketing<\/title>\n<meta name=\"description\" content=\"Regardless of the industry you are in email marketing will help you grow your business with these premium marketing tools starting at only $13.99.\" \/>\n<meta name=\"robots\" content=\"index, follow, max-snippet:-1, max-image-preview:large, max-video-preview:-1\" \/>\n<link rel=\"canonical\" href=\"https:\/\/www.benchmarkemail.com\/fr\/pricing-july-old\/upgrade\/\" \/>\n<meta property=\"og:locale\" content=\"en_US\" \/>\n<meta property=\"og:type\" content=\"article\" \/>\n<meta property=\"og:title\" content=\"PASSEZ \u00c0 PREMIUM D\u00c8S MAINTENANT - | Benchmark Email Marketing\" \/>\n<meta property=\"og:description\" content=\"Regardless of the industry you are in email marketing will help you grow your business with these premium marketing tools starting at only $13.99.\" \/>\n<meta property=\"og:url\" content=\"https:\/\/www.benchmarkemail.com\/fr\/pricing-july-old\/upgrade\/\" \/>\n<meta property=\"og:site_name\" content=\"Benchmark Email en fran\u00e7ais\" \/>\n<meta property=\"article:publisher\" content=\"https:\/\/www.facebook.com\/BenchmarkEmail\" \/>\n<meta property=\"article:modified_time\" content=\"2022-03-14T12:18:33+00:00\" \/>\n<meta property=\"og:image\" content=\"https:\/\/www.benchmarkemail.com\/images\/upgrade\/fr\/Img2.png\" \/>\n<meta name=\"twitter:card\" content=\"summary_large_image\" \/>\n<meta name=\"twitter:site\" content=\"@benchmarkemail\" \/>\n<meta name=\"twitter:label1\" content=\"Est. reading time\" \/>\n\t<meta name=\"twitter:data1\" content=\"3 minutes\" \/>\n<script type=\"application\/ld+json\" class=\"yoast-schema-graph\">{\"@context\":\"https:\\\/\\\/schema.org\",\"@graph\":[{\"@type\":\"WebPage\",\"@id\":\"https:\\\/\\\/www.benchmarkemail.com\\\/fr\\\/pricing-july-old\\\/upgrade\\\/\",\"url\":\"https:\\\/\\\/www.benchmarkemail.com\\\/fr\\\/pricing-july-old\\\/upgrade\\\/\",\"name\":\"PASSEZ \u00c0 PREMIUM D\u00c8S MAINTENANT - | Benchmark Email Marketing\",\"isPartOf\":{\"@id\":\"https:\\\/\\\/www.benchmarkemail.com\\\/fr\\\/#website\"},\"primaryImageOfPage\":{\"@id\":\"https:\\\/\\\/www.benchmarkemail.com\\\/fr\\\/pricing-july-old\\\/upgrade\\\/#primaryimage\"},\"image\":{\"@id\":\"https:\\\/\\\/www.benchmarkemail.com\\\/fr\\\/pricing-july-old\\\/upgrade\\\/#primaryimage\"},\"thumbnailUrl\":\"https:\\\/\\\/www.benchmarkemail.com\\\/images\\\/upgrade\\\/fr\\\/Img2.png\",\"datePublished\":\"2020-04-14T16:50:21+00:00\",\"dateModified\":\"2022-03-14T12:18:33+00:00\",\"description\":\"Regardless of the industry you are in email marketing will help you grow your business with these premium marketing tools starting at only $13.99.\",\"breadcrumb\":{\"@id\":\"https:\\\/\\\/www.benchmarkemail.com\\\/fr\\\/pricing-july-old\\\/upgrade\\\/#breadcrumb\"},\"inLanguage\":\"en-US\",\"potentialAction\":[{\"@type\":\"ReadAction\",\"target\":[\"https:\\\/\\\/www.benchmarkemail.com\\\/fr\\\/pricing-july-old\\\/upgrade\\\/\"]}]},{\"@type\":\"ImageObject\",\"inLanguage\":\"en-US\",\"@id\":\"https:\\\/\\\/www.benchmarkemail.com\\\/fr\\\/pricing-july-old\\\/upgrade\\\/#primaryimage\",\"url\":\"https:\\\/\\\/www.benchmarkemail.com\\\/images\\\/upgrade\\\/fr\\\/Img2.png\",\"contentUrl\":\"https:\\\/\\\/www.benchmarkemail.com\\\/images\\\/upgrade\\\/fr\\\/Img2.png\"},{\"@type\":\"BreadcrumbList\",\"@id\":\"https:\\\/\\\/www.benchmarkemail.com\\\/fr\\\/pricing-july-old\\\/upgrade\\\/#breadcrumb\",\"itemListElement\":[{\"@type\":\"ListItem\",\"position\":1,\"name\":\"Home\",\"item\":\"https:\\\/\\\/www.benchmarkemail.com\\\/fr\\\/\"},{\"@type\":\"ListItem\",\"position\":2,\"name\":\"Pricing march\",\"item\":\"https:\\\/\\\/www.benchmarkemail.com\\\/fr\\\/?page_id=25954\"},{\"@type\":\"ListItem\",\"position\":3,\"name\":\"Upgrade\"}]},{\"@type\":\"WebSite\",\"@id\":\"https:\\\/\\\/www.benchmarkemail.com\\\/fr\\\/#website\",\"url\":\"https:\\\/\\\/www.benchmarkemail.com\\\/fr\\\/\",\"name\":\"Benchmark Email en fran\u00e7ais\",\"description\":\"Outil de marketing digital. D\u00e9couvrez ou approfondissez vos connaissances en email marketing, automatisations, captation de prospects... et bien plus encore !\",\"publisher\":{\"@id\":\"https:\\\/\\\/www.benchmarkemail.com\\\/fr\\\/#organization\"},\"potentialAction\":[{\"@type\":\"SearchAction\",\"target\":{\"@type\":\"EntryPoint\",\"urlTemplate\":\"https:\\\/\\\/www.benchmarkemail.com\\\/fr\\\/?s={search_term_string}\"},\"query-input\":{\"@type\":\"PropertyValueSpecification\",\"valueRequired\":true,\"valueName\":\"search_term_string\"}}],\"inLanguage\":\"en-US\"},{\"@type\":\"Organization\",\"@id\":\"https:\\\/\\\/www.benchmarkemail.com\\\/fr\\\/#organization\",\"name\":\"Benchmark Internet Group, LLC\",\"url\":\"https:\\\/\\\/www.benchmarkemail.com\\\/fr\\\/\",\"logo\":{\"@type\":\"ImageObject\",\"inLanguage\":\"en-US\",\"@id\":\"https:\\\/\\\/www.benchmarkemail.com\\\/fr\\\/#\\\/schema\\\/logo\\\/image\\\/\",\"url\":\"https:\\\/\\\/www.benchmarkemail.com\\\/fr\\\/wp-content\\\/uploads\\\/sites\\\/3\\\/2019\\\/09\\\/benchmark-logo.svg\",\"contentUrl\":\"https:\\\/\\\/www.benchmarkemail.com\\\/fr\\\/wp-content\\\/uploads\\\/sites\\\/3\\\/2019\\\/09\\\/benchmark-logo.svg\",\"width\":1,\"height\":1,\"caption\":\"Benchmark Internet Group, LLC\"},\"image\":{\"@id\":\"https:\\\/\\\/www.benchmarkemail.com\\\/fr\\\/#\\\/schema\\\/logo\\\/image\\\/\"},\"sameAs\":[\"https:\\\/\\\/www.facebook.com\\\/BenchmarkEmail\",\"https:\\\/\\\/x.com\\\/benchmarkemail\",\"https:\\\/\\\/www.instagram.com\\\/benchmarkemail\\\/\",\"https:\\\/\\\/www.linkedin.com\\\/company\\\/benchmark-email\\\/\",\"https:\\\/\\\/www.youtube.com\\\/channel\\\/UCEQOJxM8HtdJpjkE1HO6L6Q\"]}]}<\/script>\n<!-- \/ Yoast SEO plugin. -->","yoast_head_json":{"title":"PASSEZ \u00c0 PREMIUM D\u00c8S MAINTENANT - | Benchmark Email Marketing","description":"Regardless of the industry you are in email marketing will help you grow your business with these premium marketing tools starting at only $13.99.","robots":{"index":"index","follow":"follow","max-snippet":"max-snippet:-1","max-image-preview":"max-image-preview:large","max-video-preview":"max-video-preview:-1"},"canonical":"https:\/\/www.benchmarkemail.com\/fr\/pricing-july-old\/upgrade\/","og_locale":"en_US","og_type":"article","og_title":"PASSEZ \u00c0 PREMIUM D\u00c8S MAINTENANT - | Benchmark Email Marketing","og_description":"Regardless of the industry you are in email marketing will help you grow your business with these premium marketing tools starting at only $13.99.","og_url":"https:\/\/www.benchmarkemail.com\/fr\/pricing-july-old\/upgrade\/","og_site_name":"Benchmark Email en fran\u00e7ais","article_publisher":"https:\/\/www.facebook.com\/BenchmarkEmail","article_modified_time":"2022-03-14T12:18:33+00:00","og_image":[{"url":"https:\/\/www.benchmarkemail.com\/images\/upgrade\/fr\/Img2.png","type":"","width":"","height":""}],"twitter_card":"summary_large_image","twitter_site":"@benchmarkemail","twitter_misc":{"Est. reading time":"3 minutes"},"schema":{"@context":"https:\/\/schema.org","@graph":[{"@type":"WebPage","@id":"https:\/\/www.benchmarkemail.com\/fr\/pricing-july-old\/upgrade\/","url":"https:\/\/www.benchmarkemail.com\/fr\/pricing-july-old\/upgrade\/","name":"PASSEZ \u00c0 PREMIUM D\u00c8S MAINTENANT - | Benchmark Email Marketing","isPartOf":{"@id":"https:\/\/www.benchmarkemail.com\/fr\/#website"},"primaryImageOfPage":{"@id":"https:\/\/www.benchmarkemail.com\/fr\/pricing-july-old\/upgrade\/#primaryimage"},"image":{"@id":"https:\/\/www.benchmarkemail.com\/fr\/pricing-july-old\/upgrade\/#primaryimage"},"thumbnailUrl":"https:\/\/www.benchmarkemail.com\/images\/upgrade\/fr\/Img2.png","datePublished":"2020-04-14T16:50:21+00:00","dateModified":"2022-03-14T12:18:33+00:00","description":"Regardless of the industry you are in email marketing will help you grow your business with these premium marketing tools starting at only $13.99.","breadcrumb":{"@id":"https:\/\/www.benchmarkemail.com\/fr\/pricing-july-old\/upgrade\/#breadcrumb"},"inLanguage":"en-US","potentialAction":[{"@type":"ReadAction","target":["https:\/\/www.benchmarkemail.com\/fr\/pricing-july-old\/upgrade\/"]}]},{"@type":"ImageObject","inLanguage":"en-US","@id":"https:\/\/www.benchmarkemail.com\/fr\/pricing-july-old\/upgrade\/#primaryimage","url":"https:\/\/www.benchmarkemail.com\/images\/upgrade\/fr\/Img2.png","contentUrl":"https:\/\/www.benchmarkemail.com\/images\/upgrade\/fr\/Img2.png"},{"@type":"BreadcrumbList","@id":"https:\/\/www.benchmarkemail.com\/fr\/pricing-july-old\/upgrade\/#breadcrumb","itemListElement":[{"@type":"ListItem","position":1,"name":"Home","item":"https:\/\/www.benchmarkemail.com\/fr\/"},{"@type":"ListItem","position":2,"name":"Pricing march","item":"https:\/\/www.benchmarkemail.com\/fr\/?page_id=25954"},{"@type":"ListItem","position":3,"name":"Upgrade"}]},{"@type":"WebSite","@id":"https:\/\/www.benchmarkemail.com\/fr\/#website","url":"https:\/\/www.benchmarkemail.com\/fr\/","name":"Benchmark Email en fran\u00e7ais","description":"Outil de marketing digital. D\u00e9couvrez ou approfondissez vos connaissances en email marketing, automatisations, captation de prospects... et bien plus encore !","publisher":{"@id":"https:\/\/www.benchmarkemail.com\/fr\/#organization"},"potentialAction":[{"@type":"SearchAction","target":{"@type":"EntryPoint","urlTemplate":"https:\/\/www.benchmarkemail.com\/fr\/?s={search_term_string}"},"query-input":{"@type":"PropertyValueSpecification","valueRequired":true,"valueName":"search_term_string"}}],"inLanguage":"en-US"},{"@type":"Organization","@id":"https:\/\/www.benchmarkemail.com\/fr\/#organization","name":"Benchmark Internet Group, LLC","url":"https:\/\/www.benchmarkemail.com\/fr\/","logo":{"@type":"ImageObject","inLanguage":"en-US","@id":"https:\/\/www.benchmarkemail.com\/fr\/#\/schema\/logo\/image\/","url":"https:\/\/www.benchmarkemail.com\/fr\/wp-content\/uploads\/sites\/3\/2019\/09\/benchmark-logo.svg","contentUrl":"https:\/\/www.benchmarkemail.com\/fr\/wp-content\/uploads\/sites\/3\/2019\/09\/benchmark-logo.svg","width":1,"height":1,"caption":"Benchmark Internet Group, LLC"},"image":{"@id":"https:\/\/www.benchmarkemail.com\/fr\/#\/schema\/logo\/image\/"},"sameAs":["https:\/\/www.facebook.com\/BenchmarkEmail","https:\/\/x.com\/benchmarkemail","https:\/\/www.instagram.com\/benchmarkemail\/","https:\/\/www.linkedin.com\/company\/benchmark-email\/","https:\/\/www.youtube.com\/channel\/UCEQOJxM8HtdJpjkE1HO6L6Q"]}]}},"_links":{"self":[{"href":"https:\/\/www.benchmarkemail.com\/fr\/wp-json\/wp\/v2\/pages\/18552","targetHints":{"allow":["GET"]}}],"collection":[{"href":"https:\/\/www.benchmarkemail.com\/fr\/wp-json\/wp\/v2\/pages"}],"about":[{"href":"https:\/\/www.benchmarkemail.com\/fr\/wp-json\/wp\/v2\/types\/page"}],"author":[{"embeddable":true,"href":"https:\/\/www.benchmarkemail.com\/fr\/wp-json\/wp\/v2\/users\/7"}],"replies":[{"embeddable":true,"href":"https:\/\/www.benchmarkemail.com\/fr\/wp-json\/wp\/v2\/comments?post=18552"}],"version-history":[{"count":0,"href":"https:\/\/www.benchmarkemail.com\/fr\/wp-json\/wp\/v2\/pages\/18552\/revisions"}],"up":[{"embeddable":true,"href":"https:\/\/www.benchmarkemail.com\/fr\/wp-json\/wp\/v2\/pages\/25954"}],"wp:attachment":[{"href":"https:\/\/www.benchmarkemail.com\/fr\/wp-json\/wp\/v2\/media?parent=18552"}],"curies":[{"name":"wp","href":"https:\/\/api.w.org\/{rel}","templated":true}]}}