{"id":18630,"date":"2020-04-16T16:25:30","date_gmt":"2020-04-16T16:25:30","guid":{"rendered":"https:\/\/benchmarkemail.wpengine.com\/fr\/?page_id=18630"},"modified":"2023-08-29T10:17:12","modified_gmt":"2023-08-29T10:17:12","slug":"landing-pages","status":"publish","type":"page","link":"https:\/\/www.benchmarkemail.com\/fr\/features\/landing-pages\/","title":{"rendered":"Landing pages"},"content":{"rendered":"\n<h1>\n\t\tCr\u00e9ez une landing page. Choisissez, glissez et d\u00e9posez.\n\t<\/h1>\n<h4>\n\t\tObtenez plus d&#8217;abonn\u00e9s et de clients avec les landing pages de Benchmark Email\n\t<\/h4>\n\t\t\t\t<img loading=\"lazy\" decoding=\"async\" src=\"https:\/\/www.benchmarkemail.com\/fr\/wp-content\/uploads\/sites\/3\/2020\/02\/landing-page-mobile-FR.png\" alt=\"Exemple de formulaire\" height=\"690\" width=\"365\" title=\"landing-page-mobile-FR\" \/>\n\t\t\t\t<img loading=\"lazy\" decoding=\"async\" src=\"https:\/\/www.benchmarkemail.com\/fr\/wp-content\/uploads\/sites\/3\/2022\/10\/landing-page-desktop-fr.webp\" alt=\"Exemple de landing page\" height=\"476\" width=\"749\" title=\"landing-page-desktop-fr\" \/>\n\t\t\t\t<img decoding=\"async\" src=\"https:\/\/www.benchmarkemail.com\/wp-content\/uploads\/2020\/04\/scroll-down.svg\" alt=\"scroll-down.svg\" title=\"scroll-down.svg\" \/>\n\t\t\t\t<img decoding=\"async\" src=\"https:\/\/www.benchmarkemail.com\/fr\/wp-content\/plugins\/bb-plugin\/img\/pixel.png\" alt=\"\" \/>\n\t\t\t\t<img decoding=\"async\" src=\"https:\/\/www.benchmarkemail.com\/wp-content\/uploads\/2020\/04\/drag-drop-icon.svg\" alt=\"drag-drop-icon.svg\" title=\"drag-drop-icon.svg\" \/>\n<h2>\n\t\t\u00c9diteur de landing pages Drag&amp;Drop\n\t<\/h2>\n\t<p>Concevez des pages professionnelles et personnalis\u00e9es qui vous aideront \u00e0 am\u00e9liorer les ventes de votre entreprise sans avoir besoin de savoir coder<\/p>\n\t\t\t\t<img loading=\"lazy\" decoding=\"async\" src=\"https:\/\/www.benchmarkemail.com\/fr\/wp-content\/uploads\/sites\/3\/2022\/10\/drag-drop-image-at-2x.webp\" alt=\"\u00c9diteur de landing page par glisser-d\u00e9poser\" height=\"656\" width=\"1168\" title=\"drag-drop-image-at-2x\" \/>\n\t\t\t\t<img loading=\"lazy\" decoding=\"async\" src=\"https:\/\/www.benchmarkemail.com\/fr\/wp-content\/uploads\/sites\/3\/2022\/10\/design-with-templates-image-at-2x.webp\" alt=\"Mod\u00e8le de base pour landing pages\" height=\"1032\" width=\"908\" title=\"design-with-templates-image-at-2x\" \/>\n\t\t\t\t<img decoding=\"async\" src=\"https:\/\/www.benchmarkemail.com\/wp-content\/uploads\/2020\/04\/templates-icon.svg\" alt=\"templates-icon.svg\" title=\"templates-icon.svg\" \/>\n<h2>\n\t\tUtilisez nos Mod\u00e8les Landing Pages\n\t<\/h2>\n\t<p>Utilisez l&#8217;un de nos mod\u00e8les de landing page adapt\u00e9s aux mobiles et con\u00e7us pour convertir rapidement les abonn\u00e9s<\/p>\n\t\t\t\t<img decoding=\"async\" src=\"https:\/\/www.benchmarkemail.com\/wp-content\/uploads\/2020\/04\/user-plus-icon.svg\" alt=\"user-plus-icon.svg\" title=\"user-plus-icon.svg\" \/>\n<h3>\n\t\tAugmentez votre liste d&#8217;abonn\u00e9s\n\t<\/h3>\n\t<p>Int\u00e9grez vos formulaires d&#8217;inscription Benchmark dans vos Landing Pages pour ajouter en toute transparence des nouveaux contacts \u00e0 vos listes de diffusion.<\/p>\n\t\t\t\t<img loading=\"lazy\" decoding=\"async\" src=\"https:\/\/www.benchmarkemail.com\/fr\/wp-content\/uploads\/sites\/3\/2020\/04\/grow-your-list@2x.png\" alt=\"Exemple de formulaire de contact\" height=\"832\" width=\"886\" title=\"grow-your-list@2x\" \/>\n\t\t\t\t<img loading=\"lazy\" decoding=\"async\" src=\"https:\/\/www.benchmarkemail.com\/fr\/wp-content\/uploads\/sites\/3\/2022\/10\/integrate-campaigns-at-2x.webp\" alt=\"Exemple d'int\u00e9gration de produits\" height=\"968\" width=\"1000\" title=\"integrate-campaigns-at-2x\" \/>\n\t\t\t\t<img decoding=\"async\" src=\"https:\/\/www.benchmarkemail.com\/wp-content\/uploads\/2020\/04\/integration-icon.svg\" alt=\"integration-icon.svg\" title=\"integration-icon.svg\" \/>\n<h2>\n\t\tInt\u00e9grez vos landing pages \u00e0 l&#8217;email marketing\n\t<\/h2>\n\t<p>Ajoutez des landing pages \u00e0 votre strat\u00e9gie d&#8217;email marketing et personnalisez le contact avec les abonn\u00e9s gr\u00e2ce \u00e0 des automatisations marketing<\/p>\n\t\t\t\t<img decoding=\"async\" src=\"https:\/\/www.benchmarkemail.com\/wp-content\/uploads\/2020\/04\/branded-links-icon.svg\" alt=\"branded-links-icon.svg\" title=\"branded-links-icon.svg\" \/>\n<h3>\n\t\tLanding Pages avec votre propre nom de domaine\n\t<\/h3>\n\t<p>Publiez vos Landing Pages sous votre propre nom de domaine afin de garantir \u00e0 vos utilisateurs une exp\u00e9rience coh\u00e9rente en termes d&#8217;image de marque.<\/p>\n\t\t\t\t<img loading=\"lazy\" decoding=\"async\" src=\"https:\/\/www.benchmarkemail.com\/fr\/wp-content\/uploads\/sites\/3\/2020\/04\/subdomain-image@2x.png\" alt=\"Cr\u00e9ateur de landing page avec \u00e9diteur d'URL\" height=\"346\" width=\"1136\" title=\"subdomain-image@2x\" \/>\n\t\t\t\t<img loading=\"lazy\" decoding=\"async\" src=\"https:\/\/www.benchmarkemail.com\/fr\/wp-content\/uploads\/sites\/3\/2022\/10\/track-your-goals-at-2x.webp\" alt=\"Statistiques d'utilisation de landing page\" height=\"714\" width=\"1098\" title=\"track-your-goals-at-2x\" \/>\n\t\t\t\t<img decoding=\"async\" src=\"https:\/\/www.benchmarkemail.com\/wp-content\/uploads\/2020\/04\/tracking-icon@2x.png\" alt=\"tracking-icon@2x.png\" title=\"tracking-icon@2x.png\" \/>\n<h3>\n\t\tMesurez, analysez et faites le suivi de vos objectifs\n\t<\/h3>\n\n\t<p>Mesurez le ROI de vos Landing Pages via l&#8217;engagement des prospects ou l&#8217;acquisition de nouveaux abonn\u00e9s.<\/p>\n<h2>\n\t\tD\u00e9veloppez votre activit\u00e9 avec Benchmark Email\n\t<\/h2>\n<h3>\n\t\tOutils con\u00e7us pour rendre l&#8217;email marketing simple et accessible \u00e0 tous\n\t<\/h3>\n\t\t\t\t<img decoding=\"async\" src=\"https:\/\/www.benchmarkemail.com\/wp-content\/uploads\/2020\/04\/email-marketing-icon.svg\" alt=\"email-marketing-icon.svg\" title=\"email-marketing-icon.svg\" \/>\n<h4>\n\t\tEmail Marketing\n\t<\/h4>\n\t<p>Concevez et envoyez de superbes campagnes emailing pour communiquer avec vos clients en toute simplicit\u00e9<\/p>\n\t\t\t<a href=\"https:\/\/ui.benchmarkemail.com\/fr\/register?utm_medium=organic&amp;utm_source=website&amp;utm_campaign=landing_page&amp;utm_content=button_Email\" target=\"_self\" rel=\"noopener\">\n\t\t\t\t\t\t\tCOMMENCEZ\n\t\t\t\t\t<\/a>\n\t\t\t\t<img decoding=\"async\" src=\"https:\/\/www.benchmarkemail.com\/wp-content\/uploads\/2020\/04\/landing-pages-icon.svg\" alt=\"landing-pages-icon.svg\" title=\"landing-pages-icon.svg\" \/>\n<h4>\n\t\tLanding Pages\n\t<\/h4>\n\t<p>Boostez les conversions de vos campagnes marketing avec des Landing Pages cibl\u00e9es.<\/p>\n\t\t\t<a href=\"https:\/\/ui.benchmarkemail.com\/fr\/register?utm_medium=organic&amp;utm_source=website&amp;utm_campaign=landing_page&amp;utm_content=button_LP\" target=\"_self\" rel=\"noopener\">\n\t\t\t\t\t\t\tCOMMENCEZ\n\t\t\t\t\t<\/a>\n\t\t\t\t<img decoding=\"async\" src=\"https:\/\/www.benchmarkemail.com\/wp-content\/uploads\/2020\/04\/automation-pro-icon.svg\" alt=\"automation-pro-icon.svg\" title=\"automation-pro-icon.svg\" \/>\n<h4>\n\t\tAutomatisation du marketing\n\t<\/h4>\n\t<p>Cr\u00e9ez des workflows pour vos listes de contacts et transformez vos nouveaux abonn\u00e9s en clients fid\u00e8les.<\/p>\n\t\t\t<a href=\"https:\/\/ui.benchmarkemail.com\/fr\/register?utm_medium=organic&amp;utm_source=website&amp;utm_campaign=landing_page&amp;utm_content=button_Apro\" target=\"_self\" rel=\"noopener\">\n\t\t\t\t\t\t\tCOMMENCEZ\n\t\t\t\t\t<\/a>\n<h3>\n\t\tApprenez-en plus sur les landing pages\n\t<\/h3>\n\t\t\t\t<a href=\"https:\/\/www.benchmarkemail.com\/fr\/blog\/nouvelle-fonctionnalite-landing-page\/\" target=\"_self\" rel=\"noopener\">\n\t\t\t\t<img decoding=\"async\" src=\"https:\/\/www.benchmarkemail.com\/wp-content\/uploads\/2020\/04\/landing-resouce-image.jpg\" alt=\"\" \/>\n\t\t\t\t<\/a>\n\t\t\t<a href=\"#\" target=\"_self\" rel=\"noopener\">\n\t\t\t\t\t\t\tActualit\u00e9s\n\t\t\t\t\t<\/a>\n<h4>\n\t\t<a href=\"https:\/\/www.benchmarkemail.com\/fr\/blog\/nouvelle-fonctionnalite-landing-page\/\" title=\"Introduction aux Landing  Pages Benchmark\" target=\"_self\" rel=\"noopener\">\n\t\tIntroduction aux Landing  Pages Benchmark\n\t\t<\/a>\n\t<\/h4>\n\t<p>Faites passer l&#8217;exp\u00e9rience client au niveau sup\u00e9rieur et d\u00e9veloppez vos listes de contacts avec le nouvel \u00e9diteur de Landing Pages Benchmark.<\/p>\n\t\t\t\t<a href=\"https:\/\/www.benchmarkemail.com\/fr\/blog\/5-elements-que-toute-landing-page-devrait-avoir\/\" target=\"_self\" rel=\"noopener\">\n\t\t\t\t<img decoding=\"async\" src=\"https:\/\/www.benchmarkemail.com\/wp-content\/uploads\/2020\/04\/landing-tutorial-image.png\" alt=\"\" \/>\n\t\t\t\t<\/a>\n\t\t\t<a href=\"#\" target=\"_self\" rel=\"noopener\">\n\t\t\t\t\t\t\tMarketing pratique\n\t\t\t\t\t<\/a>\n<h4>\n\t\t<a href=\"https:\/\/www.benchmarkemail.com\/fr\/blog\/5-elements-que-toute-landing-page-devrait-avoir\/\" title=\"5 \u00e9l\u00e9ments que toute Landing Page devrait avoir\" target=\"_self\" rel=\"noopener\">\n\t\t5 \u00e9l\u00e9ments que toute Landing Page devrait avoir\n\t\t<\/a>\n\t<\/h4>\n\t<p>L&#8217;optimisation de vos Landing Pages est une \u00e9tape cruciale pour vos activit\u00e9s marketing.<\/p>\n\t<h2>Cr\u00e9ez votre compte Benchmark Email gratuit<\/h2>\n<p>Pas de carte de cr\u00e9dit requise<\/p>\n<p>&nbsp;<\/p>\n\t\n.signup-form-wrap input.form-text-field {\n    box-shadow: none;\n    height: auto;\n    border: 1px solid \n#e6e6e8;\nborder-radius: 3px;\nfont-size: 1rem;\n-webkit-box-shadow: 0 0 0 1000px\n    #fff inset;\n    color: #666872;\n    height: 42px;\n}\n.signup-form-wrap #frm_submit_new {\n    font-size: .8rem;\n    font-weight: 600;\n    text-transform: uppercase;\n    background-color: \n#4e5ff9;\nletter-spacing: 1px;\ncolor: #4e5ff9;\ncolor:\n    #fff;\n    border: none;\n    height: 42px;\n}\n\n            \n            \n            \n            \n\n","protected":false},"excerpt":{"rendered":"<p>Cr\u00e9ez une landing page. Choisissez, glissez et d\u00e9posez. Obtenez plus d&#8217;abonn\u00e9s et de clients avec les landing pages de Benchmark Email \u00c9diteur de landing pages Drag&amp;Drop Concevez des pages professionnelles et personnalis\u00e9es qui vous aideront \u00e0 am\u00e9liorer les ventes de votre entreprise sans avoir besoin de savoir coder Utilisez nos Mod\u00e8les Landing Pages Utilisez l&#8217;un&hellip;<\/p>\n","protected":false},"author":7,"featured_media":34660,"parent":18,"menu_order":0,"comment_status":"closed","ping_status":"closed","template":"","meta":{"inline_featured_image":false,"footnotes":""},"class_list":["post-18630","page","type-page","status-publish","has-post-thumbnail","hentry"],"yoast_head":"<!-- This site is optimized with the Yoast SEO plugin v27.3 - https:\/\/yoast.com\/product\/yoast-seo-wordpress\/ -->\n<title>Cr\u00e9ez une landing page - \u00c9diteur Landing page - Benchmark Email<\/title>\n<meta name=\"description\" content=\"Landing pages int\u00e9gr\u00e9es \u00e0 votre outil d&#039;emailing. L&#039;\u00e9diteur de landing pages simple et en fran\u00e7ais pour cr\u00e9er la landing page dont vous avez besoin.\" \/>\n<meta name=\"robots\" content=\"index, follow, max-snippet:-1, max-image-preview:large, max-video-preview:-1\" \/>\n<link rel=\"canonical\" href=\"https:\/\/www.benchmarkemail.com\/fr\/features\/landing-pages\/\" \/>\n<meta property=\"og:locale\" content=\"en_US\" \/>\n<meta property=\"og:type\" content=\"article\" \/>\n<meta property=\"og:title\" content=\"Cr\u00e9ez une landing page - \u00c9diteur Landing page - Benchmark Email\" \/>\n<meta property=\"og:description\" content=\"Landing pages int\u00e9gr\u00e9es \u00e0 votre outil d&#039;emailing. L&#039;\u00e9diteur de landing pages simple et en fran\u00e7ais pour cr\u00e9er la landing page dont vous avez besoin.\" \/>\n<meta property=\"og:url\" content=\"https:\/\/www.benchmarkemail.com\/fr\/features\/landing-pages\/\" \/>\n<meta property=\"og:site_name\" content=\"Benchmark Email en fran\u00e7ais\" \/>\n<meta property=\"article:publisher\" content=\"https:\/\/www.facebook.com\/BenchmarkEmail\" \/>\n<meta property=\"article:modified_time\" content=\"2023-08-29T10:17:12+00:00\" \/>\n<meta property=\"og:image\" content=\"https:\/\/www.benchmarkemail.com\/fr\/wp-content\/uploads\/sites\/3\/2023\/07\/Creer-une-Landing-Page.webp\" \/>\n\t<meta property=\"og:image:width\" content=\"1400\" \/>\n\t<meta property=\"og:image:height\" content=\"730\" \/>\n\t<meta property=\"og:image:type\" content=\"image\/webp\" \/>\n<meta name=\"twitter:card\" content=\"summary_large_image\" \/>\n<meta name=\"twitter:site\" content=\"@benchmarkemail\" \/>\n<meta name=\"twitter:label1\" content=\"Est. reading time\" \/>\n\t<meta name=\"twitter:data1\" content=\"6 minutes\" \/>\n<script type=\"application\/ld+json\" class=\"yoast-schema-graph\">{\"@context\":\"https:\\\/\\\/schema.org\",\"@graph\":[{\"@type\":\"WebPage\",\"@id\":\"https:\\\/\\\/www.benchmarkemail.com\\\/fr\\\/features\\\/landing-pages\\\/\",\"url\":\"https:\\\/\\\/www.benchmarkemail.com\\\/fr\\\/features\\\/landing-pages\\\/\",\"name\":\"Cr\u00e9ez une landing page - \u00c9diteur Landing page - Benchmark Email\",\"isPartOf\":{\"@id\":\"https:\\\/\\\/www.benchmarkemail.com\\\/fr\\\/#website\"},\"primaryImageOfPage\":{\"@id\":\"https:\\\/\\\/www.benchmarkemail.com\\\/fr\\\/features\\\/landing-pages\\\/#primaryimage\"},\"image\":{\"@id\":\"https:\\\/\\\/www.benchmarkemail.com\\\/fr\\\/features\\\/landing-pages\\\/#primaryimage\"},\"thumbnailUrl\":\"https:\\\/\\\/www.benchmarkemail.com\\\/fr\\\/wp-content\\\/uploads\\\/sites\\\/3\\\/2023\\\/07\\\/Creer-une-Landing-Page.webp\",\"datePublished\":\"2020-04-16T16:25:30+00:00\",\"dateModified\":\"2023-08-29T10:17:12+00:00\",\"description\":\"Landing pages int\u00e9gr\u00e9es \u00e0 votre outil d'emailing. L'\u00e9diteur de landing pages simple et en fran\u00e7ais pour cr\u00e9er la landing page dont vous avez besoin.\",\"breadcrumb\":{\"@id\":\"https:\\\/\\\/www.benchmarkemail.com\\\/fr\\\/features\\\/landing-pages\\\/#breadcrumb\"},\"inLanguage\":\"en-US\",\"potentialAction\":[{\"@type\":\"ReadAction\",\"target\":[\"https:\\\/\\\/www.benchmarkemail.com\\\/fr\\\/features\\\/landing-pages\\\/\"]}]},{\"@type\":\"ImageObject\",\"inLanguage\":\"en-US\",\"@id\":\"https:\\\/\\\/www.benchmarkemail.com\\\/fr\\\/features\\\/landing-pages\\\/#primaryimage\",\"url\":\"https:\\\/\\\/www.benchmarkemail.com\\\/fr\\\/wp-content\\\/uploads\\\/sites\\\/3\\\/2023\\\/07\\\/Creer-une-Landing-Page.webp\",\"contentUrl\":\"https:\\\/\\\/www.benchmarkemail.com\\\/fr\\\/wp-content\\\/uploads\\\/sites\\\/3\\\/2023\\\/07\\\/Creer-une-Landing-Page.webp\",\"width\":1400,\"height\":730},{\"@type\":\"BreadcrumbList\",\"@id\":\"https:\\\/\\\/www.benchmarkemail.com\\\/fr\\\/features\\\/landing-pages\\\/#breadcrumb\",\"itemListElement\":[{\"@type\":\"ListItem\",\"position\":1,\"name\":\"Home\",\"item\":\"https:\\\/\\\/www.benchmarkemail.com\\\/fr\\\/\"},{\"@type\":\"ListItem\",\"position\":2,\"name\":\"Features\",\"item\":\"https:\\\/\\\/www.benchmarkemail.com\\\/fr\\\/features\\\/\"},{\"@type\":\"ListItem\",\"position\":3,\"name\":\"Landing pages\"}]},{\"@type\":\"WebSite\",\"@id\":\"https:\\\/\\\/www.benchmarkemail.com\\\/fr\\\/#website\",\"url\":\"https:\\\/\\\/www.benchmarkemail.com\\\/fr\\\/\",\"name\":\"Benchmark Email en fran\u00e7ais\",\"description\":\"Outil de marketing digital. D\u00e9couvrez ou approfondissez vos connaissances en email marketing, automatisations, captation de prospects... et bien plus encore !\",\"publisher\":{\"@id\":\"https:\\\/\\\/www.benchmarkemail.com\\\/fr\\\/#organization\"},\"potentialAction\":[{\"@type\":\"SearchAction\",\"target\":{\"@type\":\"EntryPoint\",\"urlTemplate\":\"https:\\\/\\\/www.benchmarkemail.com\\\/fr\\\/?s={search_term_string}\"},\"query-input\":{\"@type\":\"PropertyValueSpecification\",\"valueRequired\":true,\"valueName\":\"search_term_string\"}}],\"inLanguage\":\"en-US\"},{\"@type\":\"Organization\",\"@id\":\"https:\\\/\\\/www.benchmarkemail.com\\\/fr\\\/#organization\",\"name\":\"Benchmark Internet Group, LLC\",\"url\":\"https:\\\/\\\/www.benchmarkemail.com\\\/fr\\\/\",\"logo\":{\"@type\":\"ImageObject\",\"inLanguage\":\"en-US\",\"@id\":\"https:\\\/\\\/www.benchmarkemail.com\\\/fr\\\/#\\\/schema\\\/logo\\\/image\\\/\",\"url\":\"https:\\\/\\\/www.benchmarkemail.com\\\/fr\\\/wp-content\\\/uploads\\\/sites\\\/3\\\/2019\\\/09\\\/benchmark-logo.svg\",\"contentUrl\":\"https:\\\/\\\/www.benchmarkemail.com\\\/fr\\\/wp-content\\\/uploads\\\/sites\\\/3\\\/2019\\\/09\\\/benchmark-logo.svg\",\"width\":1,\"height\":1,\"caption\":\"Benchmark Internet Group, LLC\"},\"image\":{\"@id\":\"https:\\\/\\\/www.benchmarkemail.com\\\/fr\\\/#\\\/schema\\\/logo\\\/image\\\/\"},\"sameAs\":[\"https:\\\/\\\/www.facebook.com\\\/BenchmarkEmail\",\"https:\\\/\\\/x.com\\\/benchmarkemail\",\"https:\\\/\\\/www.instagram.com\\\/benchmarkemail\\\/\",\"https:\\\/\\\/www.linkedin.com\\\/company\\\/benchmark-email\\\/\",\"https:\\\/\\\/www.youtube.com\\\/channel\\\/UCEQOJxM8HtdJpjkE1HO6L6Q\"]}]}<\/script>\n<!-- \/ Yoast SEO plugin. -->","yoast_head_json":{"title":"Cr\u00e9ez une landing page - \u00c9diteur Landing page - Benchmark Email","description":"Landing pages int\u00e9gr\u00e9es \u00e0 votre outil d'emailing. L'\u00e9diteur de landing pages simple et en fran\u00e7ais pour cr\u00e9er la landing page dont vous avez besoin.","robots":{"index":"index","follow":"follow","max-snippet":"max-snippet:-1","max-image-preview":"max-image-preview:large","max-video-preview":"max-video-preview:-1"},"canonical":"https:\/\/www.benchmarkemail.com\/fr\/features\/landing-pages\/","og_locale":"en_US","og_type":"article","og_title":"Cr\u00e9ez une landing page - \u00c9diteur Landing page - Benchmark Email","og_description":"Landing pages int\u00e9gr\u00e9es \u00e0 votre outil d'emailing. L'\u00e9diteur de landing pages simple et en fran\u00e7ais pour cr\u00e9er la landing page dont vous avez besoin.","og_url":"https:\/\/www.benchmarkemail.com\/fr\/features\/landing-pages\/","og_site_name":"Benchmark Email en fran\u00e7ais","article_publisher":"https:\/\/www.facebook.com\/BenchmarkEmail","article_modified_time":"2023-08-29T10:17:12+00:00","og_image":[{"width":1400,"height":730,"url":"https:\/\/www.benchmarkemail.com\/fr\/wp-content\/uploads\/sites\/3\/2023\/07\/Creer-une-Landing-Page.webp","type":"image\/webp"}],"twitter_card":"summary_large_image","twitter_site":"@benchmarkemail","twitter_misc":{"Est. reading time":"6 minutes"},"schema":{"@context":"https:\/\/schema.org","@graph":[{"@type":"WebPage","@id":"https:\/\/www.benchmarkemail.com\/fr\/features\/landing-pages\/","url":"https:\/\/www.benchmarkemail.com\/fr\/features\/landing-pages\/","name":"Cr\u00e9ez une landing page - \u00c9diteur Landing page - Benchmark Email","isPartOf":{"@id":"https:\/\/www.benchmarkemail.com\/fr\/#website"},"primaryImageOfPage":{"@id":"https:\/\/www.benchmarkemail.com\/fr\/features\/landing-pages\/#primaryimage"},"image":{"@id":"https:\/\/www.benchmarkemail.com\/fr\/features\/landing-pages\/#primaryimage"},"thumbnailUrl":"https:\/\/www.benchmarkemail.com\/fr\/wp-content\/uploads\/sites\/3\/2023\/07\/Creer-une-Landing-Page.webp","datePublished":"2020-04-16T16:25:30+00:00","dateModified":"2023-08-29T10:17:12+00:00","description":"Landing pages int\u00e9gr\u00e9es \u00e0 votre outil d'emailing. L'\u00e9diteur de landing pages simple et en fran\u00e7ais pour cr\u00e9er la landing page dont vous avez besoin.","breadcrumb":{"@id":"https:\/\/www.benchmarkemail.com\/fr\/features\/landing-pages\/#breadcrumb"},"inLanguage":"en-US","potentialAction":[{"@type":"ReadAction","target":["https:\/\/www.benchmarkemail.com\/fr\/features\/landing-pages\/"]}]},{"@type":"ImageObject","inLanguage":"en-US","@id":"https:\/\/www.benchmarkemail.com\/fr\/features\/landing-pages\/#primaryimage","url":"https:\/\/www.benchmarkemail.com\/fr\/wp-content\/uploads\/sites\/3\/2023\/07\/Creer-une-Landing-Page.webp","contentUrl":"https:\/\/www.benchmarkemail.com\/fr\/wp-content\/uploads\/sites\/3\/2023\/07\/Creer-une-Landing-Page.webp","width":1400,"height":730},{"@type":"BreadcrumbList","@id":"https:\/\/www.benchmarkemail.com\/fr\/features\/landing-pages\/#breadcrumb","itemListElement":[{"@type":"ListItem","position":1,"name":"Home","item":"https:\/\/www.benchmarkemail.com\/fr\/"},{"@type":"ListItem","position":2,"name":"Features","item":"https:\/\/www.benchmarkemail.com\/fr\/features\/"},{"@type":"ListItem","position":3,"name":"Landing pages"}]},{"@type":"WebSite","@id":"https:\/\/www.benchmarkemail.com\/fr\/#website","url":"https:\/\/www.benchmarkemail.com\/fr\/","name":"Benchmark Email en fran\u00e7ais","description":"Outil de marketing digital. D\u00e9couvrez ou approfondissez vos connaissances en email marketing, automatisations, captation de prospects... et bien plus encore !","publisher":{"@id":"https:\/\/www.benchmarkemail.com\/fr\/#organization"},"potentialAction":[{"@type":"SearchAction","target":{"@type":"EntryPoint","urlTemplate":"https:\/\/www.benchmarkemail.com\/fr\/?s={search_term_string}"},"query-input":{"@type":"PropertyValueSpecification","valueRequired":true,"valueName":"search_term_string"}}],"inLanguage":"en-US"},{"@type":"Organization","@id":"https:\/\/www.benchmarkemail.com\/fr\/#organization","name":"Benchmark Internet Group, LLC","url":"https:\/\/www.benchmarkemail.com\/fr\/","logo":{"@type":"ImageObject","inLanguage":"en-US","@id":"https:\/\/www.benchmarkemail.com\/fr\/#\/schema\/logo\/image\/","url":"https:\/\/www.benchmarkemail.com\/fr\/wp-content\/uploads\/sites\/3\/2019\/09\/benchmark-logo.svg","contentUrl":"https:\/\/www.benchmarkemail.com\/fr\/wp-content\/uploads\/sites\/3\/2019\/09\/benchmark-logo.svg","width":1,"height":1,"caption":"Benchmark Internet Group, LLC"},"image":{"@id":"https:\/\/www.benchmarkemail.com\/fr\/#\/schema\/logo\/image\/"},"sameAs":["https:\/\/www.facebook.com\/BenchmarkEmail","https:\/\/x.com\/benchmarkemail","https:\/\/www.instagram.com\/benchmarkemail\/","https:\/\/www.linkedin.com\/company\/benchmark-email\/","https:\/\/www.youtube.com\/channel\/UCEQOJxM8HtdJpjkE1HO6L6Q"]}]}},"_links":{"self":[{"href":"https:\/\/www.benchmarkemail.com\/fr\/wp-json\/wp\/v2\/pages\/18630","targetHints":{"allow":["GET"]}}],"collection":[{"href":"https:\/\/www.benchmarkemail.com\/fr\/wp-json\/wp\/v2\/pages"}],"about":[{"href":"https:\/\/www.benchmarkemail.com\/fr\/wp-json\/wp\/v2\/types\/page"}],"author":[{"embeddable":true,"href":"https:\/\/www.benchmarkemail.com\/fr\/wp-json\/wp\/v2\/users\/7"}],"replies":[{"embeddable":true,"href":"https:\/\/www.benchmarkemail.com\/fr\/wp-json\/wp\/v2\/comments?post=18630"}],"version-history":[{"count":0,"href":"https:\/\/www.benchmarkemail.com\/fr\/wp-json\/wp\/v2\/pages\/18630\/revisions"}],"up":[{"embeddable":true,"href":"https:\/\/www.benchmarkemail.com\/fr\/wp-json\/wp\/v2\/pages\/18"}],"wp:featuredmedia":[{"embeddable":true,"href":"https:\/\/www.benchmarkemail.com\/fr\/wp-json\/wp\/v2\/media\/34660"}],"wp:attachment":[{"href":"https:\/\/www.benchmarkemail.com\/fr\/wp-json\/wp\/v2\/media?parent=18630"}],"curies":[{"name":"wp","href":"https:\/\/api.w.org\/{rel}","templated":true}]}}