{"id":18669,"date":"2020-05-28T18:41:59","date_gmt":"2020-05-28T18:41:59","guid":{"rendered":"https:\/\/benchmarkemail.wpengine.com\/fr\/?page_id=18669"},"modified":"2025-06-13T18:03:37","modified_gmt":"2025-06-13T18:03:37","slug":"status","status":"publish","type":"page","link":"https:\/\/www.benchmarkemail.com\/fr\/status\/","title":{"rendered":"Status"},"content":{"rendered":"\n<h1>\n\t\tStatut Benchmark Email\n\t<\/h1>\n\t<h5>12 juin 2025<\/h5>\n<p>15 h 15 PT<\/p>\n\t<p>Benchmark est op\u00e9rationnel \u00e0 100 %. La galerie d&#8217;images est \u00e0 nouveau enti\u00e8rement fonctionnelle.<\/p>\n\t<h5>12 juin 2025<\/h5>\n<p>10 h 15 PT<\/p>\n\t<p>Notre galerie d&#8217;images est actuellement indisponible en raison d&#8217;une interruption du service<a href=\"https:\/\/status.cloud.google.com\/\" target=\"_blank\" rel=\"noopener\"> Google Cloud<\/a>, o\u00f9 nos images sont stock\u00e9es. Cela affecte la possibilit\u00e9 de t\u00e9l\u00e9charger, de visualiser et d&#8217;acc\u00e9der aux images dans votre compte Benchmark Email.<\/p>\n\t<h5>9 avril 2025<\/h5>\n<p>16.00h CEST<\/p>\n\t<p>Benchmark est op\u00e9rationnel \u00e0 100 % et les e-mails sont envoy\u00e9s \u00e0 un rythme normal.<\/p>\n\t<h5>8 avril 2025<\/h5>\n<p>6h00 (heure du Pacifique)<\/p>\n\t<p>Nous rencontrons actuellement un retard dans la livraison des e-mails. L&#8217;\u00e9quipe travaille d&#8217;ardeur pour r\u00e9soudre ce probl\u00e8me. Toutes les autres parties de l&#8217;application sont op\u00e9rationnelles.<\/p>\n\t<h5>5 avril 2025<\/h5>\n<p>9h00 (heure du Pacifique)<\/p>\n\t<p>La file d&#8217;attente des e-mails a \u00e9t\u00e9 enti\u00e8rement vid\u00e9e et Benchmark est de nouveau op\u00e9rationnel \u00e0 100 %.<\/p>\n\t<h5><strong>4 avril 2025<\/strong><\/h5>\n<p>8h00 (heure du Pacifique)<\/p>\n\t<p>Le probl\u00e8me affectant l&#8217;envoi des campagnes a \u00e9t\u00e9 r\u00e9solu et les e-mails sont d\u00e9sormais trait\u00e9s normalement.<\/p>\n<p>Veuillez noter que la livraison des e-mails pourrait encore subir des retards pendant que notre syst\u00e8me traite l&#8217;arri\u00e9r\u00e9.<\/p>\n<p>Nous vous remercions de votre patience et nous fournirons une nouvelle mise \u00e0 jour une fois que tous les e-mails en attente auront \u00e9t\u00e9 envoy\u00e9s et que la file d&#8217;attente sera vid\u00e9e.<\/p>\n<p>&nbsp;<\/p>\n\t<h5><strong>3 Avril 2025<\/strong><\/h5>\n<p>17.00h CEST<\/p>\n\t<p>Nous rencontrons actuellement un probl\u00e8me d&#8217;envoi de certaines campagnes.<\/p>\n<p>Toutes les autres parties de l&#8217;application sont op\u00e9rationnelles.<\/p>\n<p>Nous vous remercions de votre patience pendant que notre \u00e9quipe travaille aussi rapidement que possible pour r\u00e9soudre le probl\u00e8me.<\/p>\n<p>Nous vous tiendrons inform\u00e9s d\u00e8s que nous aurons plus d&#8217;informations.<\/p>\n\t<h5><strong>11 Juin 2020<\/strong><\/h5>\n<p>15:10 CET<\/p>\n\t<p>Le syst\u00e8me est 100% op\u00e9rationnel.<\/p>\n<p>Toutes les images sont disponibles dans la galerie d&#8217;images.<\/p>\n\t<h5><strong>11 Juin 2020<\/strong><\/h5>\n<p>05:26 CET<\/p>\n\t<p>Les images sont d\u00e9sormais t\u00e9l\u00e9charg\u00e9es \u00e0 une vitesse normale. L&#8217;\u00e9dition d&#8217;image a \u00e9t\u00e9 corrig\u00e9e et les miniatures fonctionnent \u00e0 nouveau.Cependant, toute image t\u00e9l\u00e9charg\u00e9e depuis minuit peut encore \u00eatre cass\u00e9e.<\/p>\n<p>Celles-ci seront corrig\u00e9s au cours des prochaines heures. Vous pouvez \u00e9galement les t\u00e9l\u00e9charger \u00e0 nouveau \u00e0 tout moment.<\/p>\n\t<h5><strong>11 Juin 2020<\/strong><\/h5>\n<p>00:15 CET<\/p>\n\t<p>Les images sont lentes \u00e0 t\u00e9l\u00e9charger. Elles prennent environ une minute pour appara\u00eetre dans la galerie d&#8217;images, puis s&#8217;affichent avec une miniature cass\u00e9e. Certaines images n&#8217;apparaissent pas tant que le cache de votre navigateur n&#8217;est pas vid\u00e9.<\/p>\n<p>La modification d&#8217;images dans la galerie d&#8217;images ne fonctionne pas non plus actuellement.<\/p>\n\t<h5><strong>3 Juin 2020<\/strong><\/h5>\n<p>16:32 CET<\/p>\n\t<p>Le syst\u00e8me est 100% op\u00e9rationnel. Les retards d&#8217;emails ont \u00e9t\u00e9 r\u00e9solus et les emails de test sont envoy\u00e9s normalement.<\/p>\n\t<h5><strong>2 Juin 2020<\/strong><\/h5>\n<p>04:46 CET<\/p>\n\t<p>Les retards dans les envois d&#8217;emails sont presque enti\u00e8rement r\u00e9solus, encore quelques ralentissements par intermittence. Nous travaillons toujours pour r\u00e9soudre les probl\u00e8mes d&#8217;envoi d&#8217;emails test qui posent probl\u00e8me pour certains clients.<\/p>\n\t<h5><strong>1er Juin 2020<\/strong><\/h5>\n<p>15:12 CET<\/p>\n\t<p>Si certains retards sont encore attendus, les campagnes sont exp\u00e9di\u00e9es actuellement avec plus de vitesse. Nous continuons de travailler avec notre Data Center pour arriver \u00e0 100% de performance.<\/p>\n\t<h5><strong>29 Mai 2020<\/strong><\/h5>\n<p>10:51 CET<\/p>\n\t<p>Notre Data Center rencontre toujours des probl\u00e8mes de connectivit\u00e9 r\u00e9seau. Des retards dans les envois d&#8217;emails sont encore constat\u00e9s.<\/p>\n\t<h5><strong>29 Mai 2020<\/strong><\/h5>\n<p>10:52 CET<\/p>\n\t<p>Des retards dans les envois d&#8217;emails sont actuellement attendus pour la plupart des clients.<\/p>\n\t<h5><strong>28 Mai 2020<\/strong><\/h5>\n<p>00:05 CET<\/p>\n\t<p>Le t\u00e9l\u00e9chargement d&#8217;images fonctionne, mais des retards dans les envois d&#8217;emails peuvent encore se produire par intermittence.<\/p>\n\t<h5><strong>28 Mai 2020<\/strong><\/h5>\n<p>17:30 CET<\/p>\n\t<p>Notre Data Center a commenc\u00e9 \u00e0 rencontrer des probl\u00e8mes de connectivit\u00e9 r\u00e9seau de mani\u00e8re intermittente le 27 mai \u00e0 22h30 CET. Nous constatons un retard dans l&#8217;envoi d&#8217;emails et des difficult\u00e9s pour t\u00e9l\u00e9charger des images. Seuls certains de nos clients sont touch\u00e9s.<\/p>\n\n","protected":false},"excerpt":{"rendered":"<p>Statut Benchmark Email 12 juin 2025 15 h 15 PT Benchmark est op\u00e9rationnel \u00e0 100 %. La galerie d&#8217;images est \u00e0 nouveau enti\u00e8rement fonctionnelle. 12 juin 2025 10 h 15 PT Notre galerie d&#8217;images est actuellement indisponible en raison d&#8217;une interruption du service Google Cloud, o\u00f9 nos images sont stock\u00e9es. Cela affecte la possibilit\u00e9 de&hellip;<\/p>\n","protected":false},"author":3,"featured_media":0,"parent":0,"menu_order":0,"comment_status":"closed","ping_status":"closed","template":"","meta":{"inline_featured_image":false,"footnotes":""},"class_list":["post-18669","page","type-page","status-publish","hentry"],"yoast_head":"<!-- This site is optimized with the Yoast SEO plugin v27.5 - https:\/\/yoast.com\/product\/yoast-seo-wordpress\/ -->\n<title>Status - Benchmark Email<\/title>\n<meta name=\"robots\" content=\"index, follow, max-snippet:-1, max-image-preview:large, max-video-preview:-1\" \/>\n<link rel=\"canonical\" href=\"https:\/\/www.benchmarkemail.com\/fr\/status\/\" \/>\n<meta property=\"og:locale\" content=\"en_US\" \/>\n<meta property=\"og:type\" content=\"article\" \/>\n<meta property=\"og:title\" content=\"Status - Benchmark Email\" \/>\n<meta property=\"og:description\" content=\"Statut Benchmark Email 12 juin 2025 15 h 15 PT Benchmark est op\u00e9rationnel \u00e0 100 %. La galerie d&#8217;images est \u00e0 nouveau enti\u00e8rement fonctionnelle. 12 juin 2025 10 h 15 PT Notre galerie d&#8217;images est actuellement indisponible en raison d&#8217;une interruption du service Google Cloud, o\u00f9 nos images sont stock\u00e9es. Cela affecte la possibilit\u00e9 de&hellip;\" \/>\n<meta property=\"og:url\" content=\"https:\/\/www.benchmarkemail.com\/fr\/status\/\" \/>\n<meta property=\"og:site_name\" content=\"Benchmark Email en fran\u00e7ais\" \/>\n<meta property=\"article:publisher\" content=\"https:\/\/www.facebook.com\/BenchmarkEmail\" \/>\n<meta property=\"article:modified_time\" content=\"2025-06-13T18:03:37+00:00\" \/>\n<meta name=\"twitter:card\" content=\"summary_large_image\" \/>\n<meta name=\"twitter:site\" content=\"@benchmarkemail\" \/>\n<meta name=\"twitter:label1\" content=\"Est. reading time\" \/>\n\t<meta name=\"twitter:data1\" content=\"3 minutes\" \/>\n<script type=\"application\/ld+json\" class=\"yoast-schema-graph\">{\"@context\":\"https:\\\/\\\/schema.org\",\"@graph\":[{\"@type\":\"WebPage\",\"@id\":\"https:\\\/\\\/www.benchmarkemail.com\\\/fr\\\/status\\\/\",\"url\":\"https:\\\/\\\/www.benchmarkemail.com\\\/fr\\\/status\\\/\",\"name\":\"Status - Benchmark Email\",\"isPartOf\":{\"@id\":\"https:\\\/\\\/www.benchmarkemail.com\\\/fr\\\/#website\"},\"datePublished\":\"2020-05-28T18:41:59+00:00\",\"dateModified\":\"2025-06-13T18:03:37+00:00\",\"breadcrumb\":{\"@id\":\"https:\\\/\\\/www.benchmarkemail.com\\\/fr\\\/status\\\/#breadcrumb\"},\"inLanguage\":\"en-US\",\"potentialAction\":[{\"@type\":\"ReadAction\",\"target\":[\"https:\\\/\\\/www.benchmarkemail.com\\\/fr\\\/status\\\/\"]}]},{\"@type\":\"BreadcrumbList\",\"@id\":\"https:\\\/\\\/www.benchmarkemail.com\\\/fr\\\/status\\\/#breadcrumb\",\"itemListElement\":[{\"@type\":\"ListItem\",\"position\":1,\"name\":\"Home\",\"item\":\"https:\\\/\\\/www.benchmarkemail.com\\\/fr\\\/\"},{\"@type\":\"ListItem\",\"position\":2,\"name\":\"Status\"}]},{\"@type\":\"WebSite\",\"@id\":\"https:\\\/\\\/www.benchmarkemail.com\\\/fr\\\/#website\",\"url\":\"https:\\\/\\\/www.benchmarkemail.com\\\/fr\\\/\",\"name\":\"Benchmark Email en fran\u00e7ais\",\"description\":\"Outil de marketing digital. D\u00e9couvrez ou approfondissez vos connaissances en email marketing, automatisations, captation de prospects... et bien plus encore !\",\"publisher\":{\"@id\":\"https:\\\/\\\/www.benchmarkemail.com\\\/fr\\\/#organization\"},\"potentialAction\":[{\"@type\":\"SearchAction\",\"target\":{\"@type\":\"EntryPoint\",\"urlTemplate\":\"https:\\\/\\\/www.benchmarkemail.com\\\/fr\\\/?s={search_term_string}\"},\"query-input\":{\"@type\":\"PropertyValueSpecification\",\"valueRequired\":true,\"valueName\":\"search_term_string\"}}],\"inLanguage\":\"en-US\"},{\"@type\":\"Organization\",\"@id\":\"https:\\\/\\\/www.benchmarkemail.com\\\/fr\\\/#organization\",\"name\":\"Benchmark Internet Group, LLC\",\"url\":\"https:\\\/\\\/www.benchmarkemail.com\\\/fr\\\/\",\"logo\":{\"@type\":\"ImageObject\",\"inLanguage\":\"en-US\",\"@id\":\"https:\\\/\\\/www.benchmarkemail.com\\\/fr\\\/#\\\/schema\\\/logo\\\/image\\\/\",\"url\":\"https:\\\/\\\/www.benchmarkemail.com\\\/fr\\\/wp-content\\\/uploads\\\/sites\\\/3\\\/2019\\\/09\\\/benchmark-logo.svg\",\"contentUrl\":\"https:\\\/\\\/www.benchmarkemail.com\\\/fr\\\/wp-content\\\/uploads\\\/sites\\\/3\\\/2019\\\/09\\\/benchmark-logo.svg\",\"width\":1,\"height\":1,\"caption\":\"Benchmark Internet Group, LLC\"},\"image\":{\"@id\":\"https:\\\/\\\/www.benchmarkemail.com\\\/fr\\\/#\\\/schema\\\/logo\\\/image\\\/\"},\"sameAs\":[\"https:\\\/\\\/www.facebook.com\\\/BenchmarkEmail\",\"https:\\\/\\\/x.com\\\/benchmarkemail\",\"https:\\\/\\\/www.instagram.com\\\/benchmarkemail\\\/\",\"https:\\\/\\\/www.linkedin.com\\\/company\\\/benchmark-email\\\/\",\"https:\\\/\\\/www.youtube.com\\\/channel\\\/UCEQOJxM8HtdJpjkE1HO6L6Q\"]}]}<\/script>\n<!-- \/ Yoast SEO plugin. -->","yoast_head_json":{"title":"Status - Benchmark Email","robots":{"index":"index","follow":"follow","max-snippet":"max-snippet:-1","max-image-preview":"max-image-preview:large","max-video-preview":"max-video-preview:-1"},"canonical":"https:\/\/www.benchmarkemail.com\/fr\/status\/","og_locale":"en_US","og_type":"article","og_title":"Status - Benchmark Email","og_description":"Statut Benchmark Email 12 juin 2025 15 h 15 PT Benchmark est op\u00e9rationnel \u00e0 100 %. La galerie d&#8217;images est \u00e0 nouveau enti\u00e8rement fonctionnelle. 12 juin 2025 10 h 15 PT Notre galerie d&#8217;images est actuellement indisponible en raison d&#8217;une interruption du service Google Cloud, o\u00f9 nos images sont stock\u00e9es. Cela affecte la possibilit\u00e9 de&hellip;","og_url":"https:\/\/www.benchmarkemail.com\/fr\/status\/","og_site_name":"Benchmark Email en fran\u00e7ais","article_publisher":"https:\/\/www.facebook.com\/BenchmarkEmail","article_modified_time":"2025-06-13T18:03:37+00:00","twitter_card":"summary_large_image","twitter_site":"@benchmarkemail","twitter_misc":{"Est. reading time":"3 minutes"},"schema":{"@context":"https:\/\/schema.org","@graph":[{"@type":"WebPage","@id":"https:\/\/www.benchmarkemail.com\/fr\/status\/","url":"https:\/\/www.benchmarkemail.com\/fr\/status\/","name":"Status - Benchmark Email","isPartOf":{"@id":"https:\/\/www.benchmarkemail.com\/fr\/#website"},"datePublished":"2020-05-28T18:41:59+00:00","dateModified":"2025-06-13T18:03:37+00:00","breadcrumb":{"@id":"https:\/\/www.benchmarkemail.com\/fr\/status\/#breadcrumb"},"inLanguage":"en-US","potentialAction":[{"@type":"ReadAction","target":["https:\/\/www.benchmarkemail.com\/fr\/status\/"]}]},{"@type":"BreadcrumbList","@id":"https:\/\/www.benchmarkemail.com\/fr\/status\/#breadcrumb","itemListElement":[{"@type":"ListItem","position":1,"name":"Home","item":"https:\/\/www.benchmarkemail.com\/fr\/"},{"@type":"ListItem","position":2,"name":"Status"}]},{"@type":"WebSite","@id":"https:\/\/www.benchmarkemail.com\/fr\/#website","url":"https:\/\/www.benchmarkemail.com\/fr\/","name":"Benchmark Email en fran\u00e7ais","description":"Outil de marketing digital. D\u00e9couvrez ou approfondissez vos connaissances en email marketing, automatisations, captation de prospects... et bien plus encore !","publisher":{"@id":"https:\/\/www.benchmarkemail.com\/fr\/#organization"},"potentialAction":[{"@type":"SearchAction","target":{"@type":"EntryPoint","urlTemplate":"https:\/\/www.benchmarkemail.com\/fr\/?s={search_term_string}"},"query-input":{"@type":"PropertyValueSpecification","valueRequired":true,"valueName":"search_term_string"}}],"inLanguage":"en-US"},{"@type":"Organization","@id":"https:\/\/www.benchmarkemail.com\/fr\/#organization","name":"Benchmark Internet Group, LLC","url":"https:\/\/www.benchmarkemail.com\/fr\/","logo":{"@type":"ImageObject","inLanguage":"en-US","@id":"https:\/\/www.benchmarkemail.com\/fr\/#\/schema\/logo\/image\/","url":"https:\/\/www.benchmarkemail.com\/fr\/wp-content\/uploads\/sites\/3\/2019\/09\/benchmark-logo.svg","contentUrl":"https:\/\/www.benchmarkemail.com\/fr\/wp-content\/uploads\/sites\/3\/2019\/09\/benchmark-logo.svg","width":1,"height":1,"caption":"Benchmark Internet Group, LLC"},"image":{"@id":"https:\/\/www.benchmarkemail.com\/fr\/#\/schema\/logo\/image\/"},"sameAs":["https:\/\/www.facebook.com\/BenchmarkEmail","https:\/\/x.com\/benchmarkemail","https:\/\/www.instagram.com\/benchmarkemail\/","https:\/\/www.linkedin.com\/company\/benchmark-email\/","https:\/\/www.youtube.com\/channel\/UCEQOJxM8HtdJpjkE1HO6L6Q"]}]}},"_links":{"self":[{"href":"https:\/\/www.benchmarkemail.com\/fr\/wp-json\/wp\/v2\/pages\/18669","targetHints":{"allow":["GET"]}}],"collection":[{"href":"https:\/\/www.benchmarkemail.com\/fr\/wp-json\/wp\/v2\/pages"}],"about":[{"href":"https:\/\/www.benchmarkemail.com\/fr\/wp-json\/wp\/v2\/types\/page"}],"author":[{"embeddable":true,"href":"https:\/\/www.benchmarkemail.com\/fr\/wp-json\/wp\/v2\/users\/3"}],"replies":[{"embeddable":true,"href":"https:\/\/www.benchmarkemail.com\/fr\/wp-json\/wp\/v2\/comments?post=18669"}],"version-history":[{"count":0,"href":"https:\/\/www.benchmarkemail.com\/fr\/wp-json\/wp\/v2\/pages\/18669\/revisions"}],"wp:attachment":[{"href":"https:\/\/www.benchmarkemail.com\/fr\/wp-json\/wp\/v2\/media?parent=18669"}],"curies":[{"name":"wp","href":"https:\/\/api.w.org\/{rel}","templated":true}]}}