{"id":28,"date":"2019-09-13T19:40:17","date_gmt":"2019-09-13T19:40:17","guid":{"rendered":"http:\/\/bme2.flywheelsites.com\/?page_id=28"},"modified":"2024-09-03T16:13:11","modified_gmt":"2024-09-03T16:13:11","slug":"integrations","status":"publish","type":"page","link":"https:\/\/www.benchmarkemail.com\/fr\/features\/integrations\/","title":{"rendered":"Integrations"},"content":{"rendered":"\n<h2>\n\t\tInt\u00e9grations avec tes applications de vente et de marketing pr\u00e9f\u00e9r\u00e9es Applications de vente et de marketing\n\t<\/h2>\n<h2>\n\t\tSimplifie le Design de l&#8217;email\n\t<\/h2>\n\t\t\t\t<img loading=\"lazy\" decoding=\"async\" src=\"https:\/\/www.benchmarkemail.com\/fr\/wp-content\/uploads\/sites\/3\/2024\/08\/shopify.png\" alt=\"shopify\" itemprop=\"image\" height=\"72\" width=\"72\" title=\"shopify\" onerror=\"this.style.display='none'\"  \/>\n\t\t<h3>Shopify<\/h3>Ajoutez des clients \u00e0 votre mailing list quand ils ach\u00e8tent vos produits sur Shopify.<br \/>\n<a href=\"\/fr\/features\/integrations\/shopify-email-integration\/\">En savoir plus<\/a>\n\t\t\t\t<img loading=\"lazy\" decoding=\"async\" src=\"https:\/\/www.benchmarkemail.com\/fr\/wp-content\/uploads\/sites\/3\/2024\/08\/ebay.png\" alt=\"ebay\" itemprop=\"image\" height=\"72\" width=\"72\" title=\"ebay\" onerror=\"this.style.display='none'\"  \/>\n\t\t<h3>Ebay<\/h3>Promouvez vos articles en vente sur eBay avec l&#8217;aide de ce mod\u00e8le d&#8217;int\u00e9gration.<br \/>\n<a href=\"\/fr\/features\/integrations\/ebay\/\">En savoir plus<\/a>\n\t<p><img decoding=\"async\" src=\"https:\/\/www.benchmarkemail.com\/wp-content\/uploads\/2024\/05\/design.svg\" \/>Design<\/p>\n\t<p><img decoding=\"async\" src=\"https:\/\/www.benchmarkemail.com\/wp-content\/uploads\/2024\/05\/sell.svg\" \/>Vendre<\/p>\n\t<p><img decoding=\"async\" src=\"https:\/\/www.benchmarkemail.com\/wp-content\/uploads\/2024\/05\/promote.svg\" \/>Promouvoir<\/p>\n\t\t\t<img decoding=\"async\" loading='false' src=\"https:\/\/www.benchmarkemail.com\/fr\/wp-content\/uploads\/sites\/3\/2024\/08\/canva-1.webp\" alt=\"\" \/><a href=\"https:\/\/www.benchmarkemail.com\/fr\/features\/integrations\/canva\/\" target=\"_self\" aria-label=\"\" rel=\"noopener\"><\/a>\t\t\t\n\t\t\t<img decoding=\"async\" loading='false' src=\"https:\/\/www.benchmarkemail.com\/fr\/wp-content\/uploads\/sites\/3\/2024\/08\/Property-1Variant2.webp\" alt=\"\" \/><a href=\"https:\/\/www.benchmarkemail.com\/features\/integrations\/stripo\/\" target=\"_self\" aria-label=\"\" rel=\"noopener\"><\/a>\t\t\t\n\t\t\t<img decoding=\"async\" loading='false' src=\"https:\/\/www.benchmarkemail.com\/fr\/wp-content\/uploads\/sites\/3\/2024\/08\/Property-1Variant3.webp\" alt=\"\" \/><a href=\"https:\/\/www.benchmarkemail.com\/fr\/features\/integrations\/shopify-email-integration\/\" target=\"_self\" aria-label=\"\" rel=\"noopener\"><\/a>\t\t\t\n\t\t\t<img decoding=\"async\" loading='false' src=\"https:\/\/www.benchmarkemail.com\/fr\/wp-content\/uploads\/sites\/3\/2024\/08\/Property-1Variant4.webp\" alt=\"\" \/><a href=\"https:\/\/www.benchmarkemail.com\/fr\/features\/integrations\/ebay\/\" target=\"_self\" aria-label=\"\" rel=\"noopener\"><\/a>\t\t\t\n\t\t\t<img decoding=\"async\" loading='false' src=\"https:\/\/www.benchmarkemail.com\/fr\/wp-content\/uploads\/sites\/3\/2024\/08\/Property-1Variant5.webp\" alt=\"\" \/><a href=\"https:\/\/www.benchmarkemail.com\/fr\/features\/integrations\/linkedin\/\" target=\"_self\" aria-label=\"\" rel=\"noopener\"><\/a>\t\t\t\n<h2>\n\t\tAutomatisation du flux de travail\n\t<\/h2>\n\t\t\t\t<img loading=\"lazy\" decoding=\"async\" src=\"https:\/\/www.benchmarkemail.com\/fr\/wp-content\/uploads\/sites\/3\/2024\/08\/zapier-logo_black@2x-1.png\" alt=\"zapier-logo_black@2x 1\" itemprop=\"image\" height=\"33\" width=\"121\" title=\"zapier-logo_black@2x 1\" onerror=\"this.style.display='none'\"  \/>\n\t<p>Automatisez vos flux de travail d&#8217;email marketing avec Zapier. C&#8217;est le moyen le plus simple de connecter vos outils de vente et de marketing \u00e0 Benchmark Email.<\/p>\n\t<p><a href=\"https:\/\/www.benchmarkemail.com\/fr\/features\/integrations\/zapier\/\">En savoir plus<\/a><\/p>\n\t\t\t\t<img decoding=\"async\" src=\"https:\/\/www.benchmarkemail.com\/es\/wp-content\/uploads\/sites\/4\/2024\/08\/sec4-1.webp\" alt=\"sec4-1.webp\" itemprop=\"image\" title=\"sec4-1.webp\" onerror=\"this.style.display='none'\"  \/>\n<h2>\n\t\tAugmente instantan\u00e9ment ta liste d&#8217;emails\n\t<\/h2>\n\t\t\t\t<img loading=\"lazy\" decoding=\"async\" src=\"https:\/\/www.benchmarkemail.com\/fr\/wp-content\/uploads\/sites\/3\/2023\/05\/shopify.png\" alt=\"shopify\" itemprop=\"image\" height=\"65\" width=\"110\" title=\"shopify\" onerror=\"this.style.display='none'\"  \/>\n\t<p>Ajoutez des clients \u00e0 votre mailing list quand ils ach\u00e8tent vos produits sur Shopify.<\/p>\n\t<p><a href=\"\/fr\/features\/integrations\/shopify\/\">En savoir plus<\/a><\/p>\n\t\t\t\t<img loading=\"lazy\" decoding=\"async\" src=\"https:\/\/www.benchmarkemail.com\/fr\/wp-content\/uploads\/sites\/3\/2023\/05\/google-sheets-icon-1.png\" alt=\"google-sheets-icon-1\" itemprop=\"image\" height=\"65\" width=\"47\" title=\"google-sheets-icon-1\" onerror=\"this.style.display='none'\"  \/>\n\t<p>Vos contacts Google Docs peuvent \u00eatre ajout\u00e9s \u00e0 une liste existante, ou utilis\u00e9s pour cr\u00e9er une toute nouvelle liste, gr\u00e2ce \u00e0 cette int\u00e9gration rapide et facile.<\/p>\n\t<p><a href=\"\/fr\/features\/integrations\/google-sheets\/\">En savoir plus<\/a><\/p>\n\t\t\t\t<img loading=\"lazy\" decoding=\"async\" src=\"https:\/\/www.benchmarkemail.com\/fr\/wp-content\/uploads\/sites\/3\/2023\/05\/Google_Contacts_icon.png\" alt=\"Google_Contacts_icon\" itemprop=\"image\" height=\"65\" width=\"65\" title=\"Google_Contacts_icon\" onerror=\"this.style.display='none'\"  \/>\n\t<p>Envoyez de magnifiques campagnes d&#8217;Email Marketing \u00e0 vos contacts Google.<\/p>\n\t<p><a href=\"\/fr\/features\/integrations\/google-contacts\/\">En savoir plus<\/a><\/p>\n\t\t\t\t<img loading=\"lazy\" decoding=\"async\" src=\"https:\/\/www.benchmarkemail.com\/fr\/wp-content\/uploads\/sites\/3\/2023\/05\/zoho.png\" alt=\"zoho\" itemprop=\"image\" height=\"65\" width=\"110\" title=\"zoho\" onerror=\"this.style.display='none'\"  \/>\n\t<p>Envoyez \u00e0 vos contacts Zoho des newsletters professionnelles, en r\u00e9alisant l&#8217;int\u00e9gration \u00e0 votre compte Benchmark Email.<\/p>\n\t<p><a href=\"\/fr\/features\/integrations\/zoho\/\">En savoir plus<\/a><\/p>\n\t\t\t\t<img loading=\"lazy\" decoding=\"async\" src=\"https:\/\/www.benchmarkemail.com\/fr\/wp-content\/uploads\/sites\/3\/2023\/05\/wistia.png\" alt=\"wistia\" itemprop=\"image\" height=\"65\" width=\"110\" title=\"wistia\" onerror=\"this.style.display='none'\"  \/>\n\t<p>Ajouter vos contacts Wistia \u00e0 vos listes de contacts Benchmark.<\/p>\n\t<p><a href=\"\/fr\/features\/integrations\/wistia\/\">En savoir plus<\/a><\/p>\n\t\t\t\t<img loading=\"lazy\" decoding=\"async\" src=\"https:\/\/www.benchmarkemail.com\/fr\/wp-content\/uploads\/sites\/3\/2023\/05\/freshbooks.png\" alt=\"freshbooks\" itemprop=\"image\" height=\"65\" width=\"110\" title=\"freshbooks\" onerror=\"this.style.display='none'\"  \/>\n\t<p>Importez vos contacts FreshBooks \u00e0 votre compte Benchmark.<\/p>\n\t<p><a href=\"\/fr\/features\/integrations\/freshbooks\/\">En savoir plus<\/a><\/p>\n\t\t\t\t<img loading=\"lazy\" decoding=\"async\" src=\"https:\/\/www.benchmarkemail.com\/fr\/wp-content\/uploads\/sites\/3\/2023\/05\/zapier.png\" alt=\"zapier\" itemprop=\"image\" height=\"65\" width=\"110\" title=\"zapier\" onerror=\"this.style.display='none'\"  \/>\n\t<p>Int\u00e9grez Benchmark Email \u00e0 250+ autres services web comme Gmail, Evernote, Facebook et Google Docs gr\u00e2ce \u00e0 notre int\u00e9gration Zapier.<\/p>\n\t<p><a href=\"\/fr\/features\/integrations\/zapier\/\">En savoir plus<\/a><\/p>\n\t\t\t\t<img loading=\"lazy\" decoding=\"async\" src=\"https:\/\/www.benchmarkemail.com\/fr\/wp-content\/uploads\/sites\/3\/2023\/05\/surveymonkey.png\" alt=\"surveymonkey\" itemprop=\"image\" height=\"65\" width=\"93\" title=\"surveymonkey\" onerror=\"this.style.display='none'\"  \/>\n\t<p>Utiliser SurveyMonkey pour obtenir plus de feedback? Envoyez des questionnaires \u00e0 vos clients et abonn\u00e9s gr\u00e2ce \u00e0 la puissance de votre compte Benchmark Email avec cette int\u00e9gration de template.<\/p>\n\t<p><a href=\"\/fr\/features\/integrations\/surveymonkey\/\">En savoir plus<\/a><\/p>\n\t\t\t\t<img loading=\"lazy\" decoding=\"async\" src=\"https:\/\/www.benchmarkemail.com\/fr\/wp-content\/uploads\/sites\/3\/2023\/05\/wufoo.png\" alt=\"wufoo\" itemprop=\"image\" height=\"65\" width=\"110\" title=\"wufoo\" onerror=\"this.style.display='none'\"  \/>\n\t<p>Augmentez vos listes de contact en connectant vos formulaires Wufoo \u00e0 votre compte Benchmark Email gr\u00e2ce \u00e0 cette int\u00e9gration.<\/p>\n\t<p><a href=\"\/fr\/features\/integrations\/wufoo\/\">En savoir plus<\/a><\/p>\n\t\t\t\t<img loading=\"lazy\" decoding=\"async\" src=\"https:\/\/www.benchmarkemail.com\/fr\/wp-content\/uploads\/sites\/3\/2023\/05\/pipelinedeals-icon.jpg\" alt=\"pipelinedeals-icon\" itemprop=\"image\" height=\"65\" width=\"65\" title=\"pipelinedeals-icon\" onerror=\"this.style.display='none'\"  \/>\n\t<p>Int\u00e9gration PipelineDeals avec Benchmark Email.<\/p>\n\t<p><a href=\"\/fr\/features\/integrations\/pipelinedeals\/\">En savoir plus<\/a><\/p>\n\t\t\t\t<img loading=\"lazy\" decoding=\"async\" src=\"https:\/\/www.benchmarkemail.com\/fr\/wp-content\/uploads\/sites\/3\/2023\/05\/groove-mark.png\" alt=\"groove-mark\" itemprop=\"image\" height=\"65\" width=\"49\" title=\"groove-mark\" onerror=\"this.style.display='none'\"  \/>\n\t<p>Ajouter vos contacts Groove \u00e0 vos listes de contacts Benchmark.<\/p>\n\t<p><a href=\"\/fr\/features\/integrations\/groove\/\">En savoir plus<\/a><\/p>\n\t\t\t\t<img loading=\"lazy\" decoding=\"async\" src=\"https:\/\/www.benchmarkemail.com\/fr\/wp-content\/uploads\/sites\/3\/2023\/05\/cratejoy.png\" alt=\"cratejoy\" itemprop=\"image\" height=\"65\" width=\"110\" title=\"cratejoy\" onerror=\"this.style.display='none'\"  \/>\n\t<p>Ajouter vos contacts Cratejoy \u00e0 vos listes de contacts Benchmark.<\/p>\n\t<p><a href=\"\/fr\/features\/integrations\/cratejoy\/\">En savoir plus<\/a><\/p>\n<button id=\"ExpandInt\">\nVisualiser tout\n<\/button>\n\t\t\t\t<img loading=\"lazy\" decoding=\"async\" src=\"https:\/\/www.benchmarkemail.com\/fr\/wp-content\/uploads\/sites\/3\/2023\/05\/ebay.png\" alt=\"ebay\" itemprop=\"image\" height=\"65\" width=\"110\" title=\"ebay\" onerror=\"this.style.display='none'\"  \/>\n\t<p>Promouvez vos articles en vente sur eBay avec l&#8217;aide de ce mod\u00e8le d&#8217;int\u00e9gration. Vous pouvez faire la promotion d&#8217;un ou plusieurs articles \u00e0 la vente avec ce mod\u00e8le.<\/p>\n\t<p><a href=\"\/fr\/features\/integrations\/ebay\/\">En savoir plus<\/a><\/p>\n\t\t\t\t<img loading=\"lazy\" decoding=\"async\" src=\"https:\/\/www.benchmarkemail.com\/fr\/wp-content\/uploads\/sites\/3\/2023\/05\/recurly.png\" alt=\"recurly\" itemprop=\"image\" height=\"65\" width=\"110\" title=\"recurly\" onerror=\"this.style.display='none'\"  \/>\n\t<p>Ajouter vos contacts Recurly \u00e0 vos listes de contacts Benchmark.<\/p>\n\t<p><a href=\"\/fr\/features\/integrations\/recurly\/\">En savoir plus<\/a><\/p>\n\t\t\t\t<img loading=\"lazy\" decoding=\"async\" src=\"https:\/\/www.benchmarkemail.com\/fr\/wp-content\/uploads\/sites\/3\/2023\/05\/slack-icon.jpg\" alt=\"slack-icon\" itemprop=\"image\" height=\"65\" width=\"65\" title=\"slack-icon\" onerror=\"this.style.display='none'\"  \/>\n\t<p>Ajouter vos contacts de Slack dans vos listes Benchmark Email.<\/p>\n\t<p><a href=\"\/fr\/features\/integrations\/slack\/\">En savoir plus<\/a><\/p>\n\t\t\t\t<img loading=\"lazy\" decoding=\"async\" src=\"https:\/\/www.benchmarkemail.com\/fr\/wp-content\/uploads\/sites\/3\/2023\/05\/livechat.png\" alt=\"livechat\" itemprop=\"image\" height=\"65\" width=\"110\" title=\"livechat\" onerror=\"this.style.display='none'\"  \/>\n\t<p>Augmentez votre liste de contacts et de leads lorsqu&#8217;ils se connectent via LiveChat gr\u00e2ce \u00e0 cette int\u00e9gration.<\/p>\n\t<p><a href=\"\/fr\/features\/integrations\/livechat\/\">En savoir plus<\/a><\/p>\n\t\t\t\t<img loading=\"lazy\" decoding=\"async\" src=\"https:\/\/www.benchmarkemail.com\/fr\/wp-content\/uploads\/sites\/3\/2023\/05\/acuity-icon.png\" alt=\"acuity-icon\" itemprop=\"image\" height=\"65\" width=\"65\" title=\"acuity-icon\" onerror=\"this.style.display='none'\"  \/>\n\t<p>Ajouter vos contacts Acuity Scheduling \u00e0 vos listes de contacts Benchmark.<\/p>\n\t<p><a href=\"\/fr\/features\/integrations\/acuity-scheduling\/\">En savoir plus<\/a><\/p>\n\t\t\t\t<img loading=\"lazy\" decoding=\"async\" src=\"https:\/\/www.benchmarkemail.com\/fr\/wp-content\/uploads\/sites\/3\/2023\/05\/jotform.png\" alt=\"jotform\" itemprop=\"image\" height=\"65\" width=\"110\" title=\"jotform\" onerror=\"this.style.display='none'\"  \/>\n\t<p>Ajoutez vos leads Jotform \u00e0 vos listes de contacts Benchmark.<\/p>\n\t<p><a href=\"\/fr\/features\/integrations\/jotform\/\">En savoir plus<\/a><\/p>\n\t\t\t\t<img loading=\"lazy\" decoding=\"async\" src=\"https:\/\/www.benchmarkemail.com\/fr\/wp-content\/uploads\/sites\/3\/2023\/05\/contactually.jpg\" alt=\"contactually\" itemprop=\"image\" height=\"87\" width=\"87\" title=\"contactually\" onerror=\"this.style.display='none'\"  \/>\n\t<p>Ajouter vos contacts Contactually \u00e0 vos listes de contacts Benchmark.<\/p>\n\t<p><a href=\"\/fr\/features\/integrations\/contactually\/\">En savoir plus<\/a><\/p>\n\t\t\t\t<img loading=\"lazy\" decoding=\"async\" src=\"https:\/\/www.benchmarkemail.com\/fr\/wp-content\/uploads\/sites\/3\/2023\/05\/smartsheet.png\" alt=\"smartsheet\" itemprop=\"image\" height=\"65\" width=\"110\" title=\"smartsheet\" onerror=\"this.style.display='none'\"  \/>\n\t<p>Ajouter vos contacts Smartsheet \u00e0 vos listes de contacts Benchmark.<\/p>\n\t<p><a href=\"\/fr\/features\/integrations\/smartsheet\/\">En savoir plus<\/a><\/p>\n\t\t\t\t<img loading=\"lazy\" decoding=\"async\" src=\"https:\/\/www.benchmarkemail.com\/fr\/wp-content\/uploads\/sites\/3\/2023\/05\/vcita.png\" alt=\"vcita\" itemprop=\"image\" height=\"65\" width=\"110\" title=\"vcita\" onerror=\"this.style.display='none'\"  \/>\n\t<p>Ajoutez vos contacts vCita \u00e0 vos listes de contacts Benchmark.<\/p>\n\t<p><a href=\"\/fr\/features\/integrations\/vcita\/\">En savoir plus<\/a><\/p>\n<h2>\n\t\tApps et plugins \u00e0 t\u00e9l\u00e9charger\n\t<\/h2>\n\t\t\t\t<img decoding=\"async\" src=\"https:\/\/www.benchmarkemail.com\/wp-content\/uploads\/2019\/10\/app-wp.jpg\" alt=\"app-wp\" itemprop=\"image\" title=\"app-wp\" onerror=\"this.style.display='none'\"  \/>\n<h2>\n\t\tPlugin WordPress\n\t<\/h2>\n\t<p>Construisez une liste d&#8217;email sur votre site WordPress. Envoyez des versions format\u00e9es email de vos articles de blog, et int\u00e9grez votre site \u00e0 cinq comptes Benchmark distincts.<\/p>\n\t<style> a{}a:hover{text-decoration:underline;}<\/style>\n<a href=\"http:\/\/wordpress.org\/extend\/plugins\/benchmark-email-lite\/\" target=\"_blank\" rel=\"noopener\">INSTALLEZ<\/a> \n<a href=\"\/fr\/features\/integrations\/wordpress-plugin\/\"> En savoir plus<\/a>\n\n","protected":false},"excerpt":{"rendered":"<p>Int\u00e9grations avec tes applications de vente et de marketing pr\u00e9f\u00e9r\u00e9es Applications de vente et de marketing Simplifie le Design de l&#8217;email Shopify Ajoutez des clients \u00e0 votre mailing list quand ils ach\u00e8tent vos produits sur Shopify. En savoir plus Ebay Promouvez vos articles en vente sur eBay avec l&#8217;aide de ce mod\u00e8le d&#8217;int\u00e9gration. En savoir&hellip;<\/p>\n","protected":false},"author":3,"featured_media":0,"parent":18,"menu_order":0,"comment_status":"closed","ping_status":"closed","template":"","meta":{"inline_featured_image":false,"footnotes":""},"class_list":["post-28","page","type-page","status-publish","hentry"],"yoast_head":"<!-- This site is optimized with the Yoast SEO plugin v27.4 - https:\/\/yoast.com\/product\/yoast-seo-wordpress\/ -->\n<title>Applications &amp; Int\u00e9grations - Benchmark Email<\/title>\n<meta name=\"description\" content=\"Voici les outils avec lesquels Benchmark Email s&#039;int\u00e8gre pour rendre l&#039;email marketing aussi facile que possible\" \/>\n<meta name=\"robots\" content=\"index, follow, max-snippet:-1, max-image-preview:large, max-video-preview:-1\" \/>\n<link rel=\"canonical\" href=\"https:\/\/www.benchmarkemail.com\/fr\/features\/integrations\/\" \/>\n<meta property=\"og:locale\" content=\"en_US\" \/>\n<meta property=\"og:type\" content=\"article\" \/>\n<meta property=\"og:title\" content=\"Applications &amp; Int\u00e9grations - Benchmark Email\" \/>\n<meta property=\"og:description\" content=\"Voici les outils avec lesquels Benchmark Email s&#039;int\u00e8gre pour rendre l&#039;email marketing aussi facile que possible\" \/>\n<meta property=\"og:url\" content=\"https:\/\/www.benchmarkemail.com\/fr\/features\/integrations\/\" \/>\n<meta property=\"og:site_name\" content=\"Benchmark Email en fran\u00e7ais\" \/>\n<meta property=\"article:publisher\" content=\"https:\/\/www.facebook.com\/BenchmarkEmail\" \/>\n<meta property=\"article:modified_time\" content=\"2024-09-03T16:13:11+00:00\" \/>\n<meta property=\"og:image\" content=\"https:\/\/www.benchmarkemail.com\/fr\/wp-content\/uploads\/sites\/3\/2024\/08\/shopify.png\" \/>\n<meta name=\"twitter:card\" content=\"summary_large_image\" \/>\n<meta name=\"twitter:site\" content=\"@benchmarkemail\" \/>\n<meta name=\"twitter:label1\" content=\"Est. reading time\" \/>\n\t<meta name=\"twitter:data1\" content=\"7 minutes\" \/>\n<script type=\"application\/ld+json\" class=\"yoast-schema-graph\">{\"@context\":\"https:\\\/\\\/schema.org\",\"@graph\":[{\"@type\":\"WebPage\",\"@id\":\"https:\\\/\\\/www.benchmarkemail.com\\\/fr\\\/features\\\/integrations\\\/\",\"url\":\"https:\\\/\\\/www.benchmarkemail.com\\\/fr\\\/features\\\/integrations\\\/\",\"name\":\"Applications & Int\u00e9grations - Benchmark Email\",\"isPartOf\":{\"@id\":\"https:\\\/\\\/www.benchmarkemail.com\\\/fr\\\/#website\"},\"primaryImageOfPage\":{\"@id\":\"https:\\\/\\\/www.benchmarkemail.com\\\/fr\\\/features\\\/integrations\\\/#primaryimage\"},\"image\":{\"@id\":\"https:\\\/\\\/www.benchmarkemail.com\\\/fr\\\/features\\\/integrations\\\/#primaryimage\"},\"thumbnailUrl\":\"https:\\\/\\\/www.benchmarkemail.com\\\/fr\\\/wp-content\\\/uploads\\\/sites\\\/3\\\/2024\\\/08\\\/shopify.png\",\"datePublished\":\"2019-09-13T19:40:17+00:00\",\"dateModified\":\"2024-09-03T16:13:11+00:00\",\"description\":\"Voici les outils avec lesquels Benchmark Email s'int\u00e8gre pour rendre l'email marketing aussi facile que possible\",\"breadcrumb\":{\"@id\":\"https:\\\/\\\/www.benchmarkemail.com\\\/fr\\\/features\\\/integrations\\\/#breadcrumb\"},\"inLanguage\":\"en-US\",\"potentialAction\":[{\"@type\":\"ReadAction\",\"target\":[\"https:\\\/\\\/www.benchmarkemail.com\\\/fr\\\/features\\\/integrations\\\/\"]}]},{\"@type\":\"ImageObject\",\"inLanguage\":\"en-US\",\"@id\":\"https:\\\/\\\/www.benchmarkemail.com\\\/fr\\\/features\\\/integrations\\\/#primaryimage\",\"url\":\"https:\\\/\\\/www.benchmarkemail.com\\\/fr\\\/wp-content\\\/uploads\\\/sites\\\/3\\\/2024\\\/08\\\/shopify.png\",\"contentUrl\":\"https:\\\/\\\/www.benchmarkemail.com\\\/fr\\\/wp-content\\\/uploads\\\/sites\\\/3\\\/2024\\\/08\\\/shopify.png\",\"width\":72,\"height\":72},{\"@type\":\"BreadcrumbList\",\"@id\":\"https:\\\/\\\/www.benchmarkemail.com\\\/fr\\\/features\\\/integrations\\\/#breadcrumb\",\"itemListElement\":[{\"@type\":\"ListItem\",\"position\":1,\"name\":\"Home\",\"item\":\"https:\\\/\\\/www.benchmarkemail.com\\\/fr\\\/\"},{\"@type\":\"ListItem\",\"position\":2,\"name\":\"Features\",\"item\":\"https:\\\/\\\/www.benchmarkemail.com\\\/fr\\\/features\\\/\"},{\"@type\":\"ListItem\",\"position\":3,\"name\":\"Integrations\"}]},{\"@type\":\"WebSite\",\"@id\":\"https:\\\/\\\/www.benchmarkemail.com\\\/fr\\\/#website\",\"url\":\"https:\\\/\\\/www.benchmarkemail.com\\\/fr\\\/\",\"name\":\"Benchmark Email en fran\u00e7ais\",\"description\":\"Outil de marketing digital. D\u00e9couvrez ou approfondissez vos connaissances en email marketing, automatisations, captation de prospects... et bien plus encore !\",\"publisher\":{\"@id\":\"https:\\\/\\\/www.benchmarkemail.com\\\/fr\\\/#organization\"},\"potentialAction\":[{\"@type\":\"SearchAction\",\"target\":{\"@type\":\"EntryPoint\",\"urlTemplate\":\"https:\\\/\\\/www.benchmarkemail.com\\\/fr\\\/?s={search_term_string}\"},\"query-input\":{\"@type\":\"PropertyValueSpecification\",\"valueRequired\":true,\"valueName\":\"search_term_string\"}}],\"inLanguage\":\"en-US\"},{\"@type\":\"Organization\",\"@id\":\"https:\\\/\\\/www.benchmarkemail.com\\\/fr\\\/#organization\",\"name\":\"Benchmark Internet Group, LLC\",\"url\":\"https:\\\/\\\/www.benchmarkemail.com\\\/fr\\\/\",\"logo\":{\"@type\":\"ImageObject\",\"inLanguage\":\"en-US\",\"@id\":\"https:\\\/\\\/www.benchmarkemail.com\\\/fr\\\/#\\\/schema\\\/logo\\\/image\\\/\",\"url\":\"https:\\\/\\\/www.benchmarkemail.com\\\/fr\\\/wp-content\\\/uploads\\\/sites\\\/3\\\/2019\\\/09\\\/benchmark-logo.svg\",\"contentUrl\":\"https:\\\/\\\/www.benchmarkemail.com\\\/fr\\\/wp-content\\\/uploads\\\/sites\\\/3\\\/2019\\\/09\\\/benchmark-logo.svg\",\"width\":1,\"height\":1,\"caption\":\"Benchmark Internet Group, LLC\"},\"image\":{\"@id\":\"https:\\\/\\\/www.benchmarkemail.com\\\/fr\\\/#\\\/schema\\\/logo\\\/image\\\/\"},\"sameAs\":[\"https:\\\/\\\/www.facebook.com\\\/BenchmarkEmail\",\"https:\\\/\\\/x.com\\\/benchmarkemail\",\"https:\\\/\\\/www.instagram.com\\\/benchmarkemail\\\/\",\"https:\\\/\\\/www.linkedin.com\\\/company\\\/benchmark-email\\\/\",\"https:\\\/\\\/www.youtube.com\\\/channel\\\/UCEQOJxM8HtdJpjkE1HO6L6Q\"]}]}<\/script>\n<!-- \/ Yoast SEO plugin. -->","yoast_head_json":{"title":"Applications & Int\u00e9grations - Benchmark Email","description":"Voici les outils avec lesquels Benchmark Email s'int\u00e8gre pour rendre l'email marketing aussi facile que possible","robots":{"index":"index","follow":"follow","max-snippet":"max-snippet:-1","max-image-preview":"max-image-preview:large","max-video-preview":"max-video-preview:-1"},"canonical":"https:\/\/www.benchmarkemail.com\/fr\/features\/integrations\/","og_locale":"en_US","og_type":"article","og_title":"Applications & Int\u00e9grations - Benchmark Email","og_description":"Voici les outils avec lesquels Benchmark Email s'int\u00e8gre pour rendre l'email marketing aussi facile que possible","og_url":"https:\/\/www.benchmarkemail.com\/fr\/features\/integrations\/","og_site_name":"Benchmark Email en fran\u00e7ais","article_publisher":"https:\/\/www.facebook.com\/BenchmarkEmail","article_modified_time":"2024-09-03T16:13:11+00:00","og_image":[{"url":"https:\/\/www.benchmarkemail.com\/fr\/wp-content\/uploads\/sites\/3\/2024\/08\/shopify.png","type":"","width":"","height":""}],"twitter_card":"summary_large_image","twitter_site":"@benchmarkemail","twitter_misc":{"Est. reading time":"7 minutes"},"schema":{"@context":"https:\/\/schema.org","@graph":[{"@type":"WebPage","@id":"https:\/\/www.benchmarkemail.com\/fr\/features\/integrations\/","url":"https:\/\/www.benchmarkemail.com\/fr\/features\/integrations\/","name":"Applications & Int\u00e9grations - Benchmark Email","isPartOf":{"@id":"https:\/\/www.benchmarkemail.com\/fr\/#website"},"primaryImageOfPage":{"@id":"https:\/\/www.benchmarkemail.com\/fr\/features\/integrations\/#primaryimage"},"image":{"@id":"https:\/\/www.benchmarkemail.com\/fr\/features\/integrations\/#primaryimage"},"thumbnailUrl":"https:\/\/www.benchmarkemail.com\/fr\/wp-content\/uploads\/sites\/3\/2024\/08\/shopify.png","datePublished":"2019-09-13T19:40:17+00:00","dateModified":"2024-09-03T16:13:11+00:00","description":"Voici les outils avec lesquels Benchmark Email s'int\u00e8gre pour rendre l'email marketing aussi facile que possible","breadcrumb":{"@id":"https:\/\/www.benchmarkemail.com\/fr\/features\/integrations\/#breadcrumb"},"inLanguage":"en-US","potentialAction":[{"@type":"ReadAction","target":["https:\/\/www.benchmarkemail.com\/fr\/features\/integrations\/"]}]},{"@type":"ImageObject","inLanguage":"en-US","@id":"https:\/\/www.benchmarkemail.com\/fr\/features\/integrations\/#primaryimage","url":"https:\/\/www.benchmarkemail.com\/fr\/wp-content\/uploads\/sites\/3\/2024\/08\/shopify.png","contentUrl":"https:\/\/www.benchmarkemail.com\/fr\/wp-content\/uploads\/sites\/3\/2024\/08\/shopify.png","width":72,"height":72},{"@type":"BreadcrumbList","@id":"https:\/\/www.benchmarkemail.com\/fr\/features\/integrations\/#breadcrumb","itemListElement":[{"@type":"ListItem","position":1,"name":"Home","item":"https:\/\/www.benchmarkemail.com\/fr\/"},{"@type":"ListItem","position":2,"name":"Features","item":"https:\/\/www.benchmarkemail.com\/fr\/features\/"},{"@type":"ListItem","position":3,"name":"Integrations"}]},{"@type":"WebSite","@id":"https:\/\/www.benchmarkemail.com\/fr\/#website","url":"https:\/\/www.benchmarkemail.com\/fr\/","name":"Benchmark Email en fran\u00e7ais","description":"Outil de marketing digital. D\u00e9couvrez ou approfondissez vos connaissances en email marketing, automatisations, captation de prospects... et bien plus encore !","publisher":{"@id":"https:\/\/www.benchmarkemail.com\/fr\/#organization"},"potentialAction":[{"@type":"SearchAction","target":{"@type":"EntryPoint","urlTemplate":"https:\/\/www.benchmarkemail.com\/fr\/?s={search_term_string}"},"query-input":{"@type":"PropertyValueSpecification","valueRequired":true,"valueName":"search_term_string"}}],"inLanguage":"en-US"},{"@type":"Organization","@id":"https:\/\/www.benchmarkemail.com\/fr\/#organization","name":"Benchmark Internet Group, LLC","url":"https:\/\/www.benchmarkemail.com\/fr\/","logo":{"@type":"ImageObject","inLanguage":"en-US","@id":"https:\/\/www.benchmarkemail.com\/fr\/#\/schema\/logo\/image\/","url":"https:\/\/www.benchmarkemail.com\/fr\/wp-content\/uploads\/sites\/3\/2019\/09\/benchmark-logo.svg","contentUrl":"https:\/\/www.benchmarkemail.com\/fr\/wp-content\/uploads\/sites\/3\/2019\/09\/benchmark-logo.svg","width":1,"height":1,"caption":"Benchmark Internet Group, LLC"},"image":{"@id":"https:\/\/www.benchmarkemail.com\/fr\/#\/schema\/logo\/image\/"},"sameAs":["https:\/\/www.facebook.com\/BenchmarkEmail","https:\/\/x.com\/benchmarkemail","https:\/\/www.instagram.com\/benchmarkemail\/","https:\/\/www.linkedin.com\/company\/benchmark-email\/","https:\/\/www.youtube.com\/channel\/UCEQOJxM8HtdJpjkE1HO6L6Q"]}]}},"_links":{"self":[{"href":"https:\/\/www.benchmarkemail.com\/fr\/wp-json\/wp\/v2\/pages\/28","targetHints":{"allow":["GET"]}}],"collection":[{"href":"https:\/\/www.benchmarkemail.com\/fr\/wp-json\/wp\/v2\/pages"}],"about":[{"href":"https:\/\/www.benchmarkemail.com\/fr\/wp-json\/wp\/v2\/types\/page"}],"author":[{"embeddable":true,"href":"https:\/\/www.benchmarkemail.com\/fr\/wp-json\/wp\/v2\/users\/3"}],"replies":[{"embeddable":true,"href":"https:\/\/www.benchmarkemail.com\/fr\/wp-json\/wp\/v2\/comments?post=28"}],"version-history":[{"count":0,"href":"https:\/\/www.benchmarkemail.com\/fr\/wp-json\/wp\/v2\/pages\/28\/revisions"}],"up":[{"embeddable":true,"href":"https:\/\/www.benchmarkemail.com\/fr\/wp-json\/wp\/v2\/pages\/18"}],"wp:attachment":[{"href":"https:\/\/www.benchmarkemail.com\/fr\/wp-json\/wp\/v2\/media?parent=28"}],"curies":[{"name":"wp","href":"https:\/\/api.w.org\/{rel}","templated":true}]}}