{"id":280,"date":"2019-10-03T13:52:23","date_gmt":"2019-10-03T13:52:23","guid":{"rendered":"http:\/\/bme2.flywheelsites.com\/?page_id=280"},"modified":"2023-08-29T10:10:43","modified_gmt":"2023-08-29T10:10:43","slug":"lead-generation","status":"publish","type":"page","link":"https:\/\/www.benchmarkemail.com\/fr\/features\/lead-generation\/","title":{"rendered":"Lead Generation"},"content":{"rendered":"\n<h1>\n\t\tLe plus simple des g\u00e9n\u00e9rateurs de formulaires\n\t<\/h1>\n<h3>\n\t\tUtilisez des formulaires d&#8217;inscription, des autor\u00e9pondeurs, des enqu\u00eates et des sondages pour cr\u00e9er votre liste d&#8217;abonn\u00e9s\n\t<\/h3>\n\t\t\t\t<img loading=\"lazy\" decoding=\"async\" src=\"https:\/\/www.benchmarkemail.com\/fr\/wp-content\/uploads\/sites\/3\/2022\/10\/lead-genration.webp\" alt=\"Web avec formulaire g\u00e9n\u00e9r\u00e9 int\u00e9gr\u00e9\" height=\"410\" width=\"1058\" title=\"lead-genration\" \/>\n\t<h2>Formulaires d&#8217;inscription<\/h2>\n<p>Cr\u00e9ez des formulaires d&#8217;inscription int\u00e9grables et des pop ups \u00e0 inclure sur votre site web. Am\u00e9liorez la conversion et faites grossir vos listes facilement<\/p>\n\t\t\t\t<img loading=\"lazy\" decoding=\"async\" src=\"https:\/\/www.benchmarkemail.com\/fr\/wp-content\/uploads\/sites\/3\/2020\/02\/list-building.jpg\" alt=\"Formulaire exemple\" height=\"775\" width=\"1097\" title=\"list-building\" \/>\n\t\t\t\t<img loading=\"lazy\" decoding=\"async\" src=\"https:\/\/www.benchmarkemail.com\/fr\/wp-content\/uploads\/sites\/3\/2022\/10\/3-3.webp\" alt=\"\u00c9cran d'int\u00e9gration des formulaires\" height=\"461\" width=\"550\" title=\"3-3\" \/>\n\t<h3>Placez votre formulaire d&#8217;abonnement sur votre site web\n<p>Ne manquez pas l&#8217;opportunit\u00e9 de gagner de nouveaux abonn\u00e9s. Placez des formulaires pop-up ou int\u00e9gr\u00e9s sur votre site.<\/p>\n<h2>\n\t\tFormulaires et Landing Pages\n\t<\/h2>\n\t<p>Obtenez plus d&#8217;abonn\u00e9s et de clients avec Benchmark Email<\/p>\n\t\t\t\t<img loading=\"lazy\" decoding=\"async\" src=\"https:\/\/www.benchmarkemail.com\/fr\/wp-content\/uploads\/sites\/3\/2023\/05\/drag-drop-icon@2x.png\" alt=\"drag-drop-icon@2x\" height=\"96\" width=\"96\" title=\"drag-drop-icon@2x\" \/>\n<h4>\n\t\t\u00c9diteur Drag&amp;Drop\n\t<\/h4>\n\t<p>Concevez des landing pages qui vous aideront \u00e0 atteindre vos objectifs sans avoir besoin de connaissances en codage<\/p>\n\t\t\t\t<img loading=\"lazy\" decoding=\"async\" src=\"https:\/\/www.benchmarkemail.com\/fr\/wp-content\/uploads\/sites\/3\/2023\/05\/forms-icon@2x.png\" alt=\"forms-icon@2x\" height=\"96\" width=\"88\" title=\"forms-icon@2x\" \/>\n<h4>\n\t\tD\u00e9veloppez votre liste d&#8217;abonn\u00e9s\n\t<\/h4>\n\t<p>Ins\u00e9rez des formulaires d&#8217;inscription pour que les abonn\u00e9s puissent acc\u00e9der directement \u00e0 vos listes de diffusion email<\/p>\n\t\t\t\t<img loading=\"lazy\" decoding=\"async\" src=\"https:\/\/www.benchmarkemail.com\/fr\/wp-content\/uploads\/sites\/3\/2023\/05\/links@2x.png\" alt=\"links@2x\" height=\"96\" width=\"96\" title=\"links@2x\" \/>\n<h4>\n\t\tLanding Pages avec votre domaine\n\t<\/h4>\n\t<p>Publiez vos Landing Pages sous votre propre nom de domaine afin de garantir \u00e0 vos utilisateurs une exp\u00e9rience coh\u00e9rente en termes d&#8217;image de marque.<\/p>\n\t\t\t\t<img loading=\"lazy\" decoding=\"async\" src=\"https:\/\/www.benchmarkemail.com\/fr\/wp-content\/uploads\/sites\/3\/2023\/05\/integration@2x.png\" alt=\"integration@2x\" height=\"94\" width=\"96\" title=\"integration@2x\" \/>\n<h4>\n\t\tCombinez les Landing Pages et l&#8217;Emailing \n\t<\/h4>\n\t<p>Liez vos Landing Pages avec de puissants outils d&#8217;automatisation, d&#8217;entonnoir de vente et de segmentation.<\/p>\n\t\t\t\t<img loading=\"lazy\" decoding=\"async\" src=\"https:\/\/www.benchmarkemail.com\/fr\/wp-content\/uploads\/sites\/3\/2023\/05\/tracking@2x.png\" alt=\"tracking@2x\" height=\"96\" width=\"96\" title=\"tracking@2x\" \/>\n<h4>\n\t\tAssurez le suivi de vos objectifs marketing\n\t<\/h4>\n\t<p>Mesurez le ROI de vos Landing Pages via l&#8217;engagement des prospects ou l&#8217;acquisition de nouveaux abonn\u00e9s.<\/p>\n\t\t\t\t<img loading=\"lazy\" decoding=\"async\" src=\"https:\/\/www.benchmarkemail.com\/fr\/wp-content\/uploads\/sites\/3\/2023\/05\/templates@2x.png\" alt=\"templates@2x\" height=\"96\" width=\"96\" title=\"templates@2x\" \/>\n<h4>\n\t\tMod\u00e8les de landing pages\n\t<\/h4>\n\t<p>Cr\u00e9ez des landing pages \u00e0 l&#8217;aide de mod\u00e8les gratuits et optimis\u00e9s pour la conversion des utilisateurs.<\/p>\n                    <img decoding=\"async\" src=\"https:\/\/www.benchmarkemail.com\/wp-content\/uploads\/2020\/02\/social-share-tool-icon@2x.png\" alt=\"\" \/>\n                    <img decoding=\"async\" src=\"https:\/\/www.benchmarkemail.com\/wp-content\/uploads\/2020\/02\/button-tool-icon@2x.png\" alt=\"\" \/>\n                    <img decoding=\"async\" src=\"https:\/\/www.benchmarkemail.com\/wp-content\/uploads\/2020\/02\/text-tool-icon@2x.png\" alt=\"\" \/>\n                    <img decoding=\"async\" src=\"https:\/\/www.benchmarkemail.com\/wp-content\/uploads\/2020\/02\/video-tool-icon@2x.png\" alt=\"\" \/>\n                    <img decoding=\"async\" src=\"https:\/\/www.benchmarkemail.com\/wp-content\/uploads\/2020\/02\/image-tool-icon@2x.png\" alt=\"\" \/>\n                    <img decoding=\"async\" src=\"https:\/\/www.benchmarkemail.com\/fr\/wp-content\/uploads\/sites\/3\/2020\/02\/landing-page-mobile-FR.png\" alt=\"Formulaire g\u00e9n\u00e9r\u00e9 sur le web\" \/>\n                    <img decoding=\"async\" src=\"https:\/\/www.benchmarkemail.com\/fr\/wp-content\/uploads\/sites\/3\/2022\/10\/landing-page-desktop-fr.webp\" alt=\"Formulaire g\u00e9n\u00e9r\u00e9 sur le web\" \/>\n\t<\/h3><h3>G\u00e9rez et segmentez vos listes de contacts<\/h3>\n<p>La segmentation, l&#8217;importation et l&#8217;int\u00e9gration sont tr\u00e8s faciles \u00e0 r\u00e9aliser avec Benchmark Email<\/p>\n\t<p>&nbsp;<\/p>\n<h4><strong>Segmentez<\/strong><\/h4>\n<p>Organisez votre liste par population, pr\u00e9f\u00e9rences et plus. Envoyez le contenu le plus pertinent \u00e0 vos abonn\u00e9s.<\/p>\n\t<p>&nbsp;<\/p>\n<h4><strong>Importez<\/strong><\/h4>\n<p>Cr\u00e9ez des listes en important vos contacts, en les ajoutant un par un ou en copiant\/collant des adresses mail. Importez facilement des fichiers .xls, .csv et .txt.<\/p>\n\t<p>&nbsp;<\/p>\n<h4><strong>Int\u00e9grez<\/strong><\/h4>\n<p>Int\u00e9grez vos listes de contacts directement \u00e0 partir de services populaires tels que : WordPress, Salesforce, Unbounce, Zapier et bien d&#8217;autres<\/p>\n\t\t\t\t<img decoding=\"async\" src=\"https:\/\/www.benchmarkemail.com\/wp-content\/uploads\/2019\/10\/list-map-markers-1024x326.png\" alt=\"Carte de localisation\" title=\"list-map-markers\" \/>\n\t\t\t\t<img decoding=\"async\" src=\"https:\/\/www.benchmarkemail.com\/wp-content\/uploads\/2019\/10\/2-contact-r-feat-2x-compressor.png\" alt=\"Score du contact\" title=\"2-contact-r-feat-2x-compressor\" \/>\n\t<h4><strong>Tirez le meilleur parti de vos contacts<\/strong><\/h4>\n<p>D\u00e9couvrez quel est l&#8217;engagement de vos clients sur une \u00e9chelle de 0 \u00e0 5 \u00e9toiles. Am\u00e9liorez votre taux d&#8217;ouverture, r\u00e9compensez vos plus fid\u00e8les clients ou relancer les clients inactifs, en segmentant vos listes sur base de la notation client. <a href=\"#\">En savoir plus<\/a><\/p>\n\t<h3>Email Marketing Automation<\/h3>\n<p>Envoyez des s\u00e9quences d&#8217;emails automatiques \u00e0 vos abonn\u00e9s en toute simplicit\u00e9<\/p>\n\t\t\t\t<img loading=\"lazy\" decoding=\"async\" src=\"https:\/\/www.benchmarkemail.com\/fr\/wp-content\/uploads\/sites\/3\/2020\/02\/autoresponders.jpg\" alt=\"Exemple d'autor\u00e9pondeur pour un email de formulaire\" height=\"736\" width=\"1058\" title=\"autoresponders\" \/>\n\t<h4><strong>Emails automatis\u00e9s<\/strong><\/h4>\n<p>Un \u00e9v\u00e9nement d\u00e9clenche l&#8217;envoi d&#8217;un email d&#8217;autor\u00e9pondeur. Par exemple, un email d&#8217;anniversaire pour rendre la journ\u00e9e de vos abonn\u00e9s sp\u00e9ciale<\/p>\n<h4><strong>Email bas\u00e9 sur la date<\/strong><\/h4>\n<p>Notre syst\u00e8me d&#8217;autor\u00e9pondeur vous permet de programmer l&#8217;envoi d&#8217;emails individuels \u00e0 la date de votre choix : jour, semaine, mois ou ann\u00e9e<\/p>\n\t<h3>Apprenez \u00e0 mieux conna\u00eetre votre public gr\u00e2ce aux enqu\u00eates et aux sondages<\/h3>\n<p>Benchmark Email inclut une fonctionnalit\u00e9 de sondage pour obtenir plus de donn\u00e9es sur vos abonn\u00e9s<\/p>\n\t<h4>Questionnaires<\/h4>\n<p>Donnez une chance \u00e0 vos abonn\u00e9s de peser dans des domaines vari\u00e9s, et \u00e9valuez leur int\u00e9r\u00eat \u00e0 propos de vos \u00e9volutions r\u00e9centes.<\/p>\n\t\t\t\t<img loading=\"lazy\" decoding=\"async\" src=\"https:\/\/www.benchmarkemail.com\/fr\/wp-content\/uploads\/sites\/3\/2020\/02\/surveys.jpg\" alt=\"Exemple d'enqu\u00eate g\u00e9n\u00e9r\u00e9e\" height=\"1009\" width=\"1138\" title=\"surveys\" \/>\n\t<h4>Sondages<\/h4>\n<p>Les sondages vous donnent l&#8217;efficacit\u00e9 et la praticit\u00e9 d&#8217;une interaction directe et gratuite avec vos abonn\u00e9s.<\/p>\n\t\t\t\t<img loading=\"lazy\" decoding=\"async\" src=\"https:\/\/www.benchmarkemail.com\/fr\/wp-content\/uploads\/sites\/3\/2020\/02\/polls.jpg\" alt=\"Exemple sondages g\u00e9n\u00e9r\u00e9e\" height=\"613\" width=\"702\" title=\"polls\" \/>\n\t<h2>Commencez d\u00e8s maintenant \u00e0 g\u00e9n\u00e9rer des leads pour email marketing<\/h2>\n<p>Compte 100% gratuit. Aucune carte de cr\u00e9dit n&#8217;est requise.<\/p>\n\t\n.signup-form-wrap input.form-text-field {\n    box-shadow: none;\n    height: auto;\n    border: 1px solid \n#e6e6e8;\nborder-radius: 3px;\nfont-size: 1rem;\n-webkit-box-shadow: 0 0 0 1000px\n    #fff inset;\n    color: #666872;\n    height: 42px;\n}\n.signup-form-wrap #frm_submit_new {\n    font-size: .8rem;\n    font-weight: 600;\n    text-transform: uppercase;\n    background-color: \n#4e5ff9;\nletter-spacing: 1px;\ncolor: #4e5ff9;\ncolor:\n    #fff;\n    border: none;\n    height: 42px;\n}\n\n            \n            \n            \n            \n\n","protected":false},"excerpt":{"rendered":"<p>Le plus simple des g\u00e9n\u00e9rateurs de formulaires Utilisez des formulaires d&#8217;inscription, des autor\u00e9pondeurs, des enqu\u00eates et des sondages pour cr\u00e9er votre liste d&#8217;abonn\u00e9s Formulaires d&#8217;inscription Cr\u00e9ez des formulaires d&#8217;inscription int\u00e9grables et des pop ups \u00e0 inclure sur votre site web. Am\u00e9liorez la conversion et faites grossir vos listes facilement Placez votre formulaire d&#8217;abonnement sur votre&hellip;<\/p>\n","protected":false},"author":7,"featured_media":34669,"parent":18,"menu_order":0,"comment_status":"closed","ping_status":"closed","template":"","meta":{"inline_featured_image":false,"footnotes":""},"class_list":["post-280","page","type-page","status-publish","has-post-thumbnail","hentry"],"yoast_head":"<!-- This site is optimized with the Yoast SEO plugin v27.5 - https:\/\/yoast.com\/product\/yoast-seo-wordpress\/ -->\n<title>G\u00e9n\u00e9rateur de formulaires et landing pages - Benchmark Email<\/title>\n<meta name=\"description\" content=\"Cr\u00e9ez facilement des formulaires avec le g\u00e9n\u00e9rateur de formulaires Benchmark. Cr\u00e9ation rapide de pop-ups et des landing pages.\" \/>\n<meta name=\"robots\" content=\"index, follow, max-snippet:-1, max-image-preview:large, max-video-preview:-1\" \/>\n<link rel=\"canonical\" href=\"https:\/\/www.benchmarkemail.com\/fr\/features\/lead-generation\/\" \/>\n<meta property=\"og:locale\" content=\"en_US\" \/>\n<meta property=\"og:type\" content=\"article\" \/>\n<meta property=\"og:title\" content=\"G\u00e9n\u00e9rateur de formulaires et landing pages - Benchmark Email\" \/>\n<meta property=\"og:description\" content=\"Cr\u00e9ez facilement des formulaires avec le g\u00e9n\u00e9rateur de formulaires Benchmark. Cr\u00e9ation rapide de pop-ups et des landing pages.\" \/>\n<meta property=\"og:url\" content=\"https:\/\/www.benchmarkemail.com\/fr\/features\/lead-generation\/\" \/>\n<meta property=\"og:site_name\" content=\"Benchmark Email en fran\u00e7ais\" \/>\n<meta property=\"article:publisher\" content=\"https:\/\/www.facebook.com\/BenchmarkEmail\" \/>\n<meta property=\"article:modified_time\" content=\"2023-08-29T10:10:43+00:00\" \/>\n<meta property=\"og:image\" content=\"https:\/\/www.benchmarkemail.com\/fr\/wp-content\/uploads\/sites\/3\/2023\/07\/formulaire-landing-page.webp\" \/>\n\t<meta property=\"og:image:width\" content=\"1400\" \/>\n\t<meta property=\"og:image:height\" content=\"730\" \/>\n\t<meta property=\"og:image:type\" content=\"image\/webp\" \/>\n<meta name=\"twitter:card\" content=\"summary_large_image\" \/>\n<meta name=\"twitter:site\" content=\"@benchmarkemail\" \/>\n<meta name=\"twitter:label1\" content=\"Est. reading time\" \/>\n\t<meta name=\"twitter:data1\" content=\"7 minutes\" \/>\n<script type=\"application\/ld+json\" class=\"yoast-schema-graph\">{\"@context\":\"https:\\\/\\\/schema.org\",\"@graph\":[{\"@type\":\"WebPage\",\"@id\":\"https:\\\/\\\/www.benchmarkemail.com\\\/fr\\\/features\\\/lead-generation\\\/\",\"url\":\"https:\\\/\\\/www.benchmarkemail.com\\\/fr\\\/features\\\/lead-generation\\\/\",\"name\":\"G\u00e9n\u00e9rateur de formulaires et landing pages - Benchmark Email\",\"isPartOf\":{\"@id\":\"https:\\\/\\\/www.benchmarkemail.com\\\/fr\\\/#website\"},\"primaryImageOfPage\":{\"@id\":\"https:\\\/\\\/www.benchmarkemail.com\\\/fr\\\/features\\\/lead-generation\\\/#primaryimage\"},\"image\":{\"@id\":\"https:\\\/\\\/www.benchmarkemail.com\\\/fr\\\/features\\\/lead-generation\\\/#primaryimage\"},\"thumbnailUrl\":\"https:\\\/\\\/www.benchmarkemail.com\\\/fr\\\/wp-content\\\/uploads\\\/sites\\\/3\\\/2023\\\/07\\\/formulaire-landing-page.webp\",\"datePublished\":\"2019-10-03T13:52:23+00:00\",\"dateModified\":\"2023-08-29T10:10:43+00:00\",\"description\":\"Cr\u00e9ez facilement des formulaires avec le g\u00e9n\u00e9rateur de formulaires Benchmark. Cr\u00e9ation rapide de pop-ups et des landing pages.\",\"breadcrumb\":{\"@id\":\"https:\\\/\\\/www.benchmarkemail.com\\\/fr\\\/features\\\/lead-generation\\\/#breadcrumb\"},\"inLanguage\":\"en-US\",\"potentialAction\":[{\"@type\":\"ReadAction\",\"target\":[\"https:\\\/\\\/www.benchmarkemail.com\\\/fr\\\/features\\\/lead-generation\\\/\"]}]},{\"@type\":\"ImageObject\",\"inLanguage\":\"en-US\",\"@id\":\"https:\\\/\\\/www.benchmarkemail.com\\\/fr\\\/features\\\/lead-generation\\\/#primaryimage\",\"url\":\"https:\\\/\\\/www.benchmarkemail.com\\\/fr\\\/wp-content\\\/uploads\\\/sites\\\/3\\\/2023\\\/07\\\/formulaire-landing-page.webp\",\"contentUrl\":\"https:\\\/\\\/www.benchmarkemail.com\\\/fr\\\/wp-content\\\/uploads\\\/sites\\\/3\\\/2023\\\/07\\\/formulaire-landing-page.webp\",\"width\":1400,\"height\":730},{\"@type\":\"BreadcrumbList\",\"@id\":\"https:\\\/\\\/www.benchmarkemail.com\\\/fr\\\/features\\\/lead-generation\\\/#breadcrumb\",\"itemListElement\":[{\"@type\":\"ListItem\",\"position\":1,\"name\":\"Home\",\"item\":\"https:\\\/\\\/www.benchmarkemail.com\\\/fr\\\/\"},{\"@type\":\"ListItem\",\"position\":2,\"name\":\"Features\",\"item\":\"https:\\\/\\\/www.benchmarkemail.com\\\/fr\\\/features\\\/\"},{\"@type\":\"ListItem\",\"position\":3,\"name\":\"Lead Generation\"}]},{\"@type\":\"WebSite\",\"@id\":\"https:\\\/\\\/www.benchmarkemail.com\\\/fr\\\/#website\",\"url\":\"https:\\\/\\\/www.benchmarkemail.com\\\/fr\\\/\",\"name\":\"Benchmark Email en fran\u00e7ais\",\"description\":\"Outil de marketing digital. D\u00e9couvrez ou approfondissez vos connaissances en email marketing, automatisations, captation de prospects... et bien plus encore !\",\"publisher\":{\"@id\":\"https:\\\/\\\/www.benchmarkemail.com\\\/fr\\\/#organization\"},\"potentialAction\":[{\"@type\":\"SearchAction\",\"target\":{\"@type\":\"EntryPoint\",\"urlTemplate\":\"https:\\\/\\\/www.benchmarkemail.com\\\/fr\\\/?s={search_term_string}\"},\"query-input\":{\"@type\":\"PropertyValueSpecification\",\"valueRequired\":true,\"valueName\":\"search_term_string\"}}],\"inLanguage\":\"en-US\"},{\"@type\":\"Organization\",\"@id\":\"https:\\\/\\\/www.benchmarkemail.com\\\/fr\\\/#organization\",\"name\":\"Benchmark Internet Group, LLC\",\"url\":\"https:\\\/\\\/www.benchmarkemail.com\\\/fr\\\/\",\"logo\":{\"@type\":\"ImageObject\",\"inLanguage\":\"en-US\",\"@id\":\"https:\\\/\\\/www.benchmarkemail.com\\\/fr\\\/#\\\/schema\\\/logo\\\/image\\\/\",\"url\":\"https:\\\/\\\/www.benchmarkemail.com\\\/fr\\\/wp-content\\\/uploads\\\/sites\\\/3\\\/2019\\\/09\\\/benchmark-logo.svg\",\"contentUrl\":\"https:\\\/\\\/www.benchmarkemail.com\\\/fr\\\/wp-content\\\/uploads\\\/sites\\\/3\\\/2019\\\/09\\\/benchmark-logo.svg\",\"width\":1,\"height\":1,\"caption\":\"Benchmark Internet Group, LLC\"},\"image\":{\"@id\":\"https:\\\/\\\/www.benchmarkemail.com\\\/fr\\\/#\\\/schema\\\/logo\\\/image\\\/\"},\"sameAs\":[\"https:\\\/\\\/www.facebook.com\\\/BenchmarkEmail\",\"https:\\\/\\\/x.com\\\/benchmarkemail\",\"https:\\\/\\\/www.instagram.com\\\/benchmarkemail\\\/\",\"https:\\\/\\\/www.linkedin.com\\\/company\\\/benchmark-email\\\/\",\"https:\\\/\\\/www.youtube.com\\\/channel\\\/UCEQOJxM8HtdJpjkE1HO6L6Q\"]}]}<\/script>\n<!-- \/ Yoast SEO plugin. -->","yoast_head_json":{"title":"G\u00e9n\u00e9rateur de formulaires et landing pages - Benchmark Email","description":"Cr\u00e9ez facilement des formulaires avec le g\u00e9n\u00e9rateur de formulaires Benchmark. Cr\u00e9ation rapide de pop-ups et des landing pages.","robots":{"index":"index","follow":"follow","max-snippet":"max-snippet:-1","max-image-preview":"max-image-preview:large","max-video-preview":"max-video-preview:-1"},"canonical":"https:\/\/www.benchmarkemail.com\/fr\/features\/lead-generation\/","og_locale":"en_US","og_type":"article","og_title":"G\u00e9n\u00e9rateur de formulaires et landing pages - Benchmark Email","og_description":"Cr\u00e9ez facilement des formulaires avec le g\u00e9n\u00e9rateur de formulaires Benchmark. Cr\u00e9ation rapide de pop-ups et des landing pages.","og_url":"https:\/\/www.benchmarkemail.com\/fr\/features\/lead-generation\/","og_site_name":"Benchmark Email en fran\u00e7ais","article_publisher":"https:\/\/www.facebook.com\/BenchmarkEmail","article_modified_time":"2023-08-29T10:10:43+00:00","og_image":[{"width":1400,"height":730,"url":"https:\/\/www.benchmarkemail.com\/fr\/wp-content\/uploads\/sites\/3\/2023\/07\/formulaire-landing-page.webp","type":"image\/webp"}],"twitter_card":"summary_large_image","twitter_site":"@benchmarkemail","twitter_misc":{"Est. reading time":"7 minutes"},"schema":{"@context":"https:\/\/schema.org","@graph":[{"@type":"WebPage","@id":"https:\/\/www.benchmarkemail.com\/fr\/features\/lead-generation\/","url":"https:\/\/www.benchmarkemail.com\/fr\/features\/lead-generation\/","name":"G\u00e9n\u00e9rateur de formulaires et landing pages - Benchmark Email","isPartOf":{"@id":"https:\/\/www.benchmarkemail.com\/fr\/#website"},"primaryImageOfPage":{"@id":"https:\/\/www.benchmarkemail.com\/fr\/features\/lead-generation\/#primaryimage"},"image":{"@id":"https:\/\/www.benchmarkemail.com\/fr\/features\/lead-generation\/#primaryimage"},"thumbnailUrl":"https:\/\/www.benchmarkemail.com\/fr\/wp-content\/uploads\/sites\/3\/2023\/07\/formulaire-landing-page.webp","datePublished":"2019-10-03T13:52:23+00:00","dateModified":"2023-08-29T10:10:43+00:00","description":"Cr\u00e9ez facilement des formulaires avec le g\u00e9n\u00e9rateur de formulaires Benchmark. Cr\u00e9ation rapide de pop-ups et des landing pages.","breadcrumb":{"@id":"https:\/\/www.benchmarkemail.com\/fr\/features\/lead-generation\/#breadcrumb"},"inLanguage":"en-US","potentialAction":[{"@type":"ReadAction","target":["https:\/\/www.benchmarkemail.com\/fr\/features\/lead-generation\/"]}]},{"@type":"ImageObject","inLanguage":"en-US","@id":"https:\/\/www.benchmarkemail.com\/fr\/features\/lead-generation\/#primaryimage","url":"https:\/\/www.benchmarkemail.com\/fr\/wp-content\/uploads\/sites\/3\/2023\/07\/formulaire-landing-page.webp","contentUrl":"https:\/\/www.benchmarkemail.com\/fr\/wp-content\/uploads\/sites\/3\/2023\/07\/formulaire-landing-page.webp","width":1400,"height":730},{"@type":"BreadcrumbList","@id":"https:\/\/www.benchmarkemail.com\/fr\/features\/lead-generation\/#breadcrumb","itemListElement":[{"@type":"ListItem","position":1,"name":"Home","item":"https:\/\/www.benchmarkemail.com\/fr\/"},{"@type":"ListItem","position":2,"name":"Features","item":"https:\/\/www.benchmarkemail.com\/fr\/features\/"},{"@type":"ListItem","position":3,"name":"Lead Generation"}]},{"@type":"WebSite","@id":"https:\/\/www.benchmarkemail.com\/fr\/#website","url":"https:\/\/www.benchmarkemail.com\/fr\/","name":"Benchmark Email en fran\u00e7ais","description":"Outil de marketing digital. D\u00e9couvrez ou approfondissez vos connaissances en email marketing, automatisations, captation de prospects... et bien plus encore !","publisher":{"@id":"https:\/\/www.benchmarkemail.com\/fr\/#organization"},"potentialAction":[{"@type":"SearchAction","target":{"@type":"EntryPoint","urlTemplate":"https:\/\/www.benchmarkemail.com\/fr\/?s={search_term_string}"},"query-input":{"@type":"PropertyValueSpecification","valueRequired":true,"valueName":"search_term_string"}}],"inLanguage":"en-US"},{"@type":"Organization","@id":"https:\/\/www.benchmarkemail.com\/fr\/#organization","name":"Benchmark Internet Group, LLC","url":"https:\/\/www.benchmarkemail.com\/fr\/","logo":{"@type":"ImageObject","inLanguage":"en-US","@id":"https:\/\/www.benchmarkemail.com\/fr\/#\/schema\/logo\/image\/","url":"https:\/\/www.benchmarkemail.com\/fr\/wp-content\/uploads\/sites\/3\/2019\/09\/benchmark-logo.svg","contentUrl":"https:\/\/www.benchmarkemail.com\/fr\/wp-content\/uploads\/sites\/3\/2019\/09\/benchmark-logo.svg","width":1,"height":1,"caption":"Benchmark Internet Group, LLC"},"image":{"@id":"https:\/\/www.benchmarkemail.com\/fr\/#\/schema\/logo\/image\/"},"sameAs":["https:\/\/www.facebook.com\/BenchmarkEmail","https:\/\/x.com\/benchmarkemail","https:\/\/www.instagram.com\/benchmarkemail\/","https:\/\/www.linkedin.com\/company\/benchmark-email\/","https:\/\/www.youtube.com\/channel\/UCEQOJxM8HtdJpjkE1HO6L6Q"]}]}},"_links":{"self":[{"href":"https:\/\/www.benchmarkemail.com\/fr\/wp-json\/wp\/v2\/pages\/280","targetHints":{"allow":["GET"]}}],"collection":[{"href":"https:\/\/www.benchmarkemail.com\/fr\/wp-json\/wp\/v2\/pages"}],"about":[{"href":"https:\/\/www.benchmarkemail.com\/fr\/wp-json\/wp\/v2\/types\/page"}],"author":[{"embeddable":true,"href":"https:\/\/www.benchmarkemail.com\/fr\/wp-json\/wp\/v2\/users\/7"}],"replies":[{"embeddable":true,"href":"https:\/\/www.benchmarkemail.com\/fr\/wp-json\/wp\/v2\/comments?post=280"}],"version-history":[{"count":0,"href":"https:\/\/www.benchmarkemail.com\/fr\/wp-json\/wp\/v2\/pages\/280\/revisions"}],"up":[{"embeddable":true,"href":"https:\/\/www.benchmarkemail.com\/fr\/wp-json\/wp\/v2\/pages\/18"}],"wp:featuredmedia":[{"embeddable":true,"href":"https:\/\/www.benchmarkemail.com\/fr\/wp-json\/wp\/v2\/media\/34669"}],"wp:attachment":[{"href":"https:\/\/www.benchmarkemail.com\/fr\/wp-json\/wp\/v2\/media?parent=280"}],"curies":[{"name":"wp","href":"https:\/\/api.w.org\/{rel}","templated":true}]}}