{"id":29772,"date":"2022-09-23T10:17:03","date_gmt":"2022-09-23T10:17:03","guid":{"rendered":"https:\/\/benchmarkemail.wpengine.com\/fr\/?page_id=29772"},"modified":"2023-08-29T10:14:09","modified_gmt":"2023-08-29T10:14:09","slug":"smart-content","status":"publish","type":"page","link":"https:\/\/www.benchmarkemail.com\/fr\/features\/smart-content\/","title":{"rendered":"Smart Content &#8211; Benchmark Email"},"content":{"rendered":"\n<h1>\n\t\tL&#8217;intelligence artificielle pour r\u00e9diger vos emails\n\t<\/h1>\n<h2>\n\t\tR\u00e9digez le texte de votre prochaine campagne d&#8217;email marketing avec l&#8217;intelligence artificielle Smart Content\n\t<\/h2>\n\t\t\t<a href=\"https:\/\/ui.benchmarkemail.com\/fr\/register?utm_medium=organic&amp;utm_source=website&amp;utm_campaign=smartcontent_page&amp;utm_content=button_top \" target=\"_self\" rel=\"noopener\">\n\t\t\t\t\t\t\tJE VEUX ESSAYER GRATUITEMENT\n\t\t\t\t\t<\/a>\n\t\t\t\t<img decoding=\"async\" src=\"https:\/\/www.benchmarkemail.com\/fr\/wp-content\/uploads\/sites\/3\/2022\/10\/Generate-New-Content-GIF-1.gif\" alt=\"Generate-New-Content-GIF-1.gif\" title=\"Generate-New-Content-GIF-1.gif\" \/>\n\t\t\t\t<img decoding=\"async\" src=\"https:\/\/www.benchmarkemail.com\/fr\/wp-content\/uploads\/sites\/3\/2022\/10\/Generate-New-Content-GIF-2-2.gif\" alt=\"Generate-New-Content-GIF-2-2.gif\" title=\"Generate-New-Content-GIF-2-2.gif\" \/>\n<h2>\n\t\tUn copy frais pour vos campagnes d&#8217;email marketing\n\t<\/h2>\n<h2>\n\t\tL&#8217;outil r\u00e9dactionnel dot\u00e9 d&#8217;intelligence artificielle est con\u00e7u pour vous aider \u00e0 cr\u00e9er des textes attrayants, optimis\u00e9s et efficaces. Vous pouvez d\u00e9sormais lib\u00e9rer votre cr\u00e9ativit\u00e9 tout en \u00e9conomisant du temps et des ressources\n\t<\/h2>\n\t\t\t<a href=\"https:\/\/ui.benchmarkemail.com\/fr\/register?utm_medium=organic&amp;utm_source=website&amp;utm_campaign=smartcontent_page&amp;utm_content=button_1  \" target=\"_self\" rel=\"noopener\">\n\t\t\t\t\t\t\tINSCRIPTION GRATUITE\n\t\t\t\t\t<\/a>\n<h2>\n\t\tTirez le meilleur parti de votre contenu\n\t<\/h2>\n<h3>\n\t\tConvertissez en un seul clic le texte de votre pr\u00e9c\u00e9dente campagne emailing en un nouveau contenu et r\u00e9utilisez-le dans votre prochain email.\n\t<\/h3>\n\t\t\t<a href=\"https:\/\/ui.benchmarkemail.com\/fr\/register?utm_medium=organic&amp;utm_source=website&amp;utm_campaign=smartcontent_page&amp;utm_content=button_2   \" target=\"_self\" rel=\"noopener\">\n\t\t\t\t\t\t\tINSCRIPTION GRATUITE\n\t\t\t\t\t<\/a>\n\t\t\t\t<img decoding=\"async\" src=\"https:\/\/www.benchmarkemail.com\/fr\/wp-content\/uploads\/sites\/3\/2022\/10\/Rewrite-my-content-GIF-3.gif\" alt=\"Rewrite-my-content-GIF-3.gif\" title=\"Rewrite-my-content-GIF-3.gif\" \/>\n\t\t\t\t<img loading=\"lazy\" decoding=\"async\" src=\"https:\/\/www.benchmarkemail.com\/fr\/wp-content\/uploads\/sites\/3\/2023\/08\/smart-content-user.png\" alt=\"Utilisatrice d'email marketing\" height=\"2008\" width=\"2284\" title=\"smart-content user\" \/>\n<h2>\n\t\tR\u00e9digez mieux, plus vite et avec du style\n\t<\/h2>\n<h2>\n\t\tSmart Content de Benchmark Email vous \u00e9vite de devoir faire face \u00e0 une page blanche. Il vous suffit d&#8217;ajouter vos id\u00e9es pour g\u00e9n\u00e9rer rapidement des textes pour votre campagne et les incorporer dans votre email sans quitter l&#8217;\u00e9diteur\n\t<\/h2>\n\t\t\t<a href=\"https:\/\/ui.benchmarkemail.com\/fr\/register?utm_medium=organic&amp;utm_source=website&amp;utm_campaign=smartcontent_page&amp;utm_content=button_3   \" target=\"_self\" rel=\"noopener\">\n\t\t\t\t\t\t\tCR\u00c9EZ VOTRE COMPTE GRATUIT\n\t\t\t\t\t<\/a>\n\t\t\t\t<img loading=\"lazy\" decoding=\"async\" src=\"https:\/\/www.benchmarkemail.com\/fr\/wp-content\/uploads\/sites\/3\/2022\/10\/image-3.webp\" alt=\"Emails personnalis\u00e9s\" height=\"940\" width=\"1716\" title=\"image (3)\" \/>\n<h3>\n\t\tAutomatisez l&#8217;envoi d&#8217;emails personnalis\u00e9s\n\t<\/h3>\n\t<p>Smart Content facilite l&#8217;adaptation de vos messages au profil et au comportement de votre public. S\u00e9lectionnez un th\u00e8me et personnalisez-le en fonction des segments de votre liste. Tout cela, combin\u00e9 \u00e0 des fonctions d&#8217;automatisation marketing, vous fera gagner du temps et des ressources.<\/p>\n\t\t\t<a href=\"https:\/\/ui.benchmarkemail.com\/fr\/register?utm_medium=organic&amp;utm_source=website&amp;utm_campaign=smartcontent_page&amp;utm_content=button_4\" target=\"_self\" rel=\"noopener\">\n\t\t\t\t\t\t\tEssayez Benchmark GRATUITEMENT\n\t\t\t\t\t<\/a>\n\t\t\t\t<img loading=\"lazy\" decoding=\"async\" src=\"https:\/\/www.benchmarkemail.com\/fr\/wp-content\/uploads\/sites\/3\/2023\/08\/Never-run-out-of-fuel-for-your-email-marketing-engine.png\" alt=\"Id\u00e9es de contenu email par IA\" height=\"922\" width=\"1706\" title=\"Never-run-out-of-fuel-for-your-email-marketing-engine\" \/>\n<h3>\n\t\tFaites la diff\u00e9rence avec vos campagnes\n\t<\/h3>\n\t<p>Avec Smart Content, vous pouvez facilement r\u00e9diger des textes pour des tests A\/B, g\u00e9n\u00e9rer du contenu hyper-personnalis\u00e9 ou encore connecter vos id\u00e9es avec votre public. Obtenez des textes uniques, attrayants et bien r\u00e9dig\u00e9s pour vos campagnes d&#8217;email marketing. Le tout en quelques clics et sans quitter l&#8217;\u00e9diteur<\/p>\n\t\t\t<a href=\"https:\/\/ui.benchmarkemail.com\/fr\/register?utm_medium=organic&amp;utm_source=website&amp;utm_campaign=smartcontent_page&amp;utm_content=button_5    \" target=\"_self\" rel=\"noopener\">\n\t\t\t\t\t\t\tEssayez Benchmark GRATUITEMENT\n\t\t\t\t\t<\/a>\n\t\t\t\t<img loading=\"lazy\" decoding=\"async\" src=\"https:\/\/www.benchmarkemail.com\/wp-content\/uploads\/2022\/09\/logo-smart-content-1.png\" alt=\"logo-smart-content\" height=\"380\" width=\"320\" title=\"logo-smart-content\" \/>\n<h3>\n\t\tL&#8217;email marketing est plus simple avec Benchmark Email\n\t<\/h3>\n\t<p>Cr\u00e9ez un compte gratuit et essayez <b>Smart Content<\/b><\/p>\n\t\t\t<a href=\"https:\/\/ui.benchmarkemail.com\/fr\/register?utm_medium=organic&amp;utm_source=website&amp;utm_campaign=smartcontent_page&amp;utm_content=button_bottom \" target=\"_self\" rel=\"noopener\">\n\t\t\t\t\t\t\tINSCRIPTION GRATUITE\n\t\t\t\t\t<\/a>\n\n","protected":false},"excerpt":{"rendered":"<p>L&#8217;intelligence artificielle pour r\u00e9diger vos emails R\u00e9digez le texte de votre prochaine campagne d&#8217;email marketing avec l&#8217;intelligence artificielle Smart Content JE VEUX ESSAYER GRATUITEMENT Un copy frais pour vos campagnes d&#8217;email marketing L&#8217;outil r\u00e9dactionnel dot\u00e9 d&#8217;intelligence artificielle est con\u00e7u pour vous aider \u00e0 cr\u00e9er des textes attrayants, optimis\u00e9s et efficaces. Vous pouvez d\u00e9sormais lib\u00e9rer votre&hellip;<\/p>\n","protected":false},"author":7,"featured_media":34672,"parent":18,"menu_order":0,"comment_status":"closed","ping_status":"closed","template":"","meta":{"inline_featured_image":false,"footnotes":""},"class_list":["post-29772","page","type-page","status-publish","has-post-thumbnail","hentry"],"yoast_head":"<!-- This site is optimized with the Yoast SEO plugin v27.4 - https:\/\/yoast.com\/product\/yoast-seo-wordpress\/ -->\n<title>AI emails - Smart Content - Benchmark Email<\/title>\n<meta name=\"description\" content=\"Smart Content est un outil AI emails qui vous aide \u00e0 r\u00e9diger le texte de vos campagnes email marketing sans quitter l&#039;\u00e9diteur.\" \/>\n<meta name=\"robots\" content=\"index, follow, max-snippet:-1, max-image-preview:large, max-video-preview:-1\" \/>\n<link rel=\"canonical\" href=\"https:\/\/www.benchmarkemail.com\/fr\/features\/smart-content\/\" \/>\n<meta property=\"og:locale\" content=\"en_US\" \/>\n<meta property=\"og:type\" content=\"article\" \/>\n<meta property=\"og:title\" content=\"AI emails - Smart Content - Benchmark Email\" \/>\n<meta property=\"og:description\" content=\"Smart Content est un outil AI emails qui vous aide \u00e0 r\u00e9diger le texte de vos campagnes email marketing sans quitter l&#039;\u00e9diteur.\" \/>\n<meta property=\"og:url\" content=\"https:\/\/www.benchmarkemail.com\/fr\/features\/smart-content\/\" \/>\n<meta property=\"og:site_name\" content=\"Benchmark Email en fran\u00e7ais\" \/>\n<meta property=\"article:publisher\" content=\"https:\/\/www.facebook.com\/BenchmarkEmail\" \/>\n<meta property=\"article:modified_time\" content=\"2023-08-29T10:14:09+00:00\" \/>\n<meta property=\"og:image\" content=\"https:\/\/www.benchmarkemail.com\/fr\/wp-content\/uploads\/sites\/3\/2023\/07\/texte-AI-email.webp\" \/>\n\t<meta property=\"og:image:width\" content=\"1200\" \/>\n\t<meta property=\"og:image:height\" content=\"800\" \/>\n\t<meta property=\"og:image:type\" content=\"image\/webp\" \/>\n<meta name=\"twitter:card\" content=\"summary_large_image\" \/>\n<meta name=\"twitter:site\" content=\"@benchmarkemail\" \/>\n<meta name=\"twitter:label1\" content=\"Est. reading time\" \/>\n\t<meta name=\"twitter:data1\" content=\"3 minutes\" \/>\n<script type=\"application\/ld+json\" class=\"yoast-schema-graph\">{\"@context\":\"https:\\\/\\\/schema.org\",\"@graph\":[{\"@type\":\"WebPage\",\"@id\":\"https:\\\/\\\/www.benchmarkemail.com\\\/fr\\\/features\\\/smart-content\\\/\",\"url\":\"https:\\\/\\\/www.benchmarkemail.com\\\/fr\\\/features\\\/smart-content\\\/\",\"name\":\"AI emails - Smart Content - Benchmark Email\",\"isPartOf\":{\"@id\":\"https:\\\/\\\/www.benchmarkemail.com\\\/fr\\\/#website\"},\"primaryImageOfPage\":{\"@id\":\"https:\\\/\\\/www.benchmarkemail.com\\\/fr\\\/features\\\/smart-content\\\/#primaryimage\"},\"image\":{\"@id\":\"https:\\\/\\\/www.benchmarkemail.com\\\/fr\\\/features\\\/smart-content\\\/#primaryimage\"},\"thumbnailUrl\":\"https:\\\/\\\/www.benchmarkemail.com\\\/fr\\\/wp-content\\\/uploads\\\/sites\\\/3\\\/2023\\\/07\\\/texte-AI-email.webp\",\"datePublished\":\"2022-09-23T10:17:03+00:00\",\"dateModified\":\"2023-08-29T10:14:09+00:00\",\"description\":\"Smart Content est un outil AI emails qui vous aide \u00e0 r\u00e9diger le texte de vos campagnes email marketing sans quitter l'\u00e9diteur.\",\"breadcrumb\":{\"@id\":\"https:\\\/\\\/www.benchmarkemail.com\\\/fr\\\/features\\\/smart-content\\\/#breadcrumb\"},\"inLanguage\":\"en-US\",\"potentialAction\":[{\"@type\":\"ReadAction\",\"target\":[\"https:\\\/\\\/www.benchmarkemail.com\\\/fr\\\/features\\\/smart-content\\\/\"]}]},{\"@type\":\"ImageObject\",\"inLanguage\":\"en-US\",\"@id\":\"https:\\\/\\\/www.benchmarkemail.com\\\/fr\\\/features\\\/smart-content\\\/#primaryimage\",\"url\":\"https:\\\/\\\/www.benchmarkemail.com\\\/fr\\\/wp-content\\\/uploads\\\/sites\\\/3\\\/2023\\\/07\\\/texte-AI-email.webp\",\"contentUrl\":\"https:\\\/\\\/www.benchmarkemail.com\\\/fr\\\/wp-content\\\/uploads\\\/sites\\\/3\\\/2023\\\/07\\\/texte-AI-email.webp\",\"width\":1200,\"height\":800},{\"@type\":\"BreadcrumbList\",\"@id\":\"https:\\\/\\\/www.benchmarkemail.com\\\/fr\\\/features\\\/smart-content\\\/#breadcrumb\",\"itemListElement\":[{\"@type\":\"ListItem\",\"position\":1,\"name\":\"Home\",\"item\":\"https:\\\/\\\/www.benchmarkemail.com\\\/fr\\\/\"},{\"@type\":\"ListItem\",\"position\":2,\"name\":\"Features\",\"item\":\"https:\\\/\\\/www.benchmarkemail.com\\\/fr\\\/features\\\/\"},{\"@type\":\"ListItem\",\"position\":3,\"name\":\"Smart Content &#8211; Benchmark Email\"}]},{\"@type\":\"WebSite\",\"@id\":\"https:\\\/\\\/www.benchmarkemail.com\\\/fr\\\/#website\",\"url\":\"https:\\\/\\\/www.benchmarkemail.com\\\/fr\\\/\",\"name\":\"Benchmark Email en fran\u00e7ais\",\"description\":\"Outil de marketing digital. D\u00e9couvrez ou approfondissez vos connaissances en email marketing, automatisations, captation de prospects... et bien plus encore !\",\"publisher\":{\"@id\":\"https:\\\/\\\/www.benchmarkemail.com\\\/fr\\\/#organization\"},\"potentialAction\":[{\"@type\":\"SearchAction\",\"target\":{\"@type\":\"EntryPoint\",\"urlTemplate\":\"https:\\\/\\\/www.benchmarkemail.com\\\/fr\\\/?s={search_term_string}\"},\"query-input\":{\"@type\":\"PropertyValueSpecification\",\"valueRequired\":true,\"valueName\":\"search_term_string\"}}],\"inLanguage\":\"en-US\"},{\"@type\":\"Organization\",\"@id\":\"https:\\\/\\\/www.benchmarkemail.com\\\/fr\\\/#organization\",\"name\":\"Benchmark Internet Group, LLC\",\"url\":\"https:\\\/\\\/www.benchmarkemail.com\\\/fr\\\/\",\"logo\":{\"@type\":\"ImageObject\",\"inLanguage\":\"en-US\",\"@id\":\"https:\\\/\\\/www.benchmarkemail.com\\\/fr\\\/#\\\/schema\\\/logo\\\/image\\\/\",\"url\":\"https:\\\/\\\/www.benchmarkemail.com\\\/fr\\\/wp-content\\\/uploads\\\/sites\\\/3\\\/2019\\\/09\\\/benchmark-logo.svg\",\"contentUrl\":\"https:\\\/\\\/www.benchmarkemail.com\\\/fr\\\/wp-content\\\/uploads\\\/sites\\\/3\\\/2019\\\/09\\\/benchmark-logo.svg\",\"width\":1,\"height\":1,\"caption\":\"Benchmark Internet Group, LLC\"},\"image\":{\"@id\":\"https:\\\/\\\/www.benchmarkemail.com\\\/fr\\\/#\\\/schema\\\/logo\\\/image\\\/\"},\"sameAs\":[\"https:\\\/\\\/www.facebook.com\\\/BenchmarkEmail\",\"https:\\\/\\\/x.com\\\/benchmarkemail\",\"https:\\\/\\\/www.instagram.com\\\/benchmarkemail\\\/\",\"https:\\\/\\\/www.linkedin.com\\\/company\\\/benchmark-email\\\/\",\"https:\\\/\\\/www.youtube.com\\\/channel\\\/UCEQOJxM8HtdJpjkE1HO6L6Q\"]}]}<\/script>\n<!-- \/ Yoast SEO plugin. -->","yoast_head_json":{"title":"AI emails - Smart Content - Benchmark Email","description":"Smart Content est un outil AI emails qui vous aide \u00e0 r\u00e9diger le texte de vos campagnes email marketing sans quitter l'\u00e9diteur.","robots":{"index":"index","follow":"follow","max-snippet":"max-snippet:-1","max-image-preview":"max-image-preview:large","max-video-preview":"max-video-preview:-1"},"canonical":"https:\/\/www.benchmarkemail.com\/fr\/features\/smart-content\/","og_locale":"en_US","og_type":"article","og_title":"AI emails - Smart Content - Benchmark Email","og_description":"Smart Content est un outil AI emails qui vous aide \u00e0 r\u00e9diger le texte de vos campagnes email marketing sans quitter l'\u00e9diteur.","og_url":"https:\/\/www.benchmarkemail.com\/fr\/features\/smart-content\/","og_site_name":"Benchmark Email en fran\u00e7ais","article_publisher":"https:\/\/www.facebook.com\/BenchmarkEmail","article_modified_time":"2023-08-29T10:14:09+00:00","og_image":[{"width":1200,"height":800,"url":"https:\/\/www.benchmarkemail.com\/fr\/wp-content\/uploads\/sites\/3\/2023\/07\/texte-AI-email.webp","type":"image\/webp"}],"twitter_card":"summary_large_image","twitter_site":"@benchmarkemail","twitter_misc":{"Est. reading time":"3 minutes"},"schema":{"@context":"https:\/\/schema.org","@graph":[{"@type":"WebPage","@id":"https:\/\/www.benchmarkemail.com\/fr\/features\/smart-content\/","url":"https:\/\/www.benchmarkemail.com\/fr\/features\/smart-content\/","name":"AI emails - Smart Content - Benchmark Email","isPartOf":{"@id":"https:\/\/www.benchmarkemail.com\/fr\/#website"},"primaryImageOfPage":{"@id":"https:\/\/www.benchmarkemail.com\/fr\/features\/smart-content\/#primaryimage"},"image":{"@id":"https:\/\/www.benchmarkemail.com\/fr\/features\/smart-content\/#primaryimage"},"thumbnailUrl":"https:\/\/www.benchmarkemail.com\/fr\/wp-content\/uploads\/sites\/3\/2023\/07\/texte-AI-email.webp","datePublished":"2022-09-23T10:17:03+00:00","dateModified":"2023-08-29T10:14:09+00:00","description":"Smart Content est un outil AI emails qui vous aide \u00e0 r\u00e9diger le texte de vos campagnes email marketing sans quitter l'\u00e9diteur.","breadcrumb":{"@id":"https:\/\/www.benchmarkemail.com\/fr\/features\/smart-content\/#breadcrumb"},"inLanguage":"en-US","potentialAction":[{"@type":"ReadAction","target":["https:\/\/www.benchmarkemail.com\/fr\/features\/smart-content\/"]}]},{"@type":"ImageObject","inLanguage":"en-US","@id":"https:\/\/www.benchmarkemail.com\/fr\/features\/smart-content\/#primaryimage","url":"https:\/\/www.benchmarkemail.com\/fr\/wp-content\/uploads\/sites\/3\/2023\/07\/texte-AI-email.webp","contentUrl":"https:\/\/www.benchmarkemail.com\/fr\/wp-content\/uploads\/sites\/3\/2023\/07\/texte-AI-email.webp","width":1200,"height":800},{"@type":"BreadcrumbList","@id":"https:\/\/www.benchmarkemail.com\/fr\/features\/smart-content\/#breadcrumb","itemListElement":[{"@type":"ListItem","position":1,"name":"Home","item":"https:\/\/www.benchmarkemail.com\/fr\/"},{"@type":"ListItem","position":2,"name":"Features","item":"https:\/\/www.benchmarkemail.com\/fr\/features\/"},{"@type":"ListItem","position":3,"name":"Smart Content &#8211; Benchmark Email"}]},{"@type":"WebSite","@id":"https:\/\/www.benchmarkemail.com\/fr\/#website","url":"https:\/\/www.benchmarkemail.com\/fr\/","name":"Benchmark Email en fran\u00e7ais","description":"Outil de marketing digital. D\u00e9couvrez ou approfondissez vos connaissances en email marketing, automatisations, captation de prospects... et bien plus encore !","publisher":{"@id":"https:\/\/www.benchmarkemail.com\/fr\/#organization"},"potentialAction":[{"@type":"SearchAction","target":{"@type":"EntryPoint","urlTemplate":"https:\/\/www.benchmarkemail.com\/fr\/?s={search_term_string}"},"query-input":{"@type":"PropertyValueSpecification","valueRequired":true,"valueName":"search_term_string"}}],"inLanguage":"en-US"},{"@type":"Organization","@id":"https:\/\/www.benchmarkemail.com\/fr\/#organization","name":"Benchmark Internet Group, LLC","url":"https:\/\/www.benchmarkemail.com\/fr\/","logo":{"@type":"ImageObject","inLanguage":"en-US","@id":"https:\/\/www.benchmarkemail.com\/fr\/#\/schema\/logo\/image\/","url":"https:\/\/www.benchmarkemail.com\/fr\/wp-content\/uploads\/sites\/3\/2019\/09\/benchmark-logo.svg","contentUrl":"https:\/\/www.benchmarkemail.com\/fr\/wp-content\/uploads\/sites\/3\/2019\/09\/benchmark-logo.svg","width":1,"height":1,"caption":"Benchmark Internet Group, LLC"},"image":{"@id":"https:\/\/www.benchmarkemail.com\/fr\/#\/schema\/logo\/image\/"},"sameAs":["https:\/\/www.facebook.com\/BenchmarkEmail","https:\/\/x.com\/benchmarkemail","https:\/\/www.instagram.com\/benchmarkemail\/","https:\/\/www.linkedin.com\/company\/benchmark-email\/","https:\/\/www.youtube.com\/channel\/UCEQOJxM8HtdJpjkE1HO6L6Q"]}]}},"_links":{"self":[{"href":"https:\/\/www.benchmarkemail.com\/fr\/wp-json\/wp\/v2\/pages\/29772","targetHints":{"allow":["GET"]}}],"collection":[{"href":"https:\/\/www.benchmarkemail.com\/fr\/wp-json\/wp\/v2\/pages"}],"about":[{"href":"https:\/\/www.benchmarkemail.com\/fr\/wp-json\/wp\/v2\/types\/page"}],"author":[{"embeddable":true,"href":"https:\/\/www.benchmarkemail.com\/fr\/wp-json\/wp\/v2\/users\/7"}],"replies":[{"embeddable":true,"href":"https:\/\/www.benchmarkemail.com\/fr\/wp-json\/wp\/v2\/comments?post=29772"}],"version-history":[{"count":0,"href":"https:\/\/www.benchmarkemail.com\/fr\/wp-json\/wp\/v2\/pages\/29772\/revisions"}],"up":[{"embeddable":true,"href":"https:\/\/www.benchmarkemail.com\/fr\/wp-json\/wp\/v2\/pages\/18"}],"wp:featuredmedia":[{"embeddable":true,"href":"https:\/\/www.benchmarkemail.com\/fr\/wp-json\/wp\/v2\/media\/34672"}],"wp:attachment":[{"href":"https:\/\/www.benchmarkemail.com\/fr\/wp-json\/wp\/v2\/media?parent=29772"}],"curies":[{"name":"wp","href":"https:\/\/api.w.org\/{rel}","templated":true}]}}