{"id":29840,"date":"2022-10-12T16:53:54","date_gmt":"2022-10-12T16:53:54","guid":{"rendered":"https:\/\/benchmarkemail.wpengine.com\/fr\/?page_id=29840"},"modified":"2022-10-12T16:53:54","modified_gmt":"2022-10-12T16:53:54","slug":"shopify-email-integration","status":"publish","type":"page","link":"https:\/\/www.benchmarkemail.com\/fr\/features\/integrations\/shopify-email-integration\/","title":{"rendered":"Shopify"},"content":{"rendered":"\n<h1>\n\t\tBenchmark Email&#8217;s Shopify Integration\n\t<\/h1>\n\t<p>Vous cherchez un moyen efficace de vendre davantage de vos produits\/services Shopify ? Envoyez des emails cibl\u00e9s \u00e0 vos clients Shopify et mettez vos produits en valeur gr\u00e2ce aux <a href=\"https:\/\/kb.benchmarkemail.com\/fr\/integrer-benchmark-shopify\/\">int\u00e9grations Shopify <\/a>de Benchmark Email.<\/p>\n<p>Il n&#8217;a jamais \u00e9t\u00e9 aussi facile de rester dans les esprits de vos clients, de vendre plus et plus fr\u00e9quemment.<\/p>\n<h2>\n\t\tAjoutez facilement vos contacts Shopify \u00e0 Benchmark Email via Shopify Sync\n\t<\/h2>\n\t<p>Ne serait-ce pas formidable si votre canal d&#8217;email marketing se synchronisait comme par magie avec votre boutique Shopify ? C&#8217;est d\u00e9sormais possible.<\/p>\n<p>Synchronisez n&#8217;importe quel segment de clients de votre compte Shopify avec une liste Benchmark Email. \u00c0 mesure que vos segments de clients Shopify se d\u00e9veloppent, vos contacts sont automatiquement ajout\u00e9s \u00e0 votre compte Benchmark Email. Ainsi, tous vos contacts importants se trouvent au m\u00eame endroit, sans qu&#8217;il soit n\u00e9cessaire de les mettre \u00e0 jour manuellement.\u00a0<\/p>\n<p>Pr\u00eat \u00e0 commencer ? D\u00e9couvrez comment synchroniser vos segments de clients Shopify avec vos listes Benchmark Email dans <a href=\"https:\/\/kb.benchmarkemail.com\/fr\/integrer-benchmark-shopify\/\">l&#8217;article d&#8217;aide Shopify Sync.<\/a>.<\/p>\n<h2>\n\t\tMettez en valeur vos produits Shopify gr\u00e2ce \u00e0 l&#8217;Email Marketing\n\t<\/h2>\n\t<p>Le <a href=\"https:\/\/kb.benchmarkemail.com\/fr\/integrer-benchmark-shopify\/#bloc-produit\"> Bloc Produit Shopify<\/a>  vous permet de glisser\/d\u00e9poser vos listings de produits Shopify dans vos emails, ce qui permet de maximiser leur exposition aupr\u00e8s de votre public &#8211; \u00e0 chaque envoi !\u00a0<\/p>\n<p>Il faut simplement connecter votre boutique Shopify \u00e0 Benchmark Email pour inclure vos produits directement dans vos emails. Cr\u00e9ez des emails professionnels et accrocheurs pour vendre vos produits en quelques \u00e9tapes seulement.<\/p>\n<p>D\u00e9couvrez comment ajouter vos produits Shopify \u00e0 vos emails Benchmark dans l&#8217;article <a href=\"https:\/\/kb.benchmarkemail.com\/fr\/integrer-benchmark-shopify\/#bloc-produit\">d&#8217;aide du Bloc Produit Shopify.<\/a>.<\/p>\n<h2>\n\t\tIl est simple de vendre plus avec Shopify Sync + Bloc Produit Shopify\n\t<\/h2>\n\t<p>Les bons outils peuvent vous aider \u00e0 mieux faire conna\u00eetre vos produits et services. Restez focus sur l&#8217;exp\u00e9rience client et laissez l&#8217;int\u00e9gration Shopify de Benchmark s&#8217;occuper de la captation et de la fid\u00e9lisation de vos clients.<\/p>\n<h3>\n\t\tD\u00e9veloppez votre Notori\u00e9t\u00e9 et Fid\u00e9lisez vos Clients\n\t<\/h3>\n\t<p>En tant qu&#8217;entrepreneur, vous savez que la croissance de votre entreprise d\u00e9pend de vos acheteurs. Votre marque doit \u00eatre pr\u00e9sente dans leur esprit afin d&#8217;\u00e9tablir un lien de confiance et de fiabilit\u00e9. Avec Shopify Sync, vous pouvez \u00eatre s\u00fbr que tous vos clients recevront votre newsletter mensuelle ou d&#8217;autres informations cibl\u00e9es, ce qui permettra d&#8217;\u00e9tablir une relation de confiance avec votre marque. Ainsi, lorsque vos clients seront pr\u00eats \u00e0 acheter, vous pouvez \u00eatre s\u00fbr que vous serez leur entreprise de r\u00e9f\u00e9rence.<\/p>\n<h3>\n\t\tMaximisez le Retour sur Investissement Marketing\n\t<\/h3>\n\t<p>En utilisant efficacement l&#8217;automatisation du marketing, vous pouvez gagner <a href=\"https:\/\/nucleusresearch.com\/research\/single\/marketing-automation-returns-5-44-for-every-dollar-spent\/\">5,44$ pour chaque dollar d\u00e9pens\u00e9<\/a>. Associez Shopify \u00e0 Automatisation Pro de Benchmark Email, et vous atteindrez vos objectifs de vente en un rien de temps. Avec <a href=\"https:\/\/www.benchmarkemail.com\/fr\/features\/marketing-automation\/\">Automatisation Pro<\/a>, vous pouvez envoyer automatiquement des emails personnalis\u00e9s fournissant des informations utiles et au bon moment \u00e0 vos clients, vous permettant ainsi de pouvoir vous consacrer \u00e0 d&#8217;autres t\u00e2ches importantes pour votre entreprise.<\/p>\n<h3>\n\t\tFaites Conna\u00eetre vos Produits \u00e0 un Public plus Large\n\t<\/h3>\n\t<p>Vous lancez un nouveau produit et vous savez que votre public va l&#8217;adorer ? Le Bloc Produit Shopify vous permet d&#8217;ajouter facilement tout produit que vous souhaitez mettre en avant dans vos campagnes emailing. Vos produits b\u00e9n\u00e9ficieront d&#8217;une exposition suppl\u00e9mentaire, et vos abonn\u00e9s resteront engag\u00e9s, enthousiastes et \u00e0 l&#8217;aff\u00fbt des nouveaut\u00e9s qui se profilent \u00e0 l&#8217;horizon.\u00a0\u00a0<\/p>\n<p>Pr\u00eat \u00e0 tirer parti de l&#8217;email marketing pour faire passer vos ventes Shopify au niveau sup\u00e9rieur ? Il est tr\u00e8s facile de configurer Shopify Sync et d&#8217;ajouter des produits \u00e0 vos emails. D\u00e9couvrez comment dans notre <a href=\"https:\/\/kb.benchmarkemail.com\/fr\/integrer-benchmark-shopify\/\"> article d&#8217;aide sur l&#8217;int\u00e9gration de Shopify.<\/a><\/p>\n\t\t\t\t<img decoding=\"async\" src=\"https:\/\/www.benchmarkemail.com\/wp-content\/uploads\/2019\/11\/Shopify.png\" alt=\"Shopify\" itemprop=\"image\" title=\"Shopify\" onerror=\"this.style.display='none'\"  \/>\n\t\t\t<a href=\"https:\/\/kb.benchmarkemail.com\/en\/integrate-benchmark-shopify\/\" target=\"_self\" role=\"button\" rel=\"noopener\">\n\t\t\t\t\t\t\tConnectez-vous d\u00e8s aujourd&#8217;hui\n\t\t\t\t\t<\/a>\n\n","protected":false},"excerpt":{"rendered":"<p>Benchmark Email&#8217;s Shopify Integration Vous cherchez un moyen efficace de vendre davantage de vos produits\/services Shopify ? Envoyez des emails cibl\u00e9s \u00e0 vos clients Shopify et mettez vos produits en valeur gr\u00e2ce aux int\u00e9grations Shopify de Benchmark Email. Il n&#8217;a jamais \u00e9t\u00e9 aussi facile de rester dans les esprits de vos clients, de vendre plus&hellip;<\/p>\n","protected":false},"author":7,"featured_media":0,"parent":28,"menu_order":0,"comment_status":"closed","ping_status":"closed","template":"","meta":{"inline_featured_image":false,"footnotes":""},"class_list":["post-29840","page","type-page","status-publish","hentry"],"yoast_head":"<!-- This site is optimized with the Yoast SEO plugin v27.3 - https:\/\/yoast.com\/product\/yoast-seo-wordpress\/ -->\n<title>Shopify - Benchmark Email<\/title>\n<meta name=\"description\" content=\"Benchmark Email&#039;s Shopify Integration Vous cherchez un moyen efficace de vendre davantage de vos produits\/services Shopify ? Envoyez des emails cibl\u00e9s \u00e0\" \/>\n<meta name=\"robots\" content=\"index, follow, max-snippet:-1, max-image-preview:large, max-video-preview:-1\" \/>\n<link rel=\"canonical\" href=\"https:\/\/www.benchmarkemail.com\/fr\/features\/integrations\/shopify-email-integration\/\" \/>\n<meta property=\"og:locale\" content=\"en_US\" \/>\n<meta property=\"og:type\" content=\"article\" \/>\n<meta property=\"og:title\" content=\"Shopify - Benchmark Email\" \/>\n<meta property=\"og:description\" content=\"Benchmark Email&#039;s Shopify Integration Vous cherchez un moyen efficace de vendre davantage de vos produits\/services Shopify ? Envoyez des emails cibl\u00e9s \u00e0\" \/>\n<meta property=\"og:url\" content=\"https:\/\/www.benchmarkemail.com\/fr\/features\/integrations\/shopify-email-integration\/\" \/>\n<meta property=\"og:site_name\" content=\"Benchmark Email en fran\u00e7ais\" \/>\n<meta property=\"article:publisher\" content=\"https:\/\/www.facebook.com\/BenchmarkEmail\" \/>\n<meta property=\"og:image\" content=\"https:\/\/www.benchmarkemail.com\/wp-content\/uploads\/2019\/11\/Shopify.png\" \/>\n<meta name=\"twitter:card\" content=\"summary_large_image\" \/>\n<meta name=\"twitter:site\" content=\"@benchmarkemail\" \/>\n<script type=\"application\/ld+json\" class=\"yoast-schema-graph\">{\"@context\":\"https:\\\/\\\/schema.org\",\"@graph\":[{\"@type\":\"WebPage\",\"@id\":\"https:\\\/\\\/www.benchmarkemail.com\\\/fr\\\/features\\\/integrations\\\/shopify-email-integration\\\/\",\"url\":\"https:\\\/\\\/www.benchmarkemail.com\\\/fr\\\/features\\\/integrations\\\/shopify-email-integration\\\/\",\"name\":\"Shopify - Benchmark Email\",\"isPartOf\":{\"@id\":\"https:\\\/\\\/www.benchmarkemail.com\\\/fr\\\/#website\"},\"primaryImageOfPage\":{\"@id\":\"https:\\\/\\\/www.benchmarkemail.com\\\/fr\\\/features\\\/integrations\\\/shopify-email-integration\\\/#primaryimage\"},\"image\":{\"@id\":\"https:\\\/\\\/www.benchmarkemail.com\\\/fr\\\/features\\\/integrations\\\/shopify-email-integration\\\/#primaryimage\"},\"thumbnailUrl\":\"https:\\\/\\\/www.benchmarkemail.com\\\/wp-content\\\/uploads\\\/2019\\\/11\\\/Shopify.png\",\"datePublished\":\"2022-10-12T16:53:54+00:00\",\"description\":\"Benchmark Email's Shopify Integration Vous cherchez un moyen efficace de vendre davantage de vos produits\\\/services Shopify ? Envoyez des emails cibl\u00e9s \u00e0\",\"breadcrumb\":{\"@id\":\"https:\\\/\\\/www.benchmarkemail.com\\\/fr\\\/features\\\/integrations\\\/shopify-email-integration\\\/#breadcrumb\"},\"inLanguage\":\"en-US\",\"potentialAction\":[{\"@type\":\"ReadAction\",\"target\":[\"https:\\\/\\\/www.benchmarkemail.com\\\/fr\\\/features\\\/integrations\\\/shopify-email-integration\\\/\"]}]},{\"@type\":\"ImageObject\",\"inLanguage\":\"en-US\",\"@id\":\"https:\\\/\\\/www.benchmarkemail.com\\\/fr\\\/features\\\/integrations\\\/shopify-email-integration\\\/#primaryimage\",\"url\":\"https:\\\/\\\/www.benchmarkemail.com\\\/wp-content\\\/uploads\\\/2019\\\/11\\\/Shopify.png\",\"contentUrl\":\"https:\\\/\\\/www.benchmarkemail.com\\\/wp-content\\\/uploads\\\/2019\\\/11\\\/Shopify.png\"},{\"@type\":\"BreadcrumbList\",\"@id\":\"https:\\\/\\\/www.benchmarkemail.com\\\/fr\\\/features\\\/integrations\\\/shopify-email-integration\\\/#breadcrumb\",\"itemListElement\":[{\"@type\":\"ListItem\",\"position\":1,\"name\":\"Home\",\"item\":\"https:\\\/\\\/www.benchmarkemail.com\\\/fr\\\/\"},{\"@type\":\"ListItem\",\"position\":2,\"name\":\"Features\",\"item\":\"https:\\\/\\\/www.benchmarkemail.com\\\/fr\\\/features\\\/\"},{\"@type\":\"ListItem\",\"position\":3,\"name\":\"Integrations\",\"item\":\"https:\\\/\\\/www.benchmarkemail.com\\\/fr\\\/features\\\/integrations\\\/\"},{\"@type\":\"ListItem\",\"position\":4,\"name\":\"Shopify\"}]},{\"@type\":\"WebSite\",\"@id\":\"https:\\\/\\\/www.benchmarkemail.com\\\/fr\\\/#website\",\"url\":\"https:\\\/\\\/www.benchmarkemail.com\\\/fr\\\/\",\"name\":\"Benchmark Email en fran\u00e7ais\",\"description\":\"Outil de marketing digital. D\u00e9couvrez ou approfondissez vos connaissances en email marketing, automatisations, captation de prospects... et bien plus encore !\",\"publisher\":{\"@id\":\"https:\\\/\\\/www.benchmarkemail.com\\\/fr\\\/#organization\"},\"potentialAction\":[{\"@type\":\"SearchAction\",\"target\":{\"@type\":\"EntryPoint\",\"urlTemplate\":\"https:\\\/\\\/www.benchmarkemail.com\\\/fr\\\/?s={search_term_string}\"},\"query-input\":{\"@type\":\"PropertyValueSpecification\",\"valueRequired\":true,\"valueName\":\"search_term_string\"}}],\"inLanguage\":\"en-US\"},{\"@type\":\"Organization\",\"@id\":\"https:\\\/\\\/www.benchmarkemail.com\\\/fr\\\/#organization\",\"name\":\"Benchmark Internet Group, LLC\",\"url\":\"https:\\\/\\\/www.benchmarkemail.com\\\/fr\\\/\",\"logo\":{\"@type\":\"ImageObject\",\"inLanguage\":\"en-US\",\"@id\":\"https:\\\/\\\/www.benchmarkemail.com\\\/fr\\\/#\\\/schema\\\/logo\\\/image\\\/\",\"url\":\"https:\\\/\\\/www.benchmarkemail.com\\\/fr\\\/wp-content\\\/uploads\\\/sites\\\/3\\\/2019\\\/09\\\/benchmark-logo.svg\",\"contentUrl\":\"https:\\\/\\\/www.benchmarkemail.com\\\/fr\\\/wp-content\\\/uploads\\\/sites\\\/3\\\/2019\\\/09\\\/benchmark-logo.svg\",\"width\":1,\"height\":1,\"caption\":\"Benchmark Internet Group, LLC\"},\"image\":{\"@id\":\"https:\\\/\\\/www.benchmarkemail.com\\\/fr\\\/#\\\/schema\\\/logo\\\/image\\\/\"},\"sameAs\":[\"https:\\\/\\\/www.facebook.com\\\/BenchmarkEmail\",\"https:\\\/\\\/x.com\\\/benchmarkemail\",\"https:\\\/\\\/www.instagram.com\\\/benchmarkemail\\\/\",\"https:\\\/\\\/www.linkedin.com\\\/company\\\/benchmark-email\\\/\",\"https:\\\/\\\/www.youtube.com\\\/channel\\\/UCEQOJxM8HtdJpjkE1HO6L6Q\"]}]}<\/script>\n<!-- \/ Yoast SEO plugin. -->","yoast_head_json":{"title":"Shopify - Benchmark Email","description":"Benchmark Email's Shopify Integration Vous cherchez un moyen efficace de vendre davantage de vos produits\/services Shopify ? Envoyez des emails cibl\u00e9s \u00e0","robots":{"index":"index","follow":"follow","max-snippet":"max-snippet:-1","max-image-preview":"max-image-preview:large","max-video-preview":"max-video-preview:-1"},"canonical":"https:\/\/www.benchmarkemail.com\/fr\/features\/integrations\/shopify-email-integration\/","og_locale":"en_US","og_type":"article","og_title":"Shopify - Benchmark Email","og_description":"Benchmark Email's Shopify Integration Vous cherchez un moyen efficace de vendre davantage de vos produits\/services Shopify ? Envoyez des emails cibl\u00e9s \u00e0","og_url":"https:\/\/www.benchmarkemail.com\/fr\/features\/integrations\/shopify-email-integration\/","og_site_name":"Benchmark Email en fran\u00e7ais","article_publisher":"https:\/\/www.facebook.com\/BenchmarkEmail","og_image":[{"url":"https:\/\/www.benchmarkemail.com\/wp-content\/uploads\/2019\/11\/Shopify.png","type":"","width":"","height":""}],"twitter_card":"summary_large_image","twitter_site":"@benchmarkemail","schema":{"@context":"https:\/\/schema.org","@graph":[{"@type":"WebPage","@id":"https:\/\/www.benchmarkemail.com\/fr\/features\/integrations\/shopify-email-integration\/","url":"https:\/\/www.benchmarkemail.com\/fr\/features\/integrations\/shopify-email-integration\/","name":"Shopify - Benchmark Email","isPartOf":{"@id":"https:\/\/www.benchmarkemail.com\/fr\/#website"},"primaryImageOfPage":{"@id":"https:\/\/www.benchmarkemail.com\/fr\/features\/integrations\/shopify-email-integration\/#primaryimage"},"image":{"@id":"https:\/\/www.benchmarkemail.com\/fr\/features\/integrations\/shopify-email-integration\/#primaryimage"},"thumbnailUrl":"https:\/\/www.benchmarkemail.com\/wp-content\/uploads\/2019\/11\/Shopify.png","datePublished":"2022-10-12T16:53:54+00:00","description":"Benchmark Email's Shopify Integration Vous cherchez un moyen efficace de vendre davantage de vos produits\/services Shopify ? Envoyez des emails cibl\u00e9s \u00e0","breadcrumb":{"@id":"https:\/\/www.benchmarkemail.com\/fr\/features\/integrations\/shopify-email-integration\/#breadcrumb"},"inLanguage":"en-US","potentialAction":[{"@type":"ReadAction","target":["https:\/\/www.benchmarkemail.com\/fr\/features\/integrations\/shopify-email-integration\/"]}]},{"@type":"ImageObject","inLanguage":"en-US","@id":"https:\/\/www.benchmarkemail.com\/fr\/features\/integrations\/shopify-email-integration\/#primaryimage","url":"https:\/\/www.benchmarkemail.com\/wp-content\/uploads\/2019\/11\/Shopify.png","contentUrl":"https:\/\/www.benchmarkemail.com\/wp-content\/uploads\/2019\/11\/Shopify.png"},{"@type":"BreadcrumbList","@id":"https:\/\/www.benchmarkemail.com\/fr\/features\/integrations\/shopify-email-integration\/#breadcrumb","itemListElement":[{"@type":"ListItem","position":1,"name":"Home","item":"https:\/\/www.benchmarkemail.com\/fr\/"},{"@type":"ListItem","position":2,"name":"Features","item":"https:\/\/www.benchmarkemail.com\/fr\/features\/"},{"@type":"ListItem","position":3,"name":"Integrations","item":"https:\/\/www.benchmarkemail.com\/fr\/features\/integrations\/"},{"@type":"ListItem","position":4,"name":"Shopify"}]},{"@type":"WebSite","@id":"https:\/\/www.benchmarkemail.com\/fr\/#website","url":"https:\/\/www.benchmarkemail.com\/fr\/","name":"Benchmark Email en fran\u00e7ais","description":"Outil de marketing digital. D\u00e9couvrez ou approfondissez vos connaissances en email marketing, automatisations, captation de prospects... et bien plus encore !","publisher":{"@id":"https:\/\/www.benchmarkemail.com\/fr\/#organization"},"potentialAction":[{"@type":"SearchAction","target":{"@type":"EntryPoint","urlTemplate":"https:\/\/www.benchmarkemail.com\/fr\/?s={search_term_string}"},"query-input":{"@type":"PropertyValueSpecification","valueRequired":true,"valueName":"search_term_string"}}],"inLanguage":"en-US"},{"@type":"Organization","@id":"https:\/\/www.benchmarkemail.com\/fr\/#organization","name":"Benchmark Internet Group, LLC","url":"https:\/\/www.benchmarkemail.com\/fr\/","logo":{"@type":"ImageObject","inLanguage":"en-US","@id":"https:\/\/www.benchmarkemail.com\/fr\/#\/schema\/logo\/image\/","url":"https:\/\/www.benchmarkemail.com\/fr\/wp-content\/uploads\/sites\/3\/2019\/09\/benchmark-logo.svg","contentUrl":"https:\/\/www.benchmarkemail.com\/fr\/wp-content\/uploads\/sites\/3\/2019\/09\/benchmark-logo.svg","width":1,"height":1,"caption":"Benchmark Internet Group, LLC"},"image":{"@id":"https:\/\/www.benchmarkemail.com\/fr\/#\/schema\/logo\/image\/"},"sameAs":["https:\/\/www.facebook.com\/BenchmarkEmail","https:\/\/x.com\/benchmarkemail","https:\/\/www.instagram.com\/benchmarkemail\/","https:\/\/www.linkedin.com\/company\/benchmark-email\/","https:\/\/www.youtube.com\/channel\/UCEQOJxM8HtdJpjkE1HO6L6Q"]}]}},"_links":{"self":[{"href":"https:\/\/www.benchmarkemail.com\/fr\/wp-json\/wp\/v2\/pages\/29840","targetHints":{"allow":["GET"]}}],"collection":[{"href":"https:\/\/www.benchmarkemail.com\/fr\/wp-json\/wp\/v2\/pages"}],"about":[{"href":"https:\/\/www.benchmarkemail.com\/fr\/wp-json\/wp\/v2\/types\/page"}],"author":[{"embeddable":true,"href":"https:\/\/www.benchmarkemail.com\/fr\/wp-json\/wp\/v2\/users\/7"}],"replies":[{"embeddable":true,"href":"https:\/\/www.benchmarkemail.com\/fr\/wp-json\/wp\/v2\/comments?post=29840"}],"version-history":[{"count":0,"href":"https:\/\/www.benchmarkemail.com\/fr\/wp-json\/wp\/v2\/pages\/29840\/revisions"}],"up":[{"embeddable":true,"href":"https:\/\/www.benchmarkemail.com\/fr\/wp-json\/wp\/v2\/pages\/28"}],"wp:attachment":[{"href":"https:\/\/www.benchmarkemail.com\/fr\/wp-json\/wp\/v2\/media?parent=29840"}],"curies":[{"name":"wp","href":"https:\/\/api.w.org\/{rel}","templated":true}]}}