{"id":33671,"date":"2023-03-21T13:49:02","date_gmt":"2023-03-21T13:49:02","guid":{"rendered":"https:\/\/benchmarkemail.wpengine.com\/fr\/?page_id=33671"},"modified":"2023-06-07T11:17:33","modified_gmt":"2023-06-07T11:17:33","slug":"high-volume-email","status":"publish","type":"page","link":"https:\/\/www.benchmarkemail.com\/fr\/high-volume-email\/","title":{"rendered":"High Volume Email Solutions"},"content":{"rendered":"\n<h2>\n\t\tEnvoyez \u00e0 grande \u00e9chelle &#8211; Sans compromis\n\t<\/h2>\n<h3>\n\t\tSolutions Email pour Gros Volumes de Benchmark Email\n\t<\/h3>\n\t\t\t<a href=\"\/fr\/sender-pricing\/\" target=\"_self\" rel=\"noopener\">\n\t\t\t\t\t\t\tVOIR LES PRIX\n\t\t\t\t\t<\/a>\n\t<p>Besoin d&#8217;un plan sp\u00e9cial ? <a href=\"https:\/\/www.benchmarkemail.com\/fr\/landing-pages\/enterprise-pricing-request\/\"> Chattez avec le service commercial<\/a><\/p>\n\t\t\t\t<img loading=\"lazy\" decoding=\"async\" src=\"https:\/\/www.benchmarkemail.com\/fr\/wp-content\/uploads\/sites\/3\/2023\/03\/header-hero-image-send-at-scale-min.webp\" alt=\"personne \u00e9valuant la r\u00e9putation en email marketing\" itemprop=\"image\" height=\"1002\" width=\"1164\" title=\"header-hero-image-send-at-scale-min\" onerror=\"this.style.display='none'\"  \/>\n\t<p>Les plus grandes marques mondiales confient leur email \u00e0 Benchmark<\/p>\n\t\t\t\t<img loading=\"lazy\" decoding=\"async\" src=\"https:\/\/www.benchmarkemail.com\/fr\/wp-content\/uploads\/sites\/3\/2023\/03\/haymarket-logo.png\" alt=\"Logo Haymarket\" itemprop=\"image\" height=\"70\" width=\"326\" title=\"haymarket-logo\" onerror=\"this.style.display='none'\"  \/>\n\t\t\t\t<img loading=\"lazy\" decoding=\"async\" src=\"https:\/\/www.benchmarkemail.com\/fr\/wp-content\/uploads\/sites\/3\/2023\/03\/Marriott-logo.png\" alt=\"Logo Marriott\" itemprop=\"image\" height=\"80\" width=\"230\" title=\"Marriott-logo\" onerror=\"this.style.display='none'\"  \/>\n\t\t\t\t<img loading=\"lazy\" decoding=\"async\" src=\"https:\/\/www.benchmarkemail.com\/fr\/wp-content\/uploads\/sites\/3\/2023\/03\/Kraft-Heinz.png\" alt=\"Logo Kraft Heinz\" itemprop=\"image\" height=\"80\" width=\"310\" title=\"Kraft-Heinz\" onerror=\"this.style.display='none'\"  \/>\n\t\t\t\t<img loading=\"lazy\" decoding=\"async\" src=\"https:\/\/www.benchmarkemail.com\/fr\/wp-content\/uploads\/sites\/3\/2023\/03\/BBC-Logo.png\" alt=\"Logo BBC\" itemprop=\"image\" height=\"80\" width=\"230\" title=\"BBC-Logo\" onerror=\"this.style.display='none'\"  \/>\n\t\t\t\t<img loading=\"lazy\" decoding=\"async\" src=\"https:\/\/www.benchmarkemail.com\/fr\/wp-content\/uploads\/sites\/3\/2023\/03\/Brother-logo.png\" alt=\"Logo Brother\" itemprop=\"image\" height=\"80\" width=\"206\" title=\"Brother-logo\" onerror=\"this.style.display='none'\"  \/>\n\t\t\t\t<img loading=\"lazy\" decoding=\"async\" src=\"https:\/\/www.benchmarkemail.com\/fr\/wp-content\/uploads\/sites\/3\/2023\/03\/Merck-logo.png\" alt=\"Logo Merck\" itemprop=\"image\" height=\"80\" width=\"364\" title=\"Merck-logo\" onerror=\"this.style.display='none'\"  \/>\n<h2>\n\t\tD\u00e9livrabilit\u00e9 Fiable\n\t<\/h2>\n<h3>\n\t\tAcc\u00e9der \u00e0 la bo\u00eete de r\u00e9ception gr\u00e2ce au Machine Learning\n\t<\/h3>\n\t<p>Atteignez les boites de r\u00e9ception gr\u00e2ce au Machine Learning. Chaque envoi d&#8217;email est \u00e9paul\u00e9 par notre intelligence artificielle Smart Sending, une technologie propri\u00e9taire d&#8217;apprentissage automatique qui am\u00e9liore l&#8217;engagement des emails pour maximiser votre d\u00e9livrabilit\u00e9. Que vous envoyiez des milliers ou des millions d&#8217;emails par mois, notre infrastructure email est con\u00e7ue pour \u00e9voluer avec vous.<\/p>\n\tEmail Whitelabeling (Label Blanc)<br \/>\nIP D\u00e9di\u00e9<br \/>\nMonitoring de la d\u00e9livrabilit\u00e9\n\t\t\t\t<img loading=\"lazy\" decoding=\"async\" src=\"https:\/\/www.benchmarkemail.com\/fr\/wp-content\/uploads\/sites\/3\/2023\/03\/Dependable-Deliverability.png\" alt=\"Outil IA Smart Sending\" itemprop=\"image\" height=\"678\" width=\"1104\" title=\"Dependable-Deliverability\" onerror=\"this.style.display='none'\"  \/>\n\t\t\t\t<img loading=\"lazy\" decoding=\"async\" src=\"https:\/\/www.benchmarkemail.com\/wp-content\/uploads\/2022\/08\/reliable-support.webp\" alt=\"reliable-support\" itemprop=\"image\" height=\"678\" width=\"1104\" title=\"reliable-support\" onerror=\"this.style.display='none'\"  \/>\n<h2>\n\t\tSupport de Confiance\n\t<\/h2>\n<h3>\n\t\tExpertise en email marketing\n\t<\/h3>\n\t<p>Depuis 2004, nous connectons les entreprises avec leurs clients et prospects par le biais de l&#8217;email marketing. De la d\u00e9livrabilit\u00e9 et la gestion des listes \u00e0 la strat\u00e9gie d&#8217;email marketing, notre \u00e9quipe d&#8217;experts est l\u00e0 pour vous aider \u00e0 atteindre vos objectifs.<\/p>\n\tSupport 24\/7<br \/>\nParam\u00e9trage du compte<br \/>\nBilans de sant\u00e9 du compte\n<h2>\n\t\tPrix bas\u00e9s sur les envois\n\t<\/h2>\n<h3>\n\t\tAjustez votre programme gr\u00e2ce \u00e0 notre tarification bas\u00e9e sur les envois d&#8217;emails.\n\t<\/h3>\n\t<p>Les tarifs commencent \u00e0 40$\/mois pour 10.000 envois d&#8217;email par mois. Faites des \u00e9conomies en augmentant votre limite d&#8217;envoi.<\/p>\n\t\t\t<a href=\"\/fr\/sender-pricing\/\" target=\"_self\" rel=\"noopener\">\n\t\t\t\t\t\t\tVOIR LES PRIX\n\t\t\t\t\t<\/a>\n\t\t\t\t<img loading=\"lazy\" decoding=\"async\" src=\"https:\/\/www.benchmarkemail.com\/wp-content\/uploads\/2022\/08\/Security-and-Compliance.png\" alt=\"Security and Compliance\" itemprop=\"image\" height=\"678\" width=\"1104\" title=\"Security and Compliance\" onerror=\"this.style.display='none'\"  \/>\n<h2>\n\t\tS\u00e9curit\u00e9 et Conformit\u00e9\n\t<\/h2>\n<h3>\n\t\tPriorit\u00e9 \u00e0 la S\u00e9curit\u00e9 des donn\u00e9es et au Respect de la vie priv\u00e9e\n\t<\/h3>\n\t<p>La protection de vos donn\u00e9es et de celles de vos clients est notre priorit\u00e9 absolue. Forts d&#8217;une pr\u00e9sence internationale, nous nous engageons \u00e0 respecter les derni\u00e8res normes de confidentialit\u00e9 et de conformit\u00e9 des donn\u00e9es dans le monde entier.<\/p>\n\tConforme au RGPD et \u00e0 l&#8217;ACCP<br \/>\nCertification Privacy Shield UE-USA et Suisse-USA<br \/>\nR\u00e9solution des litiges via TrustArc<br \/>\nCryptage TLS des donn\u00e9es<br \/>\nSurveillance continue des surfaces d&#8217;attaque\n\t\t\t\t<img loading=\"lazy\" decoding=\"async\" src=\"https:\/\/www.benchmarkemail.com\/fr\/wp-content\/uploads\/sites\/3\/2023\/03\/integrations.webp\" alt=\"Exemple d'outils avec lesquels Benchmark Email s'int\u00e8gre\" itemprop=\"image\" height=\"678\" width=\"1104\" title=\"integrations\" onerror=\"this.style.display='none'\"  \/>\n<h2>\n\t\tInt\u00e9grations\n\t<\/h2>\n<h3>\n\t\tBoostez votre programme email\n\t<\/h3>\n\t<p>Int\u00e9grez vos outils pr\u00e9f\u00e9r\u00e9s pour fluidifier votre email marketing au niveau commercial, op\u00e9rationnel et marketing. Tirez parti de Zapier ou de l&#8217;une de nos int\u00e9grations directes telles que Shopify, Slack, WordPress, Google Sheets, et plus encore.<\/p>\n\t<p><a href=\"\/fr\/features\/integrations\/\">Explorer les int\u00e9grations<\/a><\/p>\n<h2>\n\t\tPr\u00e9sence Mondiale\n\t<\/h2>\n<h3>\n\t\tVous Servir \u00e0 travers une Pr\u00e9sence Internationale\n\t<\/h3>\n\t<p>Notre plateforme d&#8217;email marketing est disponible en 9 langues et offre un support local pour 15 r\u00e9gions du monde. Peu importe o\u00f9 vos affaires vous m\u00e8nent, Benchmark Email est l\u00e0 pour vous aider \u00e0 vous connecter \u00e0 votre client\u00e8le o\u00f9 qu&#8217;elle se situe dans le monde.<\/p>\n\t<a href=\"https:\/\/benchmarkemail.com\">\n<img decoding=\"async\" src=\"https:\/\/www.benchmarkemail.com\/wp-content\/uploads\/2022\/08\/US-Flag.png\"\/> &#038;nbsp&nbsp;English\n<\/a>\n\t<a href=\"https:\/\/www.benchmarkemail.com\/es\/\">\n<img decoding=\"async\" src=\"https:\/\/www.benchmarkemail.com\/wp-content\/uploads\/2022\/08\/ES-Flag.png\"\/> &#038;nbsp&nbsp;Espa\u00f1ol\n<\/a>\n\t<a href=\"https:\/\/www.benchmarkemail.com\/de\/\">\n<img decoding=\"async\" src=\"https:\/\/www.benchmarkemail.com\/wp-content\/uploads\/2022\/08\/DE-Flag.png\"\/> &#038;nbsp&nbsp;Deutsch\n<\/a>\n\t<a href=\"https:\/\/www.benchmarkemail.com\/tw\/\">\n<img decoding=\"async\" src=\"https:\/\/www.benchmarkemail.com\/wp-content\/uploads\/2022\/08\/TW-Flag.png\"\/> &#038;nbsp&nbsp;\u7e41\u9ad4\u4e2d\u6587\n<\/a>\n\t<a href=\"https:\/\/www.benchmarkemail.com\/cn\/\">\n<img decoding=\"async\" src=\"https:\/\/www.benchmarkemail.com\/wp-content\/uploads\/2022\/08\/CN-Flag.png\"\/> &#038;nbsp&nbsp;\u7b80\u4f53\u4e2d\u6587\n<a><\/a>\n\t<\/a><a href=\"https:\/\/www.benchmarkemail.com\/jp\/\">\n<img decoding=\"async\" src=\"https:\/\/www.benchmarkemail.com\/wp-content\/uploads\/2022\/08\/JP-Flag.png\"\/> &#038;nbsp&nbsp;\u65e5\u672c\u8a9e\n<\/a>\n\t<a href=\"https:\/\/www.benchmarkemail.com\/it\/\">\n<img decoding=\"async\" src=\"https:\/\/www.benchmarkemail.com\/wp-content\/uploads\/2022\/08\/MX-Flag.png\"\/> &#038;nbsp&nbsp;Italiano\n<\/a>\n\t<a href=\"https:\/\/www.benchmarkemail.com\/br\/\">\n<img decoding=\"async\" src=\"https:\/\/www.benchmarkemail.com\/wp-content\/uploads\/2022\/08\/BR-Flag.png\"\/> &#038;nbsp&nbsp;Portugu\u00eas\n<\/a>\n\t<a href=\"https:\/\/www.benchmarkemail.com\/fr\/\">\n<img decoding=\"async\" src=\"https:\/\/www.benchmarkemail.com\/wp-content\/uploads\/2022\/08\/FR-Flag.png\"\/> &#038;nbsp&nbsp;Fran\u00e7ais\n<\/a>\n<h3>\n\t\tSolutions d&#8217;email marketing pour\n\t<\/h3>\n\t\t\t\t<img loading=\"lazy\" decoding=\"async\" src=\"https:\/\/www.benchmarkemail.com\/fr\/wp-content\/uploads\/sites\/3\/2023\/03\/Enterprise.png\" alt=\"Exemple d'image d'entreprise\" itemprop=\"image\" height=\"254\" width=\"386\" title=\"Enterprise\" onerror=\"this.style.display='none'\"  \/>\n<h4>\n\t\tGrands Comptes\n\t<\/h4>\n\t<p>Avec la s\u00e9curit\u00e9, la conformit\u00e9 et la d\u00e9livrabilit\u00e9 comme priorit\u00e9s, de grandes marques du monde entier font confiance \u00e0 Benchmark Email pour l&#8217;envoi de leurs pr\u00e9cieux emails.<\/p>\n\t<p><a href=\"https:\/\/www.benchmarkemail.com\/fr\/enterprise-email-solutions\/\">Parlez \u00e0 un Expert Grands Comptes<\/a><\/p>\n\t\t\t\t<img loading=\"lazy\" decoding=\"async\" src=\"https:\/\/www.benchmarkemail.com\/fr\/wp-content\/uploads\/sites\/3\/2023\/03\/High-Volume-Senders.png\" alt=\"Exemple d'un serveur \u00e0 haut volume\" itemprop=\"image\" height=\"254\" width=\"386\" title=\"High-Volume-Senders\" onerror=\"this.style.display='none'\"  \/>\n<h4>\n\t\tExp\u00e9diteurs de gros volumes\n\t<\/h4>\n\t<p>Une infrastructure d&#8217;email \u00e9volutive soutenue par notre \u00e9quipe d&#8217;experts en d\u00e9livrabilit\u00e9, garantissant que vos envois massifs d&#8217;emails atteignent la bo\u00eete de r\u00e9ception.<\/p>\n\t<p><a href=\"\/fr\/sender-pricing\/\">Voir nos solutions pour les exp\u00e9diteurs de gros volumes<\/a><\/p>\n\t\t\t\t<img loading=\"lazy\" decoding=\"async\" src=\"https:\/\/www.benchmarkemail.com\/fr\/wp-content\/uploads\/sites\/3\/2023\/03\/High-Volume-Senders---1.png\" alt=\"Exemple d'un graphique\" itemprop=\"image\" height=\"254\" width=\"386\" title=\"High-Volume-Senders---1\" onerror=\"this.style.display='none'\"  \/>\n<h4>\n\t\tMarketers\n\t<\/h4>\n\t<p>Lancer votre strat\u00e9gie d&#8217;email marketing n&#8217;a jamais \u00e9t\u00e9 aussi facile gr\u00e2ce \u00e0 notre gamme d&#8217;outils faciles \u00e0 utiliser, renforc\u00e9e par la puissance de l&#8217;IA et du machine learning.<\/p>\n\t<p><a href=\"https:\/\/www.benchmarkemail.com\/fr\/features\/email-builder\/\">Explorer nos Fonctionnalit\u00e9s Email Marketing<\/a><\/p>\n\t\t\t\t<img loading=\"lazy\" decoding=\"async\" src=\"https:\/\/www.benchmarkemail.com\/wp-content\/uploads\/2022\/08\/Ecommerce.webp\" alt=\"Ecommerce\" itemprop=\"image\" height=\"254\" width=\"386\" title=\"Ecommerce\" onerror=\"this.style.display='none'\"  \/>\n<h2>\n\t\tEcommerce\n\t<\/h2>\n\t<p>Envoyez facilement des messages cibl\u00e9s pour transformer les acheteurs en ligne en clients nouveaux et fid\u00e8les. Vendez davantage avec des outils qui acheminent vos produits vers la bo\u00eete de r\u00e9ception.<\/p>\n\t<p><a href=\"https:\/\/www.benchmarkemail.com\/fr\/features\/ecommerce\/\">Vendez plus avec nos Outils Ecommerce<\/a><\/p>\n\t\t\t\t<img loading=\"lazy\" decoding=\"async\" src=\"https:\/\/www.benchmarkemail.com\/fr\/wp-content\/uploads\/sites\/3\/2023\/03\/Developers.webp\" alt=\"Exemple d'un \u00e9cran avec du code\" itemprop=\"image\" height=\"254\" width=\"386\" title=\"Developers\" onerror=\"this.style.display='none'\"  \/>\n<h4>\n\t\tD\u00e9veloppeurs\n\t<\/h4>\n\t<p>Int\u00e9grez notre service dans votre workflow ou plateforme pr\u00e9existante pour obtenir des donn\u00e9es de reporting, envoyer des emails, cr\u00e9er des listes et plus encore avec notre API RESTful.<\/p>\n\t<p><a href=\"https:\/\/www.benchmarkemail.com\/fr\/developers\/\">Explorez nos API \u00a0<\/a><\/p>\n\t\t\t\t<img loading=\"lazy\" decoding=\"async\" src=\"https:\/\/www.benchmarkemail.com\/fr\/wp-content\/uploads\/sites\/3\/2023\/03\/rocket.png\" alt=\"ic\u00f4ne de fus\u00e9e\" itemprop=\"image\" height=\"118\" width=\"118\" title=\"rocket\" onerror=\"this.style.display='none'\"  \/>\n<h3>\n\t\tCommencez d\u00e8s aujourd&#8217;hui\n\t<\/h3>\n\t\t\t<a href=\"\/fr\/sender-pricing\/\" target=\"_self\" rel=\"noopener\">\n\t\t\t\t\t\t\tINSCRIPTION GRATUITE\n\t\t\t\t\t<\/a>\n\t<p>Besoin d&#8217;un plan sp\u00e9cial ?<a href=\"https:\/\/www.benchmarkemail.com\/fr\/landing-pages\/enterprise-pricing-request\/\"> Chattez avec le service commercial<\/a><\/p>\n\t<p><strong>Posts r\u00e9cents<\/strong>:<\/p>\n\n","protected":false},"excerpt":{"rendered":"<p>Envoyez \u00e0 grande \u00e9chelle &#8211; Sans compromis Solutions Email pour Gros Volumes de Benchmark Email VOIR LES PRIX Besoin d&#8217;un plan sp\u00e9cial ? Chattez avec le service commercial Les plus grandes marques mondiales confient leur email \u00e0 Benchmark D\u00e9livrabilit\u00e9 Fiable Acc\u00e9der \u00e0 la bo\u00eete de r\u00e9ception gr\u00e2ce au Machine Learning Atteignez les boites de r\u00e9ception&hellip;<\/p>\n","protected":false},"author":7,"featured_media":0,"parent":0,"menu_order":0,"comment_status":"closed","ping_status":"closed","template":"","meta":{"inline_featured_image":false,"footnotes":""},"class_list":["post-33671","page","type-page","status-publish","hentry"],"yoast_head":"<!-- This site is optimized with the Yoast SEO plugin v27.4 - https:\/\/yoast.com\/product\/yoast-seo-wordpress\/ -->\n<title>Solutions Email Grands Comptes - Benchmark Email<\/title>\n<meta name=\"description\" content=\"Envoyez des emails \u00e0 grande \u00e9chelle de mani\u00e8re professionnelle et s\u00e9curis\u00e9e avec le logiciel d&#039;envoi massif de Benchmark Email.\" \/>\n<meta name=\"robots\" content=\"index, follow, max-snippet:-1, max-image-preview:large, max-video-preview:-1\" \/>\n<link rel=\"canonical\" href=\"https:\/\/www.benchmarkemail.com\/fr\/high-volume-email\/\" \/>\n<meta property=\"og:locale\" content=\"en_US\" \/>\n<meta property=\"og:type\" content=\"article\" \/>\n<meta property=\"og:title\" content=\"Solutions Email Grands Comptes - Benchmark Email\" \/>\n<meta property=\"og:description\" content=\"Envoyez des emails \u00e0 grande \u00e9chelle de mani\u00e8re professionnelle et s\u00e9curis\u00e9e avec le logiciel d&#039;envoi massif de Benchmark Email.\" \/>\n<meta property=\"og:url\" content=\"https:\/\/www.benchmarkemail.com\/fr\/high-volume-email\/\" \/>\n<meta property=\"og:site_name\" content=\"Benchmark Email en fran\u00e7ais\" \/>\n<meta property=\"article:publisher\" content=\"https:\/\/www.facebook.com\/BenchmarkEmail\" \/>\n<meta property=\"article:modified_time\" content=\"2023-06-07T11:17:33+00:00\" \/>\n<meta property=\"og:image\" content=\"https:\/\/www.benchmarkemail.com\/fr\/wp-content\/uploads\/sites\/3\/2023\/03\/header-hero-image-send-at-scale-min.webp\" \/>\n<meta name=\"twitter:card\" content=\"summary_large_image\" \/>\n<meta name=\"twitter:site\" content=\"@benchmarkemail\" \/>\n<meta name=\"twitter:label1\" content=\"Est. reading time\" \/>\n\t<meta name=\"twitter:data1\" content=\"8 minutes\" \/>\n<script type=\"application\/ld+json\" class=\"yoast-schema-graph\">{\"@context\":\"https:\\\/\\\/schema.org\",\"@graph\":[{\"@type\":\"WebPage\",\"@id\":\"https:\\\/\\\/www.benchmarkemail.com\\\/fr\\\/high-volume-email\\\/\",\"url\":\"https:\\\/\\\/www.benchmarkemail.com\\\/fr\\\/high-volume-email\\\/\",\"name\":\"Solutions Email Grands Comptes - Benchmark Email\",\"isPartOf\":{\"@id\":\"https:\\\/\\\/www.benchmarkemail.com\\\/fr\\\/#website\"},\"primaryImageOfPage\":{\"@id\":\"https:\\\/\\\/www.benchmarkemail.com\\\/fr\\\/high-volume-email\\\/#primaryimage\"},\"image\":{\"@id\":\"https:\\\/\\\/www.benchmarkemail.com\\\/fr\\\/high-volume-email\\\/#primaryimage\"},\"thumbnailUrl\":\"https:\\\/\\\/www.benchmarkemail.com\\\/fr\\\/wp-content\\\/uploads\\\/sites\\\/3\\\/2023\\\/03\\\/header-hero-image-send-at-scale-min.webp\",\"datePublished\":\"2023-03-21T13:49:02+00:00\",\"dateModified\":\"2023-06-07T11:17:33+00:00\",\"description\":\"Envoyez des emails \u00e0 grande \u00e9chelle de mani\u00e8re professionnelle et s\u00e9curis\u00e9e avec le logiciel d'envoi massif de Benchmark Email.\",\"breadcrumb\":{\"@id\":\"https:\\\/\\\/www.benchmarkemail.com\\\/fr\\\/high-volume-email\\\/#breadcrumb\"},\"inLanguage\":\"en-US\",\"potentialAction\":[{\"@type\":\"ReadAction\",\"target\":[\"https:\\\/\\\/www.benchmarkemail.com\\\/fr\\\/high-volume-email\\\/\"]}]},{\"@type\":\"ImageObject\",\"inLanguage\":\"en-US\",\"@id\":\"https:\\\/\\\/www.benchmarkemail.com\\\/fr\\\/high-volume-email\\\/#primaryimage\",\"url\":\"https:\\\/\\\/www.benchmarkemail.com\\\/fr\\\/wp-content\\\/uploads\\\/sites\\\/3\\\/2023\\\/03\\\/header-hero-image-send-at-scale-min.webp\",\"contentUrl\":\"https:\\\/\\\/www.benchmarkemail.com\\\/fr\\\/wp-content\\\/uploads\\\/sites\\\/3\\\/2023\\\/03\\\/header-hero-image-send-at-scale-min.webp\",\"width\":1164,\"height\":1002,\"caption\":\"personne \u00e9valuant la r\u00e9putation en email marketing\"},{\"@type\":\"BreadcrumbList\",\"@id\":\"https:\\\/\\\/www.benchmarkemail.com\\\/fr\\\/high-volume-email\\\/#breadcrumb\",\"itemListElement\":[{\"@type\":\"ListItem\",\"position\":1,\"name\":\"Home\",\"item\":\"https:\\\/\\\/www.benchmarkemail.com\\\/fr\\\/\"},{\"@type\":\"ListItem\",\"position\":2,\"name\":\"High Volume Email Solutions\"}]},{\"@type\":\"WebSite\",\"@id\":\"https:\\\/\\\/www.benchmarkemail.com\\\/fr\\\/#website\",\"url\":\"https:\\\/\\\/www.benchmarkemail.com\\\/fr\\\/\",\"name\":\"Benchmark Email en fran\u00e7ais\",\"description\":\"Outil de marketing digital. D\u00e9couvrez ou approfondissez vos connaissances en email marketing, automatisations, captation de prospects... et bien plus encore !\",\"publisher\":{\"@id\":\"https:\\\/\\\/www.benchmarkemail.com\\\/fr\\\/#organization\"},\"potentialAction\":[{\"@type\":\"SearchAction\",\"target\":{\"@type\":\"EntryPoint\",\"urlTemplate\":\"https:\\\/\\\/www.benchmarkemail.com\\\/fr\\\/?s={search_term_string}\"},\"query-input\":{\"@type\":\"PropertyValueSpecification\",\"valueRequired\":true,\"valueName\":\"search_term_string\"}}],\"inLanguage\":\"en-US\"},{\"@type\":\"Organization\",\"@id\":\"https:\\\/\\\/www.benchmarkemail.com\\\/fr\\\/#organization\",\"name\":\"Benchmark Internet Group, LLC\",\"url\":\"https:\\\/\\\/www.benchmarkemail.com\\\/fr\\\/\",\"logo\":{\"@type\":\"ImageObject\",\"inLanguage\":\"en-US\",\"@id\":\"https:\\\/\\\/www.benchmarkemail.com\\\/fr\\\/#\\\/schema\\\/logo\\\/image\\\/\",\"url\":\"https:\\\/\\\/www.benchmarkemail.com\\\/fr\\\/wp-content\\\/uploads\\\/sites\\\/3\\\/2019\\\/09\\\/benchmark-logo.svg\",\"contentUrl\":\"https:\\\/\\\/www.benchmarkemail.com\\\/fr\\\/wp-content\\\/uploads\\\/sites\\\/3\\\/2019\\\/09\\\/benchmark-logo.svg\",\"width\":1,\"height\":1,\"caption\":\"Benchmark Internet Group, LLC\"},\"image\":{\"@id\":\"https:\\\/\\\/www.benchmarkemail.com\\\/fr\\\/#\\\/schema\\\/logo\\\/image\\\/\"},\"sameAs\":[\"https:\\\/\\\/www.facebook.com\\\/BenchmarkEmail\",\"https:\\\/\\\/x.com\\\/benchmarkemail\",\"https:\\\/\\\/www.instagram.com\\\/benchmarkemail\\\/\",\"https:\\\/\\\/www.linkedin.com\\\/company\\\/benchmark-email\\\/\",\"https:\\\/\\\/www.youtube.com\\\/channel\\\/UCEQOJxM8HtdJpjkE1HO6L6Q\"]}]}<\/script>\n<!-- \/ Yoast SEO plugin. -->","yoast_head_json":{"title":"Solutions Email Grands Comptes - Benchmark Email","description":"Envoyez des emails \u00e0 grande \u00e9chelle de mani\u00e8re professionnelle et s\u00e9curis\u00e9e avec le logiciel d'envoi massif de Benchmark Email.","robots":{"index":"index","follow":"follow","max-snippet":"max-snippet:-1","max-image-preview":"max-image-preview:large","max-video-preview":"max-video-preview:-1"},"canonical":"https:\/\/www.benchmarkemail.com\/fr\/high-volume-email\/","og_locale":"en_US","og_type":"article","og_title":"Solutions Email Grands Comptes - Benchmark Email","og_description":"Envoyez des emails \u00e0 grande \u00e9chelle de mani\u00e8re professionnelle et s\u00e9curis\u00e9e avec le logiciel d'envoi massif de Benchmark Email.","og_url":"https:\/\/www.benchmarkemail.com\/fr\/high-volume-email\/","og_site_name":"Benchmark Email en fran\u00e7ais","article_publisher":"https:\/\/www.facebook.com\/BenchmarkEmail","article_modified_time":"2023-06-07T11:17:33+00:00","og_image":[{"url":"https:\/\/www.benchmarkemail.com\/fr\/wp-content\/uploads\/sites\/3\/2023\/03\/header-hero-image-send-at-scale-min.webp","type":"","width":"","height":""}],"twitter_card":"summary_large_image","twitter_site":"@benchmarkemail","twitter_misc":{"Est. reading time":"8 minutes"},"schema":{"@context":"https:\/\/schema.org","@graph":[{"@type":"WebPage","@id":"https:\/\/www.benchmarkemail.com\/fr\/high-volume-email\/","url":"https:\/\/www.benchmarkemail.com\/fr\/high-volume-email\/","name":"Solutions Email Grands Comptes - Benchmark Email","isPartOf":{"@id":"https:\/\/www.benchmarkemail.com\/fr\/#website"},"primaryImageOfPage":{"@id":"https:\/\/www.benchmarkemail.com\/fr\/high-volume-email\/#primaryimage"},"image":{"@id":"https:\/\/www.benchmarkemail.com\/fr\/high-volume-email\/#primaryimage"},"thumbnailUrl":"https:\/\/www.benchmarkemail.com\/fr\/wp-content\/uploads\/sites\/3\/2023\/03\/header-hero-image-send-at-scale-min.webp","datePublished":"2023-03-21T13:49:02+00:00","dateModified":"2023-06-07T11:17:33+00:00","description":"Envoyez des emails \u00e0 grande \u00e9chelle de mani\u00e8re professionnelle et s\u00e9curis\u00e9e avec le logiciel d'envoi massif de Benchmark Email.","breadcrumb":{"@id":"https:\/\/www.benchmarkemail.com\/fr\/high-volume-email\/#breadcrumb"},"inLanguage":"en-US","potentialAction":[{"@type":"ReadAction","target":["https:\/\/www.benchmarkemail.com\/fr\/high-volume-email\/"]}]},{"@type":"ImageObject","inLanguage":"en-US","@id":"https:\/\/www.benchmarkemail.com\/fr\/high-volume-email\/#primaryimage","url":"https:\/\/www.benchmarkemail.com\/fr\/wp-content\/uploads\/sites\/3\/2023\/03\/header-hero-image-send-at-scale-min.webp","contentUrl":"https:\/\/www.benchmarkemail.com\/fr\/wp-content\/uploads\/sites\/3\/2023\/03\/header-hero-image-send-at-scale-min.webp","width":1164,"height":1002,"caption":"personne \u00e9valuant la r\u00e9putation en email marketing"},{"@type":"BreadcrumbList","@id":"https:\/\/www.benchmarkemail.com\/fr\/high-volume-email\/#breadcrumb","itemListElement":[{"@type":"ListItem","position":1,"name":"Home","item":"https:\/\/www.benchmarkemail.com\/fr\/"},{"@type":"ListItem","position":2,"name":"High Volume Email Solutions"}]},{"@type":"WebSite","@id":"https:\/\/www.benchmarkemail.com\/fr\/#website","url":"https:\/\/www.benchmarkemail.com\/fr\/","name":"Benchmark Email en fran\u00e7ais","description":"Outil de marketing digital. D\u00e9couvrez ou approfondissez vos connaissances en email marketing, automatisations, captation de prospects... et bien plus encore !","publisher":{"@id":"https:\/\/www.benchmarkemail.com\/fr\/#organization"},"potentialAction":[{"@type":"SearchAction","target":{"@type":"EntryPoint","urlTemplate":"https:\/\/www.benchmarkemail.com\/fr\/?s={search_term_string}"},"query-input":{"@type":"PropertyValueSpecification","valueRequired":true,"valueName":"search_term_string"}}],"inLanguage":"en-US"},{"@type":"Organization","@id":"https:\/\/www.benchmarkemail.com\/fr\/#organization","name":"Benchmark Internet Group, LLC","url":"https:\/\/www.benchmarkemail.com\/fr\/","logo":{"@type":"ImageObject","inLanguage":"en-US","@id":"https:\/\/www.benchmarkemail.com\/fr\/#\/schema\/logo\/image\/","url":"https:\/\/www.benchmarkemail.com\/fr\/wp-content\/uploads\/sites\/3\/2019\/09\/benchmark-logo.svg","contentUrl":"https:\/\/www.benchmarkemail.com\/fr\/wp-content\/uploads\/sites\/3\/2019\/09\/benchmark-logo.svg","width":1,"height":1,"caption":"Benchmark Internet Group, LLC"},"image":{"@id":"https:\/\/www.benchmarkemail.com\/fr\/#\/schema\/logo\/image\/"},"sameAs":["https:\/\/www.facebook.com\/BenchmarkEmail","https:\/\/x.com\/benchmarkemail","https:\/\/www.instagram.com\/benchmarkemail\/","https:\/\/www.linkedin.com\/company\/benchmark-email\/","https:\/\/www.youtube.com\/channel\/UCEQOJxM8HtdJpjkE1HO6L6Q"]}]}},"_links":{"self":[{"href":"https:\/\/www.benchmarkemail.com\/fr\/wp-json\/wp\/v2\/pages\/33671","targetHints":{"allow":["GET"]}}],"collection":[{"href":"https:\/\/www.benchmarkemail.com\/fr\/wp-json\/wp\/v2\/pages"}],"about":[{"href":"https:\/\/www.benchmarkemail.com\/fr\/wp-json\/wp\/v2\/types\/page"}],"author":[{"embeddable":true,"href":"https:\/\/www.benchmarkemail.com\/fr\/wp-json\/wp\/v2\/users\/7"}],"replies":[{"embeddable":true,"href":"https:\/\/www.benchmarkemail.com\/fr\/wp-json\/wp\/v2\/comments?post=33671"}],"version-history":[{"count":0,"href":"https:\/\/www.benchmarkemail.com\/fr\/wp-json\/wp\/v2\/pages\/33671\/revisions"}],"wp:attachment":[{"href":"https:\/\/www.benchmarkemail.com\/fr\/wp-json\/wp\/v2\/media?parent=33671"}],"curies":[{"name":"wp","href":"https:\/\/api.w.org\/{rel}","templated":true}]}}