{"id":37259,"date":"2024-01-26T12:35:01","date_gmt":"2024-01-26T12:35:01","guid":{"rendered":"https:\/\/www.benchmarkemail.com\/fr\/?page_id=37259"},"modified":"2024-03-11T13:48:22","modified_gmt":"2024-03-11T13:48:22","slug":"brand-kit","status":"publish","type":"page","link":"https:\/\/www.benchmarkemail.com\/fr\/features\/brand-kit\/","title":{"rendered":"Brand Kit"},"content":{"rendered":"\r\n<h1>\r\n\t\t Gardez votre style en synchronisation avec le Kit Marque\r\n\t<\/h1>\r\n<h2>\r\n\t\t Avec le Kit Marque, vos emails ont l&#8217;air d&#8217;\u00eatre \u00e0 la hauteur de la marque et de la cible \u00e0 chaque fois. Cr\u00e9ez un compte gratuit pour cr\u00e9er votre propre Kit Marque.\r\n\t<\/h2>\r\n\t\t\t<a href=\"https:\/\/ui.benchmarkemail.com\/fr\/register\" target=\"_self\" rel=\"noopener\">\r\n\t\t\t\t\t\t\tS&#8217;INSCRIRE GRATUITEMENT\r\n\t\t\t\t\t<\/a>\r\n\t<meta itemprop=\"url\" content=\"https:\/\/www.benchmarkemail.com\/fr\/wp-content\/uploads\/sites\/3\/2024\/01\/brand-kit-eCommerce.m4v\" \/><div style=\"width: 640px;\" class=\"wp-video\"><video muted class=\"wp-video-shortcode\" id=\"video-37259-1\" width=\"640\" height=\"360\" loop autoplay preload=\"metadata\" controls=\"controls\"><source type=\"video\/mp4\" src=\"https:\/\/www.benchmarkemail.com\/fr\/wp-content\/uploads\/sites\/3\/2024\/01\/brand-kit-eCommerce.m4v?_=1\" \/><a href=\"https:\/\/www.benchmarkemail.com\/fr\/wp-content\/uploads\/sites\/3\/2024\/01\/brand-kit-eCommerce.m4v\">https:\/\/www.benchmarkemail.com\/fr\/wp-content\/uploads\/sites\/3\/2024\/01\/brand-kit-eCommerce.m4v<\/a><\/video><\/div>\r\n\t<meta itemprop=\"url\" content=\"https:\/\/www.benchmarkemail.com\/fr\/wp-content\/uploads\/sites\/3\/2024\/01\/brand-kit-eCommerce-logo-2.m4v\" \/><div style=\"width: 640px;\" class=\"wp-video\"><video muted class=\"wp-video-shortcode\" id=\"video-37259-2\" width=\"640\" height=\"360\" loop autoplay preload=\"metadata\" controls=\"controls\"><source type=\"video\/mp4\" src=\"https:\/\/www.benchmarkemail.com\/fr\/wp-content\/uploads\/sites\/3\/2024\/01\/brand-kit-eCommerce-logo-2.m4v?_=2\" \/><a href=\"https:\/\/www.benchmarkemail.com\/fr\/wp-content\/uploads\/sites\/3\/2024\/01\/brand-kit-eCommerce-logo-2.m4v\">https:\/\/www.benchmarkemail.com\/fr\/wp-content\/uploads\/sites\/3\/2024\/01\/brand-kit-eCommerce-logo-2.m4v<\/a><\/video><\/div>\r\n<h2>\r\n\t\t Ne cherchez plus jamais votre logo.\r\n\t<\/h2>\r\n\t<p>Avec Kit Marque, le logo de votre choix est toujours facilement accessible depuis la Galerie d&#8217;images. Plus besoin de caler le design pour retrouver le logo que vous utilisez pour vos campagnes email marketing.<\/p>\r\n\t\t\t<a href=\"https:\/\/ui.benchmarkemail.com\/fr\/register\" target=\"_self\" rel=\"noopener\">\r\n\t\t\t\t\t\t\tINSCRIVEZ-VOUS GRATUITEMENT\r\n\t\t\t\t\t<\/a>\r\n<h2>\r\n\t\t Gardez les couleurs de votre marque \u00e0 port\u00e9e de main.\r\n\t<\/h2>\r\n\t<p>Il n&#8217;y a rien de plus fastidieux que de chercher les codes hexagonaux des couleurs de votre marque pour les copier\/coller. Avec Kit Marque, les couleurs que vous avez choisies sont toujours \u00e0 votre disposition dans votre s\u00e9lecteur de couleurs.<\/p>\r\n\t\t\t<a href=\"https:\/\/ui.benchmarkemail.com\/fr\/register\" target=\"_self\" rel=\"noopener\">\r\n\t\t\t\t\t\t\tINSCRIVEZ-VOUS GRATUITEMENT\r\n\t\t\t\t\t<\/a>\r\n\t<meta itemprop=\"url\" content=\"https:\/\/www.benchmarkemail.com\/fr\/wp-content\/uploads\/sites\/3\/2024\/01\/brand-kit-eCommerce-colors-3.mp4\" \/><div style=\"width: 640px;\" class=\"wp-video\"><video muted class=\"wp-video-shortcode\" id=\"video-37259-3\" width=\"640\" height=\"360\" loop autoplay preload=\"metadata\" controls=\"controls\"><source type=\"video\/mp4\" src=\"https:\/\/www.benchmarkemail.com\/fr\/wp-content\/uploads\/sites\/3\/2024\/01\/brand-kit-eCommerce-colors-3.mp4?_=3\" \/><a href=\"https:\/\/www.benchmarkemail.com\/fr\/wp-content\/uploads\/sites\/3\/2024\/01\/brand-kit-eCommerce-colors-3.mp4\">https:\/\/www.benchmarkemail.com\/fr\/wp-content\/uploads\/sites\/3\/2024\/01\/brand-kit-eCommerce-colors-3.mp4<\/a><\/video><\/div>\r\n\t\t\t\t<img loading=\"lazy\" decoding=\"async\" src=\"https:\/\/www.benchmarkemail.com\/wp-content\/uploads\/2024\/01\/image-15.png\" alt=\"ai-tool\" itemprop=\"image\" height=\"410\" width=\"566\" title=\"ai-tool\" onerror=\"this.style.display='none'\"  \/>\r\n<h2>\r\n\t\t Entra\u00eenez-vous instantan\u00e9ment \u00e0 Smart Design, notre outil d&#8217;IA de conception d&#8217;emails. \r\n\t<\/h2>\r\n\t<p>Avec <a href=\"https:\/\/www.benchmarkemail.com\/fr\/features\/smart-design\/\">Smart Design<\/a> + Kit Marque, les designs de vos campagnes emailing sont sur la marque et align\u00e9s sur vos objectifs. Laissez notre IA faire le gros du travail sur le Design et le Contenu, pendant que vous ajoutez les touches finales.<\/p>\r\n\t\t\t<a href=\"https:\/\/ui.benchmarkemail.com\/fr\/register\" target=\"_self\" rel=\"noopener\">\r\n\t\t\t\t\t\t\tINSCRIVEZ-VOUS GRATUITEMENT\r\n\t\t\t\t\t<\/a>\r\n\t\t\t\t<img loading=\"lazy\" decoding=\"async\" src=\"https:\/\/www.benchmarkemail.com\/wp-content\/uploads\/2024\/01\/Capa_1.png\" alt=\"Capa_1\" itemprop=\"image\" height=\"235\" width=\"213\" title=\"Capa_1\" onerror=\"this.style.display='none'\"  \/>\r\n<h2>\r\n\t\t Travaillez plus intelligemment, pas plus durement\r\n\t<\/h2>\r\n\t<p>Cr\u00e9ez un compte gratuit pour essayer le Kit Marque.<\/p>\r\n\t\t\t<a href=\"https:\/\/ui.benchmarkemail.com\/fr\/register\" target=\"_self\" rel=\"noopener\">\r\n\t\t\t\t\t\t\tS&#8217;INSCRIRE GRATUITEMENT\r\n\t\t\t\t\t<\/a>\r\n\r\n","protected":false},"excerpt":{"rendered":"<p>Gardez votre style en synchronisation avec le Kit Marque Avec le Kit Marque, vos emails ont l&#8217;air d&#8217;\u00eatre \u00e0 la hauteur de la marque et de la cible \u00e0 chaque fois. Cr\u00e9ez un compte gratuit pour cr\u00e9er votre propre Kit Marque. S&#8217;INSCRIRE GRATUITEMENT Ne cherchez plus jamais votre logo. Avec Kit Marque, le logo de&hellip;<\/p>\n","protected":false},"author":7,"featured_media":0,"parent":18,"menu_order":0,"comment_status":"closed","ping_status":"closed","template":"","meta":{"inline_featured_image":false,"footnotes":""},"class_list":["post-37259","page","type-page","status-publish","hentry"],"yoast_head":"<!-- This site is optimized with the Yoast SEO plugin v27.5 - https:\/\/yoast.com\/product\/yoast-seo-wordpress\/ -->\n<title>Kit Marque : Design de l&#039;email avec votre identit\u00e9 plus rapidement<\/title>\n<meta name=\"description\" content=\"Un kit Marque est essentiel pour votre pr\u00e9sence en ligne. Organisez votre identit\u00e9 visuelle et cr\u00e9ez des campagnes email marketing plus rapidement\ud83d\ude80.\" \/>\n<meta name=\"robots\" content=\"index, follow, max-snippet:-1, max-image-preview:large, max-video-preview:-1\" \/>\n<link rel=\"canonical\" href=\"https:\/\/www.benchmarkemail.com\/fr\/features\/brand-kit\/\" \/>\n<meta property=\"og:locale\" content=\"en_US\" \/>\n<meta property=\"og:type\" content=\"article\" \/>\n<meta property=\"og:title\" content=\"Kit Marque : Design de l&#039;email avec votre identit\u00e9 plus rapidement\" \/>\n<meta property=\"og:description\" content=\"Un kit Marque est essentiel pour votre pr\u00e9sence en ligne. Organisez votre identit\u00e9 visuelle et cr\u00e9ez des campagnes email marketing plus rapidement\ud83d\ude80.\" \/>\n<meta property=\"og:url\" content=\"https:\/\/www.benchmarkemail.com\/fr\/features\/brand-kit\/\" \/>\n<meta property=\"og:site_name\" content=\"Benchmark Email en fran\u00e7ais\" \/>\n<meta property=\"article:publisher\" content=\"https:\/\/www.facebook.com\/BenchmarkEmail\" \/>\n<meta property=\"article:modified_time\" content=\"2024-03-11T13:48:22+00:00\" \/>\n<meta property=\"og:image\" content=\"https:\/\/www.benchmarkemail.com\/wp-content\/uploads\/2024\/01\/image-15.png\" \/>\n<meta name=\"twitter:card\" content=\"summary_large_image\" \/>\n<meta name=\"twitter:site\" content=\"@benchmarkemail\" \/>\n<meta name=\"twitter:label1\" content=\"Est. reading time\" \/>\n\t<meta name=\"twitter:data1\" content=\"2 minutes\" \/>\n<script type=\"application\/ld+json\" class=\"yoast-schema-graph\">{\"@context\":\"https:\\\/\\\/schema.org\",\"@graph\":[{\"@type\":\"WebPage\",\"@id\":\"https:\\\/\\\/www.benchmarkemail.com\\\/fr\\\/features\\\/brand-kit\\\/\",\"url\":\"https:\\\/\\\/www.benchmarkemail.com\\\/fr\\\/features\\\/brand-kit\\\/\",\"name\":\"Kit Marque : Design de l'email avec votre identit\u00e9 plus rapidement\",\"isPartOf\":{\"@id\":\"https:\\\/\\\/www.benchmarkemail.com\\\/fr\\\/#website\"},\"primaryImageOfPage\":{\"@id\":\"https:\\\/\\\/www.benchmarkemail.com\\\/fr\\\/features\\\/brand-kit\\\/#primaryimage\"},\"image\":{\"@id\":\"https:\\\/\\\/www.benchmarkemail.com\\\/fr\\\/features\\\/brand-kit\\\/#primaryimage\"},\"thumbnailUrl\":\"https:\\\/\\\/www.benchmarkemail.com\\\/wp-content\\\/uploads\\\/2024\\\/01\\\/image-15.png\",\"datePublished\":\"2024-01-26T12:35:01+00:00\",\"dateModified\":\"2024-03-11T13:48:22+00:00\",\"description\":\"Un kit Marque est essentiel pour votre pr\u00e9sence en ligne. Organisez votre identit\u00e9 visuelle et cr\u00e9ez des campagnes email marketing plus rapidement\ud83d\ude80.\",\"breadcrumb\":{\"@id\":\"https:\\\/\\\/www.benchmarkemail.com\\\/fr\\\/features\\\/brand-kit\\\/#breadcrumb\"},\"inLanguage\":\"en-US\",\"potentialAction\":[{\"@type\":\"ReadAction\",\"target\":[\"https:\\\/\\\/www.benchmarkemail.com\\\/fr\\\/features\\\/brand-kit\\\/\"]}]},{\"@type\":\"ImageObject\",\"inLanguage\":\"en-US\",\"@id\":\"https:\\\/\\\/www.benchmarkemail.com\\\/fr\\\/features\\\/brand-kit\\\/#primaryimage\",\"url\":\"https:\\\/\\\/www.benchmarkemail.com\\\/wp-content\\\/uploads\\\/2024\\\/01\\\/image-15.png\",\"contentUrl\":\"https:\\\/\\\/www.benchmarkemail.com\\\/wp-content\\\/uploads\\\/2024\\\/01\\\/image-15.png\"},{\"@type\":\"BreadcrumbList\",\"@id\":\"https:\\\/\\\/www.benchmarkemail.com\\\/fr\\\/features\\\/brand-kit\\\/#breadcrumb\",\"itemListElement\":[{\"@type\":\"ListItem\",\"position\":1,\"name\":\"Home\",\"item\":\"https:\\\/\\\/www.benchmarkemail.com\\\/fr\\\/\"},{\"@type\":\"ListItem\",\"position\":2,\"name\":\"Features\",\"item\":\"https:\\\/\\\/www.benchmarkemail.com\\\/fr\\\/features\\\/\"},{\"@type\":\"ListItem\",\"position\":3,\"name\":\"Brand Kit\"}]},{\"@type\":\"WebSite\",\"@id\":\"https:\\\/\\\/www.benchmarkemail.com\\\/fr\\\/#website\",\"url\":\"https:\\\/\\\/www.benchmarkemail.com\\\/fr\\\/\",\"name\":\"Benchmark Email en fran\u00e7ais\",\"description\":\"Outil de marketing digital. D\u00e9couvrez ou approfondissez vos connaissances en email marketing, automatisations, captation de prospects... et bien plus encore !\",\"publisher\":{\"@id\":\"https:\\\/\\\/www.benchmarkemail.com\\\/fr\\\/#organization\"},\"potentialAction\":[{\"@type\":\"SearchAction\",\"target\":{\"@type\":\"EntryPoint\",\"urlTemplate\":\"https:\\\/\\\/www.benchmarkemail.com\\\/fr\\\/?s={search_term_string}\"},\"query-input\":{\"@type\":\"PropertyValueSpecification\",\"valueRequired\":true,\"valueName\":\"search_term_string\"}}],\"inLanguage\":\"en-US\"},{\"@type\":\"Organization\",\"@id\":\"https:\\\/\\\/www.benchmarkemail.com\\\/fr\\\/#organization\",\"name\":\"Benchmark Internet Group, LLC\",\"url\":\"https:\\\/\\\/www.benchmarkemail.com\\\/fr\\\/\",\"logo\":{\"@type\":\"ImageObject\",\"inLanguage\":\"en-US\",\"@id\":\"https:\\\/\\\/www.benchmarkemail.com\\\/fr\\\/#\\\/schema\\\/logo\\\/image\\\/\",\"url\":\"https:\\\/\\\/www.benchmarkemail.com\\\/fr\\\/wp-content\\\/uploads\\\/sites\\\/3\\\/2019\\\/09\\\/benchmark-logo.svg\",\"contentUrl\":\"https:\\\/\\\/www.benchmarkemail.com\\\/fr\\\/wp-content\\\/uploads\\\/sites\\\/3\\\/2019\\\/09\\\/benchmark-logo.svg\",\"width\":1,\"height\":1,\"caption\":\"Benchmark Internet Group, LLC\"},\"image\":{\"@id\":\"https:\\\/\\\/www.benchmarkemail.com\\\/fr\\\/#\\\/schema\\\/logo\\\/image\\\/\"},\"sameAs\":[\"https:\\\/\\\/www.facebook.com\\\/BenchmarkEmail\",\"https:\\\/\\\/x.com\\\/benchmarkemail\",\"https:\\\/\\\/www.instagram.com\\\/benchmarkemail\\\/\",\"https:\\\/\\\/www.linkedin.com\\\/company\\\/benchmark-email\\\/\",\"https:\\\/\\\/www.youtube.com\\\/channel\\\/UCEQOJxM8HtdJpjkE1HO6L6Q\"]}]}<\/script>\n<!-- \/ Yoast SEO plugin. -->","yoast_head_json":{"title":"Kit Marque : Design de l'email avec votre identit\u00e9 plus rapidement","description":"Un kit Marque est essentiel pour votre pr\u00e9sence en ligne. Organisez votre identit\u00e9 visuelle et cr\u00e9ez des campagnes email marketing plus rapidement\ud83d\ude80.","robots":{"index":"index","follow":"follow","max-snippet":"max-snippet:-1","max-image-preview":"max-image-preview:large","max-video-preview":"max-video-preview:-1"},"canonical":"https:\/\/www.benchmarkemail.com\/fr\/features\/brand-kit\/","og_locale":"en_US","og_type":"article","og_title":"Kit Marque : Design de l'email avec votre identit\u00e9 plus rapidement","og_description":"Un kit Marque est essentiel pour votre pr\u00e9sence en ligne. Organisez votre identit\u00e9 visuelle et cr\u00e9ez des campagnes email marketing plus rapidement\ud83d\ude80.","og_url":"https:\/\/www.benchmarkemail.com\/fr\/features\/brand-kit\/","og_site_name":"Benchmark Email en fran\u00e7ais","article_publisher":"https:\/\/www.facebook.com\/BenchmarkEmail","article_modified_time":"2024-03-11T13:48:22+00:00","og_image":[{"url":"https:\/\/www.benchmarkemail.com\/wp-content\/uploads\/2024\/01\/image-15.png","type":"","width":"","height":""}],"twitter_card":"summary_large_image","twitter_site":"@benchmarkemail","twitter_misc":{"Est. reading time":"2 minutes"},"schema":{"@context":"https:\/\/schema.org","@graph":[{"@type":"WebPage","@id":"https:\/\/www.benchmarkemail.com\/fr\/features\/brand-kit\/","url":"https:\/\/www.benchmarkemail.com\/fr\/features\/brand-kit\/","name":"Kit Marque : Design de l'email avec votre identit\u00e9 plus rapidement","isPartOf":{"@id":"https:\/\/www.benchmarkemail.com\/fr\/#website"},"primaryImageOfPage":{"@id":"https:\/\/www.benchmarkemail.com\/fr\/features\/brand-kit\/#primaryimage"},"image":{"@id":"https:\/\/www.benchmarkemail.com\/fr\/features\/brand-kit\/#primaryimage"},"thumbnailUrl":"https:\/\/www.benchmarkemail.com\/wp-content\/uploads\/2024\/01\/image-15.png","datePublished":"2024-01-26T12:35:01+00:00","dateModified":"2024-03-11T13:48:22+00:00","description":"Un kit Marque est essentiel pour votre pr\u00e9sence en ligne. Organisez votre identit\u00e9 visuelle et cr\u00e9ez des campagnes email marketing plus rapidement\ud83d\ude80.","breadcrumb":{"@id":"https:\/\/www.benchmarkemail.com\/fr\/features\/brand-kit\/#breadcrumb"},"inLanguage":"en-US","potentialAction":[{"@type":"ReadAction","target":["https:\/\/www.benchmarkemail.com\/fr\/features\/brand-kit\/"]}]},{"@type":"ImageObject","inLanguage":"en-US","@id":"https:\/\/www.benchmarkemail.com\/fr\/features\/brand-kit\/#primaryimage","url":"https:\/\/www.benchmarkemail.com\/wp-content\/uploads\/2024\/01\/image-15.png","contentUrl":"https:\/\/www.benchmarkemail.com\/wp-content\/uploads\/2024\/01\/image-15.png"},{"@type":"BreadcrumbList","@id":"https:\/\/www.benchmarkemail.com\/fr\/features\/brand-kit\/#breadcrumb","itemListElement":[{"@type":"ListItem","position":1,"name":"Home","item":"https:\/\/www.benchmarkemail.com\/fr\/"},{"@type":"ListItem","position":2,"name":"Features","item":"https:\/\/www.benchmarkemail.com\/fr\/features\/"},{"@type":"ListItem","position":3,"name":"Brand Kit"}]},{"@type":"WebSite","@id":"https:\/\/www.benchmarkemail.com\/fr\/#website","url":"https:\/\/www.benchmarkemail.com\/fr\/","name":"Benchmark Email en fran\u00e7ais","description":"Outil de marketing digital. D\u00e9couvrez ou approfondissez vos connaissances en email marketing, automatisations, captation de prospects... et bien plus encore !","publisher":{"@id":"https:\/\/www.benchmarkemail.com\/fr\/#organization"},"potentialAction":[{"@type":"SearchAction","target":{"@type":"EntryPoint","urlTemplate":"https:\/\/www.benchmarkemail.com\/fr\/?s={search_term_string}"},"query-input":{"@type":"PropertyValueSpecification","valueRequired":true,"valueName":"search_term_string"}}],"inLanguage":"en-US"},{"@type":"Organization","@id":"https:\/\/www.benchmarkemail.com\/fr\/#organization","name":"Benchmark Internet Group, LLC","url":"https:\/\/www.benchmarkemail.com\/fr\/","logo":{"@type":"ImageObject","inLanguage":"en-US","@id":"https:\/\/www.benchmarkemail.com\/fr\/#\/schema\/logo\/image\/","url":"https:\/\/www.benchmarkemail.com\/fr\/wp-content\/uploads\/sites\/3\/2019\/09\/benchmark-logo.svg","contentUrl":"https:\/\/www.benchmarkemail.com\/fr\/wp-content\/uploads\/sites\/3\/2019\/09\/benchmark-logo.svg","width":1,"height":1,"caption":"Benchmark Internet Group, LLC"},"image":{"@id":"https:\/\/www.benchmarkemail.com\/fr\/#\/schema\/logo\/image\/"},"sameAs":["https:\/\/www.facebook.com\/BenchmarkEmail","https:\/\/x.com\/benchmarkemail","https:\/\/www.instagram.com\/benchmarkemail\/","https:\/\/www.linkedin.com\/company\/benchmark-email\/","https:\/\/www.youtube.com\/channel\/UCEQOJxM8HtdJpjkE1HO6L6Q"]}]}},"_links":{"self":[{"href":"https:\/\/www.benchmarkemail.com\/fr\/wp-json\/wp\/v2\/pages\/37259","targetHints":{"allow":["GET"]}}],"collection":[{"href":"https:\/\/www.benchmarkemail.com\/fr\/wp-json\/wp\/v2\/pages"}],"about":[{"href":"https:\/\/www.benchmarkemail.com\/fr\/wp-json\/wp\/v2\/types\/page"}],"author":[{"embeddable":true,"href":"https:\/\/www.benchmarkemail.com\/fr\/wp-json\/wp\/v2\/users\/7"}],"replies":[{"embeddable":true,"href":"https:\/\/www.benchmarkemail.com\/fr\/wp-json\/wp\/v2\/comments?post=37259"}],"version-history":[{"count":0,"href":"https:\/\/www.benchmarkemail.com\/fr\/wp-json\/wp\/v2\/pages\/37259\/revisions"}],"up":[{"embeddable":true,"href":"https:\/\/www.benchmarkemail.com\/fr\/wp-json\/wp\/v2\/pages\/18"}],"wp:attachment":[{"href":"https:\/\/www.benchmarkemail.com\/fr\/wp-json\/wp\/v2\/media?parent=37259"}],"curies":[{"name":"wp","href":"https:\/\/api.w.org\/{rel}","templated":true}]}}