{"id":38076,"date":"2024-03-08T16:52:18","date_gmt":"2024-03-08T16:52:18","guid":{"rendered":"https:\/\/www.benchmarkemail.com\/fr\/?page_id=38076"},"modified":"2024-03-11T13:37:59","modified_gmt":"2024-03-11T13:37:59","slug":"smart-design","status":"publish","type":"page","link":"https:\/\/www.benchmarkemail.com\/fr\/features\/smart-design\/","title":{"rendered":"Smart Design"},"content":{"rendered":"\r\n<h1>\r\n\t\tLe Design de l&#8217;email rendu sans effort gr\u00e2ce \u00e0 l&#8217;IA\r\n\t<\/h1>\r\n<h2>\r\n\t\tSmart Design est votre raccourci pour construire des campagnes emailing personnalis\u00e9es et marqu\u00e9es. Inscrivez-vous gratuitement pour g\u00e9n\u00e9rer votre email. \r\n\t<\/h2>\r\n\t\t\t<a href=\"https:\/\/ui.benchmarkemail.com\/fr\/register\" target=\"_self\" rel=\"noopener\">\r\n\t\t\t\t\t\t\tPOUR CR\u00c9ER VOTRE PREMIER EMAIL\r\n\t\t\t\t\t<\/a>\r\n\t\t\t\t<img loading=\"lazy\" decoding=\"async\" src=\"https:\/\/www.benchmarkemail.com\/wp-content\/uploads\/2024\/02\/Hero-Image.png\" alt=\"Hero-Image\" itemprop=\"image\" height=\"990\" width=\"1036\" title=\"Hero-Image\" onerror=\"this.style.display='none'\"  \/>\r\n\t\t\t\t<img loading=\"lazy\" decoding=\"async\" src=\"https:\/\/www.benchmarkemail.com\/wp-content\/uploads\/2024\/02\/Email-Creation-Easy.png\" alt=\"Email-Creation-Easy\" itemprop=\"image\" height=\"1010\" width=\"1118\" title=\"Email-Creation-Easy\" onerror=\"this.style.display='none'\"  \/>\r\n<h2>\r\n\t\tLa cr\u00e9ation d&#8217;emails en toute simplicit\u00e9.\r\n\t<\/h2>\r\n<h2>\r\n\t\tQue vous soyez un marketer chevronn\u00e9 ou un novice dans le monde des campagnes emailing, Smart Design vous permet de cr\u00e9er des emails de qualit\u00e9 professionnelle sans effort.\r\n\t<\/h2>\r\n\t\t\t<a href=\"https:\/\/ui.benchmarkemail.com\/fr\/register\" target=\"_self\" rel=\"noopener\">\r\n\t\t\t\t\t\t\tPOUR CR\u00c9ER VOTRE PREMIER EMAIL\r\n\t\t\t\t\t<\/a>\r\n<h2>\r\n\t\tDes emails con\u00e7us pour atteindre vos objectifs.\r\n\t<\/h2>\r\n<h2>\r\n\t\tAccueillez de nouveaux abonn\u00e9s, diffusez des mises \u00e0 jour r\u00e9guli\u00e8res ou pr\u00e9sentez vos derniers produits en toute simplicit\u00e9. Choisissez votre objectif et laissez Smart Design faire le reste !\r\n\t<\/h2>\r\n\t\t\t<a href=\"https:\/\/ui.benchmarkemail.com\/fr\/register\" target=\"_self\" rel=\"noopener\">\r\n\t\t\t\t\t\t\tPOUR CR\u00c9ER VOTRE PREMIER EMAIL\r\n\t\t\t\t\t<\/a>\r\n\t\t\t\t<img loading=\"lazy\" decoding=\"async\" src=\"https:\/\/www.benchmarkemail.com\/wp-content\/uploads\/2024\/02\/Email-Designed-To-Reach-Goals.png\" alt=\"Email-Designed-To-Reach-Goals\" itemprop=\"image\" height=\"971\" width=\"648\" title=\"Email-Designed-To-Reach-Goals\" onerror=\"this.style.display='none'\"  \/>\r\n\t\t\t\t<img decoding=\"async\" src=\"https:\/\/www.benchmarkemail.com\/wp-content\/uploads\/2024\/02\/Your-Brand-Your-Way.png\" alt=\"womensday-event-invitation\" itemprop=\"image\" title=\"womensday-event-invitation\" onerror=\"this.style.display='none'\"  \/>\r\n<h2>\r\n\t\tVotre marque, votre fa\u00e7on de faire.\r\n\t<\/h2>\r\n\t<p>Fini les mod\u00e8les \u00e0 l&#8217;emporte-pi\u00e8ce. Smart Design <a href=\"https:\/\/www.benchmarkemail.com\/fr\/features\/brand-kit\/\">+ Kit Marque utilise<\/a> votre logo, les couleurs de votre marque et les images de votre site web pour cr\u00e9er vos emails. Laissez une impression durable avec un design professionnel adapt\u00e9 \u00e0 votre marque.<\/p>\r\n\t\t\t<a href=\"https:\/\/ui.benchmarkemail.com\/fr\/register\" target=\"_self\" rel=\"noopener\">\r\n\t\t\t\t\t\t\tPOUR CR\u00c9ER VOTRE PREMIER EMAIL\r\n\t\t\t\t\t<\/a>\r\n<h2>\r\n\t\tDes emails qui s&#8217;\u00e9crivent tout seuls.\r\n\t<\/h2>\r\n<h2>\r\n\t\tR\u00e9diger un email n&#8217;a jamais \u00e9t\u00e9 aussi simple. Smart Design vous fournit un Contenu email personnalis\u00e9 qui s&#8217;aligne sur votre activit\u00e9 et incite \u00e0 l&#8217;action.\r\n\t<\/h2>\r\n\t\t\t<a href=\"https:\/\/ui.benchmarkemail.com\/fr\/register\" target=\"_self\" rel=\"noopener\">\r\n\t\t\t\t\t\t\tPOUR CR\u00c9ER VOTRE PREMIER EMAIL\r\n\t\t\t\t\t<\/a>\r\n\t\t\t\t<img loading=\"lazy\" decoding=\"async\" src=\"https:\/\/www.benchmarkemail.com\/wp-content\/uploads\/2024\/02\/Emails-That-Write-Themselves.png\" alt=\"Emails-That-Write-Themselves\" itemprop=\"image\" height=\"825\" width=\"1072\" title=\"Emails-That-Write-Themselves\" onerror=\"this.style.display='none'\"  \/>\r\n\t\t\t\t<img loading=\"lazy\" decoding=\"async\" src=\"https:\/\/www.benchmarkemail.com\/wp-content\/uploads\/2024\/02\/Sparkles-AI.svg\" alt=\"Sparkles-AI\" itemprop=\"image\" height=\"42\" width=\"43\" title=\"Sparkles-AI\" onerror=\"this.style.display='none'\"  \/>\r\n<h2>\r\n\t\tTravaillez plus intelligemment, pas plus durement\r\n\t<\/h2>\r\n\t<p>Cr\u00e9ez un compte gratuit et cr\u00e9ez votre premier email avec Smart Design.<\/p>\r\n\t\t\t<a href=\"https:\/\/ui.benchmarkemail.com\/fr\/register\" target=\"_self\" rel=\"noopener\">\r\n\t\t\t\t\t\t\tPOUR CR\u00c9ER VOTRE PREMIER EMAIL\r\n\t\t\t\t\t<\/a>\r\n\r\n","protected":false},"excerpt":{"rendered":"<p>Le Design de l&#8217;email rendu sans effort gr\u00e2ce \u00e0 l&#8217;IA Smart Design est votre raccourci pour construire des campagnes emailing personnalis\u00e9es et marqu\u00e9es. Inscrivez-vous gratuitement pour g\u00e9n\u00e9rer votre email. POUR CR\u00c9ER VOTRE PREMIER EMAIL La cr\u00e9ation d&#8217;emails en toute simplicit\u00e9. Que vous soyez un marketer chevronn\u00e9 ou un novice dans le monde des campagnes emailing,&hellip;<\/p>\n","protected":false},"author":7,"featured_media":0,"parent":18,"menu_order":0,"comment_status":"closed","ping_status":"closed","template":"","meta":{"inline_featured_image":false,"footnotes":""},"class_list":["post-38076","page","type-page","status-publish","hentry"],"yoast_head":"<!-- This site is optimized with the Yoast SEO plugin v27.3 - https:\/\/yoast.com\/product\/yoast-seo-wordpress\/ -->\n<title>Smart Design : AI pour le Design de l&#039;email<\/title>\n<meta name=\"description\" content=\"Concevez des mod\u00e8les adapt\u00e9s \u00e0 votre marque en quelques secondes avec l&#039;IA de Benchmark Email pour l&#039;email marketing - sauvegardez votre temps et mettez en avant votre identit\u00e9 visuelle ! \ud83c\udfa8\u2728\" \/>\n<meta name=\"robots\" content=\"index, follow, max-snippet:-1, max-image-preview:large, max-video-preview:-1\" \/>\n<link rel=\"canonical\" href=\"https:\/\/www.benchmarkemail.com\/fr\/features\/smart-design\/\" \/>\n<meta property=\"og:locale\" content=\"en_US\" \/>\n<meta property=\"og:type\" content=\"article\" \/>\n<meta property=\"og:title\" content=\"Smart Design : AI pour le Design de l&#039;email\" \/>\n<meta property=\"og:description\" content=\"Concevez des mod\u00e8les adapt\u00e9s \u00e0 votre marque en quelques secondes avec l&#039;IA de Benchmark Email pour l&#039;email marketing - sauvegardez votre temps et mettez en avant votre identit\u00e9 visuelle ! \ud83c\udfa8\u2728\" \/>\n<meta property=\"og:url\" content=\"https:\/\/www.benchmarkemail.com\/fr\/features\/smart-design\/\" \/>\n<meta property=\"og:site_name\" content=\"Benchmark Email en fran\u00e7ais\" \/>\n<meta property=\"article:publisher\" content=\"https:\/\/www.facebook.com\/BenchmarkEmail\" \/>\n<meta property=\"article:modified_time\" content=\"2024-03-11T13:37:59+00:00\" \/>\n<meta property=\"og:image\" content=\"https:\/\/www.benchmarkemail.com\/wp-content\/uploads\/2024\/02\/Hero-Image.png\" \/>\n<meta name=\"twitter:card\" content=\"summary_large_image\" \/>\n<meta name=\"twitter:site\" content=\"@benchmarkemail\" \/>\n<meta name=\"twitter:label1\" content=\"Est. reading time\" \/>\n\t<meta name=\"twitter:data1\" content=\"3 minutes\" \/>\n<script type=\"application\/ld+json\" class=\"yoast-schema-graph\">{\"@context\":\"https:\\\/\\\/schema.org\",\"@graph\":[{\"@type\":\"WebPage\",\"@id\":\"https:\\\/\\\/www.benchmarkemail.com\\\/fr\\\/features\\\/smart-design\\\/\",\"url\":\"https:\\\/\\\/www.benchmarkemail.com\\\/fr\\\/features\\\/smart-design\\\/\",\"name\":\"Smart Design : AI pour le Design de l'email\",\"isPartOf\":{\"@id\":\"https:\\\/\\\/www.benchmarkemail.com\\\/fr\\\/#website\"},\"primaryImageOfPage\":{\"@id\":\"https:\\\/\\\/www.benchmarkemail.com\\\/fr\\\/features\\\/smart-design\\\/#primaryimage\"},\"image\":{\"@id\":\"https:\\\/\\\/www.benchmarkemail.com\\\/fr\\\/features\\\/smart-design\\\/#primaryimage\"},\"thumbnailUrl\":\"https:\\\/\\\/www.benchmarkemail.com\\\/wp-content\\\/uploads\\\/2024\\\/02\\\/Hero-Image.png\",\"datePublished\":\"2024-03-08T16:52:18+00:00\",\"dateModified\":\"2024-03-11T13:37:59+00:00\",\"description\":\"Concevez des mod\u00e8les adapt\u00e9s \u00e0 votre marque en quelques secondes avec l'IA de Benchmark Email pour l'email marketing - sauvegardez votre temps et mettez en avant votre identit\u00e9 visuelle ! \ud83c\udfa8\u2728\",\"breadcrumb\":{\"@id\":\"https:\\\/\\\/www.benchmarkemail.com\\\/fr\\\/features\\\/smart-design\\\/#breadcrumb\"},\"inLanguage\":\"en-US\",\"potentialAction\":[{\"@type\":\"ReadAction\",\"target\":[\"https:\\\/\\\/www.benchmarkemail.com\\\/fr\\\/features\\\/smart-design\\\/\"]}]},{\"@type\":\"ImageObject\",\"inLanguage\":\"en-US\",\"@id\":\"https:\\\/\\\/www.benchmarkemail.com\\\/fr\\\/features\\\/smart-design\\\/#primaryimage\",\"url\":\"https:\\\/\\\/www.benchmarkemail.com\\\/wp-content\\\/uploads\\\/2024\\\/02\\\/Hero-Image.png\",\"contentUrl\":\"https:\\\/\\\/www.benchmarkemail.com\\\/wp-content\\\/uploads\\\/2024\\\/02\\\/Hero-Image.png\"},{\"@type\":\"BreadcrumbList\",\"@id\":\"https:\\\/\\\/www.benchmarkemail.com\\\/fr\\\/features\\\/smart-design\\\/#breadcrumb\",\"itemListElement\":[{\"@type\":\"ListItem\",\"position\":1,\"name\":\"Home\",\"item\":\"https:\\\/\\\/www.benchmarkemail.com\\\/fr\\\/\"},{\"@type\":\"ListItem\",\"position\":2,\"name\":\"Features\",\"item\":\"https:\\\/\\\/www.benchmarkemail.com\\\/fr\\\/features\\\/\"},{\"@type\":\"ListItem\",\"position\":3,\"name\":\"Smart Design\"}]},{\"@type\":\"WebSite\",\"@id\":\"https:\\\/\\\/www.benchmarkemail.com\\\/fr\\\/#website\",\"url\":\"https:\\\/\\\/www.benchmarkemail.com\\\/fr\\\/\",\"name\":\"Benchmark Email en fran\u00e7ais\",\"description\":\"Outil de marketing digital. D\u00e9couvrez ou approfondissez vos connaissances en email marketing, automatisations, captation de prospects... et bien plus encore !\",\"publisher\":{\"@id\":\"https:\\\/\\\/www.benchmarkemail.com\\\/fr\\\/#organization\"},\"potentialAction\":[{\"@type\":\"SearchAction\",\"target\":{\"@type\":\"EntryPoint\",\"urlTemplate\":\"https:\\\/\\\/www.benchmarkemail.com\\\/fr\\\/?s={search_term_string}\"},\"query-input\":{\"@type\":\"PropertyValueSpecification\",\"valueRequired\":true,\"valueName\":\"search_term_string\"}}],\"inLanguage\":\"en-US\"},{\"@type\":\"Organization\",\"@id\":\"https:\\\/\\\/www.benchmarkemail.com\\\/fr\\\/#organization\",\"name\":\"Benchmark Internet Group, LLC\",\"url\":\"https:\\\/\\\/www.benchmarkemail.com\\\/fr\\\/\",\"logo\":{\"@type\":\"ImageObject\",\"inLanguage\":\"en-US\",\"@id\":\"https:\\\/\\\/www.benchmarkemail.com\\\/fr\\\/#\\\/schema\\\/logo\\\/image\\\/\",\"url\":\"https:\\\/\\\/www.benchmarkemail.com\\\/fr\\\/wp-content\\\/uploads\\\/sites\\\/3\\\/2019\\\/09\\\/benchmark-logo.svg\",\"contentUrl\":\"https:\\\/\\\/www.benchmarkemail.com\\\/fr\\\/wp-content\\\/uploads\\\/sites\\\/3\\\/2019\\\/09\\\/benchmark-logo.svg\",\"width\":1,\"height\":1,\"caption\":\"Benchmark Internet Group, LLC\"},\"image\":{\"@id\":\"https:\\\/\\\/www.benchmarkemail.com\\\/fr\\\/#\\\/schema\\\/logo\\\/image\\\/\"},\"sameAs\":[\"https:\\\/\\\/www.facebook.com\\\/BenchmarkEmail\",\"https:\\\/\\\/x.com\\\/benchmarkemail\",\"https:\\\/\\\/www.instagram.com\\\/benchmarkemail\\\/\",\"https:\\\/\\\/www.linkedin.com\\\/company\\\/benchmark-email\\\/\",\"https:\\\/\\\/www.youtube.com\\\/channel\\\/UCEQOJxM8HtdJpjkE1HO6L6Q\"]}]}<\/script>\n<!-- \/ Yoast SEO plugin. -->","yoast_head_json":{"title":"Smart Design : AI pour le Design de l'email","description":"Concevez des mod\u00e8les adapt\u00e9s \u00e0 votre marque en quelques secondes avec l'IA de Benchmark Email pour l'email marketing - sauvegardez votre temps et mettez en avant votre identit\u00e9 visuelle ! \ud83c\udfa8\u2728","robots":{"index":"index","follow":"follow","max-snippet":"max-snippet:-1","max-image-preview":"max-image-preview:large","max-video-preview":"max-video-preview:-1"},"canonical":"https:\/\/www.benchmarkemail.com\/fr\/features\/smart-design\/","og_locale":"en_US","og_type":"article","og_title":"Smart Design : AI pour le Design de l'email","og_description":"Concevez des mod\u00e8les adapt\u00e9s \u00e0 votre marque en quelques secondes avec l'IA de Benchmark Email pour l'email marketing - sauvegardez votre temps et mettez en avant votre identit\u00e9 visuelle ! \ud83c\udfa8\u2728","og_url":"https:\/\/www.benchmarkemail.com\/fr\/features\/smart-design\/","og_site_name":"Benchmark Email en fran\u00e7ais","article_publisher":"https:\/\/www.facebook.com\/BenchmarkEmail","article_modified_time":"2024-03-11T13:37:59+00:00","og_image":[{"url":"https:\/\/www.benchmarkemail.com\/wp-content\/uploads\/2024\/02\/Hero-Image.png","type":"","width":"","height":""}],"twitter_card":"summary_large_image","twitter_site":"@benchmarkemail","twitter_misc":{"Est. reading time":"3 minutes"},"schema":{"@context":"https:\/\/schema.org","@graph":[{"@type":"WebPage","@id":"https:\/\/www.benchmarkemail.com\/fr\/features\/smart-design\/","url":"https:\/\/www.benchmarkemail.com\/fr\/features\/smart-design\/","name":"Smart Design : AI pour le Design de l'email","isPartOf":{"@id":"https:\/\/www.benchmarkemail.com\/fr\/#website"},"primaryImageOfPage":{"@id":"https:\/\/www.benchmarkemail.com\/fr\/features\/smart-design\/#primaryimage"},"image":{"@id":"https:\/\/www.benchmarkemail.com\/fr\/features\/smart-design\/#primaryimage"},"thumbnailUrl":"https:\/\/www.benchmarkemail.com\/wp-content\/uploads\/2024\/02\/Hero-Image.png","datePublished":"2024-03-08T16:52:18+00:00","dateModified":"2024-03-11T13:37:59+00:00","description":"Concevez des mod\u00e8les adapt\u00e9s \u00e0 votre marque en quelques secondes avec l'IA de Benchmark Email pour l'email marketing - sauvegardez votre temps et mettez en avant votre identit\u00e9 visuelle ! \ud83c\udfa8\u2728","breadcrumb":{"@id":"https:\/\/www.benchmarkemail.com\/fr\/features\/smart-design\/#breadcrumb"},"inLanguage":"en-US","potentialAction":[{"@type":"ReadAction","target":["https:\/\/www.benchmarkemail.com\/fr\/features\/smart-design\/"]}]},{"@type":"ImageObject","inLanguage":"en-US","@id":"https:\/\/www.benchmarkemail.com\/fr\/features\/smart-design\/#primaryimage","url":"https:\/\/www.benchmarkemail.com\/wp-content\/uploads\/2024\/02\/Hero-Image.png","contentUrl":"https:\/\/www.benchmarkemail.com\/wp-content\/uploads\/2024\/02\/Hero-Image.png"},{"@type":"BreadcrumbList","@id":"https:\/\/www.benchmarkemail.com\/fr\/features\/smart-design\/#breadcrumb","itemListElement":[{"@type":"ListItem","position":1,"name":"Home","item":"https:\/\/www.benchmarkemail.com\/fr\/"},{"@type":"ListItem","position":2,"name":"Features","item":"https:\/\/www.benchmarkemail.com\/fr\/features\/"},{"@type":"ListItem","position":3,"name":"Smart Design"}]},{"@type":"WebSite","@id":"https:\/\/www.benchmarkemail.com\/fr\/#website","url":"https:\/\/www.benchmarkemail.com\/fr\/","name":"Benchmark Email en fran\u00e7ais","description":"Outil de marketing digital. D\u00e9couvrez ou approfondissez vos connaissances en email marketing, automatisations, captation de prospects... et bien plus encore !","publisher":{"@id":"https:\/\/www.benchmarkemail.com\/fr\/#organization"},"potentialAction":[{"@type":"SearchAction","target":{"@type":"EntryPoint","urlTemplate":"https:\/\/www.benchmarkemail.com\/fr\/?s={search_term_string}"},"query-input":{"@type":"PropertyValueSpecification","valueRequired":true,"valueName":"search_term_string"}}],"inLanguage":"en-US"},{"@type":"Organization","@id":"https:\/\/www.benchmarkemail.com\/fr\/#organization","name":"Benchmark Internet Group, LLC","url":"https:\/\/www.benchmarkemail.com\/fr\/","logo":{"@type":"ImageObject","inLanguage":"en-US","@id":"https:\/\/www.benchmarkemail.com\/fr\/#\/schema\/logo\/image\/","url":"https:\/\/www.benchmarkemail.com\/fr\/wp-content\/uploads\/sites\/3\/2019\/09\/benchmark-logo.svg","contentUrl":"https:\/\/www.benchmarkemail.com\/fr\/wp-content\/uploads\/sites\/3\/2019\/09\/benchmark-logo.svg","width":1,"height":1,"caption":"Benchmark Internet Group, LLC"},"image":{"@id":"https:\/\/www.benchmarkemail.com\/fr\/#\/schema\/logo\/image\/"},"sameAs":["https:\/\/www.facebook.com\/BenchmarkEmail","https:\/\/x.com\/benchmarkemail","https:\/\/www.instagram.com\/benchmarkemail\/","https:\/\/www.linkedin.com\/company\/benchmark-email\/","https:\/\/www.youtube.com\/channel\/UCEQOJxM8HtdJpjkE1HO6L6Q"]}]}},"_links":{"self":[{"href":"https:\/\/www.benchmarkemail.com\/fr\/wp-json\/wp\/v2\/pages\/38076","targetHints":{"allow":["GET"]}}],"collection":[{"href":"https:\/\/www.benchmarkemail.com\/fr\/wp-json\/wp\/v2\/pages"}],"about":[{"href":"https:\/\/www.benchmarkemail.com\/fr\/wp-json\/wp\/v2\/types\/page"}],"author":[{"embeddable":true,"href":"https:\/\/www.benchmarkemail.com\/fr\/wp-json\/wp\/v2\/users\/7"}],"replies":[{"embeddable":true,"href":"https:\/\/www.benchmarkemail.com\/fr\/wp-json\/wp\/v2\/comments?post=38076"}],"version-history":[{"count":0,"href":"https:\/\/www.benchmarkemail.com\/fr\/wp-json\/wp\/v2\/pages\/38076\/revisions"}],"up":[{"embeddable":true,"href":"https:\/\/www.benchmarkemail.com\/fr\/wp-json\/wp\/v2\/pages\/18"}],"wp:attachment":[{"href":"https:\/\/www.benchmarkemail.com\/fr\/wp-json\/wp\/v2\/media?parent=38076"}],"curies":[{"name":"wp","href":"https:\/\/api.w.org\/{rel}","templated":true}]}}