{"id":38866,"date":"2024-04-26T18:48:37","date_gmt":"2024-04-26T18:48:37","guid":{"rendered":"https:\/\/www.benchmarkemail.com\/fr\/?page_id=38866"},"modified":"2024-06-24T06:25:21","modified_gmt":"2024-06-24T06:25:21","slug":"canva","status":"publish","type":"page","link":"https:\/\/www.benchmarkemail.com\/fr\/features\/integrations\/canva\/","title":{"rendered":"Design de l&#8217;email avec Canva"},"content":{"rendered":"\n<h2>\n\t\tDesign de l&#8217;email avec Canva\n\t<\/h2>\n\t<p>Envoyez facilement vos designs d&#8217;emails Canva<\/p>\n\t\t\t\t<img loading=\"lazy\" decoding=\"async\" src=\"https:\/\/www.benchmarkemail.com\/fr\/wp-content\/uploads\/sites\/3\/2024\/04\/Group-3055-1-300x101-1.png\" alt=\"Group-3055-1-300x101\" height=\"101\" width=\"300\" title=\"Group-3055-1-300x101\" \/>\n\t\t\t<a href=\"https:\/\/kb.benchmarkemail.com\/fr\/benchmark-email-canva-integration\/\" target=\"_blank\" rel=\"noopener\">\n\t\t\t\t\t\t\tEn savoir plus\n\t\t\t\t\t<\/a>\n\t<p>Transformer les designs Canva en mod\u00e8les d&#8217;emails vientde devenir plus facile. <\/p>\n\t<p>Publiez vos designs Canva dans votre Galerie d&#8217;images Benchmark Email en un seul clic. Ensuite, ajoutez facilement vos designs Canva en tant qu&#8217;images \u00e0 vos mod\u00e8les d&#8217;emails. Il est facile de construire des emails uniques qui obtiennent des r\u00e9sultats.<\/p>\n\t\t\t<a href=\"https:\/\/ui.benchmarkemail.com\/fr\/register?utm_medium=organic&#038;utm_source=website&#038;utm_campaign=canva-integration\" target=\"_blank\" rel=\"noopener\">\n\t\t\t\t\t\t\tD\u00c9MARRER\n\t\t\t\t\t<\/a>\n\t\t\t\t<img loading=\"lazy\" decoding=\"async\" src=\"https:\/\/www.benchmarkemail.com\/fr\/wp-content\/uploads\/sites\/3\/2024\/04\/Adding-Images.png\" alt=\"Adding-Images\" height=\"870\" width=\"1160\" title=\"Adding-Images\" \/>\n\t\t\t\t<img loading=\"lazy\" decoding=\"async\" src=\"https:\/\/www.benchmarkemail.com\/fr\/wp-content\/uploads\/sites\/3\/2024\/04\/Drag-and-drop-Benchmark-Email-Canva.png\" alt=\"Drag-and-drop-Benchmark-Email-Canva\" height=\"857\" width=\"1175\" title=\"Drag-and-drop-Benchmark-Email-Canva\" \/>\n\t<p>Vous n&#8217;\u00eates pas designer ? Pas de probl\u00e8me !<\/p>\n\t<p>Canva propose des centaines de mod\u00e8les parfaitement adapt\u00e9s \u00e0 l&#8217;email marketing :<\/p>\n\t<p><img decoding=\"async\" src=\"https:\/\/www.benchmarkemail.com\/es\/wp-content\/uploads\/sites\/4\/2024\/04\/email.png\" \/> En-t\u00eates d&#8217;emails<\/p>\n\t<p><img decoding=\"async\" src=\"https:\/\/www.benchmarkemail.com\/es\/wp-content\/uploads\/sites\/4\/2024\/04\/photo.png\" \/>Images<\/p>\n\t<p><img decoding=\"async\" src=\"https:\/\/www.benchmarkemail.com\/es\/wp-content\/uploads\/sites\/4\/2024\/04\/em_sig.png\" \/>Signatures d&#8217;email<\/p>\n\t<p><a href=\"https:\/\/ui.benchmarkemail.com\/es\/register\">D\u00e9marrer &gt; <\/a><\/p>\n\t<p><strong>Que concevrez-vous aujourd&#8217;hui ?<\/strong><\/p>\n\t<p>Des outils faciles \u00e0 utiliser qui vous permettent de laisser libre cours \u00e0 votre cr\u00e9ativit\u00e9 fonctionnent encore mieux ensemble. Avec l&#8217;int\u00e9gration de Canva chez Benchmark Email, l&#8217;email marketing est d\u00e9sormais la partie la plus facile &#8211; et osons le dire, la plus amusante &#8211; de votre journ\u00e9e !<\/p>\n\t\t\t<a href=\"https:\/\/ui.benchmarkemail.com\/fr\/register?utm_medium=organic&#038;utm_source=website&#038;utm_campaign=canva-integration\" target=\"_self\" rel=\"noopener\">\n\t\t\t\t\t\t\tD\u00c9MARRER\n\t\t\t\t\t<\/a>\n\t\t\t\t<img loading=\"lazy\" decoding=\"async\" src=\"https:\/\/www.benchmarkemail.com\/fr\/wp-content\/uploads\/sites\/3\/2024\/04\/Group-3063.png\" alt=\"Group 3063\" height=\"1102\" width=\"1131\" title=\"Group 3063\" \/>\n\t<p>Ressources pour le Design de l&#8217;email, juste pour vous<\/p>\n\n","protected":false},"excerpt":{"rendered":"<p>Design de l&#8217;email avec Canva Envoyez facilement vos designs d&#8217;emails Canva En savoir plus Transformer les designs Canva en mod\u00e8les d&#8217;emails vientde devenir plus facile. Publiez vos designs Canva dans votre Galerie d&#8217;images Benchmark Email en un seul clic. Ensuite, ajoutez facilement vos designs Canva en tant qu&#8217;images \u00e0 vos mod\u00e8les d&#8217;emails. Il est facile&hellip;<\/p>\n","protected":false},"author":7,"featured_media":0,"parent":28,"menu_order":0,"comment_status":"closed","ping_status":"closed","template":"","meta":{"inline_featured_image":false,"footnotes":""},"class_list":["post-38866","page","type-page","status-publish","hentry"],"yoast_head":"<!-- This site is optimized with the Yoast SEO plugin v27.4 - https:\/\/yoast.com\/product\/yoast-seo-wordpress\/ -->\n<title>Design de l&#039;email avec Canva - Benchmark Email<\/title>\n<meta name=\"description\" content=\"Envoyez facilement vos designs d&#039;emails Canva\" \/>\n<meta name=\"robots\" content=\"index, follow, max-snippet:-1, max-image-preview:large, max-video-preview:-1\" \/>\n<link rel=\"canonical\" href=\"https:\/\/www.benchmarkemail.com\/fr\/features\/integrations\/canva\/\" \/>\n<meta property=\"og:locale\" content=\"en_US\" \/>\n<meta property=\"og:type\" content=\"article\" \/>\n<meta property=\"og:title\" content=\"Design de l&#039;email avec Canva - Benchmark Email\" \/>\n<meta property=\"og:description\" content=\"Envoyez facilement vos designs d&#039;emails Canva\" \/>\n<meta property=\"og:url\" content=\"https:\/\/www.benchmarkemail.com\/fr\/features\/integrations\/canva\/\" \/>\n<meta property=\"og:site_name\" content=\"Benchmark Email en fran\u00e7ais\" \/>\n<meta property=\"article:publisher\" content=\"https:\/\/www.facebook.com\/BenchmarkEmail\" \/>\n<meta property=\"article:modified_time\" content=\"2024-06-24T06:25:21+00:00\" \/>\n<meta property=\"og:image\" content=\"https:\/\/www.benchmarkemail.com\/fr\/wp-content\/uploads\/sites\/3\/2024\/04\/Group-3055-1-300x101-1.png\" \/>\n<meta name=\"twitter:card\" content=\"summary_large_image\" \/>\n<meta name=\"twitter:site\" content=\"@benchmarkemail\" \/>\n<script type=\"application\/ld+json\" class=\"yoast-schema-graph\">{\"@context\":\"https:\\\/\\\/schema.org\",\"@graph\":[{\"@type\":\"WebPage\",\"@id\":\"https:\\\/\\\/www.benchmarkemail.com\\\/fr\\\/features\\\/integrations\\\/canva\\\/\",\"url\":\"https:\\\/\\\/www.benchmarkemail.com\\\/fr\\\/features\\\/integrations\\\/canva\\\/\",\"name\":\"Design de l'email avec Canva - Benchmark Email\",\"isPartOf\":{\"@id\":\"https:\\\/\\\/www.benchmarkemail.com\\\/fr\\\/#website\"},\"primaryImageOfPage\":{\"@id\":\"https:\\\/\\\/www.benchmarkemail.com\\\/fr\\\/features\\\/integrations\\\/canva\\\/#primaryimage\"},\"image\":{\"@id\":\"https:\\\/\\\/www.benchmarkemail.com\\\/fr\\\/features\\\/integrations\\\/canva\\\/#primaryimage\"},\"thumbnailUrl\":\"https:\\\/\\\/www.benchmarkemail.com\\\/fr\\\/wp-content\\\/uploads\\\/sites\\\/3\\\/2024\\\/04\\\/Group-3055-1-300x101-1.png\",\"datePublished\":\"2024-04-26T18:48:37+00:00\",\"dateModified\":\"2024-06-24T06:25:21+00:00\",\"description\":\"Envoyez facilement vos designs d'emails Canva\",\"breadcrumb\":{\"@id\":\"https:\\\/\\\/www.benchmarkemail.com\\\/fr\\\/features\\\/integrations\\\/canva\\\/#breadcrumb\"},\"inLanguage\":\"en-US\",\"potentialAction\":[{\"@type\":\"ReadAction\",\"target\":[\"https:\\\/\\\/www.benchmarkemail.com\\\/fr\\\/features\\\/integrations\\\/canva\\\/\"]}]},{\"@type\":\"ImageObject\",\"inLanguage\":\"en-US\",\"@id\":\"https:\\\/\\\/www.benchmarkemail.com\\\/fr\\\/features\\\/integrations\\\/canva\\\/#primaryimage\",\"url\":\"https:\\\/\\\/www.benchmarkemail.com\\\/fr\\\/wp-content\\\/uploads\\\/sites\\\/3\\\/2024\\\/04\\\/Group-3055-1-300x101-1.png\",\"contentUrl\":\"https:\\\/\\\/www.benchmarkemail.com\\\/fr\\\/wp-content\\\/uploads\\\/sites\\\/3\\\/2024\\\/04\\\/Group-3055-1-300x101-1.png\",\"width\":300,\"height\":101},{\"@type\":\"BreadcrumbList\",\"@id\":\"https:\\\/\\\/www.benchmarkemail.com\\\/fr\\\/features\\\/integrations\\\/canva\\\/#breadcrumb\",\"itemListElement\":[{\"@type\":\"ListItem\",\"position\":1,\"name\":\"Home\",\"item\":\"https:\\\/\\\/www.benchmarkemail.com\\\/fr\\\/\"},{\"@type\":\"ListItem\",\"position\":2,\"name\":\"Features\",\"item\":\"https:\\\/\\\/www.benchmarkemail.com\\\/fr\\\/features\\\/\"},{\"@type\":\"ListItem\",\"position\":3,\"name\":\"Integrations\",\"item\":\"https:\\\/\\\/www.benchmarkemail.com\\\/fr\\\/features\\\/integrations\\\/\"},{\"@type\":\"ListItem\",\"position\":4,\"name\":\"Design de l&#8217;email avec Canva\"}]},{\"@type\":\"WebSite\",\"@id\":\"https:\\\/\\\/www.benchmarkemail.com\\\/fr\\\/#website\",\"url\":\"https:\\\/\\\/www.benchmarkemail.com\\\/fr\\\/\",\"name\":\"Benchmark Email en fran\u00e7ais\",\"description\":\"Outil de marketing digital. D\u00e9couvrez ou approfondissez vos connaissances en email marketing, automatisations, captation de prospects... et bien plus encore !\",\"publisher\":{\"@id\":\"https:\\\/\\\/www.benchmarkemail.com\\\/fr\\\/#organization\"},\"potentialAction\":[{\"@type\":\"SearchAction\",\"target\":{\"@type\":\"EntryPoint\",\"urlTemplate\":\"https:\\\/\\\/www.benchmarkemail.com\\\/fr\\\/?s={search_term_string}\"},\"query-input\":{\"@type\":\"PropertyValueSpecification\",\"valueRequired\":true,\"valueName\":\"search_term_string\"}}],\"inLanguage\":\"en-US\"},{\"@type\":\"Organization\",\"@id\":\"https:\\\/\\\/www.benchmarkemail.com\\\/fr\\\/#organization\",\"name\":\"Benchmark Internet Group, LLC\",\"url\":\"https:\\\/\\\/www.benchmarkemail.com\\\/fr\\\/\",\"logo\":{\"@type\":\"ImageObject\",\"inLanguage\":\"en-US\",\"@id\":\"https:\\\/\\\/www.benchmarkemail.com\\\/fr\\\/#\\\/schema\\\/logo\\\/image\\\/\",\"url\":\"https:\\\/\\\/www.benchmarkemail.com\\\/fr\\\/wp-content\\\/uploads\\\/sites\\\/3\\\/2019\\\/09\\\/benchmark-logo.svg\",\"contentUrl\":\"https:\\\/\\\/www.benchmarkemail.com\\\/fr\\\/wp-content\\\/uploads\\\/sites\\\/3\\\/2019\\\/09\\\/benchmark-logo.svg\",\"width\":1,\"height\":1,\"caption\":\"Benchmark Internet Group, LLC\"},\"image\":{\"@id\":\"https:\\\/\\\/www.benchmarkemail.com\\\/fr\\\/#\\\/schema\\\/logo\\\/image\\\/\"},\"sameAs\":[\"https:\\\/\\\/www.facebook.com\\\/BenchmarkEmail\",\"https:\\\/\\\/x.com\\\/benchmarkemail\",\"https:\\\/\\\/www.instagram.com\\\/benchmarkemail\\\/\",\"https:\\\/\\\/www.linkedin.com\\\/company\\\/benchmark-email\\\/\",\"https:\\\/\\\/www.youtube.com\\\/channel\\\/UCEQOJxM8HtdJpjkE1HO6L6Q\"]}]}<\/script>\n<!-- \/ Yoast SEO plugin. -->","yoast_head_json":{"title":"Design de l'email avec Canva - Benchmark Email","description":"Envoyez facilement vos designs d'emails Canva","robots":{"index":"index","follow":"follow","max-snippet":"max-snippet:-1","max-image-preview":"max-image-preview:large","max-video-preview":"max-video-preview:-1"},"canonical":"https:\/\/www.benchmarkemail.com\/fr\/features\/integrations\/canva\/","og_locale":"en_US","og_type":"article","og_title":"Design de l'email avec Canva - Benchmark Email","og_description":"Envoyez facilement vos designs d'emails Canva","og_url":"https:\/\/www.benchmarkemail.com\/fr\/features\/integrations\/canva\/","og_site_name":"Benchmark Email en fran\u00e7ais","article_publisher":"https:\/\/www.facebook.com\/BenchmarkEmail","article_modified_time":"2024-06-24T06:25:21+00:00","og_image":[{"url":"https:\/\/www.benchmarkemail.com\/fr\/wp-content\/uploads\/sites\/3\/2024\/04\/Group-3055-1-300x101-1.png","type":"","width":"","height":""}],"twitter_card":"summary_large_image","twitter_site":"@benchmarkemail","schema":{"@context":"https:\/\/schema.org","@graph":[{"@type":"WebPage","@id":"https:\/\/www.benchmarkemail.com\/fr\/features\/integrations\/canva\/","url":"https:\/\/www.benchmarkemail.com\/fr\/features\/integrations\/canva\/","name":"Design de l'email avec Canva - Benchmark Email","isPartOf":{"@id":"https:\/\/www.benchmarkemail.com\/fr\/#website"},"primaryImageOfPage":{"@id":"https:\/\/www.benchmarkemail.com\/fr\/features\/integrations\/canva\/#primaryimage"},"image":{"@id":"https:\/\/www.benchmarkemail.com\/fr\/features\/integrations\/canva\/#primaryimage"},"thumbnailUrl":"https:\/\/www.benchmarkemail.com\/fr\/wp-content\/uploads\/sites\/3\/2024\/04\/Group-3055-1-300x101-1.png","datePublished":"2024-04-26T18:48:37+00:00","dateModified":"2024-06-24T06:25:21+00:00","description":"Envoyez facilement vos designs d'emails Canva","breadcrumb":{"@id":"https:\/\/www.benchmarkemail.com\/fr\/features\/integrations\/canva\/#breadcrumb"},"inLanguage":"en-US","potentialAction":[{"@type":"ReadAction","target":["https:\/\/www.benchmarkemail.com\/fr\/features\/integrations\/canva\/"]}]},{"@type":"ImageObject","inLanguage":"en-US","@id":"https:\/\/www.benchmarkemail.com\/fr\/features\/integrations\/canva\/#primaryimage","url":"https:\/\/www.benchmarkemail.com\/fr\/wp-content\/uploads\/sites\/3\/2024\/04\/Group-3055-1-300x101-1.png","contentUrl":"https:\/\/www.benchmarkemail.com\/fr\/wp-content\/uploads\/sites\/3\/2024\/04\/Group-3055-1-300x101-1.png","width":300,"height":101},{"@type":"BreadcrumbList","@id":"https:\/\/www.benchmarkemail.com\/fr\/features\/integrations\/canva\/#breadcrumb","itemListElement":[{"@type":"ListItem","position":1,"name":"Home","item":"https:\/\/www.benchmarkemail.com\/fr\/"},{"@type":"ListItem","position":2,"name":"Features","item":"https:\/\/www.benchmarkemail.com\/fr\/features\/"},{"@type":"ListItem","position":3,"name":"Integrations","item":"https:\/\/www.benchmarkemail.com\/fr\/features\/integrations\/"},{"@type":"ListItem","position":4,"name":"Design de l&#8217;email avec Canva"}]},{"@type":"WebSite","@id":"https:\/\/www.benchmarkemail.com\/fr\/#website","url":"https:\/\/www.benchmarkemail.com\/fr\/","name":"Benchmark Email en fran\u00e7ais","description":"Outil de marketing digital. D\u00e9couvrez ou approfondissez vos connaissances en email marketing, automatisations, captation de prospects... et bien plus encore !","publisher":{"@id":"https:\/\/www.benchmarkemail.com\/fr\/#organization"},"potentialAction":[{"@type":"SearchAction","target":{"@type":"EntryPoint","urlTemplate":"https:\/\/www.benchmarkemail.com\/fr\/?s={search_term_string}"},"query-input":{"@type":"PropertyValueSpecification","valueRequired":true,"valueName":"search_term_string"}}],"inLanguage":"en-US"},{"@type":"Organization","@id":"https:\/\/www.benchmarkemail.com\/fr\/#organization","name":"Benchmark Internet Group, LLC","url":"https:\/\/www.benchmarkemail.com\/fr\/","logo":{"@type":"ImageObject","inLanguage":"en-US","@id":"https:\/\/www.benchmarkemail.com\/fr\/#\/schema\/logo\/image\/","url":"https:\/\/www.benchmarkemail.com\/fr\/wp-content\/uploads\/sites\/3\/2019\/09\/benchmark-logo.svg","contentUrl":"https:\/\/www.benchmarkemail.com\/fr\/wp-content\/uploads\/sites\/3\/2019\/09\/benchmark-logo.svg","width":1,"height":1,"caption":"Benchmark Internet Group, LLC"},"image":{"@id":"https:\/\/www.benchmarkemail.com\/fr\/#\/schema\/logo\/image\/"},"sameAs":["https:\/\/www.facebook.com\/BenchmarkEmail","https:\/\/x.com\/benchmarkemail","https:\/\/www.instagram.com\/benchmarkemail\/","https:\/\/www.linkedin.com\/company\/benchmark-email\/","https:\/\/www.youtube.com\/channel\/UCEQOJxM8HtdJpjkE1HO6L6Q"]}]}},"_links":{"self":[{"href":"https:\/\/www.benchmarkemail.com\/fr\/wp-json\/wp\/v2\/pages\/38866","targetHints":{"allow":["GET"]}}],"collection":[{"href":"https:\/\/www.benchmarkemail.com\/fr\/wp-json\/wp\/v2\/pages"}],"about":[{"href":"https:\/\/www.benchmarkemail.com\/fr\/wp-json\/wp\/v2\/types\/page"}],"author":[{"embeddable":true,"href":"https:\/\/www.benchmarkemail.com\/fr\/wp-json\/wp\/v2\/users\/7"}],"replies":[{"embeddable":true,"href":"https:\/\/www.benchmarkemail.com\/fr\/wp-json\/wp\/v2\/comments?post=38866"}],"version-history":[{"count":0,"href":"https:\/\/www.benchmarkemail.com\/fr\/wp-json\/wp\/v2\/pages\/38866\/revisions"}],"up":[{"embeddable":true,"href":"https:\/\/www.benchmarkemail.com\/fr\/wp-json\/wp\/v2\/pages\/28"}],"wp:attachment":[{"href":"https:\/\/www.benchmarkemail.com\/fr\/wp-json\/wp\/v2\/media?parent=38866"}],"curies":[{"name":"wp","href":"https:\/\/api.w.org\/{rel}","templated":true}]}}