{"id":389,"date":"2019-10-07T11:06:04","date_gmt":"2019-10-07T11:06:04","guid":{"rendered":"http:\/\/bme2.flywheelsites.com\/?page_id=389"},"modified":"2023-06-05T14:31:44","modified_gmt":"2023-06-05T14:31:44","slug":"developers","status":"publish","type":"page","link":"https:\/\/www.benchmarkemail.com\/fr\/developers\/","title":{"rendered":"Developers"},"content":{"rendered":"\n\n\t\t\t\t<img decoding=\"async\" src=\"https:\/\/www.benchmarkemail.com\/fr\/wp-content\/uploads\/sites\/3\/2023\/05\/Developersicon.svg\" alt=\"Developersicon.svg\" itemprop=\"image\" title=\"Developersicon.svg\" onerror=\"this.style.display='none'\"  \/>\n\t<p>Developpeur Benchmark Email<\/p>\n<h2>\n\t\tNe perdez pas de temps gr\u00e2ce \u00e0 notre Robuste API RESTful\n\t<\/h2>\n<h6>\n\t\tVu les millions d&#8217;emails envoy\u00e9s par mois \u00e0 travers le monde, notre API RESTful vous procurera une flexibilit\u00e9 et une m\u00e9thode pour vous associer, int\u00e9grer et laisser briller vos id\u00e9es avec un des meileurs fournisseurs de service d&#8217;email marketing au monde.\n\t<\/h6>\n\t\t\t<a href=\"https:\/\/developer.benchmarkemail.com\/\" target=\"_self\" rel=\"noopener\">\n\t\t\t\t\t\t\tD\u00c9COUVREZ NOTRE API\n\t\t\t\t\t<\/a>\n\t<p><img decoding=\"async\" src=\"https:\/\/www.benchmarkemail.com\/images\/developers\/Postmanlogo.svg\" alt=\"\" width=\"25px\" \/>\u00a0 \u00a0 NOUS TRAVAILLONS AVEC POSTMAN<\/p>\n\t\t\t\t<img decoding=\"async\" src=\"https:\/\/www.benchmarkemail.com\/fr\/wp-content\/uploads\/sites\/3\/2023\/05\/1api-1.png\" alt=\"1api\" itemprop=\"image\" title=\"1api\" onerror=\"this.style.display='none'\"  \/>\n<h2>\n\t\tObtenez votre Clef API Benchmark\n\t<\/h2>\n\t\t\t\t<img decoding=\"async\" src=\"https:\/\/www.benchmarkemail.com\/fr\/wp-content\/uploads\/sites\/3\/2023\/05\/2api-1.png\" alt=\"2api\" itemprop=\"image\" title=\"2api\" onerror=\"this.style.display='none'\"  \/>\n<h2>\n\t\tEnregistrez-vous sur Postman Gratuitement\n\t<\/h2>\n\t\t\t\t<img decoding=\"async\" src=\"https:\/\/www.benchmarkemail.com\/fr\/wp-content\/uploads\/sites\/3\/2023\/05\/3api-1.png\" alt=\"3api\" itemprop=\"image\" title=\"3api\" onerror=\"this.style.display='none'\"  \/>\n<h2>\n\t\tCommencez \u00e0 cr\u00e9er\n\t<\/h2>\n<h2>\n\t\tDes d\u00e9veloppeurs du monde entier se sont associer \u00e0 nos services gr\u00e2ce \u00e0 notre API.\n\t<\/h2>\n<h6>\n\t\tNos clients premiun cherche avant tout \u00e0 gagner du temps afin de mieux g\u00e9rer leurs activit\u00e9s et listes de contacts.\n\t<\/h6>\n\t\t\t<img decoding=\"async\" loading='false' src=\"https:\/\/www.benchmarkemail.com\/fr\/wp-content\/uploads\/sites\/3\/2023\/05\/Laura-lee@2x-compressor-300x300-1.png\" alt=\"\" \/>\t\t\t\n\t\t\t\t<img decoding=\"async\" src=\"https:\/\/www.benchmarkemail.com\/wp-content\/uploads\/2020\/03\/piesynclogo.svg\" alt=\"\" width=\"150\" data-wp-editing=\"1\" \/><br \/>\n&#8220;Il y a peu, Benchmark a introduit une nouvelle REST API. Cette API est bien meilleure pour nous que la pr\u00e9c\u00e9dente. La documentation la concernant est aussi tr\u00e8s claire. Cependant, nous avions encore des questions, et l&#8217;\u00e9quipe de Benchmark nous a vraiment aid\u00e9 en appliquant certaines am\u00e9liorations. Nous sommes super contents de ce processus, et ce depuis plusieurs mois.&#8221;<br \/>\n\n<p><strong>Laura Lee Schultz<\/strong><\/p>\n<p>Head of Partner Marketing<\/p>\n<img decoding=\"async\" loading='false' src=\"https:\/\/www.benchmarkemail.com\/fr\/wp-content\/uploads\/sites\/3\/2023\/05\/Laura-lee@2x-compressor-300x300-1.png\" alt=\"\" \/>\t\t\t\n\t\t\t<img decoding=\"async\" loading='false' src=\"https:\/\/www.benchmarkemail.com\/fr\/wp-content\/uploads\/sites\/3\/2023\/05\/Nina-Delacruz_1@2x-compressor-300x300-1.png\" alt=\"\" \/>\t\t\t\n\t\t\t\t<img decoding=\"async\" src=\"https:\/\/www.benchmarkemail.com\/wp-content\/uploads\/2020\/03\/getsitecontrollogo.svg\" alt=\"\" width=\"150\" data-wp-editing=\"1\" \/><br \/>\n&#8221; L&#8217;API Benchmark est g\u00e9niale, claire et intuitive. En fait, elle est bien meilleure que celles avec lesquelles nous avons pr\u00e9c\u00e9demment travaill\u00e9. L&#8217;int\u00e9gration se fait facilement et se porte comme un charme.&#8221;<br \/>\n\n<p><strong>Nina Delacruz<\/strong><\/p>\n<p>Inbound-Marketingberater<\/p>\n<img decoding=\"async\" loading='false' src=\"https:\/\/www.benchmarkemail.com\/fr\/wp-content\/uploads\/sites\/3\/2023\/05\/Nina-Delacruz_1@2x-compressor-300x300-1.png\" alt=\"\" \/>\t\t\t\n\t\t\t<img decoding=\"async\" loading='false' src=\"https:\/\/www.benchmarkemail.com\/fr\/wp-content\/uploads\/sites\/3\/2023\/05\/Sean-Conklin@2x-compressor-300x300-1.png\" alt=\"\" \/>\t\t\t\n\t\t\t\t<img decoding=\"async\" src=\"https:\/\/www.benchmarkemail.com\/wp-content\/uploads\/2020\/03\/codedcommercelogo.svg\" alt=\"\" width=\"150\" data-wp-editing=\"1\" \/><br \/>\n&#8221; Nous avons utilis\u00e9 r\u00e9cemment l&#8217;API REST de Benchmark Email pour notre projet d&#8217;int\u00e9gration au Plugin WooCommerce. Nous avons utilis\u00e9 cette API pour chercher et ajouter des contacts \u00e0 notre liste et chercher\/ajouter\/actualiser\/supprimer des contacts de nos listes sans aucun probl\u00e8me. Nous remercions vraiment l&#8217;\u00e9quipe de Benchmark pour leur support envers ses d\u00e9veloppeurs d&#8217;applications!&#8221;<br \/>\n\n<p><strong>Sean Conklin<\/strong><\/p>\n<p>Fondateur de Coded Commerce<\/p>\n<p>&nbsp;<\/p>\n<img decoding=\"async\" loading='false' src=\"https:\/\/www.benchmarkemail.com\/fr\/wp-content\/uploads\/sites\/3\/2023\/05\/Sean-Conklin@2x-compressor-300x300-1.png\" alt=\"\" \/>\t\t\t\n\t<p><img decoding=\"async\" src=\"https:\/\/www.benchmarkemail.com\/fr\/wp-content\/uploads\/sites\/3\/2023\/05\/Integrationpartnerlogos.svg\" alt=\"\" width=\"\" \/><\/p>\n\t\t\t<a href=\"https:\/\/developer.benchmarkemail.com\" target=\"_self\" rel=\"noopener\">\n\t\t\t\t\t\t\tD\u00c9COUVREZ NOTRE API\n\t\t\t\t\t<\/a>\n<h2>\n\t\t<a href=\"\/fr\/features\/integrations\" title=\"D\u00c9COUVREZ QUI FUSIONNE AVEC BENCHMARK\" target=\"_self\" rel=\"noopener\">\n\t\tD\u00c9COUVREZ QUI FUSIONNE AVEC BENCHMARK\n\t\t<\/a>\n\t<\/h2>\n<h2>\n\t\tVous avez un id\u00e9e d&#8217;int\u00e9gration en t\u00eate que nous n&#8217;aurions pas cr\u00e9\u00e9e?\n\t<\/h2>\n<h6>\n\t\tVous pouvez construire votre propre int\u00e9gration avec l&#8217;API RESTful de Benchmark et gagner 25% de commission sur les r\u00e9f\u00e9rences faites.\n\t<\/h6>\n\t\t\t\t<img decoding=\"async\" src=\"https:\/\/www.benchmarkemail.com\/fr\/wp-content\/uploads\/sites\/3\/2023\/05\/wordpress-automation.png\" alt=\"wordpress-automation\" itemprop=\"image\" title=\"wordpress-automation\" onerror=\"this.style.display='none'\"  \/>\n<h2>\n\t\t  beAutomated a d\u00e9velopp\u00e9 un Plugin WordPress qui construit une liste de contact directement depuis les pages de votre site WordPress, et qui envoie \u00e0 vos abonn\u00e9s la version emails de vos publications en un rien de temps. D\u00e9couvrez quand, comment et qui a ouvert ou cliqu\u00e9 sur vos liens ou s&#8217;est d\u00e9sinscrit-en direct depuis votre Menu WordPress.\n\t<\/h2>\n\t\t\t<a href=\"\/fr\/contact\" target=\"_self\" rel=\"noopener\">\n\t\t\t\t\t\t\tNous contacter\n\t\t\t\t\t<\/a>\n\t<section class=\"form-ext ext-developers\">\r\n  <div class=\"row\" bis_skin_checked=\"1\">\r\n    <div class=\"medium-12 columns center\" bis_skin_checked=\"1\">\r\n      <h2 class=\"h2style\">Commencez d\u00e8s aujourd'hui et gardez le contact!<\/h2>\r\n      <h6 class=\"h6style\">Envoyez-nous un message et notre \u00e9quipe API se fera un plaisir de vous r\u00e9pondre.<\/h6>\r\n    <\/div>\r\n    <div class=\"form medium-10 columns medium-centered\" bis_skin_checked=\"1\">\r\n    <form id=\"developer_signup\">\r\n      <fieldset class=\"medium-4 columns\">\r\n        <p>Nom<\/p>\r\n        <input name=\"name\" type=\"text\" maxlength=\"100\" id=\"name\" \/>\r\n        <br>\r\n        <span id=\"ContentPlaceHolder1_lblNameErr\"><\/span>\r\n      <\/fieldset>\r\n      <fieldset class=\"medium-4 columns\">\r\n        <p>Adresse Email<\/p>\r\n        <input name=\"formemail\" type=\"text\" maxlength=\"100\" id=\"formemail\" \/>\r\n        <br>\r\n        <span id=\"ContentPlaceHolder1_lblEmailErr\"><\/span>\r\n      <\/fieldset>\r\n      <fieldset class=\"medium-4 columns\">\r\n        <p>T\u00e9l\u00e9phone<\/p>\r\n        <input name=\"telephone\" type=\"text\" maxlength=\"100\" id=\"telephone\" \/>\r\n        <br>\r\n        <span id=\"ContentPlaceHolder1_lblPhoneErr\"><\/span>\r\n      <\/fieldset>\r\n      <fieldset class=\"medium-12 columns\">\r\n        <p>Votre commentaire<\/p>\r\n        <textarea name=\"comments\" rows=\"3\" id=\"comments\" ><\/textarea>\r\n        <br>\r\n        <span id=\"ContentPlaceHolder1_lblCommentErr\"><\/span>\r\n      <\/fieldset>\r\n      <br>\r\n      <div class=\"medium-12 columns\" bis_skin_checked=\"1\"> <!--<a onclick=\"return Submitform();\" id=\"ContentPlaceHolder1_btnRegister\" class=\"sumbit blue medium2 center\" href=\"javascript:void(0)\">SUBMIT<\/a>--> <input class=\"sumbit blue medium2 center\" type=\"submit\" name=\"submit\" value=\"Envoyer\"> <\/div>\r\n      <\/form>\r\n      <div class=\"medium-12 columns\" id=\"success_mesg\" bis_skin_checked=\"1\"><\/div>\r\n    <\/div>\r\n  <\/div>\r\n<\/section>\r\n\n\t<h2>Essayez notre programme gratuit<\/h2>\n<p>Carte de paiement non requise<\/p>\n\t<style>\n.signup-form-wrap input.form-text-field {\n    box-shadow: none;\n    height: auto;\n    border: 1px solid \n#e6e6e8;\nborder-radius: 3px;\nfont-size: 1rem;\n-webkit-box-shadow: 0 0 0 1000px\n    #fff inset;\n    color: #666872;\n    height: 42px;\n}\n.signup-form-wrap #frm_submit_new {\n    font-size: .8rem;\n    font-weight: 600;\n    text-transform: uppercase;\n    background-color: \n#4e5ff9;\nletter-spacing: 1px;\ncolor: #4e5ff9;\ncolor:\n    #fff;\n    border: none;\n    height: 42px;\n}\n<\/style>\n            <input type=\"text\" placeholder=\"Pr\u00e9nom\" id=\"frm_first_name\"\/>\n            <input type=\"text\" placeholder=\"Nom\" id=\"frm_last_name\"\/>\n            <input type=\"text\" placeholder=\"Adresse email\" id=\"frm_email_new\"\/>\n            <input type=\"button\" value=\"Programme gratuit\" id=\"frm_submit_new\"\/>\n\n","protected":false},"excerpt":{"rendered":"<p>Developpeur Benchmark Email Ne perdez pas de temps gr\u00e2ce \u00e0 notre Robuste API RESTful Vu les millions d&#8217;emails envoy\u00e9s par mois \u00e0 travers le monde, notre API RESTful vous procurera une flexibilit\u00e9 et une m\u00e9thode pour vous associer, int\u00e9grer et laisser briller vos id\u00e9es avec un des meileurs fournisseurs de service d&#8217;email marketing au monde.&hellip;<\/p>\n","protected":false},"author":7,"featured_media":0,"parent":0,"menu_order":0,"comment_status":"closed","ping_status":"closed","template":"","meta":{"inline_featured_image":false,"footnotes":""},"class_list":["post-389","page","type-page","status-publish","hentry"],"yoast_head":"<!-- This site is optimized with the Yoast SEO plugin v27.4 - https:\/\/yoast.com\/product\/yoast-seo-wordpress\/ -->\n<title>Developers - Benchmark Email<\/title>\n<meta name=\"robots\" content=\"index, follow, max-snippet:-1, max-image-preview:large, max-video-preview:-1\" \/>\n<link rel=\"canonical\" href=\"https:\/\/www.benchmarkemail.com\/fr\/developers\/\" \/>\n<meta property=\"og:locale\" content=\"en_US\" \/>\n<meta property=\"og:type\" content=\"article\" \/>\n<meta property=\"og:title\" content=\"Developers - Benchmark Email\" \/>\n<meta property=\"og:description\" content=\"Developpeur Benchmark Email Ne perdez pas de temps gr\u00e2ce \u00e0 notre Robuste API RESTful Vu les millions d&#8217;emails envoy\u00e9s par mois \u00e0 travers le monde, notre API RESTful vous procurera une flexibilit\u00e9 et une m\u00e9thode pour vous associer, int\u00e9grer et laisser briller vos id\u00e9es avec un des meileurs fournisseurs de service d&#8217;email marketing au monde.&hellip;\" \/>\n<meta property=\"og:url\" content=\"https:\/\/www.benchmarkemail.com\/fr\/developers\/\" \/>\n<meta property=\"og:site_name\" content=\"Benchmark Email en fran\u00e7ais\" \/>\n<meta property=\"article:publisher\" content=\"https:\/\/www.facebook.com\/BenchmarkEmail\" \/>\n<meta property=\"article:modified_time\" content=\"2023-06-05T14:31:44+00:00\" \/>\n<meta property=\"og:image\" content=\"https:\/\/www.benchmarkemail.com\/fr\/wp-content\/uploads\/sites\/3\/2023\/05\/Developersicon.svg\" \/>\n<meta name=\"twitter:card\" content=\"summary_large_image\" \/>\n<meta name=\"twitter:site\" content=\"@benchmarkemail\" \/>\n<meta name=\"twitter:label1\" content=\"Est. reading time\" \/>\n\t<meta name=\"twitter:data1\" content=\"2 minutes\" \/>\n<script type=\"application\/ld+json\" class=\"yoast-schema-graph\">{\"@context\":\"https:\\\/\\\/schema.org\",\"@graph\":[{\"@type\":\"WebPage\",\"@id\":\"https:\\\/\\\/www.benchmarkemail.com\\\/fr\\\/developers\\\/\",\"url\":\"https:\\\/\\\/www.benchmarkemail.com\\\/fr\\\/developers\\\/\",\"name\":\"Developers - Benchmark Email\",\"isPartOf\":{\"@id\":\"https:\\\/\\\/www.benchmarkemail.com\\\/fr\\\/#website\"},\"primaryImageOfPage\":{\"@id\":\"https:\\\/\\\/www.benchmarkemail.com\\\/fr\\\/developers\\\/#primaryimage\"},\"image\":{\"@id\":\"https:\\\/\\\/www.benchmarkemail.com\\\/fr\\\/developers\\\/#primaryimage\"},\"thumbnailUrl\":\"https:\\\/\\\/www.benchmarkemail.com\\\/fr\\\/wp-content\\\/uploads\\\/sites\\\/3\\\/2023\\\/05\\\/Developersicon.svg\",\"datePublished\":\"2019-10-07T11:06:04+00:00\",\"dateModified\":\"2023-06-05T14:31:44+00:00\",\"breadcrumb\":{\"@id\":\"https:\\\/\\\/www.benchmarkemail.com\\\/fr\\\/developers\\\/#breadcrumb\"},\"inLanguage\":\"en-US\",\"potentialAction\":[{\"@type\":\"ReadAction\",\"target\":[\"https:\\\/\\\/www.benchmarkemail.com\\\/fr\\\/developers\\\/\"]}]},{\"@type\":\"ImageObject\",\"inLanguage\":\"en-US\",\"@id\":\"https:\\\/\\\/www.benchmarkemail.com\\\/fr\\\/developers\\\/#primaryimage\",\"url\":\"https:\\\/\\\/www.benchmarkemail.com\\\/fr\\\/wp-content\\\/uploads\\\/sites\\\/3\\\/2023\\\/05\\\/Developersicon.svg\",\"contentUrl\":\"https:\\\/\\\/www.benchmarkemail.com\\\/fr\\\/wp-content\\\/uploads\\\/sites\\\/3\\\/2023\\\/05\\\/Developersicon.svg\"},{\"@type\":\"BreadcrumbList\",\"@id\":\"https:\\\/\\\/www.benchmarkemail.com\\\/fr\\\/developers\\\/#breadcrumb\",\"itemListElement\":[{\"@type\":\"ListItem\",\"position\":1,\"name\":\"Home\",\"item\":\"https:\\\/\\\/www.benchmarkemail.com\\\/fr\\\/\"},{\"@type\":\"ListItem\",\"position\":2,\"name\":\"Developers\"}]},{\"@type\":\"WebSite\",\"@id\":\"https:\\\/\\\/www.benchmarkemail.com\\\/fr\\\/#website\",\"url\":\"https:\\\/\\\/www.benchmarkemail.com\\\/fr\\\/\",\"name\":\"Benchmark Email en fran\u00e7ais\",\"description\":\"Outil de marketing digital. D\u00e9couvrez ou approfondissez vos connaissances en email marketing, automatisations, captation de prospects... et bien plus encore !\",\"publisher\":{\"@id\":\"https:\\\/\\\/www.benchmarkemail.com\\\/fr\\\/#organization\"},\"potentialAction\":[{\"@type\":\"SearchAction\",\"target\":{\"@type\":\"EntryPoint\",\"urlTemplate\":\"https:\\\/\\\/www.benchmarkemail.com\\\/fr\\\/?s={search_term_string}\"},\"query-input\":{\"@type\":\"PropertyValueSpecification\",\"valueRequired\":true,\"valueName\":\"search_term_string\"}}],\"inLanguage\":\"en-US\"},{\"@type\":\"Organization\",\"@id\":\"https:\\\/\\\/www.benchmarkemail.com\\\/fr\\\/#organization\",\"name\":\"Benchmark Internet Group, LLC\",\"url\":\"https:\\\/\\\/www.benchmarkemail.com\\\/fr\\\/\",\"logo\":{\"@type\":\"ImageObject\",\"inLanguage\":\"en-US\",\"@id\":\"https:\\\/\\\/www.benchmarkemail.com\\\/fr\\\/#\\\/schema\\\/logo\\\/image\\\/\",\"url\":\"https:\\\/\\\/www.benchmarkemail.com\\\/fr\\\/wp-content\\\/uploads\\\/sites\\\/3\\\/2019\\\/09\\\/benchmark-logo.svg\",\"contentUrl\":\"https:\\\/\\\/www.benchmarkemail.com\\\/fr\\\/wp-content\\\/uploads\\\/sites\\\/3\\\/2019\\\/09\\\/benchmark-logo.svg\",\"width\":1,\"height\":1,\"caption\":\"Benchmark Internet Group, LLC\"},\"image\":{\"@id\":\"https:\\\/\\\/www.benchmarkemail.com\\\/fr\\\/#\\\/schema\\\/logo\\\/image\\\/\"},\"sameAs\":[\"https:\\\/\\\/www.facebook.com\\\/BenchmarkEmail\",\"https:\\\/\\\/x.com\\\/benchmarkemail\",\"https:\\\/\\\/www.instagram.com\\\/benchmarkemail\\\/\",\"https:\\\/\\\/www.linkedin.com\\\/company\\\/benchmark-email\\\/\",\"https:\\\/\\\/www.youtube.com\\\/channel\\\/UCEQOJxM8HtdJpjkE1HO6L6Q\"]}]}<\/script>\n<!-- \/ Yoast SEO plugin. -->","yoast_head_json":{"title":"Developers - Benchmark Email","robots":{"index":"index","follow":"follow","max-snippet":"max-snippet:-1","max-image-preview":"max-image-preview:large","max-video-preview":"max-video-preview:-1"},"canonical":"https:\/\/www.benchmarkemail.com\/fr\/developers\/","og_locale":"en_US","og_type":"article","og_title":"Developers - Benchmark Email","og_description":"Developpeur Benchmark Email Ne perdez pas de temps gr\u00e2ce \u00e0 notre Robuste API RESTful Vu les millions d&#8217;emails envoy\u00e9s par mois \u00e0 travers le monde, notre API RESTful vous procurera une flexibilit\u00e9 et une m\u00e9thode pour vous associer, int\u00e9grer et laisser briller vos id\u00e9es avec un des meileurs fournisseurs de service d&#8217;email marketing au monde.&hellip;","og_url":"https:\/\/www.benchmarkemail.com\/fr\/developers\/","og_site_name":"Benchmark Email en fran\u00e7ais","article_publisher":"https:\/\/www.facebook.com\/BenchmarkEmail","article_modified_time":"2023-06-05T14:31:44+00:00","og_image":[{"url":"https:\/\/www.benchmarkemail.com\/fr\/wp-content\/uploads\/sites\/3\/2023\/05\/Developersicon.svg","type":"","width":"","height":""}],"twitter_card":"summary_large_image","twitter_site":"@benchmarkemail","twitter_misc":{"Est. reading time":"2 minutes"},"schema":{"@context":"https:\/\/schema.org","@graph":[{"@type":"WebPage","@id":"https:\/\/www.benchmarkemail.com\/fr\/developers\/","url":"https:\/\/www.benchmarkemail.com\/fr\/developers\/","name":"Developers - Benchmark Email","isPartOf":{"@id":"https:\/\/www.benchmarkemail.com\/fr\/#website"},"primaryImageOfPage":{"@id":"https:\/\/www.benchmarkemail.com\/fr\/developers\/#primaryimage"},"image":{"@id":"https:\/\/www.benchmarkemail.com\/fr\/developers\/#primaryimage"},"thumbnailUrl":"https:\/\/www.benchmarkemail.com\/fr\/wp-content\/uploads\/sites\/3\/2023\/05\/Developersicon.svg","datePublished":"2019-10-07T11:06:04+00:00","dateModified":"2023-06-05T14:31:44+00:00","breadcrumb":{"@id":"https:\/\/www.benchmarkemail.com\/fr\/developers\/#breadcrumb"},"inLanguage":"en-US","potentialAction":[{"@type":"ReadAction","target":["https:\/\/www.benchmarkemail.com\/fr\/developers\/"]}]},{"@type":"ImageObject","inLanguage":"en-US","@id":"https:\/\/www.benchmarkemail.com\/fr\/developers\/#primaryimage","url":"https:\/\/www.benchmarkemail.com\/fr\/wp-content\/uploads\/sites\/3\/2023\/05\/Developersicon.svg","contentUrl":"https:\/\/www.benchmarkemail.com\/fr\/wp-content\/uploads\/sites\/3\/2023\/05\/Developersicon.svg"},{"@type":"BreadcrumbList","@id":"https:\/\/www.benchmarkemail.com\/fr\/developers\/#breadcrumb","itemListElement":[{"@type":"ListItem","position":1,"name":"Home","item":"https:\/\/www.benchmarkemail.com\/fr\/"},{"@type":"ListItem","position":2,"name":"Developers"}]},{"@type":"WebSite","@id":"https:\/\/www.benchmarkemail.com\/fr\/#website","url":"https:\/\/www.benchmarkemail.com\/fr\/","name":"Benchmark Email en fran\u00e7ais","description":"Outil de marketing digital. D\u00e9couvrez ou approfondissez vos connaissances en email marketing, automatisations, captation de prospects... et bien plus encore !","publisher":{"@id":"https:\/\/www.benchmarkemail.com\/fr\/#organization"},"potentialAction":[{"@type":"SearchAction","target":{"@type":"EntryPoint","urlTemplate":"https:\/\/www.benchmarkemail.com\/fr\/?s={search_term_string}"},"query-input":{"@type":"PropertyValueSpecification","valueRequired":true,"valueName":"search_term_string"}}],"inLanguage":"en-US"},{"@type":"Organization","@id":"https:\/\/www.benchmarkemail.com\/fr\/#organization","name":"Benchmark Internet Group, LLC","url":"https:\/\/www.benchmarkemail.com\/fr\/","logo":{"@type":"ImageObject","inLanguage":"en-US","@id":"https:\/\/www.benchmarkemail.com\/fr\/#\/schema\/logo\/image\/","url":"https:\/\/www.benchmarkemail.com\/fr\/wp-content\/uploads\/sites\/3\/2019\/09\/benchmark-logo.svg","contentUrl":"https:\/\/www.benchmarkemail.com\/fr\/wp-content\/uploads\/sites\/3\/2019\/09\/benchmark-logo.svg","width":1,"height":1,"caption":"Benchmark Internet Group, LLC"},"image":{"@id":"https:\/\/www.benchmarkemail.com\/fr\/#\/schema\/logo\/image\/"},"sameAs":["https:\/\/www.facebook.com\/BenchmarkEmail","https:\/\/x.com\/benchmarkemail","https:\/\/www.instagram.com\/benchmarkemail\/","https:\/\/www.linkedin.com\/company\/benchmark-email\/","https:\/\/www.youtube.com\/channel\/UCEQOJxM8HtdJpjkE1HO6L6Q"]}]}},"_links":{"self":[{"href":"https:\/\/www.benchmarkemail.com\/fr\/wp-json\/wp\/v2\/pages\/389","targetHints":{"allow":["GET"]}}],"collection":[{"href":"https:\/\/www.benchmarkemail.com\/fr\/wp-json\/wp\/v2\/pages"}],"about":[{"href":"https:\/\/www.benchmarkemail.com\/fr\/wp-json\/wp\/v2\/types\/page"}],"author":[{"embeddable":true,"href":"https:\/\/www.benchmarkemail.com\/fr\/wp-json\/wp\/v2\/users\/7"}],"replies":[{"embeddable":true,"href":"https:\/\/www.benchmarkemail.com\/fr\/wp-json\/wp\/v2\/comments?post=389"}],"version-history":[{"count":0,"href":"https:\/\/www.benchmarkemail.com\/fr\/wp-json\/wp\/v2\/pages\/389\/revisions"}],"wp:attachment":[{"href":"https:\/\/www.benchmarkemail.com\/fr\/wp-json\/wp\/v2\/media?parent=389"}],"curies":[{"name":"wp","href":"https:\/\/api.w.org\/{rel}","templated":true}]}}