{"id":39146,"date":"2024-09-09T15:11:46","date_gmt":"2024-09-09T15:11:46","guid":{"rendered":"https:\/\/www.benchmarkemail.com\/fr\/?page_id=39146"},"modified":"2024-09-11T10:14:45","modified_gmt":"2024-09-11T10:14:45","slug":"email-subject-line-generator","status":"publish","type":"page","link":"https:\/\/www.benchmarkemail.com\/fr\/email-subject-line-generator\/","title":{"rendered":"Free Email Subject Line Generator (AI-powered)"},"content":{"rendered":"\n\n\t\t\t<a href=\"\" target=\"_self\" rel=\"noopener\">\n\t\t\t\t\t\t\t\u2728 G\u00e9n\u00e9rateur gratuit de lignes d&#8217;objet d&#8217;email\n\t\t\t\t\t<\/a>\n<h2>\n\t\tComment faire en sorte que vos emails soient ouverts ?\n\t<\/h2>\n\t<p>Cr\u00e9ez rapidement des lignes d&#8217;objet personnalis\u00e9es qui sortent du lot. Copiez et collez la copie de votre email dans le g\u00e9n\u00e9rateur de ligne d&#8217;objet. Cliquez ensuite sur G\u00e9n\u00e9rer des lignes d&#8217;objet pour obtenir une liste d&#8217;objets qui vous aideront \u00e0 lancer votre email.<\/p>\n\t<div class='mwai-chatbot-container' data-params='{&quot;aiName&quot;:&quot;Subject Lines:&quot;,&quot;userName&quot;:&quot;User: &quot;,&quot;guestName&quot;:&quot;You:&quot;,&quot;textSend&quot;:&quot;G\\u00e9n\\u00e9rer des lignes d&#039;objet&quot;,&quot;textClear&quot;:&quot;Clear&quot;,&quot;imageUpload&quot;:false,&quot;fileUpload&quot;:false,&quot;multiUpload&quot;:false,&quot;maxUploads&quot;:1,&quot;fileUploads&quot;:0,&quot;mode&quot;:&quot;chat&quot;,&quot;textInputPlaceholder&quot;:&quot;Saisissez ici le texte de votre email, des id\\u00e9es ou des mots-cl\\u00e9s...&quot;,&quot;textInputMaxLength&quot;:512,&quot;textCompliance&quot;:&quot;&quot;,&quot;startSentence&quot;:&quot;&quot;,&quot;localMemory&quot;:true,&quot;themeId&quot;:&quot;chatgpt&quot;,&quot;window&quot;:false,&quot;icon&quot;:&quot;&quot;,&quot;iconText&quot;:&quot;&quot;,&quot;iconTextDelay&quot;:1,&quot;iconAlt&quot;:&quot;AI Engine Chatbot&quot;,&quot;iconPosition&quot;:&quot;bottom-right&quot;,&quot;centerOpen&quot;:false,&quot;width&quot;:&quot;&quot;,&quot;openDelay&quot;:&quot;&quot;,&quot;iconBubble&quot;:false,&quot;windowAnimation&quot;:&quot;zoom&quot;,&quot;fullscreen&quot;:false,&quot;copyButton&quot;:false,&quot;headerSubtitle&quot;:&quot;Discuss with&quot;,&quot;containerType&quot;:&quot;standard&quot;,&quot;headerType&quot;:&quot;standard&quot;,&quot;messagesType&quot;:&quot;standard&quot;,&quot;inputType&quot;:&quot;standard&quot;,&quot;footerType&quot;:&quot;standard&quot;}' data-system='{&quot;botId&quot;:&quot;subject-line-generator-fr&quot;,&quot;customId&quot;:null,&quot;userData&quot;:null,&quot;sessionId&quot;:&quot;69e787f61d023&quot;,&quot;restNonce&quot;:null,&quot;contextId&quot;:null,&quot;pluginUrl&quot;:&quot;https:\\\/\\\/www.benchmarkemail.com\\\/fr\\\/wp-content\\\/plugins\\\/ai-engine&quot;,&quot;restUrl&quot;:&quot;https:\\\/\\\/www.benchmarkemail.com\\\/fr\\\/wp-json&quot;,&quot;stream&quot;:false,&quot;debugMode&quot;:false,&quot;eventLogs&quot;:false,&quot;speech_recognition&quot;:false,&quot;speech_synthesis&quot;:false,&quot;typewriter&quot;:false,&quot;crossSite&quot;:false,&quot;actions&quot;:[],&quot;blocks&quot;:[],&quot;shortcuts&quot;:[]}' data-theme='{&quot;type&quot;:&quot;internal&quot;,&quot;name&quot;:&quot;ChatGPT&quot;,&quot;themeId&quot;:&quot;chatgpt&quot;,&quot;settings&quot;:[],&quot;style&quot;:&quot;&quot;,&quot;cssUrl&quot;:&quot;https:\\\/\\\/www.benchmarkemail.com\\\/fr\\\/wp-content\\\/plugins\\\/ai-engine\\\/themes\\\/chatgpt.css&quot;}'><\/div>\n\t<p><a href=\"#data_a\" target=\"_blank\" rel=\"noopener\">En savoir plus<\/a><\/p>\n<h2>\n\t\tComment r\u00e9diger des lignes d&#8217;objet efficaces ?\n\t<\/h2>\n\t<p>La <a href=\"https:\/\/www.benchmarkemail.com\/fr\/blog\/le-top-10-des-titres-demails-de-vente-pour-augmenter-le-taux-douverture\/\">ligne d&#8217;objet de votre email <\/a> est la porte d&#8217;entr\u00e9e de toute votre <a href=\"https:\/\/www.benchmarkemail.com\/fr\/blog\/emailing-exemple\/\">campagne emailing<\/a>. C&#8217;est la premi\u00e8re chose que vos destinataires voient et qui d\u00e9termine s&#8217;ils vont rester dans les parages ou passer \u00e0 autre chose. En fait, des \u00e9tudes indiquent que <a href=\"https:\/\/www.zippia.com\/advice\/email-subject-line-statistics\/\">47 % des destinataires d&#8217;emails<\/a> d\u00e9cident d&#8217;ouvrir ou non un email en se basant uniquement sur la ligne d&#8217;objet. C&#8217;est beaucoup de pression pour seulement quelques mots !<\/p>\n<p>L&#8217;\u00e9laboration de la ligne d&#8217;objet parfaite pour un email rel\u00e8ve \u00e0 la fois de l&#8217;art et de la science. Elle exige une connaissance approfondie de votre public, un sens aigu de la cr\u00e9ativit\u00e9 et la capacit\u00e9 de transmettre un message convaincant dans un espace limit\u00e9. D&#8217;une part, votre ligne d&#8217;objet doit attirer l&#8217;attention et \u00eatre suffisamment intrigante pour se d\u00e9marquer dans une bo\u00eete de r\u00e9ception encombr\u00e9e. D&#8217;autre part, il doit \u00e9galement \u00eatre pertinent, transparent et refl\u00e9ter le contenu de l&#8217;email.<\/p>\n<p>Mais le hic, c&#8217;est que ce qui fonctionne pour un public peut ne pas fonctionner pour un autre. Les tendances, les normes du secteur et m\u00eame l&#8217;heure \u00e0 laquelle vous envoyez votre email peuvent influencer le succ\u00e8s d&#8217;une ligne d&#8217;objet. En outre, il est difficile d&#8217;\u00e9viter les filtres anti-spam. Il n&#8217;est donc pas \u00e9tonnant que de nombreux marketers consid\u00e8rent la cr\u00e9ation de lignes d&#8217;objet comme l&#8217;un des aspects les plus difficiles de l&#8217;email marketing !<\/p>\n<p>C&#8217;est l\u00e0 qu&#8217;intervient notre g\u00e9n\u00e9rateur de lignes d&#8217;objet d&#8217;email. Il est Design\u00e9 pour vous aider \u00e0 r\u00e9diger des lignes d&#8217;objet en vous fournissant des suggestions personnalis\u00e9es bas\u00e9es sur vos besoins et objectifs sp\u00e9cifiques. Que vous recherchiez la cr\u00e9ativit\u00e9, l&#8217;urgence ou la clart\u00e9, notre g\u00e9n\u00e9rateur vous aidera \u00e0 trouver les mots justes pour rendre vos emails incontournables.<\/p>\n<h2>\n\t\tObtenez plus d&#8217;outils intelligents pour cr\u00e9er des\n\t<\/h2>\n<h2>\n\t\temails et des lignes d&#8217;objet intelligentes.\n\t<\/h2>\n\t<p>S&#8217;inscrire pour un compte Benchmark Email gratuit<\/p>\n\t\t\t<a href=\"https:\/\/ui.benchmarkemail.com\/fr\/register\" target=\"_self\" rel=\"noopener\">\n\t\t\t\t\t\t\tD\u00e9marrer \n\t\t\t\t\t<\/a>\n\t<p><strong>Posts r\u00e9cents<\/strong>:<\/p>\n\n","protected":false},"excerpt":{"rendered":"<p>\u2728 G\u00e9n\u00e9rateur gratuit de lignes d&#8217;objet d&#8217;email Comment faire en sorte que vos emails soient ouverts ? Cr\u00e9ez rapidement des lignes d&#8217;objet personnalis\u00e9es qui sortent du lot. Copiez et collez la copie de votre email dans le g\u00e9n\u00e9rateur de ligne d&#8217;objet. Cliquez ensuite sur G\u00e9n\u00e9rer des lignes d&#8217;objet pour obtenir une liste d&#8217;objets qui vous&hellip;<\/p>\n","protected":false},"author":7,"featured_media":0,"parent":0,"menu_order":0,"comment_status":"closed","ping_status":"closed","template":"","meta":{"inline_featured_image":false,"footnotes":""},"class_list":["post-39146","page","type-page","status-publish","hentry"],"yoast_head":"<!-- This site is optimized with the Yoast SEO plugin v27.4 - https:\/\/yoast.com\/product\/yoast-seo-wordpress\/ -->\n<title>Free Email Subject Line Generator (AI-powered) - Benchmark Email<\/title>\n<meta name=\"description\" content=\"Our free email subject line generator takes the stress out of crafting headlines that shine in the inbox to drive better email open rates.\" \/>\n<meta name=\"robots\" content=\"index, follow, max-snippet:-1, max-image-preview:large, max-video-preview:-1\" \/>\n<link rel=\"canonical\" href=\"https:\/\/www.benchmarkemail.com\/fr\/email-subject-line-generator\/\" \/>\n<meta property=\"og:locale\" content=\"en_US\" \/>\n<meta property=\"og:type\" content=\"article\" \/>\n<meta property=\"og:title\" content=\"Free Email Subject Line Generator (AI-powered) - Benchmark Email\" \/>\n<meta property=\"og:description\" content=\"Our free email subject line generator takes the stress out of crafting headlines that shine in the inbox to drive better email open rates.\" \/>\n<meta property=\"og:url\" content=\"https:\/\/www.benchmarkemail.com\/fr\/email-subject-line-generator\/\" \/>\n<meta property=\"og:site_name\" content=\"Benchmark Email en fran\u00e7ais\" \/>\n<meta property=\"article:publisher\" content=\"https:\/\/www.facebook.com\/BenchmarkEmail\" \/>\n<meta property=\"article:modified_time\" content=\"2024-09-11T10:14:45+00:00\" \/>\n<meta name=\"twitter:card\" content=\"summary_large_image\" \/>\n<meta name=\"twitter:site\" content=\"@benchmarkemail\" \/>\n<script type=\"application\/ld+json\" class=\"yoast-schema-graph\">{\"@context\":\"https:\\\/\\\/schema.org\",\"@graph\":[{\"@type\":\"WebPage\",\"@id\":\"https:\\\/\\\/www.benchmarkemail.com\\\/fr\\\/email-subject-line-generator\\\/\",\"url\":\"https:\\\/\\\/www.benchmarkemail.com\\\/fr\\\/email-subject-line-generator\\\/\",\"name\":\"Free Email Subject Line Generator (AI-powered) - Benchmark Email\",\"isPartOf\":{\"@id\":\"https:\\\/\\\/www.benchmarkemail.com\\\/fr\\\/#website\"},\"datePublished\":\"2024-09-09T15:11:46+00:00\",\"dateModified\":\"2024-09-11T10:14:45+00:00\",\"description\":\"Our free email subject line generator takes the stress out of crafting headlines that shine in the inbox to drive better email open rates.\",\"breadcrumb\":{\"@id\":\"https:\\\/\\\/www.benchmarkemail.com\\\/fr\\\/email-subject-line-generator\\\/#breadcrumb\"},\"inLanguage\":\"en-US\",\"potentialAction\":[{\"@type\":\"ReadAction\",\"target\":[\"https:\\\/\\\/www.benchmarkemail.com\\\/fr\\\/email-subject-line-generator\\\/\"]}]},{\"@type\":\"BreadcrumbList\",\"@id\":\"https:\\\/\\\/www.benchmarkemail.com\\\/fr\\\/email-subject-line-generator\\\/#breadcrumb\",\"itemListElement\":[{\"@type\":\"ListItem\",\"position\":1,\"name\":\"Home\",\"item\":\"https:\\\/\\\/www.benchmarkemail.com\\\/fr\\\/\"},{\"@type\":\"ListItem\",\"position\":2,\"name\":\"Free Email Subject Line Generator (AI-powered)\"}]},{\"@type\":\"WebSite\",\"@id\":\"https:\\\/\\\/www.benchmarkemail.com\\\/fr\\\/#website\",\"url\":\"https:\\\/\\\/www.benchmarkemail.com\\\/fr\\\/\",\"name\":\"Benchmark Email en fran\u00e7ais\",\"description\":\"Outil de marketing digital. D\u00e9couvrez ou approfondissez vos connaissances en email marketing, automatisations, captation de prospects... et bien plus encore !\",\"publisher\":{\"@id\":\"https:\\\/\\\/www.benchmarkemail.com\\\/fr\\\/#organization\"},\"potentialAction\":[{\"@type\":\"SearchAction\",\"target\":{\"@type\":\"EntryPoint\",\"urlTemplate\":\"https:\\\/\\\/www.benchmarkemail.com\\\/fr\\\/?s={search_term_string}\"},\"query-input\":{\"@type\":\"PropertyValueSpecification\",\"valueRequired\":true,\"valueName\":\"search_term_string\"}}],\"inLanguage\":\"en-US\"},{\"@type\":\"Organization\",\"@id\":\"https:\\\/\\\/www.benchmarkemail.com\\\/fr\\\/#organization\",\"name\":\"Benchmark Internet Group, LLC\",\"url\":\"https:\\\/\\\/www.benchmarkemail.com\\\/fr\\\/\",\"logo\":{\"@type\":\"ImageObject\",\"inLanguage\":\"en-US\",\"@id\":\"https:\\\/\\\/www.benchmarkemail.com\\\/fr\\\/#\\\/schema\\\/logo\\\/image\\\/\",\"url\":\"https:\\\/\\\/www.benchmarkemail.com\\\/fr\\\/wp-content\\\/uploads\\\/sites\\\/3\\\/2019\\\/09\\\/benchmark-logo.svg\",\"contentUrl\":\"https:\\\/\\\/www.benchmarkemail.com\\\/fr\\\/wp-content\\\/uploads\\\/sites\\\/3\\\/2019\\\/09\\\/benchmark-logo.svg\",\"width\":1,\"height\":1,\"caption\":\"Benchmark Internet Group, LLC\"},\"image\":{\"@id\":\"https:\\\/\\\/www.benchmarkemail.com\\\/fr\\\/#\\\/schema\\\/logo\\\/image\\\/\"},\"sameAs\":[\"https:\\\/\\\/www.facebook.com\\\/BenchmarkEmail\",\"https:\\\/\\\/x.com\\\/benchmarkemail\",\"https:\\\/\\\/www.instagram.com\\\/benchmarkemail\\\/\",\"https:\\\/\\\/www.linkedin.com\\\/company\\\/benchmark-email\\\/\",\"https:\\\/\\\/www.youtube.com\\\/channel\\\/UCEQOJxM8HtdJpjkE1HO6L6Q\"]}]}<\/script>\n<!-- \/ Yoast SEO plugin. -->","yoast_head_json":{"title":"Free Email Subject Line Generator (AI-powered) - Benchmark Email","description":"Our free email subject line generator takes the stress out of crafting headlines that shine in the inbox to drive better email open rates.","robots":{"index":"index","follow":"follow","max-snippet":"max-snippet:-1","max-image-preview":"max-image-preview:large","max-video-preview":"max-video-preview:-1"},"canonical":"https:\/\/www.benchmarkemail.com\/fr\/email-subject-line-generator\/","og_locale":"en_US","og_type":"article","og_title":"Free Email Subject Line Generator (AI-powered) - Benchmark Email","og_description":"Our free email subject line generator takes the stress out of crafting headlines that shine in the inbox to drive better email open rates.","og_url":"https:\/\/www.benchmarkemail.com\/fr\/email-subject-line-generator\/","og_site_name":"Benchmark Email en fran\u00e7ais","article_publisher":"https:\/\/www.facebook.com\/BenchmarkEmail","article_modified_time":"2024-09-11T10:14:45+00:00","twitter_card":"summary_large_image","twitter_site":"@benchmarkemail","schema":{"@context":"https:\/\/schema.org","@graph":[{"@type":"WebPage","@id":"https:\/\/www.benchmarkemail.com\/fr\/email-subject-line-generator\/","url":"https:\/\/www.benchmarkemail.com\/fr\/email-subject-line-generator\/","name":"Free Email Subject Line Generator (AI-powered) - Benchmark Email","isPartOf":{"@id":"https:\/\/www.benchmarkemail.com\/fr\/#website"},"datePublished":"2024-09-09T15:11:46+00:00","dateModified":"2024-09-11T10:14:45+00:00","description":"Our free email subject line generator takes the stress out of crafting headlines that shine in the inbox to drive better email open rates.","breadcrumb":{"@id":"https:\/\/www.benchmarkemail.com\/fr\/email-subject-line-generator\/#breadcrumb"},"inLanguage":"en-US","potentialAction":[{"@type":"ReadAction","target":["https:\/\/www.benchmarkemail.com\/fr\/email-subject-line-generator\/"]}]},{"@type":"BreadcrumbList","@id":"https:\/\/www.benchmarkemail.com\/fr\/email-subject-line-generator\/#breadcrumb","itemListElement":[{"@type":"ListItem","position":1,"name":"Home","item":"https:\/\/www.benchmarkemail.com\/fr\/"},{"@type":"ListItem","position":2,"name":"Free Email Subject Line Generator (AI-powered)"}]},{"@type":"WebSite","@id":"https:\/\/www.benchmarkemail.com\/fr\/#website","url":"https:\/\/www.benchmarkemail.com\/fr\/","name":"Benchmark Email en fran\u00e7ais","description":"Outil de marketing digital. D\u00e9couvrez ou approfondissez vos connaissances en email marketing, automatisations, captation de prospects... et bien plus encore !","publisher":{"@id":"https:\/\/www.benchmarkemail.com\/fr\/#organization"},"potentialAction":[{"@type":"SearchAction","target":{"@type":"EntryPoint","urlTemplate":"https:\/\/www.benchmarkemail.com\/fr\/?s={search_term_string}"},"query-input":{"@type":"PropertyValueSpecification","valueRequired":true,"valueName":"search_term_string"}}],"inLanguage":"en-US"},{"@type":"Organization","@id":"https:\/\/www.benchmarkemail.com\/fr\/#organization","name":"Benchmark Internet Group, LLC","url":"https:\/\/www.benchmarkemail.com\/fr\/","logo":{"@type":"ImageObject","inLanguage":"en-US","@id":"https:\/\/www.benchmarkemail.com\/fr\/#\/schema\/logo\/image\/","url":"https:\/\/www.benchmarkemail.com\/fr\/wp-content\/uploads\/sites\/3\/2019\/09\/benchmark-logo.svg","contentUrl":"https:\/\/www.benchmarkemail.com\/fr\/wp-content\/uploads\/sites\/3\/2019\/09\/benchmark-logo.svg","width":1,"height":1,"caption":"Benchmark Internet Group, LLC"},"image":{"@id":"https:\/\/www.benchmarkemail.com\/fr\/#\/schema\/logo\/image\/"},"sameAs":["https:\/\/www.facebook.com\/BenchmarkEmail","https:\/\/x.com\/benchmarkemail","https:\/\/www.instagram.com\/benchmarkemail\/","https:\/\/www.linkedin.com\/company\/benchmark-email\/","https:\/\/www.youtube.com\/channel\/UCEQOJxM8HtdJpjkE1HO6L6Q"]}]}},"_links":{"self":[{"href":"https:\/\/www.benchmarkemail.com\/fr\/wp-json\/wp\/v2\/pages\/39146","targetHints":{"allow":["GET"]}}],"collection":[{"href":"https:\/\/www.benchmarkemail.com\/fr\/wp-json\/wp\/v2\/pages"}],"about":[{"href":"https:\/\/www.benchmarkemail.com\/fr\/wp-json\/wp\/v2\/types\/page"}],"author":[{"embeddable":true,"href":"https:\/\/www.benchmarkemail.com\/fr\/wp-json\/wp\/v2\/users\/7"}],"replies":[{"embeddable":true,"href":"https:\/\/www.benchmarkemail.com\/fr\/wp-json\/wp\/v2\/comments?post=39146"}],"version-history":[{"count":0,"href":"https:\/\/www.benchmarkemail.com\/fr\/wp-json\/wp\/v2\/pages\/39146\/revisions"}],"wp:attachment":[{"href":"https:\/\/www.benchmarkemail.com\/fr\/wp-json\/wp\/v2\/media?parent=39146"}],"curies":[{"name":"wp","href":"https:\/\/api.w.org\/{rel}","templated":true}]}}