{"id":48587,"date":"2025-11-20T11:47:25","date_gmt":"2025-11-20T11:47:25","guid":{"rendered":"https:\/\/www.benchmarkemail.com\/fr\/?page_id=48587"},"modified":"2025-12-09T11:04:57","modified_gmt":"2025-12-09T11:04:57","slug":"12-days-of-benchmark-resources","status":"publish","type":"page","link":"https:\/\/www.benchmarkemail.com\/fr\/12-days-of-benchmark-resources\/","title":{"rendered":"12 ressources-ready pour vous d\u00e9couvrir \u00e0 tout moment &#8211; Benchmark Email"},"content":{"rendered":"\r\n<h1>\r\n\t\t\t12 jours de cadeaux de No\u00ebl de Benchmark :\t<\/h1>\r\n\t<p>Avez-vous manqu\u00e9 un cadeau ? Pas de souci. Vous trouverez ici les 12 ressources, pr\u00eates \u00e0 \u00eatre d\u00e9couvertes \u00e0 tout moment.<\/p>\r\n\t<p>Les f\u00eates passent vite, tout comme les bo\u00eetes de r\u00e9ception. C&#8217;est pourquoi nous avons cr\u00e9\u00e9 12 jours de conseils, de mod\u00e8les et d&#8217;outils faciles \u00e0 utiliser pour rendre votre email marketing joyeux et g\u00e9rable.<\/p>\r\n<p>Des lignes d&#8217;objet qui brillent aux mod\u00e8les qui vous permettent de sauvegarder des heures, chaque cadeau ici est con\u00e7u pour vous aider \u00e0 envoyer des e-mails de mani\u00e8re plus intelligente, sans effort, exactement quand vous en avez le plus besoin.<\/p>\r\n\t\t\t<a href=\"#list\" target=\"_self\">\r\n\t\t\t\t\t\t\tAcc\u00e9der \u00e0 mes cadeaux\r\n\t\t\t\t\t<\/a>\r\n\t\t\t\t<img decoding=\"async\" src=\"https:\/\/www.benchmarkemail.com\/images\/nxg\/12-days-of-benchmark\/holidays.svg\" alt=\"holidays.svg\" itemprop=\"image\" title=\"holidays.svg\" onerror=\"this.style.display='none'\" loading=\"lazy\" \/>\r\n<h2>\r\n\t\t\tListe des ressources\t<\/h2>\r\n\t\t\t\t\t<a href=\"#\"  id=\"fl-accordion--label-0\" tabindex=\"0\" aria-controls=\"fl-accordion--panel-0\">Jour 1 : 10 lignes d&#8217;objet pr\u00eats \u00e0 l&#8217;emploi pour les f\u00eates<\/a>\r\n\t\t\t\t\t\t\t\t\t\t\t<a href=\"#\" id=\"fl-accordion--icon-0\"  tabindex=\"0\"><i title=\"Expand\">Expand<\/i><\/a>\r\n\t\t\t\t\t<p>Utilisez ces objets festifs pour booster le taux d&#8217;ouverture en quelques secondes.<\/p>\r\n<a href=\"\/fr\/12-days-of-benchmark\/holiday-email-subject-lines\/\">Ouvrir la ressource<\/a>\r\n\t\t\t\t\t<a href=\"#\"  id=\"fl-accordion--label-1\" tabindex=\"0\" aria-controls=\"fl-accordion--panel-1\">Jour 2 : Inspiration pour une palette de couleurs pour les f\u00eates (avec codes HEX)<\/a>\r\n\t\t\t\t\t\t\t\t\t\t\t<a href=\"#\" id=\"fl-accordion--icon-1\"  tabindex=\"0\"><i title=\"Expand\">Expand<\/i><\/a>\r\n\t\t\t\t\t<p>Des palettes originales et non clich\u00e9es que vous pouvez int\u00e9grer directement \u00e0 vos cr\u00e9ations.<\/p>\r\n<a href=\"\/fr\/12-days-of-benchmark\/holiday-color-palette\/\">Ouvrir la ressource<\/a>\r\n\t\t\t\t\t<a href=\"#\"  id=\"fl-accordion--label-2\" tabindex=\"0\" aria-controls=\"fl-accordion--panel-2\">Jour 3 : Mod\u00e8le de f\u00eates pr\u00eat \u00e0 l&#8217;emploi exclusif<\/a>\r\n\t\t\t\t\t\t\t\t\t\t\t<a href=\"#\" id=\"fl-accordion--icon-2\"  tabindex=\"0\"><i title=\"Expand\">Expand<\/i><\/a>\r\n\t\t\t\t\t<p>Ins\u00e9rez-le dans Benchmark, ajoutez votre message, et le tour est jou\u00e9.<\/p>\r\n<a href=\"\/fr\/12-days-of-benchmark\/holiday-email-template\/\">Ouvrir la ressource<\/a>\r\n\t\t\t\t\t<a href=\"#\"  id=\"fl-accordion--label-3\" tabindex=\"0\" aria-controls=\"fl-accordion--panel-3\">Jour 4 : La segmentation simplifi\u00e9e<\/a>\r\n\t\t\t\t\t\t\t\t\t\t\t<a href=\"#\" id=\"fl-accordion--icon-3\"  tabindex=\"0\"><i title=\"Expand\">Expand<\/i><\/a>\r\n\t\t\t\t\t<p>Conseils rapides sur les personnes \u00e0 cibler pour un engagement maximal cette saison.<\/p>\r\n<a href=\"\/fr\/12-days-of-benchmark\/segmentation-made-simple\/\">Ouvrir la ressource<\/a>\r\n\t\t\t\t\t<a href=\"#\"  id=\"fl-accordion--label-4\" tabindex=\"0\" aria-controls=\"fl-accordion--panel-4\">Jour 5 : Liste de contr\u00f4le pour un design adapt\u00e9 aux mobiles (\u00e9dition f\u00eates)<\/a>\r\n\t\t\t\t\t\t\t\t\t\t\t<a href=\"#\" id=\"fl-accordion--icon-4\"  tabindex=\"0\"><i title=\"Expand\">Expand<\/i><\/a>\r\n\t\t\t\t\t<p>Assurez-vous que vos e-mails sont faciles \u00e0 faire d\u00e9filer, cliquables et esth\u00e9tiques sur tous les appareils.<\/p>\r\n<a href=\"\/fr\/12-days-of-benchmark\/mobile-checklist\/\">Ouvrir la ressource<\/a>\r\n\t\t\t\t\t<a href=\"#\"  id=\"fl-accordion--label-5\" tabindex=\"0\" aria-controls=\"fl-accordion--panel-5\">Jour 6 : Conseils rapides pour les rapports de d\u00e9cembre<\/a>\r\n\t\t\t\t\t\t\t\t\t\t\t<a href=\"#\" id=\"fl-accordion--icon-5\"  tabindex=\"0\"><i title=\"Expand\">Expand<\/i><\/a>\r\n\t\t\t\t\t<p>Trois \u00e9l\u00e9ments \u00e0 suivre pour terminer l&#8217;ann\u00e9e en toute clart\u00e9.<\/p>\r\n<a href=\"\/fr\/12-days-of-benchmark\/reporting-tips\/\">Ouvrir la ressource<\/a>\r\n\t\t\t\t\t<a href=\"#\"  id=\"fl-accordion--label-6\" tabindex=\"0\" aria-controls=\"fl-accordion--panel-6\">Jour 7 : 5 prompts d&#8217;images festives g\u00e9n\u00e9r\u00e9s par IA<\/a>\r\n\t\t\t\t\t\t\t\t\t\t\t<a href=\"#\" id=\"fl-accordion--icon-6\"  tabindex=\"0\"><i title=\"Expand\">Expand<\/i><\/a>\r\n\t\t\t\t\t<p>G\u00e9n\u00e9rez des visuels saisonniers en quelques secondes, sans avoir besoin d&#8217;un designer.<\/p>\r\n<a href=\"\/fr\/12-days-of-benchmark\/image-prompts\/\">Ouvrir la ressource<\/a>\r\n\t\t\t\t\t<a href=\"#\"  id=\"fl-accordion--label-7\" tabindex=\"0\" aria-controls=\"fl-accordion--panel-7\">Jour 8 : Bonnes pratiques pour le timing des envois pendant les f\u00eates<\/a>\r\n\t\t\t\t\t\t\t\t\t\t\t<a href=\"#\" id=\"fl-accordion--icon-7\"  tabindex=\"0\"><i title=\"Expand\">Expand<\/i><\/a>\r\n\t\t\t\t\t<p>Envoyez vos campagnes lorsque les bo\u00eetes de r\u00e9ception sont les plus ouvertes.<\/p>\r\n<a href=\"\/fr\/12-days-of-benchmark\/timing-email-sends\/\">Ouvrir la ressource<\/a>\r\n\t\t\t\t\t<a href=\"#\"  id=\"fl-accordion--label-8\" tabindex=\"0\" aria-controls=\"fl-accordion--panel-8\">Jour 9 : Conseil de r\u00e9daction &#8211; Urgence sans insistance<\/a>\r\n\t\t\t\t\t\t\t\t\t\t\t<a href=\"#\" id=\"fl-accordion--icon-8\"  tabindex=\"0\"><i title=\"Expand\">Expand<\/i><\/a>\r\n\t\t\t\t\t<p>Trois \u00e9l\u00e9ments \u00e0 suivre pour terminer l&#8217;ann\u00e9e en toute clart\u00e9.<\/p>\r\n<a href=\"\/fr\/12-days-of-benchmark\/copywriting-tips\/\">Ouvrir la ressource<\/a>\r\n\t\t\t\t\t<a href=\"#\"  id=\"fl-accordion--label-9\" tabindex=\"0\" aria-controls=\"fl-accordion--panel-9\">Jour 10 : Mod\u00e8le exclusif &#8211; Campagne du Nouvel An<\/a>\r\n\t\t\t\t\t\t\t\t\t\t\t<a href=\"#\" id=\"fl-accordion--icon-9\"  tabindex=\"0\"><i title=\"Expand\">Expand<\/i><\/a>\r\n\t\t\t\t\t<p>Trois \u00e9l\u00e9ments \u00e0 suivre pour terminer l&#8217;ann\u00e9e en toute clart\u00e9.<\/p>\r\n<a href=\"\/fr\/12-days-of-benchmark\/new-years-email-template\/\">Ouvrir la ressource<\/a>\r\n\t\t\t\t\t<a href=\"#\"  id=\"fl-accordion--label-10\" tabindex=\"0\" aria-controls=\"fl-accordion--panel-10\">Jour 11 : Liste de contr\u00f4le de la d\u00e9livrabilit\u00e9 pour les envois \u00e0 grand volume<\/a>\r\n\t\t\t\t\t\t\t\t\t\t\t<a href=\"#\" id=\"fl-accordion--icon-10\"  tabindex=\"0\"><i title=\"Expand\">Expand<\/i><\/a>\r\n\t\t\t\t\t<p>Trois \u00e9l\u00e9ments \u00e0 suivre pour terminer l&#8217;ann\u00e9e en toute clart\u00e9.<\/p>\r\n<a href=\"\/fr\/12-days-of-benchmark\/deliverability-checklist\/\">Ouvrir la ressource<\/a>\r\n\t\t\t\t\t<a href=\"#\"  id=\"fl-accordion--label-11\" tabindex=\"0\" aria-controls=\"fl-accordion--panel-11\">Jour 12 : Bilan des f\u00eates de fin d&#8217;ann\u00e9e de Benchmark + ressource bonus<\/a>\r\n\t\t\t\t\t\t\t\t\t\t\t<a href=\"#\" id=\"fl-accordion--icon-11\"  tabindex=\"0\"><i title=\"Expand\">Expand<\/i><\/a>\r\n\t\t\t\t\t<p>Trois \u00e9l\u00e9ments \u00e0 suivre pour terminer l&#8217;ann\u00e9e en toute clart\u00e9.<\/p>\r\n<a href=\"\/fr\/12-days-of-benchmark\/holiday-wrap-up\/\">Ouvrir la ressource<\/a>\r\n\r\n","protected":false},"excerpt":{"rendered":"<p>12 jours de cadeaux de No\u00ebl de Benchmark : Avez-vous manqu\u00e9 un cadeau ? Pas de souci. Vous trouverez ici les 12 ressources, pr\u00eates \u00e0 \u00eatre d\u00e9couvertes \u00e0 tout moment. Les f\u00eates passent vite, tout comme les bo\u00eetes de r\u00e9ception. C&#8217;est pourquoi nous avons cr\u00e9\u00e9 12 jours de conseils, de mod\u00e8les et d&#8217;outils faciles \u00e0&hellip;<\/p>\n","protected":false},"author":7,"featured_media":0,"parent":0,"menu_order":0,"comment_status":"closed","ping_status":"closed","template":"","meta":{"inline_featured_image":false,"footnotes":""},"class_list":["post-48587","page","type-page","status-publish","hentry"],"yoast_head":"<!-- This site is optimized with the Yoast SEO plugin v27.5 - https:\/\/yoast.com\/product\/yoast-seo-wordpress\/ -->\n<title>12 ressources-ready pour vous d\u00e9couvrir \u00e0 tout moment - Benchmark Email - Benchmark Email<\/title>\n<meta name=\"description\" content=\"12 jours de Benchmark : avez-vous manqu\u00e9 un cadeau ? Pas de souci. Vous trouverez ici les 12 ressources, pr\u00eates \u00e0 \u00eatre d\u00e9couvertes \u00e0 tout moment. Les f\u00eates passent vite, tout comme les bo\u00eetes de r\u00e9ception\" \/>\n<meta name=\"robots\" content=\"index, follow, max-snippet:-1, max-image-preview:large, max-video-preview:-1\" \/>\n<link rel=\"canonical\" href=\"https:\/\/www.benchmarkemail.com\/fr\/12-days-of-benchmark-resources\/\" \/>\n<meta property=\"og:locale\" content=\"en_US\" \/>\n<meta property=\"og:type\" content=\"article\" \/>\n<meta property=\"og:title\" content=\"12 ressources-ready pour vous d\u00e9couvrir \u00e0 tout moment - Benchmark Email - Benchmark Email\" \/>\n<meta property=\"og:description\" content=\"12 jours de Benchmark : avez-vous manqu\u00e9 un cadeau ? Pas de souci. Vous trouverez ici les 12 ressources, pr\u00eates \u00e0 \u00eatre d\u00e9couvertes \u00e0 tout moment. Les f\u00eates passent vite, tout comme les bo\u00eetes de r\u00e9ception\" \/>\n<meta property=\"og:url\" content=\"https:\/\/www.benchmarkemail.com\/fr\/12-days-of-benchmark-resources\/\" \/>\n<meta property=\"og:site_name\" content=\"Benchmark Email en fran\u00e7ais\" \/>\n<meta property=\"article:publisher\" content=\"https:\/\/www.facebook.com\/BenchmarkEmail\" \/>\n<meta property=\"article:modified_time\" content=\"2025-12-09T11:04:57+00:00\" \/>\n<meta property=\"og:image\" content=\"https:\/\/www.benchmarkemail.com\/images\/nxg\/12-days-of-benchmark\/holidays.svg\" \/>\n<meta name=\"twitter:card\" content=\"summary_large_image\" \/>\n<meta name=\"twitter:site\" content=\"@benchmarkemail\" \/>\n<meta name=\"twitter:label1\" content=\"Est. reading time\" \/>\n\t<meta name=\"twitter:data1\" content=\"3 minutes\" \/>\n<script type=\"application\/ld+json\" class=\"yoast-schema-graph\">{\"@context\":\"https:\\\/\\\/schema.org\",\"@graph\":[{\"@type\":\"WebPage\",\"@id\":\"https:\\\/\\\/www.benchmarkemail.com\\\/fr\\\/12-days-of-benchmark-resources\\\/\",\"url\":\"https:\\\/\\\/www.benchmarkemail.com\\\/fr\\\/12-days-of-benchmark-resources\\\/\",\"name\":\"12 ressources-ready pour vous d\u00e9couvrir \u00e0 tout moment - Benchmark Email - Benchmark Email\",\"isPartOf\":{\"@id\":\"https:\\\/\\\/www.benchmarkemail.com\\\/fr\\\/#website\"},\"primaryImageOfPage\":{\"@id\":\"https:\\\/\\\/www.benchmarkemail.com\\\/fr\\\/12-days-of-benchmark-resources\\\/#primaryimage\"},\"image\":{\"@id\":\"https:\\\/\\\/www.benchmarkemail.com\\\/fr\\\/12-days-of-benchmark-resources\\\/#primaryimage\"},\"thumbnailUrl\":\"https:\\\/\\\/www.benchmarkemail.com\\\/images\\\/nxg\\\/12-days-of-benchmark\\\/holidays.svg\",\"datePublished\":\"2025-11-20T11:47:25+00:00\",\"dateModified\":\"2025-12-09T11:04:57+00:00\",\"description\":\"12 jours de Benchmark : avez-vous manqu\u00e9 un cadeau ? Pas de souci. Vous trouverez ici les 12 ressources, pr\u00eates \u00e0 \u00eatre d\u00e9couvertes \u00e0 tout moment. Les f\u00eates passent vite, tout comme les bo\u00eetes de r\u00e9ception\",\"breadcrumb\":{\"@id\":\"https:\\\/\\\/www.benchmarkemail.com\\\/fr\\\/12-days-of-benchmark-resources\\\/#breadcrumb\"},\"inLanguage\":\"en-US\",\"potentialAction\":[{\"@type\":\"ReadAction\",\"target\":[\"https:\\\/\\\/www.benchmarkemail.com\\\/fr\\\/12-days-of-benchmark-resources\\\/\"]}]},{\"@type\":\"ImageObject\",\"inLanguage\":\"en-US\",\"@id\":\"https:\\\/\\\/www.benchmarkemail.com\\\/fr\\\/12-days-of-benchmark-resources\\\/#primaryimage\",\"url\":\"https:\\\/\\\/www.benchmarkemail.com\\\/images\\\/nxg\\\/12-days-of-benchmark\\\/holidays.svg\",\"contentUrl\":\"https:\\\/\\\/www.benchmarkemail.com\\\/images\\\/nxg\\\/12-days-of-benchmark\\\/holidays.svg\"},{\"@type\":\"BreadcrumbList\",\"@id\":\"https:\\\/\\\/www.benchmarkemail.com\\\/fr\\\/12-days-of-benchmark-resources\\\/#breadcrumb\",\"itemListElement\":[{\"@type\":\"ListItem\",\"position\":1,\"name\":\"Home\",\"item\":\"https:\\\/\\\/www.benchmarkemail.com\\\/fr\\\/\"},{\"@type\":\"ListItem\",\"position\":2,\"name\":\"12 ressources-ready pour vous d\u00e9couvrir \u00e0 tout moment &#8211; Benchmark Email\"}]},{\"@type\":\"WebSite\",\"@id\":\"https:\\\/\\\/www.benchmarkemail.com\\\/fr\\\/#website\",\"url\":\"https:\\\/\\\/www.benchmarkemail.com\\\/fr\\\/\",\"name\":\"Benchmark Email en fran\u00e7ais\",\"description\":\"Outil de marketing digital. D\u00e9couvrez ou approfondissez vos connaissances en email marketing, automatisations, captation de prospects... et bien plus encore !\",\"publisher\":{\"@id\":\"https:\\\/\\\/www.benchmarkemail.com\\\/fr\\\/#organization\"},\"potentialAction\":[{\"@type\":\"SearchAction\",\"target\":{\"@type\":\"EntryPoint\",\"urlTemplate\":\"https:\\\/\\\/www.benchmarkemail.com\\\/fr\\\/?s={search_term_string}\"},\"query-input\":{\"@type\":\"PropertyValueSpecification\",\"valueRequired\":true,\"valueName\":\"search_term_string\"}}],\"inLanguage\":\"en-US\"},{\"@type\":\"Organization\",\"@id\":\"https:\\\/\\\/www.benchmarkemail.com\\\/fr\\\/#organization\",\"name\":\"Benchmark Internet Group, LLC\",\"url\":\"https:\\\/\\\/www.benchmarkemail.com\\\/fr\\\/\",\"logo\":{\"@type\":\"ImageObject\",\"inLanguage\":\"en-US\",\"@id\":\"https:\\\/\\\/www.benchmarkemail.com\\\/fr\\\/#\\\/schema\\\/logo\\\/image\\\/\",\"url\":\"https:\\\/\\\/www.benchmarkemail.com\\\/fr\\\/wp-content\\\/uploads\\\/sites\\\/3\\\/2019\\\/09\\\/benchmark-logo.svg\",\"contentUrl\":\"https:\\\/\\\/www.benchmarkemail.com\\\/fr\\\/wp-content\\\/uploads\\\/sites\\\/3\\\/2019\\\/09\\\/benchmark-logo.svg\",\"width\":1,\"height\":1,\"caption\":\"Benchmark Internet Group, LLC\"},\"image\":{\"@id\":\"https:\\\/\\\/www.benchmarkemail.com\\\/fr\\\/#\\\/schema\\\/logo\\\/image\\\/\"},\"sameAs\":[\"https:\\\/\\\/www.facebook.com\\\/BenchmarkEmail\",\"https:\\\/\\\/x.com\\\/benchmarkemail\",\"https:\\\/\\\/www.instagram.com\\\/benchmarkemail\\\/\",\"https:\\\/\\\/www.linkedin.com\\\/company\\\/benchmark-email\\\/\",\"https:\\\/\\\/www.youtube.com\\\/channel\\\/UCEQOJxM8HtdJpjkE1HO6L6Q\"]}]}<\/script>\n<!-- \/ Yoast SEO plugin. -->","yoast_head_json":{"title":"12 ressources-ready pour vous d\u00e9couvrir \u00e0 tout moment - Benchmark Email - Benchmark Email","description":"12 jours de Benchmark : avez-vous manqu\u00e9 un cadeau ? Pas de souci. Vous trouverez ici les 12 ressources, pr\u00eates \u00e0 \u00eatre d\u00e9couvertes \u00e0 tout moment. Les f\u00eates passent vite, tout comme les bo\u00eetes de r\u00e9ception","robots":{"index":"index","follow":"follow","max-snippet":"max-snippet:-1","max-image-preview":"max-image-preview:large","max-video-preview":"max-video-preview:-1"},"canonical":"https:\/\/www.benchmarkemail.com\/fr\/12-days-of-benchmark-resources\/","og_locale":"en_US","og_type":"article","og_title":"12 ressources-ready pour vous d\u00e9couvrir \u00e0 tout moment - Benchmark Email - Benchmark Email","og_description":"12 jours de Benchmark : avez-vous manqu\u00e9 un cadeau ? Pas de souci. Vous trouverez ici les 12 ressources, pr\u00eates \u00e0 \u00eatre d\u00e9couvertes \u00e0 tout moment. Les f\u00eates passent vite, tout comme les bo\u00eetes de r\u00e9ception","og_url":"https:\/\/www.benchmarkemail.com\/fr\/12-days-of-benchmark-resources\/","og_site_name":"Benchmark Email en fran\u00e7ais","article_publisher":"https:\/\/www.facebook.com\/BenchmarkEmail","article_modified_time":"2025-12-09T11:04:57+00:00","og_image":[{"url":"https:\/\/www.benchmarkemail.com\/images\/nxg\/12-days-of-benchmark\/holidays.svg","type":"","width":"","height":""}],"twitter_card":"summary_large_image","twitter_site":"@benchmarkemail","twitter_misc":{"Est. reading time":"3 minutes"},"schema":{"@context":"https:\/\/schema.org","@graph":[{"@type":"WebPage","@id":"https:\/\/www.benchmarkemail.com\/fr\/12-days-of-benchmark-resources\/","url":"https:\/\/www.benchmarkemail.com\/fr\/12-days-of-benchmark-resources\/","name":"12 ressources-ready pour vous d\u00e9couvrir \u00e0 tout moment - Benchmark Email - Benchmark Email","isPartOf":{"@id":"https:\/\/www.benchmarkemail.com\/fr\/#website"},"primaryImageOfPage":{"@id":"https:\/\/www.benchmarkemail.com\/fr\/12-days-of-benchmark-resources\/#primaryimage"},"image":{"@id":"https:\/\/www.benchmarkemail.com\/fr\/12-days-of-benchmark-resources\/#primaryimage"},"thumbnailUrl":"https:\/\/www.benchmarkemail.com\/images\/nxg\/12-days-of-benchmark\/holidays.svg","datePublished":"2025-11-20T11:47:25+00:00","dateModified":"2025-12-09T11:04:57+00:00","description":"12 jours de Benchmark : avez-vous manqu\u00e9 un cadeau ? Pas de souci. Vous trouverez ici les 12 ressources, pr\u00eates \u00e0 \u00eatre d\u00e9couvertes \u00e0 tout moment. Les f\u00eates passent vite, tout comme les bo\u00eetes de r\u00e9ception","breadcrumb":{"@id":"https:\/\/www.benchmarkemail.com\/fr\/12-days-of-benchmark-resources\/#breadcrumb"},"inLanguage":"en-US","potentialAction":[{"@type":"ReadAction","target":["https:\/\/www.benchmarkemail.com\/fr\/12-days-of-benchmark-resources\/"]}]},{"@type":"ImageObject","inLanguage":"en-US","@id":"https:\/\/www.benchmarkemail.com\/fr\/12-days-of-benchmark-resources\/#primaryimage","url":"https:\/\/www.benchmarkemail.com\/images\/nxg\/12-days-of-benchmark\/holidays.svg","contentUrl":"https:\/\/www.benchmarkemail.com\/images\/nxg\/12-days-of-benchmark\/holidays.svg"},{"@type":"BreadcrumbList","@id":"https:\/\/www.benchmarkemail.com\/fr\/12-days-of-benchmark-resources\/#breadcrumb","itemListElement":[{"@type":"ListItem","position":1,"name":"Home","item":"https:\/\/www.benchmarkemail.com\/fr\/"},{"@type":"ListItem","position":2,"name":"12 ressources-ready pour vous d\u00e9couvrir \u00e0 tout moment &#8211; Benchmark Email"}]},{"@type":"WebSite","@id":"https:\/\/www.benchmarkemail.com\/fr\/#website","url":"https:\/\/www.benchmarkemail.com\/fr\/","name":"Benchmark Email en fran\u00e7ais","description":"Outil de marketing digital. D\u00e9couvrez ou approfondissez vos connaissances en email marketing, automatisations, captation de prospects... et bien plus encore !","publisher":{"@id":"https:\/\/www.benchmarkemail.com\/fr\/#organization"},"potentialAction":[{"@type":"SearchAction","target":{"@type":"EntryPoint","urlTemplate":"https:\/\/www.benchmarkemail.com\/fr\/?s={search_term_string}"},"query-input":{"@type":"PropertyValueSpecification","valueRequired":true,"valueName":"search_term_string"}}],"inLanguage":"en-US"},{"@type":"Organization","@id":"https:\/\/www.benchmarkemail.com\/fr\/#organization","name":"Benchmark Internet Group, LLC","url":"https:\/\/www.benchmarkemail.com\/fr\/","logo":{"@type":"ImageObject","inLanguage":"en-US","@id":"https:\/\/www.benchmarkemail.com\/fr\/#\/schema\/logo\/image\/","url":"https:\/\/www.benchmarkemail.com\/fr\/wp-content\/uploads\/sites\/3\/2019\/09\/benchmark-logo.svg","contentUrl":"https:\/\/www.benchmarkemail.com\/fr\/wp-content\/uploads\/sites\/3\/2019\/09\/benchmark-logo.svg","width":1,"height":1,"caption":"Benchmark Internet Group, LLC"},"image":{"@id":"https:\/\/www.benchmarkemail.com\/fr\/#\/schema\/logo\/image\/"},"sameAs":["https:\/\/www.facebook.com\/BenchmarkEmail","https:\/\/x.com\/benchmarkemail","https:\/\/www.instagram.com\/benchmarkemail\/","https:\/\/www.linkedin.com\/company\/benchmark-email\/","https:\/\/www.youtube.com\/channel\/UCEQOJxM8HtdJpjkE1HO6L6Q"]}]}},"_links":{"self":[{"href":"https:\/\/www.benchmarkemail.com\/fr\/wp-json\/wp\/v2\/pages\/48587","targetHints":{"allow":["GET"]}}],"collection":[{"href":"https:\/\/www.benchmarkemail.com\/fr\/wp-json\/wp\/v2\/pages"}],"about":[{"href":"https:\/\/www.benchmarkemail.com\/fr\/wp-json\/wp\/v2\/types\/page"}],"author":[{"embeddable":true,"href":"https:\/\/www.benchmarkemail.com\/fr\/wp-json\/wp\/v2\/users\/7"}],"replies":[{"embeddable":true,"href":"https:\/\/www.benchmarkemail.com\/fr\/wp-json\/wp\/v2\/comments?post=48587"}],"version-history":[{"count":0,"href":"https:\/\/www.benchmarkemail.com\/fr\/wp-json\/wp\/v2\/pages\/48587\/revisions"}],"wp:attachment":[{"href":"https:\/\/www.benchmarkemail.com\/fr\/wp-json\/wp\/v2\/media?parent=48587"}],"curies":[{"name":"wp","href":"https:\/\/api.w.org\/{rel}","templated":true}]}}