{"id":48611,"date":"2025-11-25T17:08:00","date_gmt":"2025-11-25T17:08:00","guid":{"rendered":"https:\/\/www.benchmarkemail.com\/fr\/?page_id=48611"},"modified":"2025-12-03T12:26:05","modified_gmt":"2025-12-03T12:26:05","slug":"timing-email-sends","status":"publish","type":"page","link":"https:\/\/www.benchmarkemail.com\/fr\/12-days-of-benchmark\/timing-email-sends\/","title":{"rendered":"Bonnes pratiques pour planifier le moment pour envoyer vos e-mails pendant les f\u00eates"},"content":{"rendered":"\n<h1>\n\t\t\tBonnes pratiques pour planifier le moment pour envoyer vos e-mails pendant les f\u00eates\t<\/h1>\n\t<p>Si vous envoyez vos e-mails au mauvais moment, m\u00eame les meilleurs e-mails de f\u00eates risquent de passer inaper\u00e7us. La bonne nouvelle ? Vous n&#8217;avez pas besoin de mod\u00e8les de donn\u00e9es complexes, mais simplement de quelques conseils \u00e9prouv\u00e9s pour que vos campagnes soient vues.<\/p>\n\t<p>Le cadeau du jour :<\/p>\n\t<p>un guide simple pour savoir quand (et comment souvent) pour envoyer \u00ab pour envoyer \u00bb pendant la p\u00e9riode des f\u00eates.<\/p>\n<h2>\n\t\t\tBons pratiques\t<\/h2>\n\t<section id=\"metrics\">\n    <!--box-->\n          1. D\u00e9marrez t\u00f4t (mais pas trop t\u00f4t)\n      <ul>\n        <li><strong>D\u00e9but novembre : <\/strong>id\u00e9al pour les guides cadeaux et les ventes d&#8217;avant-saison.<\/li>\n        <li><strong> Week-end de Thanksgiving : <\/strong> le Black Friday et le Cyber Monday restent les jours les plus importants, mais veillez \u00e0 ce que vos messages soient clairs et pr\u00e9cis.<\/li>\n      <\/ul>\n<!--box end-->\n<!-- 2 -->\n      2. Restez coh\u00e9rent en d\u00e9cembre\n        <ul>\n          <li><strong>Du mardi au jeudi : <\/strong>g\u00e9n\u00e9ralement l&#8217;engagement le plus fort.<\/li>\n          <li><strong>En milieu de matin\u00e9e (9 h &#8211; 11 h) :<\/strong> le moment id\u00e9al pour les ouvertures.<\/li>\n          <li><strong>Le soir : <\/strong> peut bien fonctionner pour les acheteurs de derni\u00e8re minute qui consultent leurs e-mails apr\u00e8s le travail.<\/li>\n        <\/ul>\n    <!-- 3 -->\n       3. Misez sur les fen\u00eatres d&#8217;urgence\n        <ul>\n         <li><strong>7 \u00e0 10 jours avant les dates limites d&#8217;exp\u00e9dition :<\/strong> mettez en avant les dates limites de commande.<\/li>\n  <li><strong>Derni\u00e8re semaine avant No\u00ebl :<\/strong> faites la promotion des cadeaux num\u00e9riques ou des retraits en magasin.<\/li>\n    <li><strong>26-31 d\u00e9cembre :<\/strong> id\u00e9al pour les soldes ou les promotions du Nouvel An.<\/li>\n        <\/ul>\n     <!-- 3 -->\n4. N&#8217;h\u00e9sitez pas \u00e0 renvoyer vos messages \n        <ul>\n         <li>Si votre campagne est cruciale, renvoyez-la aux destinataires qui ne l&#8217;ont pas ouverte dans les 48 heures (en modifiant l\u00e9g\u00e8rement l&#8217;objet). <\/li>\n        <\/ul>\n<\/section> \n\t<p>Chaque public est diff\u00e9rent, mais ces r\u00e8gles de timing sont une valeur s\u00fbre pour booster la visibilit\u00e9 pendant la p\u00e9riode la plus charg\u00e9e de l&#8217;ann\u00e9e pour les bo\u00eetes de r\u00e9ception.<\/p>\n\n","protected":false},"excerpt":{"rendered":"<p>Bonnes pratiques pour planifier le moment pour envoyer vos e-mails pendant les f\u00eates Si vous envoyez vos e-mails au mauvais moment, m\u00eame les meilleurs e-mails de f\u00eates risquent de passer inaper\u00e7us. La bonne nouvelle ? Vous n&#8217;avez pas besoin de mod\u00e8les de donn\u00e9es complexes, mais simplement de quelques conseils \u00e9prouv\u00e9s pour que vos campagnes soient&hellip;<\/p>\n","protected":false},"author":7,"featured_media":0,"parent":48585,"menu_order":0,"comment_status":"closed","ping_status":"closed","template":"","meta":{"inline_featured_image":false,"footnotes":""},"class_list":["post-48611","page","type-page","status-publish","hentry"],"yoast_head":"<!-- This site is optimized with the Yoast SEO plugin v27.4 - https:\/\/yoast.com\/product\/yoast-seo-wordpress\/ -->\n<title>Bonnes pratiques pour planifier le moment pour envoyer vos e-mails pendant les f\u00eates - Benchmark Email<\/title>\n<meta name=\"description\" content=\"Il n&#039;est pas toujours facile de d\u00e9terminer le moment id\u00e9al pour envoyer des e-mails pendant la p\u00e9riode des f\u00eates. Consultez ces bonnes pratiques pour planifier le moment pour envoyer vos e-mails.\" \/>\n<meta name=\"robots\" content=\"index, follow, max-snippet:-1, max-image-preview:large, max-video-preview:-1\" \/>\n<link rel=\"canonical\" href=\"https:\/\/www.benchmarkemail.com\/fr\/12-days-of-benchmark\/timing-email-sends\/\" \/>\n<meta property=\"og:locale\" content=\"en_US\" \/>\n<meta property=\"og:type\" content=\"article\" \/>\n<meta property=\"og:title\" content=\"Bonnes pratiques pour planifier le moment pour envoyer vos e-mails pendant les f\u00eates - Benchmark Email\" \/>\n<meta property=\"og:description\" content=\"Il n&#039;est pas toujours facile de d\u00e9terminer le moment id\u00e9al pour envoyer des e-mails pendant la p\u00e9riode des f\u00eates. Consultez ces bonnes pratiques pour planifier le moment pour envoyer vos e-mails.\" \/>\n<meta property=\"og:url\" content=\"https:\/\/www.benchmarkemail.com\/fr\/12-days-of-benchmark\/timing-email-sends\/\" \/>\n<meta property=\"og:site_name\" content=\"Benchmark Email en fran\u00e7ais\" \/>\n<meta property=\"article:publisher\" content=\"https:\/\/www.facebook.com\/BenchmarkEmail\" \/>\n<meta property=\"article:modified_time\" content=\"2025-12-03T12:26:05+00:00\" \/>\n<meta name=\"twitter:card\" content=\"summary_large_image\" \/>\n<meta name=\"twitter:site\" content=\"@benchmarkemail\" \/>\n<meta name=\"twitter:label1\" content=\"Est. reading time\" \/>\n\t<meta name=\"twitter:data1\" content=\"1 minute\" \/>\n<script type=\"application\/ld+json\" class=\"yoast-schema-graph\">{\"@context\":\"https:\\\/\\\/schema.org\",\"@graph\":[{\"@type\":\"WebPage\",\"@id\":\"https:\\\/\\\/www.benchmarkemail.com\\\/fr\\\/12-days-of-benchmark\\\/timing-email-sends\\\/\",\"url\":\"https:\\\/\\\/www.benchmarkemail.com\\\/fr\\\/12-days-of-benchmark\\\/timing-email-sends\\\/\",\"name\":\"Bonnes pratiques pour planifier le moment pour envoyer vos e-mails pendant les f\u00eates - Benchmark Email\",\"isPartOf\":{\"@id\":\"https:\\\/\\\/www.benchmarkemail.com\\\/fr\\\/#website\"},\"datePublished\":\"2025-11-25T17:08:00+00:00\",\"dateModified\":\"2025-12-03T12:26:05+00:00\",\"description\":\"Il n'est pas toujours facile de d\u00e9terminer le moment id\u00e9al pour envoyer des e-mails pendant la p\u00e9riode des f\u00eates. Consultez ces bonnes pratiques pour planifier le moment pour envoyer vos e-mails.\",\"breadcrumb\":{\"@id\":\"https:\\\/\\\/www.benchmarkemail.com\\\/fr\\\/12-days-of-benchmark\\\/timing-email-sends\\\/#breadcrumb\"},\"inLanguage\":\"en-US\",\"potentialAction\":[{\"@type\":\"ReadAction\",\"target\":[\"https:\\\/\\\/www.benchmarkemail.com\\\/fr\\\/12-days-of-benchmark\\\/timing-email-sends\\\/\"]}]},{\"@type\":\"BreadcrumbList\",\"@id\":\"https:\\\/\\\/www.benchmarkemail.com\\\/fr\\\/12-days-of-benchmark\\\/timing-email-sends\\\/#breadcrumb\",\"itemListElement\":[{\"@type\":\"ListItem\",\"position\":1,\"name\":\"Home\",\"item\":\"https:\\\/\\\/www.benchmarkemail.com\\\/fr\\\/\"},{\"@type\":\"ListItem\",\"position\":2,\"name\":\"12 jours de cadeaux de No\u00ebl &#8211; Benchmark Email\",\"item\":\"https:\\\/\\\/www.benchmarkemail.com\\\/fr\\\/12-days-of-benchmark\\\/\"},{\"@type\":\"ListItem\",\"position\":3,\"name\":\"Bonnes pratiques pour planifier le moment pour envoyer vos e-mails pendant les f\u00eates\"}]},{\"@type\":\"WebSite\",\"@id\":\"https:\\\/\\\/www.benchmarkemail.com\\\/fr\\\/#website\",\"url\":\"https:\\\/\\\/www.benchmarkemail.com\\\/fr\\\/\",\"name\":\"Benchmark Email en fran\u00e7ais\",\"description\":\"Outil de marketing digital. D\u00e9couvrez ou approfondissez vos connaissances en email marketing, automatisations, captation de prospects... et bien plus encore !\",\"publisher\":{\"@id\":\"https:\\\/\\\/www.benchmarkemail.com\\\/fr\\\/#organization\"},\"potentialAction\":[{\"@type\":\"SearchAction\",\"target\":{\"@type\":\"EntryPoint\",\"urlTemplate\":\"https:\\\/\\\/www.benchmarkemail.com\\\/fr\\\/?s={search_term_string}\"},\"query-input\":{\"@type\":\"PropertyValueSpecification\",\"valueRequired\":true,\"valueName\":\"search_term_string\"}}],\"inLanguage\":\"en-US\"},{\"@type\":\"Organization\",\"@id\":\"https:\\\/\\\/www.benchmarkemail.com\\\/fr\\\/#organization\",\"name\":\"Benchmark Internet Group, LLC\",\"url\":\"https:\\\/\\\/www.benchmarkemail.com\\\/fr\\\/\",\"logo\":{\"@type\":\"ImageObject\",\"inLanguage\":\"en-US\",\"@id\":\"https:\\\/\\\/www.benchmarkemail.com\\\/fr\\\/#\\\/schema\\\/logo\\\/image\\\/\",\"url\":\"https:\\\/\\\/www.benchmarkemail.com\\\/fr\\\/wp-content\\\/uploads\\\/sites\\\/3\\\/2019\\\/09\\\/benchmark-logo.svg\",\"contentUrl\":\"https:\\\/\\\/www.benchmarkemail.com\\\/fr\\\/wp-content\\\/uploads\\\/sites\\\/3\\\/2019\\\/09\\\/benchmark-logo.svg\",\"width\":1,\"height\":1,\"caption\":\"Benchmark Internet Group, LLC\"},\"image\":{\"@id\":\"https:\\\/\\\/www.benchmarkemail.com\\\/fr\\\/#\\\/schema\\\/logo\\\/image\\\/\"},\"sameAs\":[\"https:\\\/\\\/www.facebook.com\\\/BenchmarkEmail\",\"https:\\\/\\\/x.com\\\/benchmarkemail\",\"https:\\\/\\\/www.instagram.com\\\/benchmarkemail\\\/\",\"https:\\\/\\\/www.linkedin.com\\\/company\\\/benchmark-email\\\/\",\"https:\\\/\\\/www.youtube.com\\\/channel\\\/UCEQOJxM8HtdJpjkE1HO6L6Q\"]}]}<\/script>\n<!-- \/ Yoast SEO plugin. -->","yoast_head_json":{"title":"Bonnes pratiques pour planifier le moment pour envoyer vos e-mails pendant les f\u00eates - Benchmark Email","description":"Il n'est pas toujours facile de d\u00e9terminer le moment id\u00e9al pour envoyer des e-mails pendant la p\u00e9riode des f\u00eates. Consultez ces bonnes pratiques pour planifier le moment pour envoyer vos e-mails.","robots":{"index":"index","follow":"follow","max-snippet":"max-snippet:-1","max-image-preview":"max-image-preview:large","max-video-preview":"max-video-preview:-1"},"canonical":"https:\/\/www.benchmarkemail.com\/fr\/12-days-of-benchmark\/timing-email-sends\/","og_locale":"en_US","og_type":"article","og_title":"Bonnes pratiques pour planifier le moment pour envoyer vos e-mails pendant les f\u00eates - Benchmark Email","og_description":"Il n'est pas toujours facile de d\u00e9terminer le moment id\u00e9al pour envoyer des e-mails pendant la p\u00e9riode des f\u00eates. Consultez ces bonnes pratiques pour planifier le moment pour envoyer vos e-mails.","og_url":"https:\/\/www.benchmarkemail.com\/fr\/12-days-of-benchmark\/timing-email-sends\/","og_site_name":"Benchmark Email en fran\u00e7ais","article_publisher":"https:\/\/www.facebook.com\/BenchmarkEmail","article_modified_time":"2025-12-03T12:26:05+00:00","twitter_card":"summary_large_image","twitter_site":"@benchmarkemail","twitter_misc":{"Est. reading time":"1 minute"},"schema":{"@context":"https:\/\/schema.org","@graph":[{"@type":"WebPage","@id":"https:\/\/www.benchmarkemail.com\/fr\/12-days-of-benchmark\/timing-email-sends\/","url":"https:\/\/www.benchmarkemail.com\/fr\/12-days-of-benchmark\/timing-email-sends\/","name":"Bonnes pratiques pour planifier le moment pour envoyer vos e-mails pendant les f\u00eates - Benchmark Email","isPartOf":{"@id":"https:\/\/www.benchmarkemail.com\/fr\/#website"},"datePublished":"2025-11-25T17:08:00+00:00","dateModified":"2025-12-03T12:26:05+00:00","description":"Il n'est pas toujours facile de d\u00e9terminer le moment id\u00e9al pour envoyer des e-mails pendant la p\u00e9riode des f\u00eates. Consultez ces bonnes pratiques pour planifier le moment pour envoyer vos e-mails.","breadcrumb":{"@id":"https:\/\/www.benchmarkemail.com\/fr\/12-days-of-benchmark\/timing-email-sends\/#breadcrumb"},"inLanguage":"en-US","potentialAction":[{"@type":"ReadAction","target":["https:\/\/www.benchmarkemail.com\/fr\/12-days-of-benchmark\/timing-email-sends\/"]}]},{"@type":"BreadcrumbList","@id":"https:\/\/www.benchmarkemail.com\/fr\/12-days-of-benchmark\/timing-email-sends\/#breadcrumb","itemListElement":[{"@type":"ListItem","position":1,"name":"Home","item":"https:\/\/www.benchmarkemail.com\/fr\/"},{"@type":"ListItem","position":2,"name":"12 jours de cadeaux de No\u00ebl &#8211; Benchmark Email","item":"https:\/\/www.benchmarkemail.com\/fr\/12-days-of-benchmark\/"},{"@type":"ListItem","position":3,"name":"Bonnes pratiques pour planifier le moment pour envoyer vos e-mails pendant les f\u00eates"}]},{"@type":"WebSite","@id":"https:\/\/www.benchmarkemail.com\/fr\/#website","url":"https:\/\/www.benchmarkemail.com\/fr\/","name":"Benchmark Email en fran\u00e7ais","description":"Outil de marketing digital. D\u00e9couvrez ou approfondissez vos connaissances en email marketing, automatisations, captation de prospects... et bien plus encore !","publisher":{"@id":"https:\/\/www.benchmarkemail.com\/fr\/#organization"},"potentialAction":[{"@type":"SearchAction","target":{"@type":"EntryPoint","urlTemplate":"https:\/\/www.benchmarkemail.com\/fr\/?s={search_term_string}"},"query-input":{"@type":"PropertyValueSpecification","valueRequired":true,"valueName":"search_term_string"}}],"inLanguage":"en-US"},{"@type":"Organization","@id":"https:\/\/www.benchmarkemail.com\/fr\/#organization","name":"Benchmark Internet Group, LLC","url":"https:\/\/www.benchmarkemail.com\/fr\/","logo":{"@type":"ImageObject","inLanguage":"en-US","@id":"https:\/\/www.benchmarkemail.com\/fr\/#\/schema\/logo\/image\/","url":"https:\/\/www.benchmarkemail.com\/fr\/wp-content\/uploads\/sites\/3\/2019\/09\/benchmark-logo.svg","contentUrl":"https:\/\/www.benchmarkemail.com\/fr\/wp-content\/uploads\/sites\/3\/2019\/09\/benchmark-logo.svg","width":1,"height":1,"caption":"Benchmark Internet Group, LLC"},"image":{"@id":"https:\/\/www.benchmarkemail.com\/fr\/#\/schema\/logo\/image\/"},"sameAs":["https:\/\/www.facebook.com\/BenchmarkEmail","https:\/\/x.com\/benchmarkemail","https:\/\/www.instagram.com\/benchmarkemail\/","https:\/\/www.linkedin.com\/company\/benchmark-email\/","https:\/\/www.youtube.com\/channel\/UCEQOJxM8HtdJpjkE1HO6L6Q"]}]}},"_links":{"self":[{"href":"https:\/\/www.benchmarkemail.com\/fr\/wp-json\/wp\/v2\/pages\/48611","targetHints":{"allow":["GET"]}}],"collection":[{"href":"https:\/\/www.benchmarkemail.com\/fr\/wp-json\/wp\/v2\/pages"}],"about":[{"href":"https:\/\/www.benchmarkemail.com\/fr\/wp-json\/wp\/v2\/types\/page"}],"author":[{"embeddable":true,"href":"https:\/\/www.benchmarkemail.com\/fr\/wp-json\/wp\/v2\/users\/7"}],"replies":[{"embeddable":true,"href":"https:\/\/www.benchmarkemail.com\/fr\/wp-json\/wp\/v2\/comments?post=48611"}],"version-history":[{"count":0,"href":"https:\/\/www.benchmarkemail.com\/fr\/wp-json\/wp\/v2\/pages\/48611\/revisions"}],"up":[{"embeddable":true,"href":"https:\/\/www.benchmarkemail.com\/fr\/wp-json\/wp\/v2\/pages\/48585"}],"wp:attachment":[{"href":"https:\/\/www.benchmarkemail.com\/fr\/wp-json\/wp\/v2\/media?parent=48611"}],"curies":[{"name":"wp","href":"https:\/\/api.w.org\/{rel}","templated":true}]}}