{"id":48612,"date":"2025-11-25T17:09:15","date_gmt":"2025-11-25T17:09:15","guid":{"rendered":"https:\/\/www.benchmarkemail.com\/fr\/?page_id=48612"},"modified":"2025-12-04T10:45:00","modified_gmt":"2025-12-04T10:45:00","slug":"deliverability-checklist","status":"publish","type":"page","link":"https:\/\/www.benchmarkemail.com\/fr\/12-days-of-benchmark\/deliverability-checklist\/","title":{"rendered":"Liste de contr\u00f4le pour la d\u00e9livrabilit\u00e9 pendant les f\u00eates : Assurez-vous que vos e-mails ne se retrouvent pas dans la liste des exp\u00e9diteurs ind\u00e9sirables."},"content":{"rendered":"\n<h1>\n\t\t\tListe de contr\u00f4le pour la d\u00e9livrabilit\u00e9 pendant les f\u00eates :\t<\/h1>\n<h2>\n\t\t\tAssurez-vous que vos e-mails ne se retrouvent pas dans la liste des exp\u00e9diteurs ind\u00e9sirables.\t<\/h2>\n\t<p>Les campagnes pendant les f\u00eates impliquent un volume plus important, des d\u00e9lais plus serr\u00e9s et une forte concurrence dans les bo\u00eetes de r\u00e9ception. Vous souhaitez \u00e9viter \u00e0 tout prix que vos e-mails soient class\u00e9s comme spam.<\/p>\n\t<p>Le cadeau du jour :<\/p>\n\t<p>Une liste de contr\u00f4le rapide pour la d\u00e9livrabilit\u00e9 afin que vos envois pendant les f\u00eates soient joyeux, lumineux et r\u00e9ellement vus.<\/p>\n<h2>\n\t\t\tLa liste de contr\u00f4le\t<\/h2>\n\t<section id=\"metrics\">\n    <!--box-->\n          Authentifiez votre domaine d&#8217;envoi\n  SPF, DKIM et DMARC vous aident \u00e0 prouver votre l\u00e9gitimit\u00e9.\n<!--box end-->\n<!-- 2 -->\n     Gardez vos listes propres\n    Supprimez les adresses inactives ou rejet\u00e9es avant pour envoyer.\n    <!-- 3 -->\n      \u00c9vitez les mots associ\u00e9s au spam\n      \u00c9vitez les MAJUSCULES, les signes \u20ac\u20ac\u20ac et les messages trop urgents.\n      <!-- 4 -->\n      \u00c9quilibrez le texte et les images\n     Visez un rapport de 60 % de texte pour 40 % d&#8217;images, sans envoyer d&#8217;e-mails contenant uniquement des images de grande taille.\n      <!-- 5 -->\n       Testez avant de pour envoyer\nEnvoyez un test \u00e0 diff\u00e9rentes bo\u00eetes de r\u00e9ception (Gmail, Outlook, mobile).\n      <!-- 6 -->\n        Surveillez l&#8217;engagement\n     Surveillez les taux d&#8217;ouverture et de clic : un faible engagement peut nuire \u00e0 la d\u00e9livrabilit\u00e9.\n      <!-- 7 -->\n    N&#8217;envoyez pas trop d&#8217;e-mails\n     Espacez vos campagnes afin de ne pas submerger vos abonn\u00e9s (ou d\u00e9clencher des filtres).\n<\/section> \n\t<p>Une petite pr\u00e9paration peut faire toute la diff\u00e9rence : utilisez cette liste de contr\u00f4le avant votre prochaine campagne \u00e0 grand volume et vos e-mails arriveront l\u00e0 o\u00f9 ils doivent arriver : dans la bo\u00eete de r\u00e9ception.<\/p>\n\n","protected":false},"excerpt":{"rendered":"<p>Liste de contr\u00f4le pour la d\u00e9livrabilit\u00e9 pendant les f\u00eates : Assurez-vous que vos e-mails ne se retrouvent pas dans la liste des exp\u00e9diteurs ind\u00e9sirables. Les campagnes pendant les f\u00eates impliquent un volume plus important, des d\u00e9lais plus serr\u00e9s et une forte concurrence dans les bo\u00eetes de r\u00e9ception. Vous souhaitez \u00e9viter \u00e0 tout prix que vos&hellip;<\/p>\n","protected":false},"author":7,"featured_media":0,"parent":48585,"menu_order":0,"comment_status":"closed","ping_status":"closed","template":"","meta":{"inline_featured_image":false,"footnotes":""},"class_list":["post-48612","page","type-page","status-publish","hentry"],"yoast_head":"<!-- This site is optimized with the Yoast SEO plugin v27.5 - https:\/\/yoast.com\/product\/yoast-seo-wordpress\/ -->\n<title>Liste de contr\u00f4le pour la d\u00e9livrabilit\u00e9 pendant les f\u00eates : Assurez-vous que vos e-mails ne se retrouvent pas dans la liste des exp\u00e9diteurs ind\u00e9sirables. - Benchmark Email<\/title>\n<meta name=\"description\" content=\"Consultez notre liste de contr\u00f4le pour la d\u00e9livrabilit\u00e9 afin de vous assurer que tous les e-mails que vous envoyez pour les f\u00eates parviennent \u00e0 leur destinataire.\" \/>\n<meta name=\"robots\" content=\"index, follow, max-snippet:-1, max-image-preview:large, max-video-preview:-1\" \/>\n<link rel=\"canonical\" href=\"https:\/\/www.benchmarkemail.com\/fr\/12-days-of-benchmark\/deliverability-checklist\/\" \/>\n<meta property=\"og:locale\" content=\"en_US\" \/>\n<meta property=\"og:type\" content=\"article\" \/>\n<meta property=\"og:title\" content=\"Liste de contr\u00f4le pour la d\u00e9livrabilit\u00e9 pendant les f\u00eates : Assurez-vous que vos e-mails ne se retrouvent pas dans la liste des exp\u00e9diteurs ind\u00e9sirables. - Benchmark Email\" \/>\n<meta property=\"og:description\" content=\"Consultez notre liste de contr\u00f4le pour la d\u00e9livrabilit\u00e9 afin de vous assurer que tous les e-mails que vous envoyez pour les f\u00eates parviennent \u00e0 leur destinataire.\" \/>\n<meta property=\"og:url\" content=\"https:\/\/www.benchmarkemail.com\/fr\/12-days-of-benchmark\/deliverability-checklist\/\" \/>\n<meta property=\"og:site_name\" content=\"Benchmark Email en fran\u00e7ais\" \/>\n<meta property=\"article:publisher\" content=\"https:\/\/www.facebook.com\/BenchmarkEmail\" \/>\n<meta property=\"article:modified_time\" content=\"2025-12-04T10:45:00+00:00\" \/>\n<meta name=\"twitter:card\" content=\"summary_large_image\" \/>\n<meta name=\"twitter:site\" content=\"@benchmarkemail\" \/>\n<meta name=\"twitter:label1\" content=\"Est. reading time\" \/>\n\t<meta name=\"twitter:data1\" content=\"1 minute\" \/>\n<script type=\"application\/ld+json\" class=\"yoast-schema-graph\">{\"@context\":\"https:\\\/\\\/schema.org\",\"@graph\":[{\"@type\":\"WebPage\",\"@id\":\"https:\\\/\\\/www.benchmarkemail.com\\\/fr\\\/12-days-of-benchmark\\\/deliverability-checklist\\\/\",\"url\":\"https:\\\/\\\/www.benchmarkemail.com\\\/fr\\\/12-days-of-benchmark\\\/deliverability-checklist\\\/\",\"name\":\"Liste de contr\u00f4le pour la d\u00e9livrabilit\u00e9 pendant les f\u00eates : Assurez-vous que vos e-mails ne se retrouvent pas dans la liste des exp\u00e9diteurs ind\u00e9sirables. - Benchmark Email\",\"isPartOf\":{\"@id\":\"https:\\\/\\\/www.benchmarkemail.com\\\/fr\\\/#website\"},\"datePublished\":\"2025-11-25T17:09:15+00:00\",\"dateModified\":\"2025-12-04T10:45:00+00:00\",\"description\":\"Consultez notre liste de contr\u00f4le pour la d\u00e9livrabilit\u00e9 afin de vous assurer que tous les e-mails que vous envoyez pour les f\u00eates parviennent \u00e0 leur destinataire.\",\"breadcrumb\":{\"@id\":\"https:\\\/\\\/www.benchmarkemail.com\\\/fr\\\/12-days-of-benchmark\\\/deliverability-checklist\\\/#breadcrumb\"},\"inLanguage\":\"en-US\",\"potentialAction\":[{\"@type\":\"ReadAction\",\"target\":[\"https:\\\/\\\/www.benchmarkemail.com\\\/fr\\\/12-days-of-benchmark\\\/deliverability-checklist\\\/\"]}]},{\"@type\":\"BreadcrumbList\",\"@id\":\"https:\\\/\\\/www.benchmarkemail.com\\\/fr\\\/12-days-of-benchmark\\\/deliverability-checklist\\\/#breadcrumb\",\"itemListElement\":[{\"@type\":\"ListItem\",\"position\":1,\"name\":\"Home\",\"item\":\"https:\\\/\\\/www.benchmarkemail.com\\\/fr\\\/\"},{\"@type\":\"ListItem\",\"position\":2,\"name\":\"12 jours de cadeaux de No\u00ebl &#8211; Benchmark Email\",\"item\":\"https:\\\/\\\/www.benchmarkemail.com\\\/fr\\\/12-days-of-benchmark\\\/\"},{\"@type\":\"ListItem\",\"position\":3,\"name\":\"Liste de contr\u00f4le pour la d\u00e9livrabilit\u00e9 pendant les f\u00eates : Assurez-vous que vos e-mails ne se retrouvent pas dans la liste des exp\u00e9diteurs ind\u00e9sirables.\"}]},{\"@type\":\"WebSite\",\"@id\":\"https:\\\/\\\/www.benchmarkemail.com\\\/fr\\\/#website\",\"url\":\"https:\\\/\\\/www.benchmarkemail.com\\\/fr\\\/\",\"name\":\"Benchmark Email en fran\u00e7ais\",\"description\":\"Outil de marketing digital. D\u00e9couvrez ou approfondissez vos connaissances en email marketing, automatisations, captation de prospects... et bien plus encore !\",\"publisher\":{\"@id\":\"https:\\\/\\\/www.benchmarkemail.com\\\/fr\\\/#organization\"},\"potentialAction\":[{\"@type\":\"SearchAction\",\"target\":{\"@type\":\"EntryPoint\",\"urlTemplate\":\"https:\\\/\\\/www.benchmarkemail.com\\\/fr\\\/?s={search_term_string}\"},\"query-input\":{\"@type\":\"PropertyValueSpecification\",\"valueRequired\":true,\"valueName\":\"search_term_string\"}}],\"inLanguage\":\"en-US\"},{\"@type\":\"Organization\",\"@id\":\"https:\\\/\\\/www.benchmarkemail.com\\\/fr\\\/#organization\",\"name\":\"Benchmark Internet Group, LLC\",\"url\":\"https:\\\/\\\/www.benchmarkemail.com\\\/fr\\\/\",\"logo\":{\"@type\":\"ImageObject\",\"inLanguage\":\"en-US\",\"@id\":\"https:\\\/\\\/www.benchmarkemail.com\\\/fr\\\/#\\\/schema\\\/logo\\\/image\\\/\",\"url\":\"https:\\\/\\\/www.benchmarkemail.com\\\/fr\\\/wp-content\\\/uploads\\\/sites\\\/3\\\/2019\\\/09\\\/benchmark-logo.svg\",\"contentUrl\":\"https:\\\/\\\/www.benchmarkemail.com\\\/fr\\\/wp-content\\\/uploads\\\/sites\\\/3\\\/2019\\\/09\\\/benchmark-logo.svg\",\"width\":1,\"height\":1,\"caption\":\"Benchmark Internet Group, LLC\"},\"image\":{\"@id\":\"https:\\\/\\\/www.benchmarkemail.com\\\/fr\\\/#\\\/schema\\\/logo\\\/image\\\/\"},\"sameAs\":[\"https:\\\/\\\/www.facebook.com\\\/BenchmarkEmail\",\"https:\\\/\\\/x.com\\\/benchmarkemail\",\"https:\\\/\\\/www.instagram.com\\\/benchmarkemail\\\/\",\"https:\\\/\\\/www.linkedin.com\\\/company\\\/benchmark-email\\\/\",\"https:\\\/\\\/www.youtube.com\\\/channel\\\/UCEQOJxM8HtdJpjkE1HO6L6Q\"]}]}<\/script>\n<!-- \/ Yoast SEO plugin. -->","yoast_head_json":{"title":"Liste de contr\u00f4le pour la d\u00e9livrabilit\u00e9 pendant les f\u00eates : Assurez-vous que vos e-mails ne se retrouvent pas dans la liste des exp\u00e9diteurs ind\u00e9sirables. - Benchmark Email","description":"Consultez notre liste de contr\u00f4le pour la d\u00e9livrabilit\u00e9 afin de vous assurer que tous les e-mails que vous envoyez pour les f\u00eates parviennent \u00e0 leur destinataire.","robots":{"index":"index","follow":"follow","max-snippet":"max-snippet:-1","max-image-preview":"max-image-preview:large","max-video-preview":"max-video-preview:-1"},"canonical":"https:\/\/www.benchmarkemail.com\/fr\/12-days-of-benchmark\/deliverability-checklist\/","og_locale":"en_US","og_type":"article","og_title":"Liste de contr\u00f4le pour la d\u00e9livrabilit\u00e9 pendant les f\u00eates : Assurez-vous que vos e-mails ne se retrouvent pas dans la liste des exp\u00e9diteurs ind\u00e9sirables. - Benchmark Email","og_description":"Consultez notre liste de contr\u00f4le pour la d\u00e9livrabilit\u00e9 afin de vous assurer que tous les e-mails que vous envoyez pour les f\u00eates parviennent \u00e0 leur destinataire.","og_url":"https:\/\/www.benchmarkemail.com\/fr\/12-days-of-benchmark\/deliverability-checklist\/","og_site_name":"Benchmark Email en fran\u00e7ais","article_publisher":"https:\/\/www.facebook.com\/BenchmarkEmail","article_modified_time":"2025-12-04T10:45:00+00:00","twitter_card":"summary_large_image","twitter_site":"@benchmarkemail","twitter_misc":{"Est. reading time":"1 minute"},"schema":{"@context":"https:\/\/schema.org","@graph":[{"@type":"WebPage","@id":"https:\/\/www.benchmarkemail.com\/fr\/12-days-of-benchmark\/deliverability-checklist\/","url":"https:\/\/www.benchmarkemail.com\/fr\/12-days-of-benchmark\/deliverability-checklist\/","name":"Liste de contr\u00f4le pour la d\u00e9livrabilit\u00e9 pendant les f\u00eates : Assurez-vous que vos e-mails ne se retrouvent pas dans la liste des exp\u00e9diteurs ind\u00e9sirables. - Benchmark Email","isPartOf":{"@id":"https:\/\/www.benchmarkemail.com\/fr\/#website"},"datePublished":"2025-11-25T17:09:15+00:00","dateModified":"2025-12-04T10:45:00+00:00","description":"Consultez notre liste de contr\u00f4le pour la d\u00e9livrabilit\u00e9 afin de vous assurer que tous les e-mails que vous envoyez pour les f\u00eates parviennent \u00e0 leur destinataire.","breadcrumb":{"@id":"https:\/\/www.benchmarkemail.com\/fr\/12-days-of-benchmark\/deliverability-checklist\/#breadcrumb"},"inLanguage":"en-US","potentialAction":[{"@type":"ReadAction","target":["https:\/\/www.benchmarkemail.com\/fr\/12-days-of-benchmark\/deliverability-checklist\/"]}]},{"@type":"BreadcrumbList","@id":"https:\/\/www.benchmarkemail.com\/fr\/12-days-of-benchmark\/deliverability-checklist\/#breadcrumb","itemListElement":[{"@type":"ListItem","position":1,"name":"Home","item":"https:\/\/www.benchmarkemail.com\/fr\/"},{"@type":"ListItem","position":2,"name":"12 jours de cadeaux de No\u00ebl &#8211; Benchmark Email","item":"https:\/\/www.benchmarkemail.com\/fr\/12-days-of-benchmark\/"},{"@type":"ListItem","position":3,"name":"Liste de contr\u00f4le pour la d\u00e9livrabilit\u00e9 pendant les f\u00eates : Assurez-vous que vos e-mails ne se retrouvent pas dans la liste des exp\u00e9diteurs ind\u00e9sirables."}]},{"@type":"WebSite","@id":"https:\/\/www.benchmarkemail.com\/fr\/#website","url":"https:\/\/www.benchmarkemail.com\/fr\/","name":"Benchmark Email en fran\u00e7ais","description":"Outil de marketing digital. D\u00e9couvrez ou approfondissez vos connaissances en email marketing, automatisations, captation de prospects... et bien plus encore !","publisher":{"@id":"https:\/\/www.benchmarkemail.com\/fr\/#organization"},"potentialAction":[{"@type":"SearchAction","target":{"@type":"EntryPoint","urlTemplate":"https:\/\/www.benchmarkemail.com\/fr\/?s={search_term_string}"},"query-input":{"@type":"PropertyValueSpecification","valueRequired":true,"valueName":"search_term_string"}}],"inLanguage":"en-US"},{"@type":"Organization","@id":"https:\/\/www.benchmarkemail.com\/fr\/#organization","name":"Benchmark Internet Group, LLC","url":"https:\/\/www.benchmarkemail.com\/fr\/","logo":{"@type":"ImageObject","inLanguage":"en-US","@id":"https:\/\/www.benchmarkemail.com\/fr\/#\/schema\/logo\/image\/","url":"https:\/\/www.benchmarkemail.com\/fr\/wp-content\/uploads\/sites\/3\/2019\/09\/benchmark-logo.svg","contentUrl":"https:\/\/www.benchmarkemail.com\/fr\/wp-content\/uploads\/sites\/3\/2019\/09\/benchmark-logo.svg","width":1,"height":1,"caption":"Benchmark Internet Group, LLC"},"image":{"@id":"https:\/\/www.benchmarkemail.com\/fr\/#\/schema\/logo\/image\/"},"sameAs":["https:\/\/www.facebook.com\/BenchmarkEmail","https:\/\/x.com\/benchmarkemail","https:\/\/www.instagram.com\/benchmarkemail\/","https:\/\/www.linkedin.com\/company\/benchmark-email\/","https:\/\/www.youtube.com\/channel\/UCEQOJxM8HtdJpjkE1HO6L6Q"]}]}},"_links":{"self":[{"href":"https:\/\/www.benchmarkemail.com\/fr\/wp-json\/wp\/v2\/pages\/48612","targetHints":{"allow":["GET"]}}],"collection":[{"href":"https:\/\/www.benchmarkemail.com\/fr\/wp-json\/wp\/v2\/pages"}],"about":[{"href":"https:\/\/www.benchmarkemail.com\/fr\/wp-json\/wp\/v2\/types\/page"}],"author":[{"embeddable":true,"href":"https:\/\/www.benchmarkemail.com\/fr\/wp-json\/wp\/v2\/users\/7"}],"replies":[{"embeddable":true,"href":"https:\/\/www.benchmarkemail.com\/fr\/wp-json\/wp\/v2\/comments?post=48612"}],"version-history":[{"count":0,"href":"https:\/\/www.benchmarkemail.com\/fr\/wp-json\/wp\/v2\/pages\/48612\/revisions"}],"up":[{"embeddable":true,"href":"https:\/\/www.benchmarkemail.com\/fr\/wp-json\/wp\/v2\/pages\/48585"}],"wp:attachment":[{"href":"https:\/\/www.benchmarkemail.com\/fr\/wp-json\/wp\/v2\/media?parent=48612"}],"curies":[{"name":"wp","href":"https:\/\/api.w.org\/{rel}","templated":true}]}}