{"id":48613,"date":"2025-11-25T17:09:50","date_gmt":"2025-11-25T17:09:50","guid":{"rendered":"https:\/\/www.benchmarkemail.com\/fr\/?page_id=48613"},"modified":"2025-12-02T14:58:40","modified_gmt":"2025-12-02T14:58:40","slug":"image-prompts","status":"publish","type":"page","link":"https:\/\/www.benchmarkemail.com\/fr\/12-days-of-benchmark\/image-prompts\/","title":{"rendered":"5 prompts d&#8217;images festives g\u00e9n\u00e9r\u00e9es par IA pour vos e-mails de fin d&#8217;ann\u00e9e"},"content":{"rendered":"\n<h1>\n\t\t\t5 prompts d&#8217;images festives g\u00e9n\u00e9r\u00e9es par IA pour vos e-mails de fin d&#8217;ann\u00e9e\t<\/h1>\n\t<p>Trouver la bonne image pour les f\u00eates peut prendre un temps consid\u00e9rable. Les photos d&#8217;archives semblent banales et le temps de conception est limit\u00e9. C&#8217;est pourquoi nous vous offrons aujourd&#8217;hui un ensemble de prompts pr\u00eates \u00e0 l&#8217;emploi que vous pouvez directement int\u00e9grer au g\u00e9n\u00e9rateur d&#8217;images IA de Benchmark. Des visuels festifs et originaux, sans aucune comp\u00e9tence en conception graphique requise. \ud83c\udf84\u2728<\/p>\n<h1>\n\t\t\tLes prompts\t<\/h1>\n\t<section id=\"metrics\">\n    <!--box-->\n            1. Ambiance chaleureuse des f\u00eates\n     Une sc\u00e8ne chaleureuse des f\u00eates avec des lumi\u00e8res scintillantes, une tasse de chocolat chaud fumant et des couvertures douillettes, dans un style photographique moderne et plat.\n<!--box end-->\n<!-- 2 -->\n        2. \u00c9nergie festive des soldes\n        Un sac de courses de No\u00ebl color\u00e9 d\u00e9bordant de cadeaux emball\u00e9s, fond minimaliste et moderne, audacieux et lumineux.\n    <!-- 3 -->\n        3. \u00c9tincelles du Nouvel An\n        \u00c9l\u00e9gantes coupes de champagne trinquant avec des confettis dor\u00e9s, fond noir, esth\u00e9tique moderne et luxueuse.\n     <!-- 4 -->\n     4. Minimalisme hivernal\n       Un motif de flocons de neige \u00e9pur\u00e9 et simple sur un fond pastel doux, style illustration vectorielle.\n      <!-- 4 -->\n      5. Table de f\u00eate\n       Une table de f\u00eate avec des bougies, de la verdure et des d\u00e9corations, un \u00e9clairage chaleureux, style photographie lifestyle.\n<\/section> \n      <!-- SVG bulb -->\n <ul>\n     \n        Conseils de pro :\n      \n  <li>Adaptez le style (photo, vectoriel, plat) \u00e0 votre marque.<\/li>\n  <li>Utilisez votre palette de couleurs de No\u00ebl (issue du cadeau n\u00b0 2) pour assurer la coh\u00e9rence de l&#8217;ensemble.<\/li>\n  <li>Pr\u00e9visualisez toujours avant d&#8217;envoyer pour vous assurer que l&#8217;image s&#8217;affiche correctement sur tous les appareils.<\/li>\n<\/ul>\n\t<p>Gr\u00e2ce \u00e0 ces prompts, vous passerez moins de temps \u00e0 rechercher des photos d&#8217;archives et plus de temps \u00e0 lancer vos campagnes.<\/p>\n\n","protected":false},"excerpt":{"rendered":"<p>5 prompts d&#8217;images festives g\u00e9n\u00e9r\u00e9es par IA pour vos e-mails de fin d&#8217;ann\u00e9e Trouver la bonne image pour les f\u00eates peut prendre un temps consid\u00e9rable. Les photos d&#8217;archives semblent banales et le temps de conception est limit\u00e9. C&#8217;est pourquoi nous vous offrons aujourd&#8217;hui un ensemble de prompts pr\u00eates \u00e0 l&#8217;emploi que vous pouvez directement int\u00e9grer&hellip;<\/p>\n","protected":false},"author":7,"featured_media":0,"parent":48585,"menu_order":0,"comment_status":"closed","ping_status":"closed","template":"","meta":{"inline_featured_image":false,"footnotes":""},"class_list":["post-48613","page","type-page","status-publish","hentry"],"yoast_head":"<!-- This site is optimized with the Yoast SEO plugin v27.4 - https:\/\/yoast.com\/product\/yoast-seo-wordpress\/ -->\n<title>5 prompts d&#039;images festives g\u00e9n\u00e9r\u00e9es par IA pour vos e-mails de fin d&#039;ann\u00e9e - Benchmark Email<\/title>\n<meta name=\"description\" content=\"Vous avez besoin d&#039;aide pour cr\u00e9er des images festives pour vos campagnes ? Essayez ces cinq prompts pour g\u00e9n\u00e9rer efficacement des images par IA.\" \/>\n<meta name=\"robots\" content=\"index, follow, max-snippet:-1, max-image-preview:large, max-video-preview:-1\" \/>\n<link rel=\"canonical\" href=\"https:\/\/www.benchmarkemail.com\/fr\/12-days-of-benchmark\/image-prompts\/\" \/>\n<meta property=\"og:locale\" content=\"en_US\" \/>\n<meta property=\"og:type\" content=\"article\" \/>\n<meta property=\"og:title\" content=\"5 prompts d&#039;images festives g\u00e9n\u00e9r\u00e9es par IA pour vos e-mails de fin d&#039;ann\u00e9e - Benchmark Email\" \/>\n<meta property=\"og:description\" content=\"Vous avez besoin d&#039;aide pour cr\u00e9er des images festives pour vos campagnes ? Essayez ces cinq prompts pour g\u00e9n\u00e9rer efficacement des images par IA.\" \/>\n<meta property=\"og:url\" content=\"https:\/\/www.benchmarkemail.com\/fr\/12-days-of-benchmark\/image-prompts\/\" \/>\n<meta property=\"og:site_name\" content=\"Benchmark Email en fran\u00e7ais\" \/>\n<meta property=\"article:publisher\" content=\"https:\/\/www.facebook.com\/BenchmarkEmail\" \/>\n<meta property=\"article:modified_time\" content=\"2025-12-02T14:58:40+00:00\" \/>\n<meta name=\"twitter:card\" content=\"summary_large_image\" \/>\n<meta name=\"twitter:site\" content=\"@benchmarkemail\" \/>\n<meta name=\"twitter:label1\" content=\"Est. reading time\" \/>\n\t<meta name=\"twitter:data1\" content=\"1 minute\" \/>\n<script type=\"application\/ld+json\" class=\"yoast-schema-graph\">{\"@context\":\"https:\\\/\\\/schema.org\",\"@graph\":[{\"@type\":\"WebPage\",\"@id\":\"https:\\\/\\\/www.benchmarkemail.com\\\/fr\\\/12-days-of-benchmark\\\/image-prompts\\\/\",\"url\":\"https:\\\/\\\/www.benchmarkemail.com\\\/fr\\\/12-days-of-benchmark\\\/image-prompts\\\/\",\"name\":\"5 prompts d'images festives g\u00e9n\u00e9r\u00e9es par IA pour vos e-mails de fin d'ann\u00e9e - Benchmark Email\",\"isPartOf\":{\"@id\":\"https:\\\/\\\/www.benchmarkemail.com\\\/fr\\\/#website\"},\"datePublished\":\"2025-11-25T17:09:50+00:00\",\"dateModified\":\"2025-12-02T14:58:40+00:00\",\"description\":\"Vous avez besoin d'aide pour cr\u00e9er des images festives pour vos campagnes ? Essayez ces cinq prompts pour g\u00e9n\u00e9rer efficacement des images par IA.\",\"breadcrumb\":{\"@id\":\"https:\\\/\\\/www.benchmarkemail.com\\\/fr\\\/12-days-of-benchmark\\\/image-prompts\\\/#breadcrumb\"},\"inLanguage\":\"en-US\",\"potentialAction\":[{\"@type\":\"ReadAction\",\"target\":[\"https:\\\/\\\/www.benchmarkemail.com\\\/fr\\\/12-days-of-benchmark\\\/image-prompts\\\/\"]}]},{\"@type\":\"BreadcrumbList\",\"@id\":\"https:\\\/\\\/www.benchmarkemail.com\\\/fr\\\/12-days-of-benchmark\\\/image-prompts\\\/#breadcrumb\",\"itemListElement\":[{\"@type\":\"ListItem\",\"position\":1,\"name\":\"Home\",\"item\":\"https:\\\/\\\/www.benchmarkemail.com\\\/fr\\\/\"},{\"@type\":\"ListItem\",\"position\":2,\"name\":\"12 jours de cadeaux de No\u00ebl &#8211; Benchmark Email\",\"item\":\"https:\\\/\\\/www.benchmarkemail.com\\\/fr\\\/12-days-of-benchmark\\\/\"},{\"@type\":\"ListItem\",\"position\":3,\"name\":\"5 prompts d&#8217;images festives g\u00e9n\u00e9r\u00e9es par IA pour vos e-mails de fin d&#8217;ann\u00e9e\"}]},{\"@type\":\"WebSite\",\"@id\":\"https:\\\/\\\/www.benchmarkemail.com\\\/fr\\\/#website\",\"url\":\"https:\\\/\\\/www.benchmarkemail.com\\\/fr\\\/\",\"name\":\"Benchmark Email en fran\u00e7ais\",\"description\":\"Outil de marketing digital. D\u00e9couvrez ou approfondissez vos connaissances en email marketing, automatisations, captation de prospects... et bien plus encore !\",\"publisher\":{\"@id\":\"https:\\\/\\\/www.benchmarkemail.com\\\/fr\\\/#organization\"},\"potentialAction\":[{\"@type\":\"SearchAction\",\"target\":{\"@type\":\"EntryPoint\",\"urlTemplate\":\"https:\\\/\\\/www.benchmarkemail.com\\\/fr\\\/?s={search_term_string}\"},\"query-input\":{\"@type\":\"PropertyValueSpecification\",\"valueRequired\":true,\"valueName\":\"search_term_string\"}}],\"inLanguage\":\"en-US\"},{\"@type\":\"Organization\",\"@id\":\"https:\\\/\\\/www.benchmarkemail.com\\\/fr\\\/#organization\",\"name\":\"Benchmark Internet Group, LLC\",\"url\":\"https:\\\/\\\/www.benchmarkemail.com\\\/fr\\\/\",\"logo\":{\"@type\":\"ImageObject\",\"inLanguage\":\"en-US\",\"@id\":\"https:\\\/\\\/www.benchmarkemail.com\\\/fr\\\/#\\\/schema\\\/logo\\\/image\\\/\",\"url\":\"https:\\\/\\\/www.benchmarkemail.com\\\/fr\\\/wp-content\\\/uploads\\\/sites\\\/3\\\/2019\\\/09\\\/benchmark-logo.svg\",\"contentUrl\":\"https:\\\/\\\/www.benchmarkemail.com\\\/fr\\\/wp-content\\\/uploads\\\/sites\\\/3\\\/2019\\\/09\\\/benchmark-logo.svg\",\"width\":1,\"height\":1,\"caption\":\"Benchmark Internet Group, LLC\"},\"image\":{\"@id\":\"https:\\\/\\\/www.benchmarkemail.com\\\/fr\\\/#\\\/schema\\\/logo\\\/image\\\/\"},\"sameAs\":[\"https:\\\/\\\/www.facebook.com\\\/BenchmarkEmail\",\"https:\\\/\\\/x.com\\\/benchmarkemail\",\"https:\\\/\\\/www.instagram.com\\\/benchmarkemail\\\/\",\"https:\\\/\\\/www.linkedin.com\\\/company\\\/benchmark-email\\\/\",\"https:\\\/\\\/www.youtube.com\\\/channel\\\/UCEQOJxM8HtdJpjkE1HO6L6Q\"]}]}<\/script>\n<!-- \/ Yoast SEO plugin. -->","yoast_head_json":{"title":"5 prompts d'images festives g\u00e9n\u00e9r\u00e9es par IA pour vos e-mails de fin d'ann\u00e9e - Benchmark Email","description":"Vous avez besoin d'aide pour cr\u00e9er des images festives pour vos campagnes ? Essayez ces cinq prompts pour g\u00e9n\u00e9rer efficacement des images par IA.","robots":{"index":"index","follow":"follow","max-snippet":"max-snippet:-1","max-image-preview":"max-image-preview:large","max-video-preview":"max-video-preview:-1"},"canonical":"https:\/\/www.benchmarkemail.com\/fr\/12-days-of-benchmark\/image-prompts\/","og_locale":"en_US","og_type":"article","og_title":"5 prompts d'images festives g\u00e9n\u00e9r\u00e9es par IA pour vos e-mails de fin d'ann\u00e9e - Benchmark Email","og_description":"Vous avez besoin d'aide pour cr\u00e9er des images festives pour vos campagnes ? Essayez ces cinq prompts pour g\u00e9n\u00e9rer efficacement des images par IA.","og_url":"https:\/\/www.benchmarkemail.com\/fr\/12-days-of-benchmark\/image-prompts\/","og_site_name":"Benchmark Email en fran\u00e7ais","article_publisher":"https:\/\/www.facebook.com\/BenchmarkEmail","article_modified_time":"2025-12-02T14:58:40+00:00","twitter_card":"summary_large_image","twitter_site":"@benchmarkemail","twitter_misc":{"Est. reading time":"1 minute"},"schema":{"@context":"https:\/\/schema.org","@graph":[{"@type":"WebPage","@id":"https:\/\/www.benchmarkemail.com\/fr\/12-days-of-benchmark\/image-prompts\/","url":"https:\/\/www.benchmarkemail.com\/fr\/12-days-of-benchmark\/image-prompts\/","name":"5 prompts d'images festives g\u00e9n\u00e9r\u00e9es par IA pour vos e-mails de fin d'ann\u00e9e - Benchmark Email","isPartOf":{"@id":"https:\/\/www.benchmarkemail.com\/fr\/#website"},"datePublished":"2025-11-25T17:09:50+00:00","dateModified":"2025-12-02T14:58:40+00:00","description":"Vous avez besoin d'aide pour cr\u00e9er des images festives pour vos campagnes ? Essayez ces cinq prompts pour g\u00e9n\u00e9rer efficacement des images par IA.","breadcrumb":{"@id":"https:\/\/www.benchmarkemail.com\/fr\/12-days-of-benchmark\/image-prompts\/#breadcrumb"},"inLanguage":"en-US","potentialAction":[{"@type":"ReadAction","target":["https:\/\/www.benchmarkemail.com\/fr\/12-days-of-benchmark\/image-prompts\/"]}]},{"@type":"BreadcrumbList","@id":"https:\/\/www.benchmarkemail.com\/fr\/12-days-of-benchmark\/image-prompts\/#breadcrumb","itemListElement":[{"@type":"ListItem","position":1,"name":"Home","item":"https:\/\/www.benchmarkemail.com\/fr\/"},{"@type":"ListItem","position":2,"name":"12 jours de cadeaux de No\u00ebl &#8211; Benchmark Email","item":"https:\/\/www.benchmarkemail.com\/fr\/12-days-of-benchmark\/"},{"@type":"ListItem","position":3,"name":"5 prompts d&#8217;images festives g\u00e9n\u00e9r\u00e9es par IA pour vos e-mails de fin d&#8217;ann\u00e9e"}]},{"@type":"WebSite","@id":"https:\/\/www.benchmarkemail.com\/fr\/#website","url":"https:\/\/www.benchmarkemail.com\/fr\/","name":"Benchmark Email en fran\u00e7ais","description":"Outil de marketing digital. D\u00e9couvrez ou approfondissez vos connaissances en email marketing, automatisations, captation de prospects... et bien plus encore !","publisher":{"@id":"https:\/\/www.benchmarkemail.com\/fr\/#organization"},"potentialAction":[{"@type":"SearchAction","target":{"@type":"EntryPoint","urlTemplate":"https:\/\/www.benchmarkemail.com\/fr\/?s={search_term_string}"},"query-input":{"@type":"PropertyValueSpecification","valueRequired":true,"valueName":"search_term_string"}}],"inLanguage":"en-US"},{"@type":"Organization","@id":"https:\/\/www.benchmarkemail.com\/fr\/#organization","name":"Benchmark Internet Group, LLC","url":"https:\/\/www.benchmarkemail.com\/fr\/","logo":{"@type":"ImageObject","inLanguage":"en-US","@id":"https:\/\/www.benchmarkemail.com\/fr\/#\/schema\/logo\/image\/","url":"https:\/\/www.benchmarkemail.com\/fr\/wp-content\/uploads\/sites\/3\/2019\/09\/benchmark-logo.svg","contentUrl":"https:\/\/www.benchmarkemail.com\/fr\/wp-content\/uploads\/sites\/3\/2019\/09\/benchmark-logo.svg","width":1,"height":1,"caption":"Benchmark Internet Group, LLC"},"image":{"@id":"https:\/\/www.benchmarkemail.com\/fr\/#\/schema\/logo\/image\/"},"sameAs":["https:\/\/www.facebook.com\/BenchmarkEmail","https:\/\/x.com\/benchmarkemail","https:\/\/www.instagram.com\/benchmarkemail\/","https:\/\/www.linkedin.com\/company\/benchmark-email\/","https:\/\/www.youtube.com\/channel\/UCEQOJxM8HtdJpjkE1HO6L6Q"]}]}},"_links":{"self":[{"href":"https:\/\/www.benchmarkemail.com\/fr\/wp-json\/wp\/v2\/pages\/48613","targetHints":{"allow":["GET"]}}],"collection":[{"href":"https:\/\/www.benchmarkemail.com\/fr\/wp-json\/wp\/v2\/pages"}],"about":[{"href":"https:\/\/www.benchmarkemail.com\/fr\/wp-json\/wp\/v2\/types\/page"}],"author":[{"embeddable":true,"href":"https:\/\/www.benchmarkemail.com\/fr\/wp-json\/wp\/v2\/users\/7"}],"replies":[{"embeddable":true,"href":"https:\/\/www.benchmarkemail.com\/fr\/wp-json\/wp\/v2\/comments?post=48613"}],"version-history":[{"count":0,"href":"https:\/\/www.benchmarkemail.com\/fr\/wp-json\/wp\/v2\/pages\/48613\/revisions"}],"up":[{"embeddable":true,"href":"https:\/\/www.benchmarkemail.com\/fr\/wp-json\/wp\/v2\/pages\/48585"}],"wp:attachment":[{"href":"https:\/\/www.benchmarkemail.com\/fr\/wp-json\/wp\/v2\/media?parent=48613"}],"curies":[{"name":"wp","href":"https:\/\/api.w.org\/{rel}","templated":true}]}}