{"id":48655,"date":"2025-11-27T13:42:23","date_gmt":"2025-11-27T13:42:23","guid":{"rendered":"https:\/\/www.benchmarkemail.com\/fr\/?page_id=48655"},"modified":"2025-12-03T17:57:00","modified_gmt":"2025-12-03T17:57:00","slug":"copywriting-tips","status":"publish","type":"page","link":"https:\/\/www.benchmarkemail.com\/fr\/12-days-of-benchmark\/copywriting-tips\/","title":{"rendered":"Comment ajouter un sentiment d&#8217;urgence (sans para\u00eetre insistant)"},"content":{"rendered":"\n<h1>\n\t\t\tComment ajouter un sentiment d&#8217;urgence<br \/>(sans para\u00eetre insistant)\t<\/h1>\n\t<p>Nous avons tous d\u00e9j\u00e0 re\u00e7u ces e-mails de vacances r\u00e9dig\u00e9s EN MAJUSCULES qui semblent plus d\u00e9sesp\u00e9r\u00e9s qu&#8217;utiles. Ce n&#8217;est pas la m\u00e9thode de Benchmark, et ce n&#8217;est pas non plus ce que souhaite votre public.<\/p>\n\t<p>Cadeau du jour :<\/p>\n\t<p>quelques astuces simples pour r\u00e9diger avec urgence et inciter vos lecteurs \u00e0 agir sans para\u00eetre insistant.<\/p>\n<h1>\n\t\t\tUne urgence qui fonctionne\t<\/h1>\n\t<section id=\"metrics\">\n  <!-- 1 -->\n     1. Sensible au temps, sans induire de stress\n      <ul>\n        <li><strong>Insistant :<\/strong> ACHETEZ MAINTENANT OU VOUS LE REGRETTEREZ !<\/li>\n        <li><strong>Mieux :<\/strong> D\u00e9p\u00eachez-vous, l&#8217;offre expire \u00e0 minuit ce soir.<\/li>\n      <\/ul>\n  <!-- 2 -->\n      2. Raret\u00e9 subtile\n      <ul>\n        <li><strong>Insistant :<\/strong> STOCK LIMIT\u00c9 &#8211; N&#8217;ATTENDEZ PAS !<\/li>\n        <li><strong>Mieux :<\/strong> Il ne reste que quelques places &#8211; r\u00e9servez la v\u00f4tre d\u00e8s aujourd&#8217;hui.<\/li>\n      <\/ul>\n  <!-- 3 -->\n      3. FOMO empathique\n      <ul>\n        <li><strong>Insistant :<\/strong> NE SOYEZ PAS LE SEUL \u00c0 NE PAS EN B\u00c9N\u00c9FICIER !<\/li>\n        <li><strong>Mieux : <\/strong>Rejoignez des centaines de clients satisfaits qui ont d\u00e9j\u00e0 sauvegard\u00e9 cette semaine.<\/li>\n      <\/ul>\n  <!-- 4 -->\n      4. Langage adapt\u00e9 aux f\u00eates\n      <ul>\n        <li><strong>Insistant :<\/strong> DERNIER AVERTISSEMENT !<\/li>\n        <li><strong>Mieux :<\/strong> Derni\u00e8re chance de profiter de votre offre sp\u00e9ciale pour les f\u00eates avant qu&#8217;elle ne disparaisse.<\/li>\n      <\/ul>\n<\/section>\n      <!-- SVG bulb -->\n <ul>\n     \n       Conseils de pro :\n  <li>Associez l&#8217;urgence \u00e0 la gentillesse (utilisez \u00ab ne manquez pas \u00bb plut\u00f4t que \u00ab agissez ou perdez \u00bb).<\/li>\n  <li>Restez encourageant dans votre texte d&#8217;aper\u00e7u : \u00ab Nous serions d\u00e9sol\u00e9s que vous manquiez cette offre. \u00bb<\/li>\n  <li>Utilisez l&#8217;urgence avec parcimonie, r\u00e9servez-la pour les grandes promotions ou les dates limites d&#8217;exp\u00e9dition.<\/li>\n<\/ul>\n\t<p>L&#8217;urgence doit \u00eatre per\u00e7ue comme un encouragement amical, et non comme une culpabilisation. Essayez d&#8217;adopter l&#8217;une de ces approches plus douces dans votre prochaine campagne : vous obtiendrez plus de clics et pr\u00e9serverez l&#8217;image de votre marque.<\/p>\n\n","protected":false},"excerpt":{"rendered":"<p>Comment ajouter un sentiment d&#8217;urgence(sans para\u00eetre insistant) Nous avons tous d\u00e9j\u00e0 re\u00e7u ces e-mails de vacances r\u00e9dig\u00e9s EN MAJUSCULES qui semblent plus d\u00e9sesp\u00e9r\u00e9s qu&#8217;utiles. Ce n&#8217;est pas la m\u00e9thode de Benchmark, et ce n&#8217;est pas non plus ce que souhaite votre public. Cadeau du jour : quelques astuces simples pour r\u00e9diger avec urgence et inciter&hellip;<\/p>\n","protected":false},"author":7,"featured_media":0,"parent":48585,"menu_order":0,"comment_status":"closed","ping_status":"closed","template":"","meta":{"inline_featured_image":false,"footnotes":""},"class_list":["post-48655","page","type-page","status-publish","hentry"],"yoast_head":"<!-- This site is optimized with the Yoast SEO plugin v27.5 - https:\/\/yoast.com\/product\/yoast-seo-wordpress\/ -->\n<title>Comment ajouter un sentiment d&#039;urgence (sans para\u00eetre insistant) - Benchmark Email<\/title>\n<meta name=\"description\" content=\"Para\u00eetre insistant est le moyen le plus rapide de transformer un client en d\u00e9tracteur. Voici quelques conseils de r\u00e9daction pour transmettre un sentiment d&#039;urgence de mani\u00e8re appropri\u00e9e.\" \/>\n<meta name=\"robots\" content=\"index, follow, max-snippet:-1, max-image-preview:large, max-video-preview:-1\" \/>\n<link rel=\"canonical\" href=\"https:\/\/www.benchmarkemail.com\/fr\/12-days-of-benchmark\/copywriting-tips\/\" \/>\n<meta property=\"og:locale\" content=\"en_US\" \/>\n<meta property=\"og:type\" content=\"article\" \/>\n<meta property=\"og:title\" content=\"Comment ajouter un sentiment d&#039;urgence (sans para\u00eetre insistant) - Benchmark Email\" \/>\n<meta property=\"og:description\" content=\"Para\u00eetre insistant est le moyen le plus rapide de transformer un client en d\u00e9tracteur. Voici quelques conseils de r\u00e9daction pour transmettre un sentiment d&#039;urgence de mani\u00e8re appropri\u00e9e.\" \/>\n<meta property=\"og:url\" content=\"https:\/\/www.benchmarkemail.com\/fr\/12-days-of-benchmark\/copywriting-tips\/\" \/>\n<meta property=\"og:site_name\" content=\"Benchmark Email en fran\u00e7ais\" \/>\n<meta property=\"article:publisher\" content=\"https:\/\/www.facebook.com\/BenchmarkEmail\" \/>\n<meta property=\"article:modified_time\" content=\"2025-12-03T17:57:00+00:00\" \/>\n<meta name=\"twitter:card\" content=\"summary_large_image\" \/>\n<meta name=\"twitter:site\" content=\"@benchmarkemail\" \/>\n<meta name=\"twitter:label1\" content=\"Est. reading time\" \/>\n\t<meta name=\"twitter:data1\" content=\"1 minute\" \/>\n<script type=\"application\/ld+json\" class=\"yoast-schema-graph\">{\"@context\":\"https:\\\/\\\/schema.org\",\"@graph\":[{\"@type\":\"WebPage\",\"@id\":\"https:\\\/\\\/www.benchmarkemail.com\\\/fr\\\/12-days-of-benchmark\\\/copywriting-tips\\\/\",\"url\":\"https:\\\/\\\/www.benchmarkemail.com\\\/fr\\\/12-days-of-benchmark\\\/copywriting-tips\\\/\",\"name\":\"Comment ajouter un sentiment d'urgence (sans para\u00eetre insistant) - Benchmark Email\",\"isPartOf\":{\"@id\":\"https:\\\/\\\/www.benchmarkemail.com\\\/fr\\\/#website\"},\"datePublished\":\"2025-11-27T13:42:23+00:00\",\"dateModified\":\"2025-12-03T17:57:00+00:00\",\"description\":\"Para\u00eetre insistant est le moyen le plus rapide de transformer un client en d\u00e9tracteur. Voici quelques conseils de r\u00e9daction pour transmettre un sentiment d'urgence de mani\u00e8re appropri\u00e9e.\",\"breadcrumb\":{\"@id\":\"https:\\\/\\\/www.benchmarkemail.com\\\/fr\\\/12-days-of-benchmark\\\/copywriting-tips\\\/#breadcrumb\"},\"inLanguage\":\"en-US\",\"potentialAction\":[{\"@type\":\"ReadAction\",\"target\":[\"https:\\\/\\\/www.benchmarkemail.com\\\/fr\\\/12-days-of-benchmark\\\/copywriting-tips\\\/\"]}]},{\"@type\":\"BreadcrumbList\",\"@id\":\"https:\\\/\\\/www.benchmarkemail.com\\\/fr\\\/12-days-of-benchmark\\\/copywriting-tips\\\/#breadcrumb\",\"itemListElement\":[{\"@type\":\"ListItem\",\"position\":1,\"name\":\"Home\",\"item\":\"https:\\\/\\\/www.benchmarkemail.com\\\/fr\\\/\"},{\"@type\":\"ListItem\",\"position\":2,\"name\":\"12 jours de cadeaux de No\u00ebl &#8211; Benchmark Email\",\"item\":\"https:\\\/\\\/www.benchmarkemail.com\\\/fr\\\/12-days-of-benchmark\\\/\"},{\"@type\":\"ListItem\",\"position\":3,\"name\":\"Comment ajouter un sentiment d&#8217;urgence (sans para\u00eetre insistant)\"}]},{\"@type\":\"WebSite\",\"@id\":\"https:\\\/\\\/www.benchmarkemail.com\\\/fr\\\/#website\",\"url\":\"https:\\\/\\\/www.benchmarkemail.com\\\/fr\\\/\",\"name\":\"Benchmark Email en fran\u00e7ais\",\"description\":\"Outil de marketing digital. D\u00e9couvrez ou approfondissez vos connaissances en email marketing, automatisations, captation de prospects... et bien plus encore !\",\"publisher\":{\"@id\":\"https:\\\/\\\/www.benchmarkemail.com\\\/fr\\\/#organization\"},\"potentialAction\":[{\"@type\":\"SearchAction\",\"target\":{\"@type\":\"EntryPoint\",\"urlTemplate\":\"https:\\\/\\\/www.benchmarkemail.com\\\/fr\\\/?s={search_term_string}\"},\"query-input\":{\"@type\":\"PropertyValueSpecification\",\"valueRequired\":true,\"valueName\":\"search_term_string\"}}],\"inLanguage\":\"en-US\"},{\"@type\":\"Organization\",\"@id\":\"https:\\\/\\\/www.benchmarkemail.com\\\/fr\\\/#organization\",\"name\":\"Benchmark Internet Group, LLC\",\"url\":\"https:\\\/\\\/www.benchmarkemail.com\\\/fr\\\/\",\"logo\":{\"@type\":\"ImageObject\",\"inLanguage\":\"en-US\",\"@id\":\"https:\\\/\\\/www.benchmarkemail.com\\\/fr\\\/#\\\/schema\\\/logo\\\/image\\\/\",\"url\":\"https:\\\/\\\/www.benchmarkemail.com\\\/fr\\\/wp-content\\\/uploads\\\/sites\\\/3\\\/2019\\\/09\\\/benchmark-logo.svg\",\"contentUrl\":\"https:\\\/\\\/www.benchmarkemail.com\\\/fr\\\/wp-content\\\/uploads\\\/sites\\\/3\\\/2019\\\/09\\\/benchmark-logo.svg\",\"width\":1,\"height\":1,\"caption\":\"Benchmark Internet Group, LLC\"},\"image\":{\"@id\":\"https:\\\/\\\/www.benchmarkemail.com\\\/fr\\\/#\\\/schema\\\/logo\\\/image\\\/\"},\"sameAs\":[\"https:\\\/\\\/www.facebook.com\\\/BenchmarkEmail\",\"https:\\\/\\\/x.com\\\/benchmarkemail\",\"https:\\\/\\\/www.instagram.com\\\/benchmarkemail\\\/\",\"https:\\\/\\\/www.linkedin.com\\\/company\\\/benchmark-email\\\/\",\"https:\\\/\\\/www.youtube.com\\\/channel\\\/UCEQOJxM8HtdJpjkE1HO6L6Q\"]}]}<\/script>\n<!-- \/ Yoast SEO plugin. -->","yoast_head_json":{"title":"Comment ajouter un sentiment d'urgence (sans para\u00eetre insistant) - Benchmark Email","description":"Para\u00eetre insistant est le moyen le plus rapide de transformer un client en d\u00e9tracteur. Voici quelques conseils de r\u00e9daction pour transmettre un sentiment d'urgence de mani\u00e8re appropri\u00e9e.","robots":{"index":"index","follow":"follow","max-snippet":"max-snippet:-1","max-image-preview":"max-image-preview:large","max-video-preview":"max-video-preview:-1"},"canonical":"https:\/\/www.benchmarkemail.com\/fr\/12-days-of-benchmark\/copywriting-tips\/","og_locale":"en_US","og_type":"article","og_title":"Comment ajouter un sentiment d'urgence (sans para\u00eetre insistant) - Benchmark Email","og_description":"Para\u00eetre insistant est le moyen le plus rapide de transformer un client en d\u00e9tracteur. Voici quelques conseils de r\u00e9daction pour transmettre un sentiment d'urgence de mani\u00e8re appropri\u00e9e.","og_url":"https:\/\/www.benchmarkemail.com\/fr\/12-days-of-benchmark\/copywriting-tips\/","og_site_name":"Benchmark Email en fran\u00e7ais","article_publisher":"https:\/\/www.facebook.com\/BenchmarkEmail","article_modified_time":"2025-12-03T17:57:00+00:00","twitter_card":"summary_large_image","twitter_site":"@benchmarkemail","twitter_misc":{"Est. reading time":"1 minute"},"schema":{"@context":"https:\/\/schema.org","@graph":[{"@type":"WebPage","@id":"https:\/\/www.benchmarkemail.com\/fr\/12-days-of-benchmark\/copywriting-tips\/","url":"https:\/\/www.benchmarkemail.com\/fr\/12-days-of-benchmark\/copywriting-tips\/","name":"Comment ajouter un sentiment d'urgence (sans para\u00eetre insistant) - Benchmark Email","isPartOf":{"@id":"https:\/\/www.benchmarkemail.com\/fr\/#website"},"datePublished":"2025-11-27T13:42:23+00:00","dateModified":"2025-12-03T17:57:00+00:00","description":"Para\u00eetre insistant est le moyen le plus rapide de transformer un client en d\u00e9tracteur. Voici quelques conseils de r\u00e9daction pour transmettre un sentiment d'urgence de mani\u00e8re appropri\u00e9e.","breadcrumb":{"@id":"https:\/\/www.benchmarkemail.com\/fr\/12-days-of-benchmark\/copywriting-tips\/#breadcrumb"},"inLanguage":"en-US","potentialAction":[{"@type":"ReadAction","target":["https:\/\/www.benchmarkemail.com\/fr\/12-days-of-benchmark\/copywriting-tips\/"]}]},{"@type":"BreadcrumbList","@id":"https:\/\/www.benchmarkemail.com\/fr\/12-days-of-benchmark\/copywriting-tips\/#breadcrumb","itemListElement":[{"@type":"ListItem","position":1,"name":"Home","item":"https:\/\/www.benchmarkemail.com\/fr\/"},{"@type":"ListItem","position":2,"name":"12 jours de cadeaux de No\u00ebl &#8211; Benchmark Email","item":"https:\/\/www.benchmarkemail.com\/fr\/12-days-of-benchmark\/"},{"@type":"ListItem","position":3,"name":"Comment ajouter un sentiment d&#8217;urgence (sans para\u00eetre insistant)"}]},{"@type":"WebSite","@id":"https:\/\/www.benchmarkemail.com\/fr\/#website","url":"https:\/\/www.benchmarkemail.com\/fr\/","name":"Benchmark Email en fran\u00e7ais","description":"Outil de marketing digital. D\u00e9couvrez ou approfondissez vos connaissances en email marketing, automatisations, captation de prospects... et bien plus encore !","publisher":{"@id":"https:\/\/www.benchmarkemail.com\/fr\/#organization"},"potentialAction":[{"@type":"SearchAction","target":{"@type":"EntryPoint","urlTemplate":"https:\/\/www.benchmarkemail.com\/fr\/?s={search_term_string}"},"query-input":{"@type":"PropertyValueSpecification","valueRequired":true,"valueName":"search_term_string"}}],"inLanguage":"en-US"},{"@type":"Organization","@id":"https:\/\/www.benchmarkemail.com\/fr\/#organization","name":"Benchmark Internet Group, LLC","url":"https:\/\/www.benchmarkemail.com\/fr\/","logo":{"@type":"ImageObject","inLanguage":"en-US","@id":"https:\/\/www.benchmarkemail.com\/fr\/#\/schema\/logo\/image\/","url":"https:\/\/www.benchmarkemail.com\/fr\/wp-content\/uploads\/sites\/3\/2019\/09\/benchmark-logo.svg","contentUrl":"https:\/\/www.benchmarkemail.com\/fr\/wp-content\/uploads\/sites\/3\/2019\/09\/benchmark-logo.svg","width":1,"height":1,"caption":"Benchmark Internet Group, LLC"},"image":{"@id":"https:\/\/www.benchmarkemail.com\/fr\/#\/schema\/logo\/image\/"},"sameAs":["https:\/\/www.facebook.com\/BenchmarkEmail","https:\/\/x.com\/benchmarkemail","https:\/\/www.instagram.com\/benchmarkemail\/","https:\/\/www.linkedin.com\/company\/benchmark-email\/","https:\/\/www.youtube.com\/channel\/UCEQOJxM8HtdJpjkE1HO6L6Q"]}]}},"_links":{"self":[{"href":"https:\/\/www.benchmarkemail.com\/fr\/wp-json\/wp\/v2\/pages\/48655","targetHints":{"allow":["GET"]}}],"collection":[{"href":"https:\/\/www.benchmarkemail.com\/fr\/wp-json\/wp\/v2\/pages"}],"about":[{"href":"https:\/\/www.benchmarkemail.com\/fr\/wp-json\/wp\/v2\/types\/page"}],"author":[{"embeddable":true,"href":"https:\/\/www.benchmarkemail.com\/fr\/wp-json\/wp\/v2\/users\/7"}],"replies":[{"embeddable":true,"href":"https:\/\/www.benchmarkemail.com\/fr\/wp-json\/wp\/v2\/comments?post=48655"}],"version-history":[{"count":0,"href":"https:\/\/www.benchmarkemail.com\/fr\/wp-json\/wp\/v2\/pages\/48655\/revisions"}],"up":[{"embeddable":true,"href":"https:\/\/www.benchmarkemail.com\/fr\/wp-json\/wp\/v2\/pages\/48585"}],"wp:attachment":[{"href":"https:\/\/www.benchmarkemail.com\/fr\/wp-json\/wp\/v2\/media?parent=48655"}],"curies":[{"name":"wp","href":"https:\/\/api.w.org\/{rel}","templated":true}]}}