{"id":64,"date":"2019-09-16T14:38:16","date_gmt":"2019-09-16T14:38:16","guid":{"rendered":"http:\/\/bme2.flywheelsites.com\/?page_id=64"},"modified":"2021-02-26T12:16:23","modified_gmt":"2021-02-26T12:16:23","slug":"brand-assets","status":"publish","type":"page","link":"https:\/\/www.benchmarkemail.com\/fr\/about-us\/brand-assets\/","title":{"rendered":"Brand Assets"},"content":{"rendered":"<h2>\n\t\tRessources de la Marque Benchmark\n\t<\/h2>\n\t<h1 data-wow-offset=\"200\" data-wow-delay=\".5s\">Merci de votre int\u00e9r\u00eat pour la marque Benchmark, n&#8217;h\u00e9sitez pas \u00e0 parcourir nos directives et t\u00e9l\u00e9chargements<\/h1>\n\t    <style>\n        .sub-nav {\n    display: block;\n    margin-bottom: 0;\n    padding-top: 0;\n    white-space: nowrap;\n    text-align: center;\n}\n.sub-nav dd {\n    display: inline-block;\n    float: none;\n}\n.sub-nav dd.active a {\n    background: 0 0;\n    font-weight: 600;\n    border-radius: 0;\n    border-bottom: 3px solid \n#4e5ff9;\ncolor:\n    #4e5ff9;\n}\n.sub-nav dd a {\n    font-size: .64rem;\n    font-weight: 400;\n    letter-spacing: 1px;\n    display: block;\n    line-height: 100%;\n    padding: 1.5rem;\n    background-color: transparent;\n    text-transform: uppercase;\n    transition: color .3s ease-out;\n    color: #afb1b5;\n    margin-bottom: -10px;\n}\n.sub-nav dd a:hover {\n    color:  #353844;\n}\n    <\/style>\n        <dl>\n                <dd><a href=\"#\">DIRECTIVES<\/a><\/dd>\n                <dd><a href=\"https:\/\/www.benchmarkemail.com\/fr\/about-us\/brand-assets\/downloads\/\">TELECHARGEMENTS<\/a><\/dd>\n                <dd><a href=\"https:\/\/www.benchmarkemail.com\/fr\/about-us\/brand-assets\/screenshots\/\">SCREENSHOTS<\/a><\/dd>\n            <\/dl>\n<h2>\n\t\tLogo de Benchmark\n\t<\/h2>\n\t\t\t\t<img decoding=\"async\" src=\"https:\/\/www.benchmarkemail.com\/wp-content\/uploads\/2019\/12\/logo-construction.svg\" alt=\"logo-construction\" itemprop=\"image\" title=\"logo-construction\" onerror=\"this.style.display='none'\"  \/>\n<h2>\n\t\tVariations\n\t<\/h2>\n\t<p>Le logo Benchmark ne peut appara\u00eetre que dans les trois variantes illustr\u00e9es ci-dessous. Le logotype ne peut jamais appara\u00eetre sans la marque.<\/p>\n\t\t\t\t<img decoding=\"async\" src=\"https:\/\/www-new.benchmarkemail.wpengine.com\/images\/brand-resources\/dark-horizontal-logo.svg\" alt=\"dark-horizontal-logo.svg\" itemprop=\"image\" title=\"dark-horizontal-logo.svg\" onerror=\"this.style.display='none'\"  \/>\n<h6>\n\t\tLOGO HORIZONTAL FONC\u00c9\n\t<\/h6>\n\t\t\t\t<img decoding=\"async\" src=\"https:\/\/www-new.benchmarkemail.wpengine.com\/images\/brand-resources\/dark-vertical-logo.svg\" alt=\"dark-vertical-logo.svg\" itemprop=\"image\" title=\"dark-vertical-logo.svg\" onerror=\"this.style.display='none'\"  \/>\n<h6>\n\t\tLOGO VERTICAL FONC\u00c9\n\t<\/h6>\n\t\t\t\t<img decoding=\"async\" src=\"https:\/\/www-new.benchmarkemail.wpengine.com\/images\/brand-resources\/dark-logomark.svg\" alt=\"dark-logomark.svg\" itemprop=\"image\" title=\"dark-logomark.svg\" onerror=\"this.style.display='none'\"  \/>\n<h6>\n\t\tLOGOTYPE FONC\u00c9\n\t<\/h6>\n\t\t\t\t<img decoding=\"async\" src=\"https:\/\/www-new.benchmarkemail.wpengine.com\/images\/brand-resources\/white-horizontal-logo.svg\" alt=\"white-horizontal-logo.svg\" itemprop=\"image\" title=\"white-horizontal-logo.svg\" onerror=\"this.style.display='none'\"  \/>\n<h6>\n\t\tLOGO HORIZONTAL BLANC\n\t<\/h6>\n\t\t\t\t<img decoding=\"async\" src=\"https:\/\/www-new.benchmarkemail.wpengine.com\/images\/brand-resources\/white-vertical-logo.svg\" alt=\"white-vertical-logo.svg\" itemprop=\"image\" title=\"white-vertical-logo.svg\" onerror=\"this.style.display='none'\"  \/>\n<h6>\n\t\tLOGO VERTICAL BLANC\n\t<\/h6>\n\t\t\t\t<img decoding=\"async\" src=\"https:\/\/www-new.benchmarkemail.wpengine.com\/images\/brand-resources\/white-logomark.svg\" alt=\"white-logomark.svg\" itemprop=\"image\" title=\"white-logomark.svg\" onerror=\"this.style.display='none'\"  \/>\n<h6>\n\t\tLOGOTYPE BLANC\n\t<\/h6>\n<h2>\n\t\tCouleurs\n\t<\/h2>\n\tLe logo Benchmark peut \u00eatre affich\u00e9 dans les versions claire et fonc\u00e9e ci-dessous. Il n&#8217;appara\u00eetra jamais dans une seule couleur. Si pour des raisons techniques aucune couleur n&#8217;est disponible, il peut \u00eatre utilis\u00e9 en noir.\n\t\t\t\t<img decoding=\"async\" src=\"https:\/\/www.benchmarkemail.com\/wp-content\/uploads\/2019\/12\/cl1.png\" alt=\"cl1\" itemprop=\"image\" title=\"cl1\" onerror=\"this.style.display='none'\"  \/>\n<h2>\n\t\tGris nuit\n\t<\/h2>\n<h5>\n\t\t#1D202D\n\t<\/h5>\n\t\t\t\t<img decoding=\"async\" src=\"https:\/\/www.benchmarkemail.com\/wp-content\/uploads\/2019\/12\/cl3.png\" alt=\"cl3\" itemprop=\"image\" title=\"cl3\" onerror=\"this.style.display='none'\"  \/>\n<h2>\n\t\tBlanc\n\t<\/h2>\n<h5>\n\t\t#FFFFFF\n\t<\/h5>\n\t\t\t\t<img decoding=\"async\" src=\"https:\/\/www.benchmarkemail.com\/wp-content\/uploads\/2019\/12\/cl2.png\" alt=\"cl2\" itemprop=\"image\" title=\"cl2\" onerror=\"this.style.display='none'\"  \/>\n<h2>\n\t\tBleu Benchmark\n\t<\/h2>\n<h5>\n\t\t#4E5FF9\n\t<\/h5>\n<h2>\n\t\tEspacement minimum\n\t<\/h2>\n\tGardez un espace minimum entre le logo et les autres \u00e9l\u00e9ments. Cet espace \u00e9quivaut \u00e0 la moiti\u00e9 de la taille du logotype, comme indiqu\u00e9 par le \u00abx\u00bb ci-dessous.\n<h4>\n\t\tEspacement logo horizontal\n\t<\/h4>\n\t\t\t\t<img decoding=\"async\" src=\"https:\/\/www-new.benchmarkemail.wpengine.com\/images\/brand-resources\/horizontal-logo-x-1.svg\" alt=\"horizontal-logo-x-1.svg\" itemprop=\"image\" title=\"horizontal-logo-x-1.svg\" onerror=\"this.style.display='none'\"  \/>\n<h6>\n\t\tX= 50% de la taille du logotype\n\t<\/h6>\n\t\t\t\t<img decoding=\"async\" src=\"https:\/\/www-new.benchmarkemail.wpengine.com\/images\/brand-resources\/horizontal-logo-x.svg\" alt=\"horizontal-logo-x.svg\" itemprop=\"image\" title=\"horizontal-logo-x.svg\" onerror=\"this.style.display='none'\"  \/>\n\t\t\t\t<img decoding=\"async\" src=\"https:\/\/www-new.benchmarkemail.wpengine.com\/images\/brand-resources\/horizontal-final.svg\" alt=\"horizontal-final.svg\" itemprop=\"image\" title=\"horizontal-final.svg\" onerror=\"this.style.display='none'\"  \/>\n<h6>\n\t\tR\u00e9sultat Final\n\t<\/h6>\n<h4>\n\t\tEspacement logo vertical\n\t<\/h4>\n<h6>\n\t\tX= 50% de la taille du logotype\n\t<\/h6>\n\t\t\t\t<img decoding=\"async\" src=\"https:\/\/www-new.benchmarkemail.wpengine.com\/images\/brand-resources\/vertical-construction.svg\" alt=\"vertical-construction.svg\" itemprop=\"image\" title=\"vertical-construction.svg\" onerror=\"this.style.display='none'\"  \/>\n\t\t\t\t<img decoding=\"async\" src=\"https:\/\/www-new.benchmarkemail.wpengine.com\/images\/brand-resources\/vertical-construction-x.svg\" alt=\"vertical-construction-x.svg\" itemprop=\"image\" title=\"vertical-construction-x.svg\" onerror=\"this.style.display='none'\"  \/>\n\t\t\t\t<img decoding=\"async\" src=\"https:\/\/www-new.benchmarkemail.wpengine.com\/images\/brand-resources\/vertical-final.svg\" alt=\"vertical-final.svg\" itemprop=\"image\" title=\"vertical-final.svg\" onerror=\"this.style.display='none'\"  \/>\n<h6>\n\t\tR\u00e9sultat Final\n\t<\/h6>\n<h4>\n\t\tEspacement logotype\n\t<\/h4>\n\t\t\t\t<img decoding=\"async\" src=\"https:\/\/www-new.benchmarkemail.wpengine.com\/images\/brand-resources\/logomark-construction.svg\" alt=\"logomark-construction.svg\" itemprop=\"image\" title=\"logomark-construction.svg\" onerror=\"this.style.display='none'\"  \/>\n<h6>\n\t\tX= 50% de la taille du logotype\n\t<\/h6>\n\t\t\t\t<img decoding=\"async\" src=\"https:\/\/www-new.benchmarkemail.wpengine.com\/images\/brand-resources\/logomark-x.svg\" alt=\"logomark-x.svg\" itemprop=\"image\" title=\"logomark-x.svg\" onerror=\"this.style.display='none'\"  \/>\n\t\t\t\t<img decoding=\"async\" src=\"https:\/\/www-new.benchmarkemail.wpengine.com\/images\/brand-resources\/logomark-final.svg\" alt=\"logomark-final.svg\" itemprop=\"image\" title=\"logomark-final.svg\" onerror=\"this.style.display='none'\"  \/>\n<h6>\n\t\tR\u00e9sultat Final\n\t<\/h6>\n<h2>\n\t\tCe qu&#8217;il ne faut pas faire\n\t<\/h2>\n<h2>\n\t\tNON\n\t<\/h2>\n\t\t\t\t<img decoding=\"async\" src=\"https:\/\/www.benchmarkemail.com\/wp-content\/uploads\/2019\/12\/d1.png\" alt=\"d1\" itemprop=\"image\" title=\"d1\" onerror=\"this.style.display='none'\"  \/>\n<h6>\n\t\tLe \u00abm\u00bb de Benchmark n&#8217;est jamais mis en majuscule.\n\t<\/h6>\n\t\t\t\t<img decoding=\"async\" src=\"https:\/\/www.benchmarkemail.com\/wp-content\/uploads\/2019\/12\/d3.png\" alt=\"d3\" itemprop=\"image\" title=\"d3\" onerror=\"this.style.display='none'\"  \/>\n<h6>\n\t\tN&#8217;utilisez pas notre logo au milieu d&#8217;une phrase.\n\t<\/h6>\n\t\t\t\t<img decoding=\"async\" src=\"https:\/\/www.benchmarkemail.com\/wp-content\/uploads\/2019\/12\/d5.png\" alt=\"d5\" itemprop=\"image\" title=\"d5\" onerror=\"this.style.display='none'\"  \/>\n<h6>\n\t\tN&#8217;utilisez aucune autre couleur que le blanc et le gris nuit sp\u00e9cifi\u00e9.\n\t<\/h6>\n\t\t\t\t<img decoding=\"async\" src=\"https:\/\/www.benchmarkemail.com\/wp-content\/uploads\/2019\/12\/d2.png\" alt=\"d2\" itemprop=\"image\" title=\"d2\" onerror=\"this.style.display='none'\"  \/>\n<h6>\n\t\tNe s\u00e9parez pas &#8220;Benchmark&#8221; du logotype.\n\t<\/h6>\n\t\t\t\t<img decoding=\"async\" src=\"https:\/\/www.benchmarkemail.com\/wp-content\/uploads\/2019\/12\/d4.png\" alt=\"d4\" itemprop=\"image\" title=\"d4\" onerror=\"this.style.display='none'\"  \/>\n<h6>\n\t\tN&#8217;essayez pas de remplacer ou recr\u00e9er le nom de notre soci\u00e9t\u00e9 avec une police diff\u00e9rente.\n\t<\/h6>\n\t\t\t\t<img decoding=\"async\" src=\"https:\/\/www.benchmarkemail.com\/wp-content\/uploads\/2019\/12\/d6.png\" alt=\"d6\" itemprop=\"image\" title=\"d6\" onerror=\"this.style.display='none'\"  \/>\n<h6>\n\t\tN&#8217;utilisez pas l&#8217;ancien logo de Benchmark.\n\t<\/h6>\n\t<p>&nbsp;<\/p>\n<h2>\n\t\tOUI\n\t<\/h2>\n\t\t\t\t<img decoding=\"async\" src=\"https:\/\/www.benchmarkemail.com\/wp-content\/uploads\/2019\/12\/t2.png\" alt=\"t2\" itemprop=\"image\" title=\"t2\" onerror=\"this.style.display='none'\"  \/>\n<h6>\n\t\tColorez l&#8217;arri\u00e8re-plan derri\u00e8re le logo.\n\t<\/h6>\n\t\t\t\t<img decoding=\"async\" src=\"https:\/\/www.benchmarkemail.com\/wp-content\/uploads\/2019\/12\/t1.png\" alt=\"t1\" itemprop=\"image\" title=\"t1\" onerror=\"this.style.display='none'\"  \/>\n<h6>\n\t\tUtilisez une image d&#8217;arri\u00e8re-plan qui n&#8217;entrave pas la reconnaissance du logo ou sa zone d&#8217;espacement.\n\t<\/h6>\n<h2>\n\t\tReminders\n\t<\/h2>\n\t<p>Ces graphiques sont la propri\u00e9t\u00e9 de Benchmark et sont prot\u00e9g\u00e9s par les lois sur la propri\u00e9t\u00e9 intellectuelle.<\/p>\n<p>En utilisant notre logo, les tierces parties conviennent que ces ressources ne seront pas affich\u00e9es de quelque mani\u00e8re que ce soit qui puisse pr\u00eater \u00e0 confusion ou sugg\u00e9rer une affiliation ou une approbation par Benchmark.<\/p>\n<p>Tous les parrainages et partenariats doivent \u00eatre sollicit\u00e9s. Ne combinez pas notre logo avec un contenu inappropri\u00e9 et n&#8217;utilisez pas Benchmark au nom de votre site Web ou de votre application. Exemple : [nom de votre application] pour benchmark. Veuillez utiliser le logo complet lorsqu&#8217;il est important que le nom de notre entreprise soit reconnu, par exemple sur les sites partenaires. Si Benchmark est mentionn\u00e9 dans un texte d&#8217;accompagnement, il n&#8217;est pas n\u00e9cessaire d&#8217;utiliser le logo complet. Dans les zones o\u00f9 l&#8217;espace est limit\u00e9, il est pr\u00e9f\u00e9rable d\u2019utiliser le logotype seul.<\/p>\n\t\t\t\t<img decoding=\"async\" src=\"https:\/\/www.benchmarkemail.com\/wp-content\/uploads\/2019\/12\/pdf.png\" alt=\"pdf\" itemprop=\"image\" title=\"pdf\" onerror=\"this.style.display='none'\"  \/>\n<h2>\n\t\tBesoin d&#8217;un format PDF ?\n\t<\/h2>\n\t\t\t<a href=\"https:\/\/ui.benchmarkemail.wpengine.com\/files\/Benchmark-Logo-Guidelines.pdf\" target=\"_self\" role=\"button\" rel=\"noopener\">\n\t\t\t\t\t\t\tT\u00c9L\u00c9CHARGER LES DIRECTIVES\n\t\t\t\t\t<\/a>\n\t<h2>Essayez notre programme gratuit<\/h2>\n<p>Carte de paiement non requise<\/p>\n\t<style>\n.signup-form-wrap input.form-text-field {\n    box-shadow: none;\n    height: auto;\n    border: 1px solid \n#e6e6e8;\nborder-radius: 3px;\nfont-size: 1rem;\n-webkit-box-shadow: 0 0 0 1000px\n    #fff inset;\n    color: #666872;\n    height: 42px;\n}\n.signup-form-wrap #frm_submit_new {\n    font-size: .8rem;\n    font-weight: 600;\n    text-transform: uppercase;\n    background-color: \n#4e5ff9;\nletter-spacing: 1px;\ncolor: #4e5ff9;\ncolor:\n    #fff;\n    border: none;\n    height: 42px;\n}\n<\/style>\n            <input type=\"text\" placeholder=\"Pr\u00e9nom\" id=\"frm_first_name\">\n            <input type=\"text\" placeholder=\"Nom\" id=\"frm_last_name\">\n            <input type=\"text\" placeholder=\"Adresse email\" id=\"frm_email_new\">\n            <input type=\"button\" value=\"Programme gratuit\" id=\"frm_submit_new\">\n","protected":false},"excerpt":{"rendered":"<p>Ressources de la Marque Benchmark Merci de votre int\u00e9r\u00eat pour la marque Benchmark, n&#8217;h\u00e9sitez pas \u00e0 parcourir nos directives et t\u00e9l\u00e9chargements DIRECTIVES TELECHARGEMENTS SCREENSHOTS Logo de Benchmark Variations Le logo Benchmark ne peut appara\u00eetre que dans les trois variantes illustr\u00e9es ci-dessous. Le logotype ne peut jamais appara\u00eetre sans la marque. LOGO HORIZONTAL FONC\u00c9 LOGO VERTICAL&hellip;<\/p>\n","protected":false},"author":3,"featured_media":0,"parent":62,"menu_order":0,"comment_status":"closed","ping_status":"closed","template":"","meta":{"inline_featured_image":false,"footnotes":""},"class_list":["post-64","page","type-page","status-publish","hentry"],"yoast_head":"<!-- This site is optimized with the Yoast SEO plugin v27.4 - https:\/\/yoast.com\/product\/yoast-seo-wordpress\/ -->\n<title>Brand Assets - Brand Assets<\/title>\n<meta name=\"robots\" content=\"index, follow, max-snippet:-1, max-image-preview:large, max-video-preview:-1\" \/>\n<link rel=\"canonical\" href=\"https:\/\/www.benchmarkemail.com\/fr\/about-us\/brand-assets\/\" \/>\n<meta property=\"og:locale\" content=\"en_US\" \/>\n<meta property=\"og:type\" content=\"article\" \/>\n<meta property=\"og:title\" content=\"Brand Assets - Brand Assets\" \/>\n<meta property=\"og:description\" content=\"Ressources de la Marque Benchmark Merci de votre int\u00e9r\u00eat pour la marque Benchmark, n&#8217;h\u00e9sitez pas \u00e0 parcourir nos directives et t\u00e9l\u00e9chargements DIRECTIVES TELECHARGEMENTS SCREENSHOTS Logo de Benchmark Variations Le logo Benchmark ne peut appara\u00eetre que dans les trois variantes illustr\u00e9es ci-dessous. Le logotype ne peut jamais appara\u00eetre sans la marque. LOGO HORIZONTAL FONC\u00c9 LOGO VERTICAL&hellip;\" \/>\n<meta property=\"og:url\" content=\"https:\/\/www.benchmarkemail.com\/fr\/about-us\/brand-assets\/\" \/>\n<meta property=\"og:site_name\" content=\"Benchmark Email en fran\u00e7ais\" \/>\n<meta property=\"article:publisher\" content=\"https:\/\/www.facebook.com\/BenchmarkEmail\" \/>\n<meta property=\"article:modified_time\" content=\"2021-02-26T12:16:23+00:00\" \/>\n<meta property=\"og:image\" content=\"https:\/\/www.benchmarkemail.com\/wp-content\/uploads\/2019\/12\/logo-construction.svg\" \/>\n<meta name=\"twitter:card\" content=\"summary_large_image\" \/>\n<meta name=\"twitter:site\" content=\"@benchmarkemail\" \/>\n<meta name=\"twitter:label1\" content=\"Est. reading time\" \/>\n\t<meta name=\"twitter:data1\" content=\"2 minutes\" \/>\n<script type=\"application\/ld+json\" class=\"yoast-schema-graph\">{\"@context\":\"https:\\\/\\\/schema.org\",\"@graph\":[{\"@type\":\"WebPage\",\"@id\":\"https:\\\/\\\/www.benchmarkemail.com\\\/fr\\\/about-us\\\/brand-assets\\\/\",\"url\":\"https:\\\/\\\/www.benchmarkemail.com\\\/fr\\\/about-us\\\/brand-assets\\\/\",\"name\":\"Brand Assets - Brand Assets\",\"isPartOf\":{\"@id\":\"https:\\\/\\\/www.benchmarkemail.com\\\/fr\\\/#website\"},\"primaryImageOfPage\":{\"@id\":\"https:\\\/\\\/www.benchmarkemail.com\\\/fr\\\/about-us\\\/brand-assets\\\/#primaryimage\"},\"image\":{\"@id\":\"https:\\\/\\\/www.benchmarkemail.com\\\/fr\\\/about-us\\\/brand-assets\\\/#primaryimage\"},\"thumbnailUrl\":\"https:\\\/\\\/www.benchmarkemail.com\\\/wp-content\\\/uploads\\\/2019\\\/12\\\/logo-construction.svg\",\"datePublished\":\"2019-09-16T14:38:16+00:00\",\"dateModified\":\"2021-02-26T12:16:23+00:00\",\"breadcrumb\":{\"@id\":\"https:\\\/\\\/www.benchmarkemail.com\\\/fr\\\/about-us\\\/brand-assets\\\/#breadcrumb\"},\"inLanguage\":\"en-US\",\"potentialAction\":[{\"@type\":\"ReadAction\",\"target\":[\"https:\\\/\\\/www.benchmarkemail.com\\\/fr\\\/about-us\\\/brand-assets\\\/\"]}]},{\"@type\":\"ImageObject\",\"inLanguage\":\"en-US\",\"@id\":\"https:\\\/\\\/www.benchmarkemail.com\\\/fr\\\/about-us\\\/brand-assets\\\/#primaryimage\",\"url\":\"https:\\\/\\\/www.benchmarkemail.com\\\/wp-content\\\/uploads\\\/2019\\\/12\\\/logo-construction.svg\",\"contentUrl\":\"https:\\\/\\\/www.benchmarkemail.com\\\/wp-content\\\/uploads\\\/2019\\\/12\\\/logo-construction.svg\"},{\"@type\":\"BreadcrumbList\",\"@id\":\"https:\\\/\\\/www.benchmarkemail.com\\\/fr\\\/about-us\\\/brand-assets\\\/#breadcrumb\",\"itemListElement\":[{\"@type\":\"ListItem\",\"position\":1,\"name\":\"Home\",\"item\":\"https:\\\/\\\/www.benchmarkemail.com\\\/fr\\\/\"},{\"@type\":\"ListItem\",\"position\":2,\"name\":\"About\",\"item\":\"https:\\\/\\\/www.benchmarkemail.com\\\/fr\\\/about-us\\\/\"},{\"@type\":\"ListItem\",\"position\":3,\"name\":\"Brand Assets\"}]},{\"@type\":\"WebSite\",\"@id\":\"https:\\\/\\\/www.benchmarkemail.com\\\/fr\\\/#website\",\"url\":\"https:\\\/\\\/www.benchmarkemail.com\\\/fr\\\/\",\"name\":\"Benchmark Email en fran\u00e7ais\",\"description\":\"Outil de marketing digital. D\u00e9couvrez ou approfondissez vos connaissances en email marketing, automatisations, captation de prospects... et bien plus encore !\",\"publisher\":{\"@id\":\"https:\\\/\\\/www.benchmarkemail.com\\\/fr\\\/#organization\"},\"potentialAction\":[{\"@type\":\"SearchAction\",\"target\":{\"@type\":\"EntryPoint\",\"urlTemplate\":\"https:\\\/\\\/www.benchmarkemail.com\\\/fr\\\/?s={search_term_string}\"},\"query-input\":{\"@type\":\"PropertyValueSpecification\",\"valueRequired\":true,\"valueName\":\"search_term_string\"}}],\"inLanguage\":\"en-US\"},{\"@type\":\"Organization\",\"@id\":\"https:\\\/\\\/www.benchmarkemail.com\\\/fr\\\/#organization\",\"name\":\"Benchmark Internet Group, LLC\",\"url\":\"https:\\\/\\\/www.benchmarkemail.com\\\/fr\\\/\",\"logo\":{\"@type\":\"ImageObject\",\"inLanguage\":\"en-US\",\"@id\":\"https:\\\/\\\/www.benchmarkemail.com\\\/fr\\\/#\\\/schema\\\/logo\\\/image\\\/\",\"url\":\"https:\\\/\\\/www.benchmarkemail.com\\\/fr\\\/wp-content\\\/uploads\\\/sites\\\/3\\\/2019\\\/09\\\/benchmark-logo.svg\",\"contentUrl\":\"https:\\\/\\\/www.benchmarkemail.com\\\/fr\\\/wp-content\\\/uploads\\\/sites\\\/3\\\/2019\\\/09\\\/benchmark-logo.svg\",\"width\":1,\"height\":1,\"caption\":\"Benchmark Internet Group, LLC\"},\"image\":{\"@id\":\"https:\\\/\\\/www.benchmarkemail.com\\\/fr\\\/#\\\/schema\\\/logo\\\/image\\\/\"},\"sameAs\":[\"https:\\\/\\\/www.facebook.com\\\/BenchmarkEmail\",\"https:\\\/\\\/x.com\\\/benchmarkemail\",\"https:\\\/\\\/www.instagram.com\\\/benchmarkemail\\\/\",\"https:\\\/\\\/www.linkedin.com\\\/company\\\/benchmark-email\\\/\",\"https:\\\/\\\/www.youtube.com\\\/channel\\\/UCEQOJxM8HtdJpjkE1HO6L6Q\"]}]}<\/script>\n<!-- \/ Yoast SEO plugin. -->","yoast_head_json":{"title":"Brand Assets - Brand Assets","robots":{"index":"index","follow":"follow","max-snippet":"max-snippet:-1","max-image-preview":"max-image-preview:large","max-video-preview":"max-video-preview:-1"},"canonical":"https:\/\/www.benchmarkemail.com\/fr\/about-us\/brand-assets\/","og_locale":"en_US","og_type":"article","og_title":"Brand Assets - Brand Assets","og_description":"Ressources de la Marque Benchmark Merci de votre int\u00e9r\u00eat pour la marque Benchmark, n&#8217;h\u00e9sitez pas \u00e0 parcourir nos directives et t\u00e9l\u00e9chargements DIRECTIVES TELECHARGEMENTS SCREENSHOTS Logo de Benchmark Variations Le logo Benchmark ne peut appara\u00eetre que dans les trois variantes illustr\u00e9es ci-dessous. Le logotype ne peut jamais appara\u00eetre sans la marque. LOGO HORIZONTAL FONC\u00c9 LOGO VERTICAL&hellip;","og_url":"https:\/\/www.benchmarkemail.com\/fr\/about-us\/brand-assets\/","og_site_name":"Benchmark Email en fran\u00e7ais","article_publisher":"https:\/\/www.facebook.com\/BenchmarkEmail","article_modified_time":"2021-02-26T12:16:23+00:00","og_image":[{"url":"https:\/\/www.benchmarkemail.com\/wp-content\/uploads\/2019\/12\/logo-construction.svg","type":"","width":"","height":""}],"twitter_card":"summary_large_image","twitter_site":"@benchmarkemail","twitter_misc":{"Est. reading time":"2 minutes"},"schema":{"@context":"https:\/\/schema.org","@graph":[{"@type":"WebPage","@id":"https:\/\/www.benchmarkemail.com\/fr\/about-us\/brand-assets\/","url":"https:\/\/www.benchmarkemail.com\/fr\/about-us\/brand-assets\/","name":"Brand Assets - Brand Assets","isPartOf":{"@id":"https:\/\/www.benchmarkemail.com\/fr\/#website"},"primaryImageOfPage":{"@id":"https:\/\/www.benchmarkemail.com\/fr\/about-us\/brand-assets\/#primaryimage"},"image":{"@id":"https:\/\/www.benchmarkemail.com\/fr\/about-us\/brand-assets\/#primaryimage"},"thumbnailUrl":"https:\/\/www.benchmarkemail.com\/wp-content\/uploads\/2019\/12\/logo-construction.svg","datePublished":"2019-09-16T14:38:16+00:00","dateModified":"2021-02-26T12:16:23+00:00","breadcrumb":{"@id":"https:\/\/www.benchmarkemail.com\/fr\/about-us\/brand-assets\/#breadcrumb"},"inLanguage":"en-US","potentialAction":[{"@type":"ReadAction","target":["https:\/\/www.benchmarkemail.com\/fr\/about-us\/brand-assets\/"]}]},{"@type":"ImageObject","inLanguage":"en-US","@id":"https:\/\/www.benchmarkemail.com\/fr\/about-us\/brand-assets\/#primaryimage","url":"https:\/\/www.benchmarkemail.com\/wp-content\/uploads\/2019\/12\/logo-construction.svg","contentUrl":"https:\/\/www.benchmarkemail.com\/wp-content\/uploads\/2019\/12\/logo-construction.svg"},{"@type":"BreadcrumbList","@id":"https:\/\/www.benchmarkemail.com\/fr\/about-us\/brand-assets\/#breadcrumb","itemListElement":[{"@type":"ListItem","position":1,"name":"Home","item":"https:\/\/www.benchmarkemail.com\/fr\/"},{"@type":"ListItem","position":2,"name":"About","item":"https:\/\/www.benchmarkemail.com\/fr\/about-us\/"},{"@type":"ListItem","position":3,"name":"Brand Assets"}]},{"@type":"WebSite","@id":"https:\/\/www.benchmarkemail.com\/fr\/#website","url":"https:\/\/www.benchmarkemail.com\/fr\/","name":"Benchmark Email en fran\u00e7ais","description":"Outil de marketing digital. D\u00e9couvrez ou approfondissez vos connaissances en email marketing, automatisations, captation de prospects... et bien plus encore !","publisher":{"@id":"https:\/\/www.benchmarkemail.com\/fr\/#organization"},"potentialAction":[{"@type":"SearchAction","target":{"@type":"EntryPoint","urlTemplate":"https:\/\/www.benchmarkemail.com\/fr\/?s={search_term_string}"},"query-input":{"@type":"PropertyValueSpecification","valueRequired":true,"valueName":"search_term_string"}}],"inLanguage":"en-US"},{"@type":"Organization","@id":"https:\/\/www.benchmarkemail.com\/fr\/#organization","name":"Benchmark Internet Group, LLC","url":"https:\/\/www.benchmarkemail.com\/fr\/","logo":{"@type":"ImageObject","inLanguage":"en-US","@id":"https:\/\/www.benchmarkemail.com\/fr\/#\/schema\/logo\/image\/","url":"https:\/\/www.benchmarkemail.com\/fr\/wp-content\/uploads\/sites\/3\/2019\/09\/benchmark-logo.svg","contentUrl":"https:\/\/www.benchmarkemail.com\/fr\/wp-content\/uploads\/sites\/3\/2019\/09\/benchmark-logo.svg","width":1,"height":1,"caption":"Benchmark Internet Group, LLC"},"image":{"@id":"https:\/\/www.benchmarkemail.com\/fr\/#\/schema\/logo\/image\/"},"sameAs":["https:\/\/www.facebook.com\/BenchmarkEmail","https:\/\/x.com\/benchmarkemail","https:\/\/www.instagram.com\/benchmarkemail\/","https:\/\/www.linkedin.com\/company\/benchmark-email\/","https:\/\/www.youtube.com\/channel\/UCEQOJxM8HtdJpjkE1HO6L6Q"]}]}},"_links":{"self":[{"href":"https:\/\/www.benchmarkemail.com\/fr\/wp-json\/wp\/v2\/pages\/64","targetHints":{"allow":["GET"]}}],"collection":[{"href":"https:\/\/www.benchmarkemail.com\/fr\/wp-json\/wp\/v2\/pages"}],"about":[{"href":"https:\/\/www.benchmarkemail.com\/fr\/wp-json\/wp\/v2\/types\/page"}],"author":[{"embeddable":true,"href":"https:\/\/www.benchmarkemail.com\/fr\/wp-json\/wp\/v2\/users\/3"}],"replies":[{"embeddable":true,"href":"https:\/\/www.benchmarkemail.com\/fr\/wp-json\/wp\/v2\/comments?post=64"}],"version-history":[{"count":0,"href":"https:\/\/www.benchmarkemail.com\/fr\/wp-json\/wp\/v2\/pages\/64\/revisions"}],"up":[{"embeddable":true,"href":"https:\/\/www.benchmarkemail.com\/fr\/wp-json\/wp\/v2\/pages\/62"}],"wp:attachment":[{"href":"https:\/\/www.benchmarkemail.com\/fr\/wp-json\/wp\/v2\/media?parent=64"}],"curies":[{"name":"wp","href":"https:\/\/api.w.org\/{rel}","templated":true}]}}