{"id":66,"date":"2019-09-16T14:38:46","date_gmt":"2019-09-16T14:38:46","guid":{"rendered":"http:\/\/bme2.flywheelsites.com\/?page_id=66"},"modified":"2025-07-01T12:25:34","modified_gmt":"2025-07-01T12:25:34","slug":"contact","status":"publish","type":"page","link":"https:\/\/www.benchmarkemail.com\/fr\/contact\/","title":{"rendered":"Contact Us"},"content":{"rendered":"\n<h1>\n\t\tContactez-nous\n\t<\/h1>\n\t<h3>Une question ?<\/h3>\n<p>Laissez-nous un message et nous vous r\u00e9pondrons dans les plus brefs d\u00e9lais.<\/p>\n<p>&nbsp;<\/p>\n<p>Si vous souhaitez essayer notre logiciel d&#8217;email marketing, vous pouvez <a href=\"https:\/\/ui.benchmarkemail.com\/fr\/register\"> cr\u00e9er un compte gratuit<\/a> sans engagement.<\/p>\n\tNous sommes disponibles du lundi au vendredi via chat.\n\t<form accept-charset=\"utf-8\" action=\"https:\/\/app.hatchbuck.com\/onlineForm\/submit.php\" id=\"form_93633619632\" method=\"post\" name=\"form_93633619632\">\n\t<input name=\"formID\" type=\"hidden\" value=\"93633619632\"\/>\n\t<input name=\"enableServerValidation\" type=\"hidden\" value=\"1\"\/>\n\t<input name=\"enable303Redirect\" type=\"hidden\" value=\"0\"\/> \n\t\t\t\t<label for=\"input_1\">Pr\u00e9nom*<\/label> \n\t\t\t\t<input id=\"input_1\" name=\"q1_firstName1\" size=\"51\" type=\"text\"\/>\n\t\t\t\t<label for=\"input_3\">Nom*<\/label> \n\t\t\t\t<input id=\"input_3\" name=\"q3_lastName3\" size=\"51\" type=\"text\"\/>\n\t\t<label for=\"input_4\">E-mail*<\/label> \n\t\t<input id=\"input_4\" name=\"q4_email\" size=\"51\" type=\"email\"\/> \n\t\t\t\t<label for=\"input_6_area\">Indicatif pays<\/label>\n\t\t\t\t<input id=\"input_6_area\" name=\"q6_phoneNumber6[area]\" size=\"4\" type=\"tel\"\/>\t\t\t\t\n\t\t\t\t<label for=\"input_6_phone\">T\u00e9l\u00e9phone<\/label>\n\t\t\t\t<input id=\"input_6_phone\" name=\"q6_phoneNumber6[phone]\" size=\"14\" type=\"tel\"\/>\n\t<label for=\"input_7\">Votre message<\/label> \n\t<textarea cols=\"41\" name=\"q7_yourMessage\" rows=\"6\"><\/textarea>\n\t <input type=\"text\" id=\"input_8\" name=\"q8_customTextbox8\" value=\"FR Website\"\/>\n\t\t<button type=\"submit\">Nous contacter<\/button>\n\t<ul>\n\t   \t<li>Should be Empty: <input name=\"website\" type=\"hidden\" value=\"\"\/><\/li>\n\t\t<li><input id=\"simple_spc\" name=\"simple_spc\" type=\"hidden\" value=\"93633619632-93633619632\"\/><\/li>\n\t<\/ul>\n<\/form>\n\n","protected":false},"excerpt":{"rendered":"<p>Contactez-nous Une question ? Laissez-nous un message et nous vous r\u00e9pondrons dans les plus brefs d\u00e9lais. &nbsp; Si vous souhaitez essayer notre logiciel d&#8217;email marketing, vous pouvez cr\u00e9er un compte gratuit sans engagement. Nous sommes disponibles du lundi au vendredi via chat. Pr\u00e9nom* Nom* E-mail* Indicatif pays T\u00e9l\u00e9phone Votre message Nous contacter Should be Empty:<\/p>\n","protected":false},"author":3,"featured_media":0,"parent":0,"menu_order":0,"comment_status":"closed","ping_status":"closed","template":"","meta":{"inline_featured_image":false,"footnotes":""},"class_list":["post-66","page","type-page","status-publish","hentry"],"yoast_head":"<!-- This site is optimized with the Yoast SEO plugin v27.3 - https:\/\/yoast.com\/product\/yoast-seo-wordpress\/ -->\n<title>Contactez-nous - Benchmark Email<\/title>\n<meta name=\"description\" content=\"Vous avez des questions ou vous souhaitez collaborer avec Benchmark Email ? Contactez-nous en utilisant le formulaire ci-dessous\" \/>\n<meta name=\"robots\" content=\"index, follow, max-snippet:-1, max-image-preview:large, max-video-preview:-1\" \/>\n<link rel=\"canonical\" href=\"https:\/\/www.benchmarkemail.com\/fr\/contact\/\" \/>\n<meta property=\"og:locale\" content=\"en_US\" \/>\n<meta property=\"og:type\" content=\"article\" \/>\n<meta property=\"og:title\" content=\"Contactez-nous - Benchmark Email\" \/>\n<meta property=\"og:description\" content=\"Vous avez des questions ou vous souhaitez collaborer avec Benchmark Email ? Contactez-nous en utilisant le formulaire ci-dessous\" \/>\n<meta property=\"og:url\" content=\"https:\/\/www.benchmarkemail.com\/fr\/contact\/\" \/>\n<meta property=\"og:site_name\" content=\"Benchmark Email en fran\u00e7ais\" \/>\n<meta property=\"article:publisher\" content=\"https:\/\/www.facebook.com\/BenchmarkEmail\" \/>\n<meta property=\"article:modified_time\" content=\"2025-07-01T12:25:34+00:00\" \/>\n<meta name=\"twitter:card\" content=\"summary_large_image\" \/>\n<meta name=\"twitter:site\" content=\"@benchmarkemail\" \/>\n<meta name=\"twitter:label1\" content=\"Est. reading time\" \/>\n\t<meta name=\"twitter:data1\" content=\"1 minute\" \/>\n<script type=\"application\/ld+json\" class=\"yoast-schema-graph\">{\"@context\":\"https:\\\/\\\/schema.org\",\"@graph\":[{\"@type\":\"WebPage\",\"@id\":\"https:\\\/\\\/www.benchmarkemail.com\\\/fr\\\/contact\\\/\",\"url\":\"https:\\\/\\\/www.benchmarkemail.com\\\/fr\\\/contact\\\/\",\"name\":\"Contactez-nous - Benchmark Email\",\"isPartOf\":{\"@id\":\"https:\\\/\\\/www.benchmarkemail.com\\\/fr\\\/#website\"},\"datePublished\":\"2019-09-16T14:38:46+00:00\",\"dateModified\":\"2025-07-01T12:25:34+00:00\",\"description\":\"Vous avez des questions ou vous souhaitez collaborer avec Benchmark Email ? Contactez-nous en utilisant le formulaire ci-dessous\",\"breadcrumb\":{\"@id\":\"https:\\\/\\\/www.benchmarkemail.com\\\/fr\\\/contact\\\/#breadcrumb\"},\"inLanguage\":\"en-US\",\"potentialAction\":[{\"@type\":\"ReadAction\",\"target\":[\"https:\\\/\\\/www.benchmarkemail.com\\\/fr\\\/contact\\\/\"]}]},{\"@type\":\"BreadcrumbList\",\"@id\":\"https:\\\/\\\/www.benchmarkemail.com\\\/fr\\\/contact\\\/#breadcrumb\",\"itemListElement\":[{\"@type\":\"ListItem\",\"position\":1,\"name\":\"Home\",\"item\":\"https:\\\/\\\/www.benchmarkemail.com\\\/fr\\\/\"},{\"@type\":\"ListItem\",\"position\":2,\"name\":\"Contact Us\"}]},{\"@type\":\"WebSite\",\"@id\":\"https:\\\/\\\/www.benchmarkemail.com\\\/fr\\\/#website\",\"url\":\"https:\\\/\\\/www.benchmarkemail.com\\\/fr\\\/\",\"name\":\"Benchmark Email en fran\u00e7ais\",\"description\":\"Outil de marketing digital. D\u00e9couvrez ou approfondissez vos connaissances en email marketing, automatisations, captation de prospects... et bien plus encore !\",\"publisher\":{\"@id\":\"https:\\\/\\\/www.benchmarkemail.com\\\/fr\\\/#organization\"},\"potentialAction\":[{\"@type\":\"SearchAction\",\"target\":{\"@type\":\"EntryPoint\",\"urlTemplate\":\"https:\\\/\\\/www.benchmarkemail.com\\\/fr\\\/?s={search_term_string}\"},\"query-input\":{\"@type\":\"PropertyValueSpecification\",\"valueRequired\":true,\"valueName\":\"search_term_string\"}}],\"inLanguage\":\"en-US\"},{\"@type\":\"Organization\",\"@id\":\"https:\\\/\\\/www.benchmarkemail.com\\\/fr\\\/#organization\",\"name\":\"Benchmark Internet Group, LLC\",\"url\":\"https:\\\/\\\/www.benchmarkemail.com\\\/fr\\\/\",\"logo\":{\"@type\":\"ImageObject\",\"inLanguage\":\"en-US\",\"@id\":\"https:\\\/\\\/www.benchmarkemail.com\\\/fr\\\/#\\\/schema\\\/logo\\\/image\\\/\",\"url\":\"https:\\\/\\\/www.benchmarkemail.com\\\/fr\\\/wp-content\\\/uploads\\\/sites\\\/3\\\/2019\\\/09\\\/benchmark-logo.svg\",\"contentUrl\":\"https:\\\/\\\/www.benchmarkemail.com\\\/fr\\\/wp-content\\\/uploads\\\/sites\\\/3\\\/2019\\\/09\\\/benchmark-logo.svg\",\"width\":1,\"height\":1,\"caption\":\"Benchmark Internet Group, LLC\"},\"image\":{\"@id\":\"https:\\\/\\\/www.benchmarkemail.com\\\/fr\\\/#\\\/schema\\\/logo\\\/image\\\/\"},\"sameAs\":[\"https:\\\/\\\/www.facebook.com\\\/BenchmarkEmail\",\"https:\\\/\\\/x.com\\\/benchmarkemail\",\"https:\\\/\\\/www.instagram.com\\\/benchmarkemail\\\/\",\"https:\\\/\\\/www.linkedin.com\\\/company\\\/benchmark-email\\\/\",\"https:\\\/\\\/www.youtube.com\\\/channel\\\/UCEQOJxM8HtdJpjkE1HO6L6Q\"]}]}<\/script>\n<!-- \/ Yoast SEO plugin. -->","yoast_head_json":{"title":"Contactez-nous - Benchmark Email","description":"Vous avez des questions ou vous souhaitez collaborer avec Benchmark Email ? Contactez-nous en utilisant le formulaire ci-dessous","robots":{"index":"index","follow":"follow","max-snippet":"max-snippet:-1","max-image-preview":"max-image-preview:large","max-video-preview":"max-video-preview:-1"},"canonical":"https:\/\/www.benchmarkemail.com\/fr\/contact\/","og_locale":"en_US","og_type":"article","og_title":"Contactez-nous - Benchmark Email","og_description":"Vous avez des questions ou vous souhaitez collaborer avec Benchmark Email ? Contactez-nous en utilisant le formulaire ci-dessous","og_url":"https:\/\/www.benchmarkemail.com\/fr\/contact\/","og_site_name":"Benchmark Email en fran\u00e7ais","article_publisher":"https:\/\/www.facebook.com\/BenchmarkEmail","article_modified_time":"2025-07-01T12:25:34+00:00","twitter_card":"summary_large_image","twitter_site":"@benchmarkemail","twitter_misc":{"Est. reading time":"1 minute"},"schema":{"@context":"https:\/\/schema.org","@graph":[{"@type":"WebPage","@id":"https:\/\/www.benchmarkemail.com\/fr\/contact\/","url":"https:\/\/www.benchmarkemail.com\/fr\/contact\/","name":"Contactez-nous - Benchmark Email","isPartOf":{"@id":"https:\/\/www.benchmarkemail.com\/fr\/#website"},"datePublished":"2019-09-16T14:38:46+00:00","dateModified":"2025-07-01T12:25:34+00:00","description":"Vous avez des questions ou vous souhaitez collaborer avec Benchmark Email ? Contactez-nous en utilisant le formulaire ci-dessous","breadcrumb":{"@id":"https:\/\/www.benchmarkemail.com\/fr\/contact\/#breadcrumb"},"inLanguage":"en-US","potentialAction":[{"@type":"ReadAction","target":["https:\/\/www.benchmarkemail.com\/fr\/contact\/"]}]},{"@type":"BreadcrumbList","@id":"https:\/\/www.benchmarkemail.com\/fr\/contact\/#breadcrumb","itemListElement":[{"@type":"ListItem","position":1,"name":"Home","item":"https:\/\/www.benchmarkemail.com\/fr\/"},{"@type":"ListItem","position":2,"name":"Contact Us"}]},{"@type":"WebSite","@id":"https:\/\/www.benchmarkemail.com\/fr\/#website","url":"https:\/\/www.benchmarkemail.com\/fr\/","name":"Benchmark Email en fran\u00e7ais","description":"Outil de marketing digital. D\u00e9couvrez ou approfondissez vos connaissances en email marketing, automatisations, captation de prospects... et bien plus encore !","publisher":{"@id":"https:\/\/www.benchmarkemail.com\/fr\/#organization"},"potentialAction":[{"@type":"SearchAction","target":{"@type":"EntryPoint","urlTemplate":"https:\/\/www.benchmarkemail.com\/fr\/?s={search_term_string}"},"query-input":{"@type":"PropertyValueSpecification","valueRequired":true,"valueName":"search_term_string"}}],"inLanguage":"en-US"},{"@type":"Organization","@id":"https:\/\/www.benchmarkemail.com\/fr\/#organization","name":"Benchmark Internet Group, LLC","url":"https:\/\/www.benchmarkemail.com\/fr\/","logo":{"@type":"ImageObject","inLanguage":"en-US","@id":"https:\/\/www.benchmarkemail.com\/fr\/#\/schema\/logo\/image\/","url":"https:\/\/www.benchmarkemail.com\/fr\/wp-content\/uploads\/sites\/3\/2019\/09\/benchmark-logo.svg","contentUrl":"https:\/\/www.benchmarkemail.com\/fr\/wp-content\/uploads\/sites\/3\/2019\/09\/benchmark-logo.svg","width":1,"height":1,"caption":"Benchmark Internet Group, LLC"},"image":{"@id":"https:\/\/www.benchmarkemail.com\/fr\/#\/schema\/logo\/image\/"},"sameAs":["https:\/\/www.facebook.com\/BenchmarkEmail","https:\/\/x.com\/benchmarkemail","https:\/\/www.instagram.com\/benchmarkemail\/","https:\/\/www.linkedin.com\/company\/benchmark-email\/","https:\/\/www.youtube.com\/channel\/UCEQOJxM8HtdJpjkE1HO6L6Q"]}]}},"_links":{"self":[{"href":"https:\/\/www.benchmarkemail.com\/fr\/wp-json\/wp\/v2\/pages\/66","targetHints":{"allow":["GET"]}}],"collection":[{"href":"https:\/\/www.benchmarkemail.com\/fr\/wp-json\/wp\/v2\/pages"}],"about":[{"href":"https:\/\/www.benchmarkemail.com\/fr\/wp-json\/wp\/v2\/types\/page"}],"author":[{"embeddable":true,"href":"https:\/\/www.benchmarkemail.com\/fr\/wp-json\/wp\/v2\/users\/3"}],"replies":[{"embeddable":true,"href":"https:\/\/www.benchmarkemail.com\/fr\/wp-json\/wp\/v2\/comments?post=66"}],"version-history":[{"count":0,"href":"https:\/\/www.benchmarkemail.com\/fr\/wp-json\/wp\/v2\/pages\/66\/revisions"}],"wp:attachment":[{"href":"https:\/\/www.benchmarkemail.com\/fr\/wp-json\/wp\/v2\/media?parent=66"}],"curies":[{"name":"wp","href":"https:\/\/api.w.org\/{rel}","templated":true}]}}