{"id":8063,"date":"2019-11-21T20:56:53","date_gmt":"2019-11-21T20:56:53","guid":{"rendered":"http:\/\/bme2.flywheelsites.com\/?page_id=8063"},"modified":"2023-06-06T18:42:33","modified_gmt":"2023-06-06T18:42:33","slug":"smartsheet","status":"publish","type":"page","link":"https:\/\/www.benchmarkemail.com\/fr\/features\/integrations\/smartsheet\/","title":{"rendered":"Smartsheet"},"content":{"rendered":"\n<h1>\n\t\tInt\u00e9gration Smartsheet avec Benchmark Email\n\t<\/h1>\n\t<h2>Ajoutez vos contacts Smartsheet \u00e0 vos listes de contacts Benchmark<\/h2>\n<p>Utilisez Automatisation Pro d\u00e8s qu&#8217;un contact de Smartsheet est ajout\u00e9 \u00e0 votre liste. En effet, vous pouvez automatiquement ajouter ces contacts \u00e0 vos listes de contacts Benchmark Email. Disponible gratuitement avec un compte Benchmark (gratuit ou Premium).<\/p>\n<h3>Pr\u00e9requis:<\/h3>\n<ul>\n<li>Un compte Benchmark Email  (<a href=\"https:\/\/ui.benchmarkemail.com\/fr\/register\">inscription gratuite<\/a>)<\/li>\n<li><a href=\"https:\/\/www.smartsheet.com\/\" target=\"_blank\" rel=\"noopener\">Un compte Smartsheet<\/a><\/li>\n<\/ul>\n<h3>Comment int\u00e9grer:<\/h3>\n<ul>\n<li>Aucun t\u00e9l\u00e9chargement n\u00e9cessaire<\/li>\n<li>Ajout automatique de vos leads \u00e0 vos listes de contacts Benchmark Email<\/li>\n<li>L&#8217;email marketing au service de votre engagement client<\/li>\n<\/ul>\n\t\t\t\t<img loading=\"lazy\" decoding=\"async\" src=\"https:\/\/www.benchmarkemail.com\/fr\/wp-content\/uploads\/sites\/3\/2023\/05\/smartsheet.png\" alt=\"smartsheet\" itemprop=\"image\" height=\"65\" width=\"110\" title=\"smartsheet\" onerror=\"this.style.display='none'\"  \/>\n\t\t\t<a href=\"https:\/\/kb.benchmarkemail.com\/fr\/how-do-i-integrate-benchmark-with-smartsheet\/\" target=\"_self\" rel=\"noopener\">\n\t\t\t\t\t\t\tConnectez-vous maintenant\n\t\t\t\t\t<\/a>\n\n","protected":false},"excerpt":{"rendered":"<p>Int\u00e9gration Smartsheet avec Benchmark Email Ajoutez vos contacts Smartsheet \u00e0 vos listes de contacts Benchmark Utilisez Automatisation Pro d\u00e8s qu&#8217;un contact de Smartsheet est ajout\u00e9 \u00e0 votre liste. En effet, vous pouvez automatiquement ajouter ces contacts \u00e0 vos listes de contacts Benchmark Email. Disponible gratuitement avec un compte Benchmark (gratuit ou Premium). Pr\u00e9requis: Un compte&hellip;<\/p>\n","protected":false},"author":3,"featured_media":0,"parent":28,"menu_order":0,"comment_status":"closed","ping_status":"closed","template":"","meta":{"inline_featured_image":false,"footnotes":""},"class_list":["post-8063","page","type-page","status-publish","hentry"],"yoast_head":"<!-- This site is optimized with the Yoast SEO plugin v27.5 - https:\/\/yoast.com\/product\/yoast-seo-wordpress\/ -->\n<title>Smartsheet - Integration Smartsheet avec Benchmark Email<\/title>\n<meta name=\"description\" content=\"Benchmark Email vous permet maintenant d&#039;ajouter vos contacts Smartsheet \u00e0 vos listes de contacts Benchmark.\" \/>\n<meta name=\"robots\" content=\"index, follow, max-snippet:-1, max-image-preview:large, max-video-preview:-1\" \/>\n<link rel=\"canonical\" href=\"https:\/\/www.benchmarkemail.com\/fr\/features\/integrations\/smartsheet\/\" \/>\n<meta property=\"og:locale\" content=\"en_US\" \/>\n<meta property=\"og:type\" content=\"article\" \/>\n<meta property=\"og:title\" content=\"Smartsheet - Integration Smartsheet avec Benchmark Email\" \/>\n<meta property=\"og:description\" content=\"Benchmark Email vous permet maintenant d&#039;ajouter vos contacts Smartsheet \u00e0 vos listes de contacts Benchmark.\" \/>\n<meta property=\"og:url\" content=\"https:\/\/www.benchmarkemail.com\/fr\/features\/integrations\/smartsheet\/\" \/>\n<meta property=\"og:site_name\" content=\"Benchmark Email en fran\u00e7ais\" \/>\n<meta property=\"article:publisher\" content=\"https:\/\/www.facebook.com\/BenchmarkEmail\" \/>\n<meta property=\"article:modified_time\" content=\"2023-06-06T18:42:33+00:00\" \/>\n<meta property=\"og:image\" content=\"https:\/\/www.benchmarkemail.com\/fr\/wp-content\/uploads\/sites\/3\/2023\/05\/smartsheet.png\" \/>\n<meta name=\"twitter:card\" content=\"summary_large_image\" \/>\n<meta name=\"twitter:site\" content=\"@benchmarkemail\" \/>\n<script type=\"application\/ld+json\" class=\"yoast-schema-graph\">{\"@context\":\"https:\\\/\\\/schema.org\",\"@graph\":[{\"@type\":\"WebPage\",\"@id\":\"https:\\\/\\\/www.benchmarkemail.com\\\/fr\\\/features\\\/integrations\\\/smartsheet\\\/\",\"url\":\"https:\\\/\\\/www.benchmarkemail.com\\\/fr\\\/features\\\/integrations\\\/smartsheet\\\/\",\"name\":\"Smartsheet - Integration Smartsheet avec Benchmark Email\",\"isPartOf\":{\"@id\":\"https:\\\/\\\/www.benchmarkemail.com\\\/fr\\\/#website\"},\"primaryImageOfPage\":{\"@id\":\"https:\\\/\\\/www.benchmarkemail.com\\\/fr\\\/features\\\/integrations\\\/smartsheet\\\/#primaryimage\"},\"image\":{\"@id\":\"https:\\\/\\\/www.benchmarkemail.com\\\/fr\\\/features\\\/integrations\\\/smartsheet\\\/#primaryimage\"},\"thumbnailUrl\":\"https:\\\/\\\/www.benchmarkemail.com\\\/fr\\\/wp-content\\\/uploads\\\/sites\\\/3\\\/2023\\\/05\\\/smartsheet.png\",\"datePublished\":\"2019-11-21T20:56:53+00:00\",\"dateModified\":\"2023-06-06T18:42:33+00:00\",\"description\":\"Benchmark Email vous permet maintenant d'ajouter vos contacts Smartsheet \u00e0 vos listes de contacts Benchmark.\",\"breadcrumb\":{\"@id\":\"https:\\\/\\\/www.benchmarkemail.com\\\/fr\\\/features\\\/integrations\\\/smartsheet\\\/#breadcrumb\"},\"inLanguage\":\"en-US\",\"potentialAction\":[{\"@type\":\"ReadAction\",\"target\":[\"https:\\\/\\\/www.benchmarkemail.com\\\/fr\\\/features\\\/integrations\\\/smartsheet\\\/\"]}]},{\"@type\":\"ImageObject\",\"inLanguage\":\"en-US\",\"@id\":\"https:\\\/\\\/www.benchmarkemail.com\\\/fr\\\/features\\\/integrations\\\/smartsheet\\\/#primaryimage\",\"url\":\"https:\\\/\\\/www.benchmarkemail.com\\\/fr\\\/wp-content\\\/uploads\\\/sites\\\/3\\\/2023\\\/05\\\/smartsheet.png\",\"contentUrl\":\"https:\\\/\\\/www.benchmarkemail.com\\\/fr\\\/wp-content\\\/uploads\\\/sites\\\/3\\\/2023\\\/05\\\/smartsheet.png\",\"width\":110,\"height\":65},{\"@type\":\"BreadcrumbList\",\"@id\":\"https:\\\/\\\/www.benchmarkemail.com\\\/fr\\\/features\\\/integrations\\\/smartsheet\\\/#breadcrumb\",\"itemListElement\":[{\"@type\":\"ListItem\",\"position\":1,\"name\":\"Home\",\"item\":\"https:\\\/\\\/www.benchmarkemail.com\\\/fr\\\/\"},{\"@type\":\"ListItem\",\"position\":2,\"name\":\"Features\",\"item\":\"https:\\\/\\\/www.benchmarkemail.com\\\/fr\\\/features\\\/\"},{\"@type\":\"ListItem\",\"position\":3,\"name\":\"Integrations\",\"item\":\"https:\\\/\\\/www.benchmarkemail.com\\\/fr\\\/features\\\/integrations\\\/\"},{\"@type\":\"ListItem\",\"position\":4,\"name\":\"Smartsheet\"}]},{\"@type\":\"WebSite\",\"@id\":\"https:\\\/\\\/www.benchmarkemail.com\\\/fr\\\/#website\",\"url\":\"https:\\\/\\\/www.benchmarkemail.com\\\/fr\\\/\",\"name\":\"Benchmark Email en fran\u00e7ais\",\"description\":\"Outil de marketing digital. D\u00e9couvrez ou approfondissez vos connaissances en email marketing, automatisations, captation de prospects... et bien plus encore !\",\"publisher\":{\"@id\":\"https:\\\/\\\/www.benchmarkemail.com\\\/fr\\\/#organization\"},\"potentialAction\":[{\"@type\":\"SearchAction\",\"target\":{\"@type\":\"EntryPoint\",\"urlTemplate\":\"https:\\\/\\\/www.benchmarkemail.com\\\/fr\\\/?s={search_term_string}\"},\"query-input\":{\"@type\":\"PropertyValueSpecification\",\"valueRequired\":true,\"valueName\":\"search_term_string\"}}],\"inLanguage\":\"en-US\"},{\"@type\":\"Organization\",\"@id\":\"https:\\\/\\\/www.benchmarkemail.com\\\/fr\\\/#organization\",\"name\":\"Benchmark Internet Group, LLC\",\"url\":\"https:\\\/\\\/www.benchmarkemail.com\\\/fr\\\/\",\"logo\":{\"@type\":\"ImageObject\",\"inLanguage\":\"en-US\",\"@id\":\"https:\\\/\\\/www.benchmarkemail.com\\\/fr\\\/#\\\/schema\\\/logo\\\/image\\\/\",\"url\":\"https:\\\/\\\/www.benchmarkemail.com\\\/fr\\\/wp-content\\\/uploads\\\/sites\\\/3\\\/2019\\\/09\\\/benchmark-logo.svg\",\"contentUrl\":\"https:\\\/\\\/www.benchmarkemail.com\\\/fr\\\/wp-content\\\/uploads\\\/sites\\\/3\\\/2019\\\/09\\\/benchmark-logo.svg\",\"width\":1,\"height\":1,\"caption\":\"Benchmark Internet Group, LLC\"},\"image\":{\"@id\":\"https:\\\/\\\/www.benchmarkemail.com\\\/fr\\\/#\\\/schema\\\/logo\\\/image\\\/\"},\"sameAs\":[\"https:\\\/\\\/www.facebook.com\\\/BenchmarkEmail\",\"https:\\\/\\\/x.com\\\/benchmarkemail\",\"https:\\\/\\\/www.instagram.com\\\/benchmarkemail\\\/\",\"https:\\\/\\\/www.linkedin.com\\\/company\\\/benchmark-email\\\/\",\"https:\\\/\\\/www.youtube.com\\\/channel\\\/UCEQOJxM8HtdJpjkE1HO6L6Q\"]}]}<\/script>\n<!-- \/ Yoast SEO plugin. -->","yoast_head_json":{"title":"Smartsheet - Integration Smartsheet avec Benchmark Email","description":"Benchmark Email vous permet maintenant d'ajouter vos contacts Smartsheet \u00e0 vos listes de contacts Benchmark.","robots":{"index":"index","follow":"follow","max-snippet":"max-snippet:-1","max-image-preview":"max-image-preview:large","max-video-preview":"max-video-preview:-1"},"canonical":"https:\/\/www.benchmarkemail.com\/fr\/features\/integrations\/smartsheet\/","og_locale":"en_US","og_type":"article","og_title":"Smartsheet - Integration Smartsheet avec Benchmark Email","og_description":"Benchmark Email vous permet maintenant d'ajouter vos contacts Smartsheet \u00e0 vos listes de contacts Benchmark.","og_url":"https:\/\/www.benchmarkemail.com\/fr\/features\/integrations\/smartsheet\/","og_site_name":"Benchmark Email en fran\u00e7ais","article_publisher":"https:\/\/www.facebook.com\/BenchmarkEmail","article_modified_time":"2023-06-06T18:42:33+00:00","og_image":[{"url":"https:\/\/www.benchmarkemail.com\/fr\/wp-content\/uploads\/sites\/3\/2023\/05\/smartsheet.png","type":"","width":"","height":""}],"twitter_card":"summary_large_image","twitter_site":"@benchmarkemail","schema":{"@context":"https:\/\/schema.org","@graph":[{"@type":"WebPage","@id":"https:\/\/www.benchmarkemail.com\/fr\/features\/integrations\/smartsheet\/","url":"https:\/\/www.benchmarkemail.com\/fr\/features\/integrations\/smartsheet\/","name":"Smartsheet - Integration Smartsheet avec Benchmark Email","isPartOf":{"@id":"https:\/\/www.benchmarkemail.com\/fr\/#website"},"primaryImageOfPage":{"@id":"https:\/\/www.benchmarkemail.com\/fr\/features\/integrations\/smartsheet\/#primaryimage"},"image":{"@id":"https:\/\/www.benchmarkemail.com\/fr\/features\/integrations\/smartsheet\/#primaryimage"},"thumbnailUrl":"https:\/\/www.benchmarkemail.com\/fr\/wp-content\/uploads\/sites\/3\/2023\/05\/smartsheet.png","datePublished":"2019-11-21T20:56:53+00:00","dateModified":"2023-06-06T18:42:33+00:00","description":"Benchmark Email vous permet maintenant d'ajouter vos contacts Smartsheet \u00e0 vos listes de contacts Benchmark.","breadcrumb":{"@id":"https:\/\/www.benchmarkemail.com\/fr\/features\/integrations\/smartsheet\/#breadcrumb"},"inLanguage":"en-US","potentialAction":[{"@type":"ReadAction","target":["https:\/\/www.benchmarkemail.com\/fr\/features\/integrations\/smartsheet\/"]}]},{"@type":"ImageObject","inLanguage":"en-US","@id":"https:\/\/www.benchmarkemail.com\/fr\/features\/integrations\/smartsheet\/#primaryimage","url":"https:\/\/www.benchmarkemail.com\/fr\/wp-content\/uploads\/sites\/3\/2023\/05\/smartsheet.png","contentUrl":"https:\/\/www.benchmarkemail.com\/fr\/wp-content\/uploads\/sites\/3\/2023\/05\/smartsheet.png","width":110,"height":65},{"@type":"BreadcrumbList","@id":"https:\/\/www.benchmarkemail.com\/fr\/features\/integrations\/smartsheet\/#breadcrumb","itemListElement":[{"@type":"ListItem","position":1,"name":"Home","item":"https:\/\/www.benchmarkemail.com\/fr\/"},{"@type":"ListItem","position":2,"name":"Features","item":"https:\/\/www.benchmarkemail.com\/fr\/features\/"},{"@type":"ListItem","position":3,"name":"Integrations","item":"https:\/\/www.benchmarkemail.com\/fr\/features\/integrations\/"},{"@type":"ListItem","position":4,"name":"Smartsheet"}]},{"@type":"WebSite","@id":"https:\/\/www.benchmarkemail.com\/fr\/#website","url":"https:\/\/www.benchmarkemail.com\/fr\/","name":"Benchmark Email en fran\u00e7ais","description":"Outil de marketing digital. D\u00e9couvrez ou approfondissez vos connaissances en email marketing, automatisations, captation de prospects... et bien plus encore !","publisher":{"@id":"https:\/\/www.benchmarkemail.com\/fr\/#organization"},"potentialAction":[{"@type":"SearchAction","target":{"@type":"EntryPoint","urlTemplate":"https:\/\/www.benchmarkemail.com\/fr\/?s={search_term_string}"},"query-input":{"@type":"PropertyValueSpecification","valueRequired":true,"valueName":"search_term_string"}}],"inLanguage":"en-US"},{"@type":"Organization","@id":"https:\/\/www.benchmarkemail.com\/fr\/#organization","name":"Benchmark Internet Group, LLC","url":"https:\/\/www.benchmarkemail.com\/fr\/","logo":{"@type":"ImageObject","inLanguage":"en-US","@id":"https:\/\/www.benchmarkemail.com\/fr\/#\/schema\/logo\/image\/","url":"https:\/\/www.benchmarkemail.com\/fr\/wp-content\/uploads\/sites\/3\/2019\/09\/benchmark-logo.svg","contentUrl":"https:\/\/www.benchmarkemail.com\/fr\/wp-content\/uploads\/sites\/3\/2019\/09\/benchmark-logo.svg","width":1,"height":1,"caption":"Benchmark Internet Group, LLC"},"image":{"@id":"https:\/\/www.benchmarkemail.com\/fr\/#\/schema\/logo\/image\/"},"sameAs":["https:\/\/www.facebook.com\/BenchmarkEmail","https:\/\/x.com\/benchmarkemail","https:\/\/www.instagram.com\/benchmarkemail\/","https:\/\/www.linkedin.com\/company\/benchmark-email\/","https:\/\/www.youtube.com\/channel\/UCEQOJxM8HtdJpjkE1HO6L6Q"]}]}},"_links":{"self":[{"href":"https:\/\/www.benchmarkemail.com\/fr\/wp-json\/wp\/v2\/pages\/8063","targetHints":{"allow":["GET"]}}],"collection":[{"href":"https:\/\/www.benchmarkemail.com\/fr\/wp-json\/wp\/v2\/pages"}],"about":[{"href":"https:\/\/www.benchmarkemail.com\/fr\/wp-json\/wp\/v2\/types\/page"}],"author":[{"embeddable":true,"href":"https:\/\/www.benchmarkemail.com\/fr\/wp-json\/wp\/v2\/users\/3"}],"replies":[{"embeddable":true,"href":"https:\/\/www.benchmarkemail.com\/fr\/wp-json\/wp\/v2\/comments?post=8063"}],"version-history":[{"count":0,"href":"https:\/\/www.benchmarkemail.com\/fr\/wp-json\/wp\/v2\/pages\/8063\/revisions"}],"up":[{"embeddable":true,"href":"https:\/\/www.benchmarkemail.com\/fr\/wp-json\/wp\/v2\/pages\/28"}],"wp:attachment":[{"href":"https:\/\/www.benchmarkemail.com\/fr\/wp-json\/wp\/v2\/media?parent=8063"}],"curies":[{"name":"wp","href":"https:\/\/api.w.org\/{rel}","templated":true}]}}