{"id":8434,"date":"2019-12-19T11:08:30","date_gmt":"2019-12-19T11:08:30","guid":{"rendered":"http:\/\/bme2.flywheelsites.com\/?page_id=8434"},"modified":"2025-11-27T15:28:40","modified_gmt":"2025-11-27T15:28:40","slug":"spam-free-zone","status":"publish","type":"page","link":"https:\/\/www.benchmarkemail.com\/fr\/spam-free-zone\/","title":{"rendered":"Spam Free Zone"},"content":{"rendered":"\n<h2>\n\t\t\tConditions du Site\t<\/h2>\n\t<ul>\n<li><a href=\"https:\/\/www.benchmarkemail.com\/fr\/privacy-policy\/\">Politique de vie priv\u00e9e<\/a><\/li>\n<li><a href=\"https:\/\/www.benchmarkemail.com\/fr\/cookie-policy\/\">Cookie Policy<\/a><\/li>\n<li><a href=\"https:\/\/www.benchmarkemail.com\/fr\/anti-spam-policy\/\">Politique anti-spam<\/a><\/li>\n<li><a href=\"https:\/\/www.benchmarkemail.com\/fr\/terms-of-use\/\">Conditions G\u00e9nerales<\/a><\/li>\n<li><a href=\"https:\/\/www.benchmarkemail.com\/fr\/spam-free-zone\/\">Spam Free Zone<\/a><\/li>\n<li><a href=\"https:\/\/www.benchmarkemail.com\/fr\/user-pledge\/\">Engagement utilisateur<\/a><\/li>\n<li><a href=\"\/fr\/data-processing-addendum\/\">Addendum relatif au traitement des donn\u00e9es<\/a><\/li>\n<\/ul>\n\t<h1>Spam Free Zone<\/h1>\n<h2>Vaincre le spam un email \u00e0 un moment<\/h2>\n<p>Benchmark Email prend tr\u00e8s au s\u00e9rieux le spam. Si nous le faisions pas, nos clients ne recevraient pas les grands taux de prestation que nous fournissons. Mais il ya beaucoup qui va dans la construction d&#8217;une soci\u00e9t\u00e9 anti-spam. Voici ce que nous faisons sur notre fin \u00e0 mener la bataille contre le spam:<\/p>\n<ul>\n<li>Nous travaillons en \u00e9troite collaboration avec les fournisseurs de service de messagerie et Internet. Garder les lignes de communication ouvertes est grande pour les deux parties.<\/li>\n<li>Nous suivons notre propre ensemble de bonnes pratiques de marketing par courriel. Nous avons pass\u00e9 des ann\u00e9es \u00e0 cr\u00e9er une liste de lignes directrices et nous travaillons tout le temps de leur faire encore mieux.<\/li>\n<li>Nous sommes un membre de l&#8217;Email Sender &amp; Provider Coalition \u00e9lite. Cela signifie que nous acceptons de suivre une charte des r\u00e8gles de commercialisation plus \u00e9lev\u00e9s de messagerie de qualit\u00e9.<\/li>\n<li>Nous \u00e9tudions chaque plainte. Si l&#8217;un de nos clients re\u00e7oit une plainte de spam, nous \u00e9tudions rapidement et soigneusement.<\/li>\n<li>Nous ne prenons pas sur les clients qui ach\u00e8tent, louer ou gratter listes. Tous nos clients utilisent des listes d&#8217;email opt-in organiques. Cela permet de maintenir des taux \u00e9lev\u00e9s de la livraison pour tout le monde.<\/li>\n<li>Si un client est pris spamming, leur compte est imm\u00e9diatement interrompu. Si vous envisagez d&#8217;envoyer des e-mail non opt-in sur notre montre, vous avez \u00e9t\u00e9 averti.<\/li>\n<li>Nous utilisons la technologie de Return Path et l&#8217;expertise pour am\u00e9liorer nos taux de livraison. Cela signifie que nous travaillons \u00e9nergiquement avec l&#8217;une des meilleures entreprises pour obtenir en permanence vos e-mails dans la bo\u00eete de r\u00e9ception.<\/li>\n<li>Nous sommes pleinement CAN-SPAM. Nous suivons les directives f\u00e9d\u00e9rales sur le &#8220;T&#8221;, comme \u00e0 tous nos clients.<\/li>\n<\/ul>\n<p>Si vous croyez que vous avez \u00e9t\u00e9 spamm\u00e9 ou maltrait\u00e9s par des e-mails provenant de notre r\u00e9seau, s&#8217;il vous pla\u00eet transmettre le courriel \u00e0\u00a0<a href=\"mailto:abuse@benchmarkemail.wpengine.com\">abuse@benchmarkemail.wpengine.com<\/a>, avec les notes.<\/p>\n\n","protected":false},"excerpt":{"rendered":"<p>Conditions du Site Politique de vie priv\u00e9e Cookie Policy Politique anti-spam Conditions G\u00e9nerales Spam Free Zone Engagement utilisateur Addendum relatif au traitement des donn\u00e9es Spam Free Zone Vaincre le spam un email \u00e0 un moment Benchmark Email prend tr\u00e8s au s\u00e9rieux le spam. Si nous le faisions pas, nos clients ne recevraient pas les grands&hellip;<\/p>\n","protected":false},"author":7,"featured_media":0,"parent":0,"menu_order":0,"comment_status":"closed","ping_status":"closed","template":"","meta":{"inline_featured_image":false,"footnotes":""},"class_list":["post-8434","page","type-page","status-publish","hentry"],"yoast_head":"<!-- This site is optimized with the Yoast SEO plugin v27.4 - https:\/\/yoast.com\/product\/yoast-seo-wordpress\/ -->\n<title>Spam Free Zone - Benchmark Email<\/title>\n<meta name=\"robots\" content=\"index, follow, max-snippet:-1, max-image-preview:large, max-video-preview:-1\" \/>\n<link rel=\"canonical\" href=\"https:\/\/www.benchmarkemail.com\/fr\/spam-free-zone\/\" \/>\n<meta property=\"og:locale\" content=\"en_US\" \/>\n<meta property=\"og:type\" content=\"article\" \/>\n<meta property=\"og:title\" content=\"Spam Free Zone - Benchmark Email\" \/>\n<meta property=\"og:description\" content=\"Conditions du Site Politique de vie priv\u00e9e Cookie Policy Politique anti-spam Conditions G\u00e9nerales Spam Free Zone Engagement utilisateur Addendum relatif au traitement des donn\u00e9es Spam Free Zone Vaincre le spam un email \u00e0 un moment Benchmark Email prend tr\u00e8s au s\u00e9rieux le spam. Si nous le faisions pas, nos clients ne recevraient pas les grands&hellip;\" \/>\n<meta property=\"og:url\" content=\"https:\/\/www.benchmarkemail.com\/fr\/spam-free-zone\/\" \/>\n<meta property=\"og:site_name\" content=\"Benchmark Email en fran\u00e7ais\" \/>\n<meta property=\"article:publisher\" content=\"https:\/\/www.facebook.com\/BenchmarkEmail\" \/>\n<meta property=\"article:modified_time\" content=\"2025-11-27T15:28:40+00:00\" \/>\n<meta name=\"twitter:card\" content=\"summary_large_image\" \/>\n<meta name=\"twitter:site\" content=\"@benchmarkemail\" \/>\n<meta name=\"twitter:label1\" content=\"Est. reading time\" \/>\n\t<meta name=\"twitter:data1\" content=\"2 minutes\" \/>\n<script type=\"application\/ld+json\" class=\"yoast-schema-graph\">{\"@context\":\"https:\\\/\\\/schema.org\",\"@graph\":[{\"@type\":\"WebPage\",\"@id\":\"https:\\\/\\\/www.benchmarkemail.com\\\/fr\\\/spam-free-zone\\\/\",\"url\":\"https:\\\/\\\/www.benchmarkemail.com\\\/fr\\\/spam-free-zone\\\/\",\"name\":\"Spam Free Zone - Benchmark Email\",\"isPartOf\":{\"@id\":\"https:\\\/\\\/www.benchmarkemail.com\\\/fr\\\/#website\"},\"datePublished\":\"2019-12-19T11:08:30+00:00\",\"dateModified\":\"2025-11-27T15:28:40+00:00\",\"breadcrumb\":{\"@id\":\"https:\\\/\\\/www.benchmarkemail.com\\\/fr\\\/spam-free-zone\\\/#breadcrumb\"},\"inLanguage\":\"en-US\",\"potentialAction\":[{\"@type\":\"ReadAction\",\"target\":[\"https:\\\/\\\/www.benchmarkemail.com\\\/fr\\\/spam-free-zone\\\/\"]}]},{\"@type\":\"BreadcrumbList\",\"@id\":\"https:\\\/\\\/www.benchmarkemail.com\\\/fr\\\/spam-free-zone\\\/#breadcrumb\",\"itemListElement\":[{\"@type\":\"ListItem\",\"position\":1,\"name\":\"Home\",\"item\":\"https:\\\/\\\/www.benchmarkemail.com\\\/fr\\\/\"},{\"@type\":\"ListItem\",\"position\":2,\"name\":\"Spam Free Zone\"}]},{\"@type\":\"WebSite\",\"@id\":\"https:\\\/\\\/www.benchmarkemail.com\\\/fr\\\/#website\",\"url\":\"https:\\\/\\\/www.benchmarkemail.com\\\/fr\\\/\",\"name\":\"Benchmark Email en fran\u00e7ais\",\"description\":\"Outil de marketing digital. D\u00e9couvrez ou approfondissez vos connaissances en email marketing, automatisations, captation de prospects... et bien plus encore !\",\"publisher\":{\"@id\":\"https:\\\/\\\/www.benchmarkemail.com\\\/fr\\\/#organization\"},\"potentialAction\":[{\"@type\":\"SearchAction\",\"target\":{\"@type\":\"EntryPoint\",\"urlTemplate\":\"https:\\\/\\\/www.benchmarkemail.com\\\/fr\\\/?s={search_term_string}\"},\"query-input\":{\"@type\":\"PropertyValueSpecification\",\"valueRequired\":true,\"valueName\":\"search_term_string\"}}],\"inLanguage\":\"en-US\"},{\"@type\":\"Organization\",\"@id\":\"https:\\\/\\\/www.benchmarkemail.com\\\/fr\\\/#organization\",\"name\":\"Benchmark Internet Group, LLC\",\"url\":\"https:\\\/\\\/www.benchmarkemail.com\\\/fr\\\/\",\"logo\":{\"@type\":\"ImageObject\",\"inLanguage\":\"en-US\",\"@id\":\"https:\\\/\\\/www.benchmarkemail.com\\\/fr\\\/#\\\/schema\\\/logo\\\/image\\\/\",\"url\":\"https:\\\/\\\/www.benchmarkemail.com\\\/fr\\\/wp-content\\\/uploads\\\/sites\\\/3\\\/2019\\\/09\\\/benchmark-logo.svg\",\"contentUrl\":\"https:\\\/\\\/www.benchmarkemail.com\\\/fr\\\/wp-content\\\/uploads\\\/sites\\\/3\\\/2019\\\/09\\\/benchmark-logo.svg\",\"width\":1,\"height\":1,\"caption\":\"Benchmark Internet Group, LLC\"},\"image\":{\"@id\":\"https:\\\/\\\/www.benchmarkemail.com\\\/fr\\\/#\\\/schema\\\/logo\\\/image\\\/\"},\"sameAs\":[\"https:\\\/\\\/www.facebook.com\\\/BenchmarkEmail\",\"https:\\\/\\\/x.com\\\/benchmarkemail\",\"https:\\\/\\\/www.instagram.com\\\/benchmarkemail\\\/\",\"https:\\\/\\\/www.linkedin.com\\\/company\\\/benchmark-email\\\/\",\"https:\\\/\\\/www.youtube.com\\\/channel\\\/UCEQOJxM8HtdJpjkE1HO6L6Q\"]}]}<\/script>\n<!-- \/ Yoast SEO plugin. -->","yoast_head_json":{"title":"Spam Free Zone - Benchmark Email","robots":{"index":"index","follow":"follow","max-snippet":"max-snippet:-1","max-image-preview":"max-image-preview:large","max-video-preview":"max-video-preview:-1"},"canonical":"https:\/\/www.benchmarkemail.com\/fr\/spam-free-zone\/","og_locale":"en_US","og_type":"article","og_title":"Spam Free Zone - Benchmark Email","og_description":"Conditions du Site Politique de vie priv\u00e9e Cookie Policy Politique anti-spam Conditions G\u00e9nerales Spam Free Zone Engagement utilisateur Addendum relatif au traitement des donn\u00e9es Spam Free Zone Vaincre le spam un email \u00e0 un moment Benchmark Email prend tr\u00e8s au s\u00e9rieux le spam. Si nous le faisions pas, nos clients ne recevraient pas les grands&hellip;","og_url":"https:\/\/www.benchmarkemail.com\/fr\/spam-free-zone\/","og_site_name":"Benchmark Email en fran\u00e7ais","article_publisher":"https:\/\/www.facebook.com\/BenchmarkEmail","article_modified_time":"2025-11-27T15:28:40+00:00","twitter_card":"summary_large_image","twitter_site":"@benchmarkemail","twitter_misc":{"Est. reading time":"2 minutes"},"schema":{"@context":"https:\/\/schema.org","@graph":[{"@type":"WebPage","@id":"https:\/\/www.benchmarkemail.com\/fr\/spam-free-zone\/","url":"https:\/\/www.benchmarkemail.com\/fr\/spam-free-zone\/","name":"Spam Free Zone - Benchmark Email","isPartOf":{"@id":"https:\/\/www.benchmarkemail.com\/fr\/#website"},"datePublished":"2019-12-19T11:08:30+00:00","dateModified":"2025-11-27T15:28:40+00:00","breadcrumb":{"@id":"https:\/\/www.benchmarkemail.com\/fr\/spam-free-zone\/#breadcrumb"},"inLanguage":"en-US","potentialAction":[{"@type":"ReadAction","target":["https:\/\/www.benchmarkemail.com\/fr\/spam-free-zone\/"]}]},{"@type":"BreadcrumbList","@id":"https:\/\/www.benchmarkemail.com\/fr\/spam-free-zone\/#breadcrumb","itemListElement":[{"@type":"ListItem","position":1,"name":"Home","item":"https:\/\/www.benchmarkemail.com\/fr\/"},{"@type":"ListItem","position":2,"name":"Spam Free Zone"}]},{"@type":"WebSite","@id":"https:\/\/www.benchmarkemail.com\/fr\/#website","url":"https:\/\/www.benchmarkemail.com\/fr\/","name":"Benchmark Email en fran\u00e7ais","description":"Outil de marketing digital. D\u00e9couvrez ou approfondissez vos connaissances en email marketing, automatisations, captation de prospects... et bien plus encore !","publisher":{"@id":"https:\/\/www.benchmarkemail.com\/fr\/#organization"},"potentialAction":[{"@type":"SearchAction","target":{"@type":"EntryPoint","urlTemplate":"https:\/\/www.benchmarkemail.com\/fr\/?s={search_term_string}"},"query-input":{"@type":"PropertyValueSpecification","valueRequired":true,"valueName":"search_term_string"}}],"inLanguage":"en-US"},{"@type":"Organization","@id":"https:\/\/www.benchmarkemail.com\/fr\/#organization","name":"Benchmark Internet Group, LLC","url":"https:\/\/www.benchmarkemail.com\/fr\/","logo":{"@type":"ImageObject","inLanguage":"en-US","@id":"https:\/\/www.benchmarkemail.com\/fr\/#\/schema\/logo\/image\/","url":"https:\/\/www.benchmarkemail.com\/fr\/wp-content\/uploads\/sites\/3\/2019\/09\/benchmark-logo.svg","contentUrl":"https:\/\/www.benchmarkemail.com\/fr\/wp-content\/uploads\/sites\/3\/2019\/09\/benchmark-logo.svg","width":1,"height":1,"caption":"Benchmark Internet Group, LLC"},"image":{"@id":"https:\/\/www.benchmarkemail.com\/fr\/#\/schema\/logo\/image\/"},"sameAs":["https:\/\/www.facebook.com\/BenchmarkEmail","https:\/\/x.com\/benchmarkemail","https:\/\/www.instagram.com\/benchmarkemail\/","https:\/\/www.linkedin.com\/company\/benchmark-email\/","https:\/\/www.youtube.com\/channel\/UCEQOJxM8HtdJpjkE1HO6L6Q"]}]}},"_links":{"self":[{"href":"https:\/\/www.benchmarkemail.com\/fr\/wp-json\/wp\/v2\/pages\/8434","targetHints":{"allow":["GET"]}}],"collection":[{"href":"https:\/\/www.benchmarkemail.com\/fr\/wp-json\/wp\/v2\/pages"}],"about":[{"href":"https:\/\/www.benchmarkemail.com\/fr\/wp-json\/wp\/v2\/types\/page"}],"author":[{"embeddable":true,"href":"https:\/\/www.benchmarkemail.com\/fr\/wp-json\/wp\/v2\/users\/7"}],"replies":[{"embeddable":true,"href":"https:\/\/www.benchmarkemail.com\/fr\/wp-json\/wp\/v2\/comments?post=8434"}],"version-history":[{"count":0,"href":"https:\/\/www.benchmarkemail.com\/fr\/wp-json\/wp\/v2\/pages\/8434\/revisions"}],"wp:attachment":[{"href":"https:\/\/www.benchmarkemail.com\/fr\/wp-json\/wp\/v2\/media?parent=8434"}],"curies":[{"name":"wp","href":"https:\/\/api.w.org\/{rel}","templated":true}]}}