{"id":18670,"date":"2020-05-28T15:17:14","date_gmt":"2020-05-28T15:17:14","guid":{"rendered":"https:\/\/benchmarkemail.wpengine.com\/it\/?page_id=18670"},"modified":"2025-06-13T18:01:32","modified_gmt":"2025-06-13T18:01:32","slug":"status","status":"publish","type":"page","link":"https:\/\/www.benchmarkemail.com\/it\/status\/","title":{"rendered":"Status"},"content":{"rendered":"\n<h1>\n\t\tStatus della piattaforma\n\t<\/h1>\n\t<p><strong>12 giugno 2025<\/strong><\/p>\n<p>15:15 PT<\/p>\n<p>&nbsp;<\/p>\n\t<p>Il benchmark \u00e8 operativo al 100%. La galleria immagini \u00e8 tornata completamente funzionante.<\/p>\n\t<p>12 giugno 2025<\/p>\n<p>10:15 PT<\/p>\n<p>&nbsp;<\/p>\n\t<p>La nostra galleria immagini \u00e8 attualmente temporaneamente non disponibile a causa di un problema tecnico di <a href=\"https:\/\/status.cloud.google.com\/\" target=\"_blank\" rel=\"noopener\">Google Cloud<\/a>, dove sono archiviate le nostre immagini. Ci\u00f2 sta compromettendo la possibilit\u00e0 di caricare, visualizzare e accedere alle immagini all&#8217;interno del tuo account Benchmark Email.<\/p>\n\t<h5>9 aprile 2025<\/h5>\n<p>16.00h CEST<\/p>\n\t<p>Benchmark \u00e8 operativo al 100% e le email vengono inviate a una frequenza normale.<\/p>\n\t<h5>8 aprile 2025<\/h5>\n<p>Ore 6:00 PT (Pacific Time)<\/p>\n\t<p>Al momento stiamo riscontrando un ritardo nella consegna delle email. Il team sta lavorando per risolvere il problema. Tutte le altre parti dell&#8217;applicazione sono operative.<\/p>\n\t<h5>5 aprile 2025<\/h5>\n<p>Ore 9:00 PT (Pacific Time)<\/p>\n\t<p>La coda delle email \u00e8 stata completamente smaltita e Benchmark \u00e8 operativo al 100%.<\/p>\n\t<h5>4 aprile 2025<\/h5>\n<p>Ore 8:00 PT (Pacific Time)<\/p>\n\t<p>Il problema che influiva sull&#8217;invio delle campagne \u00e8 stato risolto e ora le email vengono elaborate normalmente.<\/p>\n<p>Si prega di notare che la consegna delle email potrebbe ancora subire ritardi mentre il nostro sistema smaltisce l&#8217;arretrato.<\/p>\n<p>Apprezziamo la vostra pazienza e forniremo un ulteriore aggiornamento non appena tutte le email in coda saranno state consegnate e la coda sar\u00e0 stata smaltita.<\/p>\n\t<h5>3 Aprile 2025<\/h5>\n<p>17.00h CEST<\/p>\n\t<p>Al momento stiamo riscontrando un problema per cui alcune campagne non vengono inviate.<\/p>\n<p>Tutte le altre parti dell&#8217;applicazione sono operative.<\/p>\n<p>Ti ringraziamo per la pazienza mentre il nostro team lavora il pi\u00f9 rapidamente possibile per risolvere il problema.<\/p>\n<p>Forniremo aggiornamenti non appena avremo ulteriori informazioni.<\/p>\n\t<h5>3 Giugno 2020<\/h5>\n<p>4:30:00 PM<\/p>\n\t<p>Attualmente il sistema \u00e8 tornato alla sua normale operativit\u00e0. Tutti i problemi relativi ai ritardi nell&#8217;uscita delle campagne e email test \u00e8 stato risolto.<\/p>\n\t<h5><strong>29 Maggio 2020<\/strong><\/h5>\n<p>4:40:00 PM<\/p>\n\t<p>Ci sono ritardi nell&#8217;invio delle campagne email in questo momento per la maggior parte dei clienti.<\/p>\n\t<h5><strong>28 Maggio 2020<\/strong><\/h5>\n<p>12:05:00 AM<\/p>\n\t<p>Il caricamento delle immagini \u00e8 stato ripristinato e tornato a funzionare con regolarit\u00e0. L&#8217;invio delle campagne email sta riscontrando ritardi ad intermittenza.<\/p>\n\t<h5><strong>28 Maggio 2020<\/strong><\/h5>\n<p>17:30 PM<\/p>\n\t<p>Il nostro data center ha iniziato a riscontrare problemi intermittenti di connettivit\u00e0 di rete il 28 maggio alle 10:30. L&#8217;invio di email potrebbe tardare in questo momento ed il caricamento delle immagini non sta funzionando. Solo alcuni clienti sono interessati da questo problema.<\/p>\n\n","protected":false},"excerpt":{"rendered":"<p>Status della piattaforma 12 giugno 2025 15:15 PT &nbsp; Il benchmark \u00e8 operativo al 100%. La galleria immagini \u00e8 tornata completamente funzionante. 12 giugno 2025 10:15 PT &nbsp; La nostra galleria immagini \u00e8 attualmente temporaneamente non disponibile a causa di un problema tecnico di Google Cloud, dove sono archiviate le nostre immagini. Ci\u00f2 sta compromettendo&hellip;<\/p>\n","protected":false},"author":3,"featured_media":0,"parent":0,"menu_order":0,"comment_status":"closed","ping_status":"closed","template":"","meta":{"inline_featured_image":false,"footnotes":""},"class_list":["post-18670","page","type-page","status-publish","hentry"],"yoast_head":"<!-- This site is optimized with the Yoast SEO plugin v27.5 - https:\/\/yoast.com\/product\/yoast-seo-wordpress\/ -->\n<title>Status - Benchmark Email<\/title>\n<meta name=\"robots\" content=\"index, follow, max-snippet:-1, max-image-preview:large, max-video-preview:-1\" \/>\n<link rel=\"canonical\" href=\"https:\/\/www.benchmarkemail.com\/it\/status\/\" \/>\n<meta property=\"og:locale\" content=\"en_US\" \/>\n<meta property=\"og:type\" content=\"article\" \/>\n<meta property=\"og:title\" content=\"Status - Benchmark Email\" \/>\n<meta property=\"og:description\" content=\"Status della piattaforma 12 giugno 2025 15:15 PT &nbsp; Il benchmark \u00e8 operativo al 100%. La galleria immagini \u00e8 tornata completamente funzionante. 12 giugno 2025 10:15 PT &nbsp; La nostra galleria immagini \u00e8 attualmente temporaneamente non disponibile a causa di un problema tecnico di Google Cloud, dove sono archiviate le nostre immagini. Ci\u00f2 sta compromettendo&hellip;\" \/>\n<meta property=\"og:url\" content=\"https:\/\/www.benchmarkemail.com\/it\/status\/\" \/>\n<meta property=\"og:site_name\" content=\"Benchmark Email in italiano\" \/>\n<meta property=\"article:publisher\" content=\"https:\/\/www.facebook.com\/BenchmarkEmail\" \/>\n<meta property=\"article:modified_time\" content=\"2025-06-13T18:01:32+00:00\" \/>\n<meta name=\"twitter:card\" content=\"summary_large_image\" \/>\n<meta name=\"twitter:site\" content=\"@benchmarkemail\" \/>\n<meta name=\"twitter:label1\" content=\"Est. reading time\" \/>\n\t<meta name=\"twitter:data1\" content=\"2 minutes\" \/>\n<script type=\"application\/ld+json\" class=\"yoast-schema-graph\">{\"@context\":\"https:\\\/\\\/schema.org\",\"@graph\":[{\"@type\":\"WebPage\",\"@id\":\"https:\\\/\\\/www.benchmarkemail.com\\\/it\\\/status\\\/\",\"url\":\"https:\\\/\\\/www.benchmarkemail.com\\\/it\\\/status\\\/\",\"name\":\"Status - Benchmark Email\",\"isPartOf\":{\"@id\":\"https:\\\/\\\/www.benchmarkemail.com\\\/it\\\/#website\"},\"datePublished\":\"2020-05-28T15:17:14+00:00\",\"dateModified\":\"2025-06-13T18:01:32+00:00\",\"breadcrumb\":{\"@id\":\"https:\\\/\\\/www.benchmarkemail.com\\\/it\\\/status\\\/#breadcrumb\"},\"inLanguage\":\"en-US\",\"potentialAction\":[{\"@type\":\"ReadAction\",\"target\":[\"https:\\\/\\\/www.benchmarkemail.com\\\/it\\\/status\\\/\"]}]},{\"@type\":\"BreadcrumbList\",\"@id\":\"https:\\\/\\\/www.benchmarkemail.com\\\/it\\\/status\\\/#breadcrumb\",\"itemListElement\":[{\"@type\":\"ListItem\",\"position\":1,\"name\":\"Home\",\"item\":\"https:\\\/\\\/www.benchmarkemail.com\\\/it\\\/\"},{\"@type\":\"ListItem\",\"position\":2,\"name\":\"Status\"}]},{\"@type\":\"WebSite\",\"@id\":\"https:\\\/\\\/www.benchmarkemail.com\\\/it\\\/#website\",\"url\":\"https:\\\/\\\/www.benchmarkemail.com\\\/it\\\/\",\"name\":\"Benchmark Email in italiano\",\"description\":\"Strumento di marketing digitale. Impara con noi l&#039;email marketing, l&#039;acquisizione di lead, l&#039;automazione ... e molto altro!\",\"publisher\":{\"@id\":\"https:\\\/\\\/www.benchmarkemail.com\\\/it\\\/#organization\"},\"potentialAction\":[{\"@type\":\"SearchAction\",\"target\":{\"@type\":\"EntryPoint\",\"urlTemplate\":\"https:\\\/\\\/www.benchmarkemail.com\\\/it\\\/?s={search_term_string}\"},\"query-input\":{\"@type\":\"PropertyValueSpecification\",\"valueRequired\":true,\"valueName\":\"search_term_string\"}}],\"inLanguage\":\"en-US\"},{\"@type\":\"Organization\",\"@id\":\"https:\\\/\\\/www.benchmarkemail.com\\\/it\\\/#organization\",\"name\":\"Benchmark Internet Group, LLC\",\"url\":\"https:\\\/\\\/www.benchmarkemail.com\\\/it\\\/\",\"logo\":{\"@type\":\"ImageObject\",\"inLanguage\":\"en-US\",\"@id\":\"https:\\\/\\\/www.benchmarkemail.com\\\/it\\\/#\\\/schema\\\/logo\\\/image\\\/\",\"url\":\"https:\\\/\\\/www.benchmarkemail.com\\\/it\\\/wp-content\\\/uploads\\\/sites\\\/7\\\/2019\\\/09\\\/benchmark-logo.svg\",\"contentUrl\":\"https:\\\/\\\/www.benchmarkemail.com\\\/it\\\/wp-content\\\/uploads\\\/sites\\\/7\\\/2019\\\/09\\\/benchmark-logo.svg\",\"width\":1,\"height\":1,\"caption\":\"Benchmark Internet Group, LLC\"},\"image\":{\"@id\":\"https:\\\/\\\/www.benchmarkemail.com\\\/it\\\/#\\\/schema\\\/logo\\\/image\\\/\"},\"sameAs\":[\"https:\\\/\\\/www.facebook.com\\\/BenchmarkEmail\",\"https:\\\/\\\/x.com\\\/benchmarkemail\",\"https:\\\/\\\/www.instagram.com\\\/benchmarkemail\\\/\",\"https:\\\/\\\/www.linkedin.com\\\/company\\\/benchmark-email\\\/\",\"https:\\\/\\\/www.youtube.com\\\/channel\\\/UCVInnPuEMisNE8mXRTC9-Uw\"]}]}<\/script>\n<!-- \/ Yoast SEO plugin. -->","yoast_head_json":{"title":"Status - Benchmark Email","robots":{"index":"index","follow":"follow","max-snippet":"max-snippet:-1","max-image-preview":"max-image-preview:large","max-video-preview":"max-video-preview:-1"},"canonical":"https:\/\/www.benchmarkemail.com\/it\/status\/","og_locale":"en_US","og_type":"article","og_title":"Status - Benchmark Email","og_description":"Status della piattaforma 12 giugno 2025 15:15 PT &nbsp; Il benchmark \u00e8 operativo al 100%. La galleria immagini \u00e8 tornata completamente funzionante. 12 giugno 2025 10:15 PT &nbsp; La nostra galleria immagini \u00e8 attualmente temporaneamente non disponibile a causa di un problema tecnico di Google Cloud, dove sono archiviate le nostre immagini. Ci\u00f2 sta compromettendo&hellip;","og_url":"https:\/\/www.benchmarkemail.com\/it\/status\/","og_site_name":"Benchmark Email in italiano","article_publisher":"https:\/\/www.facebook.com\/BenchmarkEmail","article_modified_time":"2025-06-13T18:01:32+00:00","twitter_card":"summary_large_image","twitter_site":"@benchmarkemail","twitter_misc":{"Est. reading time":"2 minutes"},"schema":{"@context":"https:\/\/schema.org","@graph":[{"@type":"WebPage","@id":"https:\/\/www.benchmarkemail.com\/it\/status\/","url":"https:\/\/www.benchmarkemail.com\/it\/status\/","name":"Status - Benchmark Email","isPartOf":{"@id":"https:\/\/www.benchmarkemail.com\/it\/#website"},"datePublished":"2020-05-28T15:17:14+00:00","dateModified":"2025-06-13T18:01:32+00:00","breadcrumb":{"@id":"https:\/\/www.benchmarkemail.com\/it\/status\/#breadcrumb"},"inLanguage":"en-US","potentialAction":[{"@type":"ReadAction","target":["https:\/\/www.benchmarkemail.com\/it\/status\/"]}]},{"@type":"BreadcrumbList","@id":"https:\/\/www.benchmarkemail.com\/it\/status\/#breadcrumb","itemListElement":[{"@type":"ListItem","position":1,"name":"Home","item":"https:\/\/www.benchmarkemail.com\/it\/"},{"@type":"ListItem","position":2,"name":"Status"}]},{"@type":"WebSite","@id":"https:\/\/www.benchmarkemail.com\/it\/#website","url":"https:\/\/www.benchmarkemail.com\/it\/","name":"Benchmark Email in italiano","description":"Strumento di marketing digitale. Impara con noi l&#039;email marketing, l&#039;acquisizione di lead, l&#039;automazione ... e molto altro!","publisher":{"@id":"https:\/\/www.benchmarkemail.com\/it\/#organization"},"potentialAction":[{"@type":"SearchAction","target":{"@type":"EntryPoint","urlTemplate":"https:\/\/www.benchmarkemail.com\/it\/?s={search_term_string}"},"query-input":{"@type":"PropertyValueSpecification","valueRequired":true,"valueName":"search_term_string"}}],"inLanguage":"en-US"},{"@type":"Organization","@id":"https:\/\/www.benchmarkemail.com\/it\/#organization","name":"Benchmark Internet Group, LLC","url":"https:\/\/www.benchmarkemail.com\/it\/","logo":{"@type":"ImageObject","inLanguage":"en-US","@id":"https:\/\/www.benchmarkemail.com\/it\/#\/schema\/logo\/image\/","url":"https:\/\/www.benchmarkemail.com\/it\/wp-content\/uploads\/sites\/7\/2019\/09\/benchmark-logo.svg","contentUrl":"https:\/\/www.benchmarkemail.com\/it\/wp-content\/uploads\/sites\/7\/2019\/09\/benchmark-logo.svg","width":1,"height":1,"caption":"Benchmark Internet Group, LLC"},"image":{"@id":"https:\/\/www.benchmarkemail.com\/it\/#\/schema\/logo\/image\/"},"sameAs":["https:\/\/www.facebook.com\/BenchmarkEmail","https:\/\/x.com\/benchmarkemail","https:\/\/www.instagram.com\/benchmarkemail\/","https:\/\/www.linkedin.com\/company\/benchmark-email\/","https:\/\/www.youtube.com\/channel\/UCVInnPuEMisNE8mXRTC9-Uw"]}]}},"_links":{"self":[{"href":"https:\/\/www.benchmarkemail.com\/it\/wp-json\/wp\/v2\/pages\/18670","targetHints":{"allow":["GET"]}}],"collection":[{"href":"https:\/\/www.benchmarkemail.com\/it\/wp-json\/wp\/v2\/pages"}],"about":[{"href":"https:\/\/www.benchmarkemail.com\/it\/wp-json\/wp\/v2\/types\/page"}],"author":[{"embeddable":true,"href":"https:\/\/www.benchmarkemail.com\/it\/wp-json\/wp\/v2\/users\/3"}],"replies":[{"embeddable":true,"href":"https:\/\/www.benchmarkemail.com\/it\/wp-json\/wp\/v2\/comments?post=18670"}],"version-history":[{"count":0,"href":"https:\/\/www.benchmarkemail.com\/it\/wp-json\/wp\/v2\/pages\/18670\/revisions"}],"wp:attachment":[{"href":"https:\/\/www.benchmarkemail.com\/it\/wp-json\/wp\/v2\/media?parent=18670"}],"curies":[{"name":"wp","href":"https:\/\/api.w.org\/{rel}","templated":true}]}}