{"id":26844,"date":"2022-05-19T09:39:27","date_gmt":"2022-05-19T09:39:27","guid":{"rendered":"https:\/\/benchmarkemail.wpengine.com\/it\/?page_id=26844"},"modified":"2023-08-28T10:08:50","modified_gmt":"2023-08-28T10:08:50","slug":"ecommerce","status":"publish","type":"page","link":"https:\/\/www.benchmarkemail.com\/it\/features\/ecommerce\/","title":{"rendered":"eCommerce"},"content":{"rendered":"\n<h2>\n\t\tEmail Marketing per ecommerce\n\t<\/h2>\n<h1>\n\t\tVendi di pi\u00f9 con il nostro ecommerce email marketing\n\t<\/h1>\n<h2>\n\t\tcon strumenti che portano i tuoi prodotti nella casella di posta elettronica dei tuoi clienti.\n\t<\/h2>\n\t\t\t<a href=\"https:\/\/ui.benchmarkemail.com\/it\/register?utm_medium=organic&amp;utm_source=website&amp;utm_campaign=ecommerce_page&amp;utm_content=button_top\" target=\"_self\" rel=\"noopener\">\n\t\t\t\t\t\t\tISCRIVITI GRATIS\n\t\t\t\t\t<\/a>\n\t\t\t\t<img loading=\"lazy\" decoding=\"async\" src=\"https:\/\/www.benchmarkemail.com\/it\/wp-content\/uploads\/sites\/7\/2023\/08\/img-hero-ecommerce-benchmark-page.webp\" alt=\"utente dell'ecommerce\" height=\"1018\" width=\"1546\" title=\"img hero ecommerce benchmark page\" \/>\n<h3>\n\t\tVetrina dei prodotti\n\t<\/h3>\n<h3>\n\t\tBlocco eCommerce semplice per il drag &amp; drop\n\t<\/h3>\n\t<p>Mettete in evidenza i prodotti nelle email e nelle newsletter. Grazie all&#8217;intuitivo strumento di creazione delle email e alla deliverability di prim&#8217;ordine, \u00e8 facile creare e inviare email che vendono.<\/p>\n\t\t\t<a href=\"https:\/\/ui.benchmarkemail.com\/it\/register?utm_medium=organic&amp;utm_source=website&amp;utm_campaign=ecommerce_page&amp;utm_content=button_1\" target=\"_self\" rel=\"noopener\">\n\t\t\t\t\t\t\tIscriviti gratuitamente\n\t\t\t\t\t<\/a>\n\t&nbsp;\n<h2>\n\t\tOttieni pi\u00f9 clienti con l&#8217;email marketing per Shopify\n\t<\/h2>\n<h3>\n\t\tL&#8217;email marketing \u00e8 il modo migliore per vendere di pi\u00f9, pi\u00f9 spesso. Integrazione con Shopify per raggiungere i clienti nella casella di posta elettronica con i prodotti a cui non possono resistere.\n\t<\/h3>\n\t\t\t\t<img loading=\"lazy\" decoding=\"async\" src=\"https:\/\/www.benchmarkemail.com\/it\/wp-content\/uploads\/sites\/7\/2023\/08\/ecommerce-funtionalities.webp\" alt=\"Dati di integrazione di Shopify con l'email marketing\" height=\"666\" width=\"2420\" title=\"ecommerce funtionalities\" \/>\n\t\t\t\t<img loading=\"lazy\" decoding=\"async\" src=\"https:\/\/www.benchmarkemail.com\/it\/wp-content\/uploads\/sites\/7\/2023\/08\/shopify-your-newsletter.png\" alt=\"Integrazione di shopify nella newsletter\" height=\"670\" width=\"1102\" title=\"shopify-your-newsletter\" \/>\n<h3>\n\t\tShopify La tua newsletter\n\t<\/h3>\n\t<p>Si integra con Shopify per aggiungere senza problemi i tuoi prodotti alle tue email o alla tua newsletter.<\/p>\n\t<p>Ad ogni invio, \u00e8 possibile selezionare il prodotto perfetto per il proprio pubblico di riferimento. Pi\u00f9 visibilit\u00e0 per il tuo negozio, pi\u00f9 vendite ogni mese.<\/p>\n\t\t\t<a href=\"https:\/\/ui.benchmarkemail.com\/it\/register?utm_medium=organic&amp;utm_source=website&amp;utm_campaign=ecommerce_page&amp;utm_content=button_2\" target=\"_self\" rel=\"noopener\">\n\t\t\t\t\t\t\tIscriviti gratis\n\t\t\t\t\t<\/a>\n\t\t\t\t<img loading=\"lazy\" decoding=\"async\" src=\"https:\/\/www.benchmarkemail.com\/it\/wp-content\/uploads\/sites\/7\/2022\/10\/shopify-sync.gif\" alt=\"Elenchi di shopify nella newsletter\" height=\"670\" width=\"1102\" title=\"shopify-sync\" \/>\n\t<h3>Sincronizzazione con il tuo listino Shopify<\/h3>\n\t<p>Niente pi\u00f9 fogli di calcolo disordinati o fastidiose corrispondenze di campo.<\/p>\n\t<p>Sincronizza automaticamente le liste di Shopify con Benchmark, in modo da poter concentrare l&#8217;attenzione sulla creazione di grandi campagne invece di essere ossessionato dalla gestione delle liste.<\/p>\n\t\t\t<a href=\"https:\/\/ui.benchmarkemail.com\/it\/register?utm_medium=organic&amp;utm_source=website&amp;utm_campaign=ecommerce_page&amp;utm_content=button_3\" target=\"_self\" rel=\"noopener\">\n\t\t\t\t\t\t\tIscriviti gratis\n\t\t\t\t\t<\/a>\n<h2>\n\t\tModelli di ecommerce email marketing\n\t<\/h2>\n<h3>\n\t\tBasta aggiungere il proprio marchio, scegliere i prodotti e inviare!\n\t<\/h3>\n\t\t\t\t\t<a href=\"#\" id=\"fl-accordion--label-0\" aria-controls=\"fl-accordion--panel-0\">Invia offerte tempestive con la marketing automation<\/a>\n\t\t\t\t\t\t\t\t\t\t\t<a href=\"#\" id=\"fl-accordion--icon-0\" aria-controls=\"fl-accordion--panel-0\"><i>Collapse<\/i><\/a>\n\t\t\t\t\t<p>Ogni vendita \u00e8 personale per il tuo cliente, quindi non inviare email uguali per tutti. Con Automation Pro, potete creare flussi di lavoro per campagne email che inviano messaggi iper-rilevanti e orientati alla conversione che trasformano gli acquirenti in clienti.<\/p>\n<p><a href=\"https:\/\/www.benchmarkemail.com\/it\/features\/marketing-automation\/\">Per saperne di pi\u00f9<\/a><\/p>\n\t\t\t\t\t<a href=\"#\" id=\"fl-accordion--label-1\" aria-controls=\"fl-accordion--panel-1\">Ottimizzare con i test A\/B<\/a>\n\t\t\t\t\t\t\t\t\t\t\t<a href=\"#\" id=\"fl-accordion--icon-1\" aria-controls=\"fl-accordion--panel-1\"><i>Expand<\/i><\/a>\n\t\t\t\t\t<p>Migliorate rapidamente la gestione della strategia di email marketing con test a\/b su oggetto, contenuto, ora di invio e altro ancora. Benchmark campiona una parte della tua lista e invia la versione vincente al resto della lista. In questo modo si ottiene un beneficio immediato, invece di aspettare i risultati.<\/p>\n\t\t\t\t\t<a href=\"#\" id=\"fl-accordion--label-2\" aria-controls=\"fl-accordion--panel-2\">Costruire il successo con i report in tempo reale<\/a>\n\t\t\t\t\t\t\t\t\t\t\t<a href=\"#\" id=\"fl-accordion--icon-2\" aria-controls=\"fl-accordion--panel-2\"><i>Expand<\/i><\/a>\n\t\t\t\t\t<p>Vedere tutto quello che c&#8217;\u00e8 da sapere sulle prestazioni delle campagne, dai clic e dalle aperture al monitoraggio di Google Analytics.<\/p>\n\t\t\t\t<img loading=\"lazy\" decoding=\"async\" src=\"https:\/\/www.benchmarkemail.com\/it\/wp-content\/uploads\/sites\/7\/2023\/08\/Send-Timely-Offers-With-Marketing-Automation-1.jpg\" alt=\"modelli di email ecommerce\" height=\"1144\" width=\"1144\" title=\"Send-Timely-Offers-With-Marketing-Automation (1)\" \/>\n<h2>\n\t\tAccelera la crescita con l&#8217;ecommerce email marketing\n\t<\/h2>\n\t\t\t<a href=\"https:\/\/ui.benchmarkemail.com\/it\/register?utm_medium=organic&amp;utm_source=website&amp;utm_campaign=ecommerce_page&amp;utm_content=button_bottom\" target=\"_self\" rel=\"noopener\">\n\t\t\t\t\t\t\tISCRIVITI GRATIS\n\t\t\t\t\t<\/a>\n\t<p><strong>Post Recenti<\/strong>:<\/p>\n\n","protected":false},"excerpt":{"rendered":"<p>Email Marketing per ecommerce Vendi di pi\u00f9 con il nostro ecommerce email marketing con strumenti che portano i tuoi prodotti nella casella di posta elettronica dei tuoi clienti. ISCRIVITI GRATIS Vetrina dei prodotti Blocco eCommerce semplice per il drag &amp; drop Mettete in evidenza i prodotti nelle email e nelle newsletter. Grazie all&#8217;intuitivo strumento di&hellip;<\/p>\n","protected":false},"author":7,"featured_media":34674,"parent":18,"menu_order":0,"comment_status":"closed","ping_status":"closed","template":"","meta":{"inline_featured_image":false,"footnotes":""},"class_list":["post-26844","page","type-page","status-publish","has-post-thumbnail","hentry"],"yoast_head":"<!-- This site is optimized with the Yoast SEO plugin v27.5 - https:\/\/yoast.com\/product\/yoast-seo-wordpress\/ -->\n<title>Ecommerce Email Marketing con Benchmark Email<\/title>\n<meta name=\"description\" content=\"Strumento di Email Marketing Ecommerce: metti in evidenza i tuoi prodotti, fidelizza i clienti e migliora le tue vendite con Benchmark\" \/>\n<meta name=\"robots\" content=\"index, follow, max-snippet:-1, max-image-preview:large, max-video-preview:-1\" \/>\n<link rel=\"canonical\" href=\"https:\/\/www.benchmarkemail.com\/it\/features\/ecommerce\/\" \/>\n<meta property=\"og:locale\" content=\"en_US\" \/>\n<meta property=\"og:type\" content=\"article\" \/>\n<meta property=\"og:title\" content=\"Ecommerce Email Marketing con Benchmark Email\" \/>\n<meta property=\"og:description\" content=\"Strumento di Email Marketing Ecommerce: metti in evidenza i tuoi prodotti, fidelizza i clienti e migliora le tue vendite con Benchmark\" \/>\n<meta property=\"og:url\" content=\"https:\/\/www.benchmarkemail.com\/it\/features\/ecommerce\/\" \/>\n<meta property=\"og:site_name\" content=\"Benchmark Email in italiano\" \/>\n<meta property=\"article:publisher\" content=\"https:\/\/www.facebook.com\/BenchmarkEmail\" \/>\n<meta property=\"article:modified_time\" content=\"2023-08-28T10:08:50+00:00\" \/>\n<meta property=\"og:image\" content=\"https:\/\/www.benchmarkemail.com\/it\/wp-content\/uploads\/sites\/7\/2023\/07\/ecommerce-email-marketing.webp\" \/>\n\t<meta property=\"og:image:width\" content=\"1200\" \/>\n\t<meta property=\"og:image:height\" content=\"627\" \/>\n\t<meta property=\"og:image:type\" content=\"image\/webp\" \/>\n<meta name=\"twitter:card\" content=\"summary_large_image\" \/>\n<meta name=\"twitter:site\" content=\"@benchmarkemail\" \/>\n<meta name=\"twitter:label1\" content=\"Est. reading time\" \/>\n\t<meta name=\"twitter:data1\" content=\"3 minutes\" \/>\n<script type=\"application\/ld+json\" class=\"yoast-schema-graph\">{\"@context\":\"https:\\\/\\\/schema.org\",\"@graph\":[{\"@type\":\"WebPage\",\"@id\":\"https:\\\/\\\/www.benchmarkemail.com\\\/it\\\/features\\\/ecommerce\\\/\",\"url\":\"https:\\\/\\\/www.benchmarkemail.com\\\/it\\\/features\\\/ecommerce\\\/\",\"name\":\"Ecommerce Email Marketing con Benchmark Email\",\"isPartOf\":{\"@id\":\"https:\\\/\\\/www.benchmarkemail.com\\\/it\\\/#website\"},\"primaryImageOfPage\":{\"@id\":\"https:\\\/\\\/www.benchmarkemail.com\\\/it\\\/features\\\/ecommerce\\\/#primaryimage\"},\"image\":{\"@id\":\"https:\\\/\\\/www.benchmarkemail.com\\\/it\\\/features\\\/ecommerce\\\/#primaryimage\"},\"thumbnailUrl\":\"https:\\\/\\\/www.benchmarkemail.com\\\/it\\\/wp-content\\\/uploads\\\/sites\\\/7\\\/2023\\\/07\\\/ecommerce-email-marketing.webp\",\"datePublished\":\"2022-05-19T09:39:27+00:00\",\"dateModified\":\"2023-08-28T10:08:50+00:00\",\"description\":\"Strumento di Email Marketing Ecommerce: metti in evidenza i tuoi prodotti, fidelizza i clienti e migliora le tue vendite con Benchmark\",\"breadcrumb\":{\"@id\":\"https:\\\/\\\/www.benchmarkemail.com\\\/it\\\/features\\\/ecommerce\\\/#breadcrumb\"},\"inLanguage\":\"en-US\",\"potentialAction\":[{\"@type\":\"ReadAction\",\"target\":[\"https:\\\/\\\/www.benchmarkemail.com\\\/it\\\/features\\\/ecommerce\\\/\"]}]},{\"@type\":\"ImageObject\",\"inLanguage\":\"en-US\",\"@id\":\"https:\\\/\\\/www.benchmarkemail.com\\\/it\\\/features\\\/ecommerce\\\/#primaryimage\",\"url\":\"https:\\\/\\\/www.benchmarkemail.com\\\/it\\\/wp-content\\\/uploads\\\/sites\\\/7\\\/2023\\\/07\\\/ecommerce-email-marketing.webp\",\"contentUrl\":\"https:\\\/\\\/www.benchmarkemail.com\\\/it\\\/wp-content\\\/uploads\\\/sites\\\/7\\\/2023\\\/07\\\/ecommerce-email-marketing.webp\",\"width\":1200,\"height\":627},{\"@type\":\"BreadcrumbList\",\"@id\":\"https:\\\/\\\/www.benchmarkemail.com\\\/it\\\/features\\\/ecommerce\\\/#breadcrumb\",\"itemListElement\":[{\"@type\":\"ListItem\",\"position\":1,\"name\":\"Home\",\"item\":\"https:\\\/\\\/www.benchmarkemail.com\\\/it\\\/\"},{\"@type\":\"ListItem\",\"position\":2,\"name\":\"Features\",\"item\":\"https:\\\/\\\/www.benchmarkemail.com\\\/it\\\/features\\\/\"},{\"@type\":\"ListItem\",\"position\":3,\"name\":\"eCommerce\"}]},{\"@type\":\"WebSite\",\"@id\":\"https:\\\/\\\/www.benchmarkemail.com\\\/it\\\/#website\",\"url\":\"https:\\\/\\\/www.benchmarkemail.com\\\/it\\\/\",\"name\":\"Benchmark Email in italiano\",\"description\":\"Strumento di marketing digitale. Impara con noi l&#039;email marketing, l&#039;acquisizione di lead, l&#039;automazione ... e molto altro!\",\"publisher\":{\"@id\":\"https:\\\/\\\/www.benchmarkemail.com\\\/it\\\/#organization\"},\"potentialAction\":[{\"@type\":\"SearchAction\",\"target\":{\"@type\":\"EntryPoint\",\"urlTemplate\":\"https:\\\/\\\/www.benchmarkemail.com\\\/it\\\/?s={search_term_string}\"},\"query-input\":{\"@type\":\"PropertyValueSpecification\",\"valueRequired\":true,\"valueName\":\"search_term_string\"}}],\"inLanguage\":\"en-US\"},{\"@type\":\"Organization\",\"@id\":\"https:\\\/\\\/www.benchmarkemail.com\\\/it\\\/#organization\",\"name\":\"Benchmark Internet Group, LLC\",\"url\":\"https:\\\/\\\/www.benchmarkemail.com\\\/it\\\/\",\"logo\":{\"@type\":\"ImageObject\",\"inLanguage\":\"en-US\",\"@id\":\"https:\\\/\\\/www.benchmarkemail.com\\\/it\\\/#\\\/schema\\\/logo\\\/image\\\/\",\"url\":\"https:\\\/\\\/www.benchmarkemail.com\\\/it\\\/wp-content\\\/uploads\\\/sites\\\/7\\\/2019\\\/09\\\/benchmark-logo.svg\",\"contentUrl\":\"https:\\\/\\\/www.benchmarkemail.com\\\/it\\\/wp-content\\\/uploads\\\/sites\\\/7\\\/2019\\\/09\\\/benchmark-logo.svg\",\"width\":1,\"height\":1,\"caption\":\"Benchmark Internet Group, LLC\"},\"image\":{\"@id\":\"https:\\\/\\\/www.benchmarkemail.com\\\/it\\\/#\\\/schema\\\/logo\\\/image\\\/\"},\"sameAs\":[\"https:\\\/\\\/www.facebook.com\\\/BenchmarkEmail\",\"https:\\\/\\\/x.com\\\/benchmarkemail\",\"https:\\\/\\\/www.instagram.com\\\/benchmarkemail\\\/\",\"https:\\\/\\\/www.linkedin.com\\\/company\\\/benchmark-email\\\/\",\"https:\\\/\\\/www.youtube.com\\\/channel\\\/UCVInnPuEMisNE8mXRTC9-Uw\"]}]}<\/script>\n<!-- \/ Yoast SEO plugin. -->","yoast_head_json":{"title":"Ecommerce Email Marketing con Benchmark Email","description":"Strumento di Email Marketing Ecommerce: metti in evidenza i tuoi prodotti, fidelizza i clienti e migliora le tue vendite con Benchmark","robots":{"index":"index","follow":"follow","max-snippet":"max-snippet:-1","max-image-preview":"max-image-preview:large","max-video-preview":"max-video-preview:-1"},"canonical":"https:\/\/www.benchmarkemail.com\/it\/features\/ecommerce\/","og_locale":"en_US","og_type":"article","og_title":"Ecommerce Email Marketing con Benchmark Email","og_description":"Strumento di Email Marketing Ecommerce: metti in evidenza i tuoi prodotti, fidelizza i clienti e migliora le tue vendite con Benchmark","og_url":"https:\/\/www.benchmarkemail.com\/it\/features\/ecommerce\/","og_site_name":"Benchmark Email in italiano","article_publisher":"https:\/\/www.facebook.com\/BenchmarkEmail","article_modified_time":"2023-08-28T10:08:50+00:00","og_image":[{"width":1200,"height":627,"url":"https:\/\/www.benchmarkemail.com\/it\/wp-content\/uploads\/sites\/7\/2023\/07\/ecommerce-email-marketing.webp","type":"image\/webp"}],"twitter_card":"summary_large_image","twitter_site":"@benchmarkemail","twitter_misc":{"Est. reading time":"3 minutes"},"schema":{"@context":"https:\/\/schema.org","@graph":[{"@type":"WebPage","@id":"https:\/\/www.benchmarkemail.com\/it\/features\/ecommerce\/","url":"https:\/\/www.benchmarkemail.com\/it\/features\/ecommerce\/","name":"Ecommerce Email Marketing con Benchmark Email","isPartOf":{"@id":"https:\/\/www.benchmarkemail.com\/it\/#website"},"primaryImageOfPage":{"@id":"https:\/\/www.benchmarkemail.com\/it\/features\/ecommerce\/#primaryimage"},"image":{"@id":"https:\/\/www.benchmarkemail.com\/it\/features\/ecommerce\/#primaryimage"},"thumbnailUrl":"https:\/\/www.benchmarkemail.com\/it\/wp-content\/uploads\/sites\/7\/2023\/07\/ecommerce-email-marketing.webp","datePublished":"2022-05-19T09:39:27+00:00","dateModified":"2023-08-28T10:08:50+00:00","description":"Strumento di Email Marketing Ecommerce: metti in evidenza i tuoi prodotti, fidelizza i clienti e migliora le tue vendite con Benchmark","breadcrumb":{"@id":"https:\/\/www.benchmarkemail.com\/it\/features\/ecommerce\/#breadcrumb"},"inLanguage":"en-US","potentialAction":[{"@type":"ReadAction","target":["https:\/\/www.benchmarkemail.com\/it\/features\/ecommerce\/"]}]},{"@type":"ImageObject","inLanguage":"en-US","@id":"https:\/\/www.benchmarkemail.com\/it\/features\/ecommerce\/#primaryimage","url":"https:\/\/www.benchmarkemail.com\/it\/wp-content\/uploads\/sites\/7\/2023\/07\/ecommerce-email-marketing.webp","contentUrl":"https:\/\/www.benchmarkemail.com\/it\/wp-content\/uploads\/sites\/7\/2023\/07\/ecommerce-email-marketing.webp","width":1200,"height":627},{"@type":"BreadcrumbList","@id":"https:\/\/www.benchmarkemail.com\/it\/features\/ecommerce\/#breadcrumb","itemListElement":[{"@type":"ListItem","position":1,"name":"Home","item":"https:\/\/www.benchmarkemail.com\/it\/"},{"@type":"ListItem","position":2,"name":"Features","item":"https:\/\/www.benchmarkemail.com\/it\/features\/"},{"@type":"ListItem","position":3,"name":"eCommerce"}]},{"@type":"WebSite","@id":"https:\/\/www.benchmarkemail.com\/it\/#website","url":"https:\/\/www.benchmarkemail.com\/it\/","name":"Benchmark Email in italiano","description":"Strumento di marketing digitale. Impara con noi l&#039;email marketing, l&#039;acquisizione di lead, l&#039;automazione ... e molto altro!","publisher":{"@id":"https:\/\/www.benchmarkemail.com\/it\/#organization"},"potentialAction":[{"@type":"SearchAction","target":{"@type":"EntryPoint","urlTemplate":"https:\/\/www.benchmarkemail.com\/it\/?s={search_term_string}"},"query-input":{"@type":"PropertyValueSpecification","valueRequired":true,"valueName":"search_term_string"}}],"inLanguage":"en-US"},{"@type":"Organization","@id":"https:\/\/www.benchmarkemail.com\/it\/#organization","name":"Benchmark Internet Group, LLC","url":"https:\/\/www.benchmarkemail.com\/it\/","logo":{"@type":"ImageObject","inLanguage":"en-US","@id":"https:\/\/www.benchmarkemail.com\/it\/#\/schema\/logo\/image\/","url":"https:\/\/www.benchmarkemail.com\/it\/wp-content\/uploads\/sites\/7\/2019\/09\/benchmark-logo.svg","contentUrl":"https:\/\/www.benchmarkemail.com\/it\/wp-content\/uploads\/sites\/7\/2019\/09\/benchmark-logo.svg","width":1,"height":1,"caption":"Benchmark Internet Group, LLC"},"image":{"@id":"https:\/\/www.benchmarkemail.com\/it\/#\/schema\/logo\/image\/"},"sameAs":["https:\/\/www.facebook.com\/BenchmarkEmail","https:\/\/x.com\/benchmarkemail","https:\/\/www.instagram.com\/benchmarkemail\/","https:\/\/www.linkedin.com\/company\/benchmark-email\/","https:\/\/www.youtube.com\/channel\/UCVInnPuEMisNE8mXRTC9-Uw"]}]}},"_links":{"self":[{"href":"https:\/\/www.benchmarkemail.com\/it\/wp-json\/wp\/v2\/pages\/26844","targetHints":{"allow":["GET"]}}],"collection":[{"href":"https:\/\/www.benchmarkemail.com\/it\/wp-json\/wp\/v2\/pages"}],"about":[{"href":"https:\/\/www.benchmarkemail.com\/it\/wp-json\/wp\/v2\/types\/page"}],"author":[{"embeddable":true,"href":"https:\/\/www.benchmarkemail.com\/it\/wp-json\/wp\/v2\/users\/7"}],"replies":[{"embeddable":true,"href":"https:\/\/www.benchmarkemail.com\/it\/wp-json\/wp\/v2\/comments?post=26844"}],"version-history":[{"count":0,"href":"https:\/\/www.benchmarkemail.com\/it\/wp-json\/wp\/v2\/pages\/26844\/revisions"}],"up":[{"embeddable":true,"href":"https:\/\/www.benchmarkemail.com\/it\/wp-json\/wp\/v2\/pages\/18"}],"wp:featuredmedia":[{"embeddable":true,"href":"https:\/\/www.benchmarkemail.com\/it\/wp-json\/wp\/v2\/media\/34674"}],"wp:attachment":[{"href":"https:\/\/www.benchmarkemail.com\/it\/wp-json\/wp\/v2\/media?parent=26844"}],"curies":[{"name":"wp","href":"https:\/\/api.w.org\/{rel}","templated":true}]}}