{"id":29842,"date":"2022-10-12T16:48:42","date_gmt":"2022-10-12T16:48:42","guid":{"rendered":"https:\/\/benchmarkemail.wpengine.com\/it\/?page_id=29842"},"modified":"2022-10-12T16:48:42","modified_gmt":"2022-10-12T16:48:42","slug":"shopify-email-integration","status":"publish","type":"page","link":"https:\/\/www.benchmarkemail.com\/it\/features\/integrations\/shopify-email-integration\/","title":{"rendered":"Shopify"},"content":{"rendered":"\n<h1>\n\t\tBenchmark Email&#8217;s Shopify Integration\n\t<\/h1>\n\t<p>Cerchi un modo efficace per vendere pi\u00f9 prodotti e servizi su Shopify? Invia email mirate ai tuoi clienti Shopify e mostra i tuoi prodotti con la nostra integrazione <a href=\"https:\/\/kb.benchmarkemail.com\/it\/integrar-benchmark-shopify\/\">Benchmark Email Shopify.<\/a><\/p>\n<p>Non \u00e8 mai stato cos\u00ec facile mantenere l&#8217;attenzione e vendere di pi\u00f9, con maggiore frequenza.<\/p>\n<h2>\n\t\tAggiungi senza problemi i contatti da Shopify a Benchmark Email con Shopify Sync\n\t<\/h2>\n\t<p>\u00c8 possibile sincronizzare magicamente il tuo canale di email marketing con il tuo negozio Shopify? Si, ora \u00e8 possibile.<\/p>\n<p>Sincronizza qualsiasi segmento di clienti nel tuo account Shopify con una lista di Benchmark Email. Man mano che i segmenti dei clienti di Shopify crescono, i contatti vengono aggiunti automaticamente all&#8217;account di Benchmark Email. In questo modo tutti i contatti importanti sono in un unico posto, senza bisogno di aggiornamenti manuali.\u00a0<\/p>\n<p>Sei pronto ad iniziare? Scopri come sincronizzare i segmenti dei clienti di Shopify con le liste di Benchmark Email nell&#8217;articolo: <a href=\"https:\/\/kb.benchmarkemail.com\/it\/integrar-benchmark-shopify\/\">Come sincronizzare Shopify e Benchmark.<\/a>.<\/p>\n<h2>\n\t\tMetti in risalto i tuoi prodotti con l&#8217;email marketing\n\t<\/h2>\n\t<p>Il <a href=\"https:\/\/kb.benchmarkemail.com\/it\/integrare-benchmark-shopify\/#product-block\">blocco prodotti di Shopify<\/a> ti permette di trascinare e rilasciare gli elenchi dei prodotti di Shopify nelle tue email, massimizzando l&#8217;esposizione dei prodotti al tuo pubblico, ad ogni invio!\u00a0<\/p>\n<p>Collegando il tuo ecommerce Shopify con Benchmark Email sarai in grado di inserire i tuoi prodotti direttamente nei modelli di email. Grazie all&#8217;integrazione sarai in grado di crea email professionali e accattivanti per dare il giusto risalto ai tuoi prodotti.<\/p>\n<p>Per sapere come aggiungere i prodotti del tuo ecommerce Shopify nelle emails di <a href=\"https:\/\/kb.benchmarkemail.com\/it\/integrare-benchmark-shopify\/#product-block\">Benchmark consulta questo articolo.<\/a>.<\/p>\n<h2>\n\t\t\u00c8 facile vendere di pi\u00f9 con Shopify Sync + Shopify Product Block\n\t<\/h2>\n\tGli strumenti giusti possono aiutare la tua azienda a far circolare la voce sui tuoi prodotti e servizi.<br \/>\nFocus sull&#8217;offerta di un&#8217;esperienza eccellente per i clienti, e lascia che l&#8217;integrazione di Benchmark e Shopify si occupi di portare nuovi clienti per il tuo ecommerce.\n<h3>\n\t\tCostruire la consapevolezza del marchio e fidelizzare i clienti\n\t<\/h3>\n\t<p>Come imprenditore, sai che la crescita della tua attivit\u00e0 dipende dai tuoi clienti. Il marchio deve essere in cima ai loro pensieri, in modo da stabilire fiducia e affidabilit\u00e0. Con Shopify Sync, \u00e8 possibile assicurarsi che tutti i clienti siano inclusi nelle newsletter mensili e in altre attivit\u00e0 di comunicazione mirate, in modo da creare fiducia e confidenza con il marchio. In questo modo, quando i clienti saranno pronti ad acquistare, sarai sicuro di essere il loro punto di riferimento.<\/p>\n<h3>\n\t\tMassimizzare il ritorno sugli investimenti di marketing\n\t<\/h3>\n\t<p>Quando si utilizza l&#8217;automazione del marketing in modo efficace, si possono ottenere ben <a href=\"https:\/\/nucleusresearch.com\/research\/single\/marketing-automation-returns-5-44-for-every-dollar-spent\/\"> 5\u20ac per ogni euro speso.<\/a>\u00a0Abbinando Shopify con <a href=\"https:\/\/www.benchmarkemail.com\/it\/features\/marketing-automation\/\"> Automazione Pro<\/a>, di Benchmark Email in poco tempo sarai in grado di raggiungere il tuo obiettivo di vendita. Con Automazione Pro, \u00e8 possibile inviare automaticamente email personalizzate con informazioni preziose per i tuoi clienti, in questo modo saranno in grado di prendere la decisione giusta.<\/p>\n<h3>\n\t\tFai arrivare i prodotti a un pubblico pi\u00f9 vasto\n\t<\/h3>\n\t<p>Hai un nuovo prodotto che sai che piacer\u00e0 al tuo pubblico? Il blocco prodotti di Shopify ti permette di aggiungere facilmente qualsiasi prodotto che desideri presentare alle tue campagne email. I prodotti avranno la visibilit\u00e0 extra di cui hanno bisogno e gli iscritti rimarranno aggiornati, entusiasti e attenti ai nuovi prodotti e alle novit\u00e0 che si prospettano all&#8217;orizzonte.\u00a0\u00a0<\/p>\n<p>Sei pronto a sfruttare l&#8217;email marketing per portare le vendite di Shopify a un livello superiore? Configurare Shopify Sync e aggiungere prodotti Shopify alle tue email \u00e8 facile. Scoprite come nel nostro articolo di<a href=\"https:\/\/kb.benchmarkemail.com\/it\/integrare-benchmark-shopify\/\"> aiuto sull&#8217;integrazione di Shopify.<\/a><\/p>\n\t\t\t\t<img decoding=\"async\" src=\"https:\/\/www.benchmarkemail.com\/wp-content\/uploads\/2019\/11\/Shopify.png\" alt=\"Shopify\" itemprop=\"image\" title=\"Shopify\" onerror=\"this.style.display='none'\"  \/>\n\t\t\t<a href=\"https:\/\/kb.benchmarkemail.com\/en\/integrate-benchmark-shopify\/\" target=\"_self\" role=\"button\" rel=\"noopener\">\n\t\t\t\t\t\t\tConnettiti oggi\n\t\t\t\t\t<\/a>\n\n","protected":false},"excerpt":{"rendered":"<p>Benchmark Email&#8217;s Shopify Integration Cerchi un modo efficace per vendere pi\u00f9 prodotti e servizi su Shopify? Invia email mirate ai tuoi clienti Shopify e mostra i tuoi prodotti con la nostra integrazione Benchmark Email Shopify. Non \u00e8 mai stato cos\u00ec facile mantenere l&#8217;attenzione e vendere di pi\u00f9, con maggiore frequenza. Aggiungi senza problemi i contatti&hellip;<\/p>\n","protected":false},"author":7,"featured_media":0,"parent":28,"menu_order":0,"comment_status":"closed","ping_status":"closed","template":"","meta":{"inline_featured_image":false,"footnotes":""},"class_list":["post-29842","page","type-page","status-publish","hentry"],"yoast_head":"<!-- This site is optimized with the Yoast SEO plugin v27.5 - https:\/\/yoast.com\/product\/yoast-seo-wordpress\/ -->\n<title>Shopify - Benchmark Email<\/title>\n<meta name=\"description\" content=\"Benchmark Email&#039;s Shopify Integration Cerchi un modo efficace per vendere pi\u00f9 prodotti e servizi su Shopify? Invia email mirate ai tuoi clienti Shopify e\" \/>\n<meta name=\"robots\" content=\"index, follow, max-snippet:-1, max-image-preview:large, max-video-preview:-1\" \/>\n<link rel=\"canonical\" href=\"https:\/\/www.benchmarkemail.com\/it\/features\/integrations\/shopify-email-integration\/\" \/>\n<meta property=\"og:locale\" content=\"en_US\" \/>\n<meta property=\"og:type\" content=\"article\" \/>\n<meta property=\"og:title\" content=\"Shopify - Benchmark Email\" \/>\n<meta property=\"og:description\" content=\"Benchmark Email&#039;s Shopify Integration Cerchi un modo efficace per vendere pi\u00f9 prodotti e servizi su Shopify? Invia email mirate ai tuoi clienti Shopify e\" \/>\n<meta property=\"og:url\" content=\"https:\/\/www.benchmarkemail.com\/it\/features\/integrations\/shopify-email-integration\/\" \/>\n<meta property=\"og:site_name\" content=\"Benchmark Email in italiano\" \/>\n<meta property=\"article:publisher\" content=\"https:\/\/www.facebook.com\/BenchmarkEmail\" \/>\n<meta property=\"og:image\" content=\"https:\/\/www.benchmarkemail.com\/wp-content\/uploads\/2019\/11\/Shopify.png\" \/>\n<meta name=\"twitter:card\" content=\"summary_large_image\" \/>\n<meta name=\"twitter:site\" content=\"@benchmarkemail\" \/>\n<meta name=\"twitter:label1\" content=\"Est. reading time\" \/>\n\t<meta name=\"twitter:data1\" content=\"3 minutes\" \/>\n<script type=\"application\/ld+json\" class=\"yoast-schema-graph\">{\"@context\":\"https:\\\/\\\/schema.org\",\"@graph\":[{\"@type\":\"WebPage\",\"@id\":\"https:\\\/\\\/www.benchmarkemail.com\\\/it\\\/features\\\/integrations\\\/shopify-email-integration\\\/\",\"url\":\"https:\\\/\\\/www.benchmarkemail.com\\\/it\\\/features\\\/integrations\\\/shopify-email-integration\\\/\",\"name\":\"Shopify - Benchmark Email\",\"isPartOf\":{\"@id\":\"https:\\\/\\\/www.benchmarkemail.com\\\/it\\\/#website\"},\"primaryImageOfPage\":{\"@id\":\"https:\\\/\\\/www.benchmarkemail.com\\\/it\\\/features\\\/integrations\\\/shopify-email-integration\\\/#primaryimage\"},\"image\":{\"@id\":\"https:\\\/\\\/www.benchmarkemail.com\\\/it\\\/features\\\/integrations\\\/shopify-email-integration\\\/#primaryimage\"},\"thumbnailUrl\":\"https:\\\/\\\/www.benchmarkemail.com\\\/wp-content\\\/uploads\\\/2019\\\/11\\\/Shopify.png\",\"datePublished\":\"2022-10-12T16:48:42+00:00\",\"description\":\"Benchmark Email's Shopify Integration Cerchi un modo efficace per vendere pi\u00f9 prodotti e servizi su Shopify? Invia email mirate ai tuoi clienti Shopify e\",\"breadcrumb\":{\"@id\":\"https:\\\/\\\/www.benchmarkemail.com\\\/it\\\/features\\\/integrations\\\/shopify-email-integration\\\/#breadcrumb\"},\"inLanguage\":\"en-US\",\"potentialAction\":[{\"@type\":\"ReadAction\",\"target\":[\"https:\\\/\\\/www.benchmarkemail.com\\\/it\\\/features\\\/integrations\\\/shopify-email-integration\\\/\"]}]},{\"@type\":\"ImageObject\",\"inLanguage\":\"en-US\",\"@id\":\"https:\\\/\\\/www.benchmarkemail.com\\\/it\\\/features\\\/integrations\\\/shopify-email-integration\\\/#primaryimage\",\"url\":\"https:\\\/\\\/www.benchmarkemail.com\\\/wp-content\\\/uploads\\\/2019\\\/11\\\/Shopify.png\",\"contentUrl\":\"https:\\\/\\\/www.benchmarkemail.com\\\/wp-content\\\/uploads\\\/2019\\\/11\\\/Shopify.png\"},{\"@type\":\"BreadcrumbList\",\"@id\":\"https:\\\/\\\/www.benchmarkemail.com\\\/it\\\/features\\\/integrations\\\/shopify-email-integration\\\/#breadcrumb\",\"itemListElement\":[{\"@type\":\"ListItem\",\"position\":1,\"name\":\"Home\",\"item\":\"https:\\\/\\\/www.benchmarkemail.com\\\/it\\\/\"},{\"@type\":\"ListItem\",\"position\":2,\"name\":\"Features\",\"item\":\"https:\\\/\\\/www.benchmarkemail.com\\\/it\\\/features\\\/\"},{\"@type\":\"ListItem\",\"position\":3,\"name\":\"Integrations\",\"item\":\"https:\\\/\\\/www.benchmarkemail.com\\\/it\\\/features\\\/integrations\\\/\"},{\"@type\":\"ListItem\",\"position\":4,\"name\":\"Shopify\"}]},{\"@type\":\"WebSite\",\"@id\":\"https:\\\/\\\/www.benchmarkemail.com\\\/it\\\/#website\",\"url\":\"https:\\\/\\\/www.benchmarkemail.com\\\/it\\\/\",\"name\":\"Benchmark Email in italiano\",\"description\":\"Strumento di marketing digitale. Impara con noi l&#039;email marketing, l&#039;acquisizione di lead, l&#039;automazione ... e molto altro!\",\"publisher\":{\"@id\":\"https:\\\/\\\/www.benchmarkemail.com\\\/it\\\/#organization\"},\"potentialAction\":[{\"@type\":\"SearchAction\",\"target\":{\"@type\":\"EntryPoint\",\"urlTemplate\":\"https:\\\/\\\/www.benchmarkemail.com\\\/it\\\/?s={search_term_string}\"},\"query-input\":{\"@type\":\"PropertyValueSpecification\",\"valueRequired\":true,\"valueName\":\"search_term_string\"}}],\"inLanguage\":\"en-US\"},{\"@type\":\"Organization\",\"@id\":\"https:\\\/\\\/www.benchmarkemail.com\\\/it\\\/#organization\",\"name\":\"Benchmark Internet Group, LLC\",\"url\":\"https:\\\/\\\/www.benchmarkemail.com\\\/it\\\/\",\"logo\":{\"@type\":\"ImageObject\",\"inLanguage\":\"en-US\",\"@id\":\"https:\\\/\\\/www.benchmarkemail.com\\\/it\\\/#\\\/schema\\\/logo\\\/image\\\/\",\"url\":\"https:\\\/\\\/www.benchmarkemail.com\\\/it\\\/wp-content\\\/uploads\\\/sites\\\/7\\\/2019\\\/09\\\/benchmark-logo.svg\",\"contentUrl\":\"https:\\\/\\\/www.benchmarkemail.com\\\/it\\\/wp-content\\\/uploads\\\/sites\\\/7\\\/2019\\\/09\\\/benchmark-logo.svg\",\"width\":1,\"height\":1,\"caption\":\"Benchmark Internet Group, LLC\"},\"image\":{\"@id\":\"https:\\\/\\\/www.benchmarkemail.com\\\/it\\\/#\\\/schema\\\/logo\\\/image\\\/\"},\"sameAs\":[\"https:\\\/\\\/www.facebook.com\\\/BenchmarkEmail\",\"https:\\\/\\\/x.com\\\/benchmarkemail\",\"https:\\\/\\\/www.instagram.com\\\/benchmarkemail\\\/\",\"https:\\\/\\\/www.linkedin.com\\\/company\\\/benchmark-email\\\/\",\"https:\\\/\\\/www.youtube.com\\\/channel\\\/UCVInnPuEMisNE8mXRTC9-Uw\"]}]}<\/script>\n<!-- \/ Yoast SEO plugin. -->","yoast_head_json":{"title":"Shopify - Benchmark Email","description":"Benchmark Email's Shopify Integration Cerchi un modo efficace per vendere pi\u00f9 prodotti e servizi su Shopify? Invia email mirate ai tuoi clienti Shopify e","robots":{"index":"index","follow":"follow","max-snippet":"max-snippet:-1","max-image-preview":"max-image-preview:large","max-video-preview":"max-video-preview:-1"},"canonical":"https:\/\/www.benchmarkemail.com\/it\/features\/integrations\/shopify-email-integration\/","og_locale":"en_US","og_type":"article","og_title":"Shopify - Benchmark Email","og_description":"Benchmark Email's Shopify Integration Cerchi un modo efficace per vendere pi\u00f9 prodotti e servizi su Shopify? Invia email mirate ai tuoi clienti Shopify e","og_url":"https:\/\/www.benchmarkemail.com\/it\/features\/integrations\/shopify-email-integration\/","og_site_name":"Benchmark Email in italiano","article_publisher":"https:\/\/www.facebook.com\/BenchmarkEmail","og_image":[{"url":"https:\/\/www.benchmarkemail.com\/wp-content\/uploads\/2019\/11\/Shopify.png","type":"","width":"","height":""}],"twitter_card":"summary_large_image","twitter_site":"@benchmarkemail","twitter_misc":{"Est. reading time":"3 minutes"},"schema":{"@context":"https:\/\/schema.org","@graph":[{"@type":"WebPage","@id":"https:\/\/www.benchmarkemail.com\/it\/features\/integrations\/shopify-email-integration\/","url":"https:\/\/www.benchmarkemail.com\/it\/features\/integrations\/shopify-email-integration\/","name":"Shopify - Benchmark Email","isPartOf":{"@id":"https:\/\/www.benchmarkemail.com\/it\/#website"},"primaryImageOfPage":{"@id":"https:\/\/www.benchmarkemail.com\/it\/features\/integrations\/shopify-email-integration\/#primaryimage"},"image":{"@id":"https:\/\/www.benchmarkemail.com\/it\/features\/integrations\/shopify-email-integration\/#primaryimage"},"thumbnailUrl":"https:\/\/www.benchmarkemail.com\/wp-content\/uploads\/2019\/11\/Shopify.png","datePublished":"2022-10-12T16:48:42+00:00","description":"Benchmark Email's Shopify Integration Cerchi un modo efficace per vendere pi\u00f9 prodotti e servizi su Shopify? Invia email mirate ai tuoi clienti Shopify e","breadcrumb":{"@id":"https:\/\/www.benchmarkemail.com\/it\/features\/integrations\/shopify-email-integration\/#breadcrumb"},"inLanguage":"en-US","potentialAction":[{"@type":"ReadAction","target":["https:\/\/www.benchmarkemail.com\/it\/features\/integrations\/shopify-email-integration\/"]}]},{"@type":"ImageObject","inLanguage":"en-US","@id":"https:\/\/www.benchmarkemail.com\/it\/features\/integrations\/shopify-email-integration\/#primaryimage","url":"https:\/\/www.benchmarkemail.com\/wp-content\/uploads\/2019\/11\/Shopify.png","contentUrl":"https:\/\/www.benchmarkemail.com\/wp-content\/uploads\/2019\/11\/Shopify.png"},{"@type":"BreadcrumbList","@id":"https:\/\/www.benchmarkemail.com\/it\/features\/integrations\/shopify-email-integration\/#breadcrumb","itemListElement":[{"@type":"ListItem","position":1,"name":"Home","item":"https:\/\/www.benchmarkemail.com\/it\/"},{"@type":"ListItem","position":2,"name":"Features","item":"https:\/\/www.benchmarkemail.com\/it\/features\/"},{"@type":"ListItem","position":3,"name":"Integrations","item":"https:\/\/www.benchmarkemail.com\/it\/features\/integrations\/"},{"@type":"ListItem","position":4,"name":"Shopify"}]},{"@type":"WebSite","@id":"https:\/\/www.benchmarkemail.com\/it\/#website","url":"https:\/\/www.benchmarkemail.com\/it\/","name":"Benchmark Email in italiano","description":"Strumento di marketing digitale. Impara con noi l&#039;email marketing, l&#039;acquisizione di lead, l&#039;automazione ... e molto altro!","publisher":{"@id":"https:\/\/www.benchmarkemail.com\/it\/#organization"},"potentialAction":[{"@type":"SearchAction","target":{"@type":"EntryPoint","urlTemplate":"https:\/\/www.benchmarkemail.com\/it\/?s={search_term_string}"},"query-input":{"@type":"PropertyValueSpecification","valueRequired":true,"valueName":"search_term_string"}}],"inLanguage":"en-US"},{"@type":"Organization","@id":"https:\/\/www.benchmarkemail.com\/it\/#organization","name":"Benchmark Internet Group, LLC","url":"https:\/\/www.benchmarkemail.com\/it\/","logo":{"@type":"ImageObject","inLanguage":"en-US","@id":"https:\/\/www.benchmarkemail.com\/it\/#\/schema\/logo\/image\/","url":"https:\/\/www.benchmarkemail.com\/it\/wp-content\/uploads\/sites\/7\/2019\/09\/benchmark-logo.svg","contentUrl":"https:\/\/www.benchmarkemail.com\/it\/wp-content\/uploads\/sites\/7\/2019\/09\/benchmark-logo.svg","width":1,"height":1,"caption":"Benchmark Internet Group, LLC"},"image":{"@id":"https:\/\/www.benchmarkemail.com\/it\/#\/schema\/logo\/image\/"},"sameAs":["https:\/\/www.facebook.com\/BenchmarkEmail","https:\/\/x.com\/benchmarkemail","https:\/\/www.instagram.com\/benchmarkemail\/","https:\/\/www.linkedin.com\/company\/benchmark-email\/","https:\/\/www.youtube.com\/channel\/UCVInnPuEMisNE8mXRTC9-Uw"]}]}},"_links":{"self":[{"href":"https:\/\/www.benchmarkemail.com\/it\/wp-json\/wp\/v2\/pages\/29842","targetHints":{"allow":["GET"]}}],"collection":[{"href":"https:\/\/www.benchmarkemail.com\/it\/wp-json\/wp\/v2\/pages"}],"about":[{"href":"https:\/\/www.benchmarkemail.com\/it\/wp-json\/wp\/v2\/types\/page"}],"author":[{"embeddable":true,"href":"https:\/\/www.benchmarkemail.com\/it\/wp-json\/wp\/v2\/users\/7"}],"replies":[{"embeddable":true,"href":"https:\/\/www.benchmarkemail.com\/it\/wp-json\/wp\/v2\/comments?post=29842"}],"version-history":[{"count":0,"href":"https:\/\/www.benchmarkemail.com\/it\/wp-json\/wp\/v2\/pages\/29842\/revisions"}],"up":[{"embeddable":true,"href":"https:\/\/www.benchmarkemail.com\/it\/wp-json\/wp\/v2\/pages\/28"}],"wp:attachment":[{"href":"https:\/\/www.benchmarkemail.com\/it\/wp-json\/wp\/v2\/media?parent=29842"}],"curies":[{"name":"wp","href":"https:\/\/api.w.org\/{rel}","templated":true}]}}