{"id":37259,"date":"2024-01-26T12:33:28","date_gmt":"2024-01-26T12:33:28","guid":{"rendered":"https:\/\/www.benchmarkemail.com\/it\/?page_id=37259"},"modified":"2024-03-11T13:42:52","modified_gmt":"2024-03-11T13:42:52","slug":"brand-kit","status":"publish","type":"page","link":"https:\/\/www.benchmarkemail.com\/it\/features\/brand-kit\/","title":{"rendered":"Brand Kit"},"content":{"rendered":"\r\n<h1>\r\n\t\t Mantieni il tuo stile in sintonia con il Kit del marchio.\r\n\t<\/h1>\r\n<h2>\r\n\t\t Con Kit del marchio, le tue email sono sempre in linea con il marchio e con l&#8217;obiettivo. Iscriviti gratuitamente per creare il tuo Kit del marchio.\r\n\t<\/h2>\r\n\t\t\t<a href=\"https:\/\/ui.benchmarkemail.com\/it\/register\" target=\"_self\" rel=\"noopener\">\r\n\t\t\t\t\t\t\tISCRIVITI GRATIS\r\n\t\t\t\t\t<\/a>\r\n\t<meta itemprop=\"url\" content=\"https:\/\/www.benchmarkemail.com\/it\/wp-content\/uploads\/sites\/7\/2024\/01\/brand-kit-eCommerce.m4v\" \/><div style=\"width: 640px;\" class=\"wp-video\"><video muted class=\"wp-video-shortcode\" id=\"video-37259-1\" width=\"640\" height=\"360\" loop autoplay preload=\"metadata\" controls=\"controls\"><source type=\"video\/mp4\" src=\"https:\/\/www.benchmarkemail.com\/it\/wp-content\/uploads\/sites\/7\/2024\/01\/brand-kit-eCommerce.m4v?_=1\" \/><a href=\"https:\/\/www.benchmarkemail.com\/it\/wp-content\/uploads\/sites\/7\/2024\/01\/brand-kit-eCommerce.m4v\">https:\/\/www.benchmarkemail.com\/it\/wp-content\/uploads\/sites\/7\/2024\/01\/brand-kit-eCommerce.m4v<\/a><\/video><\/div>\r\n\t<meta itemprop=\"url\" content=\"https:\/\/www.benchmarkemail.com\/it\/wp-content\/uploads\/sites\/7\/2024\/01\/brand-kit-eCommerce-logo-2.m4v\" \/><div style=\"width: 640px;\" class=\"wp-video\"><video muted class=\"wp-video-shortcode\" id=\"video-37259-2\" width=\"640\" height=\"360\" loop autoplay preload=\"metadata\" controls=\"controls\"><source type=\"video\/mp4\" src=\"https:\/\/www.benchmarkemail.com\/it\/wp-content\/uploads\/sites\/7\/2024\/01\/brand-kit-eCommerce-logo-2.m4v?_=2\" \/><a href=\"https:\/\/www.benchmarkemail.com\/it\/wp-content\/uploads\/sites\/7\/2024\/01\/brand-kit-eCommerce-logo-2.m4v\">https:\/\/www.benchmarkemail.com\/it\/wp-content\/uploads\/sites\/7\/2024\/01\/brand-kit-eCommerce-logo-2.m4v<\/a><\/video><\/div>\r\n<h2>\r\n\t\t Non andare mai pi\u00f9 a caccia del tuo logo.\r\n\t<\/h2>\r\n\t<p>Con il Kit del marchio, il logo che hai scelto \u00e8 sempre facilmente accessibile dalla galleria immagini. Non dovrai pi\u00f9 perdere tempo con il design per trovare il logo che usi per le campagne email marketing.<\/p>\r\n\t\t\t<a href=\"https:\/\/ui.benchmarkemail.com\/it\/register\" target=\"_self\" rel=\"noopener\">\r\n\t\t\t\t\t\t\tISCRIVITI GRATIS\r\n\t\t\t\t\t<\/a>\r\n<h2>\r\n\t\t Tieni i colori del marchio a portata di mano.\r\n\t<\/h2>\r\n\t<p>Non c&#8217;\u00e8 niente di pi\u00f9 noioso che cercare i codici esadecimali dei colori del tuo marchio per fare copia\/incolla. Con Kit del marchio, i colori che hai scelto sono sempre a tua disposizione nel selezionatore di colori.<\/p>\r\n\t\t\t<a href=\"https:\/\/ui.benchmarkemail.com\/it\/register\" target=\"_self\" rel=\"noopener\">\r\n\t\t\t\t\t\t\tISCRIVITI GRATIS\r\n\t\t\t\t\t<\/a>\r\n\t<meta itemprop=\"url\" content=\"https:\/\/www.benchmarkemail.com\/it\/wp-content\/uploads\/sites\/7\/2024\/01\/brand-kit-eCommerce-colors-3.mp4\" \/><div style=\"width: 640px;\" class=\"wp-video\"><video muted class=\"wp-video-shortcode\" id=\"video-37259-3\" width=\"640\" height=\"360\" loop autoplay preload=\"metadata\" controls=\"controls\"><source type=\"video\/mp4\" src=\"https:\/\/www.benchmarkemail.com\/it\/wp-content\/uploads\/sites\/7\/2024\/01\/brand-kit-eCommerce-colors-3.mp4?_=3\" \/><a href=\"https:\/\/www.benchmarkemail.com\/it\/wp-content\/uploads\/sites\/7\/2024\/01\/brand-kit-eCommerce-colors-3.mp4\">https:\/\/www.benchmarkemail.com\/it\/wp-content\/uploads\/sites\/7\/2024\/01\/brand-kit-eCommerce-colors-3.mp4<\/a><\/video><\/div>\r\n\t\t\t\t<img loading=\"lazy\" decoding=\"async\" src=\"https:\/\/www.benchmarkemail.com\/wp-content\/uploads\/2024\/01\/image-15.png\" alt=\"ai-tool\" itemprop=\"image\" height=\"410\" width=\"566\" title=\"ai-tool\" onerror=\"this.style.display='none'\"  \/>\r\n<h2>\r\n\t\t Addestra immediatamente Smart Design, il nostro strumento di AI per la progettazione delle email.\r\n\t<\/h2>\r\n\t<p>Con <a href=\"https:\/\/www.benchmarkemail.com\/it\/features\/smart-design\/\">Smart Design <\/a>+ Kit del marchio, il design delle tue campagne email \u00e8 in linea con il marchio e con i tuoi obiettivi. Lascia che la nostra IA faccia il lavoro pesante su design e contenuto, mentre tu aggiungi gli ultimi ritocchi.<\/p>\r\n\t\t\t<a href=\"https:\/\/ui.benchmarkemail.com\/it\/register\" target=\"_self\" rel=\"noopener\">\r\n\t\t\t\t\t\t\tISCRIVITI GRATIS\r\n\t\t\t\t\t<\/a>\r\n\t\t\t\t<img loading=\"lazy\" decoding=\"async\" src=\"https:\/\/www.benchmarkemail.com\/wp-content\/uploads\/2024\/01\/Capa_1.png\" alt=\"Capa_1\" itemprop=\"image\" height=\"235\" width=\"213\" title=\"Capa_1\" onerror=\"this.style.display='none'\"  \/>\r\n<h2>\r\n\t\t Lavora in modo pi\u00f9 intelligente, non pi\u00f9 difficile\r\n\t<\/h2>\r\n\t<p>Registrati per un account gratuito per provare Kit del Marchio.<\/p>\r\n\t\t\t<a href=\"https:\/\/ui.benchmarkemail.com\/it\/register\" target=\"_self\" rel=\"noopener\">\r\n\t\t\t\t\t\t\tISCRIVITI GRATIS\r\n\t\t\t\t\t<\/a>\r\n\r\n","protected":false},"excerpt":{"rendered":"<p>Mantieni il tuo stile in sintonia con il Kit del marchio. Con Kit del marchio, le tue email sono sempre in linea con il marchio e con l&#8217;obiettivo. Iscriviti gratuitamente per creare il tuo Kit del marchio. ISCRIVITI GRATIS Non andare mai pi\u00f9 a caccia del tuo logo. Con il Kit del marchio, il logo&hellip;<\/p>\n","protected":false},"author":7,"featured_media":0,"parent":18,"menu_order":0,"comment_status":"closed","ping_status":"closed","template":"","meta":{"inline_featured_image":false,"footnotes":""},"class_list":["post-37259","page","type-page","status-publish","hentry"],"yoast_head":"<!-- This site is optimized with the Yoast SEO plugin v27.5 - https:\/\/yoast.com\/product\/yoast-seo-wordpress\/ -->\n<title>Kit del marchio: Progetta email con la tua identit\u00e0 pi\u00f9 velocemente.<\/title>\n<meta name=\"description\" content=\"Il Kit del marchio \u00e8 essenziale per la tua presenza online. Organizza la tua identit\u00e0 visiva e crea campagne email marketing pi\u00f9 velocemente\ud83d\ude80.\" \/>\n<meta name=\"robots\" content=\"index, follow, max-snippet:-1, max-image-preview:large, max-video-preview:-1\" \/>\n<link rel=\"canonical\" href=\"https:\/\/www.benchmarkemail.com\/it\/features\/brand-kit\/\" \/>\n<meta property=\"og:locale\" content=\"en_US\" \/>\n<meta property=\"og:type\" content=\"article\" \/>\n<meta property=\"og:title\" content=\"Kit del marchio: Progetta email con la tua identit\u00e0 pi\u00f9 velocemente.\" \/>\n<meta property=\"og:description\" content=\"Il Kit del marchio \u00e8 essenziale per la tua presenza online. Organizza la tua identit\u00e0 visiva e crea campagne email marketing pi\u00f9 velocemente\ud83d\ude80.\" \/>\n<meta property=\"og:url\" content=\"https:\/\/www.benchmarkemail.com\/it\/features\/brand-kit\/\" \/>\n<meta property=\"og:site_name\" content=\"Benchmark Email in italiano\" \/>\n<meta property=\"article:publisher\" content=\"https:\/\/www.facebook.com\/BenchmarkEmail\" \/>\n<meta property=\"article:modified_time\" content=\"2024-03-11T13:42:52+00:00\" \/>\n<meta property=\"og:image\" content=\"https:\/\/www.benchmarkemail.com\/wp-content\/uploads\/2024\/01\/image-15.png\" \/>\n<meta name=\"twitter:card\" content=\"summary_large_image\" \/>\n<meta name=\"twitter:site\" content=\"@benchmarkemail\" \/>\n<meta name=\"twitter:label1\" content=\"Est. reading time\" \/>\n\t<meta name=\"twitter:data1\" content=\"2 minutes\" \/>\n<script type=\"application\/ld+json\" class=\"yoast-schema-graph\">{\"@context\":\"https:\\\/\\\/schema.org\",\"@graph\":[{\"@type\":\"WebPage\",\"@id\":\"https:\\\/\\\/www.benchmarkemail.com\\\/it\\\/features\\\/brand-kit\\\/\",\"url\":\"https:\\\/\\\/www.benchmarkemail.com\\\/it\\\/features\\\/brand-kit\\\/\",\"name\":\"Kit del marchio: Progetta email con la tua identit\u00e0 pi\u00f9 velocemente.\",\"isPartOf\":{\"@id\":\"https:\\\/\\\/www.benchmarkemail.com\\\/it\\\/#website\"},\"primaryImageOfPage\":{\"@id\":\"https:\\\/\\\/www.benchmarkemail.com\\\/it\\\/features\\\/brand-kit\\\/#primaryimage\"},\"image\":{\"@id\":\"https:\\\/\\\/www.benchmarkemail.com\\\/it\\\/features\\\/brand-kit\\\/#primaryimage\"},\"thumbnailUrl\":\"https:\\\/\\\/www.benchmarkemail.com\\\/wp-content\\\/uploads\\\/2024\\\/01\\\/image-15.png\",\"datePublished\":\"2024-01-26T12:33:28+00:00\",\"dateModified\":\"2024-03-11T13:42:52+00:00\",\"description\":\"Il Kit del marchio \u00e8 essenziale per la tua presenza online. Organizza la tua identit\u00e0 visiva e crea campagne email marketing pi\u00f9 velocemente\ud83d\ude80.\",\"breadcrumb\":{\"@id\":\"https:\\\/\\\/www.benchmarkemail.com\\\/it\\\/features\\\/brand-kit\\\/#breadcrumb\"},\"inLanguage\":\"en-US\",\"potentialAction\":[{\"@type\":\"ReadAction\",\"target\":[\"https:\\\/\\\/www.benchmarkemail.com\\\/it\\\/features\\\/brand-kit\\\/\"]}]},{\"@type\":\"ImageObject\",\"inLanguage\":\"en-US\",\"@id\":\"https:\\\/\\\/www.benchmarkemail.com\\\/it\\\/features\\\/brand-kit\\\/#primaryimage\",\"url\":\"https:\\\/\\\/www.benchmarkemail.com\\\/wp-content\\\/uploads\\\/2024\\\/01\\\/image-15.png\",\"contentUrl\":\"https:\\\/\\\/www.benchmarkemail.com\\\/wp-content\\\/uploads\\\/2024\\\/01\\\/image-15.png\"},{\"@type\":\"BreadcrumbList\",\"@id\":\"https:\\\/\\\/www.benchmarkemail.com\\\/it\\\/features\\\/brand-kit\\\/#breadcrumb\",\"itemListElement\":[{\"@type\":\"ListItem\",\"position\":1,\"name\":\"Home\",\"item\":\"https:\\\/\\\/www.benchmarkemail.com\\\/it\\\/\"},{\"@type\":\"ListItem\",\"position\":2,\"name\":\"Features\",\"item\":\"https:\\\/\\\/www.benchmarkemail.com\\\/it\\\/features\\\/\"},{\"@type\":\"ListItem\",\"position\":3,\"name\":\"Brand Kit\"}]},{\"@type\":\"WebSite\",\"@id\":\"https:\\\/\\\/www.benchmarkemail.com\\\/it\\\/#website\",\"url\":\"https:\\\/\\\/www.benchmarkemail.com\\\/it\\\/\",\"name\":\"Benchmark Email in italiano\",\"description\":\"Strumento di marketing digitale. Impara con noi l&#039;email marketing, l&#039;acquisizione di lead, l&#039;automazione ... e molto altro!\",\"publisher\":{\"@id\":\"https:\\\/\\\/www.benchmarkemail.com\\\/it\\\/#organization\"},\"potentialAction\":[{\"@type\":\"SearchAction\",\"target\":{\"@type\":\"EntryPoint\",\"urlTemplate\":\"https:\\\/\\\/www.benchmarkemail.com\\\/it\\\/?s={search_term_string}\"},\"query-input\":{\"@type\":\"PropertyValueSpecification\",\"valueRequired\":true,\"valueName\":\"search_term_string\"}}],\"inLanguage\":\"en-US\"},{\"@type\":\"Organization\",\"@id\":\"https:\\\/\\\/www.benchmarkemail.com\\\/it\\\/#organization\",\"name\":\"Benchmark Internet Group, LLC\",\"url\":\"https:\\\/\\\/www.benchmarkemail.com\\\/it\\\/\",\"logo\":{\"@type\":\"ImageObject\",\"inLanguage\":\"en-US\",\"@id\":\"https:\\\/\\\/www.benchmarkemail.com\\\/it\\\/#\\\/schema\\\/logo\\\/image\\\/\",\"url\":\"https:\\\/\\\/www.benchmarkemail.com\\\/it\\\/wp-content\\\/uploads\\\/sites\\\/7\\\/2019\\\/09\\\/benchmark-logo.svg\",\"contentUrl\":\"https:\\\/\\\/www.benchmarkemail.com\\\/it\\\/wp-content\\\/uploads\\\/sites\\\/7\\\/2019\\\/09\\\/benchmark-logo.svg\",\"width\":1,\"height\":1,\"caption\":\"Benchmark Internet Group, LLC\"},\"image\":{\"@id\":\"https:\\\/\\\/www.benchmarkemail.com\\\/it\\\/#\\\/schema\\\/logo\\\/image\\\/\"},\"sameAs\":[\"https:\\\/\\\/www.facebook.com\\\/BenchmarkEmail\",\"https:\\\/\\\/x.com\\\/benchmarkemail\",\"https:\\\/\\\/www.instagram.com\\\/benchmarkemail\\\/\",\"https:\\\/\\\/www.linkedin.com\\\/company\\\/benchmark-email\\\/\",\"https:\\\/\\\/www.youtube.com\\\/channel\\\/UCVInnPuEMisNE8mXRTC9-Uw\"]}]}<\/script>\n<!-- \/ Yoast SEO plugin. -->","yoast_head_json":{"title":"Kit del marchio: Progetta email con la tua identit\u00e0 pi\u00f9 velocemente.","description":"Il Kit del marchio \u00e8 essenziale per la tua presenza online. Organizza la tua identit\u00e0 visiva e crea campagne email marketing pi\u00f9 velocemente\ud83d\ude80.","robots":{"index":"index","follow":"follow","max-snippet":"max-snippet:-1","max-image-preview":"max-image-preview:large","max-video-preview":"max-video-preview:-1"},"canonical":"https:\/\/www.benchmarkemail.com\/it\/features\/brand-kit\/","og_locale":"en_US","og_type":"article","og_title":"Kit del marchio: Progetta email con la tua identit\u00e0 pi\u00f9 velocemente.","og_description":"Il Kit del marchio \u00e8 essenziale per la tua presenza online. Organizza la tua identit\u00e0 visiva e crea campagne email marketing pi\u00f9 velocemente\ud83d\ude80.","og_url":"https:\/\/www.benchmarkemail.com\/it\/features\/brand-kit\/","og_site_name":"Benchmark Email in italiano","article_publisher":"https:\/\/www.facebook.com\/BenchmarkEmail","article_modified_time":"2024-03-11T13:42:52+00:00","og_image":[{"url":"https:\/\/www.benchmarkemail.com\/wp-content\/uploads\/2024\/01\/image-15.png","type":"","width":"","height":""}],"twitter_card":"summary_large_image","twitter_site":"@benchmarkemail","twitter_misc":{"Est. reading time":"2 minutes"},"schema":{"@context":"https:\/\/schema.org","@graph":[{"@type":"WebPage","@id":"https:\/\/www.benchmarkemail.com\/it\/features\/brand-kit\/","url":"https:\/\/www.benchmarkemail.com\/it\/features\/brand-kit\/","name":"Kit del marchio: Progetta email con la tua identit\u00e0 pi\u00f9 velocemente.","isPartOf":{"@id":"https:\/\/www.benchmarkemail.com\/it\/#website"},"primaryImageOfPage":{"@id":"https:\/\/www.benchmarkemail.com\/it\/features\/brand-kit\/#primaryimage"},"image":{"@id":"https:\/\/www.benchmarkemail.com\/it\/features\/brand-kit\/#primaryimage"},"thumbnailUrl":"https:\/\/www.benchmarkemail.com\/wp-content\/uploads\/2024\/01\/image-15.png","datePublished":"2024-01-26T12:33:28+00:00","dateModified":"2024-03-11T13:42:52+00:00","description":"Il Kit del marchio \u00e8 essenziale per la tua presenza online. Organizza la tua identit\u00e0 visiva e crea campagne email marketing pi\u00f9 velocemente\ud83d\ude80.","breadcrumb":{"@id":"https:\/\/www.benchmarkemail.com\/it\/features\/brand-kit\/#breadcrumb"},"inLanguage":"en-US","potentialAction":[{"@type":"ReadAction","target":["https:\/\/www.benchmarkemail.com\/it\/features\/brand-kit\/"]}]},{"@type":"ImageObject","inLanguage":"en-US","@id":"https:\/\/www.benchmarkemail.com\/it\/features\/brand-kit\/#primaryimage","url":"https:\/\/www.benchmarkemail.com\/wp-content\/uploads\/2024\/01\/image-15.png","contentUrl":"https:\/\/www.benchmarkemail.com\/wp-content\/uploads\/2024\/01\/image-15.png"},{"@type":"BreadcrumbList","@id":"https:\/\/www.benchmarkemail.com\/it\/features\/brand-kit\/#breadcrumb","itemListElement":[{"@type":"ListItem","position":1,"name":"Home","item":"https:\/\/www.benchmarkemail.com\/it\/"},{"@type":"ListItem","position":2,"name":"Features","item":"https:\/\/www.benchmarkemail.com\/it\/features\/"},{"@type":"ListItem","position":3,"name":"Brand Kit"}]},{"@type":"WebSite","@id":"https:\/\/www.benchmarkemail.com\/it\/#website","url":"https:\/\/www.benchmarkemail.com\/it\/","name":"Benchmark Email in italiano","description":"Strumento di marketing digitale. Impara con noi l&#039;email marketing, l&#039;acquisizione di lead, l&#039;automazione ... e molto altro!","publisher":{"@id":"https:\/\/www.benchmarkemail.com\/it\/#organization"},"potentialAction":[{"@type":"SearchAction","target":{"@type":"EntryPoint","urlTemplate":"https:\/\/www.benchmarkemail.com\/it\/?s={search_term_string}"},"query-input":{"@type":"PropertyValueSpecification","valueRequired":true,"valueName":"search_term_string"}}],"inLanguage":"en-US"},{"@type":"Organization","@id":"https:\/\/www.benchmarkemail.com\/it\/#organization","name":"Benchmark Internet Group, LLC","url":"https:\/\/www.benchmarkemail.com\/it\/","logo":{"@type":"ImageObject","inLanguage":"en-US","@id":"https:\/\/www.benchmarkemail.com\/it\/#\/schema\/logo\/image\/","url":"https:\/\/www.benchmarkemail.com\/it\/wp-content\/uploads\/sites\/7\/2019\/09\/benchmark-logo.svg","contentUrl":"https:\/\/www.benchmarkemail.com\/it\/wp-content\/uploads\/sites\/7\/2019\/09\/benchmark-logo.svg","width":1,"height":1,"caption":"Benchmark Internet Group, LLC"},"image":{"@id":"https:\/\/www.benchmarkemail.com\/it\/#\/schema\/logo\/image\/"},"sameAs":["https:\/\/www.facebook.com\/BenchmarkEmail","https:\/\/x.com\/benchmarkemail","https:\/\/www.instagram.com\/benchmarkemail\/","https:\/\/www.linkedin.com\/company\/benchmark-email\/","https:\/\/www.youtube.com\/channel\/UCVInnPuEMisNE8mXRTC9-Uw"]}]}},"_links":{"self":[{"href":"https:\/\/www.benchmarkemail.com\/it\/wp-json\/wp\/v2\/pages\/37259","targetHints":{"allow":["GET"]}}],"collection":[{"href":"https:\/\/www.benchmarkemail.com\/it\/wp-json\/wp\/v2\/pages"}],"about":[{"href":"https:\/\/www.benchmarkemail.com\/it\/wp-json\/wp\/v2\/types\/page"}],"author":[{"embeddable":true,"href":"https:\/\/www.benchmarkemail.com\/it\/wp-json\/wp\/v2\/users\/7"}],"replies":[{"embeddable":true,"href":"https:\/\/www.benchmarkemail.com\/it\/wp-json\/wp\/v2\/comments?post=37259"}],"version-history":[{"count":0,"href":"https:\/\/www.benchmarkemail.com\/it\/wp-json\/wp\/v2\/pages\/37259\/revisions"}],"up":[{"embeddable":true,"href":"https:\/\/www.benchmarkemail.com\/it\/wp-json\/wp\/v2\/pages\/18"}],"wp:attachment":[{"href":"https:\/\/www.benchmarkemail.com\/it\/wp-json\/wp\/v2\/media?parent=37259"}],"curies":[{"name":"wp","href":"https:\/\/api.w.org\/{rel}","templated":true}]}}