{"id":450,"date":"2019-10-08T21:31:47","date_gmt":"2019-10-08T21:31:47","guid":{"rendered":"http:\/\/bme2.flywheelsites.com\/?page_id=450"},"modified":"2022-11-11T15:56:42","modified_gmt":"2022-11-11T15:56:42","slug":"integrations","status":"publish","type":"page","link":"https:\/\/www.benchmarkemail.com\/it\/partners\/integrations\/","title":{"rendered":"Integration Partners"},"content":{"rendered":"\n<h1>\n\t\tIntegrazione con Benchmark\n\t<\/h1>\n\t\t\t\t<img decoding=\"async\" src=\"https:\/\/www.benchmarkemail.com\/wp-content\/uploads\/2019\/10\/reports.svg\" alt=\"reports\" itemprop=\"image\" height=\"\" width=\"\" title=\"reports\" onerror=\"this.style.display='none'\"  \/>\n\t<p>Integrarsi con Benchmark significa molto di pi\u00f9 di una semplice partnership. Significa collaborare con un&#8217;azienda dai grandi valori&#8230; che \u00e8 leader mondiale negli strumenti di marketing online: email marketing, marketing automation, landing page. Inoltre, sar\u00e0 possibile ottenere visibilit\u00e0 dalle centinaia e migliaia di clienti che gi\u00e0 utilizzano Benchmark per le loro attivit\u00e0 in tutto il mondo.<\/p>\n<p>Abbiamo sviluppato un&#8217;API semplice e robusta che ci permette di integrarci molto facilmente, se necessario con la supervisione del nostro team di esperti.<\/p>\n<p><a href=\"https:\/\/developer.benchmarkemail.wpengine.com\/\">RESTful API<\/a><\/p>\n<h2>\n\t\tDiventa un Partner di Integrazione oggi\n\t<\/h2>\n\t<h4>Contattate il team di Benchmark Integrations per diventare partner..<\/h4>\n<p>I nostri partner di integrazione hanno diverse opportunit\u00e0 per arricchire l&#8217;esperienza dei loro clienti e raggiungere un nuovo pubblico:<\/p>\n<ul>\n<li>Supporto esclusivo per gli sviluppatori..<\/li>\n<li>Promozione dei servizi offerti nella nostra newsletter e sul nostro sito web.<\/li>\n<li>Esposizione del suo marchio attraverso Benchmark in-app.<\/li>\n<li>Opportunit\u00e0 di marketing, come webinar, blog post e report in co-branding.<\/li>\n<\/ul>\n\t<h5>Diventa un partner<\/h5>\n    <form accept-charset=\"utf-8\" action=\"https:\/\/app.hatchbuck.com\/onlineForm\/submit.php\" id=\"form_93633619741\" method=\"post\" name=\"form_93633619741\">\n    \t<input name=\"formID\" type=\"hidden\" value=\"93633619741\"\/>\n    \t<input name=\"enableServerValidation\" type=\"hidden\" value=\"1\"\/>\n    \t<input name=\"enable303Redirect\" type=\"hidden\" value=\"0\"\/> \n                    <input id=\"input_1\" name=\"q1_firstName1\" placeholder=\"Nome\" type=\"text\"\/>\n    \t\t\t    <input id=\"input_3\" name=\"q3_lastName3\" placeholder=\"Cognome\" type=\"text\"\/>\n            <input id=\"input_4\" name=\"q4_email\" placeholder=\"Indirizzo email\" type=\"email\"\/>\n                    <input id=\"input_5_area\" placeholder=\"Prefisso internazionale\" maxlength=\"3\" name=\"q5_phoneNumber5[area]\" type=\"text\"\/>\n                    <input id=\"input_5_phone\" placeholder=\"Numero di telefono\" name=\"q5_phoneNumber5[phone]\" type=\"text\"\/>\n            <input id=\"input_6\" name=\"q6_company6\" placeholder=\"Azienda\" type=\"text\"\/>\n            <textarea cols=\"41\" placeholder=\"Il tuo messaggio\" name=\"q7_customTextarea7\" rows=\"6\"><\/textarea>\n            <button type=\"submit\">CONTATTACI<\/button>\n        <ul>\n        \t<li><input id=\"input_8\" name=\"q8_customTextbox8\" value=\"IT Website\" type=\"text\"\/><\/li>\n    \t    <li>Should be Empty: <input name=\"website\" type=\"hidden\" value=\"\"\/><\/li>\n    \t\t<li><input id=\"simple_spc\" name=\"simple_spc\" type=\"hidden\" value=\"93633619741-93633619741\"\/><\/li>\n\t    <\/ul>\n    <\/form>\n\n","protected":false},"excerpt":{"rendered":"<p>Integrazione con Benchmark Integrarsi con Benchmark significa molto di pi\u00f9 di una semplice partnership. Significa collaborare con un&#8217;azienda dai grandi valori&#8230; che \u00e8 leader mondiale negli strumenti di marketing online: email marketing, marketing automation, landing page. Inoltre, sar\u00e0 possibile ottenere visibilit\u00e0 dalle centinaia e migliaia di clienti che gi\u00e0 utilizzano Benchmark per le loro attivit\u00e0&hellip;<\/p>\n","protected":false},"author":3,"featured_media":0,"parent":68,"menu_order":0,"comment_status":"closed","ping_status":"closed","template":"","meta":{"inline_featured_image":false,"footnotes":""},"class_list":["post-450","page","type-page","status-publish","hentry"],"yoast_head":"<!-- This site is optimized with the Yoast SEO plugin v27.4 - https:\/\/yoast.com\/product\/yoast-seo-wordpress\/ -->\n<title>Integrazione con Benchmark - Benchmark Email<\/title>\n<meta name=\"robots\" content=\"index, follow, max-snippet:-1, max-image-preview:large, max-video-preview:-1\" \/>\n<link rel=\"canonical\" href=\"https:\/\/www.benchmarkemail.com\/it\/partners\/integrations\/\" \/>\n<meta property=\"og:locale\" content=\"en_US\" \/>\n<meta property=\"og:type\" content=\"article\" \/>\n<meta property=\"og:title\" content=\"Integrazione con Benchmark - Benchmark Email\" \/>\n<meta property=\"og:description\" content=\"Integrazione con Benchmark Integrarsi con Benchmark significa molto di pi\u00f9 di una semplice partnership. Significa collaborare con un&#8217;azienda dai grandi valori&#8230; che \u00e8 leader mondiale negli strumenti di marketing online: email marketing, marketing automation, landing page. Inoltre, sar\u00e0 possibile ottenere visibilit\u00e0 dalle centinaia e migliaia di clienti che gi\u00e0 utilizzano Benchmark per le loro attivit\u00e0&hellip;\" \/>\n<meta property=\"og:url\" content=\"https:\/\/www.benchmarkemail.com\/it\/partners\/integrations\/\" \/>\n<meta property=\"og:site_name\" content=\"Benchmark Email in italiano\" \/>\n<meta property=\"article:publisher\" content=\"https:\/\/www.facebook.com\/BenchmarkEmail\" \/>\n<meta property=\"article:modified_time\" content=\"2022-11-11T15:56:42+00:00\" \/>\n<meta property=\"og:image\" content=\"https:\/\/www.benchmarkemail.com\/wp-content\/uploads\/2019\/10\/reports.svg\" \/>\n<meta name=\"twitter:card\" content=\"summary_large_image\" \/>\n<meta name=\"twitter:site\" content=\"@benchmarkemail\" \/>\n<script type=\"application\/ld+json\" class=\"yoast-schema-graph\">{\"@context\":\"https:\\\/\\\/schema.org\",\"@graph\":[{\"@type\":\"WebPage\",\"@id\":\"https:\\\/\\\/www.benchmarkemail.com\\\/it\\\/partners\\\/integrations\\\/\",\"url\":\"https:\\\/\\\/www.benchmarkemail.com\\\/it\\\/partners\\\/integrations\\\/\",\"name\":\"Integrazione con Benchmark - Benchmark Email\",\"isPartOf\":{\"@id\":\"https:\\\/\\\/www.benchmarkemail.com\\\/it\\\/#website\"},\"primaryImageOfPage\":{\"@id\":\"https:\\\/\\\/www.benchmarkemail.com\\\/it\\\/partners\\\/integrations\\\/#primaryimage\"},\"image\":{\"@id\":\"https:\\\/\\\/www.benchmarkemail.com\\\/it\\\/partners\\\/integrations\\\/#primaryimage\"},\"thumbnailUrl\":\"https:\\\/\\\/www.benchmarkemail.com\\\/wp-content\\\/uploads\\\/2019\\\/10\\\/reports.svg\",\"datePublished\":\"2019-10-08T21:31:47+00:00\",\"dateModified\":\"2022-11-11T15:56:42+00:00\",\"breadcrumb\":{\"@id\":\"https:\\\/\\\/www.benchmarkemail.com\\\/it\\\/partners\\\/integrations\\\/#breadcrumb\"},\"inLanguage\":\"en-US\",\"potentialAction\":[{\"@type\":\"ReadAction\",\"target\":[\"https:\\\/\\\/www.benchmarkemail.com\\\/it\\\/partners\\\/integrations\\\/\"]}]},{\"@type\":\"ImageObject\",\"inLanguage\":\"en-US\",\"@id\":\"https:\\\/\\\/www.benchmarkemail.com\\\/it\\\/partners\\\/integrations\\\/#primaryimage\",\"url\":\"https:\\\/\\\/www.benchmarkemail.com\\\/wp-content\\\/uploads\\\/2019\\\/10\\\/reports.svg\",\"contentUrl\":\"https:\\\/\\\/www.benchmarkemail.com\\\/wp-content\\\/uploads\\\/2019\\\/10\\\/reports.svg\"},{\"@type\":\"BreadcrumbList\",\"@id\":\"https:\\\/\\\/www.benchmarkemail.com\\\/it\\\/partners\\\/integrations\\\/#breadcrumb\",\"itemListElement\":[{\"@type\":\"ListItem\",\"position\":1,\"name\":\"Home\",\"item\":\"https:\\\/\\\/www.benchmarkemail.com\\\/it\\\/\"},{\"@type\":\"ListItem\",\"position\":2,\"name\":\"Partners\",\"item\":\"https:\\\/\\\/www.benchmarkemail.com\\\/it\\\/partners\\\/\"},{\"@type\":\"ListItem\",\"position\":3,\"name\":\"Integration Partners\"}]},{\"@type\":\"WebSite\",\"@id\":\"https:\\\/\\\/www.benchmarkemail.com\\\/it\\\/#website\",\"url\":\"https:\\\/\\\/www.benchmarkemail.com\\\/it\\\/\",\"name\":\"Benchmark Email in italiano\",\"description\":\"Strumento di marketing digitale. Impara con noi l&#039;email marketing, l&#039;acquisizione di lead, l&#039;automazione ... e molto altro!\",\"publisher\":{\"@id\":\"https:\\\/\\\/www.benchmarkemail.com\\\/it\\\/#organization\"},\"potentialAction\":[{\"@type\":\"SearchAction\",\"target\":{\"@type\":\"EntryPoint\",\"urlTemplate\":\"https:\\\/\\\/www.benchmarkemail.com\\\/it\\\/?s={search_term_string}\"},\"query-input\":{\"@type\":\"PropertyValueSpecification\",\"valueRequired\":true,\"valueName\":\"search_term_string\"}}],\"inLanguage\":\"en-US\"},{\"@type\":\"Organization\",\"@id\":\"https:\\\/\\\/www.benchmarkemail.com\\\/it\\\/#organization\",\"name\":\"Benchmark Internet Group, LLC\",\"url\":\"https:\\\/\\\/www.benchmarkemail.com\\\/it\\\/\",\"logo\":{\"@type\":\"ImageObject\",\"inLanguage\":\"en-US\",\"@id\":\"https:\\\/\\\/www.benchmarkemail.com\\\/it\\\/#\\\/schema\\\/logo\\\/image\\\/\",\"url\":\"https:\\\/\\\/www.benchmarkemail.com\\\/it\\\/wp-content\\\/uploads\\\/sites\\\/7\\\/2019\\\/09\\\/benchmark-logo.svg\",\"contentUrl\":\"https:\\\/\\\/www.benchmarkemail.com\\\/it\\\/wp-content\\\/uploads\\\/sites\\\/7\\\/2019\\\/09\\\/benchmark-logo.svg\",\"width\":1,\"height\":1,\"caption\":\"Benchmark Internet Group, LLC\"},\"image\":{\"@id\":\"https:\\\/\\\/www.benchmarkemail.com\\\/it\\\/#\\\/schema\\\/logo\\\/image\\\/\"},\"sameAs\":[\"https:\\\/\\\/www.facebook.com\\\/BenchmarkEmail\",\"https:\\\/\\\/x.com\\\/benchmarkemail\",\"https:\\\/\\\/www.instagram.com\\\/benchmarkemail\\\/\",\"https:\\\/\\\/www.linkedin.com\\\/company\\\/benchmark-email\\\/\",\"https:\\\/\\\/www.youtube.com\\\/channel\\\/UCVInnPuEMisNE8mXRTC9-Uw\"]}]}<\/script>\n<!-- \/ Yoast SEO plugin. -->","yoast_head_json":{"title":"Integrazione con Benchmark - Benchmark Email","robots":{"index":"index","follow":"follow","max-snippet":"max-snippet:-1","max-image-preview":"max-image-preview:large","max-video-preview":"max-video-preview:-1"},"canonical":"https:\/\/www.benchmarkemail.com\/it\/partners\/integrations\/","og_locale":"en_US","og_type":"article","og_title":"Integrazione con Benchmark - Benchmark Email","og_description":"Integrazione con Benchmark Integrarsi con Benchmark significa molto di pi\u00f9 di una semplice partnership. Significa collaborare con un&#8217;azienda dai grandi valori&#8230; che \u00e8 leader mondiale negli strumenti di marketing online: email marketing, marketing automation, landing page. Inoltre, sar\u00e0 possibile ottenere visibilit\u00e0 dalle centinaia e migliaia di clienti che gi\u00e0 utilizzano Benchmark per le loro attivit\u00e0&hellip;","og_url":"https:\/\/www.benchmarkemail.com\/it\/partners\/integrations\/","og_site_name":"Benchmark Email in italiano","article_publisher":"https:\/\/www.facebook.com\/BenchmarkEmail","article_modified_time":"2022-11-11T15:56:42+00:00","og_image":[{"url":"https:\/\/www.benchmarkemail.com\/wp-content\/uploads\/2019\/10\/reports.svg","type":"","width":"","height":""}],"twitter_card":"summary_large_image","twitter_site":"@benchmarkemail","schema":{"@context":"https:\/\/schema.org","@graph":[{"@type":"WebPage","@id":"https:\/\/www.benchmarkemail.com\/it\/partners\/integrations\/","url":"https:\/\/www.benchmarkemail.com\/it\/partners\/integrations\/","name":"Integrazione con Benchmark - Benchmark Email","isPartOf":{"@id":"https:\/\/www.benchmarkemail.com\/it\/#website"},"primaryImageOfPage":{"@id":"https:\/\/www.benchmarkemail.com\/it\/partners\/integrations\/#primaryimage"},"image":{"@id":"https:\/\/www.benchmarkemail.com\/it\/partners\/integrations\/#primaryimage"},"thumbnailUrl":"https:\/\/www.benchmarkemail.com\/wp-content\/uploads\/2019\/10\/reports.svg","datePublished":"2019-10-08T21:31:47+00:00","dateModified":"2022-11-11T15:56:42+00:00","breadcrumb":{"@id":"https:\/\/www.benchmarkemail.com\/it\/partners\/integrations\/#breadcrumb"},"inLanguage":"en-US","potentialAction":[{"@type":"ReadAction","target":["https:\/\/www.benchmarkemail.com\/it\/partners\/integrations\/"]}]},{"@type":"ImageObject","inLanguage":"en-US","@id":"https:\/\/www.benchmarkemail.com\/it\/partners\/integrations\/#primaryimage","url":"https:\/\/www.benchmarkemail.com\/wp-content\/uploads\/2019\/10\/reports.svg","contentUrl":"https:\/\/www.benchmarkemail.com\/wp-content\/uploads\/2019\/10\/reports.svg"},{"@type":"BreadcrumbList","@id":"https:\/\/www.benchmarkemail.com\/it\/partners\/integrations\/#breadcrumb","itemListElement":[{"@type":"ListItem","position":1,"name":"Home","item":"https:\/\/www.benchmarkemail.com\/it\/"},{"@type":"ListItem","position":2,"name":"Partners","item":"https:\/\/www.benchmarkemail.com\/it\/partners\/"},{"@type":"ListItem","position":3,"name":"Integration Partners"}]},{"@type":"WebSite","@id":"https:\/\/www.benchmarkemail.com\/it\/#website","url":"https:\/\/www.benchmarkemail.com\/it\/","name":"Benchmark Email in italiano","description":"Strumento di marketing digitale. Impara con noi l&#039;email marketing, l&#039;acquisizione di lead, l&#039;automazione ... e molto altro!","publisher":{"@id":"https:\/\/www.benchmarkemail.com\/it\/#organization"},"potentialAction":[{"@type":"SearchAction","target":{"@type":"EntryPoint","urlTemplate":"https:\/\/www.benchmarkemail.com\/it\/?s={search_term_string}"},"query-input":{"@type":"PropertyValueSpecification","valueRequired":true,"valueName":"search_term_string"}}],"inLanguage":"en-US"},{"@type":"Organization","@id":"https:\/\/www.benchmarkemail.com\/it\/#organization","name":"Benchmark Internet Group, LLC","url":"https:\/\/www.benchmarkemail.com\/it\/","logo":{"@type":"ImageObject","inLanguage":"en-US","@id":"https:\/\/www.benchmarkemail.com\/it\/#\/schema\/logo\/image\/","url":"https:\/\/www.benchmarkemail.com\/it\/wp-content\/uploads\/sites\/7\/2019\/09\/benchmark-logo.svg","contentUrl":"https:\/\/www.benchmarkemail.com\/it\/wp-content\/uploads\/sites\/7\/2019\/09\/benchmark-logo.svg","width":1,"height":1,"caption":"Benchmark Internet Group, LLC"},"image":{"@id":"https:\/\/www.benchmarkemail.com\/it\/#\/schema\/logo\/image\/"},"sameAs":["https:\/\/www.facebook.com\/BenchmarkEmail","https:\/\/x.com\/benchmarkemail","https:\/\/www.instagram.com\/benchmarkemail\/","https:\/\/www.linkedin.com\/company\/benchmark-email\/","https:\/\/www.youtube.com\/channel\/UCVInnPuEMisNE8mXRTC9-Uw"]}]}},"_links":{"self":[{"href":"https:\/\/www.benchmarkemail.com\/it\/wp-json\/wp\/v2\/pages\/450","targetHints":{"allow":["GET"]}}],"collection":[{"href":"https:\/\/www.benchmarkemail.com\/it\/wp-json\/wp\/v2\/pages"}],"about":[{"href":"https:\/\/www.benchmarkemail.com\/it\/wp-json\/wp\/v2\/types\/page"}],"author":[{"embeddable":true,"href":"https:\/\/www.benchmarkemail.com\/it\/wp-json\/wp\/v2\/users\/3"}],"replies":[{"embeddable":true,"href":"https:\/\/www.benchmarkemail.com\/it\/wp-json\/wp\/v2\/comments?post=450"}],"version-history":[{"count":0,"href":"https:\/\/www.benchmarkemail.com\/it\/wp-json\/wp\/v2\/pages\/450\/revisions"}],"up":[{"embeddable":true,"href":"https:\/\/www.benchmarkemail.com\/it\/wp-json\/wp\/v2\/pages\/68"}],"wp:attachment":[{"href":"https:\/\/www.benchmarkemail.com\/it\/wp-json\/wp\/v2\/media?parent=450"}],"curies":[{"name":"wp","href":"https:\/\/api.w.org\/{rel}","templated":true}]}}