{"id":48609,"date":"2025-11-25T16:12:17","date_gmt":"2025-11-25T16:12:17","guid":{"rendered":"https:\/\/www.benchmarkemail.com\/it\/?page_id=48609"},"modified":"2025-12-03T09:43:08","modified_gmt":"2025-12-03T09:43:08","slug":"mobile-checklist","status":"publish","type":"page","link":"https:\/\/www.benchmarkemail.com\/it\/12-days-of-benchmark\/mobile-checklist\/","title":{"rendered":"Lista di controllo per email natalizie ottimizzate per dispositivi mobili"},"content":{"rendered":"\n<h1>\n\t\t\tLista di controllo per email natalizie ottimizzate per dispositivi mobili\t<\/h1>\n\t<p>Pi\u00f9 della met\u00e0 del tuo pubblico controlla le email sul proprio telefono. Questo significa che se il tuo design non \u00e8 ottimizzato per dispositivi mobili, potresti perdere clic (e vendite) durante il periodo pi\u00f9 intenso dell&#8217;anno.<\/p>\n<h3>\n\t\t\tIl regalo di oggi:\t<\/h3>\n\t<p>una semplice checklist per le festivit\u00e0 per assicurarti che le tue campagne abbiano lo stesso aspetto sui dispositivi mobili e sui computer desktop.<\/p>\n<h3>\n\t\t\tLa checklist\t<\/h3>\n\t<section id=\"metrics\">\n    <!--box-->\n             Mantieni brevi le righe dell&#8217;oggetto\n  Cerca di non superare i 35 caratteri, in modo che non vengano troncate.\n<!--box end-->\n<!-- 2 -->\n     Usa pulsanti grandi e facili da toccare\n       Crea CTA di almeno 44 px di altezza, facili da toccare anche con i guanti.\n    <!-- 3 -->\n      I layout a colonna singola funzionano meglio\n        I design pi\u00f9 semplici si caricano pi\u00f9 velocemente e scorrono pi\u00f9 facilmente sui dispositivi mobili.\n      <!-- 4 -->\n       Bilancia testo e immagini\n       Evita immagini di grandi dimensioni che si riducono a dimensioni illeggibili.\n      <!-- 5 -->\n       Usa caratteri leggibili\nMinimo 14 px per il testo del corpo, 20 px o pi\u00f9 per i titoli.      \n      <!-- 66 -->\nProva su pi\u00f9 dispositivi      \nCi\u00f2 che sembra perfetto su un iPhone potrebbe non funzionare su Android.      \n      <!-- 5 -->\nControlla le dimensioni dei file      \nComprimi le immagini in modo che le email si carichino velocemente, anche sul Wi-Fi delle vacanze.      \n<\/section> \n\t<p>Prima di inviare la tua prossima campagna, dai un&#8217;occhiata a questa lista di controllo: ci vuole solo un minuto, ma fa una grande differenza.<\/p>\n\n","protected":false},"excerpt":{"rendered":"<p>Lista di controllo per email natalizie ottimizzate per dispositivi mobili Pi\u00f9 della met\u00e0 del tuo pubblico controlla le email sul proprio telefono. Questo significa che se il tuo design non \u00e8 ottimizzato per dispositivi mobili, potresti perdere clic (e vendite) durante il periodo pi\u00f9 intenso dell&#8217;anno. Il regalo di oggi: una semplice checklist per le&hellip;<\/p>\n","protected":false},"author":7,"featured_media":0,"parent":48205,"menu_order":0,"comment_status":"closed","ping_status":"closed","template":"","meta":{"inline_featured_image":false,"footnotes":""},"class_list":["post-48609","page","type-page","status-publish","hentry"],"yoast_head":"<!-- This site is optimized with the Yoast SEO plugin v27.5 - https:\/\/yoast.com\/product\/yoast-seo-wordpress\/ -->\n<title>Lista di controllo per email natalizie ottimizzate per dispositivi mobili - Benchmark Email<\/title>\n<meta name=\"description\" content=\"Prendi la tua lista di controllo per campagne natalizie ottimizzate per dispositivi mobili e assicurati che tutte le campagne email che invii in questo periodo siano ottimizzate per dispositivi mobili.\" \/>\n<meta name=\"robots\" content=\"index, follow, max-snippet:-1, max-image-preview:large, max-video-preview:-1\" \/>\n<link rel=\"canonical\" href=\"https:\/\/www.benchmarkemail.com\/it\/12-days-of-benchmark\/mobile-checklist\/\" \/>\n<meta property=\"og:locale\" content=\"en_US\" \/>\n<meta property=\"og:type\" content=\"article\" \/>\n<meta property=\"og:title\" content=\"Lista di controllo per email natalizie ottimizzate per dispositivi mobili - Benchmark Email\" \/>\n<meta property=\"og:description\" content=\"Prendi la tua lista di controllo per campagne natalizie ottimizzate per dispositivi mobili e assicurati che tutte le campagne email che invii in questo periodo siano ottimizzate per dispositivi mobili.\" \/>\n<meta property=\"og:url\" content=\"https:\/\/www.benchmarkemail.com\/it\/12-days-of-benchmark\/mobile-checklist\/\" \/>\n<meta property=\"og:site_name\" content=\"Benchmark Email in italiano\" \/>\n<meta property=\"article:publisher\" content=\"https:\/\/www.facebook.com\/BenchmarkEmail\" \/>\n<meta property=\"article:modified_time\" content=\"2025-12-03T09:43:08+00:00\" \/>\n<meta name=\"twitter:card\" content=\"summary_large_image\" \/>\n<meta name=\"twitter:site\" content=\"@benchmarkemail\" \/>\n<meta name=\"twitter:label1\" content=\"Est. reading time\" \/>\n\t<meta name=\"twitter:data1\" content=\"1 minute\" \/>\n<script type=\"application\/ld+json\" class=\"yoast-schema-graph\">{\"@context\":\"https:\\\/\\\/schema.org\",\"@graph\":[{\"@type\":\"WebPage\",\"@id\":\"https:\\\/\\\/www.benchmarkemail.com\\\/it\\\/12-days-of-benchmark\\\/mobile-checklist\\\/\",\"url\":\"https:\\\/\\\/www.benchmarkemail.com\\\/it\\\/12-days-of-benchmark\\\/mobile-checklist\\\/\",\"name\":\"Lista di controllo per email natalizie ottimizzate per dispositivi mobili - Benchmark Email\",\"isPartOf\":{\"@id\":\"https:\\\/\\\/www.benchmarkemail.com\\\/it\\\/#website\"},\"datePublished\":\"2025-11-25T16:12:17+00:00\",\"dateModified\":\"2025-12-03T09:43:08+00:00\",\"description\":\"Prendi la tua lista di controllo per campagne natalizie ottimizzate per dispositivi mobili e assicurati che tutte le campagne email che invii in questo periodo siano ottimizzate per dispositivi mobili.\",\"breadcrumb\":{\"@id\":\"https:\\\/\\\/www.benchmarkemail.com\\\/it\\\/12-days-of-benchmark\\\/mobile-checklist\\\/#breadcrumb\"},\"inLanguage\":\"en-US\",\"potentialAction\":[{\"@type\":\"ReadAction\",\"target\":[\"https:\\\/\\\/www.benchmarkemail.com\\\/it\\\/12-days-of-benchmark\\\/mobile-checklist\\\/\"]}]},{\"@type\":\"BreadcrumbList\",\"@id\":\"https:\\\/\\\/www.benchmarkemail.com\\\/it\\\/12-days-of-benchmark\\\/mobile-checklist\\\/#breadcrumb\",\"itemListElement\":[{\"@type\":\"ListItem\",\"position\":1,\"name\":\"Home\",\"item\":\"https:\\\/\\\/www.benchmarkemail.com\\\/it\\\/\"},{\"@type\":\"ListItem\",\"position\":2,\"name\":\"12 giorni di regali natalizi &#8211; Benchmark Email\",\"item\":\"https:\\\/\\\/www.benchmarkemail.com\\\/it\\\/12-days-of-benchmark\\\/\"},{\"@type\":\"ListItem\",\"position\":3,\"name\":\"Lista di controllo per email natalizie ottimizzate per dispositivi mobili\"}]},{\"@type\":\"WebSite\",\"@id\":\"https:\\\/\\\/www.benchmarkemail.com\\\/it\\\/#website\",\"url\":\"https:\\\/\\\/www.benchmarkemail.com\\\/it\\\/\",\"name\":\"Benchmark Email in italiano\",\"description\":\"Strumento di marketing digitale. Impara con noi l&#039;email marketing, l&#039;acquisizione di lead, l&#039;automazione ... e molto altro!\",\"publisher\":{\"@id\":\"https:\\\/\\\/www.benchmarkemail.com\\\/it\\\/#organization\"},\"potentialAction\":[{\"@type\":\"SearchAction\",\"target\":{\"@type\":\"EntryPoint\",\"urlTemplate\":\"https:\\\/\\\/www.benchmarkemail.com\\\/it\\\/?s={search_term_string}\"},\"query-input\":{\"@type\":\"PropertyValueSpecification\",\"valueRequired\":true,\"valueName\":\"search_term_string\"}}],\"inLanguage\":\"en-US\"},{\"@type\":\"Organization\",\"@id\":\"https:\\\/\\\/www.benchmarkemail.com\\\/it\\\/#organization\",\"name\":\"Benchmark Internet Group, LLC\",\"url\":\"https:\\\/\\\/www.benchmarkemail.com\\\/it\\\/\",\"logo\":{\"@type\":\"ImageObject\",\"inLanguage\":\"en-US\",\"@id\":\"https:\\\/\\\/www.benchmarkemail.com\\\/it\\\/#\\\/schema\\\/logo\\\/image\\\/\",\"url\":\"https:\\\/\\\/www.benchmarkemail.com\\\/it\\\/wp-content\\\/uploads\\\/sites\\\/7\\\/2019\\\/09\\\/benchmark-logo.svg\",\"contentUrl\":\"https:\\\/\\\/www.benchmarkemail.com\\\/it\\\/wp-content\\\/uploads\\\/sites\\\/7\\\/2019\\\/09\\\/benchmark-logo.svg\",\"width\":1,\"height\":1,\"caption\":\"Benchmark Internet Group, LLC\"},\"image\":{\"@id\":\"https:\\\/\\\/www.benchmarkemail.com\\\/it\\\/#\\\/schema\\\/logo\\\/image\\\/\"},\"sameAs\":[\"https:\\\/\\\/www.facebook.com\\\/BenchmarkEmail\",\"https:\\\/\\\/x.com\\\/benchmarkemail\",\"https:\\\/\\\/www.instagram.com\\\/benchmarkemail\\\/\",\"https:\\\/\\\/www.linkedin.com\\\/company\\\/benchmark-email\\\/\",\"https:\\\/\\\/www.youtube.com\\\/channel\\\/UCVInnPuEMisNE8mXRTC9-Uw\"]}]}<\/script>\n<!-- \/ Yoast SEO plugin. -->","yoast_head_json":{"title":"Lista di controllo per email natalizie ottimizzate per dispositivi mobili - Benchmark Email","description":"Prendi la tua lista di controllo per campagne natalizie ottimizzate per dispositivi mobili e assicurati che tutte le campagne email che invii in questo periodo siano ottimizzate per dispositivi mobili.","robots":{"index":"index","follow":"follow","max-snippet":"max-snippet:-1","max-image-preview":"max-image-preview:large","max-video-preview":"max-video-preview:-1"},"canonical":"https:\/\/www.benchmarkemail.com\/it\/12-days-of-benchmark\/mobile-checklist\/","og_locale":"en_US","og_type":"article","og_title":"Lista di controllo per email natalizie ottimizzate per dispositivi mobili - Benchmark Email","og_description":"Prendi la tua lista di controllo per campagne natalizie ottimizzate per dispositivi mobili e assicurati che tutte le campagne email che invii in questo periodo siano ottimizzate per dispositivi mobili.","og_url":"https:\/\/www.benchmarkemail.com\/it\/12-days-of-benchmark\/mobile-checklist\/","og_site_name":"Benchmark Email in italiano","article_publisher":"https:\/\/www.facebook.com\/BenchmarkEmail","article_modified_time":"2025-12-03T09:43:08+00:00","twitter_card":"summary_large_image","twitter_site":"@benchmarkemail","twitter_misc":{"Est. reading time":"1 minute"},"schema":{"@context":"https:\/\/schema.org","@graph":[{"@type":"WebPage","@id":"https:\/\/www.benchmarkemail.com\/it\/12-days-of-benchmark\/mobile-checklist\/","url":"https:\/\/www.benchmarkemail.com\/it\/12-days-of-benchmark\/mobile-checklist\/","name":"Lista di controllo per email natalizie ottimizzate per dispositivi mobili - Benchmark Email","isPartOf":{"@id":"https:\/\/www.benchmarkemail.com\/it\/#website"},"datePublished":"2025-11-25T16:12:17+00:00","dateModified":"2025-12-03T09:43:08+00:00","description":"Prendi la tua lista di controllo per campagne natalizie ottimizzate per dispositivi mobili e assicurati che tutte le campagne email che invii in questo periodo siano ottimizzate per dispositivi mobili.","breadcrumb":{"@id":"https:\/\/www.benchmarkemail.com\/it\/12-days-of-benchmark\/mobile-checklist\/#breadcrumb"},"inLanguage":"en-US","potentialAction":[{"@type":"ReadAction","target":["https:\/\/www.benchmarkemail.com\/it\/12-days-of-benchmark\/mobile-checklist\/"]}]},{"@type":"BreadcrumbList","@id":"https:\/\/www.benchmarkemail.com\/it\/12-days-of-benchmark\/mobile-checklist\/#breadcrumb","itemListElement":[{"@type":"ListItem","position":1,"name":"Home","item":"https:\/\/www.benchmarkemail.com\/it\/"},{"@type":"ListItem","position":2,"name":"12 giorni di regali natalizi &#8211; Benchmark Email","item":"https:\/\/www.benchmarkemail.com\/it\/12-days-of-benchmark\/"},{"@type":"ListItem","position":3,"name":"Lista di controllo per email natalizie ottimizzate per dispositivi mobili"}]},{"@type":"WebSite","@id":"https:\/\/www.benchmarkemail.com\/it\/#website","url":"https:\/\/www.benchmarkemail.com\/it\/","name":"Benchmark Email in italiano","description":"Strumento di marketing digitale. Impara con noi l&#039;email marketing, l&#039;acquisizione di lead, l&#039;automazione ... e molto altro!","publisher":{"@id":"https:\/\/www.benchmarkemail.com\/it\/#organization"},"potentialAction":[{"@type":"SearchAction","target":{"@type":"EntryPoint","urlTemplate":"https:\/\/www.benchmarkemail.com\/it\/?s={search_term_string}"},"query-input":{"@type":"PropertyValueSpecification","valueRequired":true,"valueName":"search_term_string"}}],"inLanguage":"en-US"},{"@type":"Organization","@id":"https:\/\/www.benchmarkemail.com\/it\/#organization","name":"Benchmark Internet Group, LLC","url":"https:\/\/www.benchmarkemail.com\/it\/","logo":{"@type":"ImageObject","inLanguage":"en-US","@id":"https:\/\/www.benchmarkemail.com\/it\/#\/schema\/logo\/image\/","url":"https:\/\/www.benchmarkemail.com\/it\/wp-content\/uploads\/sites\/7\/2019\/09\/benchmark-logo.svg","contentUrl":"https:\/\/www.benchmarkemail.com\/it\/wp-content\/uploads\/sites\/7\/2019\/09\/benchmark-logo.svg","width":1,"height":1,"caption":"Benchmark Internet Group, LLC"},"image":{"@id":"https:\/\/www.benchmarkemail.com\/it\/#\/schema\/logo\/image\/"},"sameAs":["https:\/\/www.facebook.com\/BenchmarkEmail","https:\/\/x.com\/benchmarkemail","https:\/\/www.instagram.com\/benchmarkemail\/","https:\/\/www.linkedin.com\/company\/benchmark-email\/","https:\/\/www.youtube.com\/channel\/UCVInnPuEMisNE8mXRTC9-Uw"]}]}},"_links":{"self":[{"href":"https:\/\/www.benchmarkemail.com\/it\/wp-json\/wp\/v2\/pages\/48609","targetHints":{"allow":["GET"]}}],"collection":[{"href":"https:\/\/www.benchmarkemail.com\/it\/wp-json\/wp\/v2\/pages"}],"about":[{"href":"https:\/\/www.benchmarkemail.com\/it\/wp-json\/wp\/v2\/types\/page"}],"author":[{"embeddable":true,"href":"https:\/\/www.benchmarkemail.com\/it\/wp-json\/wp\/v2\/users\/7"}],"replies":[{"embeddable":true,"href":"https:\/\/www.benchmarkemail.com\/it\/wp-json\/wp\/v2\/comments?post=48609"}],"version-history":[{"count":0,"href":"https:\/\/www.benchmarkemail.com\/it\/wp-json\/wp\/v2\/pages\/48609\/revisions"}],"up":[{"embeddable":true,"href":"https:\/\/www.benchmarkemail.com\/it\/wp-json\/wp\/v2\/pages\/48205"}],"wp:attachment":[{"href":"https:\/\/www.benchmarkemail.com\/it\/wp-json\/wp\/v2\/media?parent=48609"}],"curies":[{"name":"wp","href":"https:\/\/api.w.org\/{rel}","templated":true}]}}